{"id":197,"date":"2025-02-27T07:13:26","date_gmt":"2025-02-27T07:13:26","guid":{"rendered":"https:\/\/kem-europe.eu\/?page_id=197"},"modified":"2025-03-13T11:11:58","modified_gmt":"2025-03-13T11:11:58","slug":"di-star-zentrierhilfe-verschiedene-laengen","status":"publish","type":"page","link":"https:\/\/kem-europe.eu\/de\/dealer-informatie\/","title":{"rendered":"H\u00c4NDLERINFORMATIONEN"},"content":{"rendered":"\n<div class=\"wp-block-columns is-layout-flex wp-container-core-columns-is-layout-28f84493 wp-block-columns-is-layout-flex\">\n<div class=\"wp-block-column is-layout-flow wp-block-column-is-layout-flow\">\n<h2 class=\"wp-block-heading\">Dealer worden?<\/h2>\n\n\n\n<p>Wilt u dealer worden van \u00e9\u00e9n of meerdere van onze merken? Wij bieden hoogwaardige producten en uitgebreide ondersteuning voor onze partners. Neem contact met ons op en ontdek de mogelijkheden!<\/p>\n\n\n<style id=\"wpforms-css-vars-5788-block-570be4e8-6508-409e-8df8-b83836f1e972\">\n\t\t\t\t#wpforms-5788.wpforms-block-570be4e8-6508-409e-8df8-b83836f1e972 {\n\t\t\t\t--wpforms-button-background-color: var(--theme-palette-color-2, #e30813);\n--wpforms-field-size-input-height: 43px;\n--wpforms-field-size-input-spacing: 15px;\n--wpforms-field-size-font-size: 16px;\n--wpforms-field-size-line-height: 19px;\n--wpforms-field-size-padding-h: 14px;\n--wpforms-field-size-checkbox-size: 16px;\n--wpforms-field-size-sublabel-spacing: 5px;\n--wpforms-field-size-icon-size: 1;\n--wpforms-label-size-font-size: 16px;\n--wpforms-label-size-line-height: 19px;\n--wpforms-label-size-sublabel-font-size: 14px;\n--wpforms-label-size-sublabel-line-height: 17px;\n--wpforms-button-size-font-size: 17px;\n--wpforms-button-size-height: 41px;\n--wpforms-button-size-padding-h: 15px;\n--wpforms-button-size-margin-top: 10px;\n\t\t\t}\n\t\t\t<\/style><div class=\"wpforms-container wpforms-container-full wpforms-block wpforms-block-570be4e8-6508-409e-8df8-b83836f1e972 wpforms-render-modern\" id=\"wpforms-5788\"><form id=\"wpforms-form-5788\" class=\"wpforms-validate wpforms-form wpforms-ajax-form\" data-formid=\"5788\" method=\"post\" enctype=\"multipart\/form-data\" action=\"\/de\/wp-json\/wp\/v2\/pages\/197\" data-token=\"01323abc2399b2ef3fa96fccacf556d1\" data-token-time=\"1775457625\"><noscript class=\"wpforms-error-noscript\">Bitte aktivieren Sie JavaScript in Ihrem Browser, um dieses Formular fertigzustellen.<\/noscript><div id=\"wpforms-error-noscript\" style=\"display: none;\">Bitte aktivieren Sie JavaScript in Ihrem Browser, um dieses Formular fertigzustellen.<\/div><div class=\"wpforms-field-container\"><div id=\"wpforms-5788-field_1-container\" class=\"wpforms-field wpforms-field-text\" data-field-id=\"1\"><label class=\"wpforms-field-label\" for=\"wpforms-5788-field_1\">Bedrijfsnaam <span class=\"wpforms-required-label\" aria-hidden=\"true\">*<\/span><\/label><input type=\"text\" id=\"wpforms-5788-field_1\" class=\"wpforms-field-large wpforms-field-required\" name=\"wpforms[fields][1]\" aria-errormessage=\"wpforms-5788-field_1-error\" required><\/div>\t\t<div id=\"wpforms-5788-field_4-container\"\n\t\t\tclass=\"wpforms-field wpforms-field-text\"\n\t\t\tdata-field-type=\"text\"\n\t\t\tdata-field-id=\"4\"\n\t\t\t>\n\t\t\t<label class=\"wpforms-field-label\" for=\"wpforms-5788-field_4\" >Dealer Telefoonnummer van:<\/label>\n\t\t\t<input type=\"text\" id=\"wpforms-5788-field_4\" class=\"wpforms-field-medium\" name=\"wpforms[fields][4]\" >\n\t\t<\/div>\n\t\t<div id=\"wpforms-5788-field_2-container\" class=\"wpforms-field wpforms-field-name\" data-field-id=\"2\"><fieldset><legend class=\"wpforms-field-label\">Naam <span class=\"wpforms-required-label\" aria-hidden=\"true\">*<\/span><\/legend><div class=\"wpforms-field-row wpforms-field-large\"><div class=\"wpforms-field-row-block wpforms-first wpforms-one-half\"><input type=\"text\" id=\"wpforms-5788-field_2\" class=\"wpforms-field-name-first wpforms-field-required\" name=\"wpforms[fields][2][first]\" aria-errormessage=\"wpforms-5788-field_2-error\" required><label for=\"wpforms-5788-field_2\" class=\"wpforms-field-sublabel after\">Vorname<\/label><\/div><div class=\"wpforms-field-row-block wpforms-one-half\"><input type=\"text\" id=\"wpforms-5788-field_2-last\" class=\"wpforms-field-name-last wpforms-field-required\" name=\"wpforms[fields][2][last]\" aria-errormessage=\"wpforms-5788-field_2-last-error\" required><label for=\"wpforms-5788-field_2-last\" class=\"wpforms-field-sublabel after\">Nachname<\/label><\/div><\/div><\/fieldset><\/div><div id=\"wpforms-5788-field_3-container\" class=\"wpforms-field wpforms-field-email\" data-field-id=\"3\"><label class=\"wpforms-field-label\" for=\"wpforms-5788-field_3\">E-mail <span class=\"wpforms-required-label\" aria-hidden=\"true\">*<\/span><\/label><input type=\"email\" id=\"wpforms-5788-field_3\" class=\"wpforms-field-large wpforms-field-required\" name=\"wpforms[fields][3]\" spellcheck=\"false\" aria-errormessage=\"wpforms-5788-field_3-error\" required><\/div><div id=\"wpforms-5788-field_5-container\" class=\"wpforms-field wpforms-field-text\" data-field-id=\"5\"><label class=\"wpforms-field-label\" for=\"wpforms-5788-field_5\">Telefoonnummer <span class=\"wpforms-required-label\" aria-hidden=\"true\">*<\/span><\/label><input type=\"text\" id=\"wpforms-5788-field_5\" class=\"wpforms-field-large wpforms-field-required\" name=\"wpforms[fields][5]\" aria-errormessage=\"wpforms-5788-field_5-error\" required><\/div><div id=\"wpforms-5788-field_6-container\" class=\"wpforms-field wpforms-field-checkbox\" data-field-id=\"6\"><fieldset><legend class=\"wpforms-field-label\">Dealer worden van: <span class=\"wpforms-required-label\" aria-hidden=\"true\">*<\/span><\/legend><ul id=\"wpforms-5788-field_6\" class=\"wpforms-field-required\"><li class=\"choice-1 depth-1\"><input type=\"checkbox\" id=\"wpforms-5788-field_6_1\" name=\"wpforms[fields][6][]\" value=\"BAIER\" aria-errormessage=\"wpforms-5788-field_6_1-error\" required ><label class=\"wpforms-field-label-inline\" for=\"wpforms-5788-field_6_1\">BAIER<\/label><\/li><li class=\"choice-2 depth-1\"><input type=\"checkbox\" id=\"wpforms-5788-field_6_2\" name=\"wpforms[fields][6][]\" value=\"BYCON\" aria-errormessage=\"wpforms-5788-field_6_2-error\" required ><label class=\"wpforms-field-label-inline\" for=\"wpforms-5788-field_6_2\">BYCON<\/label><\/li><li class=\"choice-3 depth-1\"><input type=\"checkbox\" id=\"wpforms-5788-field_6_3\" name=\"wpforms[fields][6][]\" value=\"DCK\" aria-errormessage=\"wpforms-5788-field_6_3-error\" required ><label class=\"wpforms-field-label-inline\" for=\"wpforms-5788-field_6_3\">DCK<\/label><\/li><li class=\"choice-4 depth-1\"><input type=\"checkbox\" id=\"wpforms-5788-field_6_4\" name=\"wpforms[fields][6][]\" value=\"DISTAR\" aria-errormessage=\"wpforms-5788-field_6_4-error\" required ><label class=\"wpforms-field-label-inline\" for=\"wpforms-5788-field_6_4\">DISTAR<\/label><\/li><li class=\"choice-5 depth-1\"><input type=\"checkbox\" id=\"wpforms-5788-field_6_5\" name=\"wpforms[fields][6][]\" value=\"D&#039;Orly\" aria-errormessage=\"wpforms-5788-field_6_5-error\" required ><label class=\"wpforms-field-label-inline\" for=\"wpforms-5788-field_6_5\">D&#8217;Orly<\/label><\/li><li class=\"choice-6 depth-1\"><input type=\"checkbox\" id=\"wpforms-5788-field_6_6\" name=\"wpforms[fields][6][]\" value=\"GLOBE\" aria-errormessage=\"wpforms-5788-field_6_6-error\" required ><label class=\"wpforms-field-label-inline\" for=\"wpforms-5788-field_6_6\">GLOBE<\/label><\/li><li class=\"choice-7 depth-1\"><input type=\"checkbox\" id=\"wpforms-5788-field_6_7\" name=\"wpforms[fields][6][]\" value=\"FEMI\" aria-errormessage=\"wpforms-5788-field_6_7-error\" required ><label class=\"wpforms-field-label-inline\" for=\"wpforms-5788-field_6_7\">FEMI<\/label><\/li><li class=\"choice-8 depth-1\"><input type=\"checkbox\" id=\"wpforms-5788-field_6_8\" name=\"wpforms[fields][6][]\" value=\"LENOX\" aria-errormessage=\"wpforms-5788-field_6_8-error\" required ><label class=\"wpforms-field-label-inline\" for=\"wpforms-5788-field_6_8\">LENOX<\/label><\/li><li class=\"choice-9 depth-1\"><input type=\"checkbox\" id=\"wpforms-5788-field_6_9\" name=\"wpforms[fields][6][]\" value=\"KEYANG\" aria-errormessage=\"wpforms-5788-field_6_9-error\" required ><label class=\"wpforms-field-label-inline\" for=\"wpforms-5788-field_6_9\">KEYANG<\/label><\/li><li class=\"choice-10 depth-1\"><input type=\"checkbox\" id=\"wpforms-5788-field_6_10\" name=\"wpforms[fields][6][]\" value=\"URKO\" aria-errormessage=\"wpforms-5788-field_6_10-error\" required ><label class=\"wpforms-field-label-inline\" for=\"wpforms-5788-field_6_10\">URKO<\/label><\/li><\/ul><\/fieldset><\/div><div id=\"wpforms-5788-field_7-container\" class=\"wpforms-field wpforms-field-textarea\" data-field-id=\"7\"><label class=\"wpforms-field-label\" for=\"wpforms-5788-field_7\">Toelichting <span class=\"wpforms-required-label\" aria-hidden=\"true\">*<\/span><\/label><textarea id=\"wpforms-5788-field_7\" class=\"wpforms-field-medium wpforms-field-required\" name=\"wpforms[fields][7]\" aria-errormessage=\"wpforms-5788-field_7-error\" required><\/textarea><\/div><script>\n\t\t\t\t( function() {\n\t\t\t\t\tconst style = document.createElement( 'style' );\n\t\t\t\t\tstyle.appendChild( document.createTextNode( '#wpforms-5788-field_4-container { position: absolute !important; overflow: hidden !important; display: inline !important; height: 1px !important; width: 1px !important; z-index: -1000 !important; padding: 0 !important; } #wpforms-5788-field_4-container input { visibility: hidden; } #wpforms-conversational-form-page #wpforms-5788-field_4-container label { counter-increment: none; }' ) );\n\t\t\t\t\tdocument.head.appendChild( style );\n\t\t\t\t\tdocument.currentScript?.remove();\n\t\t\t\t} )();\n\t\t\t<\/script><\/div><!-- .wpforms-field-container --><div class=\"wpforms-submit-container\" ><input type=\"hidden\" name=\"wpforms[id]\" value=\"5788\"><input type=\"hidden\" name=\"page_title\" value=\"\"><input type=\"hidden\" name=\"page_url\" value=\"https:\/\/kem-europe.eu\/de\/wp-json\/wp\/v2\/pages\/197\"><input type=\"hidden\" name=\"url_referer\" value=\"\"><button type=\"submit\" name=\"wpforms[submit]\" id=\"wpforms-submit-5788\" class=\"wpforms-submit\" data-alt-text=\"Verzenden...\" data-submit-text=\"Verzend\" aria-live=\"assertive\" value=\"wpforms-submit\">Verzend<\/button><img loading=\"lazy\" decoding=\"async\" src=\"https:\/\/kem-europe.eu\/wp-content\/plugins\/wpforms-lite\/assets\/images\/submit-spin.svg\" class=\"wpforms-submit-spinner\" style=\"display: none;\" width=\"26\" height=\"26\" alt=\"Wird geladen\"><\/div><\/form><\/div>  <!-- .wpforms-container --><\/div>\n\n\n\n<div class=\"wp-block-column has-palette-color-1-background-color has-background is-layout-flow wp-block-column-is-layout-flow\" style=\"flex-basis:10px\"><\/div>\n\n\n\n<div class=\"wp-block-column is-layout-flow wp-block-column-is-layout-flow\">\n<h2 class=\"wp-block-heading\">Vind een dealer bij u in de buurt:<\/h2>\n\n\n<style>\r\n\t#wpsl-stores .wpsl-store-thumb {height:45px !important; width:45px !important;}\r\n\t#wpsl-stores, #wpsl-direction-details, #wpsl-gmap {height:750px !important;}\r\n\t#wpsl-gmap .wpsl-info-window {max-width:225px !important;}\r\n\t.wpsl-input label, #wpsl-radius label, #wpsl-category label {width:95px;}\r\n\t#wpsl-search-input  {width:179px;}\r\n<\/style>\r\n<div id=\"wpsl-wrap\">\r\n\t<div class=\"wpsl-search wpsl-clearfix wpsl-no-filters\">\r\n\t\t<div id=\"wpsl-search-wrap\">\r\n\t\t\t<form autocomplete=\"off\">\r\n\t\t\t<div class=\"wpsl-input\">\r\n\t\t\t\t<div><label for=\"wpsl-search-input\">Uw locatie<\/label><\/div>\r\n\t\t\t\t<input id=\"wpsl-search-input\" type=\"text\" value=\"\" name=\"wpsl-search-input\" placeholder=\"\" aria-required=\"true\" \/>\r\n\t\t\t<\/div>\r\n\t\t\t\t<div class=\"wpsl-search-btn-wrap\"><input id=\"wpsl-search-btn\" type=\"submit\" value=\"Zoek\"><\/div>\r\n\t\t<\/form>\r\n\t\t<\/div>\r\n\t<\/div>\r\n\t<div id=\"wpsl-gmap\" class=\"wpsl-gmap-canvas\"><\/div>\r\n\t<div id=\"wpsl-result-list\">\r\n\t\t<div id=\"wpsl-stores\" >\r\n\t\t\t<ul><\/ul>\r\n\t\t<\/div>\r\n\t\t<div id=\"wpsl-direction-details\">\r\n\t\t\t<ul><\/ul>\r\n\t\t<\/div>\r\n\t<\/div>\r\n<\/div>\r\n\n<\/div>\n<\/div>\n","protected":false},"excerpt":{"rendered":"<p>H\u00e4ndler werden? M\u00f6chten Sie H\u00e4ndler einer oder mehrerer unserer Marken werden? Wir bieten unseren Partnern hochwertige Produkte und umfassende Unterst\u00fctzung. Nehmen Sie Kontakt mit uns auf und entdecken Sie die M\u00f6glichkeiten! Finden Sie einen H\u00e4ndler in Ihrer N\u00e4he:<\/p>","protected":false},"author":1,"featured_media":0,"parent":0,"menu_order":0,"comment_status":"closed","ping_status":"closed","template":"","meta":{"footnotes":""},"class_list":["post-197","page","type-page","status-publish","hentry"],"blocksy_meta":[],"yoast_head":"<!-- This site is optimized with the Yoast SEO plugin v27.3 - https:\/\/yoast.com\/product\/yoast-seo-wordpress\/ -->\n<title>Dealer Worden bij KEM Europe | Overzicht &amp; Informatie<\/title>\n<meta name=\"description\" content=\"Wilt u dealer worden van KEM Europe? Bekijk de voordelen, het overzicht van bestaande dealers en locaties. Neem contact op voor meer info.\" \/>\n<meta name=\"robots\" content=\"index, follow, max-snippet:-1, max-image-preview:large, max-video-preview:-1\" \/>\n<link rel=\"canonical\" href=\"https:\/\/kem-europe.eu\/de\/di-star-zentrierhilfe-verschiedene-laengen\/\" \/>\n<meta property=\"og:locale\" content=\"de_DE\" \/>\n<meta property=\"og:type\" content=\"article\" \/>\n<meta property=\"og:title\" content=\"Dealer Worden bij KEM Europe | Overzicht &amp; Informatie\" \/>\n<meta property=\"og:description\" content=\"Wilt u dealer worden van KEM Europe? Bekijk de voordelen, het overzicht van bestaande dealers en locaties. Neem contact op voor meer info.\" \/>\n<meta property=\"og:url\" content=\"https:\/\/kem-europe.eu\/de\/di-star-zentrierhilfe-verschiedene-laengen\/\" \/>\n<meta property=\"og:site_name\" content=\"KEM Europe\" \/>\n<meta property=\"article:modified_time\" content=\"2025-03-13T11:11:58+00:00\" \/>\n<meta name=\"twitter:card\" content=\"summary_large_image\" \/>\n<meta name=\"twitter:label1\" content=\"Gesch\u00e4tzte Lesezeit\" \/>\n\t<meta name=\"twitter:data1\" content=\"1\u00a0Minute\" \/>\n<script type=\"application\/ld+json\" class=\"yoast-schema-graph\">{\"@context\":\"https:\\\/\\\/schema.org\",\"@graph\":[{\"@type\":\"WebPage\",\"@id\":\"https:\\\/\\\/kem-europe.eu\\\/dealer-informatie\\\/\",\"url\":\"https:\\\/\\\/kem-europe.eu\\\/dealer-informatie\\\/\",\"name\":\"Dealer Worden bij KEM Europe | Overzicht & Informatie\",\"isPartOf\":{\"@id\":\"https:\\\/\\\/kem-europe.eu\\\/#website\"},\"datePublished\":\"2025-02-27T07:13:26+00:00\",\"dateModified\":\"2025-03-13T11:11:58+00:00\",\"description\":\"Wilt u dealer worden van KEM Europe? Bekijk de voordelen, het overzicht van bestaande dealers en locaties. Neem contact op voor meer info.\",\"breadcrumb\":{\"@id\":\"https:\\\/\\\/kem-europe.eu\\\/dealer-informatie\\\/#breadcrumb\"},\"inLanguage\":\"de\",\"potentialAction\":[{\"@type\":\"ReadAction\",\"target\":[\"https:\\\/\\\/kem-europe.eu\\\/dealer-informatie\\\/\"]}]},{\"@type\":\"BreadcrumbList\",\"@id\":\"https:\\\/\\\/kem-europe.eu\\\/dealer-informatie\\\/#breadcrumb\",\"itemListElement\":[{\"@type\":\"ListItem\",\"position\":1,\"name\":\"Home\",\"item\":\"https:\\\/\\\/kem-europe.eu\\\/\"},{\"@type\":\"ListItem\",\"position\":2,\"name\":\"DEALER INFORMATIE\"}]},{\"@type\":\"WebSite\",\"@id\":\"https:\\\/\\\/kem-europe.eu\\\/#website\",\"url\":\"https:\\\/\\\/kem-europe.eu\\\/\",\"name\":\"KEM Europe\",\"description\":\"\",\"publisher\":{\"@id\":\"https:\\\/\\\/kem-europe.eu\\\/#organization\"},\"potentialAction\":[{\"@type\":\"SearchAction\",\"target\":{\"@type\":\"EntryPoint\",\"urlTemplate\":\"https:\\\/\\\/kem-europe.eu\\\/?s={search_term_string}\"},\"query-input\":{\"@type\":\"PropertyValueSpecification\",\"valueRequired\":true,\"valueName\":\"search_term_string\"}}],\"inLanguage\":\"de\"},{\"@type\":\"Organization\",\"@id\":\"https:\\\/\\\/kem-europe.eu\\\/#organization\",\"name\":\"KEM Europe\",\"url\":\"https:\\\/\\\/kem-europe.eu\\\/\",\"logo\":{\"@type\":\"ImageObject\",\"inLanguage\":\"de\",\"@id\":\"https:\\\/\\\/kem-europe.eu\\\/#\\\/schema\\\/logo\\\/image\\\/\",\"url\":\"https:\\\/\\\/kem-europe.eu\\\/wp-content\\\/uploads\\\/2025\\\/02\\\/KEM2019-BLACK-1500W.png\",\"contentUrl\":\"https:\\\/\\\/kem-europe.eu\\\/wp-content\\\/uploads\\\/2025\\\/02\\\/KEM2019-BLACK-1500W.png\",\"width\":1500,\"height\":626,\"caption\":\"KEM Europe\"},\"image\":{\"@id\":\"https:\\\/\\\/kem-europe.eu\\\/#\\\/schema\\\/logo\\\/image\\\/\"}}]}<\/script>\n<!-- \/ Yoast SEO plugin. -->","yoast_head_json":{"title":"Werden Sie H\u00e4ndler bei KEM Europe | \u00dcbersicht &amp; Informationen","description":"M\u00f6chten Sie ein H\u00e4ndler von KEM Europe werden? Informieren Sie sich \u00fcber die Vorteile, die \u00dcbersicht der bestehenden H\u00e4ndler und die Standorte. Kontaktieren Sie uns f\u00fcr weitere Informationen.","robots":{"index":"index","follow":"follow","max-snippet":"max-snippet:-1","max-image-preview":"max-image-preview:large","max-video-preview":"max-video-preview:-1"},"canonical":"https:\/\/kem-europe.eu\/de\/di-star-zentrierhilfe-verschiedene-laengen\/","og_locale":"de_DE","og_type":"article","og_title":"Dealer Worden bij KEM Europe | Overzicht & Informatie","og_description":"Wilt u dealer worden van KEM Europe? Bekijk de voordelen, het overzicht van bestaande dealers en locaties. Neem contact op voor meer info.","og_url":"https:\/\/kem-europe.eu\/de\/di-star-zentrierhilfe-verschiedene-laengen\/","og_site_name":"KEM Europe","article_modified_time":"2025-03-13T11:11:58+00:00","twitter_card":"summary_large_image","twitter_misc":{"Gesch\u00e4tzte Lesezeit":"1\u00a0Minute"},"schema":{"@context":"https:\/\/schema.org","@graph":[{"@type":"WebPage","@id":"https:\/\/kem-europe.eu\/dealer-informatie\/","url":"https:\/\/kem-europe.eu\/dealer-informatie\/","name":"Werden Sie H\u00e4ndler bei KEM Europe | \u00dcbersicht &amp; Informationen","isPartOf":{"@id":"https:\/\/kem-europe.eu\/#website"},"datePublished":"2025-02-27T07:13:26+00:00","dateModified":"2025-03-13T11:11:58+00:00","description":"M\u00f6chten Sie ein H\u00e4ndler von KEM Europe werden? Informieren Sie sich \u00fcber die Vorteile, die \u00dcbersicht der bestehenden H\u00e4ndler und die Standorte. Kontaktieren Sie uns f\u00fcr weitere Informationen.","breadcrumb":{"@id":"https:\/\/kem-europe.eu\/dealer-informatie\/#breadcrumb"},"inLanguage":"de","potentialAction":[{"@type":"ReadAction","target":["https:\/\/kem-europe.eu\/dealer-informatie\/"]}]},{"@type":"BreadcrumbList","@id":"https:\/\/kem-europe.eu\/dealer-informatie\/#breadcrumb","itemListElement":[{"@type":"ListItem","position":1,"name":"Home","item":"https:\/\/kem-europe.eu\/"},{"@type":"ListItem","position":2,"name":"DEALER INFORMATIE"}]},{"@type":"WebSite","@id":"https:\/\/kem-europe.eu\/#website","url":"https:\/\/kem-europe.eu\/","name":"KEM Europe","description":"","publisher":{"@id":"https:\/\/kem-europe.eu\/#organization"},"potentialAction":[{"@type":"SearchAction","target":{"@type":"EntryPoint","urlTemplate":"https:\/\/kem-europe.eu\/?s={search_term_string}"},"query-input":{"@type":"PropertyValueSpecification","valueRequired":true,"valueName":"search_term_string"}}],"inLanguage":"de"},{"@type":"Organization","@id":"https:\/\/kem-europe.eu\/#organization","name":"KEM Europe","url":"https:\/\/kem-europe.eu\/","logo":{"@type":"ImageObject","inLanguage":"de","@id":"https:\/\/kem-europe.eu\/#\/schema\/logo\/image\/","url":"https:\/\/kem-europe.eu\/wp-content\/uploads\/2025\/02\/KEM2019-BLACK-1500W.png","contentUrl":"https:\/\/kem-europe.eu\/wp-content\/uploads\/2025\/02\/KEM2019-BLACK-1500W.png","width":1500,"height":626,"caption":"KEM Europe"},"image":{"@id":"https:\/\/kem-europe.eu\/#\/schema\/logo\/image\/"}}]}},"_links":{"self":[{"href":"https:\/\/kem-europe.eu\/de\/wp-json\/wp\/v2\/pages\/197","targetHints":{"allow":["GET"]}}],"collection":[{"href":"https:\/\/kem-europe.eu\/de\/wp-json\/wp\/v2\/pages"}],"about":[{"href":"https:\/\/kem-europe.eu\/de\/wp-json\/wp\/v2\/types\/page"}],"author":[{"embeddable":true,"href":"https:\/\/kem-europe.eu\/de\/wp-json\/wp\/v2\/users\/1"}],"replies":[{"embeddable":true,"href":"https:\/\/kem-europe.eu\/de\/wp-json\/wp\/v2\/comments?post=197"}],"version-history":[{"count":5,"href":"https:\/\/kem-europe.eu\/de\/wp-json\/wp\/v2\/pages\/197\/revisions"}],"predecessor-version":[{"id":5996,"href":"https:\/\/kem-europe.eu\/de\/wp-json\/wp\/v2\/pages\/197\/revisions\/5996"}],"wp:attachment":[{"href":"https:\/\/kem-europe.eu\/de\/wp-json\/wp\/v2\/media?parent=197"}],"curies":[{"name":"wp","href":"https:\/\/api.w.org\/{rel}","templated":true}]}}