{"id":1056,"date":"2025-02-27T08:19:31","date_gmt":"2025-02-27T08:19:31","guid":{"rendered":"https:\/\/kem-europe.eu\/?post_type=product&#038;p=1056"},"modified":"2025-05-26T11:34:31","modified_gmt":"2025-05-26T11:34:31","slug":"baier-bdn-466-6-mauernutfraese-2400w","status":"publish","type":"product","link":"https:\/\/kem-europe.eu\/de\/product\/baier-bdn-466-6-sleuvenzaagmachine-2400w\/","title":{"rendered":"Baier - BDN 466\/6 - Schlitzs\u00e4ge - 2400W"},"content":{"rendered":"<p><strong>Eigenschaften Baier - BDN 466\/6 - Schlitzs\u00e4ge - 2400w<\/strong><\/p>\n<ul>\n<li>Diamantfr\u00e4se mit 6 Diamantbl\u00e4ttern, so dass kein Ausstechen mehr n\u00f6tig ist!<\/li>\n<li>Zeit- und kostensparend: fertige Gr\u00e4ben in einem Arbeitsgang<\/li>\n<li>Mit seinen 2400 Watt Leistung und optimaler Geschwindigkeit ist das Schneiden h\u00e4rtester Materialien kein Problem<\/li>\n<li>Ergonomische Gestaltung<\/li>\n<li>Optimale Benutzerfreundlichkeit<\/li>\n<li>Einfache Tiefeneinstellung ohne Werkzeug<\/li>\n<li>\u00dcberlastungsschutz<\/li>\n<li>Elektronische und mechanische Kopplung<\/li>\n<li>LED-Anzeige f\u00fcr optimale Schnittleistung<\/li>\n<li>Staubfreies Arbeiten durch optimale Staubabsaugung<\/li>\n<\/ul>\n<p><strong>Technische Daten<\/strong><\/p>\n<ul>\n<li>Leistung - 2400 Watt<\/li>\n<li>Leerlaufdrehzahl - 8200 U\/min<\/li>\n<li>Durchmesser der Scheibe - 150 mm<\/li>\n<li>Schnittbreite - 7-35 mm<\/li>\n<li>Schnitttiefe - 7-45 mm<\/li>\n<li>Gewicht - 5,8 kg<\/li>\n<li>Einlass - 22 mm<\/li>\n<\/ul>\n<p><strong>Umfang der Lieferung<\/strong><\/p>\n<ul>\n<li>Metall-Transportkoffer inkl. Zubeh\u00f6r<\/li>\n<li>6 Diamantscheiben Gold II<\/li>\n<\/ul>\n<p><iframe loading=\"lazy\" src=\"https:\/\/www.youtube.com\/embed\/IZ4_jBBdcfo?rel=0&amp;showinfo=0\" width=\"853\" height=\"480\" frameborder=\"0\" allowfullscreen=\"allowfullscreen\"><\/iframe><\/p>","protected":false},"excerpt":{"rendered":"<p>Schlitzs\u00e4ge mit einer Leistung von 2400 Watt.<\/p>","protected":false},"featured_media":7289,"comment_status":"closed","ping_status":"closed","template":"","meta":[],"product_brand":[626],"product_cat":[16,17,18],"product_tag":[],"class_list":{"0":"post-1056","1":"product","2":"type-product","3":"status-publish","4":"has-post-thumbnail","6":"product_brand-baier","7":"product_cat-diamantgereedschap","8":"product_cat-machines","9":"product_cat-sleuvenzaag","11":"first","12":"instock","13":"purchasable","14":"product-type-simple"},"ct_brands":[{"id":626,"name":"BAIER","slug":"baier-info"}],"yoast_head":"<!-- This site is optimized with the Yoast SEO plugin v27.3 - https:\/\/yoast.com\/product\/yoast-seo-wordpress\/ -->\n<title>Baier - BDN 466\/6 - Sleuvenzaagmachine - 2400W - KEM Europe<\/title>\n<meta name=\"robots\" content=\"index, follow, max-snippet:-1, max-image-preview:large, max-video-preview:-1\" \/>\n<link rel=\"canonical\" href=\"https:\/\/kem-europe.eu\/de\/produkt\/baier-bdn-466-6-mauernutfraese-2400w\/\" \/>\n<meta property=\"og:locale\" content=\"de_DE\" \/>\n<meta property=\"og:type\" content=\"article\" \/>\n<meta property=\"og:title\" content=\"Baier - BDN 466\/6 - Sleuvenzaagmachine - 2400W - KEM Europe\" \/>\n<meta property=\"og:description\" content=\"Sleuvenzaagmachine met een vermogen van 2400 Watt.\" \/>\n<meta property=\"og:url\" content=\"https:\/\/kem-europe.eu\/de\/produkt\/baier-bdn-466-6-mauernutfraese-2400w\/\" \/>\n<meta property=\"og:site_name\" content=\"KEM Europe\" \/>\n<meta property=\"article:modified_time\" content=\"2025-05-26T11:34:31+00:00\" \/>\n<meta property=\"og:image\" content=\"https:\/\/kem-europe.eu\/wp-content\/uploads\/2025\/02\/Baier-\u2013-BDN466-3-1.gif\" \/>\n\t<meta property=\"og:image:width\" content=\"700\" \/>\n\t<meta property=\"og:image:height\" content=\"700\" \/>\n\t<meta property=\"og:image:type\" content=\"image\/gif\" \/>\n<meta name=\"twitter:card\" content=\"summary_large_image\" \/>\n<meta name=\"twitter:label1\" content=\"Gesch\u00e4tzte Lesezeit\" \/>\n\t<meta name=\"twitter:data1\" content=\"1\u00a0Minute\" \/>\n<script type=\"application\/ld+json\" class=\"yoast-schema-graph\">{\"@context\":\"https:\\\/\\\/schema.org\",\"@graph\":[{\"@type\":\"WebPage\",\"@id\":\"https:\\\/\\\/kem-europe.eu\\\/product\\\/baier-bdn-466-6-sleuvenzaagmachine-2400w\\\/\",\"url\":\"https:\\\/\\\/kem-europe.eu\\\/product\\\/baier-bdn-466-6-sleuvenzaagmachine-2400w\\\/\",\"name\":\"Baier - BDN 466\\\/6 - Sleuvenzaagmachine - 2400W - KEM Europe\",\"isPartOf\":{\"@id\":\"https:\\\/\\\/kem-europe.eu\\\/#website\"},\"primaryImageOfPage\":{\"@id\":\"https:\\\/\\\/kem-europe.eu\\\/product\\\/baier-bdn-466-6-sleuvenzaagmachine-2400w\\\/#primaryimage\"},\"image\":{\"@id\":\"https:\\\/\\\/kem-europe.eu\\\/product\\\/baier-bdn-466-6-sleuvenzaagmachine-2400w\\\/#primaryimage\"},\"thumbnailUrl\":\"https:\\\/\\\/kem-europe.eu\\\/wp-content\\\/uploads\\\/2025\\\/02\\\/Baier-\u2013-BDN466-3-1.gif\",\"datePublished\":\"2025-02-27T08:19:31+00:00\",\"dateModified\":\"2025-05-26T11:34:31+00:00\",\"breadcrumb\":{\"@id\":\"https:\\\/\\\/kem-europe.eu\\\/product\\\/baier-bdn-466-6-sleuvenzaagmachine-2400w\\\/#breadcrumb\"},\"inLanguage\":\"de\",\"potentialAction\":[{\"@type\":\"ReadAction\",\"target\":[\"https:\\\/\\\/kem-europe.eu\\\/product\\\/baier-bdn-466-6-sleuvenzaagmachine-2400w\\\/\"]}]},{\"@type\":\"ImageObject\",\"inLanguage\":\"de\",\"@id\":\"https:\\\/\\\/kem-europe.eu\\\/product\\\/baier-bdn-466-6-sleuvenzaagmachine-2400w\\\/#primaryimage\",\"url\":\"https:\\\/\\\/kem-europe.eu\\\/wp-content\\\/uploads\\\/2025\\\/02\\\/Baier-\u2013-BDN466-3-1.gif\",\"contentUrl\":\"https:\\\/\\\/kem-europe.eu\\\/wp-content\\\/uploads\\\/2025\\\/02\\\/Baier-\u2013-BDN466-3-1.gif\",\"width\":700,\"height\":700},{\"@type\":\"BreadcrumbList\",\"@id\":\"https:\\\/\\\/kem-europe.eu\\\/product\\\/baier-bdn-466-6-sleuvenzaagmachine-2400w\\\/#breadcrumb\",\"itemListElement\":[{\"@type\":\"ListItem\",\"position\":1,\"name\":\"Home\",\"item\":\"https:\\\/\\\/kem-europe.eu\\\/\"},{\"@type\":\"ListItem\",\"position\":2,\"name\":\"Winkel\",\"item\":\"https:\\\/\\\/kem-europe.eu\\\/winkel\\\/\"},{\"@type\":\"ListItem\",\"position\":3,\"name\":\"Baier &#8211; BDN 466\\\/6 &#8211; Sleuvenzaagmachine &#8211; 2400W\"}]},{\"@type\":\"WebSite\",\"@id\":\"https:\\\/\\\/kem-europe.eu\\\/#website\",\"url\":\"https:\\\/\\\/kem-europe.eu\\\/\",\"name\":\"KEM Europe\",\"description\":\"\",\"publisher\":{\"@id\":\"https:\\\/\\\/kem-europe.eu\\\/#organization\"},\"potentialAction\":[{\"@type\":\"SearchAction\",\"target\":{\"@type\":\"EntryPoint\",\"urlTemplate\":\"https:\\\/\\\/kem-europe.eu\\\/?s={search_term_string}\"},\"query-input\":{\"@type\":\"PropertyValueSpecification\",\"valueRequired\":true,\"valueName\":\"search_term_string\"}}],\"inLanguage\":\"de\"},{\"@type\":\"Organization\",\"@id\":\"https:\\\/\\\/kem-europe.eu\\\/#organization\",\"name\":\"KEM Europe\",\"url\":\"https:\\\/\\\/kem-europe.eu\\\/\",\"logo\":{\"@type\":\"ImageObject\",\"inLanguage\":\"de\",\"@id\":\"https:\\\/\\\/kem-europe.eu\\\/#\\\/schema\\\/logo\\\/image\\\/\",\"url\":\"https:\\\/\\\/kem-europe.eu\\\/wp-content\\\/uploads\\\/2025\\\/02\\\/KEM2019-BLACK-1500W.png\",\"contentUrl\":\"https:\\\/\\\/kem-europe.eu\\\/wp-content\\\/uploads\\\/2025\\\/02\\\/KEM2019-BLACK-1500W.png\",\"width\":1500,\"height\":626,\"caption\":\"KEM Europe\"},\"image\":{\"@id\":\"https:\\\/\\\/kem-europe.eu\\\/#\\\/schema\\\/logo\\\/image\\\/\"}}]}<\/script>\n<!-- \/ Yoast SEO plugin. -->","yoast_head_json":{"title":"Baier - BDN 466\/6 - Schlitzs\u00e4ge - 2400W - KEM Europe","robots":{"index":"index","follow":"follow","max-snippet":"max-snippet:-1","max-image-preview":"max-image-preview:large","max-video-preview":"max-video-preview:-1"},"canonical":"https:\/\/kem-europe.eu\/de\/produkt\/baier-bdn-466-6-mauernutfraese-2400w\/","og_locale":"de_DE","og_type":"article","og_title":"Baier - BDN 466\/6 - Sleuvenzaagmachine - 2400W - KEM Europe","og_description":"Sleuvenzaagmachine met een vermogen van 2400 Watt.","og_url":"https:\/\/kem-europe.eu\/de\/produkt\/baier-bdn-466-6-mauernutfraese-2400w\/","og_site_name":"KEM Europe","article_modified_time":"2025-05-26T11:34:31+00:00","og_image":[{"width":700,"height":700,"url":"https:\/\/kem-europe.eu\/wp-content\/uploads\/2025\/02\/Baier-\u2013-BDN466-3-1.gif","type":"image\/gif"}],"twitter_card":"summary_large_image","twitter_misc":{"Gesch\u00e4tzte Lesezeit":"1\u00a0Minute"},"schema":{"@context":"https:\/\/schema.org","@graph":[{"@type":"WebPage","@id":"https:\/\/kem-europe.eu\/product\/baier-bdn-466-6-sleuvenzaagmachine-2400w\/","url":"https:\/\/kem-europe.eu\/product\/baier-bdn-466-6-sleuvenzaagmachine-2400w\/","name":"Baier - BDN 466\/6 - Schlitzs\u00e4ge - 2400W - KEM Europe","isPartOf":{"@id":"https:\/\/kem-europe.eu\/#website"},"primaryImageOfPage":{"@id":"https:\/\/kem-europe.eu\/product\/baier-bdn-466-6-sleuvenzaagmachine-2400w\/#primaryimage"},"image":{"@id":"https:\/\/kem-europe.eu\/product\/baier-bdn-466-6-sleuvenzaagmachine-2400w\/#primaryimage"},"thumbnailUrl":"https:\/\/kem-europe.eu\/wp-content\/uploads\/2025\/02\/Baier-\u2013-BDN466-3-1.gif","datePublished":"2025-02-27T08:19:31+00:00","dateModified":"2025-05-26T11:34:31+00:00","breadcrumb":{"@id":"https:\/\/kem-europe.eu\/product\/baier-bdn-466-6-sleuvenzaagmachine-2400w\/#breadcrumb"},"inLanguage":"de","potentialAction":[{"@type":"ReadAction","target":["https:\/\/kem-europe.eu\/product\/baier-bdn-466-6-sleuvenzaagmachine-2400w\/"]}]},{"@type":"ImageObject","inLanguage":"de","@id":"https:\/\/kem-europe.eu\/product\/baier-bdn-466-6-sleuvenzaagmachine-2400w\/#primaryimage","url":"https:\/\/kem-europe.eu\/wp-content\/uploads\/2025\/02\/Baier-\u2013-BDN466-3-1.gif","contentUrl":"https:\/\/kem-europe.eu\/wp-content\/uploads\/2025\/02\/Baier-\u2013-BDN466-3-1.gif","width":700,"height":700},{"@type":"BreadcrumbList","@id":"https:\/\/kem-europe.eu\/product\/baier-bdn-466-6-sleuvenzaagmachine-2400w\/#breadcrumb","itemListElement":[{"@type":"ListItem","position":1,"name":"Home","item":"https:\/\/kem-europe.eu\/"},{"@type":"ListItem","position":2,"name":"Winkel","item":"https:\/\/kem-europe.eu\/winkel\/"},{"@type":"ListItem","position":3,"name":"Baier &#8211; BDN 466\/6 &#8211; Sleuvenzaagmachine &#8211; 2400W"}]},{"@type":"WebSite","@id":"https:\/\/kem-europe.eu\/#website","url":"https:\/\/kem-europe.eu\/","name":"KEM Europe","description":"","publisher":{"@id":"https:\/\/kem-europe.eu\/#organization"},"potentialAction":[{"@type":"SearchAction","target":{"@type":"EntryPoint","urlTemplate":"https:\/\/kem-europe.eu\/?s={search_term_string}"},"query-input":{"@type":"PropertyValueSpecification","valueRequired":true,"valueName":"search_term_string"}}],"inLanguage":"de"},{"@type":"Organization","@id":"https:\/\/kem-europe.eu\/#organization","name":"KEM Europe","url":"https:\/\/kem-europe.eu\/","logo":{"@type":"ImageObject","inLanguage":"de","@id":"https:\/\/kem-europe.eu\/#\/schema\/logo\/image\/","url":"https:\/\/kem-europe.eu\/wp-content\/uploads\/2025\/02\/KEM2019-BLACK-1500W.png","contentUrl":"https:\/\/kem-europe.eu\/wp-content\/uploads\/2025\/02\/KEM2019-BLACK-1500W.png","width":1500,"height":626,"caption":"KEM Europe"},"image":{"@id":"https:\/\/kem-europe.eu\/#\/schema\/logo\/image\/"}}]}},"_links":{"self":[{"href":"https:\/\/kem-europe.eu\/de\/wp-json\/wp\/v2\/product\/1056","targetHints":{"allow":["GET"]}}],"collection":[{"href":"https:\/\/kem-europe.eu\/de\/wp-json\/wp\/v2\/product"}],"about":[{"href":"https:\/\/kem-europe.eu\/de\/wp-json\/wp\/v2\/types\/product"}],"replies":[{"embeddable":true,"href":"https:\/\/kem-europe.eu\/de\/wp-json\/wp\/v2\/comments?post=1056"}],"wp:featuredmedia":[{"embeddable":true,"href":"https:\/\/kem-europe.eu\/de\/wp-json\/wp\/v2\/media\/7289"}],"wp:attachment":[{"href":"https:\/\/kem-europe.eu\/de\/wp-json\/wp\/v2\/media?parent=1056"}],"wp:term":[{"taxonomy":"product_brand","embeddable":true,"href":"https:\/\/kem-europe.eu\/de\/wp-json\/wp\/v2\/product_brand?post=1056"},{"taxonomy":"product_cat","embeddable":true,"href":"https:\/\/kem-europe.eu\/de\/wp-json\/wp\/v2\/product_cat?post=1056"},{"taxonomy":"product_tag","embeddable":true,"href":"https:\/\/kem-europe.eu\/de\/wp-json\/wp\/v2\/product_tag?post=1056"}],"curies":[{"name":"wp","href":"https:\/\/api.w.org\/{rel}","templated":true}]}}