{"id":1059,"date":"2025-02-27T08:19:31","date_gmt":"2025-02-27T08:19:31","guid":{"rendered":"https:\/\/kem-europe.eu\/?post_type=product&#038;p=1059"},"modified":"2025-05-26T12:57:23","modified_gmt":"2025-05-26T12:57:23","slug":"baier-bdb-802-profiset-diamant-kernbohrmaschine-nass-800w","status":"publish","type":"product","link":"https:\/\/kem-europe.eu\/de\/product\/baier-bdb-802-profiset-diamant-natboormachine-800w\/","title":{"rendered":"Baier - BDB 802 Profiset - Diamant-Nassbohrmaschine - 800W"},"content":{"rendered":"<p><strong>Eigenschaften BDB 802 - Diamantbohrmaschine - 800w<br \/>\n<\/strong><\/p>\n<ul>\n<li>Diamant-Nassbohren sowohl manuell als auch mit Stativ<\/li>\n<li>Ausgestattet mit einem eigenen Wassertank (1 Liter)<\/li>\n<li>Speziell f\u00fcr den endg\u00fcltigen Einbau in Toiletten und B\u00e4dern<\/li>\n<li>Schnelles, sauberes und bruchfreies Bohren in h\u00e4rteste Fliesen bis 40 mm<\/li>\n<li>Wasser k\u00fchlt die Bohrkrone und bindet Staub<\/li>\n<li>Der Wasserabflussring garantiert einen sauberen Arbeitsplatz<\/li>\n<li>Kontrollierter Wasserdurchfluss mit Aqua-Stop-Schalter<\/li>\n<li>2-Gang-Getriebe mit \"Hochleistungs\"-Schmiersystem<\/li>\n<li>Ergonomische Gestaltung<\/li>\n<li>56 mm Kragen<\/li>\n<li>\u00dcberlastschutz mit PRCD-Schalter<\/li>\n<li>Praktisch kein Verschlei\u00df der Rutschkupplung<\/li>\n<li>Lange Lebensdauer dank Aluminiumgeh\u00e4use<\/li>\n<\/ul>\n<p><strong>Technische Daten<\/strong><\/p>\n<ul>\n<li>Leistung - 800 Watt<\/li>\n<li>Leerlaufdrehzahl - 4200 - 7500 U\/min<\/li>\n<li>Bohrleistung - 40 mm<\/li>\n<li>Gewicht - 4,7 kg<\/li>\n<li>Eingliederung - Schnellwechselsystem<\/li>\n<\/ul>\n<p><strong>Umfang der Lieferung<\/strong><\/p>\n<ul>\n<li>Transportkoffer aus Kunststoff<\/li>\n<li>3 Bohrersch\u00fcsse<\/li>\n<li>Zentrierring bis zu 30 mm<\/li>\n<li>Wasserablaufkranz<\/li>\n<li>Diamant-Nassbohrkronen 6, 8 und 10 mm<\/li>\n<li>Kernbohrungsaussto\u00dfer SW2 und SW3<\/li>\n<li>Kupferpaste<\/li>\n<li>Schraubenschl\u00fcssel<\/li>\n<\/ul>","protected":false},"excerpt":{"rendered":"<p>Kenmerken BDB 802 &#8211; Diamantboormachine &#8211; 800w Diamant natboren zowel uit de hand of met statief Uitgerust met eigen watertank (1 liter) Speciaal voor de eindinstallatie in toilet en badkamer Snel, schoon en breukvrij boren in de hardste tegelsoorten tot wel 40 mm Het water koelt de boorkroon en bindt het stof De waterafvoerkrans garandeert [&hellip;]<\/p>\n","protected":false},"featured_media":7294,"comment_status":"closed","ping_status":"closed","template":"","meta":[],"product_brand":[626],"product_cat":[74,16,17],"product_tag":[],"class_list":{"0":"post-1059","1":"product","2":"type-product","3":"status-publish","4":"has-post-thumbnail","6":"product_brand-baier","7":"product_cat-diamant-boormachine","8":"product_cat-diamantgereedschap","9":"product_cat-machines","11":"first","12":"instock","13":"product-type-simple"},"ct_brands":[{"id":626,"name":"BAIER","slug":"baier-info"}],"yoast_head":"<!-- This site is optimized with the Yoast SEO plugin v27.3 - https:\/\/yoast.com\/product\/yoast-seo-wordpress\/ -->\n<title>Baier - BDB 802 Profiset - Diamant natboormachine - 800W - KEM Europe<\/title>\n<meta name=\"robots\" content=\"index, follow, max-snippet:-1, max-image-preview:large, max-video-preview:-1\" \/>\n<link rel=\"canonical\" href=\"https:\/\/kem-europe.eu\/de\/produkt\/baier-bdb-802-profiset-diamant-kernbohrmaschine-nass-800w\/\" \/>\n<meta property=\"og:locale\" content=\"de_DE\" \/>\n<meta property=\"og:type\" content=\"article\" \/>\n<meta property=\"og:title\" content=\"Baier - BDB 802 Profiset - Diamant natboormachine - 800W - KEM Europe\" \/>\n<meta property=\"og:description\" content=\"Kenmerken BDB 802 &#8211; Diamantboormachine &#8211; 800w Diamant natboren zowel uit de hand of met statief Uitgerust met eigen watertank (1 liter) Speciaal voor de eindinstallatie in toilet en badkamer Snel, schoon en breukvrij boren in de hardste tegelsoorten tot wel 40 mm Het water koelt de boorkroon en bindt het stof De waterafvoerkrans garandeert [&hellip;]\" \/>\n<meta property=\"og:url\" content=\"https:\/\/kem-europe.eu\/de\/produkt\/baier-bdb-802-profiset-diamant-kernbohrmaschine-nass-800w\/\" \/>\n<meta property=\"og:site_name\" content=\"KEM Europe\" \/>\n<meta property=\"article:modified_time\" content=\"2025-05-26T12:57:23+00:00\" \/>\n<meta property=\"og:image\" content=\"https:\/\/kem-europe.eu\/wp-content\/uploads\/2025\/02\/BDB-802.png\" \/>\n\t<meta property=\"og:image:width\" content=\"700\" \/>\n\t<meta property=\"og:image:height\" content=\"700\" \/>\n\t<meta property=\"og:image:type\" content=\"image\/png\" \/>\n<meta name=\"twitter:card\" content=\"summary_large_image\" \/>\n<meta name=\"twitter:label1\" content=\"Gesch\u00e4tzte Lesezeit\" \/>\n\t<meta name=\"twitter:data1\" content=\"1\u00a0Minute\" \/>\n<script type=\"application\/ld+json\" class=\"yoast-schema-graph\">{\"@context\":\"https:\\\/\\\/schema.org\",\"@graph\":[{\"@type\":\"WebPage\",\"@id\":\"https:\\\/\\\/kem-europe.eu\\\/product\\\/baier-bdb-802-profiset-diamant-natboormachine-800w\\\/\",\"url\":\"https:\\\/\\\/kem-europe.eu\\\/product\\\/baier-bdb-802-profiset-diamant-natboormachine-800w\\\/\",\"name\":\"Baier - BDB 802 Profiset - Diamant natboormachine - 800W - KEM Europe\",\"isPartOf\":{\"@id\":\"https:\\\/\\\/kem-europe.eu\\\/#website\"},\"primaryImageOfPage\":{\"@id\":\"https:\\\/\\\/kem-europe.eu\\\/product\\\/baier-bdb-802-profiset-diamant-natboormachine-800w\\\/#primaryimage\"},\"image\":{\"@id\":\"https:\\\/\\\/kem-europe.eu\\\/product\\\/baier-bdb-802-profiset-diamant-natboormachine-800w\\\/#primaryimage\"},\"thumbnailUrl\":\"https:\\\/\\\/kem-europe.eu\\\/wp-content\\\/uploads\\\/2025\\\/02\\\/BDB-802.png\",\"datePublished\":\"2025-02-27T08:19:31+00:00\",\"dateModified\":\"2025-05-26T12:57:23+00:00\",\"breadcrumb\":{\"@id\":\"https:\\\/\\\/kem-europe.eu\\\/product\\\/baier-bdb-802-profiset-diamant-natboormachine-800w\\\/#breadcrumb\"},\"inLanguage\":\"de\",\"potentialAction\":[{\"@type\":\"ReadAction\",\"target\":[\"https:\\\/\\\/kem-europe.eu\\\/product\\\/baier-bdb-802-profiset-diamant-natboormachine-800w\\\/\"]}]},{\"@type\":\"ImageObject\",\"inLanguage\":\"de\",\"@id\":\"https:\\\/\\\/kem-europe.eu\\\/product\\\/baier-bdb-802-profiset-diamant-natboormachine-800w\\\/#primaryimage\",\"url\":\"https:\\\/\\\/kem-europe.eu\\\/wp-content\\\/uploads\\\/2025\\\/02\\\/BDB-802.png\",\"contentUrl\":\"https:\\\/\\\/kem-europe.eu\\\/wp-content\\\/uploads\\\/2025\\\/02\\\/BDB-802.png\",\"width\":700,\"height\":700},{\"@type\":\"BreadcrumbList\",\"@id\":\"https:\\\/\\\/kem-europe.eu\\\/product\\\/baier-bdb-802-profiset-diamant-natboormachine-800w\\\/#breadcrumb\",\"itemListElement\":[{\"@type\":\"ListItem\",\"position\":1,\"name\":\"Home\",\"item\":\"https:\\\/\\\/kem-europe.eu\\\/\"},{\"@type\":\"ListItem\",\"position\":2,\"name\":\"Winkel\",\"item\":\"https:\\\/\\\/kem-europe.eu\\\/winkel\\\/\"},{\"@type\":\"ListItem\",\"position\":3,\"name\":\"Baier &#8211; BDB 802 Profiset &#8211; Diamant natboormachine &#8211; 800W\"}]},{\"@type\":\"WebSite\",\"@id\":\"https:\\\/\\\/kem-europe.eu\\\/#website\",\"url\":\"https:\\\/\\\/kem-europe.eu\\\/\",\"name\":\"KEM Europe\",\"description\":\"\",\"publisher\":{\"@id\":\"https:\\\/\\\/kem-europe.eu\\\/#organization\"},\"potentialAction\":[{\"@type\":\"SearchAction\",\"target\":{\"@type\":\"EntryPoint\",\"urlTemplate\":\"https:\\\/\\\/kem-europe.eu\\\/?s={search_term_string}\"},\"query-input\":{\"@type\":\"PropertyValueSpecification\",\"valueRequired\":true,\"valueName\":\"search_term_string\"}}],\"inLanguage\":\"de\"},{\"@type\":\"Organization\",\"@id\":\"https:\\\/\\\/kem-europe.eu\\\/#organization\",\"name\":\"KEM Europe\",\"url\":\"https:\\\/\\\/kem-europe.eu\\\/\",\"logo\":{\"@type\":\"ImageObject\",\"inLanguage\":\"de\",\"@id\":\"https:\\\/\\\/kem-europe.eu\\\/#\\\/schema\\\/logo\\\/image\\\/\",\"url\":\"https:\\\/\\\/kem-europe.eu\\\/wp-content\\\/uploads\\\/2025\\\/02\\\/KEM2019-BLACK-1500W.png\",\"contentUrl\":\"https:\\\/\\\/kem-europe.eu\\\/wp-content\\\/uploads\\\/2025\\\/02\\\/KEM2019-BLACK-1500W.png\",\"width\":1500,\"height\":626,\"caption\":\"KEM Europe\"},\"image\":{\"@id\":\"https:\\\/\\\/kem-europe.eu\\\/#\\\/schema\\\/logo\\\/image\\\/\"}}]}<\/script>\n<!-- \/ Yoast SEO plugin. -->","yoast_head_json":{"title":"Baier - BDB 802 Profiset - Diamant-Nassbohrmaschine - 800W - KEM Europe","robots":{"index":"index","follow":"follow","max-snippet":"max-snippet:-1","max-image-preview":"max-image-preview:large","max-video-preview":"max-video-preview:-1"},"canonical":"https:\/\/kem-europe.eu\/de\/produkt\/baier-bdb-802-profiset-diamant-kernbohrmaschine-nass-800w\/","og_locale":"de_DE","og_type":"article","og_title":"Baier - BDB 802 Profiset - Diamant natboormachine - 800W - KEM Europe","og_description":"Kenmerken BDB 802 &#8211; Diamantboormachine &#8211; 800w Diamant natboren zowel uit de hand of met statief Uitgerust met eigen watertank (1 liter) Speciaal voor de eindinstallatie in toilet en badkamer Snel, schoon en breukvrij boren in de hardste tegelsoorten tot wel 40 mm Het water koelt de boorkroon en bindt het stof De waterafvoerkrans garandeert [&hellip;]","og_url":"https:\/\/kem-europe.eu\/de\/produkt\/baier-bdb-802-profiset-diamant-kernbohrmaschine-nass-800w\/","og_site_name":"KEM Europe","article_modified_time":"2025-05-26T12:57:23+00:00","og_image":[{"width":700,"height":700,"url":"https:\/\/kem-europe.eu\/wp-content\/uploads\/2025\/02\/BDB-802.png","type":"image\/png"}],"twitter_card":"summary_large_image","twitter_misc":{"Gesch\u00e4tzte Lesezeit":"1\u00a0Minute"},"schema":{"@context":"https:\/\/schema.org","@graph":[{"@type":"WebPage","@id":"https:\/\/kem-europe.eu\/product\/baier-bdb-802-profiset-diamant-natboormachine-800w\/","url":"https:\/\/kem-europe.eu\/product\/baier-bdb-802-profiset-diamant-natboormachine-800w\/","name":"Baier - BDB 802 Profiset - Diamant-Nassbohrmaschine - 800W - KEM Europe","isPartOf":{"@id":"https:\/\/kem-europe.eu\/#website"},"primaryImageOfPage":{"@id":"https:\/\/kem-europe.eu\/product\/baier-bdb-802-profiset-diamant-natboormachine-800w\/#primaryimage"},"image":{"@id":"https:\/\/kem-europe.eu\/product\/baier-bdb-802-profiset-diamant-natboormachine-800w\/#primaryimage"},"thumbnailUrl":"https:\/\/kem-europe.eu\/wp-content\/uploads\/2025\/02\/BDB-802.png","datePublished":"2025-02-27T08:19:31+00:00","dateModified":"2025-05-26T12:57:23+00:00","breadcrumb":{"@id":"https:\/\/kem-europe.eu\/product\/baier-bdb-802-profiset-diamant-natboormachine-800w\/#breadcrumb"},"inLanguage":"de","potentialAction":[{"@type":"ReadAction","target":["https:\/\/kem-europe.eu\/product\/baier-bdb-802-profiset-diamant-natboormachine-800w\/"]}]},{"@type":"ImageObject","inLanguage":"de","@id":"https:\/\/kem-europe.eu\/product\/baier-bdb-802-profiset-diamant-natboormachine-800w\/#primaryimage","url":"https:\/\/kem-europe.eu\/wp-content\/uploads\/2025\/02\/BDB-802.png","contentUrl":"https:\/\/kem-europe.eu\/wp-content\/uploads\/2025\/02\/BDB-802.png","width":700,"height":700},{"@type":"BreadcrumbList","@id":"https:\/\/kem-europe.eu\/product\/baier-bdb-802-profiset-diamant-natboormachine-800w\/#breadcrumb","itemListElement":[{"@type":"ListItem","position":1,"name":"Home","item":"https:\/\/kem-europe.eu\/"},{"@type":"ListItem","position":2,"name":"Winkel","item":"https:\/\/kem-europe.eu\/winkel\/"},{"@type":"ListItem","position":3,"name":"Baier &#8211; BDB 802 Profiset &#8211; Diamant natboormachine &#8211; 800W"}]},{"@type":"WebSite","@id":"https:\/\/kem-europe.eu\/#website","url":"https:\/\/kem-europe.eu\/","name":"KEM Europe","description":"","publisher":{"@id":"https:\/\/kem-europe.eu\/#organization"},"potentialAction":[{"@type":"SearchAction","target":{"@type":"EntryPoint","urlTemplate":"https:\/\/kem-europe.eu\/?s={search_term_string}"},"query-input":{"@type":"PropertyValueSpecification","valueRequired":true,"valueName":"search_term_string"}}],"inLanguage":"de"},{"@type":"Organization","@id":"https:\/\/kem-europe.eu\/#organization","name":"KEM Europe","url":"https:\/\/kem-europe.eu\/","logo":{"@type":"ImageObject","inLanguage":"de","@id":"https:\/\/kem-europe.eu\/#\/schema\/logo\/image\/","url":"https:\/\/kem-europe.eu\/wp-content\/uploads\/2025\/02\/KEM2019-BLACK-1500W.png","contentUrl":"https:\/\/kem-europe.eu\/wp-content\/uploads\/2025\/02\/KEM2019-BLACK-1500W.png","width":1500,"height":626,"caption":"KEM Europe"},"image":{"@id":"https:\/\/kem-europe.eu\/#\/schema\/logo\/image\/"}}]}},"_links":{"self":[{"href":"https:\/\/kem-europe.eu\/de\/wp-json\/wp\/v2\/product\/1059","targetHints":{"allow":["GET"]}}],"collection":[{"href":"https:\/\/kem-europe.eu\/de\/wp-json\/wp\/v2\/product"}],"about":[{"href":"https:\/\/kem-europe.eu\/de\/wp-json\/wp\/v2\/types\/product"}],"replies":[{"embeddable":true,"href":"https:\/\/kem-europe.eu\/de\/wp-json\/wp\/v2\/comments?post=1059"}],"wp:featuredmedia":[{"embeddable":true,"href":"https:\/\/kem-europe.eu\/de\/wp-json\/wp\/v2\/media\/7294"}],"wp:attachment":[{"href":"https:\/\/kem-europe.eu\/de\/wp-json\/wp\/v2\/media?parent=1059"}],"wp:term":[{"taxonomy":"product_brand","embeddable":true,"href":"https:\/\/kem-europe.eu\/de\/wp-json\/wp\/v2\/product_brand?post=1059"},{"taxonomy":"product_cat","embeddable":true,"href":"https:\/\/kem-europe.eu\/de\/wp-json\/wp\/v2\/product_cat?post=1059"},{"taxonomy":"product_tag","embeddable":true,"href":"https:\/\/kem-europe.eu\/de\/wp-json\/wp\/v2\/product_tag?post=1059"}],"curies":[{"name":"wp","href":"https:\/\/api.w.org\/{rel}","templated":true}]}}