{"id":1069,"date":"2025-02-27T08:19:32","date_gmt":"2025-02-27T08:19:32","guid":{"rendered":"https:\/\/kem-europe.eu\/?post_type=product&#038;p=1069"},"modified":"2025-05-26T10:37:40","modified_gmt":"2025-05-26T10:37:40","slug":"baier-bdb-825-diamant-kernbohrmaschine-trocken-1-2-1-1-4-1800w","status":"publish","type":"product","link":"https:\/\/kem-europe.eu\/de\/product\/baier-bdb-825-diamant-droogboormachine-1-2-1-1-4-1800w\/","title":{"rendered":"Baier - BDB 825 - Diamant-Trockenbohrmaschine - 1\/2\u2033 \/ 1 1\/4\u2033 - 1800W"},"content":{"rendered":"<p><strong>Eigenschaften Baier - BDB825 - Diamant-Trockenbohrmaschine - 1\/2\u2033 \/ 1 1\/4\u2033 - 1800W<br \/>\n<\/strong><\/p>\n<p><span style=\"color: #000000;\">Was ist das gr\u00f6\u00dfte \u00c4rgernis f\u00fcr den Kunden und kostet gleichzeitig die meiste Zeit beim Bohren durch Beton? Richtig, die Unordnung, die Sie verursachen. Wie w\u00e4re es, wenn Sie innerhalb einer Minute mit dem Bohren beginnen k\u00f6nnten und nach dem Bohren alles innerhalb einer Minute wieder aufr\u00e4umen k\u00f6nnten?<\/span><\/p>\n<p><span style=\"color: #000000;\">Der Baier BDB825 nutzt das (Fein-)Vakuum, um Staub und Splitt zu entfernen, w\u00e4hrend der Luftstrom auch die Titan-Trockenbohrer mit ihren Diamantsegmenten k\u00fchlt. So wird der Schmutz sofort beseitigt, ohne dass ein Tropfen Wasser im Spiel ist. \"Dann setze ich Ihren Trockenbohrer eben trotzdem auf meine Maschine...\" Die Geheimwaffe von Baier ist die Soft Impact Funktion. Viele tausend Vibrationen pro Minute halten den Diamanten am Schleifen. Das ist unsere heilige Dreifaltigkeit. Der richtige Bohrer, der Staubwedel mit Klopffunktion, der Soft Impact.<\/span><\/p>\n<p><span style=\"color: #000000;\"> Ziehen Sie das Nassbohren bei dieser einen Arbeit wirklich vor? Tauschen Sie einfach den Bohrer und den Adapter aus und Sie haben eine v\u00f6llig andere Maschine.<\/span><span style=\"color: #000000;\"><strong><br \/>\n<\/strong><\/span><\/p>\n<ul>\n<li>Diamant-Trockenbohren bis zu 200 mm in Stahlbeton!<\/li>\n<li>Die Softstroke-Funktion beschleunigt sowohl das Bohren in h\u00e4rtestem Material als auch das Entfernen von Bohrklein<\/li>\n<li>Einfache Umstellung auf Nassbohren<\/li>\n<li>Schneller Bohrungswechsel dank 1 1\/4 UNC-Anschluss<\/li>\n<li>Ergonomische Gestaltung<\/li>\n<li>Hohe Pr\u00e4zision bei Verwendung eines Stativs, auch bei gr\u00f6\u00dferen Bohrdurchmessern<\/li>\n<li>\u00dcberlastschutz mit PRCD-Schalter<\/li>\n<li>Elektronische und mechanische Kopplung<\/li>\n<li>Nahezu kein Verschlei\u00df der Rutschkupplung durch elektronische Steuerung<\/li>\n<li>Elektronischer Sanftanlauf<\/li>\n<li>LED-Anzeige f\u00fcr optimale Bohrleistung<\/li>\n<\/ul>\n<p><strong>Technische Daten<\/strong><\/p>\n<ul>\n<li><span style=\"color: #000000;\"> Leistung - 1800 Watt<\/span><\/li>\n<li><span style=\"color: #000000;\"> Drehmoment - 24 Nm<\/span><\/li>\n<li><span style=\"color: #000000;\"> Leerlaufdrehzahl - 1150 U\/min<\/span><\/li>\n<li><span style=\"color: #000000;\"> Bohrleistung - 200 mm<\/span><\/li>\n<li><span style=\"color: #000000;\"> Hubzahl - 28.000 Umdrehungen pro Minute<\/span><\/li>\n<li><span style=\"color: #000000;\"> Gewicht - 5,5 kg<\/span><\/li>\n<li><span style=\"color: #000000;\"> Aufwicklung - 1\/2\u2033 und 1 1\/4\u2033<\/span><\/li>\n<\/ul>\n<p><span style=\"color: #000000;\"><strong>Umfang der Lieferung<\/strong><\/span><\/p>\n<ul>\n<li>Metall-Transportkoffer inkl. Zubeh\u00f6r<\/li>\n<\/ul>\n<p><iframe loading=\"lazy\" src=\"https:\/\/www.youtube.com\/embed\/BViutFej_4M?rel=0&amp;showinfo=0\" width=\"853\" height=\"480\" frameborder=\"0\" allowfullscreen=\"allowfullscreen\"><\/iframe><\/p>","protected":false},"excerpt":{"rendered":"<p>Diamant-Trockenbohrer mit einer Leistung von 1800 Watt.<\/p>","protected":false},"featured_media":7280,"comment_status":"closed","ping_status":"closed","template":"","meta":[],"product_brand":[626],"product_cat":[74,16,17],"product_tag":[],"class_list":{"0":"post-1069","1":"product","2":"type-product","3":"status-publish","4":"has-post-thumbnail","6":"product_brand-baier","7":"product_cat-diamant-boormachine","8":"product_cat-diamantgereedschap","9":"product_cat-machines","11":"first","12":"instock","13":"purchasable","14":"product-type-simple"},"ct_brands":[{"id":626,"name":"BAIER","slug":"baier-info"}],"yoast_head":"<!-- This site is optimized with the Yoast SEO plugin v27.3 - https:\/\/yoast.com\/product\/yoast-seo-wordpress\/ -->\n<title>Baier - BDB 825 - Diamant droogboormachine - 1\/2&quot; \/ 1 1\/4&quot; - 1800W - KEM Europe<\/title>\n<meta name=\"robots\" content=\"index, follow, max-snippet:-1, max-image-preview:large, max-video-preview:-1\" \/>\n<link rel=\"canonical\" href=\"https:\/\/kem-europe.eu\/de\/produkt\/baier-bdb-825-diamant-kernbohrmaschine-trocken-1-2-1-1-4-1800w\/\" \/>\n<meta property=\"og:locale\" content=\"de_DE\" \/>\n<meta property=\"og:type\" content=\"article\" \/>\n<meta property=\"og:title\" content=\"Baier - BDB 825 - Diamant droogboormachine - 1\/2&quot; \/ 1 1\/4&quot; - 1800W - KEM Europe\" \/>\n<meta property=\"og:description\" content=\"Diamant droogboormachine met een vermogen van 1800 Watt.\" \/>\n<meta property=\"og:url\" content=\"https:\/\/kem-europe.eu\/de\/produkt\/baier-bdb-825-diamant-kernbohrmaschine-trocken-1-2-1-1-4-1800w\/\" \/>\n<meta property=\"og:site_name\" content=\"KEM Europe\" \/>\n<meta property=\"article:modified_time\" content=\"2025-05-26T10:37:40+00:00\" \/>\n<meta property=\"og:image\" content=\"https:\/\/kem-europe.eu\/wp-content\/uploads\/2025\/02\/BDB825.jpg\" \/>\n\t<meta property=\"og:image:width\" content=\"700\" \/>\n\t<meta property=\"og:image:height\" content=\"700\" \/>\n\t<meta property=\"og:image:type\" content=\"image\/jpeg\" \/>\n<meta name=\"twitter:card\" content=\"summary_large_image\" \/>\n<meta name=\"twitter:label1\" content=\"Gesch\u00e4tzte Lesezeit\" \/>\n\t<meta name=\"twitter:data1\" content=\"2\u00a0Minuten\" \/>\n<script type=\"application\/ld+json\" class=\"yoast-schema-graph\">{\"@context\":\"https:\\\/\\\/schema.org\",\"@graph\":[{\"@type\":\"WebPage\",\"@id\":\"https:\\\/\\\/kem-europe.eu\\\/product\\\/baier-bdb-825-diamant-droogboormachine-1-2-1-1-4-1800w\\\/\",\"url\":\"https:\\\/\\\/kem-europe.eu\\\/product\\\/baier-bdb-825-diamant-droogboormachine-1-2-1-1-4-1800w\\\/\",\"name\":\"Baier - BDB 825 - Diamant droogboormachine - 1\\\/2\\\" \\\/ 1 1\\\/4\\\" - 1800W - KEM Europe\",\"isPartOf\":{\"@id\":\"https:\\\/\\\/kem-europe.eu\\\/#website\"},\"primaryImageOfPage\":{\"@id\":\"https:\\\/\\\/kem-europe.eu\\\/product\\\/baier-bdb-825-diamant-droogboormachine-1-2-1-1-4-1800w\\\/#primaryimage\"},\"image\":{\"@id\":\"https:\\\/\\\/kem-europe.eu\\\/product\\\/baier-bdb-825-diamant-droogboormachine-1-2-1-1-4-1800w\\\/#primaryimage\"},\"thumbnailUrl\":\"https:\\\/\\\/kem-europe.eu\\\/wp-content\\\/uploads\\\/2025\\\/02\\\/BDB825.jpg\",\"datePublished\":\"2025-02-27T08:19:32+00:00\",\"dateModified\":\"2025-05-26T10:37:40+00:00\",\"breadcrumb\":{\"@id\":\"https:\\\/\\\/kem-europe.eu\\\/product\\\/baier-bdb-825-diamant-droogboormachine-1-2-1-1-4-1800w\\\/#breadcrumb\"},\"inLanguage\":\"de\",\"potentialAction\":[{\"@type\":\"ReadAction\",\"target\":[\"https:\\\/\\\/kem-europe.eu\\\/product\\\/baier-bdb-825-diamant-droogboormachine-1-2-1-1-4-1800w\\\/\"]}]},{\"@type\":\"ImageObject\",\"inLanguage\":\"de\",\"@id\":\"https:\\\/\\\/kem-europe.eu\\\/product\\\/baier-bdb-825-diamant-droogboormachine-1-2-1-1-4-1800w\\\/#primaryimage\",\"url\":\"https:\\\/\\\/kem-europe.eu\\\/wp-content\\\/uploads\\\/2025\\\/02\\\/BDB825.jpg\",\"contentUrl\":\"https:\\\/\\\/kem-europe.eu\\\/wp-content\\\/uploads\\\/2025\\\/02\\\/BDB825.jpg\",\"width\":700,\"height\":700,\"caption\":\"Baier - BDB 825 - Diamant droogboormachine - 1\\\/2\\\" \\\/ 1 1\\\/4\\\" - 1800W\"},{\"@type\":\"BreadcrumbList\",\"@id\":\"https:\\\/\\\/kem-europe.eu\\\/product\\\/baier-bdb-825-diamant-droogboormachine-1-2-1-1-4-1800w\\\/#breadcrumb\",\"itemListElement\":[{\"@type\":\"ListItem\",\"position\":1,\"name\":\"Home\",\"item\":\"https:\\\/\\\/kem-europe.eu\\\/\"},{\"@type\":\"ListItem\",\"position\":2,\"name\":\"Winkel\",\"item\":\"https:\\\/\\\/kem-europe.eu\\\/winkel\\\/\"},{\"@type\":\"ListItem\",\"position\":3,\"name\":\"Baier &#8211; BDB 825 &#8211; Diamant droogboormachine &#8211; 1\\\/2&#8243; \\\/ 1 1\\\/4&#8243; &#8211; 1800W\"}]},{\"@type\":\"WebSite\",\"@id\":\"https:\\\/\\\/kem-europe.eu\\\/#website\",\"url\":\"https:\\\/\\\/kem-europe.eu\\\/\",\"name\":\"KEM Europe\",\"description\":\"\",\"publisher\":{\"@id\":\"https:\\\/\\\/kem-europe.eu\\\/#organization\"},\"potentialAction\":[{\"@type\":\"SearchAction\",\"target\":{\"@type\":\"EntryPoint\",\"urlTemplate\":\"https:\\\/\\\/kem-europe.eu\\\/?s={search_term_string}\"},\"query-input\":{\"@type\":\"PropertyValueSpecification\",\"valueRequired\":true,\"valueName\":\"search_term_string\"}}],\"inLanguage\":\"de\"},{\"@type\":\"Organization\",\"@id\":\"https:\\\/\\\/kem-europe.eu\\\/#organization\",\"name\":\"KEM Europe\",\"url\":\"https:\\\/\\\/kem-europe.eu\\\/\",\"logo\":{\"@type\":\"ImageObject\",\"inLanguage\":\"de\",\"@id\":\"https:\\\/\\\/kem-europe.eu\\\/#\\\/schema\\\/logo\\\/image\\\/\",\"url\":\"https:\\\/\\\/kem-europe.eu\\\/wp-content\\\/uploads\\\/2025\\\/02\\\/KEM2019-BLACK-1500W.png\",\"contentUrl\":\"https:\\\/\\\/kem-europe.eu\\\/wp-content\\\/uploads\\\/2025\\\/02\\\/KEM2019-BLACK-1500W.png\",\"width\":1500,\"height\":626,\"caption\":\"KEM Europe\"},\"image\":{\"@id\":\"https:\\\/\\\/kem-europe.eu\\\/#\\\/schema\\\/logo\\\/image\\\/\"}}]}<\/script>\n<!-- \/ Yoast SEO plugin. -->","yoast_head_json":{"title":"Baier - BDB 825 - Diamant-Trockenbohrmaschine - 1\/2\" \/ 1 1\/4\" - 1800W - KEM Europe","robots":{"index":"index","follow":"follow","max-snippet":"max-snippet:-1","max-image-preview":"max-image-preview:large","max-video-preview":"max-video-preview:-1"},"canonical":"https:\/\/kem-europe.eu\/de\/produkt\/baier-bdb-825-diamant-kernbohrmaschine-trocken-1-2-1-1-4-1800w\/","og_locale":"de_DE","og_type":"article","og_title":"Baier - BDB 825 - Diamant droogboormachine - 1\/2\" \/ 1 1\/4\" - 1800W - KEM Europe","og_description":"Diamant droogboormachine met een vermogen van 1800 Watt.","og_url":"https:\/\/kem-europe.eu\/de\/produkt\/baier-bdb-825-diamant-kernbohrmaschine-trocken-1-2-1-1-4-1800w\/","og_site_name":"KEM Europe","article_modified_time":"2025-05-26T10:37:40+00:00","og_image":[{"width":700,"height":700,"url":"https:\/\/kem-europe.eu\/wp-content\/uploads\/2025\/02\/BDB825.jpg","type":"image\/jpeg"}],"twitter_card":"summary_large_image","twitter_misc":{"Gesch\u00e4tzte Lesezeit":"2\u00a0Minuten"},"schema":{"@context":"https:\/\/schema.org","@graph":[{"@type":"WebPage","@id":"https:\/\/kem-europe.eu\/product\/baier-bdb-825-diamant-droogboormachine-1-2-1-1-4-1800w\/","url":"https:\/\/kem-europe.eu\/product\/baier-bdb-825-diamant-droogboormachine-1-2-1-1-4-1800w\/","name":"Baier - BDB 825 - Diamant-Trockenbohrmaschine - 1\/2\" \/ 1 1\/4\" - 1800W - KEM Europe","isPartOf":{"@id":"https:\/\/kem-europe.eu\/#website"},"primaryImageOfPage":{"@id":"https:\/\/kem-europe.eu\/product\/baier-bdb-825-diamant-droogboormachine-1-2-1-1-4-1800w\/#primaryimage"},"image":{"@id":"https:\/\/kem-europe.eu\/product\/baier-bdb-825-diamant-droogboormachine-1-2-1-1-4-1800w\/#primaryimage"},"thumbnailUrl":"https:\/\/kem-europe.eu\/wp-content\/uploads\/2025\/02\/BDB825.jpg","datePublished":"2025-02-27T08:19:32+00:00","dateModified":"2025-05-26T10:37:40+00:00","breadcrumb":{"@id":"https:\/\/kem-europe.eu\/product\/baier-bdb-825-diamant-droogboormachine-1-2-1-1-4-1800w\/#breadcrumb"},"inLanguage":"de","potentialAction":[{"@type":"ReadAction","target":["https:\/\/kem-europe.eu\/product\/baier-bdb-825-diamant-droogboormachine-1-2-1-1-4-1800w\/"]}]},{"@type":"ImageObject","inLanguage":"de","@id":"https:\/\/kem-europe.eu\/product\/baier-bdb-825-diamant-droogboormachine-1-2-1-1-4-1800w\/#primaryimage","url":"https:\/\/kem-europe.eu\/wp-content\/uploads\/2025\/02\/BDB825.jpg","contentUrl":"https:\/\/kem-europe.eu\/wp-content\/uploads\/2025\/02\/BDB825.jpg","width":700,"height":700,"caption":"Baier - BDB 825 - Diamant droogboormachine - 1\/2\" \/ 1 1\/4\" - 1800W"},{"@type":"BreadcrumbList","@id":"https:\/\/kem-europe.eu\/product\/baier-bdb-825-diamant-droogboormachine-1-2-1-1-4-1800w\/#breadcrumb","itemListElement":[{"@type":"ListItem","position":1,"name":"Home","item":"https:\/\/kem-europe.eu\/"},{"@type":"ListItem","position":2,"name":"Winkel","item":"https:\/\/kem-europe.eu\/winkel\/"},{"@type":"ListItem","position":3,"name":"Baier &#8211; BDB 825 &#8211; Diamant droogboormachine &#8211; 1\/2&#8243; \/ 1 1\/4&#8243; &#8211; 1800W"}]},{"@type":"WebSite","@id":"https:\/\/kem-europe.eu\/#website","url":"https:\/\/kem-europe.eu\/","name":"KEM Europe","description":"","publisher":{"@id":"https:\/\/kem-europe.eu\/#organization"},"potentialAction":[{"@type":"SearchAction","target":{"@type":"EntryPoint","urlTemplate":"https:\/\/kem-europe.eu\/?s={search_term_string}"},"query-input":{"@type":"PropertyValueSpecification","valueRequired":true,"valueName":"search_term_string"}}],"inLanguage":"de"},{"@type":"Organization","@id":"https:\/\/kem-europe.eu\/#organization","name":"KEM Europe","url":"https:\/\/kem-europe.eu\/","logo":{"@type":"ImageObject","inLanguage":"de","@id":"https:\/\/kem-europe.eu\/#\/schema\/logo\/image\/","url":"https:\/\/kem-europe.eu\/wp-content\/uploads\/2025\/02\/KEM2019-BLACK-1500W.png","contentUrl":"https:\/\/kem-europe.eu\/wp-content\/uploads\/2025\/02\/KEM2019-BLACK-1500W.png","width":1500,"height":626,"caption":"KEM Europe"},"image":{"@id":"https:\/\/kem-europe.eu\/#\/schema\/logo\/image\/"}}]}},"_links":{"self":[{"href":"https:\/\/kem-europe.eu\/de\/wp-json\/wp\/v2\/product\/1069","targetHints":{"allow":["GET"]}}],"collection":[{"href":"https:\/\/kem-europe.eu\/de\/wp-json\/wp\/v2\/product"}],"about":[{"href":"https:\/\/kem-europe.eu\/de\/wp-json\/wp\/v2\/types\/product"}],"replies":[{"embeddable":true,"href":"https:\/\/kem-europe.eu\/de\/wp-json\/wp\/v2\/comments?post=1069"}],"wp:featuredmedia":[{"embeddable":true,"href":"https:\/\/kem-europe.eu\/de\/wp-json\/wp\/v2\/media\/7280"}],"wp:attachment":[{"href":"https:\/\/kem-europe.eu\/de\/wp-json\/wp\/v2\/media?parent=1069"}],"wp:term":[{"taxonomy":"product_brand","embeddable":true,"href":"https:\/\/kem-europe.eu\/de\/wp-json\/wp\/v2\/product_brand?post=1069"},{"taxonomy":"product_cat","embeddable":true,"href":"https:\/\/kem-europe.eu\/de\/wp-json\/wp\/v2\/product_cat?post=1069"},{"taxonomy":"product_tag","embeddable":true,"href":"https:\/\/kem-europe.eu\/de\/wp-json\/wp\/v2\/product_tag?post=1069"}],"curies":[{"name":"wp","href":"https:\/\/api.w.org\/{rel}","templated":true}]}}