{"id":1085,"date":"2025-02-27T08:19:34","date_gmt":"2025-02-27T08:19:34","guid":{"rendered":"https:\/\/kem-europe.eu\/?post_type=product&#038;p=1085"},"modified":"2025-03-07T14:09:43","modified_gmt":"2025-03-07T14:09:43","slug":"baier-titanium-dosenbohrer-90mm-seitenabsaugung","status":"publish","type":"product","link":"https:\/\/kem-europe.eu\/de\/product\/baier-titanium-dozenboor-90mm-lang-afzuiging-zijkant\/","title":{"rendered":"Baier - Titan-Kastenbohrer - 90mm lang - Seitenabsaugung"},"content":{"rendered":"<p><strong>Eigenschaften Baier - Titanbohrer - 90mm lang - Seitenauszug<br \/>\n<\/strong><\/p>\n<ul>\n<li>Professionelle Baier-Qualit\u00e4t: st\u00e4rker, schneller und l\u00e4nger haltbar<\/li>\n<li>Anwendungen - Beton, Stahlbeton, hochverdichteter Kalkstein<\/li>\n<li>Seitliche \u00d6ffnung<\/li>\n<li>L\u00e4nge - 90 mm<\/li>\n<li>Durchmesser - 68 \/ 82 mm<\/li>\n<li>Ansaugung - M16<\/li>\n<li>Zusammensetzung - Lasergeschwei\u00dft<\/li>\n<li>Titan-Kastenbohrer<\/li>\n<li>Farbe - Titanium<\/li>\n<li>10 mm Segmenth\u00f6he<\/li>\n<li>Kompatibel mit - BDB 825, BDB 823A, BDB 822A, BDB 824S<\/li>\n<\/ul>","protected":false},"excerpt":{"rendered":"<p>Kenmerken Baier &#8211; Titanium-dozenboor &#8211; 90mm lang &#8211; Afzuiging zijkant Professionele Baier kwaliteit: sterker, sneller en een langere standtijd Toepassingen &#8211; Beton, gewapend beton, sterk gecomprimeerd\u00a0kalksteen Opening aan zijkant Lengte &#8211; 90 mm Diameter &#8211; 68 \/ 82 mm Opname &#8211; M16 Samenstelling &#8211; Lasergelast Titanium-dozenboor Kleur &#8211; Titanium 10 mm segmenthoogte T.b.v. &#8211; BDB [&hellip;]<\/p>\n","protected":false},"featured_media":1187,"comment_status":"closed","ping_status":"closed","template":"","meta":[],"product_brand":[626],"product_cat":[21,73,188,189,20],"product_tag":[],"class_list":{"0":"post-1085","1":"product","2":"type-product","3":"status-publish","4":"has-post-thumbnail","6":"product_brand-baier","7":"product_cat-diamant","8":"product_cat-diamant-boormachine-toebehoren","9":"product_cat-diamantboor","10":"product_cat-diamantboor-droog","11":"product_cat-verbruiksartikelen-diamant","13":"first","14":"instock","15":"purchasable","16":"product-type-variable"},"ct_brands":[{"id":626,"name":"BAIER","slug":"baier-info"}],"yoast_head":"<!-- This site is optimized with the Yoast SEO plugin v27.3 - https:\/\/yoast.com\/product\/yoast-seo-wordpress\/ -->\n<title>Baier - Titanium-dozenboor - 90mm lang - Afzuiging zijkant - KEM Europe<\/title>\n<meta name=\"robots\" content=\"index, follow, max-snippet:-1, max-image-preview:large, max-video-preview:-1\" \/>\n<link rel=\"canonical\" href=\"https:\/\/kem-europe.eu\/de\/produkt\/baier-titanium-dosenbohrer-90mm-seitenabsaugung\/\" \/>\n<meta property=\"og:locale\" content=\"de_DE\" \/>\n<meta property=\"og:type\" content=\"article\" \/>\n<meta property=\"og:title\" content=\"Baier - Titanium-dozenboor - 90mm lang - Afzuiging zijkant - KEM Europe\" \/>\n<meta property=\"og:description\" content=\"Kenmerken Baier &#8211; Titanium-dozenboor &#8211; 90mm lang &#8211; Afzuiging zijkant Professionele Baier kwaliteit: sterker, sneller en een langere standtijd Toepassingen &#8211; Beton, gewapend beton, sterk gecomprimeerd\u00a0kalksteen Opening aan zijkant Lengte &#8211; 90 mm Diameter &#8211; 68 \/ 82 mm Opname &#8211; M16 Samenstelling &#8211; Lasergelast Titanium-dozenboor Kleur &#8211; Titanium 10 mm segmenthoogte T.b.v. &#8211; BDB [&hellip;]\" \/>\n<meta property=\"og:url\" content=\"https:\/\/kem-europe.eu\/de\/produkt\/baier-titanium-dosenbohrer-90mm-seitenabsaugung\/\" \/>\n<meta property=\"og:site_name\" content=\"KEM Europe\" \/>\n<meta property=\"article:modified_time\" content=\"2025-03-07T14:09:43+00:00\" \/>\n<meta property=\"og:image\" content=\"https:\/\/kem-europe.eu\/wp-content\/uploads\/2025\/02\/Baier-8365.jpg\" \/>\n\t<meta property=\"og:image:width\" content=\"700\" \/>\n\t<meta property=\"og:image:height\" content=\"700\" \/>\n\t<meta property=\"og:image:type\" content=\"image\/jpeg\" \/>\n<meta name=\"twitter:card\" content=\"summary_large_image\" \/>\n<meta name=\"twitter:label1\" content=\"Gesch\u00e4tzte Lesezeit\" \/>\n\t<meta name=\"twitter:data1\" content=\"1\u00a0Minute\" \/>\n<script type=\"application\/ld+json\" class=\"yoast-schema-graph\">{\"@context\":\"https:\\\/\\\/schema.org\",\"@graph\":[{\"@type\":\"WebPage\",\"@id\":\"https:\\\/\\\/kem-europe.eu\\\/product\\\/baier-titanium-dozenboor-90mm-lang-afzuiging-zijkant\\\/\",\"url\":\"https:\\\/\\\/kem-europe.eu\\\/product\\\/baier-titanium-dozenboor-90mm-lang-afzuiging-zijkant\\\/\",\"name\":\"Baier - Titanium-dozenboor - 90mm lang - Afzuiging zijkant - KEM Europe\",\"isPartOf\":{\"@id\":\"https:\\\/\\\/kem-europe.eu\\\/#website\"},\"primaryImageOfPage\":{\"@id\":\"https:\\\/\\\/kem-europe.eu\\\/product\\\/baier-titanium-dozenboor-90mm-lang-afzuiging-zijkant\\\/#primaryimage\"},\"image\":{\"@id\":\"https:\\\/\\\/kem-europe.eu\\\/product\\\/baier-titanium-dozenboor-90mm-lang-afzuiging-zijkant\\\/#primaryimage\"},\"thumbnailUrl\":\"https:\\\/\\\/kem-europe.eu\\\/wp-content\\\/uploads\\\/2025\\\/02\\\/Baier-8365.jpg\",\"datePublished\":\"2025-02-27T08:19:34+00:00\",\"dateModified\":\"2025-03-07T14:09:43+00:00\",\"breadcrumb\":{\"@id\":\"https:\\\/\\\/kem-europe.eu\\\/product\\\/baier-titanium-dozenboor-90mm-lang-afzuiging-zijkant\\\/#breadcrumb\"},\"inLanguage\":\"de\",\"potentialAction\":[{\"@type\":\"ReadAction\",\"target\":[\"https:\\\/\\\/kem-europe.eu\\\/product\\\/baier-titanium-dozenboor-90mm-lang-afzuiging-zijkant\\\/\"]}]},{\"@type\":\"ImageObject\",\"inLanguage\":\"de\",\"@id\":\"https:\\\/\\\/kem-europe.eu\\\/product\\\/baier-titanium-dozenboor-90mm-lang-afzuiging-zijkant\\\/#primaryimage\",\"url\":\"https:\\\/\\\/kem-europe.eu\\\/wp-content\\\/uploads\\\/2025\\\/02\\\/Baier-8365.jpg\",\"contentUrl\":\"https:\\\/\\\/kem-europe.eu\\\/wp-content\\\/uploads\\\/2025\\\/02\\\/Baier-8365.jpg\",\"width\":700,\"height\":700},{\"@type\":\"BreadcrumbList\",\"@id\":\"https:\\\/\\\/kem-europe.eu\\\/product\\\/baier-titanium-dozenboor-90mm-lang-afzuiging-zijkant\\\/#breadcrumb\",\"itemListElement\":[{\"@type\":\"ListItem\",\"position\":1,\"name\":\"Home\",\"item\":\"https:\\\/\\\/kem-europe.eu\\\/\"},{\"@type\":\"ListItem\",\"position\":2,\"name\":\"Winkel\",\"item\":\"https:\\\/\\\/kem-europe.eu\\\/winkel\\\/\"},{\"@type\":\"ListItem\",\"position\":3,\"name\":\"Baier &#8211; Titanium-dozenboor &#8211; 90mm lang &#8211; Afzuiging zijkant\"}]},{\"@type\":\"WebSite\",\"@id\":\"https:\\\/\\\/kem-europe.eu\\\/#website\",\"url\":\"https:\\\/\\\/kem-europe.eu\\\/\",\"name\":\"KEM Europe\",\"description\":\"\",\"publisher\":{\"@id\":\"https:\\\/\\\/kem-europe.eu\\\/#organization\"},\"potentialAction\":[{\"@type\":\"SearchAction\",\"target\":{\"@type\":\"EntryPoint\",\"urlTemplate\":\"https:\\\/\\\/kem-europe.eu\\\/?s={search_term_string}\"},\"query-input\":{\"@type\":\"PropertyValueSpecification\",\"valueRequired\":true,\"valueName\":\"search_term_string\"}}],\"inLanguage\":\"de\"},{\"@type\":\"Organization\",\"@id\":\"https:\\\/\\\/kem-europe.eu\\\/#organization\",\"name\":\"KEM Europe\",\"url\":\"https:\\\/\\\/kem-europe.eu\\\/\",\"logo\":{\"@type\":\"ImageObject\",\"inLanguage\":\"de\",\"@id\":\"https:\\\/\\\/kem-europe.eu\\\/#\\\/schema\\\/logo\\\/image\\\/\",\"url\":\"https:\\\/\\\/kem-europe.eu\\\/wp-content\\\/uploads\\\/2025\\\/02\\\/KEM2019-BLACK-1500W.png\",\"contentUrl\":\"https:\\\/\\\/kem-europe.eu\\\/wp-content\\\/uploads\\\/2025\\\/02\\\/KEM2019-BLACK-1500W.png\",\"width\":1500,\"height\":626,\"caption\":\"KEM Europe\"},\"image\":{\"@id\":\"https:\\\/\\\/kem-europe.eu\\\/#\\\/schema\\\/logo\\\/image\\\/\"}}]}<\/script>\n<!-- \/ Yoast SEO plugin. -->","yoast_head_json":{"title":"Baier - Titanbohrer - 90mm lang - Seitliche Absaugung - KEM Europe","robots":{"index":"index","follow":"follow","max-snippet":"max-snippet:-1","max-image-preview":"max-image-preview:large","max-video-preview":"max-video-preview:-1"},"canonical":"https:\/\/kem-europe.eu\/de\/produkt\/baier-titanium-dosenbohrer-90mm-seitenabsaugung\/","og_locale":"de_DE","og_type":"article","og_title":"Baier - Titanium-dozenboor - 90mm lang - Afzuiging zijkant - KEM Europe","og_description":"Kenmerken Baier &#8211; Titanium-dozenboor &#8211; 90mm lang &#8211; Afzuiging zijkant Professionele Baier kwaliteit: sterker, sneller en een langere standtijd Toepassingen &#8211; Beton, gewapend beton, sterk gecomprimeerd\u00a0kalksteen Opening aan zijkant Lengte &#8211; 90 mm Diameter &#8211; 68 \/ 82 mm Opname &#8211; M16 Samenstelling &#8211; Lasergelast Titanium-dozenboor Kleur &#8211; Titanium 10 mm segmenthoogte T.b.v. &#8211; BDB [&hellip;]","og_url":"https:\/\/kem-europe.eu\/de\/produkt\/baier-titanium-dosenbohrer-90mm-seitenabsaugung\/","og_site_name":"KEM Europe","article_modified_time":"2025-03-07T14:09:43+00:00","og_image":[{"width":700,"height":700,"url":"https:\/\/kem-europe.eu\/wp-content\/uploads\/2025\/02\/Baier-8365.jpg","type":"image\/jpeg"}],"twitter_card":"summary_large_image","twitter_misc":{"Gesch\u00e4tzte Lesezeit":"1\u00a0Minute"},"schema":{"@context":"https:\/\/schema.org","@graph":[{"@type":"WebPage","@id":"https:\/\/kem-europe.eu\/product\/baier-titanium-dozenboor-90mm-lang-afzuiging-zijkant\/","url":"https:\/\/kem-europe.eu\/product\/baier-titanium-dozenboor-90mm-lang-afzuiging-zijkant\/","name":"Baier - Titanbohrer - 90mm lang - Seitliche Absaugung - KEM Europe","isPartOf":{"@id":"https:\/\/kem-europe.eu\/#website"},"primaryImageOfPage":{"@id":"https:\/\/kem-europe.eu\/product\/baier-titanium-dozenboor-90mm-lang-afzuiging-zijkant\/#primaryimage"},"image":{"@id":"https:\/\/kem-europe.eu\/product\/baier-titanium-dozenboor-90mm-lang-afzuiging-zijkant\/#primaryimage"},"thumbnailUrl":"https:\/\/kem-europe.eu\/wp-content\/uploads\/2025\/02\/Baier-8365.jpg","datePublished":"2025-02-27T08:19:34+00:00","dateModified":"2025-03-07T14:09:43+00:00","breadcrumb":{"@id":"https:\/\/kem-europe.eu\/product\/baier-titanium-dozenboor-90mm-lang-afzuiging-zijkant\/#breadcrumb"},"inLanguage":"de","potentialAction":[{"@type":"ReadAction","target":["https:\/\/kem-europe.eu\/product\/baier-titanium-dozenboor-90mm-lang-afzuiging-zijkant\/"]}]},{"@type":"ImageObject","inLanguage":"de","@id":"https:\/\/kem-europe.eu\/product\/baier-titanium-dozenboor-90mm-lang-afzuiging-zijkant\/#primaryimage","url":"https:\/\/kem-europe.eu\/wp-content\/uploads\/2025\/02\/Baier-8365.jpg","contentUrl":"https:\/\/kem-europe.eu\/wp-content\/uploads\/2025\/02\/Baier-8365.jpg","width":700,"height":700},{"@type":"BreadcrumbList","@id":"https:\/\/kem-europe.eu\/product\/baier-titanium-dozenboor-90mm-lang-afzuiging-zijkant\/#breadcrumb","itemListElement":[{"@type":"ListItem","position":1,"name":"Home","item":"https:\/\/kem-europe.eu\/"},{"@type":"ListItem","position":2,"name":"Winkel","item":"https:\/\/kem-europe.eu\/winkel\/"},{"@type":"ListItem","position":3,"name":"Baier &#8211; Titanium-dozenboor &#8211; 90mm lang &#8211; Afzuiging zijkant"}]},{"@type":"WebSite","@id":"https:\/\/kem-europe.eu\/#website","url":"https:\/\/kem-europe.eu\/","name":"KEM Europe","description":"","publisher":{"@id":"https:\/\/kem-europe.eu\/#organization"},"potentialAction":[{"@type":"SearchAction","target":{"@type":"EntryPoint","urlTemplate":"https:\/\/kem-europe.eu\/?s={search_term_string}"},"query-input":{"@type":"PropertyValueSpecification","valueRequired":true,"valueName":"search_term_string"}}],"inLanguage":"de"},{"@type":"Organization","@id":"https:\/\/kem-europe.eu\/#organization","name":"KEM Europe","url":"https:\/\/kem-europe.eu\/","logo":{"@type":"ImageObject","inLanguage":"de","@id":"https:\/\/kem-europe.eu\/#\/schema\/logo\/image\/","url":"https:\/\/kem-europe.eu\/wp-content\/uploads\/2025\/02\/KEM2019-BLACK-1500W.png","contentUrl":"https:\/\/kem-europe.eu\/wp-content\/uploads\/2025\/02\/KEM2019-BLACK-1500W.png","width":1500,"height":626,"caption":"KEM Europe"},"image":{"@id":"https:\/\/kem-europe.eu\/#\/schema\/logo\/image\/"}}]}},"_links":{"self":[{"href":"https:\/\/kem-europe.eu\/de\/wp-json\/wp\/v2\/product\/1085","targetHints":{"allow":["GET"]}}],"collection":[{"href":"https:\/\/kem-europe.eu\/de\/wp-json\/wp\/v2\/product"}],"about":[{"href":"https:\/\/kem-europe.eu\/de\/wp-json\/wp\/v2\/types\/product"}],"replies":[{"embeddable":true,"href":"https:\/\/kem-europe.eu\/de\/wp-json\/wp\/v2\/comments?post=1085"}],"wp:featuredmedia":[{"embeddable":true,"href":"https:\/\/kem-europe.eu\/de\/wp-json\/wp\/v2\/media\/1187"}],"wp:attachment":[{"href":"https:\/\/kem-europe.eu\/de\/wp-json\/wp\/v2\/media?parent=1085"}],"wp:term":[{"taxonomy":"product_brand","embeddable":true,"href":"https:\/\/kem-europe.eu\/de\/wp-json\/wp\/v2\/product_brand?post=1085"},{"taxonomy":"product_cat","embeddable":true,"href":"https:\/\/kem-europe.eu\/de\/wp-json\/wp\/v2\/product_cat?post=1085"},{"taxonomy":"product_tag","embeddable":true,"href":"https:\/\/kem-europe.eu\/de\/wp-json\/wp\/v2\/product_tag?post=1085"}],"curies":[{"name":"wp","href":"https:\/\/api.w.org\/{rel}","templated":true}]}}