{"id":1121,"date":"2025-02-27T08:19:38","date_gmt":"2025-02-27T08:19:38","guid":{"rendered":"https:\/\/kem-europe.eu\/?post_type=product&#038;p=1121"},"modified":"2025-03-07T14:16:59","modified_gmt":"2025-03-07T14:16:59","slug":"baier-73379-hm-topfscheibe-mit-wechselmessern-set","status":"publish","type":"product","link":"https:\/\/kem-europe.eu\/de\/product\/baier-73379-hm-komschijf-met-wisselmessen-set\/","title":{"rendered":"Baier - 73379 - HM-Sch\u00fcsselscheibe mit Wechselklingen-Set"},"content":{"rendered":"<p><b>Eigenschaften Baier - 73379 - HM-Sch\u00fcsselscheibe mit Wechselklingen-Set<\/b><\/p>\n<ul>\n<li>Mit langfristigen Ergebnissen bei schonendem oder aggressivem Abtrag (hochwertige Hartmetall-Fr\u00e4splatten). Definiertes Abtragen und Egalisieren von Estrichen und Putz. Abkratzen von fettigen Materialien, z.B. \u00d6lfarbe in Schwimmb\u00e4dern, verschiedene Federn auf unterschiedlichen Untergr\u00fcnden. Beseitigung von Graffiti. Schabearbeiten (auch auf bleihaltigen Materialien) sind nur mit der Schiebeplatte m\u00f6glich<\/li>\n<li>Zum Beispiel - BFF 222<\/li>\n<\/ul>","protected":false},"excerpt":{"rendered":"<p>Kenmerken Baier &#8211; 73379 &#8211; HM komschijf met wisselmessen set Met een lange termijn resultaat voor de zachte of de agressieve verwijdering (hoge kwaliteit hardmetalen freesplaten). Gedefinieerd verwijderen en egaliseren van dekvloeren en pleisterkalk. Schrapen van smeerachtige materialen, bv olieverf in zwembaden, diverse veren op verschillende achtergronden. Het verwijderen van graffiti. Afschraap werkzaamheden (zelfs bij [&hellip;]<\/p>\n","protected":false},"featured_media":1312,"comment_status":"closed","ping_status":"closed","template":"","meta":[],"product_brand":[626],"product_cat":[26,211],"product_tag":[],"class_list":{"0":"post-1121","1":"product","2":"type-product","3":"status-publish","4":"has-post-thumbnail","6":"product_brand-baier","7":"product_cat-diamantgereedschap-toebehoren","8":"product_cat-saneringsfrees-toebehoren","10":"first","11":"instock","12":"purchasable","13":"product-type-simple"},"ct_brands":[{"id":626,"name":"BAIER","slug":"baier-info"}],"yoast_head":"<!-- This site is optimized with the Yoast SEO plugin v27.3 - https:\/\/yoast.com\/product\/yoast-seo-wordpress\/ -->\n<title>Baier - 73379 - HM komschijf met wisselmessen set - KEM Europe<\/title>\n<meta name=\"robots\" content=\"index, follow, max-snippet:-1, max-image-preview:large, max-video-preview:-1\" \/>\n<link rel=\"canonical\" href=\"https:\/\/kem-europe.eu\/de\/produkt\/baier-73379-hm-topfscheibe-mit-wechselmessern-set\/\" \/>\n<meta property=\"og:locale\" content=\"de_DE\" \/>\n<meta property=\"og:type\" content=\"article\" \/>\n<meta property=\"og:title\" content=\"Baier - 73379 - HM komschijf met wisselmessen set - KEM Europe\" \/>\n<meta property=\"og:description\" content=\"Kenmerken Baier &#8211; 73379 &#8211; HM komschijf met wisselmessen set Met een lange termijn resultaat voor de zachte of de agressieve verwijdering (hoge kwaliteit hardmetalen freesplaten). Gedefinieerd verwijderen en egaliseren van dekvloeren en pleisterkalk. Schrapen van smeerachtige materialen, bv olieverf in zwembaden, diverse veren op verschillende achtergronden. Het verwijderen van graffiti. Afschraap werkzaamheden (zelfs bij [&hellip;]\" \/>\n<meta property=\"og:url\" content=\"https:\/\/kem-europe.eu\/de\/produkt\/baier-73379-hm-topfscheibe-mit-wechselmessern-set\/\" \/>\n<meta property=\"og:site_name\" content=\"KEM Europe\" \/>\n<meta property=\"article:modified_time\" content=\"2025-03-07T14:16:59+00:00\" \/>\n<meta property=\"og:image\" content=\"https:\/\/kem-europe.eu\/wp-content\/uploads\/2025\/02\/Baier-73379-HM-komschijf-met-wisselmessen-s-et.jpg\" \/>\n\t<meta property=\"og:image:width\" content=\"700\" \/>\n\t<meta property=\"og:image:height\" content=\"700\" \/>\n\t<meta property=\"og:image:type\" content=\"image\/jpeg\" \/>\n<meta name=\"twitter:card\" content=\"summary_large_image\" \/>\n<meta name=\"twitter:label1\" content=\"Gesch\u00e4tzte Lesezeit\" \/>\n\t<meta name=\"twitter:data1\" content=\"1\u00a0Minute\" \/>\n<script type=\"application\/ld+json\" class=\"yoast-schema-graph\">{\"@context\":\"https:\\\/\\\/schema.org\",\"@graph\":[{\"@type\":\"WebPage\",\"@id\":\"https:\\\/\\\/kem-europe.eu\\\/product\\\/baier-73379-hm-komschijf-met-wisselmessen-set\\\/\",\"url\":\"https:\\\/\\\/kem-europe.eu\\\/product\\\/baier-73379-hm-komschijf-met-wisselmessen-set\\\/\",\"name\":\"Baier - 73379 - HM komschijf met wisselmessen set - KEM Europe\",\"isPartOf\":{\"@id\":\"https:\\\/\\\/kem-europe.eu\\\/#website\"},\"primaryImageOfPage\":{\"@id\":\"https:\\\/\\\/kem-europe.eu\\\/product\\\/baier-73379-hm-komschijf-met-wisselmessen-set\\\/#primaryimage\"},\"image\":{\"@id\":\"https:\\\/\\\/kem-europe.eu\\\/product\\\/baier-73379-hm-komschijf-met-wisselmessen-set\\\/#primaryimage\"},\"thumbnailUrl\":\"https:\\\/\\\/kem-europe.eu\\\/wp-content\\\/uploads\\\/2025\\\/02\\\/Baier-73379-HM-komschijf-met-wisselmessen-s-et.jpg\",\"datePublished\":\"2025-02-27T08:19:38+00:00\",\"dateModified\":\"2025-03-07T14:16:59+00:00\",\"breadcrumb\":{\"@id\":\"https:\\\/\\\/kem-europe.eu\\\/product\\\/baier-73379-hm-komschijf-met-wisselmessen-set\\\/#breadcrumb\"},\"inLanguage\":\"de\",\"potentialAction\":[{\"@type\":\"ReadAction\",\"target\":[\"https:\\\/\\\/kem-europe.eu\\\/product\\\/baier-73379-hm-komschijf-met-wisselmessen-set\\\/\"]}]},{\"@type\":\"ImageObject\",\"inLanguage\":\"de\",\"@id\":\"https:\\\/\\\/kem-europe.eu\\\/product\\\/baier-73379-hm-komschijf-met-wisselmessen-set\\\/#primaryimage\",\"url\":\"https:\\\/\\\/kem-europe.eu\\\/wp-content\\\/uploads\\\/2025\\\/02\\\/Baier-73379-HM-komschijf-met-wisselmessen-s-et.jpg\",\"contentUrl\":\"https:\\\/\\\/kem-europe.eu\\\/wp-content\\\/uploads\\\/2025\\\/02\\\/Baier-73379-HM-komschijf-met-wisselmessen-s-et.jpg\",\"width\":700,\"height\":700},{\"@type\":\"BreadcrumbList\",\"@id\":\"https:\\\/\\\/kem-europe.eu\\\/product\\\/baier-73379-hm-komschijf-met-wisselmessen-set\\\/#breadcrumb\",\"itemListElement\":[{\"@type\":\"ListItem\",\"position\":1,\"name\":\"Home\",\"item\":\"https:\\\/\\\/kem-europe.eu\\\/\"},{\"@type\":\"ListItem\",\"position\":2,\"name\":\"Winkel\",\"item\":\"https:\\\/\\\/kem-europe.eu\\\/winkel\\\/\"},{\"@type\":\"ListItem\",\"position\":3,\"name\":\"Baier &#8211; 73379 &#8211; HM komschijf met wisselmessen set\"}]},{\"@type\":\"WebSite\",\"@id\":\"https:\\\/\\\/kem-europe.eu\\\/#website\",\"url\":\"https:\\\/\\\/kem-europe.eu\\\/\",\"name\":\"KEM Europe\",\"description\":\"\",\"publisher\":{\"@id\":\"https:\\\/\\\/kem-europe.eu\\\/#organization\"},\"potentialAction\":[{\"@type\":\"SearchAction\",\"target\":{\"@type\":\"EntryPoint\",\"urlTemplate\":\"https:\\\/\\\/kem-europe.eu\\\/?s={search_term_string}\"},\"query-input\":{\"@type\":\"PropertyValueSpecification\",\"valueRequired\":true,\"valueName\":\"search_term_string\"}}],\"inLanguage\":\"de\"},{\"@type\":\"Organization\",\"@id\":\"https:\\\/\\\/kem-europe.eu\\\/#organization\",\"name\":\"KEM Europe\",\"url\":\"https:\\\/\\\/kem-europe.eu\\\/\",\"logo\":{\"@type\":\"ImageObject\",\"inLanguage\":\"de\",\"@id\":\"https:\\\/\\\/kem-europe.eu\\\/#\\\/schema\\\/logo\\\/image\\\/\",\"url\":\"https:\\\/\\\/kem-europe.eu\\\/wp-content\\\/uploads\\\/2025\\\/02\\\/KEM2019-BLACK-1500W.png\",\"contentUrl\":\"https:\\\/\\\/kem-europe.eu\\\/wp-content\\\/uploads\\\/2025\\\/02\\\/KEM2019-BLACK-1500W.png\",\"width\":1500,\"height\":626,\"caption\":\"KEM Europe\"},\"image\":{\"@id\":\"https:\\\/\\\/kem-europe.eu\\\/#\\\/schema\\\/logo\\\/image\\\/\"}}]}<\/script>\n<!-- \/ Yoast SEO plugin. -->","yoast_head_json":{"title":"Baier - 73379 - HM-Sch\u00fcsselscheibe mit austauschbarem Messersatz - KEM Europe","robots":{"index":"index","follow":"follow","max-snippet":"max-snippet:-1","max-image-preview":"max-image-preview:large","max-video-preview":"max-video-preview:-1"},"canonical":"https:\/\/kem-europe.eu\/de\/produkt\/baier-73379-hm-topfscheibe-mit-wechselmessern-set\/","og_locale":"de_DE","og_type":"article","og_title":"Baier - 73379 - HM komschijf met wisselmessen set - KEM Europe","og_description":"Kenmerken Baier &#8211; 73379 &#8211; HM komschijf met wisselmessen set Met een lange termijn resultaat voor de zachte of de agressieve verwijdering (hoge kwaliteit hardmetalen freesplaten). Gedefinieerd verwijderen en egaliseren van dekvloeren en pleisterkalk. Schrapen van smeerachtige materialen, bv olieverf in zwembaden, diverse veren op verschillende achtergronden. Het verwijderen van graffiti. Afschraap werkzaamheden (zelfs bij [&hellip;]","og_url":"https:\/\/kem-europe.eu\/de\/produkt\/baier-73379-hm-topfscheibe-mit-wechselmessern-set\/","og_site_name":"KEM Europe","article_modified_time":"2025-03-07T14:16:59+00:00","og_image":[{"width":700,"height":700,"url":"https:\/\/kem-europe.eu\/wp-content\/uploads\/2025\/02\/Baier-73379-HM-komschijf-met-wisselmessen-s-et.jpg","type":"image\/jpeg"}],"twitter_card":"summary_large_image","twitter_misc":{"Gesch\u00e4tzte Lesezeit":"1\u00a0Minute"},"schema":{"@context":"https:\/\/schema.org","@graph":[{"@type":"WebPage","@id":"https:\/\/kem-europe.eu\/product\/baier-73379-hm-komschijf-met-wisselmessen-set\/","url":"https:\/\/kem-europe.eu\/product\/baier-73379-hm-komschijf-met-wisselmessen-set\/","name":"Baier - 73379 - HM-Sch\u00fcsselscheibe mit austauschbarem Messersatz - KEM Europe","isPartOf":{"@id":"https:\/\/kem-europe.eu\/#website"},"primaryImageOfPage":{"@id":"https:\/\/kem-europe.eu\/product\/baier-73379-hm-komschijf-met-wisselmessen-set\/#primaryimage"},"image":{"@id":"https:\/\/kem-europe.eu\/product\/baier-73379-hm-komschijf-met-wisselmessen-set\/#primaryimage"},"thumbnailUrl":"https:\/\/kem-europe.eu\/wp-content\/uploads\/2025\/02\/Baier-73379-HM-komschijf-met-wisselmessen-s-et.jpg","datePublished":"2025-02-27T08:19:38+00:00","dateModified":"2025-03-07T14:16:59+00:00","breadcrumb":{"@id":"https:\/\/kem-europe.eu\/product\/baier-73379-hm-komschijf-met-wisselmessen-set\/#breadcrumb"},"inLanguage":"de","potentialAction":[{"@type":"ReadAction","target":["https:\/\/kem-europe.eu\/product\/baier-73379-hm-komschijf-met-wisselmessen-set\/"]}]},{"@type":"ImageObject","inLanguage":"de","@id":"https:\/\/kem-europe.eu\/product\/baier-73379-hm-komschijf-met-wisselmessen-set\/#primaryimage","url":"https:\/\/kem-europe.eu\/wp-content\/uploads\/2025\/02\/Baier-73379-HM-komschijf-met-wisselmessen-s-et.jpg","contentUrl":"https:\/\/kem-europe.eu\/wp-content\/uploads\/2025\/02\/Baier-73379-HM-komschijf-met-wisselmessen-s-et.jpg","width":700,"height":700},{"@type":"BreadcrumbList","@id":"https:\/\/kem-europe.eu\/product\/baier-73379-hm-komschijf-met-wisselmessen-set\/#breadcrumb","itemListElement":[{"@type":"ListItem","position":1,"name":"Home","item":"https:\/\/kem-europe.eu\/"},{"@type":"ListItem","position":2,"name":"Winkel","item":"https:\/\/kem-europe.eu\/winkel\/"},{"@type":"ListItem","position":3,"name":"Baier &#8211; 73379 &#8211; HM komschijf met wisselmessen set"}]},{"@type":"WebSite","@id":"https:\/\/kem-europe.eu\/#website","url":"https:\/\/kem-europe.eu\/","name":"KEM Europe","description":"","publisher":{"@id":"https:\/\/kem-europe.eu\/#organization"},"potentialAction":[{"@type":"SearchAction","target":{"@type":"EntryPoint","urlTemplate":"https:\/\/kem-europe.eu\/?s={search_term_string}"},"query-input":{"@type":"PropertyValueSpecification","valueRequired":true,"valueName":"search_term_string"}}],"inLanguage":"de"},{"@type":"Organization","@id":"https:\/\/kem-europe.eu\/#organization","name":"KEM Europe","url":"https:\/\/kem-europe.eu\/","logo":{"@type":"ImageObject","inLanguage":"de","@id":"https:\/\/kem-europe.eu\/#\/schema\/logo\/image\/","url":"https:\/\/kem-europe.eu\/wp-content\/uploads\/2025\/02\/KEM2019-BLACK-1500W.png","contentUrl":"https:\/\/kem-europe.eu\/wp-content\/uploads\/2025\/02\/KEM2019-BLACK-1500W.png","width":1500,"height":626,"caption":"KEM Europe"},"image":{"@id":"https:\/\/kem-europe.eu\/#\/schema\/logo\/image\/"}}]}},"_links":{"self":[{"href":"https:\/\/kem-europe.eu\/de\/wp-json\/wp\/v2\/product\/1121","targetHints":{"allow":["GET"]}}],"collection":[{"href":"https:\/\/kem-europe.eu\/de\/wp-json\/wp\/v2\/product"}],"about":[{"href":"https:\/\/kem-europe.eu\/de\/wp-json\/wp\/v2\/types\/product"}],"replies":[{"embeddable":true,"href":"https:\/\/kem-europe.eu\/de\/wp-json\/wp\/v2\/comments?post=1121"}],"wp:featuredmedia":[{"embeddable":true,"href":"https:\/\/kem-europe.eu\/de\/wp-json\/wp\/v2\/media\/1312"}],"wp:attachment":[{"href":"https:\/\/kem-europe.eu\/de\/wp-json\/wp\/v2\/media?parent=1121"}],"wp:term":[{"taxonomy":"product_brand","embeddable":true,"href":"https:\/\/kem-europe.eu\/de\/wp-json\/wp\/v2\/product_brand?post=1121"},{"taxonomy":"product_cat","embeddable":true,"href":"https:\/\/kem-europe.eu\/de\/wp-json\/wp\/v2\/product_cat?post=1121"},{"taxonomy":"product_tag","embeddable":true,"href":"https:\/\/kem-europe.eu\/de\/wp-json\/wp\/v2\/product_tag?post=1121"}],"curies":[{"name":"wp","href":"https:\/\/api.w.org\/{rel}","templated":true}]}}