{"id":1125,"date":"2025-02-27T08:19:38","date_gmt":"2025-02-27T08:19:38","guid":{"rendered":"https:\/\/kem-europe.eu\/?post_type=product&#038;p=1125"},"modified":"2025-05-26T12:57:19","modified_gmt":"2025-05-26T12:57:19","slug":"baier-bdb-835-diamant-bohrsystem-nass-3000w","status":"publish","type":"product","link":"https:\/\/kem-europe.eu\/de\/product\/baier-bdb-835-diamant-natboorsysteem-3000w\/","title":{"rendered":"Baier - BDB 835 - Diamant-Nassbohrsystem - 3000W"},"content":{"rendered":"<p><strong>Eigenschaften BDB 835 - Diamantbohrsystem - 3000w<br \/>\n<\/strong><\/p>\n<ul>\n<li>Diamant-Nassbohrsystem f\u00fcr hochpr\u00e4zise Kernbohrungen in extrem hartem Gestein bis zu 300 mm<\/li>\n<li>3-Gang-Getriebe mit \"Hochleistungs\"-Schmiersystem<\/li>\n<li>Leistungsstarkes Nasskernbohren mit 3000 W Dauerleistung und bis zu 185 Nm Drehmoment<\/li>\n<li>Maschine und Bohrst\u00e4nder k\u00f6nnen von einer Person installiert werden<\/li>\n<li>Extrem pflegeleicht dank abnehmbarem Wassersp\u00fclkopf<\/li>\n<li>\u00dcberlastschutz mit PRCD-Schalter<\/li>\n<li>Elektronische und mechanische Kopplung<\/li>\n<li>Nahezu kein Kupplungsverschlei\u00df durch die elektronische Steuerung<\/li>\n<li>LED-Anzeige f\u00fcr optimale Bohrleistung<\/li>\n<li>Elektronischer Sanftanlauf<\/li>\n<\/ul>\n<p><strong>Technische Daten<\/strong><\/p>\n<ul>\n<li>Leistung - 3000 Watt<\/li>\n<li>Drehmoment - 185 Nm<\/li>\n<li>Leerlaufdrehzahl - 215 - 430 - 785 Rpm<\/li>\n<li>Bohrleistung - bis zu 300 mm<\/li>\n<li>Gewicht - 12,2 kg<\/li>\n<li>Einlass - 1 1\/4\"<\/li>\n<li>Hubfrequenz p\/min - 28.000 p\/min<\/li>\n<\/ul>\n<p><strong>Umfang der Lieferung<\/strong><\/p>\n<ul>\n<li>Metall-Transportkoffer inkl. Zubeh\u00f6r<\/li>\n<li>Bohrst\u00e4nder<\/li>\n<\/ul>","protected":false},"excerpt":{"rendered":"<p>Kenmerken BDB 835 &#8211; Diamant boorsysteem &#8211; 3000w Diamant natboorsysteem voor\u00a0hoog precisie kernboren in extreem hard steen\u00a0tot\u00a0300 mm 3-speed versnellingsbak met &#8220;High performance&#8221; smeersysteem Krachtig natkernboren met 3000 Watt duurvermogen en tot 185 Nm koppel Machine en\u00a0boorstandaard kan door \u00e9\u00e9n persoon worden ge\u00efnstalleerd Door afneembare waterspoelkop uiterst onderhoudsvriendelijk Overbelasting beveiliging met PRCD schakelaar Elektronische en [&hellip;]<\/p>\n","protected":false},"featured_media":7297,"comment_status":"closed","ping_status":"closed","template":"","meta":[],"product_brand":[626],"product_cat":[74,16,17],"product_tag":[],"class_list":{"0":"post-1125","1":"product","2":"type-product","3":"status-publish","4":"has-post-thumbnail","6":"product_brand-baier","7":"product_cat-diamant-boormachine","8":"product_cat-diamantgereedschap","9":"product_cat-machines","11":"first","12":"instock","13":"purchasable","14":"product-type-simple"},"ct_brands":[{"id":626,"name":"BAIER","slug":"baier-info"}],"yoast_head":"<!-- This site is optimized with the Yoast SEO plugin v27.4 - https:\/\/yoast.com\/product\/yoast-seo-wordpress\/ -->\n<title>Baier - BDB 835 - Diamant natboorsysteem - 3000W - KEM Europe<\/title>\n<meta name=\"robots\" content=\"index, follow, max-snippet:-1, max-image-preview:large, max-video-preview:-1\" \/>\n<link rel=\"canonical\" href=\"https:\/\/kem-europe.eu\/de\/produkt\/baier-bdb-835-diamant-bohrsystem-nass-3000w\/\" \/>\n<meta property=\"og:locale\" content=\"de_DE\" \/>\n<meta property=\"og:type\" content=\"article\" \/>\n<meta property=\"og:title\" content=\"Baier - BDB 835 - Diamant natboorsysteem - 3000W - KEM Europe\" \/>\n<meta property=\"og:description\" content=\"Kenmerken BDB 835 &#8211; Diamant boorsysteem &#8211; 3000w Diamant natboorsysteem voor\u00a0hoog precisie kernboren in extreem hard steen\u00a0tot\u00a0300 mm 3-speed versnellingsbak met &#8220;High performance&#8221; smeersysteem Krachtig natkernboren met 3000 Watt duurvermogen en tot 185 Nm koppel Machine en\u00a0boorstandaard kan door \u00e9\u00e9n persoon worden ge\u00efnstalleerd Door afneembare waterspoelkop uiterst onderhoudsvriendelijk Overbelasting beveiliging met PRCD schakelaar Elektronische en [&hellip;]\" \/>\n<meta property=\"og:url\" content=\"https:\/\/kem-europe.eu\/de\/produkt\/baier-bdb-835-diamant-bohrsystem-nass-3000w\/\" \/>\n<meta property=\"og:site_name\" content=\"KEM Europe\" \/>\n<meta property=\"article:modified_time\" content=\"2025-05-26T12:57:19+00:00\" \/>\n<meta property=\"og:image\" content=\"https:\/\/kem-europe.eu\/wp-content\/uploads\/2025\/02\/BDB835-1.png\" \/>\n\t<meta property=\"og:image:width\" content=\"700\" \/>\n\t<meta property=\"og:image:height\" content=\"700\" \/>\n\t<meta property=\"og:image:type\" content=\"image\/png\" \/>\n<meta name=\"twitter:card\" content=\"summary_large_image\" \/>\n<meta name=\"twitter:label1\" content=\"Gesch\u00e4tzte Lesezeit\" \/>\n\t<meta name=\"twitter:data1\" content=\"1\u00a0Minute\" \/>\n<script type=\"application\/ld+json\" class=\"yoast-schema-graph\">{\"@context\":\"https:\\\/\\\/schema.org\",\"@graph\":[{\"@type\":\"WebPage\",\"@id\":\"https:\\\/\\\/kem-europe.eu\\\/product\\\/baier-bdb-835-diamant-natboorsysteem-3000w\\\/\",\"url\":\"https:\\\/\\\/kem-europe.eu\\\/product\\\/baier-bdb-835-diamant-natboorsysteem-3000w\\\/\",\"name\":\"Baier - BDB 835 - Diamant natboorsysteem - 3000W - KEM Europe\",\"isPartOf\":{\"@id\":\"https:\\\/\\\/kem-europe.eu\\\/#website\"},\"primaryImageOfPage\":{\"@id\":\"https:\\\/\\\/kem-europe.eu\\\/product\\\/baier-bdb-835-diamant-natboorsysteem-3000w\\\/#primaryimage\"},\"image\":{\"@id\":\"https:\\\/\\\/kem-europe.eu\\\/product\\\/baier-bdb-835-diamant-natboorsysteem-3000w\\\/#primaryimage\"},\"thumbnailUrl\":\"https:\\\/\\\/kem-europe.eu\\\/wp-content\\\/uploads\\\/2025\\\/02\\\/BDB835-1.png\",\"datePublished\":\"2025-02-27T08:19:38+00:00\",\"dateModified\":\"2025-05-26T12:57:19+00:00\",\"breadcrumb\":{\"@id\":\"https:\\\/\\\/kem-europe.eu\\\/product\\\/baier-bdb-835-diamant-natboorsysteem-3000w\\\/#breadcrumb\"},\"inLanguage\":\"de\",\"potentialAction\":[{\"@type\":\"ReadAction\",\"target\":[\"https:\\\/\\\/kem-europe.eu\\\/product\\\/baier-bdb-835-diamant-natboorsysteem-3000w\\\/\"]}]},{\"@type\":\"ImageObject\",\"inLanguage\":\"de\",\"@id\":\"https:\\\/\\\/kem-europe.eu\\\/product\\\/baier-bdb-835-diamant-natboorsysteem-3000w\\\/#primaryimage\",\"url\":\"https:\\\/\\\/kem-europe.eu\\\/wp-content\\\/uploads\\\/2025\\\/02\\\/BDB835-1.png\",\"contentUrl\":\"https:\\\/\\\/kem-europe.eu\\\/wp-content\\\/uploads\\\/2025\\\/02\\\/BDB835-1.png\",\"width\":700,\"height\":700},{\"@type\":\"BreadcrumbList\",\"@id\":\"https:\\\/\\\/kem-europe.eu\\\/product\\\/baier-bdb-835-diamant-natboorsysteem-3000w\\\/#breadcrumb\",\"itemListElement\":[{\"@type\":\"ListItem\",\"position\":1,\"name\":\"Home\",\"item\":\"https:\\\/\\\/kem-europe.eu\\\/\"},{\"@type\":\"ListItem\",\"position\":2,\"name\":\"Winkel\",\"item\":\"https:\\\/\\\/kem-europe.eu\\\/winkel\\\/\"},{\"@type\":\"ListItem\",\"position\":3,\"name\":\"Baier &#8211; BDB 835 &#8211; Diamant natboorsysteem &#8211; 3000W\"}]},{\"@type\":\"WebSite\",\"@id\":\"https:\\\/\\\/kem-europe.eu\\\/#website\",\"url\":\"https:\\\/\\\/kem-europe.eu\\\/\",\"name\":\"KEM Europe\",\"description\":\"\",\"publisher\":{\"@id\":\"https:\\\/\\\/kem-europe.eu\\\/#organization\"},\"potentialAction\":[{\"@type\":\"SearchAction\",\"target\":{\"@type\":\"EntryPoint\",\"urlTemplate\":\"https:\\\/\\\/kem-europe.eu\\\/?s={search_term_string}\"},\"query-input\":{\"@type\":\"PropertyValueSpecification\",\"valueRequired\":true,\"valueName\":\"search_term_string\"}}],\"inLanguage\":\"de\"},{\"@type\":\"Organization\",\"@id\":\"https:\\\/\\\/kem-europe.eu\\\/#organization\",\"name\":\"KEM Europe\",\"url\":\"https:\\\/\\\/kem-europe.eu\\\/\",\"logo\":{\"@type\":\"ImageObject\",\"inLanguage\":\"de\",\"@id\":\"https:\\\/\\\/kem-europe.eu\\\/#\\\/schema\\\/logo\\\/image\\\/\",\"url\":\"https:\\\/\\\/kem-europe.eu\\\/wp-content\\\/uploads\\\/2025\\\/02\\\/KEM2019-BLACK-1500W.png\",\"contentUrl\":\"https:\\\/\\\/kem-europe.eu\\\/wp-content\\\/uploads\\\/2025\\\/02\\\/KEM2019-BLACK-1500W.png\",\"width\":1500,\"height\":626,\"caption\":\"KEM Europe\"},\"image\":{\"@id\":\"https:\\\/\\\/kem-europe.eu\\\/#\\\/schema\\\/logo\\\/image\\\/\"}}]}<\/script>\n<!-- \/ Yoast SEO plugin. -->","yoast_head_json":{"title":"Baier - BDB 835 - Diamant-Nassbohrsystem - 3000W - KEM Europe","robots":{"index":"index","follow":"follow","max-snippet":"max-snippet:-1","max-image-preview":"max-image-preview:large","max-video-preview":"max-video-preview:-1"},"canonical":"https:\/\/kem-europe.eu\/de\/produkt\/baier-bdb-835-diamant-bohrsystem-nass-3000w\/","og_locale":"de_DE","og_type":"article","og_title":"Baier - BDB 835 - Diamant natboorsysteem - 3000W - KEM Europe","og_description":"Kenmerken BDB 835 &#8211; Diamant boorsysteem &#8211; 3000w Diamant natboorsysteem voor\u00a0hoog precisie kernboren in extreem hard steen\u00a0tot\u00a0300 mm 3-speed versnellingsbak met &#8220;High performance&#8221; smeersysteem Krachtig natkernboren met 3000 Watt duurvermogen en tot 185 Nm koppel Machine en\u00a0boorstandaard kan door \u00e9\u00e9n persoon worden ge\u00efnstalleerd Door afneembare waterspoelkop uiterst onderhoudsvriendelijk Overbelasting beveiliging met PRCD schakelaar Elektronische en [&hellip;]","og_url":"https:\/\/kem-europe.eu\/de\/produkt\/baier-bdb-835-diamant-bohrsystem-nass-3000w\/","og_site_name":"KEM Europe","article_modified_time":"2025-05-26T12:57:19+00:00","og_image":[{"width":700,"height":700,"url":"https:\/\/kem-europe.eu\/wp-content\/uploads\/2025\/02\/BDB835-1.png","type":"image\/png"}],"twitter_card":"summary_large_image","twitter_misc":{"Gesch\u00e4tzte Lesezeit":"1\u00a0Minute"},"schema":{"@context":"https:\/\/schema.org","@graph":[{"@type":"WebPage","@id":"https:\/\/kem-europe.eu\/product\/baier-bdb-835-diamant-natboorsysteem-3000w\/","url":"https:\/\/kem-europe.eu\/product\/baier-bdb-835-diamant-natboorsysteem-3000w\/","name":"Baier - BDB 835 - Diamant-Nassbohrsystem - 3000W - KEM Europe","isPartOf":{"@id":"https:\/\/kem-europe.eu\/#website"},"primaryImageOfPage":{"@id":"https:\/\/kem-europe.eu\/product\/baier-bdb-835-diamant-natboorsysteem-3000w\/#primaryimage"},"image":{"@id":"https:\/\/kem-europe.eu\/product\/baier-bdb-835-diamant-natboorsysteem-3000w\/#primaryimage"},"thumbnailUrl":"https:\/\/kem-europe.eu\/wp-content\/uploads\/2025\/02\/BDB835-1.png","datePublished":"2025-02-27T08:19:38+00:00","dateModified":"2025-05-26T12:57:19+00:00","breadcrumb":{"@id":"https:\/\/kem-europe.eu\/product\/baier-bdb-835-diamant-natboorsysteem-3000w\/#breadcrumb"},"inLanguage":"de","potentialAction":[{"@type":"ReadAction","target":["https:\/\/kem-europe.eu\/product\/baier-bdb-835-diamant-natboorsysteem-3000w\/"]}]},{"@type":"ImageObject","inLanguage":"de","@id":"https:\/\/kem-europe.eu\/product\/baier-bdb-835-diamant-natboorsysteem-3000w\/#primaryimage","url":"https:\/\/kem-europe.eu\/wp-content\/uploads\/2025\/02\/BDB835-1.png","contentUrl":"https:\/\/kem-europe.eu\/wp-content\/uploads\/2025\/02\/BDB835-1.png","width":700,"height":700},{"@type":"BreadcrumbList","@id":"https:\/\/kem-europe.eu\/product\/baier-bdb-835-diamant-natboorsysteem-3000w\/#breadcrumb","itemListElement":[{"@type":"ListItem","position":1,"name":"Home","item":"https:\/\/kem-europe.eu\/"},{"@type":"ListItem","position":2,"name":"Winkel","item":"https:\/\/kem-europe.eu\/winkel\/"},{"@type":"ListItem","position":3,"name":"Baier &#8211; BDB 835 &#8211; Diamant natboorsysteem &#8211; 3000W"}]},{"@type":"WebSite","@id":"https:\/\/kem-europe.eu\/#website","url":"https:\/\/kem-europe.eu\/","name":"KEM Europe","description":"","publisher":{"@id":"https:\/\/kem-europe.eu\/#organization"},"potentialAction":[{"@type":"SearchAction","target":{"@type":"EntryPoint","urlTemplate":"https:\/\/kem-europe.eu\/?s={search_term_string}"},"query-input":{"@type":"PropertyValueSpecification","valueRequired":true,"valueName":"search_term_string"}}],"inLanguage":"de"},{"@type":"Organization","@id":"https:\/\/kem-europe.eu\/#organization","name":"KEM Europe","url":"https:\/\/kem-europe.eu\/","logo":{"@type":"ImageObject","inLanguage":"de","@id":"https:\/\/kem-europe.eu\/#\/schema\/logo\/image\/","url":"https:\/\/kem-europe.eu\/wp-content\/uploads\/2025\/02\/KEM2019-BLACK-1500W.png","contentUrl":"https:\/\/kem-europe.eu\/wp-content\/uploads\/2025\/02\/KEM2019-BLACK-1500W.png","width":1500,"height":626,"caption":"KEM Europe"},"image":{"@id":"https:\/\/kem-europe.eu\/#\/schema\/logo\/image\/"}}]}},"_links":{"self":[{"href":"https:\/\/kem-europe.eu\/de\/wp-json\/wp\/v2\/product\/1125","targetHints":{"allow":["GET"]}}],"collection":[{"href":"https:\/\/kem-europe.eu\/de\/wp-json\/wp\/v2\/product"}],"about":[{"href":"https:\/\/kem-europe.eu\/de\/wp-json\/wp\/v2\/types\/product"}],"replies":[{"embeddable":true,"href":"https:\/\/kem-europe.eu\/de\/wp-json\/wp\/v2\/comments?post=1125"}],"wp:featuredmedia":[{"embeddable":true,"href":"https:\/\/kem-europe.eu\/de\/wp-json\/wp\/v2\/media\/7297"}],"wp:attachment":[{"href":"https:\/\/kem-europe.eu\/de\/wp-json\/wp\/v2\/media?parent=1125"}],"wp:term":[{"taxonomy":"product_brand","embeddable":true,"href":"https:\/\/kem-europe.eu\/de\/wp-json\/wp\/v2\/product_brand?post=1125"},{"taxonomy":"product_cat","embeddable":true,"href":"https:\/\/kem-europe.eu\/de\/wp-json\/wp\/v2\/product_cat?post=1125"},{"taxonomy":"product_tag","embeddable":true,"href":"https:\/\/kem-europe.eu\/de\/wp-json\/wp\/v2\/product_tag?post=1125"}],"curies":[{"name":"wp","href":"https:\/\/api.w.org\/{rel}","templated":true}]}}