{"id":130,"date":"2025-02-26T14:05:11","date_gmt":"2025-02-26T14:05:11","guid":{"rendered":"https:\/\/kem-europe.eu\/?post_type=product&#038;p=130"},"modified":"2025-02-27T13:41:35","modified_gmt":"2025-02-27T13:41:35","slug":"bycon-dfg-250e-bodenschleifer-250mm-nass-trocken","status":"publish","type":"product","link":"https:\/\/kem-europe.eu\/de\/product\/bycon-dfg-250e-vloerschuurmachine-250-mm-nat-droog\/","title":{"rendered":"Bycon DFG-250E Bodenschleifmaschine 250 mm - Nass \/ Trocken"},"content":{"rendered":"<p><strong>Eigenschaften Bycon DFG-250E Bodenschleifmaschine 250 mm 2200W | \"Transform your Flooring\"<\/strong><\/p>\n<p><strong>Leistungsstark und flexibel<\/strong><br \/>\nDer Bycon DFG-250E ist die perfekte Wahl f\u00fcr die Oberfl\u00e4chenvorbereitung und das Schleifen von<strong>\u00a0Klebstoffreste<\/strong>,\u00a0<strong>Farbe<\/strong>\u00a0und\u00a0<strong>Spachtel<\/strong>\u00a0unter\u00a0<strong>mittelgro\u00df<\/strong>\u00a0<strong>Beton<\/strong>\u00a0Oberfl\u00e4chen\u00a0<strong>bis zu 500 m\u00b2.<\/strong><\/p>\n<p>Mit einem leistungsstarken 3 PS, 2200 W Induktionsmotor,\u00a0<strong>l\u00f6scht<\/strong>\u00a0diese Maschine\u00a0<strong>effizient<\/strong>. Der verstellbare Kopf erm\u00f6glicht\u00a0<strong>leichte Kanten<\/strong>\u00a0<strong>nahe an den Mauergrenzen<\/strong>\u00a0erreichen.<\/p>\n<p><strong>Bequemlichkeit und Robustheit in einer Maschine<\/strong><br \/>\nMit seinem faltbaren und kompakten Design ist der Transport des BYCON DFG-250E ein Kinderspiel. Der verstellbare Griff und die gro\u00dfen R\u00e4der sorgen f\u00fcr m\u00fcheloses\u00a0<strong>Beweglichkeit<\/strong>. Die pulverbeschichtete Stahlkonstruktion garantiert Langlebigkeit, w\u00e4hrend die\u00a0<strong>f\u00fchrt  aus.<\/strong>.<\/p>\n<p><strong>Nass- und Trockeneinsatz<\/strong><br \/>\nDas mobile Schleifger\u00e4t kann f\u00fcr den Nass- und Trockenschliff eingesetzt werden, so dass Sie f\u00fcr jede Oberfl\u00e4che und Bausituation das perfekte Bauwerkzeug zur Hand haben. Die robuste Konstruktion aus beschichtetem Stahl ist ein\u00a0<strong>robust<\/strong>\u00a0Partner bei\u00a0<strong>jede<\/strong>\u00a0<strong>Baustelle<\/strong>.<\/p>\n<p><strong>Optimiertes Staubmanagement<\/strong><br \/>\nDank des integrierten Vakuumanschlusses k\u00f6nnen Sie\u00a0<strong>einfach einen Staubsauger anschlie\u00dfen<\/strong>\u00a0f\u00fcr maximale Staubkontrolle beim Trockenschleifen.<\/p>\n<ul>\n<li><strong>Leistungsstarke<\/strong>\u00a0- Leistungsstarker 3-PS-Motor mit 2.200 W und 1.410 U\/min<\/li>\n<li><strong>Variabel<\/strong>\u00a0- Schleifscheibe mit einem Durchmesser von 250 mm kann um 45\u00b0 nach links oder rechts verstellt werden\n<ul>\n<li>Bycon Diamant-Trennscheibe 250mm K60<\/li>\n<li>Bycon PKD Diamant-Trennscheibe 250mm<\/li>\n<\/ul>\n<\/li>\n<li><b>Nass und trocken\u00a0<\/b>- F\u00fcr Nass- und Trockenschliff mit Vakuum- und Wasseranschluss<\/li>\n<li><strong>Kompakt<\/strong>\u00a0- Zusammenklappbarer Griff f\u00fcr den Transport im Auto oder Kleinbus<\/li>\n<\/ul>\n<hr \/>\n<p><strong>Technische Daten<\/strong><\/p>\n<ul>\n<li>Leistung - 2200 W (3 PS)<\/li>\n<li>Spannung - 230 V, 50 Hz<\/li>\n<li>Motordrehzahl - 1410 RPM<\/li>\n<li>Arbeitswinkel - 45 \u00b0<\/li>\n<li>Plattentyp - Standard 250 mm Platte oder Rahmenschuhe<\/li>\n<li>Motorleistung - 3,0 PS<\/li>\n<li>Geh\u00e4usematerial - pulverbeschichteter Stahl<\/li>\n<li>H\u00f6he des Griffs - 94,5 - 119 cm<\/li>\n<li>Nennstrom - 12,7 A<\/li>\n<li>Durchmesser des Wasseranschlusses - EU-Typ, D-16 mm<\/li>\n<li>Abmessungen (LxBxH) - 76 x 41 x 120 cm<\/li>\n<li>Gewicht - 58,3 kg<\/li>\n<\/ul>\n<p><em>Da diese Maschine einen Induktionsmotor hat, kann ein hoher Anlaufstrom auftreten. Vergewissern Sie sich, dass die Versorgungsleitung ausreichend dimensioniert und abgesichert ist, um Sch\u00e4den an Ihnen und dem Ger\u00e4t zu vermeiden.<\/em><\/p>","protected":false},"excerpt":{"rendered":"<p>Kenmerken Bycon DFG-250E Vloerschuurmachine 250 mm 2200W | \u201dTransformatie van uw Vloerbewerking\u201d Krachtig en Flexibel De Bycon DFG-250E is de perfecte keuze voor oppervlaktevoorbereiding en het slijpen van\u00a0lijmresten,\u00a0verf\u00a0en\u00a0spackle\u00a0op\u00a0middelgrote\u00a0betonnen\u00a0oppervlakken\u00a0tot 500 m\u00b2. Met een krachtige 3 PK, 2200 W inductiemotor,\u00a0verwijdert\u00a0deze machine\u00a0effici\u00ebnt. De instelbare kop maakt het mogelijk om\u00a0gemakkelijk randen\u00a0dichtbij muurgrenzen\u00a0te bereiken. Gemak en Robuustheid in \u00e9\u00e9n Machine [&hellip;]<\/p>\n","protected":false},"featured_media":133,"comment_status":"closed","ping_status":"closed","template":"","meta":[],"product_brand":[627],"product_cat":[17,48],"product_tag":[],"class_list":{"0":"post-130","1":"product","2":"type-product","3":"status-publish","4":"has-post-thumbnail","6":"product_brand-bycon","7":"product_cat-machines","8":"product_cat-vloerschuurmachine","10":"first","11":"instock","12":"shipping-taxable","13":"product-type-simple"},"ct_brands":[{"id":627,"name":"BYCON","slug":"bycon"}],"yoast_head":"<!-- This site is optimized with the Yoast SEO plugin v27.4 - https:\/\/yoast.com\/product\/yoast-seo-wordpress\/ -->\n<title>Bycon DFG-250E Vloerschuurmachine 250 mm - Nat \/ Droog - KEM Europe<\/title>\n<meta name=\"robots\" content=\"index, follow, max-snippet:-1, max-image-preview:large, max-video-preview:-1\" \/>\n<link rel=\"canonical\" href=\"https:\/\/kem-europe.eu\/de\/produkt\/bycon-dfg-250e-bodenschleifer-250mm-nass-trocken\/\" \/>\n<meta property=\"og:locale\" content=\"de_DE\" \/>\n<meta property=\"og:type\" content=\"article\" \/>\n<meta property=\"og:title\" content=\"Bycon DFG-250E Vloerschuurmachine 250 mm - Nat \/ Droog - KEM Europe\" \/>\n<meta property=\"og:description\" content=\"Kenmerken Bycon DFG-250E Vloerschuurmachine 250 mm 2200W | \u201dTransformatie van uw Vloerbewerking\u201d Krachtig en Flexibel De Bycon DFG-250E is de perfecte keuze voor oppervlaktevoorbereiding en het slijpen van\u00a0lijmresten,\u00a0verf\u00a0en\u00a0spackle\u00a0op\u00a0middelgrote\u00a0betonnen\u00a0oppervlakken\u00a0tot 500 m\u00b2. Met een krachtige 3 PK, 2200 W inductiemotor,\u00a0verwijdert\u00a0deze machine\u00a0effici\u00ebnt. De instelbare kop maakt het mogelijk om\u00a0gemakkelijk randen\u00a0dichtbij muurgrenzen\u00a0te bereiken. Gemak en Robuustheid in \u00e9\u00e9n Machine [&hellip;]\" \/>\n<meta property=\"og:url\" content=\"https:\/\/kem-europe.eu\/de\/produkt\/bycon-dfg-250e-bodenschleifer-250mm-nass-trocken\/\" \/>\n<meta property=\"og:site_name\" content=\"KEM Europe\" \/>\n<meta property=\"article:modified_time\" content=\"2025-02-27T13:41:35+00:00\" \/>\n<meta property=\"og:image\" content=\"https:\/\/kem-europe.eu\/wp-content\/uploads\/2025\/02\/DFG250E-1.jpg\" \/>\n\t<meta property=\"og:image:width\" content=\"700\" \/>\n\t<meta property=\"og:image:height\" content=\"700\" \/>\n\t<meta property=\"og:image:type\" content=\"image\/jpeg\" \/>\n<meta name=\"twitter:card\" content=\"summary_large_image\" \/>\n<meta name=\"twitter:label1\" content=\"Gesch\u00e4tzte Lesezeit\" \/>\n\t<meta name=\"twitter:data1\" content=\"2\u00a0Minuten\" \/>\n<script type=\"application\/ld+json\" class=\"yoast-schema-graph\">{\"@context\":\"https:\\\/\\\/schema.org\",\"@graph\":[{\"@type\":\"WebPage\",\"@id\":\"https:\\\/\\\/kem-europe.eu\\\/product\\\/bycon-dfg-250e-vloerschuurmachine-250-mm-nat-droog\\\/\",\"url\":\"https:\\\/\\\/kem-europe.eu\\\/product\\\/bycon-dfg-250e-vloerschuurmachine-250-mm-nat-droog\\\/\",\"name\":\"Bycon DFG-250E Vloerschuurmachine 250 mm - Nat \\\/ Droog - KEM Europe\",\"isPartOf\":{\"@id\":\"https:\\\/\\\/kem-europe.eu\\\/#website\"},\"primaryImageOfPage\":{\"@id\":\"https:\\\/\\\/kem-europe.eu\\\/product\\\/bycon-dfg-250e-vloerschuurmachine-250-mm-nat-droog\\\/#primaryimage\"},\"image\":{\"@id\":\"https:\\\/\\\/kem-europe.eu\\\/product\\\/bycon-dfg-250e-vloerschuurmachine-250-mm-nat-droog\\\/#primaryimage\"},\"thumbnailUrl\":\"https:\\\/\\\/kem-europe.eu\\\/wp-content\\\/uploads\\\/2025\\\/02\\\/DFG250E-1.jpg\",\"datePublished\":\"2025-02-26T14:05:11+00:00\",\"dateModified\":\"2025-02-27T13:41:35+00:00\",\"breadcrumb\":{\"@id\":\"https:\\\/\\\/kem-europe.eu\\\/product\\\/bycon-dfg-250e-vloerschuurmachine-250-mm-nat-droog\\\/#breadcrumb\"},\"inLanguage\":\"de\",\"potentialAction\":[{\"@type\":\"ReadAction\",\"target\":[\"https:\\\/\\\/kem-europe.eu\\\/product\\\/bycon-dfg-250e-vloerschuurmachine-250-mm-nat-droog\\\/\"]}]},{\"@type\":\"ImageObject\",\"inLanguage\":\"de\",\"@id\":\"https:\\\/\\\/kem-europe.eu\\\/product\\\/bycon-dfg-250e-vloerschuurmachine-250-mm-nat-droog\\\/#primaryimage\",\"url\":\"https:\\\/\\\/kem-europe.eu\\\/wp-content\\\/uploads\\\/2025\\\/02\\\/DFG250E-1.jpg\",\"contentUrl\":\"https:\\\/\\\/kem-europe.eu\\\/wp-content\\\/uploads\\\/2025\\\/02\\\/DFG250E-1.jpg\",\"width\":700,\"height\":700},{\"@type\":\"BreadcrumbList\",\"@id\":\"https:\\\/\\\/kem-europe.eu\\\/product\\\/bycon-dfg-250e-vloerschuurmachine-250-mm-nat-droog\\\/#breadcrumb\",\"itemListElement\":[{\"@type\":\"ListItem\",\"position\":1,\"name\":\"Home\",\"item\":\"https:\\\/\\\/kem-europe.eu\\\/\"},{\"@type\":\"ListItem\",\"position\":2,\"name\":\"Winkel\",\"item\":\"https:\\\/\\\/kem-europe.eu\\\/winkel\\\/\"},{\"@type\":\"ListItem\",\"position\":3,\"name\":\"Bycon DFG-250E Vloerschuurmachine 250 mm &#8211; Nat \\\/ Droog\"}]},{\"@type\":\"WebSite\",\"@id\":\"https:\\\/\\\/kem-europe.eu\\\/#website\",\"url\":\"https:\\\/\\\/kem-europe.eu\\\/\",\"name\":\"KEM Europe\",\"description\":\"\",\"publisher\":{\"@id\":\"https:\\\/\\\/kem-europe.eu\\\/#organization\"},\"potentialAction\":[{\"@type\":\"SearchAction\",\"target\":{\"@type\":\"EntryPoint\",\"urlTemplate\":\"https:\\\/\\\/kem-europe.eu\\\/?s={search_term_string}\"},\"query-input\":{\"@type\":\"PropertyValueSpecification\",\"valueRequired\":true,\"valueName\":\"search_term_string\"}}],\"inLanguage\":\"de\"},{\"@type\":\"Organization\",\"@id\":\"https:\\\/\\\/kem-europe.eu\\\/#organization\",\"name\":\"KEM Europe\",\"url\":\"https:\\\/\\\/kem-europe.eu\\\/\",\"logo\":{\"@type\":\"ImageObject\",\"inLanguage\":\"de\",\"@id\":\"https:\\\/\\\/kem-europe.eu\\\/#\\\/schema\\\/logo\\\/image\\\/\",\"url\":\"https:\\\/\\\/kem-europe.eu\\\/wp-content\\\/uploads\\\/2025\\\/02\\\/KEM2019-BLACK-1500W.png\",\"contentUrl\":\"https:\\\/\\\/kem-europe.eu\\\/wp-content\\\/uploads\\\/2025\\\/02\\\/KEM2019-BLACK-1500W.png\",\"width\":1500,\"height\":626,\"caption\":\"KEM Europe\"},\"image\":{\"@id\":\"https:\\\/\\\/kem-europe.eu\\\/#\\\/schema\\\/logo\\\/image\\\/\"}}]}<\/script>\n<!-- \/ Yoast SEO plugin. -->","yoast_head_json":{"title":"Bycon DFG-250E Bodenschleifmaschine 250 mm - Nass\/Trocken - KEM Europe","robots":{"index":"index","follow":"follow","max-snippet":"max-snippet:-1","max-image-preview":"max-image-preview:large","max-video-preview":"max-video-preview:-1"},"canonical":"https:\/\/kem-europe.eu\/de\/produkt\/bycon-dfg-250e-bodenschleifer-250mm-nass-trocken\/","og_locale":"de_DE","og_type":"article","og_title":"Bycon DFG-250E Vloerschuurmachine 250 mm - Nat \/ Droog - KEM Europe","og_description":"Kenmerken Bycon DFG-250E Vloerschuurmachine 250 mm 2200W | \u201dTransformatie van uw Vloerbewerking\u201d Krachtig en Flexibel De Bycon DFG-250E is de perfecte keuze voor oppervlaktevoorbereiding en het slijpen van\u00a0lijmresten,\u00a0verf\u00a0en\u00a0spackle\u00a0op\u00a0middelgrote\u00a0betonnen\u00a0oppervlakken\u00a0tot 500 m\u00b2. Met een krachtige 3 PK, 2200 W inductiemotor,\u00a0verwijdert\u00a0deze machine\u00a0effici\u00ebnt. De instelbare kop maakt het mogelijk om\u00a0gemakkelijk randen\u00a0dichtbij muurgrenzen\u00a0te bereiken. Gemak en Robuustheid in \u00e9\u00e9n Machine [&hellip;]","og_url":"https:\/\/kem-europe.eu\/de\/produkt\/bycon-dfg-250e-bodenschleifer-250mm-nass-trocken\/","og_site_name":"KEM Europe","article_modified_time":"2025-02-27T13:41:35+00:00","og_image":[{"width":700,"height":700,"url":"https:\/\/kem-europe.eu\/wp-content\/uploads\/2025\/02\/DFG250E-1.jpg","type":"image\/jpeg"}],"twitter_card":"summary_large_image","twitter_misc":{"Gesch\u00e4tzte Lesezeit":"2\u00a0Minuten"},"schema":{"@context":"https:\/\/schema.org","@graph":[{"@type":"WebPage","@id":"https:\/\/kem-europe.eu\/product\/bycon-dfg-250e-vloerschuurmachine-250-mm-nat-droog\/","url":"https:\/\/kem-europe.eu\/product\/bycon-dfg-250e-vloerschuurmachine-250-mm-nat-droog\/","name":"Bycon DFG-250E Bodenschleifmaschine 250 mm - Nass\/Trocken - KEM Europe","isPartOf":{"@id":"https:\/\/kem-europe.eu\/#website"},"primaryImageOfPage":{"@id":"https:\/\/kem-europe.eu\/product\/bycon-dfg-250e-vloerschuurmachine-250-mm-nat-droog\/#primaryimage"},"image":{"@id":"https:\/\/kem-europe.eu\/product\/bycon-dfg-250e-vloerschuurmachine-250-mm-nat-droog\/#primaryimage"},"thumbnailUrl":"https:\/\/kem-europe.eu\/wp-content\/uploads\/2025\/02\/DFG250E-1.jpg","datePublished":"2025-02-26T14:05:11+00:00","dateModified":"2025-02-27T13:41:35+00:00","breadcrumb":{"@id":"https:\/\/kem-europe.eu\/product\/bycon-dfg-250e-vloerschuurmachine-250-mm-nat-droog\/#breadcrumb"},"inLanguage":"de","potentialAction":[{"@type":"ReadAction","target":["https:\/\/kem-europe.eu\/product\/bycon-dfg-250e-vloerschuurmachine-250-mm-nat-droog\/"]}]},{"@type":"ImageObject","inLanguage":"de","@id":"https:\/\/kem-europe.eu\/product\/bycon-dfg-250e-vloerschuurmachine-250-mm-nat-droog\/#primaryimage","url":"https:\/\/kem-europe.eu\/wp-content\/uploads\/2025\/02\/DFG250E-1.jpg","contentUrl":"https:\/\/kem-europe.eu\/wp-content\/uploads\/2025\/02\/DFG250E-1.jpg","width":700,"height":700},{"@type":"BreadcrumbList","@id":"https:\/\/kem-europe.eu\/product\/bycon-dfg-250e-vloerschuurmachine-250-mm-nat-droog\/#breadcrumb","itemListElement":[{"@type":"ListItem","position":1,"name":"Home","item":"https:\/\/kem-europe.eu\/"},{"@type":"ListItem","position":2,"name":"Winkel","item":"https:\/\/kem-europe.eu\/winkel\/"},{"@type":"ListItem","position":3,"name":"Bycon DFG-250E Vloerschuurmachine 250 mm &#8211; Nat \/ Droog"}]},{"@type":"WebSite","@id":"https:\/\/kem-europe.eu\/#website","url":"https:\/\/kem-europe.eu\/","name":"KEM Europe","description":"","publisher":{"@id":"https:\/\/kem-europe.eu\/#organization"},"potentialAction":[{"@type":"SearchAction","target":{"@type":"EntryPoint","urlTemplate":"https:\/\/kem-europe.eu\/?s={search_term_string}"},"query-input":{"@type":"PropertyValueSpecification","valueRequired":true,"valueName":"search_term_string"}}],"inLanguage":"de"},{"@type":"Organization","@id":"https:\/\/kem-europe.eu\/#organization","name":"KEM Europe","url":"https:\/\/kem-europe.eu\/","logo":{"@type":"ImageObject","inLanguage":"de","@id":"https:\/\/kem-europe.eu\/#\/schema\/logo\/image\/","url":"https:\/\/kem-europe.eu\/wp-content\/uploads\/2025\/02\/KEM2019-BLACK-1500W.png","contentUrl":"https:\/\/kem-europe.eu\/wp-content\/uploads\/2025\/02\/KEM2019-BLACK-1500W.png","width":1500,"height":626,"caption":"KEM Europe"},"image":{"@id":"https:\/\/kem-europe.eu\/#\/schema\/logo\/image\/"}}]}},"_links":{"self":[{"href":"https:\/\/kem-europe.eu\/de\/wp-json\/wp\/v2\/product\/130","targetHints":{"allow":["GET"]}}],"collection":[{"href":"https:\/\/kem-europe.eu\/de\/wp-json\/wp\/v2\/product"}],"about":[{"href":"https:\/\/kem-europe.eu\/de\/wp-json\/wp\/v2\/types\/product"}],"replies":[{"embeddable":true,"href":"https:\/\/kem-europe.eu\/de\/wp-json\/wp\/v2\/comments?post=130"}],"wp:featuredmedia":[{"embeddable":true,"href":"https:\/\/kem-europe.eu\/de\/wp-json\/wp\/v2\/media\/133"}],"wp:attachment":[{"href":"https:\/\/kem-europe.eu\/de\/wp-json\/wp\/v2\/media?parent=130"}],"wp:term":[{"taxonomy":"product_brand","embeddable":true,"href":"https:\/\/kem-europe.eu\/de\/wp-json\/wp\/v2\/product_brand?post=130"},{"taxonomy":"product_cat","embeddable":true,"href":"https:\/\/kem-europe.eu\/de\/wp-json\/wp\/v2\/product_cat?post=130"},{"taxonomy":"product_tag","embeddable":true,"href":"https:\/\/kem-europe.eu\/de\/wp-json\/wp\/v2\/product_tag?post=130"}],"curies":[{"name":"wp","href":"https:\/\/api.w.org\/{rel}","templated":true}]}}