{"id":132,"date":"2025-02-26T14:05:11","date_gmt":"2025-02-26T14:05:11","guid":{"rendered":"https:\/\/kem-europe.eu\/?post_type=product&#038;p=132"},"modified":"2025-02-27T13:41:19","modified_gmt":"2025-02-27T13:41:19","slug":"bycon-dfg-250-bodenschleifer-250mm-230v","status":"publish","type":"product","link":"https:\/\/kem-europe.eu\/de\/product\/bycon-dfg-250-vloerschuurmachine-250mm-230v\/","title":{"rendered":"Bycon DFG-250 Bodenschleifmaschine 250mm 230V"},"content":{"rendered":"<p><strong>Eigenschaften Bycon DFG-250 Bodenschleifmaschine 250mm 230V<\/strong><\/p>\n<ul>\n<li>Es ist f\u00fcr das Schleifen von Beton und Stein Materialien entwickelt, macht Ihre Arbeit in einer kosteng\u00fcnstigen Art und Weise, um Ihre verschiedenen Anforderungen zu erf\u00fcllen. Er ist f\u00fcr die schnelle Entfernung von Beschichtungen und die Renovierung von Betonb\u00f6den konzipiert. Dieser Bodenschleifer kann direkt mit 250-mm-Schleifk\u00f6pfen und \u00fcber einen Konverter auch mit Redi-Lock-Diamantschleifschuhen verbunden werden.<\/li>\n<\/ul>\n<p><strong>Eigenschaften<\/strong><\/p>\n<ul>\n<li>Klappbarer Griff - es gibt eine Positionsklaue, um die H\u00f6he des Griffs einzustellen. Diese ergonomische Vorrichtung macht die Produktstruktur kompakter und bequemer zu transportieren. Auch einfach zu bedienen f\u00fcr verschiedene Betreiber von unterschiedlicher Statur.<\/li>\n<li>Abnehmbare Staubschutzhaube - gut zum Schleifen von Kanten.<\/li>\n<li>Wasseranschluss - es gibt einen Wasseranschluss in der Bodenm\u00fchle, wenn Sie Nassmahlen bevorzugen, k\u00f6nnen Sie es auch in dieser Maschine bekommen.<\/li>\n<li>Ausgestattet mit einer Wasserwaage - um zu \u00fcberpr\u00fcfen, ob der Schleifer waagerecht steht oder nicht. Die horizontale Einstellung ist einfach zu bedienen.<\/li>\n<li>Benutzerfreundlich - einfache Handhabung, maximale Leistung f\u00fcr die Schleifk\u00f6pfe, minimale Vibration und viele Sicherheitsmerkmale.<\/li>\n<li>Vielseitigkeit f\u00fcr weitere Diamantwerkzeuge - 250 mm Schleifk\u00f6pfe k\u00f6nnen direkt aufgenommen werden. Zus\u00e4tzliche Diamantwerkzeuge k\u00f6nnen auch \u00fcber einen Konverter montiert werden.<\/li>\n<\/ul>\n<p><strong>Umfang der Lieferung<\/strong><\/p>\n<ul>\n<li>Bycon DFG-250 Bodenschleifmaschine<\/li>\n<\/ul>","protected":false},"excerpt":{"rendered":"<p>Kenmerken Bycon DFG-250 Vloerschuurmachine 250mm 230V Het is ontworpen voor het slijpen van beton- en steenmaterialen, maakt uw werk op een kosteneffici\u00ebnte manier om aan uw verschillende vereisten te voldoen. Het is ontworpen voor het snel verwijderen van coatings en het renoveren van de betonnen vloer. Deze vloerschuurmachine kan direct worden bevestigd met 250 mm [&hellip;]<\/p>\n","protected":false},"featured_media":144,"comment_status":"closed","ping_status":"closed","template":"","meta":[],"product_brand":[627],"product_cat":[17,48],"product_tag":[],"class_list":{"0":"post-132","1":"product","2":"type-product","3":"status-publish","4":"has-post-thumbnail","6":"product_brand-bycon","7":"product_cat-machines","8":"product_cat-vloerschuurmachine","10":"first","11":"instock","12":"shipping-taxable","13":"product-type-simple"},"ct_brands":[{"id":627,"name":"BYCON","slug":"bycon"}],"yoast_head":"<!-- This site is optimized with the Yoast SEO plugin v27.3 - https:\/\/yoast.com\/product\/yoast-seo-wordpress\/ -->\n<title>Bycon DFG-250 Vloerschuurmachine 250mm 230V - KEM Europe<\/title>\n<meta name=\"robots\" content=\"index, follow, max-snippet:-1, max-image-preview:large, max-video-preview:-1\" \/>\n<link rel=\"canonical\" href=\"https:\/\/kem-europe.eu\/de\/produkt\/bycon-dfg-250-bodenschleifer-250mm-230v\/\" \/>\n<meta property=\"og:locale\" content=\"de_DE\" \/>\n<meta property=\"og:type\" content=\"article\" \/>\n<meta property=\"og:title\" content=\"Bycon DFG-250 Vloerschuurmachine 250mm 230V - KEM Europe\" \/>\n<meta property=\"og:description\" content=\"Kenmerken Bycon DFG-250 Vloerschuurmachine 250mm 230V Het is ontworpen voor het slijpen van beton- en steenmaterialen, maakt uw werk op een kosteneffici\u00ebnte manier om aan uw verschillende vereisten te voldoen. Het is ontworpen voor het snel verwijderen van coatings en het renoveren van de betonnen vloer. Deze vloerschuurmachine kan direct worden bevestigd met 250 mm [&hellip;]\" \/>\n<meta property=\"og:url\" content=\"https:\/\/kem-europe.eu\/de\/produkt\/bycon-dfg-250-bodenschleifer-250mm-230v\/\" \/>\n<meta property=\"og:site_name\" content=\"KEM Europe\" \/>\n<meta property=\"article:modified_time\" content=\"2025-02-27T13:41:19+00:00\" \/>\n<meta property=\"og:image\" content=\"https:\/\/kem-europe.eu\/wp-content\/uploads\/2025\/02\/356.jpg\" \/>\n\t<meta property=\"og:image:width\" content=\"700\" \/>\n\t<meta property=\"og:image:height\" content=\"700\" \/>\n\t<meta property=\"og:image:type\" content=\"image\/jpeg\" \/>\n<meta name=\"twitter:card\" content=\"summary_large_image\" \/>\n<meta name=\"twitter:label1\" content=\"Gesch\u00e4tzte Lesezeit\" \/>\n\t<meta name=\"twitter:data1\" content=\"1\u00a0Minute\" \/>\n<script type=\"application\/ld+json\" class=\"yoast-schema-graph\">{\"@context\":\"https:\\\/\\\/schema.org\",\"@graph\":[{\"@type\":\"WebPage\",\"@id\":\"https:\\\/\\\/kem-europe.eu\\\/product\\\/bycon-dfg-250-vloerschuurmachine-250mm-230v\\\/\",\"url\":\"https:\\\/\\\/kem-europe.eu\\\/product\\\/bycon-dfg-250-vloerschuurmachine-250mm-230v\\\/\",\"name\":\"Bycon DFG-250 Vloerschuurmachine 250mm 230V - KEM Europe\",\"isPartOf\":{\"@id\":\"https:\\\/\\\/kem-europe.eu\\\/#website\"},\"primaryImageOfPage\":{\"@id\":\"https:\\\/\\\/kem-europe.eu\\\/product\\\/bycon-dfg-250-vloerschuurmachine-250mm-230v\\\/#primaryimage\"},\"image\":{\"@id\":\"https:\\\/\\\/kem-europe.eu\\\/product\\\/bycon-dfg-250-vloerschuurmachine-250mm-230v\\\/#primaryimage\"},\"thumbnailUrl\":\"https:\\\/\\\/kem-europe.eu\\\/wp-content\\\/uploads\\\/2025\\\/02\\\/356.jpg\",\"datePublished\":\"2025-02-26T14:05:11+00:00\",\"dateModified\":\"2025-02-27T13:41:19+00:00\",\"breadcrumb\":{\"@id\":\"https:\\\/\\\/kem-europe.eu\\\/product\\\/bycon-dfg-250-vloerschuurmachine-250mm-230v\\\/#breadcrumb\"},\"inLanguage\":\"de\",\"potentialAction\":[{\"@type\":\"ReadAction\",\"target\":[\"https:\\\/\\\/kem-europe.eu\\\/product\\\/bycon-dfg-250-vloerschuurmachine-250mm-230v\\\/\"]}]},{\"@type\":\"ImageObject\",\"inLanguage\":\"de\",\"@id\":\"https:\\\/\\\/kem-europe.eu\\\/product\\\/bycon-dfg-250-vloerschuurmachine-250mm-230v\\\/#primaryimage\",\"url\":\"https:\\\/\\\/kem-europe.eu\\\/wp-content\\\/uploads\\\/2025\\\/02\\\/356.jpg\",\"contentUrl\":\"https:\\\/\\\/kem-europe.eu\\\/wp-content\\\/uploads\\\/2025\\\/02\\\/356.jpg\",\"width\":700,\"height\":700},{\"@type\":\"BreadcrumbList\",\"@id\":\"https:\\\/\\\/kem-europe.eu\\\/product\\\/bycon-dfg-250-vloerschuurmachine-250mm-230v\\\/#breadcrumb\",\"itemListElement\":[{\"@type\":\"ListItem\",\"position\":1,\"name\":\"Home\",\"item\":\"https:\\\/\\\/kem-europe.eu\\\/\"},{\"@type\":\"ListItem\",\"position\":2,\"name\":\"Winkel\",\"item\":\"https:\\\/\\\/kem-europe.eu\\\/winkel\\\/\"},{\"@type\":\"ListItem\",\"position\":3,\"name\":\"Bycon DFG-250 Vloerschuurmachine 250mm 230V\"}]},{\"@type\":\"WebSite\",\"@id\":\"https:\\\/\\\/kem-europe.eu\\\/#website\",\"url\":\"https:\\\/\\\/kem-europe.eu\\\/\",\"name\":\"KEM Europe\",\"description\":\"\",\"publisher\":{\"@id\":\"https:\\\/\\\/kem-europe.eu\\\/#organization\"},\"potentialAction\":[{\"@type\":\"SearchAction\",\"target\":{\"@type\":\"EntryPoint\",\"urlTemplate\":\"https:\\\/\\\/kem-europe.eu\\\/?s={search_term_string}\"},\"query-input\":{\"@type\":\"PropertyValueSpecification\",\"valueRequired\":true,\"valueName\":\"search_term_string\"}}],\"inLanguage\":\"de\"},{\"@type\":\"Organization\",\"@id\":\"https:\\\/\\\/kem-europe.eu\\\/#organization\",\"name\":\"KEM Europe\",\"url\":\"https:\\\/\\\/kem-europe.eu\\\/\",\"logo\":{\"@type\":\"ImageObject\",\"inLanguage\":\"de\",\"@id\":\"https:\\\/\\\/kem-europe.eu\\\/#\\\/schema\\\/logo\\\/image\\\/\",\"url\":\"https:\\\/\\\/kem-europe.eu\\\/wp-content\\\/uploads\\\/2025\\\/02\\\/KEM2019-BLACK-1500W.png\",\"contentUrl\":\"https:\\\/\\\/kem-europe.eu\\\/wp-content\\\/uploads\\\/2025\\\/02\\\/KEM2019-BLACK-1500W.png\",\"width\":1500,\"height\":626,\"caption\":\"KEM Europe\"},\"image\":{\"@id\":\"https:\\\/\\\/kem-europe.eu\\\/#\\\/schema\\\/logo\\\/image\\\/\"}}]}<\/script>\n<!-- \/ Yoast SEO plugin. -->","yoast_head_json":{"title":"Bycon DFG-250 Bodenschleifmaschine 250mm 230V - KEM Europe","robots":{"index":"index","follow":"follow","max-snippet":"max-snippet:-1","max-image-preview":"max-image-preview:large","max-video-preview":"max-video-preview:-1"},"canonical":"https:\/\/kem-europe.eu\/de\/produkt\/bycon-dfg-250-bodenschleifer-250mm-230v\/","og_locale":"de_DE","og_type":"article","og_title":"Bycon DFG-250 Vloerschuurmachine 250mm 230V - KEM Europe","og_description":"Kenmerken Bycon DFG-250 Vloerschuurmachine 250mm 230V Het is ontworpen voor het slijpen van beton- en steenmaterialen, maakt uw werk op een kosteneffici\u00ebnte manier om aan uw verschillende vereisten te voldoen. Het is ontworpen voor het snel verwijderen van coatings en het renoveren van de betonnen vloer. Deze vloerschuurmachine kan direct worden bevestigd met 250 mm [&hellip;]","og_url":"https:\/\/kem-europe.eu\/de\/produkt\/bycon-dfg-250-bodenschleifer-250mm-230v\/","og_site_name":"KEM Europe","article_modified_time":"2025-02-27T13:41:19+00:00","og_image":[{"width":700,"height":700,"url":"https:\/\/kem-europe.eu\/wp-content\/uploads\/2025\/02\/356.jpg","type":"image\/jpeg"}],"twitter_card":"summary_large_image","twitter_misc":{"Gesch\u00e4tzte Lesezeit":"1\u00a0Minute"},"schema":{"@context":"https:\/\/schema.org","@graph":[{"@type":"WebPage","@id":"https:\/\/kem-europe.eu\/product\/bycon-dfg-250-vloerschuurmachine-250mm-230v\/","url":"https:\/\/kem-europe.eu\/product\/bycon-dfg-250-vloerschuurmachine-250mm-230v\/","name":"Bycon DFG-250 Bodenschleifmaschine 250mm 230V - KEM Europe","isPartOf":{"@id":"https:\/\/kem-europe.eu\/#website"},"primaryImageOfPage":{"@id":"https:\/\/kem-europe.eu\/product\/bycon-dfg-250-vloerschuurmachine-250mm-230v\/#primaryimage"},"image":{"@id":"https:\/\/kem-europe.eu\/product\/bycon-dfg-250-vloerschuurmachine-250mm-230v\/#primaryimage"},"thumbnailUrl":"https:\/\/kem-europe.eu\/wp-content\/uploads\/2025\/02\/356.jpg","datePublished":"2025-02-26T14:05:11+00:00","dateModified":"2025-02-27T13:41:19+00:00","breadcrumb":{"@id":"https:\/\/kem-europe.eu\/product\/bycon-dfg-250-vloerschuurmachine-250mm-230v\/#breadcrumb"},"inLanguage":"de","potentialAction":[{"@type":"ReadAction","target":["https:\/\/kem-europe.eu\/product\/bycon-dfg-250-vloerschuurmachine-250mm-230v\/"]}]},{"@type":"ImageObject","inLanguage":"de","@id":"https:\/\/kem-europe.eu\/product\/bycon-dfg-250-vloerschuurmachine-250mm-230v\/#primaryimage","url":"https:\/\/kem-europe.eu\/wp-content\/uploads\/2025\/02\/356.jpg","contentUrl":"https:\/\/kem-europe.eu\/wp-content\/uploads\/2025\/02\/356.jpg","width":700,"height":700},{"@type":"BreadcrumbList","@id":"https:\/\/kem-europe.eu\/product\/bycon-dfg-250-vloerschuurmachine-250mm-230v\/#breadcrumb","itemListElement":[{"@type":"ListItem","position":1,"name":"Home","item":"https:\/\/kem-europe.eu\/"},{"@type":"ListItem","position":2,"name":"Winkel","item":"https:\/\/kem-europe.eu\/winkel\/"},{"@type":"ListItem","position":3,"name":"Bycon DFG-250 Vloerschuurmachine 250mm 230V"}]},{"@type":"WebSite","@id":"https:\/\/kem-europe.eu\/#website","url":"https:\/\/kem-europe.eu\/","name":"KEM Europe","description":"","publisher":{"@id":"https:\/\/kem-europe.eu\/#organization"},"potentialAction":[{"@type":"SearchAction","target":{"@type":"EntryPoint","urlTemplate":"https:\/\/kem-europe.eu\/?s={search_term_string}"},"query-input":{"@type":"PropertyValueSpecification","valueRequired":true,"valueName":"search_term_string"}}],"inLanguage":"de"},{"@type":"Organization","@id":"https:\/\/kem-europe.eu\/#organization","name":"KEM Europe","url":"https:\/\/kem-europe.eu\/","logo":{"@type":"ImageObject","inLanguage":"de","@id":"https:\/\/kem-europe.eu\/#\/schema\/logo\/image\/","url":"https:\/\/kem-europe.eu\/wp-content\/uploads\/2025\/02\/KEM2019-BLACK-1500W.png","contentUrl":"https:\/\/kem-europe.eu\/wp-content\/uploads\/2025\/02\/KEM2019-BLACK-1500W.png","width":1500,"height":626,"caption":"KEM Europe"},"image":{"@id":"https:\/\/kem-europe.eu\/#\/schema\/logo\/image\/"}}]}},"_links":{"self":[{"href":"https:\/\/kem-europe.eu\/de\/wp-json\/wp\/v2\/product\/132","targetHints":{"allow":["GET"]}}],"collection":[{"href":"https:\/\/kem-europe.eu\/de\/wp-json\/wp\/v2\/product"}],"about":[{"href":"https:\/\/kem-europe.eu\/de\/wp-json\/wp\/v2\/types\/product"}],"replies":[{"embeddable":true,"href":"https:\/\/kem-europe.eu\/de\/wp-json\/wp\/v2\/comments?post=132"}],"wp:featuredmedia":[{"embeddable":true,"href":"https:\/\/kem-europe.eu\/de\/wp-json\/wp\/v2\/media\/144"}],"wp:attachment":[{"href":"https:\/\/kem-europe.eu\/de\/wp-json\/wp\/v2\/media?parent=132"}],"wp:term":[{"taxonomy":"product_brand","embeddable":true,"href":"https:\/\/kem-europe.eu\/de\/wp-json\/wp\/v2\/product_brand?post=132"},{"taxonomy":"product_cat","embeddable":true,"href":"https:\/\/kem-europe.eu\/de\/wp-json\/wp\/v2\/product_cat?post=132"},{"taxonomy":"product_tag","embeddable":true,"href":"https:\/\/kem-europe.eu\/de\/wp-json\/wp\/v2\/product_tag?post=132"}],"curies":[{"name":"wp","href":"https:\/\/api.w.org\/{rel}","templated":true}]}}