{"id":1323,"date":"2025-02-27T08:21:21","date_gmt":"2025-02-27T08:21:21","guid":{"rendered":"https:\/\/kem-europe.eu\/?post_type=product&#038;p=1323"},"modified":"2025-03-06T13:07:32","modified_gmt":"2025-03-06T13:07:32","slug":"globe-standard-trennscheibe-a-30-36-qal","status":"publish","type":"product","link":"https:\/\/kem-europe.eu\/de\/product\/globe-standaard-doorslijpschijf-a-30-36-qal\/","title":{"rendered":"Globus - Standard-Trennscheibe A-30\/36-Qal"},"content":{"rendered":"<p>Flache, d\u00fcnne Trennscheibe f\u00fcr Handschleifmaschinen.<\/p>\n<p>Das effektivste und schnellste Schleifwerkzeug. Die geringe Dicke halbiert die Schleifzeit im Vergleich zu Standard-Schriften. ZAC-Scheiben sind an den Seiten verst\u00e4rkt. Sie sollten niemals zum Entgraten oder f\u00fcr Schleifarbeiten verwendet werden, bei denen sich die Scheibe biegt. Das patentierte schraubenf\u00f6rmige Muster an der Seite der Scheibe sorgt f\u00fcr geringere Reibung, geringere W\u00e4rmeentwicklung und einen schnelleren Schnitt.<\/p>\n<p>Die Wahl der richtigen Spezifikationen f\u00fcr eine Schleifscheibe ist sehr wichtig. Nicht nur die Dicke, sondern auch die Zusammensetzung der Scheibe ist entscheidend. Die verschiedenen Scheibentypen, die unterschiedlichen Zusammensetzungen und H\u00e4rten sind die Grundlage daf\u00fcr, dass Ihre Arbeit so effizient wie m\u00f6glich erledigt werden kann. Die verschiedenen Kombinationen, die Globe anbietet, enthalten immer das perfekte Produkt, um die Arbeit zu erledigen.<\/p>\n<p>Die breite Produktpalette bietet verschiedene L\u00f6sungen, so dass die Benutzer immer das richtige Produkt f\u00fcr die jeweilige Aufgabe finden. Globe-Produkte werden ausgiebig getestet, um Unwucht zu vermeiden und Vibrationen zu minimieren. Qualit\u00e4ts- und Laborkontrollen erh\u00f6hen die Langlebigkeit der Globe-Produkte.<\/p>\n<p>&nbsp;<\/p>\n<p><strong>Art. Nr:<\/strong><br \/>\n<em>G1222<\/em><br \/>\n<em>G1223<\/em><br \/>\n<em>G1321<\/em><br \/>\n<em>G1323<\/em><\/p>","protected":false},"excerpt":{"rendered":"<p><strong>Versenkter Kern | Typ: 42<\/strong><span style=\"color: #cc0000;\"><em><br \/>\n<\/em><\/span><\/p>\n<p>F\u00fcr den Einsatz auf Aluminium und anderen Nichteisenwerkstoffen. Die Mischung der verwendeten Schleifmittel gew\u00e4hrleistet eine hohe Entgratungsleistung ohne Verstopfung.<\/p>","protected":false},"featured_media":1349,"comment_status":"closed","ping_status":"closed","template":"","meta":[],"product_brand":[620],"product_cat":[240,92],"product_tag":[],"class_list":{"0":"post-1323","1":"product","2":"type-product","3":"status-publish","4":"has-post-thumbnail","6":"product_brand-globe","7":"product_cat-doorslijpschijf-schuur-slijpmiddelen","8":"product_cat-schuur-slijpmiddelen","10":"first","11":"instock","12":"purchasable","13":"product-type-variable"},"ct_brands":[{"id":620,"name":"GLOBE","slug":"globe"}],"yoast_head":"<!-- This site is optimized with the Yoast SEO plugin v27.3 - https:\/\/yoast.com\/product\/yoast-seo-wordpress\/ -->\n<title>Globe - Standaard doorslijpschijf A-30\/36-Qal - KEM Europe<\/title>\n<meta name=\"robots\" content=\"index, follow, max-snippet:-1, max-image-preview:large, max-video-preview:-1\" \/>\n<link rel=\"canonical\" href=\"https:\/\/kem-europe.eu\/de\/produkt\/globe-standard-trennscheibe-a-30-36-qal\/\" \/>\n<meta property=\"og:locale\" content=\"de_DE\" \/>\n<meta property=\"og:type\" content=\"article\" \/>\n<meta property=\"og:title\" content=\"Globe - Standaard doorslijpschijf A-30\/36-Qal - KEM Europe\" \/>\n<meta property=\"og:description\" content=\"Verzonken kern | Type: 42   Voor het gebruik op aluminium en andere niet ijzerhoudende materialen. De mix van schuurmiddelen die gebruikt wordt zorgt voor een hoge afbraamcapaciteit zonder verstopt te raken.\" \/>\n<meta property=\"og:url\" content=\"https:\/\/kem-europe.eu\/de\/produkt\/globe-standard-trennscheibe-a-30-36-qal\/\" \/>\n<meta property=\"og:site_name\" content=\"KEM Europe\" \/>\n<meta property=\"article:modified_time\" content=\"2025-03-06T13:07:32+00:00\" \/>\n<meta property=\"og:image\" content=\"https:\/\/kem-europe.eu\/wp-content\/uploads\/2025\/02\/Globe-A243036QALBF.jpg\" \/>\n\t<meta property=\"og:image:width\" content=\"700\" \/>\n\t<meta property=\"og:image:height\" content=\"700\" \/>\n\t<meta property=\"og:image:type\" content=\"image\/jpeg\" \/>\n<meta name=\"twitter:card\" content=\"summary_large_image\" \/>\n<meta name=\"twitter:label1\" content=\"Gesch\u00e4tzte Lesezeit\" \/>\n\t<meta name=\"twitter:data1\" content=\"2\u00a0Minuten\" \/>\n<script type=\"application\/ld+json\" class=\"yoast-schema-graph\">{\"@context\":\"https:\\\/\\\/schema.org\",\"@graph\":[{\"@type\":\"WebPage\",\"@id\":\"https:\\\/\\\/kem-europe.eu\\\/product\\\/globe-standaard-doorslijpschijf-a-30-36-qal\\\/\",\"url\":\"https:\\\/\\\/kem-europe.eu\\\/product\\\/globe-standaard-doorslijpschijf-a-30-36-qal\\\/\",\"name\":\"Globe - Standaard doorslijpschijf A-30\\\/36-Qal - KEM Europe\",\"isPartOf\":{\"@id\":\"https:\\\/\\\/kem-europe.eu\\\/#website\"},\"primaryImageOfPage\":{\"@id\":\"https:\\\/\\\/kem-europe.eu\\\/product\\\/globe-standaard-doorslijpschijf-a-30-36-qal\\\/#primaryimage\"},\"image\":{\"@id\":\"https:\\\/\\\/kem-europe.eu\\\/product\\\/globe-standaard-doorslijpschijf-a-30-36-qal\\\/#primaryimage\"},\"thumbnailUrl\":\"https:\\\/\\\/kem-europe.eu\\\/wp-content\\\/uploads\\\/2025\\\/02\\\/Globe-A243036QALBF.jpg\",\"datePublished\":\"2025-02-27T08:21:21+00:00\",\"dateModified\":\"2025-03-06T13:07:32+00:00\",\"breadcrumb\":{\"@id\":\"https:\\\/\\\/kem-europe.eu\\\/product\\\/globe-standaard-doorslijpschijf-a-30-36-qal\\\/#breadcrumb\"},\"inLanguage\":\"de\",\"potentialAction\":[{\"@type\":\"ReadAction\",\"target\":[\"https:\\\/\\\/kem-europe.eu\\\/product\\\/globe-standaard-doorslijpschijf-a-30-36-qal\\\/\"]}]},{\"@type\":\"ImageObject\",\"inLanguage\":\"de\",\"@id\":\"https:\\\/\\\/kem-europe.eu\\\/product\\\/globe-standaard-doorslijpschijf-a-30-36-qal\\\/#primaryimage\",\"url\":\"https:\\\/\\\/kem-europe.eu\\\/wp-content\\\/uploads\\\/2025\\\/02\\\/Globe-A243036QALBF.jpg\",\"contentUrl\":\"https:\\\/\\\/kem-europe.eu\\\/wp-content\\\/uploads\\\/2025\\\/02\\\/Globe-A243036QALBF.jpg\",\"width\":700,\"height\":700},{\"@type\":\"BreadcrumbList\",\"@id\":\"https:\\\/\\\/kem-europe.eu\\\/product\\\/globe-standaard-doorslijpschijf-a-30-36-qal\\\/#breadcrumb\",\"itemListElement\":[{\"@type\":\"ListItem\",\"position\":1,\"name\":\"Home\",\"item\":\"https:\\\/\\\/kem-europe.eu\\\/\"},{\"@type\":\"ListItem\",\"position\":2,\"name\":\"Winkel\",\"item\":\"https:\\\/\\\/kem-europe.eu\\\/winkel\\\/\"},{\"@type\":\"ListItem\",\"position\":3,\"name\":\"Globe &#8211; Standaard doorslijpschijf A-30\\\/36-Qal\"}]},{\"@type\":\"WebSite\",\"@id\":\"https:\\\/\\\/kem-europe.eu\\\/#website\",\"url\":\"https:\\\/\\\/kem-europe.eu\\\/\",\"name\":\"KEM Europe\",\"description\":\"\",\"publisher\":{\"@id\":\"https:\\\/\\\/kem-europe.eu\\\/#organization\"},\"potentialAction\":[{\"@type\":\"SearchAction\",\"target\":{\"@type\":\"EntryPoint\",\"urlTemplate\":\"https:\\\/\\\/kem-europe.eu\\\/?s={search_term_string}\"},\"query-input\":{\"@type\":\"PropertyValueSpecification\",\"valueRequired\":true,\"valueName\":\"search_term_string\"}}],\"inLanguage\":\"de\"},{\"@type\":\"Organization\",\"@id\":\"https:\\\/\\\/kem-europe.eu\\\/#organization\",\"name\":\"KEM Europe\",\"url\":\"https:\\\/\\\/kem-europe.eu\\\/\",\"logo\":{\"@type\":\"ImageObject\",\"inLanguage\":\"de\",\"@id\":\"https:\\\/\\\/kem-europe.eu\\\/#\\\/schema\\\/logo\\\/image\\\/\",\"url\":\"https:\\\/\\\/kem-europe.eu\\\/wp-content\\\/uploads\\\/2025\\\/02\\\/KEM2019-BLACK-1500W.png\",\"contentUrl\":\"https:\\\/\\\/kem-europe.eu\\\/wp-content\\\/uploads\\\/2025\\\/02\\\/KEM2019-BLACK-1500W.png\",\"width\":1500,\"height\":626,\"caption\":\"KEM Europe\"},\"image\":{\"@id\":\"https:\\\/\\\/kem-europe.eu\\\/#\\\/schema\\\/logo\\\/image\\\/\"}}]}<\/script>\n<!-- \/ Yoast SEO plugin. -->","yoast_head_json":{"title":"Globus - Standard-Trennscheibe A-30\/36-Qal - KEM Europe","robots":{"index":"index","follow":"follow","max-snippet":"max-snippet:-1","max-image-preview":"max-image-preview:large","max-video-preview":"max-video-preview:-1"},"canonical":"https:\/\/kem-europe.eu\/de\/produkt\/globe-standard-trennscheibe-a-30-36-qal\/","og_locale":"de_DE","og_type":"article","og_title":"Globe - Standaard doorslijpschijf A-30\/36-Qal - KEM Europe","og_description":"Verzonken kern | Type: 42   Voor het gebruik op aluminium en andere niet ijzerhoudende materialen. De mix van schuurmiddelen die gebruikt wordt zorgt voor een hoge afbraamcapaciteit zonder verstopt te raken.","og_url":"https:\/\/kem-europe.eu\/de\/produkt\/globe-standard-trennscheibe-a-30-36-qal\/","og_site_name":"KEM Europe","article_modified_time":"2025-03-06T13:07:32+00:00","og_image":[{"width":700,"height":700,"url":"https:\/\/kem-europe.eu\/wp-content\/uploads\/2025\/02\/Globe-A243036QALBF.jpg","type":"image\/jpeg"}],"twitter_card":"summary_large_image","twitter_misc":{"Gesch\u00e4tzte Lesezeit":"2\u00a0Minuten"},"schema":{"@context":"https:\/\/schema.org","@graph":[{"@type":"WebPage","@id":"https:\/\/kem-europe.eu\/product\/globe-standaard-doorslijpschijf-a-30-36-qal\/","url":"https:\/\/kem-europe.eu\/product\/globe-standaard-doorslijpschijf-a-30-36-qal\/","name":"Globus - Standard-Trennscheibe A-30\/36-Qal - KEM Europe","isPartOf":{"@id":"https:\/\/kem-europe.eu\/#website"},"primaryImageOfPage":{"@id":"https:\/\/kem-europe.eu\/product\/globe-standaard-doorslijpschijf-a-30-36-qal\/#primaryimage"},"image":{"@id":"https:\/\/kem-europe.eu\/product\/globe-standaard-doorslijpschijf-a-30-36-qal\/#primaryimage"},"thumbnailUrl":"https:\/\/kem-europe.eu\/wp-content\/uploads\/2025\/02\/Globe-A243036QALBF.jpg","datePublished":"2025-02-27T08:21:21+00:00","dateModified":"2025-03-06T13:07:32+00:00","breadcrumb":{"@id":"https:\/\/kem-europe.eu\/product\/globe-standaard-doorslijpschijf-a-30-36-qal\/#breadcrumb"},"inLanguage":"de","potentialAction":[{"@type":"ReadAction","target":["https:\/\/kem-europe.eu\/product\/globe-standaard-doorslijpschijf-a-30-36-qal\/"]}]},{"@type":"ImageObject","inLanguage":"de","@id":"https:\/\/kem-europe.eu\/product\/globe-standaard-doorslijpschijf-a-30-36-qal\/#primaryimage","url":"https:\/\/kem-europe.eu\/wp-content\/uploads\/2025\/02\/Globe-A243036QALBF.jpg","contentUrl":"https:\/\/kem-europe.eu\/wp-content\/uploads\/2025\/02\/Globe-A243036QALBF.jpg","width":700,"height":700},{"@type":"BreadcrumbList","@id":"https:\/\/kem-europe.eu\/product\/globe-standaard-doorslijpschijf-a-30-36-qal\/#breadcrumb","itemListElement":[{"@type":"ListItem","position":1,"name":"Home","item":"https:\/\/kem-europe.eu\/"},{"@type":"ListItem","position":2,"name":"Winkel","item":"https:\/\/kem-europe.eu\/winkel\/"},{"@type":"ListItem","position":3,"name":"Globe &#8211; Standaard doorslijpschijf A-30\/36-Qal"}]},{"@type":"WebSite","@id":"https:\/\/kem-europe.eu\/#website","url":"https:\/\/kem-europe.eu\/","name":"KEM Europe","description":"","publisher":{"@id":"https:\/\/kem-europe.eu\/#organization"},"potentialAction":[{"@type":"SearchAction","target":{"@type":"EntryPoint","urlTemplate":"https:\/\/kem-europe.eu\/?s={search_term_string}"},"query-input":{"@type":"PropertyValueSpecification","valueRequired":true,"valueName":"search_term_string"}}],"inLanguage":"de"},{"@type":"Organization","@id":"https:\/\/kem-europe.eu\/#organization","name":"KEM Europe","url":"https:\/\/kem-europe.eu\/","logo":{"@type":"ImageObject","inLanguage":"de","@id":"https:\/\/kem-europe.eu\/#\/schema\/logo\/image\/","url":"https:\/\/kem-europe.eu\/wp-content\/uploads\/2025\/02\/KEM2019-BLACK-1500W.png","contentUrl":"https:\/\/kem-europe.eu\/wp-content\/uploads\/2025\/02\/KEM2019-BLACK-1500W.png","width":1500,"height":626,"caption":"KEM Europe"},"image":{"@id":"https:\/\/kem-europe.eu\/#\/schema\/logo\/image\/"}}]}},"_links":{"self":[{"href":"https:\/\/kem-europe.eu\/de\/wp-json\/wp\/v2\/product\/1323","targetHints":{"allow":["GET"]}}],"collection":[{"href":"https:\/\/kem-europe.eu\/de\/wp-json\/wp\/v2\/product"}],"about":[{"href":"https:\/\/kem-europe.eu\/de\/wp-json\/wp\/v2\/types\/product"}],"replies":[{"embeddable":true,"href":"https:\/\/kem-europe.eu\/de\/wp-json\/wp\/v2\/comments?post=1323"}],"wp:featuredmedia":[{"embeddable":true,"href":"https:\/\/kem-europe.eu\/de\/wp-json\/wp\/v2\/media\/1349"}],"wp:attachment":[{"href":"https:\/\/kem-europe.eu\/de\/wp-json\/wp\/v2\/media?parent=1323"}],"wp:term":[{"taxonomy":"product_brand","embeddable":true,"href":"https:\/\/kem-europe.eu\/de\/wp-json\/wp\/v2\/product_brand?post=1323"},{"taxonomy":"product_cat","embeddable":true,"href":"https:\/\/kem-europe.eu\/de\/wp-json\/wp\/v2\/product_cat?post=1323"},{"taxonomy":"product_tag","embeddable":true,"href":"https:\/\/kem-europe.eu\/de\/wp-json\/wp\/v2\/product_tag?post=1323"}],"curies":[{"name":"wp","href":"https:\/\/api.w.org\/{rel}","templated":true}]}}