{"id":1423,"date":"2025-02-27T08:21:51","date_gmt":"2025-02-27T08:21:51","guid":{"rendered":"https:\/\/kem-europe.eu\/?post_type=product&#038;p=1423"},"modified":"2025-03-06T14:00:50","modified_gmt":"2025-03-06T14:00:50","slug":"globe-flache-duenne-trennscheibe-a-60-sx-zac","status":"publish","type":"product","link":"https:\/\/kem-europe.eu\/de\/product\/globe-platte-dunne-doorslijpschijf-a-60-sx-zac\/","title":{"rendered":"Globus - Flache d\u00fcnne Trennscheibe A-60-SX ZAC"},"content":{"rendered":"<p>Flache, d\u00fcnne Trennscheibe f\u00fcr Handschleifmaschinen.<\/p>\n<p>Das effektivste und schnellste Schleifwerkzeug. Die geringe Dicke halbiert die Schleifzeit im Vergleich zu Standard-Schriften. ZAC-Scheiben sind an den Seiten verst\u00e4rkt. Sie sollten niemals zum Entgraten oder f\u00fcr Schleifarbeiten verwendet werden, bei denen sich die Scheibe biegt. Das patentierte schraubenf\u00f6rmige Muster an der Seite der Scheibe sorgt f\u00fcr geringere Reibung, geringere W\u00e4rmeentwicklung und einen schnelleren Schnitt.<\/p>\n<p><strong>Art. Nr:<\/strong><br \/>\n<em>G1621-2<br \/>\nG1621<br \/>\nG1622-0<br \/>\nG1622-1<br \/>\nG1622<br \/>\n7122106500100<br \/>\nG1623<br \/>\nG1624<br \/>\nG1625<br \/>\nG1626<br \/>\nG1721<br \/>\nG1722<br \/>\nG1723<br \/>\nG1724<br \/>\nG1725<br \/>\nG1726<\/em><\/p>","protected":false},"excerpt":{"rendered":"<p><img decoding=\"async\" class=\"alignnone size-full wp-image-1828\" src=\"http:\/\/www.globeabrasives.eu\/wp-content\/uploads\/2016\/12\/type42-1.png\" alt=\"\" \/><br \/>\n<span style=\"color: #cc0000;\"><em>Versenkter Kern | Typ: 41<br \/>\n<\/em><\/span><br \/>\nSpeziell entwickelt f\u00fcr das Schneiden von rostfreiem Stahl und harten Legierungen, ohne Schwefel, Eisen und Chlor. Sehr schnelle Schnitte mit niedriger Temperatur und langer Standzeit.<\/p>","protected":false},"featured_media":1431,"comment_status":"closed","ping_status":"closed","template":"","meta":[],"product_brand":[620],"product_cat":[240,92],"product_tag":[],"class_list":{"0":"post-1423","1":"product","2":"type-product","3":"status-publish","4":"has-post-thumbnail","6":"product_brand-globe","7":"product_cat-doorslijpschijf-schuur-slijpmiddelen","8":"product_cat-schuur-slijpmiddelen","10":"first","11":"instock","12":"purchasable","13":"product-type-variable"},"ct_brands":[{"id":620,"name":"GLOBE","slug":"globe"}],"yoast_head":"<!-- This site is optimized with the Yoast SEO plugin v27.3 - https:\/\/yoast.com\/product\/yoast-seo-wordpress\/ -->\n<title>Globe - Platte dunne doorslijpschijf A-60-SX ZAC - KEM Europe<\/title>\n<meta name=\"robots\" content=\"index, follow, max-snippet:-1, max-image-preview:large, max-video-preview:-1\" \/>\n<link rel=\"canonical\" href=\"https:\/\/kem-europe.eu\/de\/produkt\/globe-flache-duenne-trennscheibe-a-60-sx-zac\/\" \/>\n<meta property=\"og:locale\" content=\"de_DE\" \/>\n<meta property=\"og:type\" content=\"article\" \/>\n<meta property=\"og:title\" content=\"Globe - Platte dunne doorslijpschijf A-60-SX ZAC - KEM Europe\" \/>\n<meta property=\"og:description\" content=\"Verzonken kern | Type: 41  Speciaal ontwikkeld voor doorslijpen van RVS en harde legeringen, zonder zwavel, ijzer en chloor. Zeer snelle snedes met lage temperatuur en lange standtijd.\" \/>\n<meta property=\"og:url\" content=\"https:\/\/kem-europe.eu\/de\/produkt\/globe-flache-duenne-trennscheibe-a-60-sx-zac\/\" \/>\n<meta property=\"og:site_name\" content=\"KEM Europe\" \/>\n<meta property=\"article:modified_time\" content=\"2025-03-06T14:00:50+00:00\" \/>\n<meta property=\"og:image\" content=\"https:\/\/kem-europe.eu\/wp-content\/uploads\/2025\/02\/Globe-A60SXBF-Type41.jpg\" \/>\n\t<meta property=\"og:image:width\" content=\"700\" \/>\n\t<meta property=\"og:image:height\" content=\"700\" \/>\n\t<meta property=\"og:image:type\" content=\"image\/jpeg\" \/>\n<meta name=\"twitter:card\" content=\"summary_large_image\" \/>\n<meta name=\"twitter:label1\" content=\"Gesch\u00e4tzte Lesezeit\" \/>\n\t<meta name=\"twitter:data1\" content=\"1\u00a0Minute\" \/>\n<script type=\"application\/ld+json\" class=\"yoast-schema-graph\">{\"@context\":\"https:\\\/\\\/schema.org\",\"@graph\":[{\"@type\":\"WebPage\",\"@id\":\"https:\\\/\\\/kem-europe.eu\\\/product\\\/globe-platte-dunne-doorslijpschijf-a-60-sx-zac\\\/\",\"url\":\"https:\\\/\\\/kem-europe.eu\\\/product\\\/globe-platte-dunne-doorslijpschijf-a-60-sx-zac\\\/\",\"name\":\"Globe - Platte dunne doorslijpschijf A-60-SX ZAC - KEM Europe\",\"isPartOf\":{\"@id\":\"https:\\\/\\\/kem-europe.eu\\\/#website\"},\"primaryImageOfPage\":{\"@id\":\"https:\\\/\\\/kem-europe.eu\\\/product\\\/globe-platte-dunne-doorslijpschijf-a-60-sx-zac\\\/#primaryimage\"},\"image\":{\"@id\":\"https:\\\/\\\/kem-europe.eu\\\/product\\\/globe-platte-dunne-doorslijpschijf-a-60-sx-zac\\\/#primaryimage\"},\"thumbnailUrl\":\"https:\\\/\\\/kem-europe.eu\\\/wp-content\\\/uploads\\\/2025\\\/02\\\/Globe-A60SXBF-Type41.jpg\",\"datePublished\":\"2025-02-27T08:21:51+00:00\",\"dateModified\":\"2025-03-06T14:00:50+00:00\",\"breadcrumb\":{\"@id\":\"https:\\\/\\\/kem-europe.eu\\\/product\\\/globe-platte-dunne-doorslijpschijf-a-60-sx-zac\\\/#breadcrumb\"},\"inLanguage\":\"de\",\"potentialAction\":[{\"@type\":\"ReadAction\",\"target\":[\"https:\\\/\\\/kem-europe.eu\\\/product\\\/globe-platte-dunne-doorslijpschijf-a-60-sx-zac\\\/\"]}]},{\"@type\":\"ImageObject\",\"inLanguage\":\"de\",\"@id\":\"https:\\\/\\\/kem-europe.eu\\\/product\\\/globe-platte-dunne-doorslijpschijf-a-60-sx-zac\\\/#primaryimage\",\"url\":\"https:\\\/\\\/kem-europe.eu\\\/wp-content\\\/uploads\\\/2025\\\/02\\\/Globe-A60SXBF-Type41.jpg\",\"contentUrl\":\"https:\\\/\\\/kem-europe.eu\\\/wp-content\\\/uploads\\\/2025\\\/02\\\/Globe-A60SXBF-Type41.jpg\",\"width\":700,\"height\":700},{\"@type\":\"BreadcrumbList\",\"@id\":\"https:\\\/\\\/kem-europe.eu\\\/product\\\/globe-platte-dunne-doorslijpschijf-a-60-sx-zac\\\/#breadcrumb\",\"itemListElement\":[{\"@type\":\"ListItem\",\"position\":1,\"name\":\"Home\",\"item\":\"https:\\\/\\\/kem-europe.eu\\\/\"},{\"@type\":\"ListItem\",\"position\":2,\"name\":\"Winkel\",\"item\":\"https:\\\/\\\/kem-europe.eu\\\/winkel\\\/\"},{\"@type\":\"ListItem\",\"position\":3,\"name\":\"Globe &#8211; Platte dunne doorslijpschijf A-60-SX ZAC\"}]},{\"@type\":\"WebSite\",\"@id\":\"https:\\\/\\\/kem-europe.eu\\\/#website\",\"url\":\"https:\\\/\\\/kem-europe.eu\\\/\",\"name\":\"KEM Europe\",\"description\":\"\",\"publisher\":{\"@id\":\"https:\\\/\\\/kem-europe.eu\\\/#organization\"},\"potentialAction\":[{\"@type\":\"SearchAction\",\"target\":{\"@type\":\"EntryPoint\",\"urlTemplate\":\"https:\\\/\\\/kem-europe.eu\\\/?s={search_term_string}\"},\"query-input\":{\"@type\":\"PropertyValueSpecification\",\"valueRequired\":true,\"valueName\":\"search_term_string\"}}],\"inLanguage\":\"de\"},{\"@type\":\"Organization\",\"@id\":\"https:\\\/\\\/kem-europe.eu\\\/#organization\",\"name\":\"KEM Europe\",\"url\":\"https:\\\/\\\/kem-europe.eu\\\/\",\"logo\":{\"@type\":\"ImageObject\",\"inLanguage\":\"de\",\"@id\":\"https:\\\/\\\/kem-europe.eu\\\/#\\\/schema\\\/logo\\\/image\\\/\",\"url\":\"https:\\\/\\\/kem-europe.eu\\\/wp-content\\\/uploads\\\/2025\\\/02\\\/KEM2019-BLACK-1500W.png\",\"contentUrl\":\"https:\\\/\\\/kem-europe.eu\\\/wp-content\\\/uploads\\\/2025\\\/02\\\/KEM2019-BLACK-1500W.png\",\"width\":1500,\"height\":626,\"caption\":\"KEM Europe\"},\"image\":{\"@id\":\"https:\\\/\\\/kem-europe.eu\\\/#\\\/schema\\\/logo\\\/image\\\/\"}}]}<\/script>\n<!-- \/ Yoast SEO plugin. -->","yoast_head_json":{"title":"Globus - Flache d\u00fcnne Trennscheibe A-60-SX ZAC - KEM Europe","robots":{"index":"index","follow":"follow","max-snippet":"max-snippet:-1","max-image-preview":"max-image-preview:large","max-video-preview":"max-video-preview:-1"},"canonical":"https:\/\/kem-europe.eu\/de\/produkt\/globe-flache-duenne-trennscheibe-a-60-sx-zac\/","og_locale":"de_DE","og_type":"article","og_title":"Globe - Platte dunne doorslijpschijf A-60-SX ZAC - KEM Europe","og_description":"Verzonken kern | Type: 41  Speciaal ontwikkeld voor doorslijpen van RVS en harde legeringen, zonder zwavel, ijzer en chloor. Zeer snelle snedes met lage temperatuur en lange standtijd.","og_url":"https:\/\/kem-europe.eu\/de\/produkt\/globe-flache-duenne-trennscheibe-a-60-sx-zac\/","og_site_name":"KEM Europe","article_modified_time":"2025-03-06T14:00:50+00:00","og_image":[{"width":700,"height":700,"url":"https:\/\/kem-europe.eu\/wp-content\/uploads\/2025\/02\/Globe-A60SXBF-Type41.jpg","type":"image\/jpeg"}],"twitter_card":"summary_large_image","twitter_misc":{"Gesch\u00e4tzte Lesezeit":"1\u00a0Minute"},"schema":{"@context":"https:\/\/schema.org","@graph":[{"@type":"WebPage","@id":"https:\/\/kem-europe.eu\/product\/globe-platte-dunne-doorslijpschijf-a-60-sx-zac\/","url":"https:\/\/kem-europe.eu\/product\/globe-platte-dunne-doorslijpschijf-a-60-sx-zac\/","name":"Globus - Flache d\u00fcnne Trennscheibe A-60-SX ZAC - KEM Europe","isPartOf":{"@id":"https:\/\/kem-europe.eu\/#website"},"primaryImageOfPage":{"@id":"https:\/\/kem-europe.eu\/product\/globe-platte-dunne-doorslijpschijf-a-60-sx-zac\/#primaryimage"},"image":{"@id":"https:\/\/kem-europe.eu\/product\/globe-platte-dunne-doorslijpschijf-a-60-sx-zac\/#primaryimage"},"thumbnailUrl":"https:\/\/kem-europe.eu\/wp-content\/uploads\/2025\/02\/Globe-A60SXBF-Type41.jpg","datePublished":"2025-02-27T08:21:51+00:00","dateModified":"2025-03-06T14:00:50+00:00","breadcrumb":{"@id":"https:\/\/kem-europe.eu\/product\/globe-platte-dunne-doorslijpschijf-a-60-sx-zac\/#breadcrumb"},"inLanguage":"de","potentialAction":[{"@type":"ReadAction","target":["https:\/\/kem-europe.eu\/product\/globe-platte-dunne-doorslijpschijf-a-60-sx-zac\/"]}]},{"@type":"ImageObject","inLanguage":"de","@id":"https:\/\/kem-europe.eu\/product\/globe-platte-dunne-doorslijpschijf-a-60-sx-zac\/#primaryimage","url":"https:\/\/kem-europe.eu\/wp-content\/uploads\/2025\/02\/Globe-A60SXBF-Type41.jpg","contentUrl":"https:\/\/kem-europe.eu\/wp-content\/uploads\/2025\/02\/Globe-A60SXBF-Type41.jpg","width":700,"height":700},{"@type":"BreadcrumbList","@id":"https:\/\/kem-europe.eu\/product\/globe-platte-dunne-doorslijpschijf-a-60-sx-zac\/#breadcrumb","itemListElement":[{"@type":"ListItem","position":1,"name":"Home","item":"https:\/\/kem-europe.eu\/"},{"@type":"ListItem","position":2,"name":"Winkel","item":"https:\/\/kem-europe.eu\/winkel\/"},{"@type":"ListItem","position":3,"name":"Globe &#8211; Platte dunne doorslijpschijf A-60-SX ZAC"}]},{"@type":"WebSite","@id":"https:\/\/kem-europe.eu\/#website","url":"https:\/\/kem-europe.eu\/","name":"KEM Europe","description":"","publisher":{"@id":"https:\/\/kem-europe.eu\/#organization"},"potentialAction":[{"@type":"SearchAction","target":{"@type":"EntryPoint","urlTemplate":"https:\/\/kem-europe.eu\/?s={search_term_string}"},"query-input":{"@type":"PropertyValueSpecification","valueRequired":true,"valueName":"search_term_string"}}],"inLanguage":"de"},{"@type":"Organization","@id":"https:\/\/kem-europe.eu\/#organization","name":"KEM Europe","url":"https:\/\/kem-europe.eu\/","logo":{"@type":"ImageObject","inLanguage":"de","@id":"https:\/\/kem-europe.eu\/#\/schema\/logo\/image\/","url":"https:\/\/kem-europe.eu\/wp-content\/uploads\/2025\/02\/KEM2019-BLACK-1500W.png","contentUrl":"https:\/\/kem-europe.eu\/wp-content\/uploads\/2025\/02\/KEM2019-BLACK-1500W.png","width":1500,"height":626,"caption":"KEM Europe"},"image":{"@id":"https:\/\/kem-europe.eu\/#\/schema\/logo\/image\/"}}]}},"_links":{"self":[{"href":"https:\/\/kem-europe.eu\/de\/wp-json\/wp\/v2\/product\/1423","targetHints":{"allow":["GET"]}}],"collection":[{"href":"https:\/\/kem-europe.eu\/de\/wp-json\/wp\/v2\/product"}],"about":[{"href":"https:\/\/kem-europe.eu\/de\/wp-json\/wp\/v2\/types\/product"}],"replies":[{"embeddable":true,"href":"https:\/\/kem-europe.eu\/de\/wp-json\/wp\/v2\/comments?post=1423"}],"wp:featuredmedia":[{"embeddable":true,"href":"https:\/\/kem-europe.eu\/de\/wp-json\/wp\/v2\/media\/1431"}],"wp:attachment":[{"href":"https:\/\/kem-europe.eu\/de\/wp-json\/wp\/v2\/media?parent=1423"}],"wp:term":[{"taxonomy":"product_brand","embeddable":true,"href":"https:\/\/kem-europe.eu\/de\/wp-json\/wp\/v2\/product_brand?post=1423"},{"taxonomy":"product_cat","embeddable":true,"href":"https:\/\/kem-europe.eu\/de\/wp-json\/wp\/v2\/product_cat?post=1423"},{"taxonomy":"product_tag","embeddable":true,"href":"https:\/\/kem-europe.eu\/de\/wp-json\/wp\/v2\/product_tag?post=1423"}],"curies":[{"name":"wp","href":"https:\/\/api.w.org\/{rel}","templated":true}]}}