{"id":1424,"date":"2025-02-27T08:21:51","date_gmt":"2025-02-27T08:21:51","guid":{"rendered":"https:\/\/kem-europe.eu\/?post_type=product&#038;p=1424"},"modified":"2025-03-06T14:02:04","modified_gmt":"2025-03-06T14:02:04","slug":"globe-duenne-trennscheibe-a-30-36-s","status":"publish","type":"product","link":"https:\/\/kem-europe.eu\/de\/product\/globe-dunne-doorslijpschijf-a-30-36-s\/","title":{"rendered":"Globus - D\u00fcnne Trennscheibe A-30-36-S"},"content":{"rendered":"<p>D\u00fcnne Trennscheiben (Kappschnittbereich) f\u00fcr leichte station\u00e4re Maschinen.<\/p>\n<p>Kugeltrennscheiben f\u00fcr leichte station\u00e4re Maschinen speziell zum Schleifen von Profilen, Rohren und Vollmaterial mit einem Durchmesser von 30 bis 40 mm. Dank ihrer d\u00fcnnen Bauweise kombinieren sie eine hohe Standzeit mit einer guten Schleifgeschwindigkeit. Besondere Aufmerksamkeit wurde der Auswuchtung der Scheiben gewidmet, um ein vibrationsfreies Arbeiten zu gew\u00e4hrleisten.<\/p>\n<p><strong>Art. Nr:<\/strong><br \/>\n<em>G1911 = 3000<br \/>\nG1912 = 3000 \/ 5000 Watt<br \/>\nG1913 = 3000 \/ 5000 Watt<\/em><\/p>","protected":false},"excerpt":{"rendered":"<p><span style=\"color: #cc0000;\"><span style=\"color: #000000;\"><strong>Versenkter Kern | Typ: 42<\/strong><\/span><em><br \/>\n<\/em><\/span><\/p>\n<p>Speziell entwickelt f\u00fcr das Schneiden von rostfreiem Stahl und harten Legierungen, ohne Schwefel, Eisen und Chlor. Sehr schnelle Schnitte mit niedriger Temperatur und langer Standzeit.<\/p>","protected":false},"featured_media":1432,"comment_status":"closed","ping_status":"closed","template":"","meta":[],"product_brand":[620],"product_cat":[240,92],"product_tag":[],"class_list":{"0":"post-1424","1":"product","2":"type-product","3":"status-publish","4":"has-post-thumbnail","6":"product_brand-globe","7":"product_cat-doorslijpschijf-schuur-slijpmiddelen","8":"product_cat-schuur-slijpmiddelen","10":"first","11":"instock","12":"purchasable","13":"product-type-variable"},"ct_brands":[{"id":620,"name":"GLOBE","slug":"globe"}],"yoast_head":"<!-- This site is optimized with the Yoast SEO plugin v27.3 - https:\/\/yoast.com\/product\/yoast-seo-wordpress\/ -->\n<title>Globe - Dunne doorslijpschijf A-30-36-S - KEM Europe<\/title>\n<meta name=\"robots\" content=\"index, follow, max-snippet:-1, max-image-preview:large, max-video-preview:-1\" \/>\n<link rel=\"canonical\" href=\"https:\/\/kem-europe.eu\/de\/produkt\/globe-duenne-trennscheibe-a-30-36-s\/\" \/>\n<meta property=\"og:locale\" content=\"de_DE\" \/>\n<meta property=\"og:type\" content=\"article\" \/>\n<meta property=\"og:title\" content=\"Globe - Dunne doorslijpschijf A-30-36-S - KEM Europe\" \/>\n<meta property=\"og:description\" content=\"Verzonken kern | Type: 42   Speciaal ontwikkeld voor doorslijpen van RVS en harde legeringen, zonder zwavel, ijzer en chloor. Zeer snelle snedes met lage temperatuur en lange standtijd.\" \/>\n<meta property=\"og:url\" content=\"https:\/\/kem-europe.eu\/de\/produkt\/globe-duenne-trennscheibe-a-30-36-s\/\" \/>\n<meta property=\"og:site_name\" content=\"KEM Europe\" \/>\n<meta property=\"article:modified_time\" content=\"2025-03-06T14:02:04+00:00\" \/>\n<meta property=\"og:image\" content=\"https:\/\/kem-europe.eu\/wp-content\/uploads\/2025\/02\/Globe-A3036SBF-EN-Type41.jpg\" \/>\n\t<meta property=\"og:image:width\" content=\"700\" \/>\n\t<meta property=\"og:image:height\" content=\"700\" \/>\n\t<meta property=\"og:image:type\" content=\"image\/jpeg\" \/>\n<meta name=\"twitter:card\" content=\"summary_large_image\" \/>\n<meta name=\"twitter:label1\" content=\"Gesch\u00e4tzte Lesezeit\" \/>\n\t<meta name=\"twitter:data1\" content=\"1\u00a0Minute\" \/>\n<script type=\"application\/ld+json\" class=\"yoast-schema-graph\">{\"@context\":\"https:\\\/\\\/schema.org\",\"@graph\":[{\"@type\":\"WebPage\",\"@id\":\"https:\\\/\\\/kem-europe.eu\\\/product\\\/globe-dunne-doorslijpschijf-a-30-36-s\\\/\",\"url\":\"https:\\\/\\\/kem-europe.eu\\\/product\\\/globe-dunne-doorslijpschijf-a-30-36-s\\\/\",\"name\":\"Globe - Dunne doorslijpschijf A-30-36-S - KEM Europe\",\"isPartOf\":{\"@id\":\"https:\\\/\\\/kem-europe.eu\\\/#website\"},\"primaryImageOfPage\":{\"@id\":\"https:\\\/\\\/kem-europe.eu\\\/product\\\/globe-dunne-doorslijpschijf-a-30-36-s\\\/#primaryimage\"},\"image\":{\"@id\":\"https:\\\/\\\/kem-europe.eu\\\/product\\\/globe-dunne-doorslijpschijf-a-30-36-s\\\/#primaryimage\"},\"thumbnailUrl\":\"https:\\\/\\\/kem-europe.eu\\\/wp-content\\\/uploads\\\/2025\\\/02\\\/Globe-A3036SBF-EN-Type41.jpg\",\"datePublished\":\"2025-02-27T08:21:51+00:00\",\"dateModified\":\"2025-03-06T14:02:04+00:00\",\"breadcrumb\":{\"@id\":\"https:\\\/\\\/kem-europe.eu\\\/product\\\/globe-dunne-doorslijpschijf-a-30-36-s\\\/#breadcrumb\"},\"inLanguage\":\"de\",\"potentialAction\":[{\"@type\":\"ReadAction\",\"target\":[\"https:\\\/\\\/kem-europe.eu\\\/product\\\/globe-dunne-doorslijpschijf-a-30-36-s\\\/\"]}]},{\"@type\":\"ImageObject\",\"inLanguage\":\"de\",\"@id\":\"https:\\\/\\\/kem-europe.eu\\\/product\\\/globe-dunne-doorslijpschijf-a-30-36-s\\\/#primaryimage\",\"url\":\"https:\\\/\\\/kem-europe.eu\\\/wp-content\\\/uploads\\\/2025\\\/02\\\/Globe-A3036SBF-EN-Type41.jpg\",\"contentUrl\":\"https:\\\/\\\/kem-europe.eu\\\/wp-content\\\/uploads\\\/2025\\\/02\\\/Globe-A3036SBF-EN-Type41.jpg\",\"width\":700,\"height\":700},{\"@type\":\"BreadcrumbList\",\"@id\":\"https:\\\/\\\/kem-europe.eu\\\/product\\\/globe-dunne-doorslijpschijf-a-30-36-s\\\/#breadcrumb\",\"itemListElement\":[{\"@type\":\"ListItem\",\"position\":1,\"name\":\"Home\",\"item\":\"https:\\\/\\\/kem-europe.eu\\\/\"},{\"@type\":\"ListItem\",\"position\":2,\"name\":\"Winkel\",\"item\":\"https:\\\/\\\/kem-europe.eu\\\/winkel\\\/\"},{\"@type\":\"ListItem\",\"position\":3,\"name\":\"Globe &#8211; Dunne doorslijpschijf A-30-36-S\"}]},{\"@type\":\"WebSite\",\"@id\":\"https:\\\/\\\/kem-europe.eu\\\/#website\",\"url\":\"https:\\\/\\\/kem-europe.eu\\\/\",\"name\":\"KEM Europe\",\"description\":\"\",\"publisher\":{\"@id\":\"https:\\\/\\\/kem-europe.eu\\\/#organization\"},\"potentialAction\":[{\"@type\":\"SearchAction\",\"target\":{\"@type\":\"EntryPoint\",\"urlTemplate\":\"https:\\\/\\\/kem-europe.eu\\\/?s={search_term_string}\"},\"query-input\":{\"@type\":\"PropertyValueSpecification\",\"valueRequired\":true,\"valueName\":\"search_term_string\"}}],\"inLanguage\":\"de\"},{\"@type\":\"Organization\",\"@id\":\"https:\\\/\\\/kem-europe.eu\\\/#organization\",\"name\":\"KEM Europe\",\"url\":\"https:\\\/\\\/kem-europe.eu\\\/\",\"logo\":{\"@type\":\"ImageObject\",\"inLanguage\":\"de\",\"@id\":\"https:\\\/\\\/kem-europe.eu\\\/#\\\/schema\\\/logo\\\/image\\\/\",\"url\":\"https:\\\/\\\/kem-europe.eu\\\/wp-content\\\/uploads\\\/2025\\\/02\\\/KEM2019-BLACK-1500W.png\",\"contentUrl\":\"https:\\\/\\\/kem-europe.eu\\\/wp-content\\\/uploads\\\/2025\\\/02\\\/KEM2019-BLACK-1500W.png\",\"width\":1500,\"height\":626,\"caption\":\"KEM Europe\"},\"image\":{\"@id\":\"https:\\\/\\\/kem-europe.eu\\\/#\\\/schema\\\/logo\\\/image\\\/\"}}]}<\/script>\n<!-- \/ Yoast SEO plugin. -->","yoast_head_json":{"title":"Globus - D\u00fcnne Trennscheibe A-30-36-S - KEM Europe","robots":{"index":"index","follow":"follow","max-snippet":"max-snippet:-1","max-image-preview":"max-image-preview:large","max-video-preview":"max-video-preview:-1"},"canonical":"https:\/\/kem-europe.eu\/de\/produkt\/globe-duenne-trennscheibe-a-30-36-s\/","og_locale":"de_DE","og_type":"article","og_title":"Globe - Dunne doorslijpschijf A-30-36-S - KEM Europe","og_description":"Verzonken kern | Type: 42   Speciaal ontwikkeld voor doorslijpen van RVS en harde legeringen, zonder zwavel, ijzer en chloor. Zeer snelle snedes met lage temperatuur en lange standtijd.","og_url":"https:\/\/kem-europe.eu\/de\/produkt\/globe-duenne-trennscheibe-a-30-36-s\/","og_site_name":"KEM Europe","article_modified_time":"2025-03-06T14:02:04+00:00","og_image":[{"width":700,"height":700,"url":"https:\/\/kem-europe.eu\/wp-content\/uploads\/2025\/02\/Globe-A3036SBF-EN-Type41.jpg","type":"image\/jpeg"}],"twitter_card":"summary_large_image","twitter_misc":{"Gesch\u00e4tzte Lesezeit":"1\u00a0Minute"},"schema":{"@context":"https:\/\/schema.org","@graph":[{"@type":"WebPage","@id":"https:\/\/kem-europe.eu\/product\/globe-dunne-doorslijpschijf-a-30-36-s\/","url":"https:\/\/kem-europe.eu\/product\/globe-dunne-doorslijpschijf-a-30-36-s\/","name":"Globus - D\u00fcnne Trennscheibe A-30-36-S - KEM Europe","isPartOf":{"@id":"https:\/\/kem-europe.eu\/#website"},"primaryImageOfPage":{"@id":"https:\/\/kem-europe.eu\/product\/globe-dunne-doorslijpschijf-a-30-36-s\/#primaryimage"},"image":{"@id":"https:\/\/kem-europe.eu\/product\/globe-dunne-doorslijpschijf-a-30-36-s\/#primaryimage"},"thumbnailUrl":"https:\/\/kem-europe.eu\/wp-content\/uploads\/2025\/02\/Globe-A3036SBF-EN-Type41.jpg","datePublished":"2025-02-27T08:21:51+00:00","dateModified":"2025-03-06T14:02:04+00:00","breadcrumb":{"@id":"https:\/\/kem-europe.eu\/product\/globe-dunne-doorslijpschijf-a-30-36-s\/#breadcrumb"},"inLanguage":"de","potentialAction":[{"@type":"ReadAction","target":["https:\/\/kem-europe.eu\/product\/globe-dunne-doorslijpschijf-a-30-36-s\/"]}]},{"@type":"ImageObject","inLanguage":"de","@id":"https:\/\/kem-europe.eu\/product\/globe-dunne-doorslijpschijf-a-30-36-s\/#primaryimage","url":"https:\/\/kem-europe.eu\/wp-content\/uploads\/2025\/02\/Globe-A3036SBF-EN-Type41.jpg","contentUrl":"https:\/\/kem-europe.eu\/wp-content\/uploads\/2025\/02\/Globe-A3036SBF-EN-Type41.jpg","width":700,"height":700},{"@type":"BreadcrumbList","@id":"https:\/\/kem-europe.eu\/product\/globe-dunne-doorslijpschijf-a-30-36-s\/#breadcrumb","itemListElement":[{"@type":"ListItem","position":1,"name":"Home","item":"https:\/\/kem-europe.eu\/"},{"@type":"ListItem","position":2,"name":"Winkel","item":"https:\/\/kem-europe.eu\/winkel\/"},{"@type":"ListItem","position":3,"name":"Globe &#8211; Dunne doorslijpschijf A-30-36-S"}]},{"@type":"WebSite","@id":"https:\/\/kem-europe.eu\/#website","url":"https:\/\/kem-europe.eu\/","name":"KEM Europe","description":"","publisher":{"@id":"https:\/\/kem-europe.eu\/#organization"},"potentialAction":[{"@type":"SearchAction","target":{"@type":"EntryPoint","urlTemplate":"https:\/\/kem-europe.eu\/?s={search_term_string}"},"query-input":{"@type":"PropertyValueSpecification","valueRequired":true,"valueName":"search_term_string"}}],"inLanguage":"de"},{"@type":"Organization","@id":"https:\/\/kem-europe.eu\/#organization","name":"KEM Europe","url":"https:\/\/kem-europe.eu\/","logo":{"@type":"ImageObject","inLanguage":"de","@id":"https:\/\/kem-europe.eu\/#\/schema\/logo\/image\/","url":"https:\/\/kem-europe.eu\/wp-content\/uploads\/2025\/02\/KEM2019-BLACK-1500W.png","contentUrl":"https:\/\/kem-europe.eu\/wp-content\/uploads\/2025\/02\/KEM2019-BLACK-1500W.png","width":1500,"height":626,"caption":"KEM Europe"},"image":{"@id":"https:\/\/kem-europe.eu\/#\/schema\/logo\/image\/"}}]}},"_links":{"self":[{"href":"https:\/\/kem-europe.eu\/de\/wp-json\/wp\/v2\/product\/1424","targetHints":{"allow":["GET"]}}],"collection":[{"href":"https:\/\/kem-europe.eu\/de\/wp-json\/wp\/v2\/product"}],"about":[{"href":"https:\/\/kem-europe.eu\/de\/wp-json\/wp\/v2\/types\/product"}],"replies":[{"embeddable":true,"href":"https:\/\/kem-europe.eu\/de\/wp-json\/wp\/v2\/comments?post=1424"}],"wp:featuredmedia":[{"embeddable":true,"href":"https:\/\/kem-europe.eu\/de\/wp-json\/wp\/v2\/media\/1432"}],"wp:attachment":[{"href":"https:\/\/kem-europe.eu\/de\/wp-json\/wp\/v2\/media?parent=1424"}],"wp:term":[{"taxonomy":"product_brand","embeddable":true,"href":"https:\/\/kem-europe.eu\/de\/wp-json\/wp\/v2\/product_brand?post=1424"},{"taxonomy":"product_cat","embeddable":true,"href":"https:\/\/kem-europe.eu\/de\/wp-json\/wp\/v2\/product_cat?post=1424"},{"taxonomy":"product_tag","embeddable":true,"href":"https:\/\/kem-europe.eu\/de\/wp-json\/wp\/v2\/product_tag?post=1424"}],"curies":[{"name":"wp","href":"https:\/\/api.w.org\/{rel}","templated":true}]}}