{"id":1427,"date":"2025-02-27T08:21:51","date_gmt":"2025-02-27T08:21:51","guid":{"rendered":"https:\/\/kem-europe.eu\/?post_type=product&#038;p=1427"},"modified":"2025-03-06T14:06:09","modified_gmt":"2025-03-06T14:06:09","slug":"globe-one-trennscheibe-za-60-sx","status":"publish","type":"product","link":"https:\/\/kem-europe.eu\/de\/product\/globe-one-doorslijpschijf-za-60-sx\/","title":{"rendered":"Globus - 'ONE'-Trennscheibe ZA-60-SX"},"content":{"rendered":"<p>Mit der Globe \"One\" Scheibe wurde ein neuer Standard gesetzt. Arbeitet mit einer Dicke von nur 1mm 5x l\u00e4nger als vergleichbare Trennscheiben auf dem Markt. Jahrelange Erfahrung flie\u00dft in diese patentierte Scheibe ein.<\/p>\n<p>Die breite Produktpalette bietet verschiedene L\u00f6sungen, so dass die Benutzer immer das richtige Produkt f\u00fcr die jeweilige Aufgabe finden. Globe-Produkte werden ausgiebig getestet, um Unwucht zu vermeiden und Vibrationen zu minimieren. Qualit\u00e4ts- und Laborkontrollen erh\u00f6hen die Langlebigkeit der Globe-Produkte.<\/p>\n<p>Die Vorteile von Globe \"one\"<\/p>\n<ul>\n<li>Sehr gute Standzeit<\/li>\n<li>Pr\u00e4zise Arbeit<\/li>\n<li>Glatter Schleifschnitt<\/li>\n<li>Hochgeschwindigkeitsschleifen<\/li>\n<\/ul>\n<p><strong>Art. Nr:<\/strong><br \/>\n<em>G1624 HP ONE<\/em><br \/>\n<em>G1721 HP ONE<\/em><\/p>","protected":false},"excerpt":{"rendered":"<p style=\"text-align: left;\"><span style=\"color: #cc0000;\"><span style=\"color: #000000;\"><strong>Versenkter Kern | Typ: 41<\/strong><\/span><\/span><br \/>\nGlobe \"ONE\" ist die neue ultrad\u00fcnne Trennscheibe zum pr\u00e4zisen Trennen von Rohren und Blechen. Trotz ihrer geringen Dicke erf\u00fcllt die Globe ONE alle Sicherheitsanforderungen durch eine Mischung aus Eisen, Zwaffel und Chlor. Diese Scheibe ist ideal f\u00fcr Edelstahl, Eisen und Stahl.<\/p>","protected":false},"featured_media":498,"comment_status":"closed","ping_status":"closed","template":"","meta":[],"product_brand":[620],"product_cat":[240,92],"product_tag":[],"class_list":{"0":"post-1427","1":"product","2":"type-product","3":"status-publish","4":"has-post-thumbnail","6":"product_brand-globe","7":"product_cat-doorslijpschijf-schuur-slijpmiddelen","8":"product_cat-schuur-slijpmiddelen","10":"first","11":"instock","12":"purchasable","13":"product-type-variable"},"ct_brands":[{"id":620,"name":"GLOBE","slug":"globe"}],"yoast_head":"<!-- This site is optimized with the Yoast SEO plugin v27.3 - https:\/\/yoast.com\/product\/yoast-seo-wordpress\/ -->\n<title>Globe - &#039;ONE&#039; doorslijpschijf ZA-60-SX - KEM Europe<\/title>\n<meta name=\"robots\" content=\"index, follow, max-snippet:-1, max-image-preview:large, max-video-preview:-1\" \/>\n<link rel=\"canonical\" href=\"https:\/\/kem-europe.eu\/de\/produkt\/globe-one-trennscheibe-za-60-sx\/\" \/>\n<meta property=\"og:locale\" content=\"de_DE\" \/>\n<meta property=\"og:type\" content=\"article\" \/>\n<meta property=\"og:title\" content=\"Globe - &#039;ONE&#039; doorslijpschijf ZA-60-SX - KEM Europe\" \/>\n<meta property=\"og:description\" content=\"Verzonken kern | Type: 41 Globe \u201cONE\u201d is de nieuwe ultradunne doorslijpschijf voor precies snijwerk van\u00a0 kokers en plaatwerk. Ondanks de geringe dikte voldoet de Globe ONE aan alle veiligheidseisen door een mix van ijzer, zwafel en chloor. Deze schijf is ideaal voor RVS, ijzer en staal.\" \/>\n<meta property=\"og:url\" content=\"https:\/\/kem-europe.eu\/de\/produkt\/globe-one-trennscheibe-za-60-sx\/\" \/>\n<meta property=\"og:site_name\" content=\"KEM Europe\" \/>\n<meta property=\"article:modified_time\" content=\"2025-03-06T14:06:09+00:00\" \/>\n<meta property=\"og:image\" content=\"https:\/\/kem-europe.eu\/wp-content\/uploads\/2025\/02\/Globe-ZA60SXBF-Type41.jpg\" \/>\n\t<meta property=\"og:image:width\" content=\"700\" \/>\n\t<meta property=\"og:image:height\" content=\"700\" \/>\n\t<meta property=\"og:image:type\" content=\"image\/jpeg\" \/>\n<meta name=\"twitter:card\" content=\"summary_large_image\" \/>\n<meta name=\"twitter:label1\" content=\"Gesch\u00e4tzte Lesezeit\" \/>\n\t<meta name=\"twitter:data1\" content=\"1\u00a0Minute\" \/>\n<script type=\"application\/ld+json\" class=\"yoast-schema-graph\">{\"@context\":\"https:\\\/\\\/schema.org\",\"@graph\":[{\"@type\":\"WebPage\",\"@id\":\"https:\\\/\\\/kem-europe.eu\\\/product\\\/globe-one-doorslijpschijf-za-60-sx\\\/\",\"url\":\"https:\\\/\\\/kem-europe.eu\\\/product\\\/globe-one-doorslijpschijf-za-60-sx\\\/\",\"name\":\"Globe - 'ONE' doorslijpschijf ZA-60-SX - KEM Europe\",\"isPartOf\":{\"@id\":\"https:\\\/\\\/kem-europe.eu\\\/#website\"},\"primaryImageOfPage\":{\"@id\":\"https:\\\/\\\/kem-europe.eu\\\/product\\\/globe-one-doorslijpschijf-za-60-sx\\\/#primaryimage\"},\"image\":{\"@id\":\"https:\\\/\\\/kem-europe.eu\\\/product\\\/globe-one-doorslijpschijf-za-60-sx\\\/#primaryimage\"},\"thumbnailUrl\":\"https:\\\/\\\/kem-europe.eu\\\/wp-content\\\/uploads\\\/2025\\\/02\\\/Globe-ZA60SXBF-Type41.jpg\",\"datePublished\":\"2025-02-27T08:21:51+00:00\",\"dateModified\":\"2025-03-06T14:06:09+00:00\",\"breadcrumb\":{\"@id\":\"https:\\\/\\\/kem-europe.eu\\\/product\\\/globe-one-doorslijpschijf-za-60-sx\\\/#breadcrumb\"},\"inLanguage\":\"de\",\"potentialAction\":[{\"@type\":\"ReadAction\",\"target\":[\"https:\\\/\\\/kem-europe.eu\\\/product\\\/globe-one-doorslijpschijf-za-60-sx\\\/\"]}]},{\"@type\":\"ImageObject\",\"inLanguage\":\"de\",\"@id\":\"https:\\\/\\\/kem-europe.eu\\\/product\\\/globe-one-doorslijpschijf-za-60-sx\\\/#primaryimage\",\"url\":\"https:\\\/\\\/kem-europe.eu\\\/wp-content\\\/uploads\\\/2025\\\/02\\\/Globe-ZA60SXBF-Type41.jpg\",\"contentUrl\":\"https:\\\/\\\/kem-europe.eu\\\/wp-content\\\/uploads\\\/2025\\\/02\\\/Globe-ZA60SXBF-Type41.jpg\",\"width\":700,\"height\":700},{\"@type\":\"BreadcrumbList\",\"@id\":\"https:\\\/\\\/kem-europe.eu\\\/product\\\/globe-one-doorslijpschijf-za-60-sx\\\/#breadcrumb\",\"itemListElement\":[{\"@type\":\"ListItem\",\"position\":1,\"name\":\"Home\",\"item\":\"https:\\\/\\\/kem-europe.eu\\\/\"},{\"@type\":\"ListItem\",\"position\":2,\"name\":\"Winkel\",\"item\":\"https:\\\/\\\/kem-europe.eu\\\/winkel\\\/\"},{\"@type\":\"ListItem\",\"position\":3,\"name\":\"Globe &#8211; &#8216;ONE&#8217; doorslijpschijf ZA-60-SX\"}]},{\"@type\":\"WebSite\",\"@id\":\"https:\\\/\\\/kem-europe.eu\\\/#website\",\"url\":\"https:\\\/\\\/kem-europe.eu\\\/\",\"name\":\"KEM Europe\",\"description\":\"\",\"publisher\":{\"@id\":\"https:\\\/\\\/kem-europe.eu\\\/#organization\"},\"potentialAction\":[{\"@type\":\"SearchAction\",\"target\":{\"@type\":\"EntryPoint\",\"urlTemplate\":\"https:\\\/\\\/kem-europe.eu\\\/?s={search_term_string}\"},\"query-input\":{\"@type\":\"PropertyValueSpecification\",\"valueRequired\":true,\"valueName\":\"search_term_string\"}}],\"inLanguage\":\"de\"},{\"@type\":\"Organization\",\"@id\":\"https:\\\/\\\/kem-europe.eu\\\/#organization\",\"name\":\"KEM Europe\",\"url\":\"https:\\\/\\\/kem-europe.eu\\\/\",\"logo\":{\"@type\":\"ImageObject\",\"inLanguage\":\"de\",\"@id\":\"https:\\\/\\\/kem-europe.eu\\\/#\\\/schema\\\/logo\\\/image\\\/\",\"url\":\"https:\\\/\\\/kem-europe.eu\\\/wp-content\\\/uploads\\\/2025\\\/02\\\/KEM2019-BLACK-1500W.png\",\"contentUrl\":\"https:\\\/\\\/kem-europe.eu\\\/wp-content\\\/uploads\\\/2025\\\/02\\\/KEM2019-BLACK-1500W.png\",\"width\":1500,\"height\":626,\"caption\":\"KEM Europe\"},\"image\":{\"@id\":\"https:\\\/\\\/kem-europe.eu\\\/#\\\/schema\\\/logo\\\/image\\\/\"}}]}<\/script>\n<!-- \/ Yoast SEO plugin. -->","yoast_head_json":{"title":"Globus - 'ONE' Trennscheibe ZA-60-SX - KEM Europe","robots":{"index":"index","follow":"follow","max-snippet":"max-snippet:-1","max-image-preview":"max-image-preview:large","max-video-preview":"max-video-preview:-1"},"canonical":"https:\/\/kem-europe.eu\/de\/produkt\/globe-one-trennscheibe-za-60-sx\/","og_locale":"de_DE","og_type":"article","og_title":"Globe - 'ONE' doorslijpschijf ZA-60-SX - KEM Europe","og_description":"Verzonken kern | Type: 41 Globe \u201cONE\u201d is de nieuwe ultradunne doorslijpschijf voor precies snijwerk van\u00a0 kokers en plaatwerk. Ondanks de geringe dikte voldoet de Globe ONE aan alle veiligheidseisen door een mix van ijzer, zwafel en chloor. Deze schijf is ideaal voor RVS, ijzer en staal.","og_url":"https:\/\/kem-europe.eu\/de\/produkt\/globe-one-trennscheibe-za-60-sx\/","og_site_name":"KEM Europe","article_modified_time":"2025-03-06T14:06:09+00:00","og_image":[{"width":700,"height":700,"url":"https:\/\/kem-europe.eu\/wp-content\/uploads\/2025\/02\/Globe-ZA60SXBF-Type41.jpg","type":"image\/jpeg"}],"twitter_card":"summary_large_image","twitter_misc":{"Gesch\u00e4tzte Lesezeit":"1\u00a0Minute"},"schema":{"@context":"https:\/\/schema.org","@graph":[{"@type":"WebPage","@id":"https:\/\/kem-europe.eu\/product\/globe-one-doorslijpschijf-za-60-sx\/","url":"https:\/\/kem-europe.eu\/product\/globe-one-doorslijpschijf-za-60-sx\/","name":"Globus - 'ONE' Trennscheibe ZA-60-SX - KEM Europe","isPartOf":{"@id":"https:\/\/kem-europe.eu\/#website"},"primaryImageOfPage":{"@id":"https:\/\/kem-europe.eu\/product\/globe-one-doorslijpschijf-za-60-sx\/#primaryimage"},"image":{"@id":"https:\/\/kem-europe.eu\/product\/globe-one-doorslijpschijf-za-60-sx\/#primaryimage"},"thumbnailUrl":"https:\/\/kem-europe.eu\/wp-content\/uploads\/2025\/02\/Globe-ZA60SXBF-Type41.jpg","datePublished":"2025-02-27T08:21:51+00:00","dateModified":"2025-03-06T14:06:09+00:00","breadcrumb":{"@id":"https:\/\/kem-europe.eu\/product\/globe-one-doorslijpschijf-za-60-sx\/#breadcrumb"},"inLanguage":"de","potentialAction":[{"@type":"ReadAction","target":["https:\/\/kem-europe.eu\/product\/globe-one-doorslijpschijf-za-60-sx\/"]}]},{"@type":"ImageObject","inLanguage":"de","@id":"https:\/\/kem-europe.eu\/product\/globe-one-doorslijpschijf-za-60-sx\/#primaryimage","url":"https:\/\/kem-europe.eu\/wp-content\/uploads\/2025\/02\/Globe-ZA60SXBF-Type41.jpg","contentUrl":"https:\/\/kem-europe.eu\/wp-content\/uploads\/2025\/02\/Globe-ZA60SXBF-Type41.jpg","width":700,"height":700},{"@type":"BreadcrumbList","@id":"https:\/\/kem-europe.eu\/product\/globe-one-doorslijpschijf-za-60-sx\/#breadcrumb","itemListElement":[{"@type":"ListItem","position":1,"name":"Home","item":"https:\/\/kem-europe.eu\/"},{"@type":"ListItem","position":2,"name":"Winkel","item":"https:\/\/kem-europe.eu\/winkel\/"},{"@type":"ListItem","position":3,"name":"Globe &#8211; &#8216;ONE&#8217; doorslijpschijf ZA-60-SX"}]},{"@type":"WebSite","@id":"https:\/\/kem-europe.eu\/#website","url":"https:\/\/kem-europe.eu\/","name":"KEM Europe","description":"","publisher":{"@id":"https:\/\/kem-europe.eu\/#organization"},"potentialAction":[{"@type":"SearchAction","target":{"@type":"EntryPoint","urlTemplate":"https:\/\/kem-europe.eu\/?s={search_term_string}"},"query-input":{"@type":"PropertyValueSpecification","valueRequired":true,"valueName":"search_term_string"}}],"inLanguage":"de"},{"@type":"Organization","@id":"https:\/\/kem-europe.eu\/#organization","name":"KEM Europe","url":"https:\/\/kem-europe.eu\/","logo":{"@type":"ImageObject","inLanguage":"de","@id":"https:\/\/kem-europe.eu\/#\/schema\/logo\/image\/","url":"https:\/\/kem-europe.eu\/wp-content\/uploads\/2025\/02\/KEM2019-BLACK-1500W.png","contentUrl":"https:\/\/kem-europe.eu\/wp-content\/uploads\/2025\/02\/KEM2019-BLACK-1500W.png","width":1500,"height":626,"caption":"KEM Europe"},"image":{"@id":"https:\/\/kem-europe.eu\/#\/schema\/logo\/image\/"}}]}},"_links":{"self":[{"href":"https:\/\/kem-europe.eu\/de\/wp-json\/wp\/v2\/product\/1427","targetHints":{"allow":["GET"]}}],"collection":[{"href":"https:\/\/kem-europe.eu\/de\/wp-json\/wp\/v2\/product"}],"about":[{"href":"https:\/\/kem-europe.eu\/de\/wp-json\/wp\/v2\/types\/product"}],"replies":[{"embeddable":true,"href":"https:\/\/kem-europe.eu\/de\/wp-json\/wp\/v2\/comments?post=1427"}],"wp:featuredmedia":[{"embeddable":true,"href":"https:\/\/kem-europe.eu\/de\/wp-json\/wp\/v2\/media\/498"}],"wp:attachment":[{"href":"https:\/\/kem-europe.eu\/de\/wp-json\/wp\/v2\/media?parent=1427"}],"wp:term":[{"taxonomy":"product_brand","embeddable":true,"href":"https:\/\/kem-europe.eu\/de\/wp-json\/wp\/v2\/product_brand?post=1427"},{"taxonomy":"product_cat","embeddable":true,"href":"https:\/\/kem-europe.eu\/de\/wp-json\/wp\/v2\/product_cat?post=1427"},{"taxonomy":"product_tag","embeddable":true,"href":"https:\/\/kem-europe.eu\/de\/wp-json\/wp\/v2\/product_tag?post=1427"}],"curies":[{"name":"wp","href":"https:\/\/api.w.org\/{rel}","templated":true}]}}