{"id":1433,"date":"2025-02-27T08:21:59","date_gmt":"2025-02-27T08:21:59","guid":{"rendered":"https:\/\/kem-europe.eu\/?post_type=product&#038;p=1433"},"modified":"2025-03-06T13:50:36","modified_gmt":"2025-03-06T13:50:36","slug":"globe-zac-trennscheibe-a-60-alu","status":"publish","type":"product","link":"https:\/\/kem-europe.eu\/de\/product\/globe-zac-doorslijpschijf-a-60-alu\/","title":{"rendered":"Globus - ZAC Trennscheibe A-60-Alu"},"content":{"rendered":"<p>Trennscheibe mit einem schraubenf\u00f6rmigen System, das das Material weniger Hitze aussetzt. Au\u00dferdem erzeugt diese Scheibe aufgrund ihres d\u00fcnnen Designs fast die H\u00e4lfte der W\u00e4rme. Mittels einer fortschrittlichen Presse wird ein spiralf\u00f6rmiges Muster in beide Seiten der Scheibe gepresst, wodurch die ZAC ihre W\u00e4rme besser abgeben kann. Dank dieser Technologie haben Sie nicht nur weniger Hitze, sondern auch weniger Reibung, eine h\u00f6here Schleifgeschwindigkeit, mehr Steifigkeit, eine h\u00f6here Kapazit\u00e4t und eine sehr lange Lebensdauer der Werkzeuge.<\/p>\n<ul>\n<li>Au\u00dfergew\u00f6hnliche Standzeit<\/li>\n<li>Schnelleres Schleifen<\/li>\n<li>Sehr d\u00fcnn<\/li>\n<li>Pr\u00e4zises und einfaches Schleifen<\/li>\n<li>Hohe Steifigkeit<\/li>\n<\/ul>\n<p><strong>Art. Nr:<br \/>\n<\/strong><em>G1645 ZAC<br \/>\n<\/em><em>G1742 ZAC<br \/>\nG1745 ZAC<br \/>\n<\/em><\/p>","protected":false},"excerpt":{"rendered":"<p style=\"text-align: left;\"><span style=\"color: #cc0000;\"><strong><span style=\"color: #000000;\">Versenkter Kern | Typ: 42<\/span><\/strong><em><br \/>\n<\/em><\/span><br \/>\nZac - Langlebigkeit, Pr\u00e4zision und hohe Qualit\u00e4t in Kombination mit dem patentierten spiralf\u00f6rmigen Design sorgen daf\u00fcr, dass das Material beim Schleifen weniger hei\u00df wird.<\/p>","protected":false},"featured_media":1462,"comment_status":"closed","ping_status":"closed","template":"","meta":[],"product_brand":[620],"product_cat":[240,92],"product_tag":[],"class_list":{"0":"post-1433","1":"product","2":"type-product","3":"status-publish","4":"has-post-thumbnail","6":"product_brand-globe","7":"product_cat-doorslijpschijf-schuur-slijpmiddelen","8":"product_cat-schuur-slijpmiddelen","10":"first","11":"instock","12":"purchasable","13":"product-type-variable"},"ct_brands":[{"id":620,"name":"GLOBE","slug":"globe"}],"yoast_head":"<!-- This site is optimized with the Yoast SEO plugin v27.3 - https:\/\/yoast.com\/product\/yoast-seo-wordpress\/ -->\n<title>Globe - ZAC Doorslijpschijf A-60-Alu - KEM Europe<\/title>\n<meta name=\"robots\" content=\"index, follow, max-snippet:-1, max-image-preview:large, max-video-preview:-1\" \/>\n<link rel=\"canonical\" href=\"https:\/\/kem-europe.eu\/de\/produkt\/globe-zac-trennscheibe-a-60-alu\/\" \/>\n<meta property=\"og:locale\" content=\"de_DE\" \/>\n<meta property=\"og:type\" content=\"article\" \/>\n<meta property=\"og:title\" content=\"Globe - ZAC Doorslijpschijf A-60-Alu - KEM Europe\" \/>\n<meta property=\"og:description\" content=\"Verzonken kern | Type: 42  Zac \u2013 duurzaamheid, precisie en hoge kwaliteit in combinatie met het gepatenteerd helico\u00efdale ontwerp zorgt ervoor dat het materiaal minder heet wordt tijdens het slijpen.\" \/>\n<meta property=\"og:url\" content=\"https:\/\/kem-europe.eu\/de\/produkt\/globe-zac-trennscheibe-a-60-alu\/\" \/>\n<meta property=\"og:site_name\" content=\"KEM Europe\" \/>\n<meta property=\"article:modified_time\" content=\"2025-03-06T13:50:36+00:00\" \/>\n<meta property=\"og:image\" content=\"https:\/\/kem-europe.eu\/wp-content\/uploads\/2025\/02\/Globe-A60ALU-1.jpg\" \/>\n\t<meta property=\"og:image:width\" content=\"700\" \/>\n\t<meta property=\"og:image:height\" content=\"700\" \/>\n\t<meta property=\"og:image:type\" content=\"image\/jpeg\" \/>\n<meta name=\"twitter:card\" content=\"summary_large_image\" \/>\n<meta name=\"twitter:label1\" content=\"Gesch\u00e4tzte Lesezeit\" \/>\n\t<meta name=\"twitter:data1\" content=\"1\u00a0Minute\" \/>\n<script type=\"application\/ld+json\" class=\"yoast-schema-graph\">{\"@context\":\"https:\\\/\\\/schema.org\",\"@graph\":[{\"@type\":\"WebPage\",\"@id\":\"https:\\\/\\\/kem-europe.eu\\\/product\\\/globe-zac-doorslijpschijf-a-60-alu\\\/\",\"url\":\"https:\\\/\\\/kem-europe.eu\\\/product\\\/globe-zac-doorslijpschijf-a-60-alu\\\/\",\"name\":\"Globe - ZAC Doorslijpschijf A-60-Alu - KEM Europe\",\"isPartOf\":{\"@id\":\"https:\\\/\\\/kem-europe.eu\\\/#website\"},\"primaryImageOfPage\":{\"@id\":\"https:\\\/\\\/kem-europe.eu\\\/product\\\/globe-zac-doorslijpschijf-a-60-alu\\\/#primaryimage\"},\"image\":{\"@id\":\"https:\\\/\\\/kem-europe.eu\\\/product\\\/globe-zac-doorslijpschijf-a-60-alu\\\/#primaryimage\"},\"thumbnailUrl\":\"https:\\\/\\\/kem-europe.eu\\\/wp-content\\\/uploads\\\/2025\\\/02\\\/Globe-A60ALU-1.jpg\",\"datePublished\":\"2025-02-27T08:21:59+00:00\",\"dateModified\":\"2025-03-06T13:50:36+00:00\",\"breadcrumb\":{\"@id\":\"https:\\\/\\\/kem-europe.eu\\\/product\\\/globe-zac-doorslijpschijf-a-60-alu\\\/#breadcrumb\"},\"inLanguage\":\"de\",\"potentialAction\":[{\"@type\":\"ReadAction\",\"target\":[\"https:\\\/\\\/kem-europe.eu\\\/product\\\/globe-zac-doorslijpschijf-a-60-alu\\\/\"]}]},{\"@type\":\"ImageObject\",\"inLanguage\":\"de\",\"@id\":\"https:\\\/\\\/kem-europe.eu\\\/product\\\/globe-zac-doorslijpschijf-a-60-alu\\\/#primaryimage\",\"url\":\"https:\\\/\\\/kem-europe.eu\\\/wp-content\\\/uploads\\\/2025\\\/02\\\/Globe-A60ALU-1.jpg\",\"contentUrl\":\"https:\\\/\\\/kem-europe.eu\\\/wp-content\\\/uploads\\\/2025\\\/02\\\/Globe-A60ALU-1.jpg\",\"width\":700,\"height\":700},{\"@type\":\"BreadcrumbList\",\"@id\":\"https:\\\/\\\/kem-europe.eu\\\/product\\\/globe-zac-doorslijpschijf-a-60-alu\\\/#breadcrumb\",\"itemListElement\":[{\"@type\":\"ListItem\",\"position\":1,\"name\":\"Home\",\"item\":\"https:\\\/\\\/kem-europe.eu\\\/\"},{\"@type\":\"ListItem\",\"position\":2,\"name\":\"Winkel\",\"item\":\"https:\\\/\\\/kem-europe.eu\\\/winkel\\\/\"},{\"@type\":\"ListItem\",\"position\":3,\"name\":\"Globe &#8211; ZAC Doorslijpschijf A-60-Alu\"}]},{\"@type\":\"WebSite\",\"@id\":\"https:\\\/\\\/kem-europe.eu\\\/#website\",\"url\":\"https:\\\/\\\/kem-europe.eu\\\/\",\"name\":\"KEM Europe\",\"description\":\"\",\"publisher\":{\"@id\":\"https:\\\/\\\/kem-europe.eu\\\/#organization\"},\"potentialAction\":[{\"@type\":\"SearchAction\",\"target\":{\"@type\":\"EntryPoint\",\"urlTemplate\":\"https:\\\/\\\/kem-europe.eu\\\/?s={search_term_string}\"},\"query-input\":{\"@type\":\"PropertyValueSpecification\",\"valueRequired\":true,\"valueName\":\"search_term_string\"}}],\"inLanguage\":\"de\"},{\"@type\":\"Organization\",\"@id\":\"https:\\\/\\\/kem-europe.eu\\\/#organization\",\"name\":\"KEM Europe\",\"url\":\"https:\\\/\\\/kem-europe.eu\\\/\",\"logo\":{\"@type\":\"ImageObject\",\"inLanguage\":\"de\",\"@id\":\"https:\\\/\\\/kem-europe.eu\\\/#\\\/schema\\\/logo\\\/image\\\/\",\"url\":\"https:\\\/\\\/kem-europe.eu\\\/wp-content\\\/uploads\\\/2025\\\/02\\\/KEM2019-BLACK-1500W.png\",\"contentUrl\":\"https:\\\/\\\/kem-europe.eu\\\/wp-content\\\/uploads\\\/2025\\\/02\\\/KEM2019-BLACK-1500W.png\",\"width\":1500,\"height\":626,\"caption\":\"KEM Europe\"},\"image\":{\"@id\":\"https:\\\/\\\/kem-europe.eu\\\/#\\\/schema\\\/logo\\\/image\\\/\"}}]}<\/script>\n<!-- \/ Yoast SEO plugin. -->","yoast_head_json":{"title":"Globus - ZAC Trennscheibe A-60-Alu - KEM Europe","robots":{"index":"index","follow":"follow","max-snippet":"max-snippet:-1","max-image-preview":"max-image-preview:large","max-video-preview":"max-video-preview:-1"},"canonical":"https:\/\/kem-europe.eu\/de\/produkt\/globe-zac-trennscheibe-a-60-alu\/","og_locale":"de_DE","og_type":"article","og_title":"Globe - ZAC Doorslijpschijf A-60-Alu - KEM Europe","og_description":"Verzonken kern | Type: 42  Zac \u2013 duurzaamheid, precisie en hoge kwaliteit in combinatie met het gepatenteerd helico\u00efdale ontwerp zorgt ervoor dat het materiaal minder heet wordt tijdens het slijpen.","og_url":"https:\/\/kem-europe.eu\/de\/produkt\/globe-zac-trennscheibe-a-60-alu\/","og_site_name":"KEM Europe","article_modified_time":"2025-03-06T13:50:36+00:00","og_image":[{"width":700,"height":700,"url":"https:\/\/kem-europe.eu\/wp-content\/uploads\/2025\/02\/Globe-A60ALU-1.jpg","type":"image\/jpeg"}],"twitter_card":"summary_large_image","twitter_misc":{"Gesch\u00e4tzte Lesezeit":"1\u00a0Minute"},"schema":{"@context":"https:\/\/schema.org","@graph":[{"@type":"WebPage","@id":"https:\/\/kem-europe.eu\/product\/globe-zac-doorslijpschijf-a-60-alu\/","url":"https:\/\/kem-europe.eu\/product\/globe-zac-doorslijpschijf-a-60-alu\/","name":"Globus - ZAC Trennscheibe A-60-Alu - KEM Europe","isPartOf":{"@id":"https:\/\/kem-europe.eu\/#website"},"primaryImageOfPage":{"@id":"https:\/\/kem-europe.eu\/product\/globe-zac-doorslijpschijf-a-60-alu\/#primaryimage"},"image":{"@id":"https:\/\/kem-europe.eu\/product\/globe-zac-doorslijpschijf-a-60-alu\/#primaryimage"},"thumbnailUrl":"https:\/\/kem-europe.eu\/wp-content\/uploads\/2025\/02\/Globe-A60ALU-1.jpg","datePublished":"2025-02-27T08:21:59+00:00","dateModified":"2025-03-06T13:50:36+00:00","breadcrumb":{"@id":"https:\/\/kem-europe.eu\/product\/globe-zac-doorslijpschijf-a-60-alu\/#breadcrumb"},"inLanguage":"de","potentialAction":[{"@type":"ReadAction","target":["https:\/\/kem-europe.eu\/product\/globe-zac-doorslijpschijf-a-60-alu\/"]}]},{"@type":"ImageObject","inLanguage":"de","@id":"https:\/\/kem-europe.eu\/product\/globe-zac-doorslijpschijf-a-60-alu\/#primaryimage","url":"https:\/\/kem-europe.eu\/wp-content\/uploads\/2025\/02\/Globe-A60ALU-1.jpg","contentUrl":"https:\/\/kem-europe.eu\/wp-content\/uploads\/2025\/02\/Globe-A60ALU-1.jpg","width":700,"height":700},{"@type":"BreadcrumbList","@id":"https:\/\/kem-europe.eu\/product\/globe-zac-doorslijpschijf-a-60-alu\/#breadcrumb","itemListElement":[{"@type":"ListItem","position":1,"name":"Home","item":"https:\/\/kem-europe.eu\/"},{"@type":"ListItem","position":2,"name":"Winkel","item":"https:\/\/kem-europe.eu\/winkel\/"},{"@type":"ListItem","position":3,"name":"Globe &#8211; ZAC Doorslijpschijf A-60-Alu"}]},{"@type":"WebSite","@id":"https:\/\/kem-europe.eu\/#website","url":"https:\/\/kem-europe.eu\/","name":"KEM Europe","description":"","publisher":{"@id":"https:\/\/kem-europe.eu\/#organization"},"potentialAction":[{"@type":"SearchAction","target":{"@type":"EntryPoint","urlTemplate":"https:\/\/kem-europe.eu\/?s={search_term_string}"},"query-input":{"@type":"PropertyValueSpecification","valueRequired":true,"valueName":"search_term_string"}}],"inLanguage":"de"},{"@type":"Organization","@id":"https:\/\/kem-europe.eu\/#organization","name":"KEM Europe","url":"https:\/\/kem-europe.eu\/","logo":{"@type":"ImageObject","inLanguage":"de","@id":"https:\/\/kem-europe.eu\/#\/schema\/logo\/image\/","url":"https:\/\/kem-europe.eu\/wp-content\/uploads\/2025\/02\/KEM2019-BLACK-1500W.png","contentUrl":"https:\/\/kem-europe.eu\/wp-content\/uploads\/2025\/02\/KEM2019-BLACK-1500W.png","width":1500,"height":626,"caption":"KEM Europe"},"image":{"@id":"https:\/\/kem-europe.eu\/#\/schema\/logo\/image\/"}}]}},"_links":{"self":[{"href":"https:\/\/kem-europe.eu\/de\/wp-json\/wp\/v2\/product\/1433","targetHints":{"allow":["GET"]}}],"collection":[{"href":"https:\/\/kem-europe.eu\/de\/wp-json\/wp\/v2\/product"}],"about":[{"href":"https:\/\/kem-europe.eu\/de\/wp-json\/wp\/v2\/types\/product"}],"replies":[{"embeddable":true,"href":"https:\/\/kem-europe.eu\/de\/wp-json\/wp\/v2\/comments?post=1433"}],"wp:featuredmedia":[{"embeddable":true,"href":"https:\/\/kem-europe.eu\/de\/wp-json\/wp\/v2\/media\/1462"}],"wp:attachment":[{"href":"https:\/\/kem-europe.eu\/de\/wp-json\/wp\/v2\/media?parent=1433"}],"wp:term":[{"taxonomy":"product_brand","embeddable":true,"href":"https:\/\/kem-europe.eu\/de\/wp-json\/wp\/v2\/product_brand?post=1433"},{"taxonomy":"product_cat","embeddable":true,"href":"https:\/\/kem-europe.eu\/de\/wp-json\/wp\/v2\/product_cat?post=1433"},{"taxonomy":"product_tag","embeddable":true,"href":"https:\/\/kem-europe.eu\/de\/wp-json\/wp\/v2\/product_tag?post=1433"}],"curies":[{"name":"wp","href":"https:\/\/api.w.org\/{rel}","templated":true}]}}