{"id":1434,"date":"2025-02-27T08:21:59","date_gmt":"2025-02-27T08:21:59","guid":{"rendered":"https:\/\/kem-europe.eu\/?post_type=product&#038;p=1434"},"modified":"2025-03-06T13:52:30","modified_gmt":"2025-03-06T13:52:30","slug":"globe-x-one-plus-trennscheibe-a-60-sx","status":"publish","type":"product","link":"https:\/\/kem-europe.eu\/de\/product\/globe-x-one-plus-doorslijpschijf-a-60-sx\/","title":{"rendered":"Globus - X-ONE Plus Trennscheibe A-60-SX"},"content":{"rendered":"<p>Die X-CELLENCE ONE ist eine absolute Neuheit auf dem Markt der kunstharzgebundenen Schleifscheiben.<\/p>\n<p>Wie alle Globe-Produkte unterliegen auch unsere Schleifscheiben den h\u00f6chsten Sicherheitsstandards und werden t\u00e4glich getestet, um die Sicherheit zu gew\u00e4hrleisten. X-CELLENCE ist eisen-, chlor- und schwefelfrei und damit perfekt f\u00fcr Edelstahl geeignet.<\/p>\n<ul>\n<li>Gerader und sauberer Schnitt<\/li>\n<li>Biegt nicht und vibriert nicht<\/li>\n<li>Extreme Pr\u00e4zision<\/li>\n<li>Sehr hohe Schleifgeschwindigkeit<\/li>\n<li>Auch bei tiefen Schnitten sicher<\/li>\n<li>Un\u00fcbertroffene Galvanisierung im Material<\/li>\n<li>Sehr einfach zu bedienen<\/li>\n<li>Frei von Eisen, Chlor und Schwefel<\/li>\n<li>Verminderter Verschlei\u00df<\/li>\n<\/ul>\n<p><strong>Art. Nr:<br \/>\n<\/strong><em>G1583 X-ONE<\/em><br \/>\n<em>G1584 X-ONE<\/em><\/p>","protected":false},"excerpt":{"rendered":"<p><strong><span style=\"color: #000000;\">Versenkter Kern | Typ: 42<\/span><\/strong><\/p>\n<p>Versenkter Kern Typ 42. Die besondere Form dieser Scheibe (die \"schmale Kuppel\") erm\u00f6glicht eine Eindringtiefe, die mit normalen Senkkernscheiben nicht erreicht werden kann. Die X-CELLENCE ONE eignet sich dank ihrer geringen Dicke von 1,0 realen Millimetern, ihrer hohen Steifigkeit und ihrer leichten Man\u00f6vrierbarkeit perfekt f\u00fcr einfache, gerade Schnitte.<\/p>","protected":false},"featured_media":502,"comment_status":"closed","ping_status":"closed","template":"","meta":[],"product_brand":[620],"product_cat":[240,92],"product_tag":[],"class_list":{"0":"post-1434","1":"product","2":"type-product","3":"status-publish","4":"has-post-thumbnail","6":"product_brand-globe","7":"product_cat-doorslijpschijf-schuur-slijpmiddelen","8":"product_cat-schuur-slijpmiddelen","10":"first","11":"instock","12":"purchasable","13":"product-type-variable"},"ct_brands":[{"id":620,"name":"GLOBE","slug":"globe"}],"yoast_head":"<!-- This site is optimized with the Yoast SEO plugin v27.3 - https:\/\/yoast.com\/product\/yoast-seo-wordpress\/ -->\n<title>Globe - X-ONE Plus doorslijpschijf A-60-SX - KEM Europe<\/title>\n<meta name=\"robots\" content=\"index, follow, max-snippet:-1, max-image-preview:large, max-video-preview:-1\" \/>\n<link rel=\"canonical\" href=\"https:\/\/kem-europe.eu\/de\/produkt\/globe-x-one-plus-trennscheibe-a-60-sx\/\" \/>\n<meta property=\"og:locale\" content=\"de_DE\" \/>\n<meta property=\"og:type\" content=\"article\" \/>\n<meta property=\"og:title\" content=\"Globe - X-ONE Plus doorslijpschijf A-60-SX - KEM Europe\" \/>\n<meta property=\"og:description\" content=\"Verzonken kern | Type: 42  Verzonken kern type 42. De speciale vorm van deze schijf (het \u2018smalle koepel\u2019 ontwerp) zorgt voor doordringen dat nog niet eerder bereikt was met reguliere verzonken kern-schijf. X-CELLENCE ONE is perfect voor makkelijke, rechte snedes dankzij de geringe dikte van 1.0 echte millimeters, de hoge stijfheid en het gemak van de wendbaarheid.\" \/>\n<meta property=\"og:url\" content=\"https:\/\/kem-europe.eu\/de\/produkt\/globe-x-one-plus-trennscheibe-a-60-sx\/\" \/>\n<meta property=\"og:site_name\" content=\"KEM Europe\" \/>\n<meta property=\"article:modified_time\" content=\"2025-03-06T13:52:30+00:00\" \/>\n<meta property=\"og:image\" content=\"https:\/\/kem-europe.eu\/wp-content\/uploads\/2025\/02\/Globe-ZA60SXBF.jpg\" \/>\n\t<meta property=\"og:image:width\" content=\"700\" \/>\n\t<meta property=\"og:image:height\" content=\"700\" \/>\n\t<meta property=\"og:image:type\" content=\"image\/jpeg\" \/>\n<meta name=\"twitter:card\" content=\"summary_large_image\" \/>\n<meta name=\"twitter:label1\" content=\"Gesch\u00e4tzte Lesezeit\" \/>\n\t<meta name=\"twitter:data1\" content=\"1\u00a0Minute\" \/>\n<script type=\"application\/ld+json\" class=\"yoast-schema-graph\">{\"@context\":\"https:\\\/\\\/schema.org\",\"@graph\":[{\"@type\":\"WebPage\",\"@id\":\"https:\\\/\\\/kem-europe.eu\\\/product\\\/globe-x-one-plus-doorslijpschijf-a-60-sx\\\/\",\"url\":\"https:\\\/\\\/kem-europe.eu\\\/product\\\/globe-x-one-plus-doorslijpschijf-a-60-sx\\\/\",\"name\":\"Globe - X-ONE Plus doorslijpschijf A-60-SX - KEM Europe\",\"isPartOf\":{\"@id\":\"https:\\\/\\\/kem-europe.eu\\\/#website\"},\"primaryImageOfPage\":{\"@id\":\"https:\\\/\\\/kem-europe.eu\\\/product\\\/globe-x-one-plus-doorslijpschijf-a-60-sx\\\/#primaryimage\"},\"image\":{\"@id\":\"https:\\\/\\\/kem-europe.eu\\\/product\\\/globe-x-one-plus-doorslijpschijf-a-60-sx\\\/#primaryimage\"},\"thumbnailUrl\":\"https:\\\/\\\/kem-europe.eu\\\/wp-content\\\/uploads\\\/2025\\\/02\\\/Globe-ZA60SXBF.jpg\",\"datePublished\":\"2025-02-27T08:21:59+00:00\",\"dateModified\":\"2025-03-06T13:52:30+00:00\",\"breadcrumb\":{\"@id\":\"https:\\\/\\\/kem-europe.eu\\\/product\\\/globe-x-one-plus-doorslijpschijf-a-60-sx\\\/#breadcrumb\"},\"inLanguage\":\"de\",\"potentialAction\":[{\"@type\":\"ReadAction\",\"target\":[\"https:\\\/\\\/kem-europe.eu\\\/product\\\/globe-x-one-plus-doorslijpschijf-a-60-sx\\\/\"]}]},{\"@type\":\"ImageObject\",\"inLanguage\":\"de\",\"@id\":\"https:\\\/\\\/kem-europe.eu\\\/product\\\/globe-x-one-plus-doorslijpschijf-a-60-sx\\\/#primaryimage\",\"url\":\"https:\\\/\\\/kem-europe.eu\\\/wp-content\\\/uploads\\\/2025\\\/02\\\/Globe-ZA60SXBF.jpg\",\"contentUrl\":\"https:\\\/\\\/kem-europe.eu\\\/wp-content\\\/uploads\\\/2025\\\/02\\\/Globe-ZA60SXBF.jpg\",\"width\":700,\"height\":700},{\"@type\":\"BreadcrumbList\",\"@id\":\"https:\\\/\\\/kem-europe.eu\\\/product\\\/globe-x-one-plus-doorslijpschijf-a-60-sx\\\/#breadcrumb\",\"itemListElement\":[{\"@type\":\"ListItem\",\"position\":1,\"name\":\"Home\",\"item\":\"https:\\\/\\\/kem-europe.eu\\\/\"},{\"@type\":\"ListItem\",\"position\":2,\"name\":\"Winkel\",\"item\":\"https:\\\/\\\/kem-europe.eu\\\/winkel\\\/\"},{\"@type\":\"ListItem\",\"position\":3,\"name\":\"Globe &#8211; X-ONE Plus doorslijpschijf A-60-SX\"}]},{\"@type\":\"WebSite\",\"@id\":\"https:\\\/\\\/kem-europe.eu\\\/#website\",\"url\":\"https:\\\/\\\/kem-europe.eu\\\/\",\"name\":\"KEM Europe\",\"description\":\"\",\"publisher\":{\"@id\":\"https:\\\/\\\/kem-europe.eu\\\/#organization\"},\"potentialAction\":[{\"@type\":\"SearchAction\",\"target\":{\"@type\":\"EntryPoint\",\"urlTemplate\":\"https:\\\/\\\/kem-europe.eu\\\/?s={search_term_string}\"},\"query-input\":{\"@type\":\"PropertyValueSpecification\",\"valueRequired\":true,\"valueName\":\"search_term_string\"}}],\"inLanguage\":\"de\"},{\"@type\":\"Organization\",\"@id\":\"https:\\\/\\\/kem-europe.eu\\\/#organization\",\"name\":\"KEM Europe\",\"url\":\"https:\\\/\\\/kem-europe.eu\\\/\",\"logo\":{\"@type\":\"ImageObject\",\"inLanguage\":\"de\",\"@id\":\"https:\\\/\\\/kem-europe.eu\\\/#\\\/schema\\\/logo\\\/image\\\/\",\"url\":\"https:\\\/\\\/kem-europe.eu\\\/wp-content\\\/uploads\\\/2025\\\/02\\\/KEM2019-BLACK-1500W.png\",\"contentUrl\":\"https:\\\/\\\/kem-europe.eu\\\/wp-content\\\/uploads\\\/2025\\\/02\\\/KEM2019-BLACK-1500W.png\",\"width\":1500,\"height\":626,\"caption\":\"KEM Europe\"},\"image\":{\"@id\":\"https:\\\/\\\/kem-europe.eu\\\/#\\\/schema\\\/logo\\\/image\\\/\"}}]}<\/script>\n<!-- \/ Yoast SEO plugin. -->","yoast_head_json":{"title":"Globus - X-ONE Plus-Trennscheibe A-60-SX - KEM Europe","robots":{"index":"index","follow":"follow","max-snippet":"max-snippet:-1","max-image-preview":"max-image-preview:large","max-video-preview":"max-video-preview:-1"},"canonical":"https:\/\/kem-europe.eu\/de\/produkt\/globe-x-one-plus-trennscheibe-a-60-sx\/","og_locale":"de_DE","og_type":"article","og_title":"Globe - X-ONE Plus doorslijpschijf A-60-SX - KEM Europe","og_description":"Verzonken kern | Type: 42  Verzonken kern type 42. De speciale vorm van deze schijf (het \u2018smalle koepel\u2019 ontwerp) zorgt voor doordringen dat nog niet eerder bereikt was met reguliere verzonken kern-schijf. X-CELLENCE ONE is perfect voor makkelijke, rechte snedes dankzij de geringe dikte van 1.0 echte millimeters, de hoge stijfheid en het gemak van de wendbaarheid.","og_url":"https:\/\/kem-europe.eu\/de\/produkt\/globe-x-one-plus-trennscheibe-a-60-sx\/","og_site_name":"KEM Europe","article_modified_time":"2025-03-06T13:52:30+00:00","og_image":[{"width":700,"height":700,"url":"https:\/\/kem-europe.eu\/wp-content\/uploads\/2025\/02\/Globe-ZA60SXBF.jpg","type":"image\/jpeg"}],"twitter_card":"summary_large_image","twitter_misc":{"Gesch\u00e4tzte Lesezeit":"1\u00a0Minute"},"schema":{"@context":"https:\/\/schema.org","@graph":[{"@type":"WebPage","@id":"https:\/\/kem-europe.eu\/product\/globe-x-one-plus-doorslijpschijf-a-60-sx\/","url":"https:\/\/kem-europe.eu\/product\/globe-x-one-plus-doorslijpschijf-a-60-sx\/","name":"Globus - X-ONE Plus-Trennscheibe A-60-SX - KEM Europe","isPartOf":{"@id":"https:\/\/kem-europe.eu\/#website"},"primaryImageOfPage":{"@id":"https:\/\/kem-europe.eu\/product\/globe-x-one-plus-doorslijpschijf-a-60-sx\/#primaryimage"},"image":{"@id":"https:\/\/kem-europe.eu\/product\/globe-x-one-plus-doorslijpschijf-a-60-sx\/#primaryimage"},"thumbnailUrl":"https:\/\/kem-europe.eu\/wp-content\/uploads\/2025\/02\/Globe-ZA60SXBF.jpg","datePublished":"2025-02-27T08:21:59+00:00","dateModified":"2025-03-06T13:52:30+00:00","breadcrumb":{"@id":"https:\/\/kem-europe.eu\/product\/globe-x-one-plus-doorslijpschijf-a-60-sx\/#breadcrumb"},"inLanguage":"de","potentialAction":[{"@type":"ReadAction","target":["https:\/\/kem-europe.eu\/product\/globe-x-one-plus-doorslijpschijf-a-60-sx\/"]}]},{"@type":"ImageObject","inLanguage":"de","@id":"https:\/\/kem-europe.eu\/product\/globe-x-one-plus-doorslijpschijf-a-60-sx\/#primaryimage","url":"https:\/\/kem-europe.eu\/wp-content\/uploads\/2025\/02\/Globe-ZA60SXBF.jpg","contentUrl":"https:\/\/kem-europe.eu\/wp-content\/uploads\/2025\/02\/Globe-ZA60SXBF.jpg","width":700,"height":700},{"@type":"BreadcrumbList","@id":"https:\/\/kem-europe.eu\/product\/globe-x-one-plus-doorslijpschijf-a-60-sx\/#breadcrumb","itemListElement":[{"@type":"ListItem","position":1,"name":"Home","item":"https:\/\/kem-europe.eu\/"},{"@type":"ListItem","position":2,"name":"Winkel","item":"https:\/\/kem-europe.eu\/winkel\/"},{"@type":"ListItem","position":3,"name":"Globe &#8211; X-ONE Plus doorslijpschijf A-60-SX"}]},{"@type":"WebSite","@id":"https:\/\/kem-europe.eu\/#website","url":"https:\/\/kem-europe.eu\/","name":"KEM Europe","description":"","publisher":{"@id":"https:\/\/kem-europe.eu\/#organization"},"potentialAction":[{"@type":"SearchAction","target":{"@type":"EntryPoint","urlTemplate":"https:\/\/kem-europe.eu\/?s={search_term_string}"},"query-input":{"@type":"PropertyValueSpecification","valueRequired":true,"valueName":"search_term_string"}}],"inLanguage":"de"},{"@type":"Organization","@id":"https:\/\/kem-europe.eu\/#organization","name":"KEM Europe","url":"https:\/\/kem-europe.eu\/","logo":{"@type":"ImageObject","inLanguage":"de","@id":"https:\/\/kem-europe.eu\/#\/schema\/logo\/image\/","url":"https:\/\/kem-europe.eu\/wp-content\/uploads\/2025\/02\/KEM2019-BLACK-1500W.png","contentUrl":"https:\/\/kem-europe.eu\/wp-content\/uploads\/2025\/02\/KEM2019-BLACK-1500W.png","width":1500,"height":626,"caption":"KEM Europe"},"image":{"@id":"https:\/\/kem-europe.eu\/#\/schema\/logo\/image\/"}}]}},"_links":{"self":[{"href":"https:\/\/kem-europe.eu\/de\/wp-json\/wp\/v2\/product\/1434","targetHints":{"allow":["GET"]}}],"collection":[{"href":"https:\/\/kem-europe.eu\/de\/wp-json\/wp\/v2\/product"}],"about":[{"href":"https:\/\/kem-europe.eu\/de\/wp-json\/wp\/v2\/types\/product"}],"replies":[{"embeddable":true,"href":"https:\/\/kem-europe.eu\/de\/wp-json\/wp\/v2\/comments?post=1434"}],"wp:featuredmedia":[{"embeddable":true,"href":"https:\/\/kem-europe.eu\/de\/wp-json\/wp\/v2\/media\/502"}],"wp:attachment":[{"href":"https:\/\/kem-europe.eu\/de\/wp-json\/wp\/v2\/media?parent=1434"}],"wp:term":[{"taxonomy":"product_brand","embeddable":true,"href":"https:\/\/kem-europe.eu\/de\/wp-json\/wp\/v2\/product_brand?post=1434"},{"taxonomy":"product_cat","embeddable":true,"href":"https:\/\/kem-europe.eu\/de\/wp-json\/wp\/v2\/product_cat?post=1434"},{"taxonomy":"product_tag","embeddable":true,"href":"https:\/\/kem-europe.eu\/de\/wp-json\/wp\/v2\/product_tag?post=1434"}],"curies":[{"name":"wp","href":"https:\/\/api.w.org\/{rel}","templated":true}]}}