{"id":1443,"date":"2025-02-27T08:22:00","date_gmt":"2025-02-27T08:22:00","guid":{"rendered":"https:\/\/kem-europe.eu\/?post_type=product&#038;p=1443"},"modified":"2025-07-07T10:38:08","modified_gmt":"2025-07-07T10:38:08","slug":"bycon-dmp-162d-handgefuehrte-diamantbohrmaschine-202mm-2200w-d-griff","status":"publish","type":"product","link":"https:\/\/kem-europe.eu\/de\/product\/bycon-dmp-162d-handbediende-diamantboormachine-202-mm-2200w-d-greep\/","title":{"rendered":"BYCON DMP-162D - Diamantbohrmaschine | 2200W | Nassbohren | D-Griff"},"content":{"rendered":"<h2>BYCON DMP-162D - Diamantbohrmaschine | 2200W | Nassbohren | D-Griff<\/h2>\n<p>Eine spezielle Diamantbohrmaschine mit einem D-Griff und einem Hochleistungsmotor (2200 W) mit 3 G\u00e4ngen f\u00fcr Nassbohrungen. Kann manuell oder mit einem Bohrst\u00e4nder verwendet werden. Die intelligente LED-Kontrollleuchte leuchtet bei \u00dcberlastung, \u00dcberhitzung und Meldung zum Wechseln der Kohleb\u00fcrsten!<\/p>\n<ul>\n<li>Der Bycon-Kernbohrmotor DMP-162D ist f\u00fcr anspruchsvolle Bauunternehmen und Gro\u00dfh\u00e4ndler im professionellen Bereich konzipiert.<\/li>\n<li>Kompakt, geeignet f\u00fcr Nasskernbohrungen<\/li>\n<li>Die 1 1\/4\u2033 UNC (M) und 1\/2\u2033 BSP (F) Spindel ist f\u00fcr die meisten Kernbohrer auf dem europ\u00e4ischen Markt geeignet.<\/li>\n<li>Beschleunigungskontrolle - 3 Geschwindigkeiten: variable Geschwindigkeit zum Bohren von Betonkernen in verschiedenen Durchmessern<\/li>\n<li>Zwei Betriebsarten - Bedienung aus der freien Hand oder Befestigung des Bohrers am Bohrst\u00e4nder mit einer 60 mm Halterung<\/li>\n<li>Verstellbarer Frontgriff<\/li>\n<li>Sanftanlauf zum Schutz - Der Motor l\u00e4uft unter seiner Kontrolle allm\u00e4hlich an und erreicht in wenigen Sekunden die Leerlaufdrehzahl. Eine weitere Funktion ist die Vermeidung von \u00dcberlastungen beim Bohren, wenn das Bohrfutter auf hartes Material trifft.<\/li>\n<li>Intelligente LED-Kontrollleuchte warnt vor \u00dcberlastung und dem Austausch der Kohleb\u00fcrste<\/li>\n<li>3 Geschwindigkeiten zum Vorbohren und Nassbohren<\/li>\n<li>Tragbarer und montierter Typ<\/li>\n<\/ul>\n<p><strong>Technische Daten<\/strong><\/p>\n<ul>\n<li>Leistung - 2200 W<\/li>\n<li>Spannung - 230 V<\/li>\n<li>Stromst\u00e4rke - 10 A<\/li>\n<li>Frequenz - 50 Hz, 60 Hz<\/li>\n<li>Gewicht - 7,8 kg<\/li>\n<li>Aufwicklung - 1 1\/4\" UNC &amp; 1\/2 \"G<\/li>\n<li>Max. tragbarer Bohrdurchmesser - 162 mm<\/li>\n<li>Max. Bohrdurchmesser mit St\u00e4nder - 202 mm<\/li>\n<li>Variable Drehzahl - 650 \/ 1300 \/ 2600 U\/min<\/li>\n<li>Tragbare Bohrung Durchmesser von 1\/2\/3 Zahnrad - 162 \/ 82 \/ 42 mm<\/li>\n<li>Bohrerdurchmesser mit 1\/2\/3 Getriebe Standard - 202 \/ 102 \/ 62 mm<\/li>\n<li>Abmessungen der Verpackung - 635 x 460 x 215 mm<\/li>\n<\/ul>\n<p><strong>Umfang der Lieferung<\/strong><\/p>\n<ul>\n<li>Bycon DMP-162D Manuelle Diamantbohrmaschine 202 mm - 2200W - D-Griff<\/li>\n<li>Handb\u00fccher<\/li>\n<li>2x Kohleb\u00fcrsten<\/li>\n<li>Schutzbrille<\/li>\n<li>Seitlicher Griff<\/li>\n<li>2x Schraubenschl\u00fcssel<\/li>\n<li>Ohrst\u00f6psel<\/li>\n<li>Schnellkupplung f\u00fcr Vakuumr\u00f6hren<\/li>\n<li>Schnellkupplung f\u00fcr Wasserschlauch<\/li>\n<li>Schnelle Freigabe<\/li>\n<\/ul>","protected":false},"excerpt":{"rendered":"<p data-start=\"111\" data-end=\"560\">Leistungsstarke 2200W Diamantbohrmaschine mit D-Griff, speziell f\u00fcr Nassbohrungen in Beton, Stein und Stahlbeton. Ausgestattet mit 3 G\u00e4ngen, LED-Warnsystem und Softstart f\u00fcr kontrollierten Anlauf und \u00dcberlastungsschutz. Geeignet sowohl f\u00fcr den manuellen Einsatz als auch f\u00fcr die Montage auf einem Bohrst\u00e4nder dank der 60-mm-Halterung. Eine ideale Wahl f\u00fcr Profis, die auf der Baustelle Pr\u00e4zision, Sicherheit und Flexibilit\u00e4t ben\u00f6tigen.<\/p>","protected":false},"featured_media":1490,"comment_status":"closed","ping_status":"closed","template":"","meta":[],"product_brand":[627],"product_cat":[74],"product_tag":[],"class_list":{"0":"post-1443","1":"product","2":"type-product","3":"status-publish","4":"has-post-thumbnail","6":"product_brand-bycon","7":"product_cat-diamant-boormachine","9":"first","10":"instock","11":"shipping-taxable","12":"product-type-simple"},"ct_brands":[{"id":627,"name":"BYCON","slug":"bycon"}],"yoast_head":"<!-- This site is optimized with the Yoast SEO plugin v27.3 - https:\/\/yoast.com\/product\/yoast-seo-wordpress\/ -->\n<title>BYCON DMP-162D Diamantboormachine \u2013 2200W \u2013 Natboren - KEM Europe<\/title>\n<meta name=\"description\" content=\"BYCON DMP-162D professionele diamantboormachine met 2200W motor, D-greep en 3 versnellingen. Voor natboren met LED-indicatie en softstartfunctie.\" \/>\n<meta name=\"robots\" content=\"index, follow, max-snippet:-1, max-image-preview:large, max-video-preview:-1\" \/>\n<link rel=\"canonical\" href=\"https:\/\/kem-europe.eu\/de\/produkt\/bycon-dmp-162d-handgefuehrte-diamantbohrmaschine-202mm-2200w-d-griff\/\" \/>\n<meta property=\"og:locale\" content=\"de_DE\" \/>\n<meta property=\"og:type\" content=\"article\" \/>\n<meta property=\"og:title\" content=\"BYCON DMP-162D Diamantboormachine \u2013 2200W \u2013 Natboren - KEM Europe\" \/>\n<meta property=\"og:description\" content=\"BYCON DMP-162D professionele diamantboormachine met 2200W motor, D-greep en 3 versnellingen. Voor natboren met LED-indicatie en softstartfunctie.\" \/>\n<meta property=\"og:url\" content=\"https:\/\/kem-europe.eu\/de\/produkt\/bycon-dmp-162d-handgefuehrte-diamantbohrmaschine-202mm-2200w-d-griff\/\" \/>\n<meta property=\"og:site_name\" content=\"KEM Europe\" \/>\n<meta property=\"article:modified_time\" content=\"2025-07-07T10:38:08+00:00\" \/>\n<meta property=\"og:image\" content=\"https:\/\/kem-europe.eu\/wp-content\/uploads\/2025\/02\/DMP162D-4.jpg\" \/>\n\t<meta property=\"og:image:width\" content=\"700\" \/>\n\t<meta property=\"og:image:height\" content=\"700\" \/>\n\t<meta property=\"og:image:type\" content=\"image\/jpeg\" \/>\n<meta name=\"twitter:card\" content=\"summary_large_image\" \/>\n<meta name=\"twitter:label1\" content=\"Gesch\u00e4tzte Lesezeit\" \/>\n\t<meta name=\"twitter:data1\" content=\"2\u00a0Minuten\" \/>\n<script type=\"application\/ld+json\" class=\"yoast-schema-graph\">{\"@context\":\"https:\\\/\\\/schema.org\",\"@graph\":[{\"@type\":\"WebPage\",\"@id\":\"https:\\\/\\\/kem-europe.eu\\\/product\\\/bycon-dmp-162d-handbediende-diamantboormachine-202-mm-2200w-d-greep\\\/\",\"url\":\"https:\\\/\\\/kem-europe.eu\\\/product\\\/bycon-dmp-162d-handbediende-diamantboormachine-202-mm-2200w-d-greep\\\/\",\"name\":\"BYCON DMP-162D Diamantboormachine \u2013 2200W \u2013 Natboren - KEM Europe\",\"isPartOf\":{\"@id\":\"https:\\\/\\\/kem-europe.eu\\\/#website\"},\"primaryImageOfPage\":{\"@id\":\"https:\\\/\\\/kem-europe.eu\\\/product\\\/bycon-dmp-162d-handbediende-diamantboormachine-202-mm-2200w-d-greep\\\/#primaryimage\"},\"image\":{\"@id\":\"https:\\\/\\\/kem-europe.eu\\\/product\\\/bycon-dmp-162d-handbediende-diamantboormachine-202-mm-2200w-d-greep\\\/#primaryimage\"},\"thumbnailUrl\":\"https:\\\/\\\/kem-europe.eu\\\/wp-content\\\/uploads\\\/2025\\\/02\\\/DMP162D-4.jpg\",\"datePublished\":\"2025-02-27T08:22:00+00:00\",\"dateModified\":\"2025-07-07T10:38:08+00:00\",\"description\":\"BYCON DMP-162D professionele diamantboormachine met 2200W motor, D-greep en 3 versnellingen. Voor natboren met LED-indicatie en softstartfunctie.\",\"breadcrumb\":{\"@id\":\"https:\\\/\\\/kem-europe.eu\\\/product\\\/bycon-dmp-162d-handbediende-diamantboormachine-202-mm-2200w-d-greep\\\/#breadcrumb\"},\"inLanguage\":\"de\",\"potentialAction\":[{\"@type\":\"ReadAction\",\"target\":[\"https:\\\/\\\/kem-europe.eu\\\/product\\\/bycon-dmp-162d-handbediende-diamantboormachine-202-mm-2200w-d-greep\\\/\"]}]},{\"@type\":\"ImageObject\",\"inLanguage\":\"de\",\"@id\":\"https:\\\/\\\/kem-europe.eu\\\/product\\\/bycon-dmp-162d-handbediende-diamantboormachine-202-mm-2200w-d-greep\\\/#primaryimage\",\"url\":\"https:\\\/\\\/kem-europe.eu\\\/wp-content\\\/uploads\\\/2025\\\/02\\\/DMP162D-4.jpg\",\"contentUrl\":\"https:\\\/\\\/kem-europe.eu\\\/wp-content\\\/uploads\\\/2025\\\/02\\\/DMP162D-4.jpg\",\"width\":700,\"height\":700},{\"@type\":\"BreadcrumbList\",\"@id\":\"https:\\\/\\\/kem-europe.eu\\\/product\\\/bycon-dmp-162d-handbediende-diamantboormachine-202-mm-2200w-d-greep\\\/#breadcrumb\",\"itemListElement\":[{\"@type\":\"ListItem\",\"position\":1,\"name\":\"Home\",\"item\":\"https:\\\/\\\/kem-europe.eu\\\/\"},{\"@type\":\"ListItem\",\"position\":2,\"name\":\"Winkel\",\"item\":\"https:\\\/\\\/kem-europe.eu\\\/winkel\\\/\"},{\"@type\":\"ListItem\",\"position\":3,\"name\":\"BYCON DMP-162D \u2013 Diamantboormachine | 2200W | Natboren | D-Greep\"}]},{\"@type\":\"WebSite\",\"@id\":\"https:\\\/\\\/kem-europe.eu\\\/#website\",\"url\":\"https:\\\/\\\/kem-europe.eu\\\/\",\"name\":\"KEM Europe\",\"description\":\"\",\"publisher\":{\"@id\":\"https:\\\/\\\/kem-europe.eu\\\/#organization\"},\"potentialAction\":[{\"@type\":\"SearchAction\",\"target\":{\"@type\":\"EntryPoint\",\"urlTemplate\":\"https:\\\/\\\/kem-europe.eu\\\/?s={search_term_string}\"},\"query-input\":{\"@type\":\"PropertyValueSpecification\",\"valueRequired\":true,\"valueName\":\"search_term_string\"}}],\"inLanguage\":\"de\"},{\"@type\":\"Organization\",\"@id\":\"https:\\\/\\\/kem-europe.eu\\\/#organization\",\"name\":\"KEM Europe\",\"url\":\"https:\\\/\\\/kem-europe.eu\\\/\",\"logo\":{\"@type\":\"ImageObject\",\"inLanguage\":\"de\",\"@id\":\"https:\\\/\\\/kem-europe.eu\\\/#\\\/schema\\\/logo\\\/image\\\/\",\"url\":\"https:\\\/\\\/kem-europe.eu\\\/wp-content\\\/uploads\\\/2025\\\/02\\\/KEM2019-BLACK-1500W.png\",\"contentUrl\":\"https:\\\/\\\/kem-europe.eu\\\/wp-content\\\/uploads\\\/2025\\\/02\\\/KEM2019-BLACK-1500W.png\",\"width\":1500,\"height\":626,\"caption\":\"KEM Europe\"},\"image\":{\"@id\":\"https:\\\/\\\/kem-europe.eu\\\/#\\\/schema\\\/logo\\\/image\\\/\"}}]}<\/script>\n<!-- \/ Yoast SEO plugin. -->","yoast_head_json":{"title":"BYCON DMP-162D Diamantbohrmaschine - 2200W - Nassbohren - KEM Europe","description":"BYCON DMP-162D professionelle Diamantbohrmaschine mit 2200W Motor, D-Griff und 3 G\u00e4ngen. Zum Nassbohren mit LED-Anzeige und Soft-Start-Funktion.","robots":{"index":"index","follow":"follow","max-snippet":"max-snippet:-1","max-image-preview":"max-image-preview:large","max-video-preview":"max-video-preview:-1"},"canonical":"https:\/\/kem-europe.eu\/de\/produkt\/bycon-dmp-162d-handgefuehrte-diamantbohrmaschine-202mm-2200w-d-griff\/","og_locale":"de_DE","og_type":"article","og_title":"BYCON DMP-162D Diamantboormachine \u2013 2200W \u2013 Natboren - KEM Europe","og_description":"BYCON DMP-162D professionele diamantboormachine met 2200W motor, D-greep en 3 versnellingen. Voor natboren met LED-indicatie en softstartfunctie.","og_url":"https:\/\/kem-europe.eu\/de\/produkt\/bycon-dmp-162d-handgefuehrte-diamantbohrmaschine-202mm-2200w-d-griff\/","og_site_name":"KEM Europe","article_modified_time":"2025-07-07T10:38:08+00:00","og_image":[{"width":700,"height":700,"url":"https:\/\/kem-europe.eu\/wp-content\/uploads\/2025\/02\/DMP162D-4.jpg","type":"image\/jpeg"}],"twitter_card":"summary_large_image","twitter_misc":{"Gesch\u00e4tzte Lesezeit":"2\u00a0Minuten"},"schema":{"@context":"https:\/\/schema.org","@graph":[{"@type":"WebPage","@id":"https:\/\/kem-europe.eu\/product\/bycon-dmp-162d-handbediende-diamantboormachine-202-mm-2200w-d-greep\/","url":"https:\/\/kem-europe.eu\/product\/bycon-dmp-162d-handbediende-diamantboormachine-202-mm-2200w-d-greep\/","name":"BYCON DMP-162D Diamantbohrmaschine - 2200W - Nassbohren - KEM Europe","isPartOf":{"@id":"https:\/\/kem-europe.eu\/#website"},"primaryImageOfPage":{"@id":"https:\/\/kem-europe.eu\/product\/bycon-dmp-162d-handbediende-diamantboormachine-202-mm-2200w-d-greep\/#primaryimage"},"image":{"@id":"https:\/\/kem-europe.eu\/product\/bycon-dmp-162d-handbediende-diamantboormachine-202-mm-2200w-d-greep\/#primaryimage"},"thumbnailUrl":"https:\/\/kem-europe.eu\/wp-content\/uploads\/2025\/02\/DMP162D-4.jpg","datePublished":"2025-02-27T08:22:00+00:00","dateModified":"2025-07-07T10:38:08+00:00","description":"BYCON DMP-162D professionelle Diamantbohrmaschine mit 2200W Motor, D-Griff und 3 G\u00e4ngen. Zum Nassbohren mit LED-Anzeige und Soft-Start-Funktion.","breadcrumb":{"@id":"https:\/\/kem-europe.eu\/product\/bycon-dmp-162d-handbediende-diamantboormachine-202-mm-2200w-d-greep\/#breadcrumb"},"inLanguage":"de","potentialAction":[{"@type":"ReadAction","target":["https:\/\/kem-europe.eu\/product\/bycon-dmp-162d-handbediende-diamantboormachine-202-mm-2200w-d-greep\/"]}]},{"@type":"ImageObject","inLanguage":"de","@id":"https:\/\/kem-europe.eu\/product\/bycon-dmp-162d-handbediende-diamantboormachine-202-mm-2200w-d-greep\/#primaryimage","url":"https:\/\/kem-europe.eu\/wp-content\/uploads\/2025\/02\/DMP162D-4.jpg","contentUrl":"https:\/\/kem-europe.eu\/wp-content\/uploads\/2025\/02\/DMP162D-4.jpg","width":700,"height":700},{"@type":"BreadcrumbList","@id":"https:\/\/kem-europe.eu\/product\/bycon-dmp-162d-handbediende-diamantboormachine-202-mm-2200w-d-greep\/#breadcrumb","itemListElement":[{"@type":"ListItem","position":1,"name":"Home","item":"https:\/\/kem-europe.eu\/"},{"@type":"ListItem","position":2,"name":"Winkel","item":"https:\/\/kem-europe.eu\/winkel\/"},{"@type":"ListItem","position":3,"name":"BYCON DMP-162D \u2013 Diamantboormachine | 2200W | Natboren | D-Greep"}]},{"@type":"WebSite","@id":"https:\/\/kem-europe.eu\/#website","url":"https:\/\/kem-europe.eu\/","name":"KEM Europe","description":"","publisher":{"@id":"https:\/\/kem-europe.eu\/#organization"},"potentialAction":[{"@type":"SearchAction","target":{"@type":"EntryPoint","urlTemplate":"https:\/\/kem-europe.eu\/?s={search_term_string}"},"query-input":{"@type":"PropertyValueSpecification","valueRequired":true,"valueName":"search_term_string"}}],"inLanguage":"de"},{"@type":"Organization","@id":"https:\/\/kem-europe.eu\/#organization","name":"KEM Europe","url":"https:\/\/kem-europe.eu\/","logo":{"@type":"ImageObject","inLanguage":"de","@id":"https:\/\/kem-europe.eu\/#\/schema\/logo\/image\/","url":"https:\/\/kem-europe.eu\/wp-content\/uploads\/2025\/02\/KEM2019-BLACK-1500W.png","contentUrl":"https:\/\/kem-europe.eu\/wp-content\/uploads\/2025\/02\/KEM2019-BLACK-1500W.png","width":1500,"height":626,"caption":"KEM Europe"},"image":{"@id":"https:\/\/kem-europe.eu\/#\/schema\/logo\/image\/"}}]}},"_links":{"self":[{"href":"https:\/\/kem-europe.eu\/de\/wp-json\/wp\/v2\/product\/1443","targetHints":{"allow":["GET"]}}],"collection":[{"href":"https:\/\/kem-europe.eu\/de\/wp-json\/wp\/v2\/product"}],"about":[{"href":"https:\/\/kem-europe.eu\/de\/wp-json\/wp\/v2\/types\/product"}],"replies":[{"embeddable":true,"href":"https:\/\/kem-europe.eu\/de\/wp-json\/wp\/v2\/comments?post=1443"}],"wp:featuredmedia":[{"embeddable":true,"href":"https:\/\/kem-europe.eu\/de\/wp-json\/wp\/v2\/media\/1490"}],"wp:attachment":[{"href":"https:\/\/kem-europe.eu\/de\/wp-json\/wp\/v2\/media?parent=1443"}],"wp:term":[{"taxonomy":"product_brand","embeddable":true,"href":"https:\/\/kem-europe.eu\/de\/wp-json\/wp\/v2\/product_brand?post=1443"},{"taxonomy":"product_cat","embeddable":true,"href":"https:\/\/kem-europe.eu\/de\/wp-json\/wp\/v2\/product_cat?post=1443"},{"taxonomy":"product_tag","embeddable":true,"href":"https:\/\/kem-europe.eu\/de\/wp-json\/wp\/v2\/product_tag?post=1443"}],"curies":[{"name":"wp","href":"https:\/\/api.w.org\/{rel}","templated":true}]}}