{"id":1445,"date":"2025-02-27T08:22:00","date_gmt":"2025-02-27T08:22:00","guid":{"rendered":"https:\/\/kem-europe.eu\/?post_type=product&#038;p=1445"},"modified":"2025-07-07T10:41:59","modified_gmt":"2025-07-07T10:41:59","slug":"bycon-dmp-500-schwerlast-diamantbohrmaschine-502mm-3500w","status":"publish","type":"product","link":"https:\/\/kem-europe.eu\/de\/product\/bycon-dmp-500-heavy-duty-diamant-boormachine-502mm-3500w\/","title":{"rendered":"BYCON DMP-500 - Diamantbohrer | 3500W | F\u00fcr Nassbohrungen | Rig mounted"},"content":{"rendered":"<h2>BYCON DMP-500 - Diamantbohrer | 3500W | F\u00fcr Nassbohrungen | Rig mounted<\/h2>\n<ul>\n<li>3-Gang-Getriebesteuerung, elektronische und mechanische Rutschkupplung fixiert, um das bestm\u00f6gliche Ergebnis der Diamantbohrkrone zu erhalten, auch gro\u00dfe Geschwindigkeit beim Bohren aller Stoffe.<\/li>\n<li>Hochleistungs-Diamantkernbohrer sind ein Werkzeug, das haupts\u00e4chlich zum Abtragen einer Materials\u00e4ule verwendet wird, insbesondere in Stahlbeton, Betonbl\u00f6cken und Beton mit Bewehrung.<\/li>\n<li>Der Zylinder, der in der Diamantbohrmaschine verbleibt, wird Kern genannt. Beton-Diamantkernbohrer mit hoher Belastung sollten w\u00e4hrend des Betriebs bew\u00e4ssert werden. Dieser Tipp verl\u00e4ngert die Lebensdauer der Diamantbohrkerne und die Langlebigkeit des Diamantbohrmotors.<\/li>\n<li>Hangzhou Bycon Diamant-Betonbohrer mit den Merkmalen der starken Leistung, zuverl\u00e4ssige Leistung und Top-Qualit\u00e4t in der Industrie.<\/li>\n<li>Der Diamantbohrmotor DMP-500, der bis zu 502 mm in Stahlbeton mit Bewehrung bohrt, ist der robusteste Bohrmotor in unserem Werk. Es handelt sich um ein auf dem Bohrturm montiertes Modell, dessen au\u00dfergew\u00f6hnliches Design zu seiner perfekten Leistung f\u00fchrt.<\/li>\n<\/ul>\n<p><strong>\u00a0Technische Daten<\/strong><\/p>\n<ul>\n<li>Leistung - 3500W<\/li>\n<li>Spannung - 120V<\/li>\n<li>Stromst\u00e4rke\/Frequenz - 25A\/60Hz<\/li>\n<li>Bohrungsdurchmesser von 1,2,3 Zahnr\u00e4dern - 502mm\/302mm\/162mm<\/li>\n<li>Leerlaufdrehzahl - 250\/500\/700 RPM<\/li>\n<li>Max.\u00f8 Beton - 502mm<\/li>\n<li>Spindelgewinde - 1-1\/4\u2033 UNC<\/li>\n<li>Bohrst\u00e4nder f\u00fcr Option - DSP-500 DSP-2000<\/li>\n<\/ul>\n<p><strong>Umfang der Lieferung<\/strong><\/p>\n<ul>\n<li>Bycon DMP-500 Hochleistungs-Diamantbohrer 502mm 3500W<\/li>\n<\/ul>","protected":false},"excerpt":{"rendered":"<p>Die BYCON DMP-500 ist eine professionelle Diamantbohrmaschine mit einem leistungsstarken 3500-W-Motor, die speziell f\u00fcr Nassbohrungen in Stahlbeton und anderen harten Materialien entwickelt wurde. Mit einem maximalen Bohrdurchmesser von bis zu 502 mm und 3 einstellbaren Geschwindigkeiten bietet diese Maschine au\u00dfergew\u00f6hnliche Pr\u00e4zision und Leistung. Die Kombination aus elektronischer und mechanischer Rutschkupplung sorgt f\u00fcr maximale Sicherheit und minimalen Verschlei\u00df der Bohrkrone. Wassergek\u00fchlt f\u00fcr eine l\u00e4ngere Lebensdauer von Motor und Diamantkrone - ideal f\u00fcr den Einsatz in der Schwerindustrie und bei gro\u00dfen Bauvorhaben.<\/p>","protected":false},"featured_media":1518,"comment_status":"closed","ping_status":"closed","template":"","meta":[],"product_brand":[627],"product_cat":[74,16],"product_tag":[],"class_list":{"0":"post-1445","1":"product","2":"type-product","3":"status-publish","4":"has-post-thumbnail","6":"product_brand-bycon","7":"product_cat-diamant-boormachine","8":"product_cat-diamantgereedschap","10":"first","11":"instock","12":"shipping-taxable","13":"product-type-simple"},"ct_brands":[{"id":627,"name":"BYCON","slug":"bycon"}],"yoast_head":"<!-- This site is optimized with the Yoast SEO plugin v27.3 - https:\/\/yoast.com\/product\/yoast-seo-wordpress\/ -->\n<title>BYCON DMP-500 Zware Diamantboormachine | 3500W | Natboren - KEM Europe<\/title>\n<meta name=\"description\" content=\"Zeer krachtige diamantboormachine voor natboren in gewapend beton. 3500W motor, 3 snelheden, riggemonteerd, met slipkoppeling en waterkoeling.\" \/>\n<meta name=\"robots\" content=\"index, follow, max-snippet:-1, max-image-preview:large, max-video-preview:-1\" \/>\n<link rel=\"canonical\" href=\"https:\/\/kem-europe.eu\/de\/produkt\/bycon-dmp-500-schwerlast-diamantbohrmaschine-502mm-3500w\/\" \/>\n<meta property=\"og:locale\" content=\"de_DE\" \/>\n<meta property=\"og:type\" content=\"article\" \/>\n<meta property=\"og:title\" content=\"BYCON DMP-500 Zware Diamantboormachine | 3500W | Natboren - KEM Europe\" \/>\n<meta property=\"og:description\" content=\"Zeer krachtige diamantboormachine voor natboren in gewapend beton. 3500W motor, 3 snelheden, riggemonteerd, met slipkoppeling en waterkoeling.\" \/>\n<meta property=\"og:url\" content=\"https:\/\/kem-europe.eu\/de\/produkt\/bycon-dmp-500-schwerlast-diamantbohrmaschine-502mm-3500w\/\" \/>\n<meta property=\"og:site_name\" content=\"KEM Europe\" \/>\n<meta property=\"article:modified_time\" content=\"2025-07-07T10:41:59+00:00\" \/>\n<meta property=\"og:image\" content=\"https:\/\/kem-europe.eu\/wp-content\/uploads\/2025\/02\/Naamloos-2.jpg\" \/>\n\t<meta property=\"og:image:width\" content=\"700\" \/>\n\t<meta property=\"og:image:height\" content=\"700\" \/>\n\t<meta property=\"og:image:type\" content=\"image\/jpeg\" \/>\n<meta name=\"twitter:card\" content=\"summary_large_image\" \/>\n<meta name=\"twitter:label1\" content=\"Gesch\u00e4tzte Lesezeit\" \/>\n\t<meta name=\"twitter:data1\" content=\"2\u00a0Minuten\" \/>\n<script type=\"application\/ld+json\" class=\"yoast-schema-graph\">{\"@context\":\"https:\\\/\\\/schema.org\",\"@graph\":[{\"@type\":\"WebPage\",\"@id\":\"https:\\\/\\\/kem-europe.eu\\\/product\\\/bycon-dmp-500-heavy-duty-diamant-boormachine-502mm-3500w\\\/\",\"url\":\"https:\\\/\\\/kem-europe.eu\\\/product\\\/bycon-dmp-500-heavy-duty-diamant-boormachine-502mm-3500w\\\/\",\"name\":\"BYCON DMP-500 Zware Diamantboormachine | 3500W | Natboren - KEM Europe\",\"isPartOf\":{\"@id\":\"https:\\\/\\\/kem-europe.eu\\\/#website\"},\"primaryImageOfPage\":{\"@id\":\"https:\\\/\\\/kem-europe.eu\\\/product\\\/bycon-dmp-500-heavy-duty-diamant-boormachine-502mm-3500w\\\/#primaryimage\"},\"image\":{\"@id\":\"https:\\\/\\\/kem-europe.eu\\\/product\\\/bycon-dmp-500-heavy-duty-diamant-boormachine-502mm-3500w\\\/#primaryimage\"},\"thumbnailUrl\":\"https:\\\/\\\/kem-europe.eu\\\/wp-content\\\/uploads\\\/2025\\\/02\\\/Naamloos-2.jpg\",\"datePublished\":\"2025-02-27T08:22:00+00:00\",\"dateModified\":\"2025-07-07T10:41:59+00:00\",\"description\":\"Zeer krachtige diamantboormachine voor natboren in gewapend beton. 3500W motor, 3 snelheden, riggemonteerd, met slipkoppeling en waterkoeling.\",\"breadcrumb\":{\"@id\":\"https:\\\/\\\/kem-europe.eu\\\/product\\\/bycon-dmp-500-heavy-duty-diamant-boormachine-502mm-3500w\\\/#breadcrumb\"},\"inLanguage\":\"de\",\"potentialAction\":[{\"@type\":\"ReadAction\",\"target\":[\"https:\\\/\\\/kem-europe.eu\\\/product\\\/bycon-dmp-500-heavy-duty-diamant-boormachine-502mm-3500w\\\/\"]}]},{\"@type\":\"ImageObject\",\"inLanguage\":\"de\",\"@id\":\"https:\\\/\\\/kem-europe.eu\\\/product\\\/bycon-dmp-500-heavy-duty-diamant-boormachine-502mm-3500w\\\/#primaryimage\",\"url\":\"https:\\\/\\\/kem-europe.eu\\\/wp-content\\\/uploads\\\/2025\\\/02\\\/Naamloos-2.jpg\",\"contentUrl\":\"https:\\\/\\\/kem-europe.eu\\\/wp-content\\\/uploads\\\/2025\\\/02\\\/Naamloos-2.jpg\",\"width\":700,\"height\":700},{\"@type\":\"BreadcrumbList\",\"@id\":\"https:\\\/\\\/kem-europe.eu\\\/product\\\/bycon-dmp-500-heavy-duty-diamant-boormachine-502mm-3500w\\\/#breadcrumb\",\"itemListElement\":[{\"@type\":\"ListItem\",\"position\":1,\"name\":\"Home\",\"item\":\"https:\\\/\\\/kem-europe.eu\\\/\"},{\"@type\":\"ListItem\",\"position\":2,\"name\":\"Winkel\",\"item\":\"https:\\\/\\\/kem-europe.eu\\\/winkel\\\/\"},{\"@type\":\"ListItem\",\"position\":3,\"name\":\"BYCON DMP-500 \u2013 Diamantboormachine | 3500W | Voor Natboren | Riggemonteerd\"}]},{\"@type\":\"WebSite\",\"@id\":\"https:\\\/\\\/kem-europe.eu\\\/#website\",\"url\":\"https:\\\/\\\/kem-europe.eu\\\/\",\"name\":\"KEM Europe\",\"description\":\"\",\"publisher\":{\"@id\":\"https:\\\/\\\/kem-europe.eu\\\/#organization\"},\"potentialAction\":[{\"@type\":\"SearchAction\",\"target\":{\"@type\":\"EntryPoint\",\"urlTemplate\":\"https:\\\/\\\/kem-europe.eu\\\/?s={search_term_string}\"},\"query-input\":{\"@type\":\"PropertyValueSpecification\",\"valueRequired\":true,\"valueName\":\"search_term_string\"}}],\"inLanguage\":\"de\"},{\"@type\":\"Organization\",\"@id\":\"https:\\\/\\\/kem-europe.eu\\\/#organization\",\"name\":\"KEM Europe\",\"url\":\"https:\\\/\\\/kem-europe.eu\\\/\",\"logo\":{\"@type\":\"ImageObject\",\"inLanguage\":\"de\",\"@id\":\"https:\\\/\\\/kem-europe.eu\\\/#\\\/schema\\\/logo\\\/image\\\/\",\"url\":\"https:\\\/\\\/kem-europe.eu\\\/wp-content\\\/uploads\\\/2025\\\/02\\\/KEM2019-BLACK-1500W.png\",\"contentUrl\":\"https:\\\/\\\/kem-europe.eu\\\/wp-content\\\/uploads\\\/2025\\\/02\\\/KEM2019-BLACK-1500W.png\",\"width\":1500,\"height\":626,\"caption\":\"KEM Europe\"},\"image\":{\"@id\":\"https:\\\/\\\/kem-europe.eu\\\/#\\\/schema\\\/logo\\\/image\\\/\"}}]}<\/script>\n<!-- \/ Yoast SEO plugin. -->","yoast_head_json":{"title":"BYCON DMP-500 Hochleistungs-Diamantbohrer | 3500W | Nassbohren - KEM Europe","description":"Sehr leistungsstarke Diamantbohrmaschine f\u00fcr Nassbohrungen in Stahlbeton. 3500W Motor, 3 Geschwindigkeiten, auf dem Bohrturm montiert, mit Rutschkupplung und Wasserk\u00fchlung.","robots":{"index":"index","follow":"follow","max-snippet":"max-snippet:-1","max-image-preview":"max-image-preview:large","max-video-preview":"max-video-preview:-1"},"canonical":"https:\/\/kem-europe.eu\/de\/produkt\/bycon-dmp-500-schwerlast-diamantbohrmaschine-502mm-3500w\/","og_locale":"de_DE","og_type":"article","og_title":"BYCON DMP-500 Zware Diamantboormachine | 3500W | Natboren - KEM Europe","og_description":"Zeer krachtige diamantboormachine voor natboren in gewapend beton. 3500W motor, 3 snelheden, riggemonteerd, met slipkoppeling en waterkoeling.","og_url":"https:\/\/kem-europe.eu\/de\/produkt\/bycon-dmp-500-schwerlast-diamantbohrmaschine-502mm-3500w\/","og_site_name":"KEM Europe","article_modified_time":"2025-07-07T10:41:59+00:00","og_image":[{"width":700,"height":700,"url":"https:\/\/kem-europe.eu\/wp-content\/uploads\/2025\/02\/Naamloos-2.jpg","type":"image\/jpeg"}],"twitter_card":"summary_large_image","twitter_misc":{"Gesch\u00e4tzte Lesezeit":"2\u00a0Minuten"},"schema":{"@context":"https:\/\/schema.org","@graph":[{"@type":"WebPage","@id":"https:\/\/kem-europe.eu\/product\/bycon-dmp-500-heavy-duty-diamant-boormachine-502mm-3500w\/","url":"https:\/\/kem-europe.eu\/product\/bycon-dmp-500-heavy-duty-diamant-boormachine-502mm-3500w\/","name":"BYCON DMP-500 Hochleistungs-Diamantbohrer | 3500W | Nassbohren - KEM Europe","isPartOf":{"@id":"https:\/\/kem-europe.eu\/#website"},"primaryImageOfPage":{"@id":"https:\/\/kem-europe.eu\/product\/bycon-dmp-500-heavy-duty-diamant-boormachine-502mm-3500w\/#primaryimage"},"image":{"@id":"https:\/\/kem-europe.eu\/product\/bycon-dmp-500-heavy-duty-diamant-boormachine-502mm-3500w\/#primaryimage"},"thumbnailUrl":"https:\/\/kem-europe.eu\/wp-content\/uploads\/2025\/02\/Naamloos-2.jpg","datePublished":"2025-02-27T08:22:00+00:00","dateModified":"2025-07-07T10:41:59+00:00","description":"Sehr leistungsstarke Diamantbohrmaschine f\u00fcr Nassbohrungen in Stahlbeton. 3500W Motor, 3 Geschwindigkeiten, auf dem Bohrturm montiert, mit Rutschkupplung und Wasserk\u00fchlung.","breadcrumb":{"@id":"https:\/\/kem-europe.eu\/product\/bycon-dmp-500-heavy-duty-diamant-boormachine-502mm-3500w\/#breadcrumb"},"inLanguage":"de","potentialAction":[{"@type":"ReadAction","target":["https:\/\/kem-europe.eu\/product\/bycon-dmp-500-heavy-duty-diamant-boormachine-502mm-3500w\/"]}]},{"@type":"ImageObject","inLanguage":"de","@id":"https:\/\/kem-europe.eu\/product\/bycon-dmp-500-heavy-duty-diamant-boormachine-502mm-3500w\/#primaryimage","url":"https:\/\/kem-europe.eu\/wp-content\/uploads\/2025\/02\/Naamloos-2.jpg","contentUrl":"https:\/\/kem-europe.eu\/wp-content\/uploads\/2025\/02\/Naamloos-2.jpg","width":700,"height":700},{"@type":"BreadcrumbList","@id":"https:\/\/kem-europe.eu\/product\/bycon-dmp-500-heavy-duty-diamant-boormachine-502mm-3500w\/#breadcrumb","itemListElement":[{"@type":"ListItem","position":1,"name":"Home","item":"https:\/\/kem-europe.eu\/"},{"@type":"ListItem","position":2,"name":"Winkel","item":"https:\/\/kem-europe.eu\/winkel\/"},{"@type":"ListItem","position":3,"name":"BYCON DMP-500 \u2013 Diamantboormachine | 3500W | Voor Natboren | Riggemonteerd"}]},{"@type":"WebSite","@id":"https:\/\/kem-europe.eu\/#website","url":"https:\/\/kem-europe.eu\/","name":"KEM Europe","description":"","publisher":{"@id":"https:\/\/kem-europe.eu\/#organization"},"potentialAction":[{"@type":"SearchAction","target":{"@type":"EntryPoint","urlTemplate":"https:\/\/kem-europe.eu\/?s={search_term_string}"},"query-input":{"@type":"PropertyValueSpecification","valueRequired":true,"valueName":"search_term_string"}}],"inLanguage":"de"},{"@type":"Organization","@id":"https:\/\/kem-europe.eu\/#organization","name":"KEM Europe","url":"https:\/\/kem-europe.eu\/","logo":{"@type":"ImageObject","inLanguage":"de","@id":"https:\/\/kem-europe.eu\/#\/schema\/logo\/image\/","url":"https:\/\/kem-europe.eu\/wp-content\/uploads\/2025\/02\/KEM2019-BLACK-1500W.png","contentUrl":"https:\/\/kem-europe.eu\/wp-content\/uploads\/2025\/02\/KEM2019-BLACK-1500W.png","width":1500,"height":626,"caption":"KEM Europe"},"image":{"@id":"https:\/\/kem-europe.eu\/#\/schema\/logo\/image\/"}}]}},"_links":{"self":[{"href":"https:\/\/kem-europe.eu\/de\/wp-json\/wp\/v2\/product\/1445","targetHints":{"allow":["GET"]}}],"collection":[{"href":"https:\/\/kem-europe.eu\/de\/wp-json\/wp\/v2\/product"}],"about":[{"href":"https:\/\/kem-europe.eu\/de\/wp-json\/wp\/v2\/types\/product"}],"replies":[{"embeddable":true,"href":"https:\/\/kem-europe.eu\/de\/wp-json\/wp\/v2\/comments?post=1445"}],"wp:featuredmedia":[{"embeddable":true,"href":"https:\/\/kem-europe.eu\/de\/wp-json\/wp\/v2\/media\/1518"}],"wp:attachment":[{"href":"https:\/\/kem-europe.eu\/de\/wp-json\/wp\/v2\/media?parent=1445"}],"wp:term":[{"taxonomy":"product_brand","embeddable":true,"href":"https:\/\/kem-europe.eu\/de\/wp-json\/wp\/v2\/product_brand?post=1445"},{"taxonomy":"product_cat","embeddable":true,"href":"https:\/\/kem-europe.eu\/de\/wp-json\/wp\/v2\/product_cat?post=1445"},{"taxonomy":"product_tag","embeddable":true,"href":"https:\/\/kem-europe.eu\/de\/wp-json\/wp\/v2\/product_tag?post=1445"}],"curies":[{"name":"wp","href":"https:\/\/api.w.org\/{rel}","templated":true}]}}