{"id":1452,"date":"2025-02-27T08:22:01","date_gmt":"2025-02-27T08:22:01","guid":{"rendered":"https:\/\/kem-europe.eu\/?post_type=product&#038;p=1452"},"modified":"2025-03-06T07:45:22","modified_gmt":"2025-03-06T07:45:22","slug":"dorly-flowmaster-kuelmischerstation-1900w-100l","status":"publish","type":"product","link":"https:\/\/kem-europe.eu\/de\/product\/dorly-flowmaster-kuipmixer-mengstation-met-mixer-1900w-100l\/","title":{"rendered":"D'Orly FLOWMASTER Wannenmixer Mischstation mit Mixer 1900W 100L"},"content":{"rendered":"<p><strong>Eigenschaften D'Orly FLOWMASTER Wannenmischer Mischstation mit Mixer 1900W 100L<\/strong><\/p>\n<p>Die Mischstation mit Flowmaster-Mischer von D'Orly ist der idealste Wannenmischer seiner Klasse. Diese Mischstation wird von einem leistungsstarken 1900-Watt-Elektromotor angetrieben und ist in der Lage, im Handumdrehen sehr gro\u00dfe Mengen an Spachtelmasse zu mischen.<\/p>\n<p><strong>D'Orly-Mischstation f\u00fcr sehr gro\u00dfe Mengen<\/strong><br \/>\nDank seiner herausragenden Eigenschaften ist der FLOWMASTER das wahre Biest unter den Mischstationen. So ist dieser Wannenmischer mit einem Elektromotor ausgestattet, der nicht weniger als 1,9 kW stark ist. Und das ist stark genug, um problemlos bis zu 100 kg Material mit der entsprechenden Flie\u00dff\u00e4higkeit zu mischen.<\/p>\n<p><strong>Mischstation mit Mischer inkl. variabler Geschwindigkeit<\/strong><br \/>\nDieser Wannenmischer ist ein wahres Biest, wenn es darum geht, gro\u00dfe Mengen an selbstnivellierenden Materialien auf Zementbasis, Epoxid-Bodenfarben, durchl\u00e4ssigen, kristallinen wasserdichten Beschichtungen und Materialien mit guter Flie\u00dff\u00e4higkeit zu mischen. Dies wird nicht nur durch den \u00fcber 1900 W starken Motor erm\u00f6glicht, sondern auch durch die variable Geschwindigkeit. So kann die Geschwindigkeit ganz auf Ihre Mischung abgestimmt werden.<\/p>\n<p><strong>Wannenmischer kann ohne Staubentwicklung bef\u00fcllt werden<\/strong><br \/>\nD'Orly hat diese Mischstation entwickelt, um das gr\u00f6\u00dfte \u00c4rgernis im Zusammenhang mit Wannenmischern auf brillante Weise zu beseitigen. Denn w\u00e4hrend man bei anderen Marken und Modellen von Mischstationen viel \u00c4rger mit Staubbildung hat, hat man mit dem FLOWMASTER Flex absolut keine Probleme damit. Die Staubbildung wird unter anderem durch den besonders komfortabel gestalteten Einf\u00fcllmechanismus verhindert. Au\u00dferdem k\u00f6nnen Sie bei diesem Wannenmischer einen Staubsauger direkt \u00fcber dem Einf\u00fclldeckel anschlie\u00dfen. So wird der Staub direkt mit einem Staubsauger abgesaugt.<\/p>\n<p><strong>Mischstation mit speziell entwickeltem R\u00fchrwerk<\/strong><br \/>\nWas man sich bei D'Orly auch \u00fcberlegt hat, ist die besondere R\u00fchrtechnik, mit der dieser Wannenmixer ausgestattet ist. Dank jahrelanger Forschung haben sie den mitgelieferten Schneebesen mit einem anderen Design versehen. Die Spiralform verhindert die Bildung von Klumpen in Ihrer Mischung. Au\u00dferdem bleiben keine R\u00fcckst\u00e4nde auf dem Boden und den R\u00e4ndern des ebenfalls mitgelieferten Probenbeh\u00e4lters zur\u00fcck.<\/p>\n<p><strong>FLOWMASTER-FLEX<\/strong><\/p>\n<p>Warum FLOWMASTER Flex? Der D'Orly Flowmaster wird standardm\u00e4\u00dfig mit einem leistungsstarken 1900-W-Mischer von D'Orly geliefert. Die Mischstation kann jedoch gegen verschiedene Mischer anderer Marken ausgetauscht werden, zum Beispiel gegen den\u00a0<a href=\"https:\/\/kem-europe.eu\/de\/produkt\/dorly-mx1800-mixer-met-variabel-toerental-1800w-cement-verf\/\"><strong>D'Orly MX1800 Mixer 1800W<\/strong><\/a>. Das macht diese Mischstation noch idealer.<\/p>\n<p><strong>Technische Daten<\/strong><\/p>\n<ul>\n<li>Fassungsverm\u00f6gen - 100 Liter<\/li>\n<li>Max. Mischkapazit\u00e4t - 100 kg<\/li>\n<li>Leistung - 1,9 kW<\/li>\n<li>Spannung - 230 Volt<\/li>\n<li>Gewicht - 40 kg (einschlie\u00dflich Mischer)<\/li>\n<li>Geschwindigkeit (ohne Last) -\n<ul>\n<li>1. Vers. 150-300 U\/min<\/li>\n<li>2. Strophe. 300-650 U\/min<\/li>\n<\/ul>\n<\/li>\n<li>Antriebsgeschwindigkeit in der Station - 0-300 U\/min<\/li>\n<li>Anschluss - M14 Innengewinde<\/li>\n<\/ul>\n<p><strong>Umfang der Lieferung<\/strong><\/p>\n<ul>\n<li>D'Orly FLOWMASTER Wannenmixer Mischstation mit Mixer 1900W 100L\n<ul>\n<li>D'Orly Mixer 1900W<\/li>\n<li>100L Beh\u00e4lter<\/li>\n<li>Schneebesen mit speziellem Design - \u00d8 300mm<\/li>\n<\/ul>\n<\/li>\n<\/ul>","protected":false},"excerpt":{"rendered":"<p><strong>Umfang der Lieferung<\/strong><\/p>\n<ul>\n<li>D'Orly FLOWMASTER Wannenmixer Mischstation mit Mixer 1900W 100L\n<ul>\n<li>D'Orly Mixer 1900W<\/li>\n<li>100L Beh\u00e4lter<\/li>\n<li>Schneebesen mit speziellem Design - \u00d8 300mm<\/li>\n<\/ul>\n<\/li>\n<\/ul>","protected":false},"featured_media":1523,"comment_status":"closed","ping_status":"closed","template":"","meta":[],"product_brand":[625],"product_cat":[123,637],"product_tag":[],"class_list":{"0":"post-1452","1":"product","2":"type-product","3":"status-publish","4":"has-post-thumbnail","6":"product_brand-dorly","7":"product_cat-dorly-machine","8":"product_cat-kuipmixer","10":"first","11":"instock","12":"shipping-taxable","13":"product-type-simple"},"ct_brands":[{"id":625,"name":"D'ORLY","slug":"dorly"}],"yoast_head":"<!-- This site is optimized with the Yoast SEO plugin v27.3 - https:\/\/yoast.com\/product\/yoast-seo-wordpress\/ -->\n<title>D\u2019Orly FLOWMASTER Kuipmixer Mengstation met Mixer 1900W 100L - KEM Europe<\/title>\n<meta name=\"robots\" content=\"index, follow, max-snippet:-1, max-image-preview:large, max-video-preview:-1\" \/>\n<link rel=\"canonical\" href=\"https:\/\/kem-europe.eu\/de\/produkt\/dorly-flowmaster-kuelmischerstation-1900w-100l\/\" \/>\n<meta property=\"og:locale\" content=\"de_DE\" \/>\n<meta property=\"og:type\" content=\"article\" \/>\n<meta property=\"og:title\" content=\"D\u2019Orly FLOWMASTER Kuipmixer Mengstation met Mixer 1900W 100L - KEM Europe\" \/>\n<meta property=\"og:description\" content=\"Leveringsomvang   D\u2019Orly FLOWMASTER Kuipmixer Mengstation met Mixer 1900W 100L   D\u2019Orly Mixer 1900W  100L Bak  Garde met speciaal ontwerp \u2013 \u00d8 300mm\" \/>\n<meta property=\"og:url\" content=\"https:\/\/kem-europe.eu\/de\/produkt\/dorly-flowmaster-kuelmischerstation-1900w-100l\/\" \/>\n<meta property=\"og:site_name\" content=\"KEM Europe\" \/>\n<meta property=\"article:modified_time\" content=\"2025-03-06T07:45:22+00:00\" \/>\n<meta property=\"og:image\" content=\"https:\/\/kem-europe.eu\/wp-content\/uploads\/2025\/02\/IMG_6260.jpg\" \/>\n\t<meta property=\"og:image:width\" content=\"700\" \/>\n\t<meta property=\"og:image:height\" content=\"700\" \/>\n\t<meta property=\"og:image:type\" content=\"image\/jpeg\" \/>\n<meta name=\"twitter:card\" content=\"summary_large_image\" \/>\n<meta name=\"twitter:label1\" content=\"Gesch\u00e4tzte Lesezeit\" \/>\n\t<meta name=\"twitter:data1\" content=\"3\u00a0Minuten\" \/>\n<script type=\"application\/ld+json\" class=\"yoast-schema-graph\">{\"@context\":\"https:\\\/\\\/schema.org\",\"@graph\":[{\"@type\":\"WebPage\",\"@id\":\"https:\\\/\\\/kem-europe.eu\\\/product\\\/dorly-flowmaster-kuipmixer-mengstation-met-mixer-1900w-100l\\\/\",\"url\":\"https:\\\/\\\/kem-europe.eu\\\/product\\\/dorly-flowmaster-kuipmixer-mengstation-met-mixer-1900w-100l\\\/\",\"name\":\"D\u2019Orly FLOWMASTER Kuipmixer Mengstation met Mixer 1900W 100L - KEM Europe\",\"isPartOf\":{\"@id\":\"https:\\\/\\\/kem-europe.eu\\\/#website\"},\"primaryImageOfPage\":{\"@id\":\"https:\\\/\\\/kem-europe.eu\\\/product\\\/dorly-flowmaster-kuipmixer-mengstation-met-mixer-1900w-100l\\\/#primaryimage\"},\"image\":{\"@id\":\"https:\\\/\\\/kem-europe.eu\\\/product\\\/dorly-flowmaster-kuipmixer-mengstation-met-mixer-1900w-100l\\\/#primaryimage\"},\"thumbnailUrl\":\"https:\\\/\\\/kem-europe.eu\\\/wp-content\\\/uploads\\\/2025\\\/02\\\/IMG_6260.jpg\",\"datePublished\":\"2025-02-27T08:22:01+00:00\",\"dateModified\":\"2025-03-06T07:45:22+00:00\",\"breadcrumb\":{\"@id\":\"https:\\\/\\\/kem-europe.eu\\\/product\\\/dorly-flowmaster-kuipmixer-mengstation-met-mixer-1900w-100l\\\/#breadcrumb\"},\"inLanguage\":\"de\",\"potentialAction\":[{\"@type\":\"ReadAction\",\"target\":[\"https:\\\/\\\/kem-europe.eu\\\/product\\\/dorly-flowmaster-kuipmixer-mengstation-met-mixer-1900w-100l\\\/\"]}]},{\"@type\":\"ImageObject\",\"inLanguage\":\"de\",\"@id\":\"https:\\\/\\\/kem-europe.eu\\\/product\\\/dorly-flowmaster-kuipmixer-mengstation-met-mixer-1900w-100l\\\/#primaryimage\",\"url\":\"https:\\\/\\\/kem-europe.eu\\\/wp-content\\\/uploads\\\/2025\\\/02\\\/IMG_6260.jpg\",\"contentUrl\":\"https:\\\/\\\/kem-europe.eu\\\/wp-content\\\/uploads\\\/2025\\\/02\\\/IMG_6260.jpg\",\"width\":700,\"height\":700},{\"@type\":\"BreadcrumbList\",\"@id\":\"https:\\\/\\\/kem-europe.eu\\\/product\\\/dorly-flowmaster-kuipmixer-mengstation-met-mixer-1900w-100l\\\/#breadcrumb\",\"itemListElement\":[{\"@type\":\"ListItem\",\"position\":1,\"name\":\"Home\",\"item\":\"https:\\\/\\\/kem-europe.eu\\\/\"},{\"@type\":\"ListItem\",\"position\":2,\"name\":\"Winkel\",\"item\":\"https:\\\/\\\/kem-europe.eu\\\/winkel\\\/\"},{\"@type\":\"ListItem\",\"position\":3,\"name\":\"D\u2019Orly FLOWMASTER Kuipmixer Mengstation met Mixer 1900W 100L\"}]},{\"@type\":\"WebSite\",\"@id\":\"https:\\\/\\\/kem-europe.eu\\\/#website\",\"url\":\"https:\\\/\\\/kem-europe.eu\\\/\",\"name\":\"KEM Europe\",\"description\":\"\",\"publisher\":{\"@id\":\"https:\\\/\\\/kem-europe.eu\\\/#organization\"},\"potentialAction\":[{\"@type\":\"SearchAction\",\"target\":{\"@type\":\"EntryPoint\",\"urlTemplate\":\"https:\\\/\\\/kem-europe.eu\\\/?s={search_term_string}\"},\"query-input\":{\"@type\":\"PropertyValueSpecification\",\"valueRequired\":true,\"valueName\":\"search_term_string\"}}],\"inLanguage\":\"de\"},{\"@type\":\"Organization\",\"@id\":\"https:\\\/\\\/kem-europe.eu\\\/#organization\",\"name\":\"KEM Europe\",\"url\":\"https:\\\/\\\/kem-europe.eu\\\/\",\"logo\":{\"@type\":\"ImageObject\",\"inLanguage\":\"de\",\"@id\":\"https:\\\/\\\/kem-europe.eu\\\/#\\\/schema\\\/logo\\\/image\\\/\",\"url\":\"https:\\\/\\\/kem-europe.eu\\\/wp-content\\\/uploads\\\/2025\\\/02\\\/KEM2019-BLACK-1500W.png\",\"contentUrl\":\"https:\\\/\\\/kem-europe.eu\\\/wp-content\\\/uploads\\\/2025\\\/02\\\/KEM2019-BLACK-1500W.png\",\"width\":1500,\"height\":626,\"caption\":\"KEM Europe\"},\"image\":{\"@id\":\"https:\\\/\\\/kem-europe.eu\\\/#\\\/schema\\\/logo\\\/image\\\/\"}}]}<\/script>\n<!-- \/ Yoast SEO plugin. -->","yoast_head_json":{"title":"D'Orly FLOWMASTER Wannenmischer Mischstation mit Mischer 1900W 100L - KEM Europe","robots":{"index":"index","follow":"follow","max-snippet":"max-snippet:-1","max-image-preview":"max-image-preview:large","max-video-preview":"max-video-preview:-1"},"canonical":"https:\/\/kem-europe.eu\/de\/produkt\/dorly-flowmaster-kuelmischerstation-1900w-100l\/","og_locale":"de_DE","og_type":"article","og_title":"D\u2019Orly FLOWMASTER Kuipmixer Mengstation met Mixer 1900W 100L - KEM Europe","og_description":"Leveringsomvang   D\u2019Orly FLOWMASTER Kuipmixer Mengstation met Mixer 1900W 100L   D\u2019Orly Mixer 1900W  100L Bak  Garde met speciaal ontwerp \u2013 \u00d8 300mm","og_url":"https:\/\/kem-europe.eu\/de\/produkt\/dorly-flowmaster-kuelmischerstation-1900w-100l\/","og_site_name":"KEM Europe","article_modified_time":"2025-03-06T07:45:22+00:00","og_image":[{"width":700,"height":700,"url":"https:\/\/kem-europe.eu\/wp-content\/uploads\/2025\/02\/IMG_6260.jpg","type":"image\/jpeg"}],"twitter_card":"summary_large_image","twitter_misc":{"Gesch\u00e4tzte Lesezeit":"3\u00a0Minuten"},"schema":{"@context":"https:\/\/schema.org","@graph":[{"@type":"WebPage","@id":"https:\/\/kem-europe.eu\/product\/dorly-flowmaster-kuipmixer-mengstation-met-mixer-1900w-100l\/","url":"https:\/\/kem-europe.eu\/product\/dorly-flowmaster-kuipmixer-mengstation-met-mixer-1900w-100l\/","name":"D'Orly FLOWMASTER Wannenmischer Mischstation mit Mischer 1900W 100L - KEM Europe","isPartOf":{"@id":"https:\/\/kem-europe.eu\/#website"},"primaryImageOfPage":{"@id":"https:\/\/kem-europe.eu\/product\/dorly-flowmaster-kuipmixer-mengstation-met-mixer-1900w-100l\/#primaryimage"},"image":{"@id":"https:\/\/kem-europe.eu\/product\/dorly-flowmaster-kuipmixer-mengstation-met-mixer-1900w-100l\/#primaryimage"},"thumbnailUrl":"https:\/\/kem-europe.eu\/wp-content\/uploads\/2025\/02\/IMG_6260.jpg","datePublished":"2025-02-27T08:22:01+00:00","dateModified":"2025-03-06T07:45:22+00:00","breadcrumb":{"@id":"https:\/\/kem-europe.eu\/product\/dorly-flowmaster-kuipmixer-mengstation-met-mixer-1900w-100l\/#breadcrumb"},"inLanguage":"de","potentialAction":[{"@type":"ReadAction","target":["https:\/\/kem-europe.eu\/product\/dorly-flowmaster-kuipmixer-mengstation-met-mixer-1900w-100l\/"]}]},{"@type":"ImageObject","inLanguage":"de","@id":"https:\/\/kem-europe.eu\/product\/dorly-flowmaster-kuipmixer-mengstation-met-mixer-1900w-100l\/#primaryimage","url":"https:\/\/kem-europe.eu\/wp-content\/uploads\/2025\/02\/IMG_6260.jpg","contentUrl":"https:\/\/kem-europe.eu\/wp-content\/uploads\/2025\/02\/IMG_6260.jpg","width":700,"height":700},{"@type":"BreadcrumbList","@id":"https:\/\/kem-europe.eu\/product\/dorly-flowmaster-kuipmixer-mengstation-met-mixer-1900w-100l\/#breadcrumb","itemListElement":[{"@type":"ListItem","position":1,"name":"Home","item":"https:\/\/kem-europe.eu\/"},{"@type":"ListItem","position":2,"name":"Winkel","item":"https:\/\/kem-europe.eu\/winkel\/"},{"@type":"ListItem","position":3,"name":"D\u2019Orly FLOWMASTER Kuipmixer Mengstation met Mixer 1900W 100L"}]},{"@type":"WebSite","@id":"https:\/\/kem-europe.eu\/#website","url":"https:\/\/kem-europe.eu\/","name":"KEM Europe","description":"","publisher":{"@id":"https:\/\/kem-europe.eu\/#organization"},"potentialAction":[{"@type":"SearchAction","target":{"@type":"EntryPoint","urlTemplate":"https:\/\/kem-europe.eu\/?s={search_term_string}"},"query-input":{"@type":"PropertyValueSpecification","valueRequired":true,"valueName":"search_term_string"}}],"inLanguage":"de"},{"@type":"Organization","@id":"https:\/\/kem-europe.eu\/#organization","name":"KEM Europe","url":"https:\/\/kem-europe.eu\/","logo":{"@type":"ImageObject","inLanguage":"de","@id":"https:\/\/kem-europe.eu\/#\/schema\/logo\/image\/","url":"https:\/\/kem-europe.eu\/wp-content\/uploads\/2025\/02\/KEM2019-BLACK-1500W.png","contentUrl":"https:\/\/kem-europe.eu\/wp-content\/uploads\/2025\/02\/KEM2019-BLACK-1500W.png","width":1500,"height":626,"caption":"KEM Europe"},"image":{"@id":"https:\/\/kem-europe.eu\/#\/schema\/logo\/image\/"}}]}},"_links":{"self":[{"href":"https:\/\/kem-europe.eu\/de\/wp-json\/wp\/v2\/product\/1452","targetHints":{"allow":["GET"]}}],"collection":[{"href":"https:\/\/kem-europe.eu\/de\/wp-json\/wp\/v2\/product"}],"about":[{"href":"https:\/\/kem-europe.eu\/de\/wp-json\/wp\/v2\/types\/product"}],"replies":[{"embeddable":true,"href":"https:\/\/kem-europe.eu\/de\/wp-json\/wp\/v2\/comments?post=1452"}],"wp:featuredmedia":[{"embeddable":true,"href":"https:\/\/kem-europe.eu\/de\/wp-json\/wp\/v2\/media\/1523"}],"wp:attachment":[{"href":"https:\/\/kem-europe.eu\/de\/wp-json\/wp\/v2\/media?parent=1452"}],"wp:term":[{"taxonomy":"product_brand","embeddable":true,"href":"https:\/\/kem-europe.eu\/de\/wp-json\/wp\/v2\/product_brand?post=1452"},{"taxonomy":"product_cat","embeddable":true,"href":"https:\/\/kem-europe.eu\/de\/wp-json\/wp\/v2\/product_cat?post=1452"},{"taxonomy":"product_tag","embeddable":true,"href":"https:\/\/kem-europe.eu\/de\/wp-json\/wp\/v2\/product_tag?post=1452"}],"curies":[{"name":"wp","href":"https:\/\/api.w.org\/{rel}","templated":true}]}}