{"id":1509,"date":"2025-02-27T08:22:24","date_gmt":"2025-02-27T08:22:24","guid":{"rendered":"https:\/\/kem-europe.eu\/?post_type=product&#038;p=1509"},"modified":"2025-07-02T10:56:38","modified_gmt":"2025-07-02T10:56:38","slug":"dorly-rh-serie-rohrrahmenkompressor-1-5ps-oelfrei-240l-min","status":"publish","type":"product","link":"https:\/\/kem-europe.eu\/de\/product\/dorly-rh-serie-buizenframe-compressor-1-5hp-olievrij-240-l-min\/","title":{"rendered":"D'Orly RH Serie Rohrrahmenkompressor 1.5HP \u00f6lfrei 240 L\/min"},"content":{"rendered":"<p><strong>Eigenschaften D'Orly RH Serie Kompressor \u00f6lfrei 240 L\/min | NEU<br \/>\n<\/strong><\/p>\n<p><span class=\"notranslate\">Kompressor von hoher, europ\u00e4ischer Qualit\u00e4t. Relativ wartungsfrei und dank hochwertiger Komponenten zuverl\u00e4ssig und mit langer Lebensdauer.<\/span><\/p>\n<ul>\n<li><span class=\"notranslate\">Kompressor mit Aluminium-Druckgussgeh\u00e4use<\/span><\/li>\n<li><span class=\"notranslate\">Leicht und kompakt,\u00a0<\/span><span class=\"notranslate\">einzigartiges Pleuelsystem f\u00fcr perfekte Balance<\/span><\/li>\n<li><span class=\"notranslate\">W\u00e4rmebehandlung von Komponenten zur Verl\u00e4ngerung der Lebensdauer und Leistung<\/span><\/li>\n<li><span class=\"notranslate\">Ventile aus rostfreiem Stahl<\/span><\/li>\n<li><span class=\"notranslate\">Handgriff\u00a0<\/span><span class=\"notranslate\">f\u00fcr einfachen Transport<\/span><\/li>\n<li><span class=\"notranslate\">Zuverl\u00e4ssiger Elektromotor\u00a0<\/span><\/li>\n<li>Prevost VE Schnellkupplung 1\/4\" Gelb - Au\u00dfengewinde<\/li>\n<\/ul>\n<p><strong><span class=\"notranslate\">Spezifikationen<\/span><\/strong><\/p>\n<ul>\n<li><span class=\"notranslate\">Spannung - 230V<\/span><\/li>\n<li><span class=\"notranslate\">Modell - Extreme 3T 1.5 CV<\/span><\/li>\n<li><span class=\"notranslate\">Tank - 5 Liter<\/span><\/li>\n<li><span class=\"notranslate\">Zylinder - 2<\/span><\/li>\n<li><span class=\"notranslate\">Ansaugvolumen - 240 L\/min<\/span><\/li>\n<li><span class=\"notranslate\">Druck - 10 Bar<\/span><\/li>\n<li><span class=\"notranslate\">Leistung - 1,1 kW<\/span><\/li>\n<li><span class=\"notranslate\">Umdrehungen pro Minute - 1400<\/span><\/li>\n<li><span class=\"notranslate\">L\u00e4rm - 72 dB<\/span><\/li>\n<li><span class=\"notranslate\">Gewicht - 23 kg<\/span><\/li>\n<li><span class=\"notranslate\">Abmessungen - 530 x 310 x 390 mm<br \/>\n<\/span><\/li>\n<\/ul>\n<p><strong>Umfang der Lieferung<\/strong><\/p>\n<ul>\n<li>D'Orly RH Serie Rohrrahmenkompressor 1.5HP \u00f6lfrei 240 L\/min<\/li>\n<\/ul>","protected":false},"excerpt":{"rendered":"<p>Kenmerken D\u2019Orly RH-serie Compressor olievrij 240 L\/min | NIEUW Compressor van hoge, Europese kwaliteit. Relatief onderhoudsvrij en dankzij hoogstaande componenten betrouwbaar en met lange levensduur. Compressor met gegoten aluminium behuizing Licht en compact,\u00a0uniek systeem van drijfstangen voor de perfecte balans Warmtebehandeling van onderdelen om de levensduur en de prestaties te verlengen Roestvrijstalen afsluiters Handvat\u00a0voor eenvoudig [&hellip;]<\/p>\n","protected":false},"featured_media":1652,"comment_status":"closed","ping_status":"closed","template":"","meta":[],"product_brand":[625],"product_cat":[634,271],"product_tag":[],"class_list":{"0":"post-1509","1":"product","2":"type-product","3":"status-publish","4":"has-post-thumbnail","6":"product_brand-dorly","7":"product_cat-compressor","8":"product_cat-dorly-rh-machine","10":"first","11":"instock","12":"shipping-taxable","13":"product-type-simple"},"ct_brands":[{"id":625,"name":"D'ORLY","slug":"dorly"}],"yoast_head":"<!-- This site is optimized with the Yoast SEO plugin v27.3 - https:\/\/yoast.com\/product\/yoast-seo-wordpress\/ -->\n<title>D\u2019Orly RH-serie Buizenframe compressor 1.5HP olievrij 240 L\/min - KEM Europe<\/title>\n<meta name=\"robots\" content=\"index, follow, max-snippet:-1, max-image-preview:large, max-video-preview:-1\" \/>\n<link rel=\"canonical\" href=\"https:\/\/kem-europe.eu\/de\/produkt\/dorly-rh-serie-rohrrahmenkompressor-1-5ps-oelfrei-240l-min\/\" \/>\n<meta property=\"og:locale\" content=\"de_DE\" \/>\n<meta property=\"og:type\" content=\"article\" \/>\n<meta property=\"og:title\" content=\"D\u2019Orly RH-serie Buizenframe compressor 1.5HP olievrij 240 L\/min - KEM Europe\" \/>\n<meta property=\"og:description\" content=\"Kenmerken D\u2019Orly RH-serie Compressor olievrij 240 L\/min | NIEUW Compressor van hoge, Europese kwaliteit. Relatief onderhoudsvrij en dankzij hoogstaande componenten betrouwbaar en met lange levensduur. Compressor met gegoten aluminium behuizing Licht en compact,\u00a0uniek systeem van drijfstangen voor de perfecte balans Warmtebehandeling van onderdelen om de levensduur en de prestaties te verlengen Roestvrijstalen afsluiters Handvat\u00a0voor eenvoudig [&hellip;]\" \/>\n<meta property=\"og:url\" content=\"https:\/\/kem-europe.eu\/de\/produkt\/dorly-rh-serie-rohrrahmenkompressor-1-5ps-oelfrei-240l-min\/\" \/>\n<meta property=\"og:site_name\" content=\"KEM Europe\" \/>\n<meta property=\"article:modified_time\" content=\"2025-07-02T10:56:38+00:00\" \/>\n<meta property=\"og:image\" content=\"https:\/\/kem-europe.eu\/wp-content\/uploads\/2025\/02\/Dorly-buizenframe.png\" \/>\n\t<meta property=\"og:image:width\" content=\"700\" \/>\n\t<meta property=\"og:image:height\" content=\"700\" \/>\n\t<meta property=\"og:image:type\" content=\"image\/png\" \/>\n<meta name=\"twitter:card\" content=\"summary_large_image\" \/>\n<meta name=\"twitter:label1\" content=\"Gesch\u00e4tzte Lesezeit\" \/>\n\t<meta name=\"twitter:data1\" content=\"1\u00a0Minute\" \/>\n<script type=\"application\/ld+json\" class=\"yoast-schema-graph\">{\"@context\":\"https:\\\/\\\/schema.org\",\"@graph\":[{\"@type\":\"WebPage\",\"@id\":\"https:\\\/\\\/kem-europe.eu\\\/product\\\/dorly-rh-serie-buizenframe-compressor-1-5hp-olievrij-240-l-min\\\/\",\"url\":\"https:\\\/\\\/kem-europe.eu\\\/product\\\/dorly-rh-serie-buizenframe-compressor-1-5hp-olievrij-240-l-min\\\/\",\"name\":\"D\u2019Orly RH-serie Buizenframe compressor 1.5HP olievrij 240 L\\\/min - KEM Europe\",\"isPartOf\":{\"@id\":\"https:\\\/\\\/kem-europe.eu\\\/#website\"},\"primaryImageOfPage\":{\"@id\":\"https:\\\/\\\/kem-europe.eu\\\/product\\\/dorly-rh-serie-buizenframe-compressor-1-5hp-olievrij-240-l-min\\\/#primaryimage\"},\"image\":{\"@id\":\"https:\\\/\\\/kem-europe.eu\\\/product\\\/dorly-rh-serie-buizenframe-compressor-1-5hp-olievrij-240-l-min\\\/#primaryimage\"},\"thumbnailUrl\":\"https:\\\/\\\/kem-europe.eu\\\/wp-content\\\/uploads\\\/2025\\\/02\\\/Dorly-buizenframe.png\",\"datePublished\":\"2025-02-27T08:22:24+00:00\",\"dateModified\":\"2025-07-02T10:56:38+00:00\",\"breadcrumb\":{\"@id\":\"https:\\\/\\\/kem-europe.eu\\\/product\\\/dorly-rh-serie-buizenframe-compressor-1-5hp-olievrij-240-l-min\\\/#breadcrumb\"},\"inLanguage\":\"de\",\"potentialAction\":[{\"@type\":\"ReadAction\",\"target\":[\"https:\\\/\\\/kem-europe.eu\\\/product\\\/dorly-rh-serie-buizenframe-compressor-1-5hp-olievrij-240-l-min\\\/\"]}]},{\"@type\":\"ImageObject\",\"inLanguage\":\"de\",\"@id\":\"https:\\\/\\\/kem-europe.eu\\\/product\\\/dorly-rh-serie-buizenframe-compressor-1-5hp-olievrij-240-l-min\\\/#primaryimage\",\"url\":\"https:\\\/\\\/kem-europe.eu\\\/wp-content\\\/uploads\\\/2025\\\/02\\\/Dorly-buizenframe.png\",\"contentUrl\":\"https:\\\/\\\/kem-europe.eu\\\/wp-content\\\/uploads\\\/2025\\\/02\\\/Dorly-buizenframe.png\",\"width\":700,\"height\":700},{\"@type\":\"BreadcrumbList\",\"@id\":\"https:\\\/\\\/kem-europe.eu\\\/product\\\/dorly-rh-serie-buizenframe-compressor-1-5hp-olievrij-240-l-min\\\/#breadcrumb\",\"itemListElement\":[{\"@type\":\"ListItem\",\"position\":1,\"name\":\"Home\",\"item\":\"https:\\\/\\\/kem-europe.eu\\\/\"},{\"@type\":\"ListItem\",\"position\":2,\"name\":\"Winkel\",\"item\":\"https:\\\/\\\/kem-europe.eu\\\/winkel\\\/\"},{\"@type\":\"ListItem\",\"position\":3,\"name\":\"D\u2019Orly RH-serie Buizenframe compressor 1.5HP olievrij 240 L\\\/min\"}]},{\"@type\":\"WebSite\",\"@id\":\"https:\\\/\\\/kem-europe.eu\\\/#website\",\"url\":\"https:\\\/\\\/kem-europe.eu\\\/\",\"name\":\"KEM Europe\",\"description\":\"\",\"publisher\":{\"@id\":\"https:\\\/\\\/kem-europe.eu\\\/#organization\"},\"potentialAction\":[{\"@type\":\"SearchAction\",\"target\":{\"@type\":\"EntryPoint\",\"urlTemplate\":\"https:\\\/\\\/kem-europe.eu\\\/?s={search_term_string}\"},\"query-input\":{\"@type\":\"PropertyValueSpecification\",\"valueRequired\":true,\"valueName\":\"search_term_string\"}}],\"inLanguage\":\"de\"},{\"@type\":\"Organization\",\"@id\":\"https:\\\/\\\/kem-europe.eu\\\/#organization\",\"name\":\"KEM Europe\",\"url\":\"https:\\\/\\\/kem-europe.eu\\\/\",\"logo\":{\"@type\":\"ImageObject\",\"inLanguage\":\"de\",\"@id\":\"https:\\\/\\\/kem-europe.eu\\\/#\\\/schema\\\/logo\\\/image\\\/\",\"url\":\"https:\\\/\\\/kem-europe.eu\\\/wp-content\\\/uploads\\\/2025\\\/02\\\/KEM2019-BLACK-1500W.png\",\"contentUrl\":\"https:\\\/\\\/kem-europe.eu\\\/wp-content\\\/uploads\\\/2025\\\/02\\\/KEM2019-BLACK-1500W.png\",\"width\":1500,\"height\":626,\"caption\":\"KEM Europe\"},\"image\":{\"@id\":\"https:\\\/\\\/kem-europe.eu\\\/#\\\/schema\\\/logo\\\/image\\\/\"}}]}<\/script>\n<!-- \/ Yoast SEO plugin. -->","yoast_head_json":{"title":"D'Orly RH Serie Rohrrahmenkompressor 1.5HP \u00f6lfrei 240 L\/min - KEM Europe","robots":{"index":"index","follow":"follow","max-snippet":"max-snippet:-1","max-image-preview":"max-image-preview:large","max-video-preview":"max-video-preview:-1"},"canonical":"https:\/\/kem-europe.eu\/de\/produkt\/dorly-rh-serie-rohrrahmenkompressor-1-5ps-oelfrei-240l-min\/","og_locale":"de_DE","og_type":"article","og_title":"D\u2019Orly RH-serie Buizenframe compressor 1.5HP olievrij 240 L\/min - KEM Europe","og_description":"Kenmerken D\u2019Orly RH-serie Compressor olievrij 240 L\/min | NIEUW Compressor van hoge, Europese kwaliteit. Relatief onderhoudsvrij en dankzij hoogstaande componenten betrouwbaar en met lange levensduur. Compressor met gegoten aluminium behuizing Licht en compact,\u00a0uniek systeem van drijfstangen voor de perfecte balans Warmtebehandeling van onderdelen om de levensduur en de prestaties te verlengen Roestvrijstalen afsluiters Handvat\u00a0voor eenvoudig [&hellip;]","og_url":"https:\/\/kem-europe.eu\/de\/produkt\/dorly-rh-serie-rohrrahmenkompressor-1-5ps-oelfrei-240l-min\/","og_site_name":"KEM Europe","article_modified_time":"2025-07-02T10:56:38+00:00","og_image":[{"width":700,"height":700,"url":"https:\/\/kem-europe.eu\/wp-content\/uploads\/2025\/02\/Dorly-buizenframe.png","type":"image\/png"}],"twitter_card":"summary_large_image","twitter_misc":{"Gesch\u00e4tzte Lesezeit":"1\u00a0Minute"},"schema":{"@context":"https:\/\/schema.org","@graph":[{"@type":"WebPage","@id":"https:\/\/kem-europe.eu\/product\/dorly-rh-serie-buizenframe-compressor-1-5hp-olievrij-240-l-min\/","url":"https:\/\/kem-europe.eu\/product\/dorly-rh-serie-buizenframe-compressor-1-5hp-olievrij-240-l-min\/","name":"D'Orly RH Serie Rohrrahmenkompressor 1.5HP \u00f6lfrei 240 L\/min - KEM Europe","isPartOf":{"@id":"https:\/\/kem-europe.eu\/#website"},"primaryImageOfPage":{"@id":"https:\/\/kem-europe.eu\/product\/dorly-rh-serie-buizenframe-compressor-1-5hp-olievrij-240-l-min\/#primaryimage"},"image":{"@id":"https:\/\/kem-europe.eu\/product\/dorly-rh-serie-buizenframe-compressor-1-5hp-olievrij-240-l-min\/#primaryimage"},"thumbnailUrl":"https:\/\/kem-europe.eu\/wp-content\/uploads\/2025\/02\/Dorly-buizenframe.png","datePublished":"2025-02-27T08:22:24+00:00","dateModified":"2025-07-02T10:56:38+00:00","breadcrumb":{"@id":"https:\/\/kem-europe.eu\/product\/dorly-rh-serie-buizenframe-compressor-1-5hp-olievrij-240-l-min\/#breadcrumb"},"inLanguage":"de","potentialAction":[{"@type":"ReadAction","target":["https:\/\/kem-europe.eu\/product\/dorly-rh-serie-buizenframe-compressor-1-5hp-olievrij-240-l-min\/"]}]},{"@type":"ImageObject","inLanguage":"de","@id":"https:\/\/kem-europe.eu\/product\/dorly-rh-serie-buizenframe-compressor-1-5hp-olievrij-240-l-min\/#primaryimage","url":"https:\/\/kem-europe.eu\/wp-content\/uploads\/2025\/02\/Dorly-buizenframe.png","contentUrl":"https:\/\/kem-europe.eu\/wp-content\/uploads\/2025\/02\/Dorly-buizenframe.png","width":700,"height":700},{"@type":"BreadcrumbList","@id":"https:\/\/kem-europe.eu\/product\/dorly-rh-serie-buizenframe-compressor-1-5hp-olievrij-240-l-min\/#breadcrumb","itemListElement":[{"@type":"ListItem","position":1,"name":"Home","item":"https:\/\/kem-europe.eu\/"},{"@type":"ListItem","position":2,"name":"Winkel","item":"https:\/\/kem-europe.eu\/winkel\/"},{"@type":"ListItem","position":3,"name":"D\u2019Orly RH-serie Buizenframe compressor 1.5HP olievrij 240 L\/min"}]},{"@type":"WebSite","@id":"https:\/\/kem-europe.eu\/#website","url":"https:\/\/kem-europe.eu\/","name":"KEM Europe","description":"","publisher":{"@id":"https:\/\/kem-europe.eu\/#organization"},"potentialAction":[{"@type":"SearchAction","target":{"@type":"EntryPoint","urlTemplate":"https:\/\/kem-europe.eu\/?s={search_term_string}"},"query-input":{"@type":"PropertyValueSpecification","valueRequired":true,"valueName":"search_term_string"}}],"inLanguage":"de"},{"@type":"Organization","@id":"https:\/\/kem-europe.eu\/#organization","name":"KEM Europe","url":"https:\/\/kem-europe.eu\/","logo":{"@type":"ImageObject","inLanguage":"de","@id":"https:\/\/kem-europe.eu\/#\/schema\/logo\/image\/","url":"https:\/\/kem-europe.eu\/wp-content\/uploads\/2025\/02\/KEM2019-BLACK-1500W.png","contentUrl":"https:\/\/kem-europe.eu\/wp-content\/uploads\/2025\/02\/KEM2019-BLACK-1500W.png","width":1500,"height":626,"caption":"KEM Europe"},"image":{"@id":"https:\/\/kem-europe.eu\/#\/schema\/logo\/image\/"}}]}},"_links":{"self":[{"href":"https:\/\/kem-europe.eu\/de\/wp-json\/wp\/v2\/product\/1509","targetHints":{"allow":["GET"]}}],"collection":[{"href":"https:\/\/kem-europe.eu\/de\/wp-json\/wp\/v2\/product"}],"about":[{"href":"https:\/\/kem-europe.eu\/de\/wp-json\/wp\/v2\/types\/product"}],"replies":[{"embeddable":true,"href":"https:\/\/kem-europe.eu\/de\/wp-json\/wp\/v2\/comments?post=1509"}],"wp:featuredmedia":[{"embeddable":true,"href":"https:\/\/kem-europe.eu\/de\/wp-json\/wp\/v2\/media\/1652"}],"wp:attachment":[{"href":"https:\/\/kem-europe.eu\/de\/wp-json\/wp\/v2\/media?parent=1509"}],"wp:term":[{"taxonomy":"product_brand","embeddable":true,"href":"https:\/\/kem-europe.eu\/de\/wp-json\/wp\/v2\/product_brand?post=1509"},{"taxonomy":"product_cat","embeddable":true,"href":"https:\/\/kem-europe.eu\/de\/wp-json\/wp\/v2\/product_cat?post=1509"},{"taxonomy":"product_tag","embeddable":true,"href":"https:\/\/kem-europe.eu\/de\/wp-json\/wp\/v2\/product_tag?post=1509"}],"curies":[{"name":"wp","href":"https:\/\/api.w.org\/{rel}","templated":true}]}}