{"id":1569,"date":"2025-02-27T08:23:04","date_gmt":"2025-02-27T08:23:04","guid":{"rendered":"https:\/\/kem-europe.eu\/?post_type=product&#038;p=1569"},"modified":"2025-11-28T14:04:16","modified_gmt":"2025-11-28T14:04:16","slug":"kem-2-0-rm-tx-diamantbohrer-trocken-300-450mm-softschlag-bewehrung","status":"publish","type":"product","link":"https:\/\/kem-europe.eu\/de\/product\/kem-2-0-rm-tx-diamantboor-droog-300-450mm-o32-300-mm-1-1-4-inch-soft-percussie-boor-voor-gewapend-beton\/","title":{"rendered":"KEM 2.0 RM-TX Diamantbohrer trocken 300\/450mm - \u00d832-300 mm - 1 1\/4\" Zoll | Soft Schlagbohrer f\u00fcr Stahlbeton"},"content":{"rendered":"<p><strong><span style=\"font-size: 19px;\">KEM 2.0 RM-TX Diamant-Trockenbohrer - \u00d832-300 mm 1 1\/4\" Inch | Weicher Schlagbohrer f\u00fcr Stahlbeton<\/span><\/strong><\/p>\n<p>Revolutionieren Sie Ihre Bohrarbeiten mit einer Hochleistungs-Diamant-Trockenbohrmaschine, die speziell f\u00fcr hoch armierten Beton entwickelt wurde. Erleben Sie hervorragende Leistung, lange Lebensdauer und reduzierte Vibrationen f\u00fcr ein perfektes Bohrerlebnis. Und das alles zu einem wettbewerbsf\u00e4higen Preis!<\/p>\n<p><strong>Vorteile<\/strong><\/p>\n<p>\u2705 <strong>Lange Lebensdauer<\/strong> - Reduzieren Sie Ihre Kosten f\u00fcr Wartung und Austausch.<\/p>\n<p>\u2705 <strong>Hohe Geschwindigkeit<\/strong> - Maximieren Sie Ihre Produktivit\u00e4t mit bis zu 10% schnellerem Bohren.<\/p>\n<p>\u2705 <strong>Reduzierte Vibrationen<\/strong> - Genie\u00dfen Sie komfortables und sicheres Bohren dank fortschrittlicher Technologie und Design.<\/p>\n<p>\u2705 <strong>Hohes Preis-Leistungs-Verh\u00e4ltnis<\/strong> - Profitieren Sie von professionellen Bohrungen, ohne den H\u00f6chstpreis zu zahlen.<\/p>\n<p>Wir wissen, dass die <strong>Der aktuelle Markt sucht nach<\/strong> zu einem revolution\u00e4ren Bohrer f\u00fcr starken Stahlbeton, der <strong>hervorragende Leistungen<\/strong> liefert und auch <strong>h\u00e4lt l\u00e4nger als aktuelle Bohrer<\/strong>...!<\/p>\n<p>Wir sind zuversichtlich, dass der neue Bohrer KEM 2.0 diese Anforderungen mit seinen <strong>positionierte Diamanten<\/strong> und <strong>20 mm lange Segmente<\/strong> die Vibrationen reduzieren und ein stabiles und sicheres Bohren gew\u00e4hrleisten!<\/p>\n<hr \/>\n<p><img loading=\"lazy\" decoding=\"async\" class=\"alignnone wp-image-420309\" src=\"https:\/\/bjctools.nl\/wp-content\/uploads\/2023\/05\/KEM2.0-GIF1.gif\" alt=\"\" width=\"600\" height=\"338\" \/><\/p>\n<p><strong>Eigenschaften<\/strong><\/p>\n<p>\u2705 Speziell entwickelt f\u00fcr das Bohren in hoch bewehrtem Beton.<\/p>\n<p>\u2705 Ausgestattet mit einzigartiger Diamanttechnologie f\u00fcr mehr Kraft und Pr\u00e4zision.<\/p>\n<p>\u2705 Soft-Percussion-Funktion f\u00fcr stabile und sichere Bohrerfahrung.<\/p>\n<p>Effizienteres Arbeiten dank der durchschnittlichen <strong>20% l\u00e4ngere Nutzungsdauer<\/strong> und <strong>10% h\u00f6here Geschwindigkeit<\/strong> der Bohrkrone. Dank der breiteren Segmente ist die Abtragsleistung h\u00f6her und der Bohrprozess gleichzeitig stabiler und komfortabler.<\/p>\n<hr \/>\n<p><img loading=\"lazy\" decoding=\"async\" class=\"alignnone wp-image-420310\" src=\"https:\/\/bjctools.nl\/wp-content\/uploads\/2023\/05\/KEM2.0-GIF2.gif\" alt=\"\" width=\"600\" height=\"338\" \/><\/p>\n<hr \/>\n<p><strong>Gr\u00fcndliche Recherche<\/strong><\/p>\n<p>Die Bohrgeschwindigkeit f\u00fcr ein 82 mm gro\u00dfes Loch in 20 cm dickem B35-Beton kann in 140 Sekunden ohne K\u00fchlmittel erreicht werden.<\/p>\n<p>\u2705 Dank der RM-TX-Technologie bietet dieser Bohrer<strong> 10% mehr Geschwindigkeit<\/strong> und<strong> 20% l\u00e4ngere Nutzungsdauer<\/strong> als vergleichbare Di-Star-Bohrer mit RS-TX-Technologie.<\/p>\n<p>Der KEM 2.0 Diamant-Trockenbohrer hat lange, 20 mm lange Segmente f\u00fcr eine gr\u00f6\u00dfere Kontaktfl\u00e4che, die ein komfortableres, schnelleres und stabileres Bohren ohne Vibrationen erm\u00f6glicht.<\/p>\n<p>\u2705 Weiche Schlagbohrer k\u00f6nnen f\u00fcr Ziegel im Modus 'ROTATION' f\u00fcr Ziegel verwendet werden.<\/p>\n<p>Mit der Diamant-Trockenbohrmaschine - Soft Percussion Drill k\u00f6nnen Sie sicher sein, dass Sie stabil in Beton bohren, was zu besseren Ergebnissen und zufriedeneren Kunden f\u00fchrt. Lassen Sie sich von der Effizienz und Haltbarkeit dieses Produkts \u00fcberzeugen und heben Sie die Leistung Ihrer Diamantbohrmaschine auf die n\u00e4chste Stufe.<\/p>\n<p>Verpassen Sie diese Gelegenheit nicht! Kaufen Sie den KEM 2.0 Diamant-Trockenbohrer noch heute und erleben Sie den revolution\u00e4ren Wandel in Ihrem Bohrbetrieb!<\/p>\n<hr \/>\n<p><img loading=\"lazy\" decoding=\"async\" class=\"alignnone wp-image-420311\" src=\"https:\/\/bjctools.nl\/wp-content\/uploads\/2023\/05\/KEM2.0-GIF3.gif\" alt=\"\" width=\"600\" height=\"338\" \/><\/p>\n<hr \/>\n<p><strong>Umfang der Lieferung<\/strong><\/p>\n<ul>\n<li>KEM <span style=\"color: #0000ff;\"><strong>2.0<\/strong><\/span> Diamantbohrer trocken 1 1\/4 Zoll<\/li>\n<\/ul>\n<p><iframe loading=\"lazy\" title=\"KEM 2.0 RM-TX Diamant-Trockenbohrkrone 300\/450mm - \u00d832-200 mm | Weiche Schlagbohrkrone f\u00fcr Stahlbeton\" width=\"1390\" height=\"782\" src=\"https:\/\/www.youtube.com\/embed\/G5UMNH73OIo?feature=oembed\" frameborder=\"0\" allow=\"accelerometer; autoplay; clipboard-write; encrypted-media; gyroscope; picture-in-picture; web-share\" referrerpolicy=\"strict-origin-when-cross-origin\" allowfullscreen><\/iframe><\/p>","protected":false},"excerpt":{"rendered":"<p>&nbsp;<\/p>\n<p><img loading=\"lazy\" decoding=\"async\" class=\"alignnone wp-image-421693\" src=\"https:\/\/bjctools.nl\/wp-content\/uploads\/2023\/05\/SPECS-DI-BLUE.png\" alt=\"\" width=\"3543\" height=\"1772\" \/><\/p>\n<p><strong>Die ultimative Diamant-Trockenbohrmaschine kombiniert m\u00fchelose Pr\u00e4zision und un\u00fcbertroffene Leistung f\u00fcr ein perfektes und effizientes Bohrerlebnis wie nie zuvor!<\/strong><\/p>","protected":false},"featured_media":1710,"comment_status":"closed","ping_status":"closed","template":"","meta":[],"product_brand":[629],"product_cat":[188,189,16,20],"product_tag":[],"class_list":{"0":"post-1569","1":"product","2":"type-product","3":"status-publish","4":"has-post-thumbnail","6":"product_brand-kem","7":"product_cat-diamantboor","8":"product_cat-diamantboor-droog","9":"product_cat-diamantgereedschap","10":"product_cat-verbruiksartikelen-diamant","12":"first","13":"instock","14":"featured","15":"shipping-taxable","16":"purchasable","17":"product-type-variable"},"ct_brands":[{"id":629,"name":"KEM","slug":"kem"}],"yoast_head":"<!-- This site is optimized with the Yoast SEO plugin v27.3 - https:\/\/yoast.com\/product\/yoast-seo-wordpress\/ -->\n<title>KEM 2.0 RM-TX Diamantboor droog 300\/450mm - \u00d832-300 mm - 1 1\/4&#039;&#039; Inch | Soft-percussie boor voor gewapend beton - KEM Europe<\/title>\n<meta name=\"robots\" content=\"index, follow, max-snippet:-1, max-image-preview:large, max-video-preview:-1\" \/>\n<link rel=\"canonical\" href=\"https:\/\/kem-europe.eu\/de\/produkt\/kem-2-0-rm-tx-diamantbohrer-trocken-300-450mm-softschlag-bewehrung\/\" \/>\n<meta property=\"og:locale\" content=\"de_DE\" \/>\n<meta property=\"og:type\" content=\"article\" \/>\n<meta property=\"og:title\" content=\"KEM 2.0 RM-TX Diamantboor droog 300\/450mm - \u00d832-300 mm - 1 1\/4&#039;&#039; Inch | Soft-percussie boor voor gewapend beton - KEM Europe\" \/>\n<meta property=\"og:description\" content=\"&nbsp;    De ultieme diamant droogboor combineert moeiteloze precisie &amp; onge\u00ebvenaarde prestaties voor een perfecte en effici\u00ebnte boorervaring zoals nooit tevoren!\" \/>\n<meta property=\"og:url\" content=\"https:\/\/kem-europe.eu\/de\/produkt\/kem-2-0-rm-tx-diamantbohrer-trocken-300-450mm-softschlag-bewehrung\/\" \/>\n<meta property=\"og:site_name\" content=\"KEM Europe\" \/>\n<meta property=\"article:modified_time\" content=\"2025-11-28T14:04:16+00:00\" \/>\n<meta property=\"og:image\" content=\"https:\/\/kem-europe.eu\/wp-content\/uploads\/2025\/02\/Di-Star-KEM-droogboor-RM-TX-1.jpg\" \/>\n\t<meta property=\"og:image:width\" content=\"700\" \/>\n\t<meta property=\"og:image:height\" content=\"700\" \/>\n\t<meta property=\"og:image:type\" content=\"image\/jpeg\" \/>\n<meta name=\"twitter:card\" content=\"summary_large_image\" \/>\n<meta name=\"twitter:label1\" content=\"Gesch\u00e4tzte Lesezeit\" \/>\n\t<meta name=\"twitter:data1\" content=\"3\u00a0Minuten\" \/>\n<script type=\"application\/ld+json\" class=\"yoast-schema-graph\">{\"@context\":\"https:\\\/\\\/schema.org\",\"@graph\":[{\"@type\":\"WebPage\",\"@id\":\"https:\\\/\\\/kem-europe.eu\\\/product\\\/kem-2-0-rm-tx-diamantboor-droog-300-450mm-o32-300-mm-1-1-4-inch-soft-percussie-boor-voor-gewapend-beton\\\/\",\"url\":\"https:\\\/\\\/kem-europe.eu\\\/product\\\/kem-2-0-rm-tx-diamantboor-droog-300-450mm-o32-300-mm-1-1-4-inch-soft-percussie-boor-voor-gewapend-beton\\\/\",\"name\":\"KEM 2.0 RM-TX Diamantboor droog 300\\\/450mm - \u00d832-300 mm - 1 1\\\/4'' Inch | Soft-percussie boor voor gewapend beton - KEM Europe\",\"isPartOf\":{\"@id\":\"https:\\\/\\\/kem-europe.eu\\\/#website\"},\"primaryImageOfPage\":{\"@id\":\"https:\\\/\\\/kem-europe.eu\\\/product\\\/kem-2-0-rm-tx-diamantboor-droog-300-450mm-o32-300-mm-1-1-4-inch-soft-percussie-boor-voor-gewapend-beton\\\/#primaryimage\"},\"image\":{\"@id\":\"https:\\\/\\\/kem-europe.eu\\\/product\\\/kem-2-0-rm-tx-diamantboor-droog-300-450mm-o32-300-mm-1-1-4-inch-soft-percussie-boor-voor-gewapend-beton\\\/#primaryimage\"},\"thumbnailUrl\":\"https:\\\/\\\/kem-europe.eu\\\/wp-content\\\/uploads\\\/2025\\\/02\\\/Di-Star-KEM-droogboor-RM-TX-1.jpg\",\"datePublished\":\"2025-02-27T08:23:04+00:00\",\"dateModified\":\"2025-11-28T14:04:16+00:00\",\"breadcrumb\":{\"@id\":\"https:\\\/\\\/kem-europe.eu\\\/product\\\/kem-2-0-rm-tx-diamantboor-droog-300-450mm-o32-300-mm-1-1-4-inch-soft-percussie-boor-voor-gewapend-beton\\\/#breadcrumb\"},\"inLanguage\":\"de\",\"potentialAction\":[{\"@type\":\"ReadAction\",\"target\":[\"https:\\\/\\\/kem-europe.eu\\\/product\\\/kem-2-0-rm-tx-diamantboor-droog-300-450mm-o32-300-mm-1-1-4-inch-soft-percussie-boor-voor-gewapend-beton\\\/\"]}]},{\"@type\":\"ImageObject\",\"inLanguage\":\"de\",\"@id\":\"https:\\\/\\\/kem-europe.eu\\\/product\\\/kem-2-0-rm-tx-diamantboor-droog-300-450mm-o32-300-mm-1-1-4-inch-soft-percussie-boor-voor-gewapend-beton\\\/#primaryimage\",\"url\":\"https:\\\/\\\/kem-europe.eu\\\/wp-content\\\/uploads\\\/2025\\\/02\\\/Di-Star-KEM-droogboor-RM-TX-1.jpg\",\"contentUrl\":\"https:\\\/\\\/kem-europe.eu\\\/wp-content\\\/uploads\\\/2025\\\/02\\\/Di-Star-KEM-droogboor-RM-TX-1.jpg\",\"width\":700,\"height\":700},{\"@type\":\"BreadcrumbList\",\"@id\":\"https:\\\/\\\/kem-europe.eu\\\/product\\\/kem-2-0-rm-tx-diamantboor-droog-300-450mm-o32-300-mm-1-1-4-inch-soft-percussie-boor-voor-gewapend-beton\\\/#breadcrumb\",\"itemListElement\":[{\"@type\":\"ListItem\",\"position\":1,\"name\":\"Home\",\"item\":\"https:\\\/\\\/kem-europe.eu\\\/\"},{\"@type\":\"ListItem\",\"position\":2,\"name\":\"Winkel\",\"item\":\"https:\\\/\\\/kem-europe.eu\\\/winkel\\\/\"},{\"@type\":\"ListItem\",\"position\":3,\"name\":\"KEM 2.0 RM-TX Diamantboor droog 300\\\/450mm &#8211; \u00d832-300 mm &#8211; 1 1\\\/4&#8221; Inch | Soft-percussie boor voor gewapend beton\"}]},{\"@type\":\"WebSite\",\"@id\":\"https:\\\/\\\/kem-europe.eu\\\/#website\",\"url\":\"https:\\\/\\\/kem-europe.eu\\\/\",\"name\":\"KEM Europe\",\"description\":\"\",\"publisher\":{\"@id\":\"https:\\\/\\\/kem-europe.eu\\\/#organization\"},\"potentialAction\":[{\"@type\":\"SearchAction\",\"target\":{\"@type\":\"EntryPoint\",\"urlTemplate\":\"https:\\\/\\\/kem-europe.eu\\\/?s={search_term_string}\"},\"query-input\":{\"@type\":\"PropertyValueSpecification\",\"valueRequired\":true,\"valueName\":\"search_term_string\"}}],\"inLanguage\":\"de\"},{\"@type\":\"Organization\",\"@id\":\"https:\\\/\\\/kem-europe.eu\\\/#organization\",\"name\":\"KEM Europe\",\"url\":\"https:\\\/\\\/kem-europe.eu\\\/\",\"logo\":{\"@type\":\"ImageObject\",\"inLanguage\":\"de\",\"@id\":\"https:\\\/\\\/kem-europe.eu\\\/#\\\/schema\\\/logo\\\/image\\\/\",\"url\":\"https:\\\/\\\/kem-europe.eu\\\/wp-content\\\/uploads\\\/2025\\\/02\\\/KEM2019-BLACK-1500W.png\",\"contentUrl\":\"https:\\\/\\\/kem-europe.eu\\\/wp-content\\\/uploads\\\/2025\\\/02\\\/KEM2019-BLACK-1500W.png\",\"width\":1500,\"height\":626,\"caption\":\"KEM Europe\"},\"image\":{\"@id\":\"https:\\\/\\\/kem-europe.eu\\\/#\\\/schema\\\/logo\\\/image\\\/\"}}]}<\/script>\n<!-- \/ Yoast SEO plugin. -->","yoast_head_json":{"title":"KEM 2.0 RM-TX Diamantbohrer trocken 300\/450mm - \u00d832-300 mm - 1 1\/4'' Inch | Weiche Schlagbohrer f\u00fcr Stahlbeton - KEM Europe","robots":{"index":"index","follow":"follow","max-snippet":"max-snippet:-1","max-image-preview":"max-image-preview:large","max-video-preview":"max-video-preview:-1"},"canonical":"https:\/\/kem-europe.eu\/de\/produkt\/kem-2-0-rm-tx-diamantbohrer-trocken-300-450mm-softschlag-bewehrung\/","og_locale":"de_DE","og_type":"article","og_title":"KEM 2.0 RM-TX Diamantboor droog 300\/450mm - \u00d832-300 mm - 1 1\/4'' Inch | Soft-percussie boor voor gewapend beton - KEM Europe","og_description":"&nbsp;    De ultieme diamant droogboor combineert moeiteloze precisie &amp; onge\u00ebvenaarde prestaties voor een perfecte en effici\u00ebnte boorervaring zoals nooit tevoren!","og_url":"https:\/\/kem-europe.eu\/de\/produkt\/kem-2-0-rm-tx-diamantbohrer-trocken-300-450mm-softschlag-bewehrung\/","og_site_name":"KEM Europe","article_modified_time":"2025-11-28T14:04:16+00:00","og_image":[{"width":700,"height":700,"url":"https:\/\/kem-europe.eu\/wp-content\/uploads\/2025\/02\/Di-Star-KEM-droogboor-RM-TX-1.jpg","type":"image\/jpeg"}],"twitter_card":"summary_large_image","twitter_misc":{"Gesch\u00e4tzte Lesezeit":"3\u00a0Minuten"},"schema":{"@context":"https:\/\/schema.org","@graph":[{"@type":"WebPage","@id":"https:\/\/kem-europe.eu\/product\/kem-2-0-rm-tx-diamantboor-droog-300-450mm-o32-300-mm-1-1-4-inch-soft-percussie-boor-voor-gewapend-beton\/","url":"https:\/\/kem-europe.eu\/product\/kem-2-0-rm-tx-diamantboor-droog-300-450mm-o32-300-mm-1-1-4-inch-soft-percussie-boor-voor-gewapend-beton\/","name":"KEM 2.0 RM-TX Diamantbohrer trocken 300\/450mm - \u00d832-300 mm - 1 1\/4'' Inch | Weiche Schlagbohrer f\u00fcr Stahlbeton - KEM Europe","isPartOf":{"@id":"https:\/\/kem-europe.eu\/#website"},"primaryImageOfPage":{"@id":"https:\/\/kem-europe.eu\/product\/kem-2-0-rm-tx-diamantboor-droog-300-450mm-o32-300-mm-1-1-4-inch-soft-percussie-boor-voor-gewapend-beton\/#primaryimage"},"image":{"@id":"https:\/\/kem-europe.eu\/product\/kem-2-0-rm-tx-diamantboor-droog-300-450mm-o32-300-mm-1-1-4-inch-soft-percussie-boor-voor-gewapend-beton\/#primaryimage"},"thumbnailUrl":"https:\/\/kem-europe.eu\/wp-content\/uploads\/2025\/02\/Di-Star-KEM-droogboor-RM-TX-1.jpg","datePublished":"2025-02-27T08:23:04+00:00","dateModified":"2025-11-28T14:04:16+00:00","breadcrumb":{"@id":"https:\/\/kem-europe.eu\/product\/kem-2-0-rm-tx-diamantboor-droog-300-450mm-o32-300-mm-1-1-4-inch-soft-percussie-boor-voor-gewapend-beton\/#breadcrumb"},"inLanguage":"de","potentialAction":[{"@type":"ReadAction","target":["https:\/\/kem-europe.eu\/product\/kem-2-0-rm-tx-diamantboor-droog-300-450mm-o32-300-mm-1-1-4-inch-soft-percussie-boor-voor-gewapend-beton\/"]}]},{"@type":"ImageObject","inLanguage":"de","@id":"https:\/\/kem-europe.eu\/product\/kem-2-0-rm-tx-diamantboor-droog-300-450mm-o32-300-mm-1-1-4-inch-soft-percussie-boor-voor-gewapend-beton\/#primaryimage","url":"https:\/\/kem-europe.eu\/wp-content\/uploads\/2025\/02\/Di-Star-KEM-droogboor-RM-TX-1.jpg","contentUrl":"https:\/\/kem-europe.eu\/wp-content\/uploads\/2025\/02\/Di-Star-KEM-droogboor-RM-TX-1.jpg","width":700,"height":700},{"@type":"BreadcrumbList","@id":"https:\/\/kem-europe.eu\/product\/kem-2-0-rm-tx-diamantboor-droog-300-450mm-o32-300-mm-1-1-4-inch-soft-percussie-boor-voor-gewapend-beton\/#breadcrumb","itemListElement":[{"@type":"ListItem","position":1,"name":"Home","item":"https:\/\/kem-europe.eu\/"},{"@type":"ListItem","position":2,"name":"Winkel","item":"https:\/\/kem-europe.eu\/winkel\/"},{"@type":"ListItem","position":3,"name":"KEM 2.0 RM-TX Diamantboor droog 300\/450mm &#8211; \u00d832-300 mm &#8211; 1 1\/4&#8221; Inch | Soft-percussie boor voor gewapend beton"}]},{"@type":"WebSite","@id":"https:\/\/kem-europe.eu\/#website","url":"https:\/\/kem-europe.eu\/","name":"KEM Europe","description":"","publisher":{"@id":"https:\/\/kem-europe.eu\/#organization"},"potentialAction":[{"@type":"SearchAction","target":{"@type":"EntryPoint","urlTemplate":"https:\/\/kem-europe.eu\/?s={search_term_string}"},"query-input":{"@type":"PropertyValueSpecification","valueRequired":true,"valueName":"search_term_string"}}],"inLanguage":"de"},{"@type":"Organization","@id":"https:\/\/kem-europe.eu\/#organization","name":"KEM Europe","url":"https:\/\/kem-europe.eu\/","logo":{"@type":"ImageObject","inLanguage":"de","@id":"https:\/\/kem-europe.eu\/#\/schema\/logo\/image\/","url":"https:\/\/kem-europe.eu\/wp-content\/uploads\/2025\/02\/KEM2019-BLACK-1500W.png","contentUrl":"https:\/\/kem-europe.eu\/wp-content\/uploads\/2025\/02\/KEM2019-BLACK-1500W.png","width":1500,"height":626,"caption":"KEM Europe"},"image":{"@id":"https:\/\/kem-europe.eu\/#\/schema\/logo\/image\/"}}]}},"_links":{"self":[{"href":"https:\/\/kem-europe.eu\/de\/wp-json\/wp\/v2\/product\/1569","targetHints":{"allow":["GET"]}}],"collection":[{"href":"https:\/\/kem-europe.eu\/de\/wp-json\/wp\/v2\/product"}],"about":[{"href":"https:\/\/kem-europe.eu\/de\/wp-json\/wp\/v2\/types\/product"}],"replies":[{"embeddable":true,"href":"https:\/\/kem-europe.eu\/de\/wp-json\/wp\/v2\/comments?post=1569"}],"wp:featuredmedia":[{"embeddable":true,"href":"https:\/\/kem-europe.eu\/de\/wp-json\/wp\/v2\/media\/1710"}],"wp:attachment":[{"href":"https:\/\/kem-europe.eu\/de\/wp-json\/wp\/v2\/media?parent=1569"}],"wp:term":[{"taxonomy":"product_brand","embeddable":true,"href":"https:\/\/kem-europe.eu\/de\/wp-json\/wp\/v2\/product_brand?post=1569"},{"taxonomy":"product_cat","embeddable":true,"href":"https:\/\/kem-europe.eu\/de\/wp-json\/wp\/v2\/product_cat?post=1569"},{"taxonomy":"product_tag","embeddable":true,"href":"https:\/\/kem-europe.eu\/de\/wp-json\/wp\/v2\/product_tag?post=1569"}],"curies":[{"name":"wp","href":"https:\/\/api.w.org\/{rel}","templated":true}]}}