{"id":1696,"date":"2025-02-27T08:24:13","date_gmt":"2025-02-27T08:24:13","guid":{"rendered":"https:\/\/kem-europe.eu\/?post_type=product&#038;p=1696"},"modified":"2025-02-27T13:22:45","modified_gmt":"2025-02-27T13:22:45","slug":"distar-diamanttrennscheibe-1a1r-pro-gres-125x22-23mm","status":"publish","type":"product","link":"https:\/\/kem-europe.eu\/de\/product\/distar-diamantschijf-1a1r-pro-gres-125x2223-mm\/","title":{"rendered":"DiStar Diamond Rad 1A1R Pro Gres - 125\u00d722.23 mm"},"content":{"rendered":"<p><strong>Eigenschaften DiStar Diamond Wheel 1A1R Pro Gres - 125\u00d722.23 mm<\/strong><\/p>\n<p>Bei der Bearbeitung von Keramikfliesen oder Keramikgranit muss man oft schnell vom Schneiden zum Schleifen wechseln. Der Wechsel von einer Klinge zu einer Schleifscheibe oder umgekehrt nimmt viel Zeit in Anspruch und es ist l\u00e4stig, einen zus\u00e4tzlichen Winkelschleifer zu benutzen. Deshalb ist diese Diamantscheibe mit beiden Funktionen gleichzeitig eine hervorragende L\u00f6sung!<\/p>\n<p>Die Schleifscheibe 1A1R Pro Gres hat eine 20 mm breite Diamantschicht auf der Oberfl\u00e4che. Diese breite Schicht erm\u00f6glicht nicht nur das Durchschneiden, sondern auch das effiziente Schleifen der Fliesenkante, das Entfernen von Unregelm\u00e4\u00dfigkeiten und das Schneiden von Kurven. Die Klinge ist besonders effektiv beim Schneiden von Fliesen in einem 45-Grad-Winkel und beim Feinschleifen der Kante. Die Diamantschicht sch\u00e4rft auch die Kante nach dem Schneiden und hinterl\u00e4sst eine saubere Oberfl\u00e4che.<\/p>\n<p>Die Klinge wird mit einem Au\u00dfendurchmesser von 125 mm und einem Aufnahmesitz von 22,2 mm hergestellt und wird auf 125er Winkelschleifern ohne K\u00fchlmittel verwendet. Es funktioniert hervorragend in Kombination mit dem\u00a0<a href=\"https:\/\/kem-europe.eu\/de\/produkt\/distar-slider45-2-0-trennschutz-45grad-125mm\/\">Distar Slider 45 Aufsatz<\/a> f\u00fcr den Winkelschleifer zum Schneiden in einem 45-Grad-Winkel.<\/p>\n<p><strong>Technische Daten<\/strong><\/p>\n<ul>\n<li>Durchmesser - 125 mm<\/li>\n<li>Dicke - 1,9 mm<\/li>\n<li>K\u00fchlung - trocken<\/li>\n<li>Bohrerdurchmesser - 22,23 mm<\/li>\n<li>Ziel - Keramik, Feinsteinzeug<\/li>\n<\/ul>\n<p><strong>Umfang der Lieferung<\/strong><\/p>\n<ul>\n<li>DiStar Diamond Rad 1A1R Pro Gres - 125\u00d722.23 mm<\/li>\n<\/ul>","protected":false},"excerpt":{"rendered":"<p><img decoding=\"async\" src=\"https:\/\/bjctools.nl\/wp-content\/uploads\/2024\/02\/Pro-Gres.jpg\" \/><\/p>","protected":false},"featured_media":1803,"comment_status":"closed","ping_status":"closed","template":"","meta":[],"product_brand":[623],"product_cat":[21,22,274],"product_tag":[],"class_list":{"0":"post-1696","1":"product","2":"type-product","3":"status-publish","4":"has-post-thumbnail","6":"product_brand-distar","7":"product_cat-diamant","8":"product_cat-diamantzaagblad","9":"product_cat-diamantzaagblad-droog","11":"first","12":"instock","13":"shipping-taxable","14":"product-type-simple"},"ct_brands":[{"id":623,"name":"DISTAR","slug":"distar"}],"yoast_head":"<!-- This site is optimized with the Yoast SEO plugin v27.3 - https:\/\/yoast.com\/product\/yoast-seo-wordpress\/ -->\n<title>DiStar Diamantschijf 1A1R Pro Gres \u2013 125\u00d722,23 mm - KEM Europe<\/title>\n<meta name=\"robots\" content=\"index, follow, max-snippet:-1, max-image-preview:large, max-video-preview:-1\" \/>\n<link rel=\"canonical\" href=\"https:\/\/kem-europe.eu\/de\/produkt\/distar-diamanttrennscheibe-1a1r-pro-gres-125x22-23mm\/\" \/>\n<meta property=\"og:locale\" content=\"de_DE\" \/>\n<meta property=\"og:type\" content=\"article\" \/>\n<meta property=\"og:title\" content=\"DiStar Diamantschijf 1A1R Pro Gres \u2013 125\u00d722,23 mm - KEM Europe\" \/>\n<meta property=\"og:url\" content=\"https:\/\/kem-europe.eu\/de\/produkt\/distar-diamanttrennscheibe-1a1r-pro-gres-125x22-23mm\/\" \/>\n<meta property=\"og:site_name\" content=\"KEM Europe\" \/>\n<meta property=\"article:modified_time\" content=\"2025-02-27T13:22:45+00:00\" \/>\n<meta property=\"og:image\" content=\"https:\/\/kem-europe.eu\/wp-content\/uploads\/2025\/02\/ProGres1.jpg\" \/>\n\t<meta property=\"og:image:width\" content=\"700\" \/>\n\t<meta property=\"og:image:height\" content=\"700\" \/>\n\t<meta property=\"og:image:type\" content=\"image\/jpeg\" \/>\n<meta name=\"twitter:card\" content=\"summary_large_image\" \/>\n<meta name=\"twitter:label1\" content=\"Gesch\u00e4tzte Lesezeit\" \/>\n\t<meta name=\"twitter:data1\" content=\"2\u00a0Minuten\" \/>\n<script type=\"application\/ld+json\" class=\"yoast-schema-graph\">{\"@context\":\"https:\\\/\\\/schema.org\",\"@graph\":[{\"@type\":\"WebPage\",\"@id\":\"https:\\\/\\\/kem-europe.eu\\\/product\\\/distar-diamantschijf-1a1r-pro-gres-125x2223-mm\\\/\",\"url\":\"https:\\\/\\\/kem-europe.eu\\\/product\\\/distar-diamantschijf-1a1r-pro-gres-125x2223-mm\\\/\",\"name\":\"DiStar Diamantschijf 1A1R Pro Gres \u2013 125\u00d722,23 mm - KEM Europe\",\"isPartOf\":{\"@id\":\"https:\\\/\\\/kem-europe.eu\\\/#website\"},\"primaryImageOfPage\":{\"@id\":\"https:\\\/\\\/kem-europe.eu\\\/product\\\/distar-diamantschijf-1a1r-pro-gres-125x2223-mm\\\/#primaryimage\"},\"image\":{\"@id\":\"https:\\\/\\\/kem-europe.eu\\\/product\\\/distar-diamantschijf-1a1r-pro-gres-125x2223-mm\\\/#primaryimage\"},\"thumbnailUrl\":\"https:\\\/\\\/kem-europe.eu\\\/wp-content\\\/uploads\\\/2025\\\/02\\\/ProGres1.jpg\",\"datePublished\":\"2025-02-27T08:24:13+00:00\",\"dateModified\":\"2025-02-27T13:22:45+00:00\",\"breadcrumb\":{\"@id\":\"https:\\\/\\\/kem-europe.eu\\\/product\\\/distar-diamantschijf-1a1r-pro-gres-125x2223-mm\\\/#breadcrumb\"},\"inLanguage\":\"de\",\"potentialAction\":[{\"@type\":\"ReadAction\",\"target\":[\"https:\\\/\\\/kem-europe.eu\\\/product\\\/distar-diamantschijf-1a1r-pro-gres-125x2223-mm\\\/\"]}]},{\"@type\":\"ImageObject\",\"inLanguage\":\"de\",\"@id\":\"https:\\\/\\\/kem-europe.eu\\\/product\\\/distar-diamantschijf-1a1r-pro-gres-125x2223-mm\\\/#primaryimage\",\"url\":\"https:\\\/\\\/kem-europe.eu\\\/wp-content\\\/uploads\\\/2025\\\/02\\\/ProGres1.jpg\",\"contentUrl\":\"https:\\\/\\\/kem-europe.eu\\\/wp-content\\\/uploads\\\/2025\\\/02\\\/ProGres1.jpg\",\"width\":700,\"height\":700},{\"@type\":\"BreadcrumbList\",\"@id\":\"https:\\\/\\\/kem-europe.eu\\\/product\\\/distar-diamantschijf-1a1r-pro-gres-125x2223-mm\\\/#breadcrumb\",\"itemListElement\":[{\"@type\":\"ListItem\",\"position\":1,\"name\":\"Home\",\"item\":\"https:\\\/\\\/kem-europe.eu\\\/\"},{\"@type\":\"ListItem\",\"position\":2,\"name\":\"Winkel\",\"item\":\"https:\\\/\\\/kem-europe.eu\\\/winkel\\\/\"},{\"@type\":\"ListItem\",\"position\":3,\"name\":\"DiStar Diamantschijf 1A1R Pro Gres \u2013 125\u00d722,23 mm\"}]},{\"@type\":\"WebSite\",\"@id\":\"https:\\\/\\\/kem-europe.eu\\\/#website\",\"url\":\"https:\\\/\\\/kem-europe.eu\\\/\",\"name\":\"KEM Europe\",\"description\":\"\",\"publisher\":{\"@id\":\"https:\\\/\\\/kem-europe.eu\\\/#organization\"},\"potentialAction\":[{\"@type\":\"SearchAction\",\"target\":{\"@type\":\"EntryPoint\",\"urlTemplate\":\"https:\\\/\\\/kem-europe.eu\\\/?s={search_term_string}\"},\"query-input\":{\"@type\":\"PropertyValueSpecification\",\"valueRequired\":true,\"valueName\":\"search_term_string\"}}],\"inLanguage\":\"de\"},{\"@type\":\"Organization\",\"@id\":\"https:\\\/\\\/kem-europe.eu\\\/#organization\",\"name\":\"KEM Europe\",\"url\":\"https:\\\/\\\/kem-europe.eu\\\/\",\"logo\":{\"@type\":\"ImageObject\",\"inLanguage\":\"de\",\"@id\":\"https:\\\/\\\/kem-europe.eu\\\/#\\\/schema\\\/logo\\\/image\\\/\",\"url\":\"https:\\\/\\\/kem-europe.eu\\\/wp-content\\\/uploads\\\/2025\\\/02\\\/KEM2019-BLACK-1500W.png\",\"contentUrl\":\"https:\\\/\\\/kem-europe.eu\\\/wp-content\\\/uploads\\\/2025\\\/02\\\/KEM2019-BLACK-1500W.png\",\"width\":1500,\"height\":626,\"caption\":\"KEM Europe\"},\"image\":{\"@id\":\"https:\\\/\\\/kem-europe.eu\\\/#\\\/schema\\\/logo\\\/image\\\/\"}}]}<\/script>\n<!-- \/ Yoast SEO plugin. -->","yoast_head_json":{"title":"DiStar Diamond Rad 1A1R Pro Gres - 125\u00d722.23 mm - KEM Europe","robots":{"index":"index","follow":"follow","max-snippet":"max-snippet:-1","max-image-preview":"max-image-preview:large","max-video-preview":"max-video-preview:-1"},"canonical":"https:\/\/kem-europe.eu\/de\/produkt\/distar-diamanttrennscheibe-1a1r-pro-gres-125x22-23mm\/","og_locale":"de_DE","og_type":"article","og_title":"DiStar Diamantschijf 1A1R Pro Gres \u2013 125\u00d722,23 mm - KEM Europe","og_url":"https:\/\/kem-europe.eu\/de\/produkt\/distar-diamanttrennscheibe-1a1r-pro-gres-125x22-23mm\/","og_site_name":"KEM Europe","article_modified_time":"2025-02-27T13:22:45+00:00","og_image":[{"width":700,"height":700,"url":"https:\/\/kem-europe.eu\/wp-content\/uploads\/2025\/02\/ProGres1.jpg","type":"image\/jpeg"}],"twitter_card":"summary_large_image","twitter_misc":{"Gesch\u00e4tzte Lesezeit":"2\u00a0Minuten"},"schema":{"@context":"https:\/\/schema.org","@graph":[{"@type":"WebPage","@id":"https:\/\/kem-europe.eu\/product\/distar-diamantschijf-1a1r-pro-gres-125x2223-mm\/","url":"https:\/\/kem-europe.eu\/product\/distar-diamantschijf-1a1r-pro-gres-125x2223-mm\/","name":"DiStar Diamond Rad 1A1R Pro Gres - 125\u00d722.23 mm - KEM Europe","isPartOf":{"@id":"https:\/\/kem-europe.eu\/#website"},"primaryImageOfPage":{"@id":"https:\/\/kem-europe.eu\/product\/distar-diamantschijf-1a1r-pro-gres-125x2223-mm\/#primaryimage"},"image":{"@id":"https:\/\/kem-europe.eu\/product\/distar-diamantschijf-1a1r-pro-gres-125x2223-mm\/#primaryimage"},"thumbnailUrl":"https:\/\/kem-europe.eu\/wp-content\/uploads\/2025\/02\/ProGres1.jpg","datePublished":"2025-02-27T08:24:13+00:00","dateModified":"2025-02-27T13:22:45+00:00","breadcrumb":{"@id":"https:\/\/kem-europe.eu\/product\/distar-diamantschijf-1a1r-pro-gres-125x2223-mm\/#breadcrumb"},"inLanguage":"de","potentialAction":[{"@type":"ReadAction","target":["https:\/\/kem-europe.eu\/product\/distar-diamantschijf-1a1r-pro-gres-125x2223-mm\/"]}]},{"@type":"ImageObject","inLanguage":"de","@id":"https:\/\/kem-europe.eu\/product\/distar-diamantschijf-1a1r-pro-gres-125x2223-mm\/#primaryimage","url":"https:\/\/kem-europe.eu\/wp-content\/uploads\/2025\/02\/ProGres1.jpg","contentUrl":"https:\/\/kem-europe.eu\/wp-content\/uploads\/2025\/02\/ProGres1.jpg","width":700,"height":700},{"@type":"BreadcrumbList","@id":"https:\/\/kem-europe.eu\/product\/distar-diamantschijf-1a1r-pro-gres-125x2223-mm\/#breadcrumb","itemListElement":[{"@type":"ListItem","position":1,"name":"Home","item":"https:\/\/kem-europe.eu\/"},{"@type":"ListItem","position":2,"name":"Winkel","item":"https:\/\/kem-europe.eu\/winkel\/"},{"@type":"ListItem","position":3,"name":"DiStar Diamantschijf 1A1R Pro Gres \u2013 125\u00d722,23 mm"}]},{"@type":"WebSite","@id":"https:\/\/kem-europe.eu\/#website","url":"https:\/\/kem-europe.eu\/","name":"KEM Europe","description":"","publisher":{"@id":"https:\/\/kem-europe.eu\/#organization"},"potentialAction":[{"@type":"SearchAction","target":{"@type":"EntryPoint","urlTemplate":"https:\/\/kem-europe.eu\/?s={search_term_string}"},"query-input":{"@type":"PropertyValueSpecification","valueRequired":true,"valueName":"search_term_string"}}],"inLanguage":"de"},{"@type":"Organization","@id":"https:\/\/kem-europe.eu\/#organization","name":"KEM Europe","url":"https:\/\/kem-europe.eu\/","logo":{"@type":"ImageObject","inLanguage":"de","@id":"https:\/\/kem-europe.eu\/#\/schema\/logo\/image\/","url":"https:\/\/kem-europe.eu\/wp-content\/uploads\/2025\/02\/KEM2019-BLACK-1500W.png","contentUrl":"https:\/\/kem-europe.eu\/wp-content\/uploads\/2025\/02\/KEM2019-BLACK-1500W.png","width":1500,"height":626,"caption":"KEM Europe"},"image":{"@id":"https:\/\/kem-europe.eu\/#\/schema\/logo\/image\/"}}]}},"_links":{"self":[{"href":"https:\/\/kem-europe.eu\/de\/wp-json\/wp\/v2\/product\/1696","targetHints":{"allow":["GET"]}}],"collection":[{"href":"https:\/\/kem-europe.eu\/de\/wp-json\/wp\/v2\/product"}],"about":[{"href":"https:\/\/kem-europe.eu\/de\/wp-json\/wp\/v2\/types\/product"}],"replies":[{"embeddable":true,"href":"https:\/\/kem-europe.eu\/de\/wp-json\/wp\/v2\/comments?post=1696"}],"wp:featuredmedia":[{"embeddable":true,"href":"https:\/\/kem-europe.eu\/de\/wp-json\/wp\/v2\/media\/1803"}],"wp:attachment":[{"href":"https:\/\/kem-europe.eu\/de\/wp-json\/wp\/v2\/media?parent=1696"}],"wp:term":[{"taxonomy":"product_brand","embeddable":true,"href":"https:\/\/kem-europe.eu\/de\/wp-json\/wp\/v2\/product_brand?post=1696"},{"taxonomy":"product_cat","embeddable":true,"href":"https:\/\/kem-europe.eu\/de\/wp-json\/wp\/v2\/product_cat?post=1696"},{"taxonomy":"product_tag","embeddable":true,"href":"https:\/\/kem-europe.eu\/de\/wp-json\/wp\/v2\/product_tag?post=1696"}],"curies":[{"name":"wp","href":"https:\/\/api.w.org\/{rel}","templated":true}]}}