{"id":1700,"date":"2025-02-27T08:24:13","date_gmt":"2025-02-27T08:24:13","guid":{"rendered":"https:\/\/kem-europe.eu\/?post_type=product&#038;p=1700"},"modified":"2025-02-27T13:22:10","modified_gmt":"2025-02-27T13:22:10","slug":"distar-diamanttrennscheibe-turbo-super-max-230x22-23mm","status":"publish","type":"product","link":"https:\/\/kem-europe.eu\/de\/product\/distar-diamantschijf-turbo-super-max-230x2223-mm\/","title":{"rendered":"DiStar Diamantscheibe Turbo Super Max - 230\u00d722,23 mm"},"content":{"rendered":"<p><strong>Eigenschaften DiStar Diamond Wheel Turbo Super Max<\/strong><\/p>\n<p>\u2705\u00a0<strong>Vielseitigkeit<\/strong>\u00a0- Die DiStar Diamantschleifscheibe Turbo Super Max ist ein vielseitiges Werkzeug, das perfekt mit Beton arbeitet, einschlie\u00dflich Normalbeton und schwerem Stahlbeton.<\/p>\n<p>\u2705\u00a0<strong>Hohe Schnittgeschwindigkeit<\/strong>\u00a0- Diese Diamantscheibe bietet eine hohe Arbeitsgeschwindigkeit und einen weichen Schnitt beim Schneiden von Stahlbeton.<\/p>\n<p>\u2705\u00a0<strong>Ausgezeichnete Haltbarkeit\u00a0<\/strong>- Bei Tests auf Beton erreichte er eine Geschwindigkeit von bis zu 0,62 Metern pro Minute bei einer Lebensdauer von 125 laufenden Metern, w\u00e4hrend er 12 mm dicke Bewehrungsst\u00e4be mit einer Geschwindigkeit von sechs St\u00e4ben pro 1 lm durchtrennte.<\/p>\n<p>\u2705\u00a0<strong>Hochwertige Technik<\/strong>\u00a0- Die innovative Form des Diamantsegments sorgt f\u00fcr einen maximalen Effekt beim Schneiden mit der Turbo Super Max. Die Diamantschicht hat eine H\u00f6he von 15 mm.<\/p>\n<p>\u2705\u00a0<strong>Kompatibel<\/strong>\u00a0- Da er mit einem handels\u00fcblichen Winkelschleifer mit einer Leistung von 2,5 kW und einer Drehzahl von bis zu 65000 U\/min kompatibel ist, bietet er Flexibilit\u00e4t und Benutzerfreundlichkeit.<\/p>\n<p>\u2705\u00a0<strong>Schnellstes S\u00e4geblatt\u00a0<\/strong>- Die Turbo Super Max ist als das schnellste S\u00e4geblatt f\u00fcr Beton und Stahlbeton positioniert und damit eine wertvolle Erg\u00e4nzung f\u00fcr Ihren Werkzeugkasten.<\/p>\n<p>\u2705\u00a0<strong>Wartung und Reinigung<\/strong>\u00a0- Stellen Sie sicher, dass der Auflageflansch und die Spannmutter sauber und funktionsf\u00e4hig sind. Staub und andere Partikel k\u00f6nnen einen erheblichen Rundlauf verursachen, der die Produktivit\u00e4t des S\u00e4gekomforts und die Nutzbarkeit der Ausr\u00fcstung beeintr\u00e4chtigt.<\/p>\n<p><strong>Technische Daten<\/strong><\/p>\n<ul>\n<li>Durchmesser - 230 mm<\/li>\n<li>Dicke - 2,6 mm<\/li>\n<li>K\u00fchlung - trocken<\/li>\n<li>Einlass - 22,23 mm<\/li>\n<li>Ziel - Stahlbeton \/ Schwerer Stahlbeton \/ Klinker \/ Dachschindeln<\/li>\n<\/ul>\n<p><strong>Umfang der Lieferung<\/strong><\/p>\n<ul>\n<li>DiStar Diamantscheibe Turbo Super Max<\/li>\n<\/ul>","protected":false},"excerpt":{"rendered":"<p><img decoding=\"async\" src=\"https:\/\/bjctools.nl\/wp-content\/uploads\/2024\/02\/TURBO.jpg\" \/><\/p>","protected":false},"featured_media":1823,"comment_status":"closed","ping_status":"closed","template":"","meta":[],"product_brand":[623],"product_cat":[21,22,274],"product_tag":[],"class_list":{"0":"post-1700","1":"product","2":"type-product","3":"status-publish","4":"has-post-thumbnail","6":"product_brand-distar","7":"product_cat-diamant","8":"product_cat-diamantzaagblad","9":"product_cat-diamantzaagblad-droog","11":"first","12":"instock","13":"shipping-taxable","14":"product-type-simple"},"ct_brands":[{"id":623,"name":"DISTAR","slug":"distar"}],"yoast_head":"<!-- This site is optimized with the Yoast SEO plugin v27.3 - https:\/\/yoast.com\/product\/yoast-seo-wordpress\/ -->\n<title>DiStar Diamantschijf Turbo Super Max \u2013 230\u00d722,23 mm - KEM Europe<\/title>\n<meta name=\"robots\" content=\"index, follow, max-snippet:-1, max-image-preview:large, max-video-preview:-1\" \/>\n<link rel=\"canonical\" href=\"https:\/\/kem-europe.eu\/de\/produkt\/distar-diamanttrennscheibe-turbo-super-max-230x22-23mm\/\" \/>\n<meta property=\"og:locale\" content=\"de_DE\" \/>\n<meta property=\"og:type\" content=\"article\" \/>\n<meta property=\"og:title\" content=\"DiStar Diamantschijf Turbo Super Max \u2013 230\u00d722,23 mm - KEM Europe\" \/>\n<meta property=\"og:url\" content=\"https:\/\/kem-europe.eu\/de\/produkt\/distar-diamanttrennscheibe-turbo-super-max-230x22-23mm\/\" \/>\n<meta property=\"og:site_name\" content=\"KEM Europe\" \/>\n<meta property=\"article:modified_time\" content=\"2025-02-27T13:22:10+00:00\" \/>\n<meta property=\"og:image\" content=\"https:\/\/kem-europe.eu\/wp-content\/uploads\/2025\/02\/f8ds1f3pc_99bf3311.jpg\" \/>\n\t<meta property=\"og:image:width\" content=\"700\" \/>\n\t<meta property=\"og:image:height\" content=\"700\" \/>\n\t<meta property=\"og:image:type\" content=\"image\/jpeg\" \/>\n<meta name=\"twitter:card\" content=\"summary_large_image\" \/>\n<meta name=\"twitter:label1\" content=\"Gesch\u00e4tzte Lesezeit\" \/>\n\t<meta name=\"twitter:data1\" content=\"2\u00a0Minuten\" \/>\n<script type=\"application\/ld+json\" class=\"yoast-schema-graph\">{\"@context\":\"https:\\\/\\\/schema.org\",\"@graph\":[{\"@type\":\"WebPage\",\"@id\":\"https:\\\/\\\/kem-europe.eu\\\/product\\\/distar-diamantschijf-turbo-super-max-230x2223-mm\\\/\",\"url\":\"https:\\\/\\\/kem-europe.eu\\\/product\\\/distar-diamantschijf-turbo-super-max-230x2223-mm\\\/\",\"name\":\"DiStar Diamantschijf Turbo Super Max \u2013 230\u00d722,23 mm - KEM Europe\",\"isPartOf\":{\"@id\":\"https:\\\/\\\/kem-europe.eu\\\/#website\"},\"primaryImageOfPage\":{\"@id\":\"https:\\\/\\\/kem-europe.eu\\\/product\\\/distar-diamantschijf-turbo-super-max-230x2223-mm\\\/#primaryimage\"},\"image\":{\"@id\":\"https:\\\/\\\/kem-europe.eu\\\/product\\\/distar-diamantschijf-turbo-super-max-230x2223-mm\\\/#primaryimage\"},\"thumbnailUrl\":\"https:\\\/\\\/kem-europe.eu\\\/wp-content\\\/uploads\\\/2025\\\/02\\\/f8ds1f3pc_99bf3311.jpg\",\"datePublished\":\"2025-02-27T08:24:13+00:00\",\"dateModified\":\"2025-02-27T13:22:10+00:00\",\"breadcrumb\":{\"@id\":\"https:\\\/\\\/kem-europe.eu\\\/product\\\/distar-diamantschijf-turbo-super-max-230x2223-mm\\\/#breadcrumb\"},\"inLanguage\":\"de\",\"potentialAction\":[{\"@type\":\"ReadAction\",\"target\":[\"https:\\\/\\\/kem-europe.eu\\\/product\\\/distar-diamantschijf-turbo-super-max-230x2223-mm\\\/\"]}]},{\"@type\":\"ImageObject\",\"inLanguage\":\"de\",\"@id\":\"https:\\\/\\\/kem-europe.eu\\\/product\\\/distar-diamantschijf-turbo-super-max-230x2223-mm\\\/#primaryimage\",\"url\":\"https:\\\/\\\/kem-europe.eu\\\/wp-content\\\/uploads\\\/2025\\\/02\\\/f8ds1f3pc_99bf3311.jpg\",\"contentUrl\":\"https:\\\/\\\/kem-europe.eu\\\/wp-content\\\/uploads\\\/2025\\\/02\\\/f8ds1f3pc_99bf3311.jpg\",\"width\":700,\"height\":700},{\"@type\":\"BreadcrumbList\",\"@id\":\"https:\\\/\\\/kem-europe.eu\\\/product\\\/distar-diamantschijf-turbo-super-max-230x2223-mm\\\/#breadcrumb\",\"itemListElement\":[{\"@type\":\"ListItem\",\"position\":1,\"name\":\"Home\",\"item\":\"https:\\\/\\\/kem-europe.eu\\\/\"},{\"@type\":\"ListItem\",\"position\":2,\"name\":\"Winkel\",\"item\":\"https:\\\/\\\/kem-europe.eu\\\/winkel\\\/\"},{\"@type\":\"ListItem\",\"position\":3,\"name\":\"DiStar Diamantschijf Turbo Super Max \u2013 230\u00d722,23 mm\"}]},{\"@type\":\"WebSite\",\"@id\":\"https:\\\/\\\/kem-europe.eu\\\/#website\",\"url\":\"https:\\\/\\\/kem-europe.eu\\\/\",\"name\":\"KEM Europe\",\"description\":\"\",\"publisher\":{\"@id\":\"https:\\\/\\\/kem-europe.eu\\\/#organization\"},\"potentialAction\":[{\"@type\":\"SearchAction\",\"target\":{\"@type\":\"EntryPoint\",\"urlTemplate\":\"https:\\\/\\\/kem-europe.eu\\\/?s={search_term_string}\"},\"query-input\":{\"@type\":\"PropertyValueSpecification\",\"valueRequired\":true,\"valueName\":\"search_term_string\"}}],\"inLanguage\":\"de\"},{\"@type\":\"Organization\",\"@id\":\"https:\\\/\\\/kem-europe.eu\\\/#organization\",\"name\":\"KEM Europe\",\"url\":\"https:\\\/\\\/kem-europe.eu\\\/\",\"logo\":{\"@type\":\"ImageObject\",\"inLanguage\":\"de\",\"@id\":\"https:\\\/\\\/kem-europe.eu\\\/#\\\/schema\\\/logo\\\/image\\\/\",\"url\":\"https:\\\/\\\/kem-europe.eu\\\/wp-content\\\/uploads\\\/2025\\\/02\\\/KEM2019-BLACK-1500W.png\",\"contentUrl\":\"https:\\\/\\\/kem-europe.eu\\\/wp-content\\\/uploads\\\/2025\\\/02\\\/KEM2019-BLACK-1500W.png\",\"width\":1500,\"height\":626,\"caption\":\"KEM Europe\"},\"image\":{\"@id\":\"https:\\\/\\\/kem-europe.eu\\\/#\\\/schema\\\/logo\\\/image\\\/\"}}]}<\/script>\n<!-- \/ Yoast SEO plugin. -->","yoast_head_json":{"title":"DiStar Diamantscheibe Turbo Super Max - 230\u00d722,23 mm - KEM Europe","robots":{"index":"index","follow":"follow","max-snippet":"max-snippet:-1","max-image-preview":"max-image-preview:large","max-video-preview":"max-video-preview:-1"},"canonical":"https:\/\/kem-europe.eu\/de\/produkt\/distar-diamanttrennscheibe-turbo-super-max-230x22-23mm\/","og_locale":"de_DE","og_type":"article","og_title":"DiStar Diamantschijf Turbo Super Max \u2013 230\u00d722,23 mm - KEM Europe","og_url":"https:\/\/kem-europe.eu\/de\/produkt\/distar-diamanttrennscheibe-turbo-super-max-230x22-23mm\/","og_site_name":"KEM Europe","article_modified_time":"2025-02-27T13:22:10+00:00","og_image":[{"width":700,"height":700,"url":"https:\/\/kem-europe.eu\/wp-content\/uploads\/2025\/02\/f8ds1f3pc_99bf3311.jpg","type":"image\/jpeg"}],"twitter_card":"summary_large_image","twitter_misc":{"Gesch\u00e4tzte Lesezeit":"2\u00a0Minuten"},"schema":{"@context":"https:\/\/schema.org","@graph":[{"@type":"WebPage","@id":"https:\/\/kem-europe.eu\/product\/distar-diamantschijf-turbo-super-max-230x2223-mm\/","url":"https:\/\/kem-europe.eu\/product\/distar-diamantschijf-turbo-super-max-230x2223-mm\/","name":"DiStar Diamantscheibe Turbo Super Max - 230\u00d722,23 mm - KEM Europe","isPartOf":{"@id":"https:\/\/kem-europe.eu\/#website"},"primaryImageOfPage":{"@id":"https:\/\/kem-europe.eu\/product\/distar-diamantschijf-turbo-super-max-230x2223-mm\/#primaryimage"},"image":{"@id":"https:\/\/kem-europe.eu\/product\/distar-diamantschijf-turbo-super-max-230x2223-mm\/#primaryimage"},"thumbnailUrl":"https:\/\/kem-europe.eu\/wp-content\/uploads\/2025\/02\/f8ds1f3pc_99bf3311.jpg","datePublished":"2025-02-27T08:24:13+00:00","dateModified":"2025-02-27T13:22:10+00:00","breadcrumb":{"@id":"https:\/\/kem-europe.eu\/product\/distar-diamantschijf-turbo-super-max-230x2223-mm\/#breadcrumb"},"inLanguage":"de","potentialAction":[{"@type":"ReadAction","target":["https:\/\/kem-europe.eu\/product\/distar-diamantschijf-turbo-super-max-230x2223-mm\/"]}]},{"@type":"ImageObject","inLanguage":"de","@id":"https:\/\/kem-europe.eu\/product\/distar-diamantschijf-turbo-super-max-230x2223-mm\/#primaryimage","url":"https:\/\/kem-europe.eu\/wp-content\/uploads\/2025\/02\/f8ds1f3pc_99bf3311.jpg","contentUrl":"https:\/\/kem-europe.eu\/wp-content\/uploads\/2025\/02\/f8ds1f3pc_99bf3311.jpg","width":700,"height":700},{"@type":"BreadcrumbList","@id":"https:\/\/kem-europe.eu\/product\/distar-diamantschijf-turbo-super-max-230x2223-mm\/#breadcrumb","itemListElement":[{"@type":"ListItem","position":1,"name":"Home","item":"https:\/\/kem-europe.eu\/"},{"@type":"ListItem","position":2,"name":"Winkel","item":"https:\/\/kem-europe.eu\/winkel\/"},{"@type":"ListItem","position":3,"name":"DiStar Diamantschijf Turbo Super Max \u2013 230\u00d722,23 mm"}]},{"@type":"WebSite","@id":"https:\/\/kem-europe.eu\/#website","url":"https:\/\/kem-europe.eu\/","name":"KEM Europe","description":"","publisher":{"@id":"https:\/\/kem-europe.eu\/#organization"},"potentialAction":[{"@type":"SearchAction","target":{"@type":"EntryPoint","urlTemplate":"https:\/\/kem-europe.eu\/?s={search_term_string}"},"query-input":{"@type":"PropertyValueSpecification","valueRequired":true,"valueName":"search_term_string"}}],"inLanguage":"de"},{"@type":"Organization","@id":"https:\/\/kem-europe.eu\/#organization","name":"KEM Europe","url":"https:\/\/kem-europe.eu\/","logo":{"@type":"ImageObject","inLanguage":"de","@id":"https:\/\/kem-europe.eu\/#\/schema\/logo\/image\/","url":"https:\/\/kem-europe.eu\/wp-content\/uploads\/2025\/02\/KEM2019-BLACK-1500W.png","contentUrl":"https:\/\/kem-europe.eu\/wp-content\/uploads\/2025\/02\/KEM2019-BLACK-1500W.png","width":1500,"height":626,"caption":"KEM Europe"},"image":{"@id":"https:\/\/kem-europe.eu\/#\/schema\/logo\/image\/"}}]}},"_links":{"self":[{"href":"https:\/\/kem-europe.eu\/de\/wp-json\/wp\/v2\/product\/1700","targetHints":{"allow":["GET"]}}],"collection":[{"href":"https:\/\/kem-europe.eu\/de\/wp-json\/wp\/v2\/product"}],"about":[{"href":"https:\/\/kem-europe.eu\/de\/wp-json\/wp\/v2\/types\/product"}],"replies":[{"embeddable":true,"href":"https:\/\/kem-europe.eu\/de\/wp-json\/wp\/v2\/comments?post=1700"}],"wp:featuredmedia":[{"embeddable":true,"href":"https:\/\/kem-europe.eu\/de\/wp-json\/wp\/v2\/media\/1823"}],"wp:attachment":[{"href":"https:\/\/kem-europe.eu\/de\/wp-json\/wp\/v2\/media?parent=1700"}],"wp:term":[{"taxonomy":"product_brand","embeddable":true,"href":"https:\/\/kem-europe.eu\/de\/wp-json\/wp\/v2\/product_brand?post=1700"},{"taxonomy":"product_cat","embeddable":true,"href":"https:\/\/kem-europe.eu\/de\/wp-json\/wp\/v2\/product_cat?post=1700"},{"taxonomy":"product_tag","embeddable":true,"href":"https:\/\/kem-europe.eu\/de\/wp-json\/wp\/v2\/product_tag?post=1700"}],"curies":[{"name":"wp","href":"https:\/\/api.w.org\/{rel}","templated":true}]}}