{"id":1706,"date":"2025-02-27T08:24:14","date_gmt":"2025-02-27T08:24:14","guid":{"rendered":"https:\/\/kem-europe.eu\/?post_type=product&#038;p=1706"},"modified":"2025-02-27T13:22:01","modified_gmt":"2025-02-27T13:22:01","slug":"distar-dgs-w-rotex-diamanttopfscheibe-125x22-2mm","status":"publish","type":"product","link":"https:\/\/kem-europe.eu\/de\/product\/distar-dgs-w-rotex-diamant-komschijf-125x222-mm\/","title":{"rendered":"DiStar DGS-W Rotex Diamant-Sch\u00fcsselscheibe - 125\u00d722,2 mm"},"content":{"rendered":"<p><strong>Eigenschaften DiStar DGS-W Rotex-Diamantsch\u00fcsselscheibe<\/strong><\/p>\n<p>\u2705\u00a0<strong>Ideale L\u00f6sung<\/strong>\u00a0- Die Diamantschleifscheibe DGS-W Rotex ist eine ideale L\u00f6sung f\u00fcr das Schleifen von Stein- und Betonfl\u00e4chen, insbesondere f\u00fcr W\u00e4nde und B\u00f6den.<\/p>\n<p>\u2705\u00a0<strong>Effizienter Materialabtrag<\/strong>\u00a0- Dank des einzigartigen L-f\u00f6rmigen Designs der Diamantsegmente bietet die DGS-W Rotex-Topfscheibe eine \u00fcberragende Effizienz beim Entfernen von Schlamm aus dem Arbeitsbereich.<\/p>\n<p>\u2705\u00a0<strong>Hohe Arbeitsgeschwindigkeit<\/strong>\u00a0- Tests haben gezeigt, dass die Sch\u00fcsselscheibe eine hohe Geschwindigkeit erreicht - bis zu 6,5 laufende Meter pro Minute. Das bedeutet, dass Sie schneller arbeiten k\u00f6nnen, ohne Abstriche bei der Pr\u00e4zision oder Qualit\u00e4t zu machen.<\/p>\n<p>\u2705\u00a0<strong>Lange Lebensdauer<\/strong>\u00a0- Mit einer Lebensdauer von 650 Laufmetern pro Minute bei einer Bearbeitungstiefe von 1 Millimeter ist die Sch\u00fcsselscheibe auf Langlebigkeit ausgelegt. Das bedeutet weniger h\u00e4ufiges Auswechseln und weniger Ausfallzeiten.<\/p>\n<p>\u2705\u00a0<strong>Vielseitige Anwendungsm\u00f6glichkeiten<\/strong>\u00a0- Ob Sie trocken oder nass schleifen wollen, diese Sch\u00fcsselscheibe ist daf\u00fcr bereit. Au\u00dferdem ist die Scheibe mit jedem Winkelschleifer mit einer Drehzahl von bis zu 11500 U\/min kompatibel.<\/p>\n<p>\u2705\u00a0<strong>Extra Komfort und Sicherheit<\/strong>\u00a0- Wir wissen, dass Komfort und Effizienz bei Ihrer Arbeit miteinander verbunden sind. Deshalb testet Distar jede Sch\u00fcsselscheibe auf Unwucht, um sicherzustellen, dass Ihre Schleifarbeit so komfortabel wie m\u00f6glich ist.<\/p>\n<p>\u2705\u00a0<strong>Geeignet f\u00fcr leistungsstarke Werkzeuge<\/strong>\u00a0- Bei intensiven Schleifarbeiten ist ein Winkelschleifer mit einer Leistung von mindestens 1,5 kW erforderlich - und unsere DiStar Rotex DGS-W Sch\u00fcsselscheibe bew\u00e4ltigt solche Leistungen mit Leichtigkeit.<\/p>\n<p><strong>Technische Daten<\/strong><\/p>\n<ul>\n<li>Durchmesser - 125 mm<\/li>\n<li>Einlass - 22,23 mm<\/li>\n<li>Ziel - Ziegel, Beton B20 (M250)<\/li>\n<li>Schleiftiefe - 1,0 mm<\/li>\n<li>K\u00fchlung - trocken und nass<\/li>\n<\/ul>\n<p><strong>Umfang der Lieferung<\/strong><\/p>\n<ul>\n<li>DiStar DGS-W Rotex Diamant-Sch\u00fcsselscheibe<\/li>\n<\/ul>","protected":false},"excerpt":{"rendered":"<p><img decoding=\"async\" src=\"https:\/\/bjctools.nl\/wp-content\/uploads\/2024\/01\/ROTEX.jpg\" \/><\/p>","protected":false},"featured_media":1843,"comment_status":"closed","ping_status":"closed","template":"","meta":[],"product_brand":[623],"product_cat":[21,275,276,277],"product_tag":[],"class_list":{"0":"post-1706","1":"product","2":"type-product","3":"status-publish","4":"has-post-thumbnail","6":"product_brand-distar","7":"product_cat-diamant","8":"product_cat-diamant-komschijf","9":"product_cat-diamant-komschijf-droog","10":"product_cat-diamant-komschijf-nat","12":"first","13":"instock","14":"shipping-taxable","15":"product-type-simple"},"ct_brands":[{"id":623,"name":"DISTAR","slug":"distar"}],"yoast_head":"<!-- This site is optimized with the Yoast SEO plugin v27.3 - https:\/\/yoast.com\/product\/yoast-seo-wordpress\/ -->\n<title>DiStar DGS-W Rotex Diamant Komschijf \u2013 125\u00d722,2 mm - KEM Europe<\/title>\n<meta name=\"robots\" content=\"index, follow, max-snippet:-1, max-image-preview:large, max-video-preview:-1\" \/>\n<link rel=\"canonical\" href=\"https:\/\/kem-europe.eu\/de\/produkt\/distar-dgs-w-rotex-diamanttopfscheibe-125x22-2mm\/\" \/>\n<meta property=\"og:locale\" content=\"de_DE\" \/>\n<meta property=\"og:type\" content=\"article\" \/>\n<meta property=\"og:title\" content=\"DiStar DGS-W Rotex Diamant Komschijf \u2013 125\u00d722,2 mm - KEM Europe\" \/>\n<meta property=\"og:url\" content=\"https:\/\/kem-europe.eu\/de\/produkt\/distar-dgs-w-rotex-diamanttopfscheibe-125x22-2mm\/\" \/>\n<meta property=\"og:site_name\" content=\"KEM Europe\" \/>\n<meta property=\"article:modified_time\" content=\"2025-02-27T13:22:01+00:00\" \/>\n<meta property=\"og:image\" content=\"https:\/\/kem-europe.eu\/wp-content\/uploads\/2025\/02\/DiStar-DGS-W-Rotex-Diamant-Komschijf-\u2013-125\u00d7222-mm.jpg\" \/>\n\t<meta property=\"og:image:width\" content=\"700\" \/>\n\t<meta property=\"og:image:height\" content=\"700\" \/>\n\t<meta property=\"og:image:type\" content=\"image\/jpeg\" \/>\n<meta name=\"twitter:card\" content=\"summary_large_image\" \/>\n<meta name=\"twitter:label1\" content=\"Gesch\u00e4tzte Lesezeit\" \/>\n\t<meta name=\"twitter:data1\" content=\"2\u00a0Minuten\" \/>\n<script type=\"application\/ld+json\" class=\"yoast-schema-graph\">{\"@context\":\"https:\\\/\\\/schema.org\",\"@graph\":[{\"@type\":\"WebPage\",\"@id\":\"https:\\\/\\\/kem-europe.eu\\\/product\\\/distar-dgs-w-rotex-diamant-komschijf-125x222-mm\\\/\",\"url\":\"https:\\\/\\\/kem-europe.eu\\\/product\\\/distar-dgs-w-rotex-diamant-komschijf-125x222-mm\\\/\",\"name\":\"DiStar DGS-W Rotex Diamant Komschijf \u2013 125\u00d722,2 mm - KEM Europe\",\"isPartOf\":{\"@id\":\"https:\\\/\\\/kem-europe.eu\\\/#website\"},\"primaryImageOfPage\":{\"@id\":\"https:\\\/\\\/kem-europe.eu\\\/product\\\/distar-dgs-w-rotex-diamant-komschijf-125x222-mm\\\/#primaryimage\"},\"image\":{\"@id\":\"https:\\\/\\\/kem-europe.eu\\\/product\\\/distar-dgs-w-rotex-diamant-komschijf-125x222-mm\\\/#primaryimage\"},\"thumbnailUrl\":\"https:\\\/\\\/kem-europe.eu\\\/wp-content\\\/uploads\\\/2025\\\/02\\\/DiStar-DGS-W-Rotex-Diamant-Komschijf-\u2013-125\u00d7222-mm.jpg\",\"datePublished\":\"2025-02-27T08:24:14+00:00\",\"dateModified\":\"2025-02-27T13:22:01+00:00\",\"breadcrumb\":{\"@id\":\"https:\\\/\\\/kem-europe.eu\\\/product\\\/distar-dgs-w-rotex-diamant-komschijf-125x222-mm\\\/#breadcrumb\"},\"inLanguage\":\"de\",\"potentialAction\":[{\"@type\":\"ReadAction\",\"target\":[\"https:\\\/\\\/kem-europe.eu\\\/product\\\/distar-dgs-w-rotex-diamant-komschijf-125x222-mm\\\/\"]}]},{\"@type\":\"ImageObject\",\"inLanguage\":\"de\",\"@id\":\"https:\\\/\\\/kem-europe.eu\\\/product\\\/distar-dgs-w-rotex-diamant-komschijf-125x222-mm\\\/#primaryimage\",\"url\":\"https:\\\/\\\/kem-europe.eu\\\/wp-content\\\/uploads\\\/2025\\\/02\\\/DiStar-DGS-W-Rotex-Diamant-Komschijf-\u2013-125\u00d7222-mm.jpg\",\"contentUrl\":\"https:\\\/\\\/kem-europe.eu\\\/wp-content\\\/uploads\\\/2025\\\/02\\\/DiStar-DGS-W-Rotex-Diamant-Komschijf-\u2013-125\u00d7222-mm.jpg\",\"width\":700,\"height\":700},{\"@type\":\"BreadcrumbList\",\"@id\":\"https:\\\/\\\/kem-europe.eu\\\/product\\\/distar-dgs-w-rotex-diamant-komschijf-125x222-mm\\\/#breadcrumb\",\"itemListElement\":[{\"@type\":\"ListItem\",\"position\":1,\"name\":\"Home\",\"item\":\"https:\\\/\\\/kem-europe.eu\\\/\"},{\"@type\":\"ListItem\",\"position\":2,\"name\":\"Winkel\",\"item\":\"https:\\\/\\\/kem-europe.eu\\\/winkel\\\/\"},{\"@type\":\"ListItem\",\"position\":3,\"name\":\"DiStar DGS-W Rotex Diamant Komschijf \u2013 125\u00d722,2 mm\"}]},{\"@type\":\"WebSite\",\"@id\":\"https:\\\/\\\/kem-europe.eu\\\/#website\",\"url\":\"https:\\\/\\\/kem-europe.eu\\\/\",\"name\":\"KEM Europe\",\"description\":\"\",\"publisher\":{\"@id\":\"https:\\\/\\\/kem-europe.eu\\\/#organization\"},\"potentialAction\":[{\"@type\":\"SearchAction\",\"target\":{\"@type\":\"EntryPoint\",\"urlTemplate\":\"https:\\\/\\\/kem-europe.eu\\\/?s={search_term_string}\"},\"query-input\":{\"@type\":\"PropertyValueSpecification\",\"valueRequired\":true,\"valueName\":\"search_term_string\"}}],\"inLanguage\":\"de\"},{\"@type\":\"Organization\",\"@id\":\"https:\\\/\\\/kem-europe.eu\\\/#organization\",\"name\":\"KEM Europe\",\"url\":\"https:\\\/\\\/kem-europe.eu\\\/\",\"logo\":{\"@type\":\"ImageObject\",\"inLanguage\":\"de\",\"@id\":\"https:\\\/\\\/kem-europe.eu\\\/#\\\/schema\\\/logo\\\/image\\\/\",\"url\":\"https:\\\/\\\/kem-europe.eu\\\/wp-content\\\/uploads\\\/2025\\\/02\\\/KEM2019-BLACK-1500W.png\",\"contentUrl\":\"https:\\\/\\\/kem-europe.eu\\\/wp-content\\\/uploads\\\/2025\\\/02\\\/KEM2019-BLACK-1500W.png\",\"width\":1500,\"height\":626,\"caption\":\"KEM Europe\"},\"image\":{\"@id\":\"https:\\\/\\\/kem-europe.eu\\\/#\\\/schema\\\/logo\\\/image\\\/\"}}]}<\/script>\n<!-- \/ Yoast SEO plugin. -->","yoast_head_json":{"title":"DiStar DGS-W Rotex Diamond Bowl Disc - 125\u00d722,2 mm - KEM Europe","robots":{"index":"index","follow":"follow","max-snippet":"max-snippet:-1","max-image-preview":"max-image-preview:large","max-video-preview":"max-video-preview:-1"},"canonical":"https:\/\/kem-europe.eu\/de\/produkt\/distar-dgs-w-rotex-diamanttopfscheibe-125x22-2mm\/","og_locale":"de_DE","og_type":"article","og_title":"DiStar DGS-W Rotex Diamant Komschijf \u2013 125\u00d722,2 mm - KEM Europe","og_url":"https:\/\/kem-europe.eu\/de\/produkt\/distar-dgs-w-rotex-diamanttopfscheibe-125x22-2mm\/","og_site_name":"KEM Europe","article_modified_time":"2025-02-27T13:22:01+00:00","og_image":[{"width":700,"height":700,"url":"https:\/\/kem-europe.eu\/wp-content\/uploads\/2025\/02\/DiStar-DGS-W-Rotex-Diamant-Komschijf-\u2013-125\u00d7222-mm.jpg","type":"image\/jpeg"}],"twitter_card":"summary_large_image","twitter_misc":{"Gesch\u00e4tzte Lesezeit":"2\u00a0Minuten"},"schema":{"@context":"https:\/\/schema.org","@graph":[{"@type":"WebPage","@id":"https:\/\/kem-europe.eu\/product\/distar-dgs-w-rotex-diamant-komschijf-125x222-mm\/","url":"https:\/\/kem-europe.eu\/product\/distar-dgs-w-rotex-diamant-komschijf-125x222-mm\/","name":"DiStar DGS-W Rotex Diamond Bowl Disc - 125\u00d722,2 mm - KEM Europe","isPartOf":{"@id":"https:\/\/kem-europe.eu\/#website"},"primaryImageOfPage":{"@id":"https:\/\/kem-europe.eu\/product\/distar-dgs-w-rotex-diamant-komschijf-125x222-mm\/#primaryimage"},"image":{"@id":"https:\/\/kem-europe.eu\/product\/distar-dgs-w-rotex-diamant-komschijf-125x222-mm\/#primaryimage"},"thumbnailUrl":"https:\/\/kem-europe.eu\/wp-content\/uploads\/2025\/02\/DiStar-DGS-W-Rotex-Diamant-Komschijf-\u2013-125\u00d7222-mm.jpg","datePublished":"2025-02-27T08:24:14+00:00","dateModified":"2025-02-27T13:22:01+00:00","breadcrumb":{"@id":"https:\/\/kem-europe.eu\/product\/distar-dgs-w-rotex-diamant-komschijf-125x222-mm\/#breadcrumb"},"inLanguage":"de","potentialAction":[{"@type":"ReadAction","target":["https:\/\/kem-europe.eu\/product\/distar-dgs-w-rotex-diamant-komschijf-125x222-mm\/"]}]},{"@type":"ImageObject","inLanguage":"de","@id":"https:\/\/kem-europe.eu\/product\/distar-dgs-w-rotex-diamant-komschijf-125x222-mm\/#primaryimage","url":"https:\/\/kem-europe.eu\/wp-content\/uploads\/2025\/02\/DiStar-DGS-W-Rotex-Diamant-Komschijf-\u2013-125\u00d7222-mm.jpg","contentUrl":"https:\/\/kem-europe.eu\/wp-content\/uploads\/2025\/02\/DiStar-DGS-W-Rotex-Diamant-Komschijf-\u2013-125\u00d7222-mm.jpg","width":700,"height":700},{"@type":"BreadcrumbList","@id":"https:\/\/kem-europe.eu\/product\/distar-dgs-w-rotex-diamant-komschijf-125x222-mm\/#breadcrumb","itemListElement":[{"@type":"ListItem","position":1,"name":"Home","item":"https:\/\/kem-europe.eu\/"},{"@type":"ListItem","position":2,"name":"Winkel","item":"https:\/\/kem-europe.eu\/winkel\/"},{"@type":"ListItem","position":3,"name":"DiStar DGS-W Rotex Diamant Komschijf \u2013 125\u00d722,2 mm"}]},{"@type":"WebSite","@id":"https:\/\/kem-europe.eu\/#website","url":"https:\/\/kem-europe.eu\/","name":"KEM Europe","description":"","publisher":{"@id":"https:\/\/kem-europe.eu\/#organization"},"potentialAction":[{"@type":"SearchAction","target":{"@type":"EntryPoint","urlTemplate":"https:\/\/kem-europe.eu\/?s={search_term_string}"},"query-input":{"@type":"PropertyValueSpecification","valueRequired":true,"valueName":"search_term_string"}}],"inLanguage":"de"},{"@type":"Organization","@id":"https:\/\/kem-europe.eu\/#organization","name":"KEM Europe","url":"https:\/\/kem-europe.eu\/","logo":{"@type":"ImageObject","inLanguage":"de","@id":"https:\/\/kem-europe.eu\/#\/schema\/logo\/image\/","url":"https:\/\/kem-europe.eu\/wp-content\/uploads\/2025\/02\/KEM2019-BLACK-1500W.png","contentUrl":"https:\/\/kem-europe.eu\/wp-content\/uploads\/2025\/02\/KEM2019-BLACK-1500W.png","width":1500,"height":626,"caption":"KEM Europe"},"image":{"@id":"https:\/\/kem-europe.eu\/#\/schema\/logo\/image\/"}}]}},"_links":{"self":[{"href":"https:\/\/kem-europe.eu\/de\/wp-json\/wp\/v2\/product\/1706","targetHints":{"allow":["GET"]}}],"collection":[{"href":"https:\/\/kem-europe.eu\/de\/wp-json\/wp\/v2\/product"}],"about":[{"href":"https:\/\/kem-europe.eu\/de\/wp-json\/wp\/v2\/types\/product"}],"replies":[{"embeddable":true,"href":"https:\/\/kem-europe.eu\/de\/wp-json\/wp\/v2\/comments?post=1706"}],"wp:featuredmedia":[{"embeddable":true,"href":"https:\/\/kem-europe.eu\/de\/wp-json\/wp\/v2\/media\/1843"}],"wp:attachment":[{"href":"https:\/\/kem-europe.eu\/de\/wp-json\/wp\/v2\/media?parent=1706"}],"wp:term":[{"taxonomy":"product_brand","embeddable":true,"href":"https:\/\/kem-europe.eu\/de\/wp-json\/wp\/v2\/product_brand?post=1706"},{"taxonomy":"product_cat","embeddable":true,"href":"https:\/\/kem-europe.eu\/de\/wp-json\/wp\/v2\/product_cat?post=1706"},{"taxonomy":"product_tag","embeddable":true,"href":"https:\/\/kem-europe.eu\/de\/wp-json\/wp\/v2\/product_tag?post=1706"}],"curies":[{"name":"wp","href":"https:\/\/api.w.org\/{rel}","templated":true}]}}