{"id":1743,"date":"2025-02-27T08:24:38","date_gmt":"2025-02-27T08:24:38","guid":{"rendered":"https:\/\/kem-europe.eu\/?post_type=product&#038;p=1743"},"modified":"2025-02-27T13:21:24","modified_gmt":"2025-02-27T13:21:24","slug":"distar-diamanttrennscheibe-gres-master-125-230x22-23mm","status":"publish","type":"product","link":"https:\/\/kem-europe.eu\/de\/product\/distar-diamantschijf-gres-master-125-230x2223-mm\/","title":{"rendered":"DiStar Diamantscheibe Gres Master - 125\/230\u00d722,23 mm"},"content":{"rendered":"<p><strong>Eigenschaften DiStar Diamond Scheibe Gres Master<\/strong><\/p>\n<p>\u2705 <strong>Superschnelle Schnittleistung -<\/strong>\u00a0Diese Scheibe wurde f\u00fcr die schnellsten Schnitte in der Distar-Linie entwickelt und bietet eine un\u00fcbertroffene Geschwindigkeit, selbst beim Schleifen von dickem und schwerem Steinzeug.<\/p>\n<p>\u2705 <strong>Effektive K\u00fchlung -<\/strong>\u00a0Gewellte Turborillen in der Diamantschicht k\u00fchlen die Schleifzone effektiv, verhindern eine \u00dcberhitzung und verl\u00e4ngern die Lebensdauer der Scheibe.<\/p>\n<p>\u2705 <strong>Weiche Penetration -<\/strong>\u00a0Selbst bei dickstem Steinzeug sorgt die Scheibe f\u00fcr ein sanftes und effizientes Eindringen und macht das Schleifen einfacher und weniger anstrengend.<\/p>\n<p>\u2705 <strong>Hohe Leistung bei dicken Materialien -<\/strong>\u00a0Diese Scheibe wurde speziell f\u00fcr Materialien mit einer St\u00e4rke von 14 bis 20 mm entwickelt und ist ideal f\u00fcr Au\u00dfenanlagen und Terrassen, wo h\u00e4ufig dicker Steinzeug verwendet wird.<\/p>\n<p>\u2705 <strong>Minimale Sp\u00e4ne und sauberes Finish -<\/strong>\u00a0Obwohl die Kantenqualit\u00e4t nicht so hoch ist wie bei Esthete-Scheiben, hinterl\u00e4sst die Gres Master fast keine Sp\u00e4ne und sorgt so f\u00fcr ein sauberes und professionell aussehendes Endergebnis.<\/p>\n<p>\u2705 <strong>Vielseitige Durchmesseroptionen -<\/strong>\u00a0Erh\u00e4ltlich in 125 und 230 mm, bietet die Scheibe Vielseitigkeit und Flexibilit\u00e4t f\u00fcr verschiedene Schleifanforderungen und Werkzeuge. Wird auf dem Winkelschleifer ohne K\u00fchlmittel verwendet.<\/p>\n<p>\u2705 <strong>Ideal f\u00fcr Au\u00dfenanlagen und Terrassen -<\/strong>\u00a0Die Gres Master-Scheibe mit einem Durchmesser von 230 mm eignet sich perfekt zum Schleifen von schwerem Steinzeug bis zu einer St\u00e4rke von 20 mm, ideal f\u00fcr Au\u00dfenanlagen und Terrassen.<\/p>\n<p><strong>Technische Daten<\/strong><\/p>\n<ul>\n<li>Durchmesser - 125\/230 mm<\/li>\n<li>Dicke - 1,4\/1,6 mm<\/li>\n<li>K\u00fchlung - trocken<\/li>\n<li>Einlass - 22,23 mm<\/li>\n<li>Ziel - Keramik, Feinsteinzeug<\/li>\n<\/ul>\n<p><strong>Umfang der Lieferung<\/strong><\/p>\n<ul>\n<li>DiStar Diamantscheibe Gres Master<\/li>\n<\/ul>","protected":false},"excerpt":{"rendered":"<p><img loading=\"lazy\" decoding=\"async\" class=\"alignnone wp-image-427665\" src=\"https:\/\/bjctools.nl\/wp-content\/uploads\/2024\/07\/GM8.jpg\" alt=\"\" width=\"615\" height=\"130\" \/><\/p>","protected":false},"featured_media":1867,"comment_status":"closed","ping_status":"closed","template":"","meta":[],"product_brand":[623],"product_cat":[21,22,274],"product_tag":[],"class_list":{"0":"post-1743","1":"product","2":"type-product","3":"status-publish","4":"has-post-thumbnail","6":"product_brand-distar","7":"product_cat-diamant","8":"product_cat-diamantzaagblad","9":"product_cat-diamantzaagblad-droog","11":"first","12":"instock","13":"shipping-taxable","14":"product-type-simple"},"ct_brands":[{"id":623,"name":"DISTAR","slug":"distar"}],"yoast_head":"<!-- This site is optimized with the Yoast SEO plugin v27.3 - https:\/\/yoast.com\/product\/yoast-seo-wordpress\/ -->\n<title>DiStar Diamantschijf Gres Master \u2013 125\/230\u00d722,23 mm - KEM Europe<\/title>\n<meta name=\"description\" content=\"DiStar Diamantschijf Gres Master \u2013 125\/230\u00d722,23 mm. Deze schijf levert onge\u00ebvenaarde snelheid, zelfs bij het snijden van dik en zwaar porselein gres.\" \/>\n<meta name=\"robots\" content=\"index, follow, max-snippet:-1, max-image-preview:large, max-video-preview:-1\" \/>\n<link rel=\"canonical\" href=\"https:\/\/kem-europe.eu\/de\/produkt\/distar-diamanttrennscheibe-gres-master-125-230x22-23mm\/\" \/>\n<meta property=\"og:locale\" content=\"de_DE\" \/>\n<meta property=\"og:type\" content=\"article\" \/>\n<meta property=\"og:title\" content=\"DiStar Diamantschijf Gres Master \u2013 125\/230\u00d722,23 mm - KEM Europe\" \/>\n<meta property=\"og:description\" content=\"DiStar Diamantschijf Gres Master \u2013 125\/230\u00d722,23 mm. Deze schijf levert onge\u00ebvenaarde snelheid, zelfs bij het snijden van dik en zwaar porselein gres.\" \/>\n<meta property=\"og:url\" content=\"https:\/\/kem-europe.eu\/de\/produkt\/distar-diamanttrennscheibe-gres-master-125-230x22-23mm\/\" \/>\n<meta property=\"og:site_name\" content=\"KEM Europe\" \/>\n<meta property=\"article:modified_time\" content=\"2025-02-27T13:21:24+00:00\" \/>\n<meta property=\"og:image\" content=\"https:\/\/kem-europe.eu\/wp-content\/uploads\/2025\/02\/GM1.jpg\" \/>\n\t<meta property=\"og:image:width\" content=\"700\" \/>\n\t<meta property=\"og:image:height\" content=\"700\" \/>\n\t<meta property=\"og:image:type\" content=\"image\/jpeg\" \/>\n<meta name=\"twitter:card\" content=\"summary_large_image\" \/>\n<meta name=\"twitter:label1\" content=\"Gesch\u00e4tzte Lesezeit\" \/>\n\t<meta name=\"twitter:data1\" content=\"2\u00a0Minuten\" \/>\n<script type=\"application\/ld+json\" class=\"yoast-schema-graph\">{\"@context\":\"https:\\\/\\\/schema.org\",\"@graph\":[{\"@type\":\"WebPage\",\"@id\":\"https:\\\/\\\/kem-europe.eu\\\/product\\\/distar-diamantschijf-gres-master-125-230x2223-mm\\\/\",\"url\":\"https:\\\/\\\/kem-europe.eu\\\/product\\\/distar-diamantschijf-gres-master-125-230x2223-mm\\\/\",\"name\":\"DiStar Diamantschijf Gres Master \u2013 125\\\/230\u00d722,23 mm - KEM Europe\",\"isPartOf\":{\"@id\":\"https:\\\/\\\/kem-europe.eu\\\/#website\"},\"primaryImageOfPage\":{\"@id\":\"https:\\\/\\\/kem-europe.eu\\\/product\\\/distar-diamantschijf-gres-master-125-230x2223-mm\\\/#primaryimage\"},\"image\":{\"@id\":\"https:\\\/\\\/kem-europe.eu\\\/product\\\/distar-diamantschijf-gres-master-125-230x2223-mm\\\/#primaryimage\"},\"thumbnailUrl\":\"https:\\\/\\\/kem-europe.eu\\\/wp-content\\\/uploads\\\/2025\\\/02\\\/GM1.jpg\",\"datePublished\":\"2025-02-27T08:24:38+00:00\",\"dateModified\":\"2025-02-27T13:21:24+00:00\",\"description\":\"DiStar Diamantschijf Gres Master \u2013 125\\\/230\u00d722,23 mm. Deze schijf levert onge\u00ebvenaarde snelheid, zelfs bij het snijden van dik en zwaar porselein gres.\",\"breadcrumb\":{\"@id\":\"https:\\\/\\\/kem-europe.eu\\\/product\\\/distar-diamantschijf-gres-master-125-230x2223-mm\\\/#breadcrumb\"},\"inLanguage\":\"de\",\"potentialAction\":[{\"@type\":\"ReadAction\",\"target\":[\"https:\\\/\\\/kem-europe.eu\\\/product\\\/distar-diamantschijf-gres-master-125-230x2223-mm\\\/\"]}]},{\"@type\":\"ImageObject\",\"inLanguage\":\"de\",\"@id\":\"https:\\\/\\\/kem-europe.eu\\\/product\\\/distar-diamantschijf-gres-master-125-230x2223-mm\\\/#primaryimage\",\"url\":\"https:\\\/\\\/kem-europe.eu\\\/wp-content\\\/uploads\\\/2025\\\/02\\\/GM1.jpg\",\"contentUrl\":\"https:\\\/\\\/kem-europe.eu\\\/wp-content\\\/uploads\\\/2025\\\/02\\\/GM1.jpg\",\"width\":700,\"height\":700},{\"@type\":\"BreadcrumbList\",\"@id\":\"https:\\\/\\\/kem-europe.eu\\\/product\\\/distar-diamantschijf-gres-master-125-230x2223-mm\\\/#breadcrumb\",\"itemListElement\":[{\"@type\":\"ListItem\",\"position\":1,\"name\":\"Home\",\"item\":\"https:\\\/\\\/kem-europe.eu\\\/\"},{\"@type\":\"ListItem\",\"position\":2,\"name\":\"Winkel\",\"item\":\"https:\\\/\\\/kem-europe.eu\\\/winkel\\\/\"},{\"@type\":\"ListItem\",\"position\":3,\"name\":\"DiStar Diamantschijf Gres Master \u2013 125\\\/230\u00d722,23 mm\"}]},{\"@type\":\"WebSite\",\"@id\":\"https:\\\/\\\/kem-europe.eu\\\/#website\",\"url\":\"https:\\\/\\\/kem-europe.eu\\\/\",\"name\":\"KEM Europe\",\"description\":\"\",\"publisher\":{\"@id\":\"https:\\\/\\\/kem-europe.eu\\\/#organization\"},\"potentialAction\":[{\"@type\":\"SearchAction\",\"target\":{\"@type\":\"EntryPoint\",\"urlTemplate\":\"https:\\\/\\\/kem-europe.eu\\\/?s={search_term_string}\"},\"query-input\":{\"@type\":\"PropertyValueSpecification\",\"valueRequired\":true,\"valueName\":\"search_term_string\"}}],\"inLanguage\":\"de\"},{\"@type\":\"Organization\",\"@id\":\"https:\\\/\\\/kem-europe.eu\\\/#organization\",\"name\":\"KEM Europe\",\"url\":\"https:\\\/\\\/kem-europe.eu\\\/\",\"logo\":{\"@type\":\"ImageObject\",\"inLanguage\":\"de\",\"@id\":\"https:\\\/\\\/kem-europe.eu\\\/#\\\/schema\\\/logo\\\/image\\\/\",\"url\":\"https:\\\/\\\/kem-europe.eu\\\/wp-content\\\/uploads\\\/2025\\\/02\\\/KEM2019-BLACK-1500W.png\",\"contentUrl\":\"https:\\\/\\\/kem-europe.eu\\\/wp-content\\\/uploads\\\/2025\\\/02\\\/KEM2019-BLACK-1500W.png\",\"width\":1500,\"height\":626,\"caption\":\"KEM Europe\"},\"image\":{\"@id\":\"https:\\\/\\\/kem-europe.eu\\\/#\\\/schema\\\/logo\\\/image\\\/\"}}]}<\/script>\n<!-- \/ Yoast SEO plugin. -->","yoast_head_json":{"title":"DiStar Diamantscheibe Gres Master - 125\/230\u00d722,23 mm - KEM Europe","description":"DiStar Diamantscheibe Gres Master - 125\/230\u00d722,23 mm. Diese Scheibe liefert un\u00fcbertroffene Geschwindigkeit, auch beim Schneiden von dickem und schwerem Porzellan Gres.","robots":{"index":"index","follow":"follow","max-snippet":"max-snippet:-1","max-image-preview":"max-image-preview:large","max-video-preview":"max-video-preview:-1"},"canonical":"https:\/\/kem-europe.eu\/de\/produkt\/distar-diamanttrennscheibe-gres-master-125-230x22-23mm\/","og_locale":"de_DE","og_type":"article","og_title":"DiStar Diamantschijf Gres Master \u2013 125\/230\u00d722,23 mm - KEM Europe","og_description":"DiStar Diamantschijf Gres Master \u2013 125\/230\u00d722,23 mm. Deze schijf levert onge\u00ebvenaarde snelheid, zelfs bij het snijden van dik en zwaar porselein gres.","og_url":"https:\/\/kem-europe.eu\/de\/produkt\/distar-diamanttrennscheibe-gres-master-125-230x22-23mm\/","og_site_name":"KEM Europe","article_modified_time":"2025-02-27T13:21:24+00:00","og_image":[{"width":700,"height":700,"url":"https:\/\/kem-europe.eu\/wp-content\/uploads\/2025\/02\/GM1.jpg","type":"image\/jpeg"}],"twitter_card":"summary_large_image","twitter_misc":{"Gesch\u00e4tzte Lesezeit":"2\u00a0Minuten"},"schema":{"@context":"https:\/\/schema.org","@graph":[{"@type":"WebPage","@id":"https:\/\/kem-europe.eu\/product\/distar-diamantschijf-gres-master-125-230x2223-mm\/","url":"https:\/\/kem-europe.eu\/product\/distar-diamantschijf-gres-master-125-230x2223-mm\/","name":"DiStar Diamantscheibe Gres Master - 125\/230\u00d722,23 mm - KEM Europe","isPartOf":{"@id":"https:\/\/kem-europe.eu\/#website"},"primaryImageOfPage":{"@id":"https:\/\/kem-europe.eu\/product\/distar-diamantschijf-gres-master-125-230x2223-mm\/#primaryimage"},"image":{"@id":"https:\/\/kem-europe.eu\/product\/distar-diamantschijf-gres-master-125-230x2223-mm\/#primaryimage"},"thumbnailUrl":"https:\/\/kem-europe.eu\/wp-content\/uploads\/2025\/02\/GM1.jpg","datePublished":"2025-02-27T08:24:38+00:00","dateModified":"2025-02-27T13:21:24+00:00","description":"DiStar Diamantscheibe Gres Master - 125\/230\u00d722,23 mm. Diese Scheibe liefert un\u00fcbertroffene Geschwindigkeit, auch beim Schneiden von dickem und schwerem Porzellan Gres.","breadcrumb":{"@id":"https:\/\/kem-europe.eu\/product\/distar-diamantschijf-gres-master-125-230x2223-mm\/#breadcrumb"},"inLanguage":"de","potentialAction":[{"@type":"ReadAction","target":["https:\/\/kem-europe.eu\/product\/distar-diamantschijf-gres-master-125-230x2223-mm\/"]}]},{"@type":"ImageObject","inLanguage":"de","@id":"https:\/\/kem-europe.eu\/product\/distar-diamantschijf-gres-master-125-230x2223-mm\/#primaryimage","url":"https:\/\/kem-europe.eu\/wp-content\/uploads\/2025\/02\/GM1.jpg","contentUrl":"https:\/\/kem-europe.eu\/wp-content\/uploads\/2025\/02\/GM1.jpg","width":700,"height":700},{"@type":"BreadcrumbList","@id":"https:\/\/kem-europe.eu\/product\/distar-diamantschijf-gres-master-125-230x2223-mm\/#breadcrumb","itemListElement":[{"@type":"ListItem","position":1,"name":"Home","item":"https:\/\/kem-europe.eu\/"},{"@type":"ListItem","position":2,"name":"Winkel","item":"https:\/\/kem-europe.eu\/winkel\/"},{"@type":"ListItem","position":3,"name":"DiStar Diamantschijf Gres Master \u2013 125\/230\u00d722,23 mm"}]},{"@type":"WebSite","@id":"https:\/\/kem-europe.eu\/#website","url":"https:\/\/kem-europe.eu\/","name":"KEM Europe","description":"","publisher":{"@id":"https:\/\/kem-europe.eu\/#organization"},"potentialAction":[{"@type":"SearchAction","target":{"@type":"EntryPoint","urlTemplate":"https:\/\/kem-europe.eu\/?s={search_term_string}"},"query-input":{"@type":"PropertyValueSpecification","valueRequired":true,"valueName":"search_term_string"}}],"inLanguage":"de"},{"@type":"Organization","@id":"https:\/\/kem-europe.eu\/#organization","name":"KEM Europe","url":"https:\/\/kem-europe.eu\/","logo":{"@type":"ImageObject","inLanguage":"de","@id":"https:\/\/kem-europe.eu\/#\/schema\/logo\/image\/","url":"https:\/\/kem-europe.eu\/wp-content\/uploads\/2025\/02\/KEM2019-BLACK-1500W.png","contentUrl":"https:\/\/kem-europe.eu\/wp-content\/uploads\/2025\/02\/KEM2019-BLACK-1500W.png","width":1500,"height":626,"caption":"KEM Europe"},"image":{"@id":"https:\/\/kem-europe.eu\/#\/schema\/logo\/image\/"}}]}},"_links":{"self":[{"href":"https:\/\/kem-europe.eu\/de\/wp-json\/wp\/v2\/product\/1743","targetHints":{"allow":["GET"]}}],"collection":[{"href":"https:\/\/kem-europe.eu\/de\/wp-json\/wp\/v2\/product"}],"about":[{"href":"https:\/\/kem-europe.eu\/de\/wp-json\/wp\/v2\/types\/product"}],"replies":[{"embeddable":true,"href":"https:\/\/kem-europe.eu\/de\/wp-json\/wp\/v2\/comments?post=1743"}],"wp:featuredmedia":[{"embeddable":true,"href":"https:\/\/kem-europe.eu\/de\/wp-json\/wp\/v2\/media\/1867"}],"wp:attachment":[{"href":"https:\/\/kem-europe.eu\/de\/wp-json\/wp\/v2\/media?parent=1743"}],"wp:term":[{"taxonomy":"product_brand","embeddable":true,"href":"https:\/\/kem-europe.eu\/de\/wp-json\/wp\/v2\/product_brand?post=1743"},{"taxonomy":"product_cat","embeddable":true,"href":"https:\/\/kem-europe.eu\/de\/wp-json\/wp\/v2\/product_cat?post=1743"},{"taxonomy":"product_tag","embeddable":true,"href":"https:\/\/kem-europe.eu\/de\/wp-json\/wp\/v2\/product_tag?post=1743"}],"curies":[{"name":"wp","href":"https:\/\/api.w.org\/{rel}","templated":true}]}}