{"id":1744,"date":"2025-02-27T08:24:38","date_gmt":"2025-02-27T08:24:38","guid":{"rendered":"https:\/\/kem-europe.eu\/?post_type=product&#038;p=1744"},"modified":"2025-02-27T13:21:20","modified_gmt":"2025-02-27T13:21:20","slug":"distar-rm-w-smart-diamanttrennscheibe-400x20mm","status":"publish","type":"product","link":"https:\/\/kem-europe.eu\/de\/product\/distar-rm-w-smart-diamantzaagblad-400x20-mm\/","title":{"rendered":"DiStar RM-W Smart Diamanttrennscheibe - 400\u00d720 mm"},"content":{"rendered":"<p><strong>Eigenschaften DiStar RM-W Smart Diamond S\u00e4geblatt<\/strong><\/p>\n<p>\u2705\u00a0<strong>Universelle Anwendung <\/strong>- Geeignet zum Schneiden von bewehrtem und unbewehrtem Beton und Ziegeln, was ihn zu einem vielseitigen Werkzeug f\u00fcr verschiedene Bauprojekte macht.<\/p>\n<p>\u2705\u00a0<strong>Hohe Produktivit\u00e4t <\/strong>- Dank des einzigartigen W-f\u00f6rmigen Profils der Segmente bietet diese Scheibe eine hohe Produktivit\u00e4t beim Schneiden und gew\u00e4hrleistet effiziente und schnelle Ergebnisse.<\/p>\n<p>\u2705\u00a0<strong>Kosteng\u00fcnstig <\/strong>- Bei geringem Werkzeugverbrauch bietet diese Klinge eine kosteneffiziente Leistung, die sowohl f\u00fcr kleine als auch f\u00fcr gro\u00dfe Projekte ideal ist.<\/p>\n<p>\u2705\u00a0<strong>Intelligente \u00dcberlastungsanzeige <\/strong>- Die Klinge verf\u00fcgt \u00fcber eine Anzeige, die bei \u00dcberlastung rot leuchtet, um Sch\u00e4den zu vermeiden und die Lebensdauer der Klinge zu verl\u00e4ngern.<\/p>\n<p>\u2705\u00a0<strong>Lange Lebensdauer <\/strong>- Mit einer Standzeit von bis zu 8 Quadratmetern und einer Schnittgeschwindigkeit von bis zu 300 Zentimetern pro Minute bietet diese Klinge eine lang anhaltende und konstante Leistung.<\/p>\n<p>\u2705\u00a0<strong>Hohe Schnittleistung <\/strong>- Die gut ausbalancierte Klinge ist speziell f\u00fcr das m\u00fchelose Durchtrennen von Bewehrungsst\u00e4ben konzipiert.<\/p>\n<p>\u2705\u00a0<strong>Geeignet f\u00fcr leistungsstarke S\u00e4gemaschinen <\/strong>- Erh\u00e4ltlich mit einem Durchmesser von 400 mm und geeignet f\u00fcr S\u00e4gen mit 20 mm Aufnahme, bietet dieses Blatt eine breite Kompatibilit\u00e4t.<\/p>\n<p>\u2705\u00a0<strong>28 Segmente <\/strong>- Mit ihren 28 Segmenten bietet die Klinge zus\u00e4tzliche Haltbarkeit und Zuverl\u00e4ssigkeit und sorgt f\u00fcr gleichbleibende Schnittergebnisse w\u00e4hrend ihrer gesamten Lebensdauer.<\/p>\n<p><strong>Technische Daten<\/strong><\/p>\n<ul>\n<li>Durchmesser - 400 mm<\/li>\n<li>Dicke - 3,5 mm<\/li>\n<li>K\u00fchlung - trocken<\/li>\n<li>Bohrerdurchmesser - 20 mm<\/li>\n<li>Ziel - (bewehrter) Beton, Ziegelstein<\/li>\n<\/ul>\n<p><strong>Umfang der Lieferung<\/strong><\/p>\n<ul>\n<li>DiStar RM-W Smart Diamond S\u00e4geblatt<\/li>\n<\/ul>","protected":false},"excerpt":{"rendered":"<p><img loading=\"lazy\" decoding=\"async\" class=\"alignnone wp-image-427737\" src=\"https:\/\/bjctools.nl\/wp-content\/uploads\/2024\/07\/SMART9.jpg\" alt=\"\" width=\"703\" height=\"133\" \/><\/p>","protected":false},"featured_media":1874,"comment_status":"closed","ping_status":"closed","template":"","meta":[],"product_brand":[623],"product_cat":[21,22,274],"product_tag":[],"class_list":{"0":"post-1744","1":"product","2":"type-product","3":"status-publish","4":"has-post-thumbnail","6":"product_brand-distar","7":"product_cat-diamant","8":"product_cat-diamantzaagblad","9":"product_cat-diamantzaagblad-droog","11":"first","12":"instock","13":"shipping-taxable","14":"product-type-simple"},"ct_brands":[{"id":623,"name":"DISTAR","slug":"distar"}],"yoast_head":"<!-- This site is optimized with the Yoast SEO plugin v27.3 - https:\/\/yoast.com\/product\/yoast-seo-wordpress\/ -->\n<title>DiStar RM-W Smart Diamantzaagblad \u2013 400\u00d720 mm - KEM Europe<\/title>\n<meta name=\"description\" content=\"DiStar RM-W Smart Diamantzaagblad \u2013 400x20 mm. Geschikt voor het zagen van zowel gewapend als niet-gewapend beton en baksteen met een hoge productiviteit.\" \/>\n<meta name=\"robots\" content=\"index, follow, max-snippet:-1, max-image-preview:large, max-video-preview:-1\" \/>\n<link rel=\"canonical\" href=\"https:\/\/kem-europe.eu\/de\/produkt\/distar-rm-w-smart-diamanttrennscheibe-400x20mm\/\" \/>\n<meta property=\"og:locale\" content=\"de_DE\" \/>\n<meta property=\"og:type\" content=\"article\" \/>\n<meta property=\"og:title\" content=\"DiStar RM-W Smart Diamantzaagblad \u2013 400\u00d720 mm - KEM Europe\" \/>\n<meta property=\"og:description\" content=\"DiStar RM-W Smart Diamantzaagblad \u2013 400x20 mm. Geschikt voor het zagen van zowel gewapend als niet-gewapend beton en baksteen met een hoge productiviteit.\" \/>\n<meta property=\"og:url\" content=\"https:\/\/kem-europe.eu\/de\/produkt\/distar-rm-w-smart-diamanttrennscheibe-400x20mm\/\" \/>\n<meta property=\"og:site_name\" content=\"KEM Europe\" \/>\n<meta property=\"article:modified_time\" content=\"2025-02-27T13:21:20+00:00\" \/>\n<meta property=\"og:image\" content=\"https:\/\/kem-europe.eu\/wp-content\/uploads\/2025\/02\/SMART1.jpg\" \/>\n\t<meta property=\"og:image:width\" content=\"700\" \/>\n\t<meta property=\"og:image:height\" content=\"700\" \/>\n\t<meta property=\"og:image:type\" content=\"image\/jpeg\" \/>\n<meta name=\"twitter:card\" content=\"summary_large_image\" \/>\n<meta name=\"twitter:label1\" content=\"Gesch\u00e4tzte Lesezeit\" \/>\n\t<meta name=\"twitter:data1\" content=\"2\u00a0Minuten\" \/>\n<script type=\"application\/ld+json\" class=\"yoast-schema-graph\">{\"@context\":\"https:\\\/\\\/schema.org\",\"@graph\":[{\"@type\":\"WebPage\",\"@id\":\"https:\\\/\\\/kem-europe.eu\\\/product\\\/distar-rm-w-smart-diamantzaagblad-400x20-mm\\\/\",\"url\":\"https:\\\/\\\/kem-europe.eu\\\/product\\\/distar-rm-w-smart-diamantzaagblad-400x20-mm\\\/\",\"name\":\"DiStar RM-W Smart Diamantzaagblad \u2013 400\u00d720 mm - KEM Europe\",\"isPartOf\":{\"@id\":\"https:\\\/\\\/kem-europe.eu\\\/#website\"},\"primaryImageOfPage\":{\"@id\":\"https:\\\/\\\/kem-europe.eu\\\/product\\\/distar-rm-w-smart-diamantzaagblad-400x20-mm\\\/#primaryimage\"},\"image\":{\"@id\":\"https:\\\/\\\/kem-europe.eu\\\/product\\\/distar-rm-w-smart-diamantzaagblad-400x20-mm\\\/#primaryimage\"},\"thumbnailUrl\":\"https:\\\/\\\/kem-europe.eu\\\/wp-content\\\/uploads\\\/2025\\\/02\\\/SMART1.jpg\",\"datePublished\":\"2025-02-27T08:24:38+00:00\",\"dateModified\":\"2025-02-27T13:21:20+00:00\",\"description\":\"DiStar RM-W Smart Diamantzaagblad \u2013 400x20 mm. Geschikt voor het zagen van zowel gewapend als niet-gewapend beton en baksteen met een hoge productiviteit.\",\"breadcrumb\":{\"@id\":\"https:\\\/\\\/kem-europe.eu\\\/product\\\/distar-rm-w-smart-diamantzaagblad-400x20-mm\\\/#breadcrumb\"},\"inLanguage\":\"de\",\"potentialAction\":[{\"@type\":\"ReadAction\",\"target\":[\"https:\\\/\\\/kem-europe.eu\\\/product\\\/distar-rm-w-smart-diamantzaagblad-400x20-mm\\\/\"]}]},{\"@type\":\"ImageObject\",\"inLanguage\":\"de\",\"@id\":\"https:\\\/\\\/kem-europe.eu\\\/product\\\/distar-rm-w-smart-diamantzaagblad-400x20-mm\\\/#primaryimage\",\"url\":\"https:\\\/\\\/kem-europe.eu\\\/wp-content\\\/uploads\\\/2025\\\/02\\\/SMART1.jpg\",\"contentUrl\":\"https:\\\/\\\/kem-europe.eu\\\/wp-content\\\/uploads\\\/2025\\\/02\\\/SMART1.jpg\",\"width\":700,\"height\":700},{\"@type\":\"BreadcrumbList\",\"@id\":\"https:\\\/\\\/kem-europe.eu\\\/product\\\/distar-rm-w-smart-diamantzaagblad-400x20-mm\\\/#breadcrumb\",\"itemListElement\":[{\"@type\":\"ListItem\",\"position\":1,\"name\":\"Home\",\"item\":\"https:\\\/\\\/kem-europe.eu\\\/\"},{\"@type\":\"ListItem\",\"position\":2,\"name\":\"Winkel\",\"item\":\"https:\\\/\\\/kem-europe.eu\\\/winkel\\\/\"},{\"@type\":\"ListItem\",\"position\":3,\"name\":\"DiStar RM-W Smart Diamantzaagblad \u2013 400\u00d720 mm\"}]},{\"@type\":\"WebSite\",\"@id\":\"https:\\\/\\\/kem-europe.eu\\\/#website\",\"url\":\"https:\\\/\\\/kem-europe.eu\\\/\",\"name\":\"KEM Europe\",\"description\":\"\",\"publisher\":{\"@id\":\"https:\\\/\\\/kem-europe.eu\\\/#organization\"},\"potentialAction\":[{\"@type\":\"SearchAction\",\"target\":{\"@type\":\"EntryPoint\",\"urlTemplate\":\"https:\\\/\\\/kem-europe.eu\\\/?s={search_term_string}\"},\"query-input\":{\"@type\":\"PropertyValueSpecification\",\"valueRequired\":true,\"valueName\":\"search_term_string\"}}],\"inLanguage\":\"de\"},{\"@type\":\"Organization\",\"@id\":\"https:\\\/\\\/kem-europe.eu\\\/#organization\",\"name\":\"KEM Europe\",\"url\":\"https:\\\/\\\/kem-europe.eu\\\/\",\"logo\":{\"@type\":\"ImageObject\",\"inLanguage\":\"de\",\"@id\":\"https:\\\/\\\/kem-europe.eu\\\/#\\\/schema\\\/logo\\\/image\\\/\",\"url\":\"https:\\\/\\\/kem-europe.eu\\\/wp-content\\\/uploads\\\/2025\\\/02\\\/KEM2019-BLACK-1500W.png\",\"contentUrl\":\"https:\\\/\\\/kem-europe.eu\\\/wp-content\\\/uploads\\\/2025\\\/02\\\/KEM2019-BLACK-1500W.png\",\"width\":1500,\"height\":626,\"caption\":\"KEM Europe\"},\"image\":{\"@id\":\"https:\\\/\\\/kem-europe.eu\\\/#\\\/schema\\\/logo\\\/image\\\/\"}}]}<\/script>\n<!-- \/ Yoast SEO plugin. -->","yoast_head_json":{"title":"DiStar RM-W Smart Diamanttrennscheibe - 400\u00d720 mm - KEM Europe","description":"DiStar RM-W Smart Diamanttrennscheibe - 400x20 mm. Geeignet zum Schneiden von bewehrtem und unbewehrtem Beton und Ziegel mit hoher Produktivit\u00e4t.","robots":{"index":"index","follow":"follow","max-snippet":"max-snippet:-1","max-image-preview":"max-image-preview:large","max-video-preview":"max-video-preview:-1"},"canonical":"https:\/\/kem-europe.eu\/de\/produkt\/distar-rm-w-smart-diamanttrennscheibe-400x20mm\/","og_locale":"de_DE","og_type":"article","og_title":"DiStar RM-W Smart Diamantzaagblad \u2013 400\u00d720 mm - KEM Europe","og_description":"DiStar RM-W Smart Diamantzaagblad \u2013 400x20 mm. Geschikt voor het zagen van zowel gewapend als niet-gewapend beton en baksteen met een hoge productiviteit.","og_url":"https:\/\/kem-europe.eu\/de\/produkt\/distar-rm-w-smart-diamanttrennscheibe-400x20mm\/","og_site_name":"KEM Europe","article_modified_time":"2025-02-27T13:21:20+00:00","og_image":[{"width":700,"height":700,"url":"https:\/\/kem-europe.eu\/wp-content\/uploads\/2025\/02\/SMART1.jpg","type":"image\/jpeg"}],"twitter_card":"summary_large_image","twitter_misc":{"Gesch\u00e4tzte Lesezeit":"2\u00a0Minuten"},"schema":{"@context":"https:\/\/schema.org","@graph":[{"@type":"WebPage","@id":"https:\/\/kem-europe.eu\/product\/distar-rm-w-smart-diamantzaagblad-400x20-mm\/","url":"https:\/\/kem-europe.eu\/product\/distar-rm-w-smart-diamantzaagblad-400x20-mm\/","name":"DiStar RM-W Smart Diamanttrennscheibe - 400\u00d720 mm - KEM Europe","isPartOf":{"@id":"https:\/\/kem-europe.eu\/#website"},"primaryImageOfPage":{"@id":"https:\/\/kem-europe.eu\/product\/distar-rm-w-smart-diamantzaagblad-400x20-mm\/#primaryimage"},"image":{"@id":"https:\/\/kem-europe.eu\/product\/distar-rm-w-smart-diamantzaagblad-400x20-mm\/#primaryimage"},"thumbnailUrl":"https:\/\/kem-europe.eu\/wp-content\/uploads\/2025\/02\/SMART1.jpg","datePublished":"2025-02-27T08:24:38+00:00","dateModified":"2025-02-27T13:21:20+00:00","description":"DiStar RM-W Smart Diamanttrennscheibe - 400x20 mm. Geeignet zum Schneiden von bewehrtem und unbewehrtem Beton und Ziegel mit hoher Produktivit\u00e4t.","breadcrumb":{"@id":"https:\/\/kem-europe.eu\/product\/distar-rm-w-smart-diamantzaagblad-400x20-mm\/#breadcrumb"},"inLanguage":"de","potentialAction":[{"@type":"ReadAction","target":["https:\/\/kem-europe.eu\/product\/distar-rm-w-smart-diamantzaagblad-400x20-mm\/"]}]},{"@type":"ImageObject","inLanguage":"de","@id":"https:\/\/kem-europe.eu\/product\/distar-rm-w-smart-diamantzaagblad-400x20-mm\/#primaryimage","url":"https:\/\/kem-europe.eu\/wp-content\/uploads\/2025\/02\/SMART1.jpg","contentUrl":"https:\/\/kem-europe.eu\/wp-content\/uploads\/2025\/02\/SMART1.jpg","width":700,"height":700},{"@type":"BreadcrumbList","@id":"https:\/\/kem-europe.eu\/product\/distar-rm-w-smart-diamantzaagblad-400x20-mm\/#breadcrumb","itemListElement":[{"@type":"ListItem","position":1,"name":"Home","item":"https:\/\/kem-europe.eu\/"},{"@type":"ListItem","position":2,"name":"Winkel","item":"https:\/\/kem-europe.eu\/winkel\/"},{"@type":"ListItem","position":3,"name":"DiStar RM-W Smart Diamantzaagblad \u2013 400\u00d720 mm"}]},{"@type":"WebSite","@id":"https:\/\/kem-europe.eu\/#website","url":"https:\/\/kem-europe.eu\/","name":"KEM Europe","description":"","publisher":{"@id":"https:\/\/kem-europe.eu\/#organization"},"potentialAction":[{"@type":"SearchAction","target":{"@type":"EntryPoint","urlTemplate":"https:\/\/kem-europe.eu\/?s={search_term_string}"},"query-input":{"@type":"PropertyValueSpecification","valueRequired":true,"valueName":"search_term_string"}}],"inLanguage":"de"},{"@type":"Organization","@id":"https:\/\/kem-europe.eu\/#organization","name":"KEM Europe","url":"https:\/\/kem-europe.eu\/","logo":{"@type":"ImageObject","inLanguage":"de","@id":"https:\/\/kem-europe.eu\/#\/schema\/logo\/image\/","url":"https:\/\/kem-europe.eu\/wp-content\/uploads\/2025\/02\/KEM2019-BLACK-1500W.png","contentUrl":"https:\/\/kem-europe.eu\/wp-content\/uploads\/2025\/02\/KEM2019-BLACK-1500W.png","width":1500,"height":626,"caption":"KEM Europe"},"image":{"@id":"https:\/\/kem-europe.eu\/#\/schema\/logo\/image\/"}}]}},"_links":{"self":[{"href":"https:\/\/kem-europe.eu\/de\/wp-json\/wp\/v2\/product\/1744","targetHints":{"allow":["GET"]}}],"collection":[{"href":"https:\/\/kem-europe.eu\/de\/wp-json\/wp\/v2\/product"}],"about":[{"href":"https:\/\/kem-europe.eu\/de\/wp-json\/wp\/v2\/types\/product"}],"replies":[{"embeddable":true,"href":"https:\/\/kem-europe.eu\/de\/wp-json\/wp\/v2\/comments?post=1744"}],"wp:featuredmedia":[{"embeddable":true,"href":"https:\/\/kem-europe.eu\/de\/wp-json\/wp\/v2\/media\/1874"}],"wp:attachment":[{"href":"https:\/\/kem-europe.eu\/de\/wp-json\/wp\/v2\/media?parent=1744"}],"wp:term":[{"taxonomy":"product_brand","embeddable":true,"href":"https:\/\/kem-europe.eu\/de\/wp-json\/wp\/v2\/product_brand?post=1744"},{"taxonomy":"product_cat","embeddable":true,"href":"https:\/\/kem-europe.eu\/de\/wp-json\/wp\/v2\/product_cat?post=1744"},{"taxonomy":"product_tag","embeddable":true,"href":"https:\/\/kem-europe.eu\/de\/wp-json\/wp\/v2\/product_tag?post=1744"}],"curies":[{"name":"wp","href":"https:\/\/api.w.org\/{rel}","templated":true}]}}