{"id":1879,"date":"2025-02-27T08:27:23","date_gmt":"2025-02-27T08:27:23","guid":{"rendered":"https:\/\/kem-europe.eu\/?post_type=product&#038;p=1879"},"modified":"2025-03-06T13:42:15","modified_gmt":"2025-03-06T13:42:15","slug":"globe-glanz-lamellenscheibe-finishing-range","status":"publish","type":"product","link":"https:\/\/kem-europe.eu\/de\/product\/globe-shining-lamellenschijf-finishing-range\/","title":{"rendered":"Globus - Gl\u00e4nzende Klingenscheibe Finishing Range"},"content":{"rendered":"<p>Fantastisches Schleifen mit einem brillanten Endprodukt.<\/p>\n<p>Der Globe 'Shining' geh\u00f6rt zu einer neuen Art von Schleifprodukten f\u00fcr Feinarbeiten. Eine impr\u00e4gnierte Nylonmischung mit Kunstharz und Schleifmittel ist auf einer Glasfaserunterlage mit 3D-Material befestigt. Dieser Vliesstoff ist perfekt f\u00fcr eine einfache und bequeme Endbearbeitung.<\/p>\n<p><strong>Die Vorteile von Globe 'Shining'<\/strong><\/p>\n<ul>\n<li>Flexibel; er passt sich der Form Ihrer Arbeit an<\/li>\n<li>Perfekt f\u00fcr rostfreien Stahl; hinterl\u00e4sst keine Spuren<\/li>\n<li>Verhindert \"Unreinheiten\"; es bleiben keine R\u00fcckst\u00e4nde zur\u00fcck<\/li>\n<li>Lange Lebensdauer<\/li>\n<li>Konstante Dichte<\/li>\n<li>Offene Struktur; verhindert die Ansammlung von Material<\/li>\n<\/ul>\n<p><strong>Art. Nr:<br \/>\n<\/strong><em>G6113<br \/>\nG6116<br \/>\nG6117<br \/>\nG6125<\/em><\/p>","protected":false},"excerpt":{"rendered":"<p><strong>Standard flach | Typ: 41<\/strong><span style=\"color: #cc0000;\"><em><br \/>\n<\/em><\/span><\/p>\n<p>Globe 'Shining' dient der Vorbereitung von Oberfl\u00e4chen f\u00fcr die Lackierung oder Galvanisierung. Sie reduziert die von Bandschleifern oder Entgratungsscheiben verursachte Grobheit. Das Geheimnis dieser Scheibe liegt in ihrer Eigenschaft, sehr fein zu schleifen, um ein sch\u00f6nes Finish zu erzielen. Die 'Shining' ist f\u00fcr Winkelschleifer mit \u00d8115mm geeignet.<\/p>","protected":false},"featured_media":1907,"comment_status":"closed","ping_status":"closed","template":"","meta":[],"product_brand":[620],"product_cat":[281,92],"product_tag":[],"class_list":{"0":"post-1879","1":"product","2":"type-product","3":"status-publish","4":"has-post-thumbnail","6":"product_brand-globe","7":"product_cat-finishing","8":"product_cat-schuur-slijpmiddelen","10":"first","11":"instock","12":"purchasable","13":"product-type-variable"},"ct_brands":[{"id":620,"name":"GLOBE","slug":"globe"}],"yoast_head":"<!-- This site is optimized with the Yoast SEO plugin v27.3 - https:\/\/yoast.com\/product\/yoast-seo-wordpress\/ -->\n<title>Globe - Shining lamellenschijf Finishing Range - KEM Europe<\/title>\n<meta name=\"robots\" content=\"index, follow, max-snippet:-1, max-image-preview:large, max-video-preview:-1\" \/>\n<link rel=\"canonical\" href=\"https:\/\/kem-europe.eu\/de\/produkt\/globe-glanz-lamellenscheibe-finishing-range\/\" \/>\n<meta property=\"og:locale\" content=\"de_DE\" \/>\n<meta property=\"og:type\" content=\"article\" \/>\n<meta property=\"og:title\" content=\"Globe - Shining lamellenschijf Finishing Range - KEM Europe\" \/>\n<meta property=\"og:description\" content=\"Standaard plat | Type: 41   Globe \u2018Shining\u2019 is bedoeld ter voorbereiden van het schilderen of galvaniseren van oppervlakten. Het vermindert grofheid door bandschuurmachines of afbraamschijven. Het geheim van deze schijf zit hem in de eigenschap dat hij zeer fijn schuurt voor een mooie afwerking. De \u2018Shining\u2019 is geschikt voor \u00d8115mm haakse slijpers.\" \/>\n<meta property=\"og:url\" content=\"https:\/\/kem-europe.eu\/de\/produkt\/globe-glanz-lamellenscheibe-finishing-range\/\" \/>\n<meta property=\"og:site_name\" content=\"KEM Europe\" \/>\n<meta property=\"article:modified_time\" content=\"2025-03-06T13:42:15+00:00\" \/>\n<meta property=\"og:image\" content=\"https:\/\/kem-europe.eu\/wp-content\/uploads\/2025\/02\/shining-lamellenschijf.png\" \/>\n\t<meta property=\"og:image:width\" content=\"1024\" \/>\n\t<meta property=\"og:image:height\" content=\"1024\" \/>\n\t<meta property=\"og:image:type\" content=\"image\/png\" \/>\n<meta name=\"twitter:card\" content=\"summary_large_image\" \/>\n<meta name=\"twitter:label1\" content=\"Gesch\u00e4tzte Lesezeit\" \/>\n\t<meta name=\"twitter:data1\" content=\"1\u00a0Minute\" \/>\n<script type=\"application\/ld+json\" class=\"yoast-schema-graph\">{\"@context\":\"https:\\\/\\\/schema.org\",\"@graph\":[{\"@type\":\"WebPage\",\"@id\":\"https:\\\/\\\/kem-europe.eu\\\/product\\\/globe-shining-lamellenschijf-finishing-range\\\/\",\"url\":\"https:\\\/\\\/kem-europe.eu\\\/product\\\/globe-shining-lamellenschijf-finishing-range\\\/\",\"name\":\"Globe - Shining lamellenschijf Finishing Range - KEM Europe\",\"isPartOf\":{\"@id\":\"https:\\\/\\\/kem-europe.eu\\\/#website\"},\"primaryImageOfPage\":{\"@id\":\"https:\\\/\\\/kem-europe.eu\\\/product\\\/globe-shining-lamellenschijf-finishing-range\\\/#primaryimage\"},\"image\":{\"@id\":\"https:\\\/\\\/kem-europe.eu\\\/product\\\/globe-shining-lamellenschijf-finishing-range\\\/#primaryimage\"},\"thumbnailUrl\":\"https:\\\/\\\/kem-europe.eu\\\/wp-content\\\/uploads\\\/2025\\\/02\\\/shining-lamellenschijf.png\",\"datePublished\":\"2025-02-27T08:27:23+00:00\",\"dateModified\":\"2025-03-06T13:42:15+00:00\",\"breadcrumb\":{\"@id\":\"https:\\\/\\\/kem-europe.eu\\\/product\\\/globe-shining-lamellenschijf-finishing-range\\\/#breadcrumb\"},\"inLanguage\":\"de\",\"potentialAction\":[{\"@type\":\"ReadAction\",\"target\":[\"https:\\\/\\\/kem-europe.eu\\\/product\\\/globe-shining-lamellenschijf-finishing-range\\\/\"]}]},{\"@type\":\"ImageObject\",\"inLanguage\":\"de\",\"@id\":\"https:\\\/\\\/kem-europe.eu\\\/product\\\/globe-shining-lamellenschijf-finishing-range\\\/#primaryimage\",\"url\":\"https:\\\/\\\/kem-europe.eu\\\/wp-content\\\/uploads\\\/2025\\\/02\\\/shining-lamellenschijf.png\",\"contentUrl\":\"https:\\\/\\\/kem-europe.eu\\\/wp-content\\\/uploads\\\/2025\\\/02\\\/shining-lamellenschijf.png\",\"width\":1024,\"height\":1024},{\"@type\":\"BreadcrumbList\",\"@id\":\"https:\\\/\\\/kem-europe.eu\\\/product\\\/globe-shining-lamellenschijf-finishing-range\\\/#breadcrumb\",\"itemListElement\":[{\"@type\":\"ListItem\",\"position\":1,\"name\":\"Home\",\"item\":\"https:\\\/\\\/kem-europe.eu\\\/\"},{\"@type\":\"ListItem\",\"position\":2,\"name\":\"Winkel\",\"item\":\"https:\\\/\\\/kem-europe.eu\\\/winkel\\\/\"},{\"@type\":\"ListItem\",\"position\":3,\"name\":\"Globe &#8211; Shining lamellenschijf Finishing Range\"}]},{\"@type\":\"WebSite\",\"@id\":\"https:\\\/\\\/kem-europe.eu\\\/#website\",\"url\":\"https:\\\/\\\/kem-europe.eu\\\/\",\"name\":\"KEM Europe\",\"description\":\"\",\"publisher\":{\"@id\":\"https:\\\/\\\/kem-europe.eu\\\/#organization\"},\"potentialAction\":[{\"@type\":\"SearchAction\",\"target\":{\"@type\":\"EntryPoint\",\"urlTemplate\":\"https:\\\/\\\/kem-europe.eu\\\/?s={search_term_string}\"},\"query-input\":{\"@type\":\"PropertyValueSpecification\",\"valueRequired\":true,\"valueName\":\"search_term_string\"}}],\"inLanguage\":\"de\"},{\"@type\":\"Organization\",\"@id\":\"https:\\\/\\\/kem-europe.eu\\\/#organization\",\"name\":\"KEM Europe\",\"url\":\"https:\\\/\\\/kem-europe.eu\\\/\",\"logo\":{\"@type\":\"ImageObject\",\"inLanguage\":\"de\",\"@id\":\"https:\\\/\\\/kem-europe.eu\\\/#\\\/schema\\\/logo\\\/image\\\/\",\"url\":\"https:\\\/\\\/kem-europe.eu\\\/wp-content\\\/uploads\\\/2025\\\/02\\\/KEM2019-BLACK-1500W.png\",\"contentUrl\":\"https:\\\/\\\/kem-europe.eu\\\/wp-content\\\/uploads\\\/2025\\\/02\\\/KEM2019-BLACK-1500W.png\",\"width\":1500,\"height\":626,\"caption\":\"KEM Europe\"},\"image\":{\"@id\":\"https:\\\/\\\/kem-europe.eu\\\/#\\\/schema\\\/logo\\\/image\\\/\"}}]}<\/script>\n<!-- \/ Yoast SEO plugin. -->","yoast_head_json":{"title":"Globus - Gl\u00e4nzende F\u00e4cherschleifscheiben - KEM Europe","robots":{"index":"index","follow":"follow","max-snippet":"max-snippet:-1","max-image-preview":"max-image-preview:large","max-video-preview":"max-video-preview:-1"},"canonical":"https:\/\/kem-europe.eu\/de\/produkt\/globe-glanz-lamellenscheibe-finishing-range\/","og_locale":"de_DE","og_type":"article","og_title":"Globe - Shining lamellenschijf Finishing Range - KEM Europe","og_description":"Standaard plat | Type: 41   Globe \u2018Shining\u2019 is bedoeld ter voorbereiden van het schilderen of galvaniseren van oppervlakten. Het vermindert grofheid door bandschuurmachines of afbraamschijven. Het geheim van deze schijf zit hem in de eigenschap dat hij zeer fijn schuurt voor een mooie afwerking. De \u2018Shining\u2019 is geschikt voor \u00d8115mm haakse slijpers.","og_url":"https:\/\/kem-europe.eu\/de\/produkt\/globe-glanz-lamellenscheibe-finishing-range\/","og_site_name":"KEM Europe","article_modified_time":"2025-03-06T13:42:15+00:00","og_image":[{"width":1024,"height":1024,"url":"https:\/\/kem-europe.eu\/wp-content\/uploads\/2025\/02\/shining-lamellenschijf.png","type":"image\/png"}],"twitter_card":"summary_large_image","twitter_misc":{"Gesch\u00e4tzte Lesezeit":"1\u00a0Minute"},"schema":{"@context":"https:\/\/schema.org","@graph":[{"@type":"WebPage","@id":"https:\/\/kem-europe.eu\/product\/globe-shining-lamellenschijf-finishing-range\/","url":"https:\/\/kem-europe.eu\/product\/globe-shining-lamellenschijf-finishing-range\/","name":"Globus - Gl\u00e4nzende F\u00e4cherschleifscheiben - KEM Europe","isPartOf":{"@id":"https:\/\/kem-europe.eu\/#website"},"primaryImageOfPage":{"@id":"https:\/\/kem-europe.eu\/product\/globe-shining-lamellenschijf-finishing-range\/#primaryimage"},"image":{"@id":"https:\/\/kem-europe.eu\/product\/globe-shining-lamellenschijf-finishing-range\/#primaryimage"},"thumbnailUrl":"https:\/\/kem-europe.eu\/wp-content\/uploads\/2025\/02\/shining-lamellenschijf.png","datePublished":"2025-02-27T08:27:23+00:00","dateModified":"2025-03-06T13:42:15+00:00","breadcrumb":{"@id":"https:\/\/kem-europe.eu\/product\/globe-shining-lamellenschijf-finishing-range\/#breadcrumb"},"inLanguage":"de","potentialAction":[{"@type":"ReadAction","target":["https:\/\/kem-europe.eu\/product\/globe-shining-lamellenschijf-finishing-range\/"]}]},{"@type":"ImageObject","inLanguage":"de","@id":"https:\/\/kem-europe.eu\/product\/globe-shining-lamellenschijf-finishing-range\/#primaryimage","url":"https:\/\/kem-europe.eu\/wp-content\/uploads\/2025\/02\/shining-lamellenschijf.png","contentUrl":"https:\/\/kem-europe.eu\/wp-content\/uploads\/2025\/02\/shining-lamellenschijf.png","width":1024,"height":1024},{"@type":"BreadcrumbList","@id":"https:\/\/kem-europe.eu\/product\/globe-shining-lamellenschijf-finishing-range\/#breadcrumb","itemListElement":[{"@type":"ListItem","position":1,"name":"Home","item":"https:\/\/kem-europe.eu\/"},{"@type":"ListItem","position":2,"name":"Winkel","item":"https:\/\/kem-europe.eu\/winkel\/"},{"@type":"ListItem","position":3,"name":"Globe &#8211; Shining lamellenschijf Finishing Range"}]},{"@type":"WebSite","@id":"https:\/\/kem-europe.eu\/#website","url":"https:\/\/kem-europe.eu\/","name":"KEM Europe","description":"","publisher":{"@id":"https:\/\/kem-europe.eu\/#organization"},"potentialAction":[{"@type":"SearchAction","target":{"@type":"EntryPoint","urlTemplate":"https:\/\/kem-europe.eu\/?s={search_term_string}"},"query-input":{"@type":"PropertyValueSpecification","valueRequired":true,"valueName":"search_term_string"}}],"inLanguage":"de"},{"@type":"Organization","@id":"https:\/\/kem-europe.eu\/#organization","name":"KEM Europe","url":"https:\/\/kem-europe.eu\/","logo":{"@type":"ImageObject","inLanguage":"de","@id":"https:\/\/kem-europe.eu\/#\/schema\/logo\/image\/","url":"https:\/\/kem-europe.eu\/wp-content\/uploads\/2025\/02\/KEM2019-BLACK-1500W.png","contentUrl":"https:\/\/kem-europe.eu\/wp-content\/uploads\/2025\/02\/KEM2019-BLACK-1500W.png","width":1500,"height":626,"caption":"KEM Europe"},"image":{"@id":"https:\/\/kem-europe.eu\/#\/schema\/logo\/image\/"}}]}},"_links":{"self":[{"href":"https:\/\/kem-europe.eu\/de\/wp-json\/wp\/v2\/product\/1879","targetHints":{"allow":["GET"]}}],"collection":[{"href":"https:\/\/kem-europe.eu\/de\/wp-json\/wp\/v2\/product"}],"about":[{"href":"https:\/\/kem-europe.eu\/de\/wp-json\/wp\/v2\/types\/product"}],"replies":[{"embeddable":true,"href":"https:\/\/kem-europe.eu\/de\/wp-json\/wp\/v2\/comments?post=1879"}],"wp:featuredmedia":[{"embeddable":true,"href":"https:\/\/kem-europe.eu\/de\/wp-json\/wp\/v2\/media\/1907"}],"wp:attachment":[{"href":"https:\/\/kem-europe.eu\/de\/wp-json\/wp\/v2\/media?parent=1879"}],"wp:term":[{"taxonomy":"product_brand","embeddable":true,"href":"https:\/\/kem-europe.eu\/de\/wp-json\/wp\/v2\/product_brand?post=1879"},{"taxonomy":"product_cat","embeddable":true,"href":"https:\/\/kem-europe.eu\/de\/wp-json\/wp\/v2\/product_cat?post=1879"},{"taxonomy":"product_tag","embeddable":true,"href":"https:\/\/kem-europe.eu\/de\/wp-json\/wp\/v2\/product_tag?post=1879"}],"curies":[{"name":"wp","href":"https:\/\/api.w.org\/{rel}","templated":true}]}}