{"id":1880,"date":"2025-02-27T08:27:23","date_gmt":"2025-02-27T08:27:23","guid":{"rendered":"https:\/\/kem-europe.eu\/?post_type=product&#038;p=1880"},"modified":"2025-03-06T13:48:48","modified_gmt":"2025-03-06T13:48:48","slug":"globe-scheuerschwamm-finishing-range","status":"publish","type":"product","link":"https:\/\/kem-europe.eu\/de\/product\/globe-scrubber-finishing-range\/","title":{"rendered":"Globus - Scheuerb\u00fcrsten-Produktreihe"},"content":{"rendered":"<p><strong>Anwendungen Globe 'Scrubber'<\/strong><\/p>\n<ul>\n<li>Behandlung von Oberfl\u00e4chen<\/li>\n<li>Reinigung von Schwei\u00dfn\u00e4hten<\/li>\n<li>Entfernung von Flecken, Graten, Rost, Schutzwachs, Zementresten, Salz, Fett<\/li>\n<li>Ideal f\u00fcr: Schiffbau, Bauwesen, Bleche, Bauwesen<\/li>\n<\/ul>\n<p>&nbsp;<\/p>\n<p><strong>Die Vorteile von Globe 'Scrubber'<\/strong><\/p>\n<ul>\n<li>Schnelle und pr\u00e4zise Reinigung<\/li>\n<li>Ver\u00e4ndert nicht die Form der Arbeit<\/li>\n<li>Wirtschaft<\/li>\n<li>Verhindert den Einsatz herk\u00f6mmlicher, giftiger und \u00e4tzender Chemikalien<\/li>\n<li>Flexibel<\/li>\n<li>Kann mit K\u00e4ltemitteln verwendet werden<\/li>\n<li>Konstante Dichte<\/li>\n<li>Offene Struktur; verhindert die Ansammlung von Material<\/li>\n<\/ul>\n<p><strong><br \/>\nArt. Nr:<\/strong><br \/>\n<em>G6211<br \/>\nG6212<\/em><\/p>","protected":false},"excerpt":{"rendered":"<p><strong>Standard flach | Typ: 41<\/strong><span style=\"color: #cc0000;\"><em><br \/>\n<\/em><\/span><\/p>\n<p>Der neue Globe `Scrubber' wurde f\u00fcr die Reinigung von rostfreiem Stahl und Nichteisenmetallen entwickelt. Farbe, Oxidation, Rost, Zunder und Betonr\u00fcckst\u00e4nde k\u00f6nnen mit dem Scrubber perfekt entfernt werden. Die Scheibe besteht aus einer z\u00e4hen, flexiblen Zusammensetzung aus Nylon und Fasern, die mit einem Kunstharz impr\u00e4gniert sind. Die R\u00fcckseite besteht aus Glasfaser.<\/p>","protected":false},"featured_media":1909,"comment_status":"closed","ping_status":"closed","template":"","meta":[],"product_brand":[620],"product_cat":[281,92],"product_tag":[],"class_list":{"0":"post-1880","1":"product","2":"type-product","3":"status-publish","4":"has-post-thumbnail","6":"product_brand-globe","7":"product_cat-finishing","8":"product_cat-schuur-slijpmiddelen","10":"first","11":"instock","12":"purchasable","13":"product-type-variable"},"ct_brands":[{"id":620,"name":"GLOBE","slug":"globe"}],"yoast_head":"<!-- This site is optimized with the Yoast SEO plugin v27.3 - https:\/\/yoast.com\/product\/yoast-seo-wordpress\/ -->\n<title>Globe - Scrubber Finishing Range - KEM Europe<\/title>\n<meta name=\"robots\" content=\"index, follow, max-snippet:-1, max-image-preview:large, max-video-preview:-1\" \/>\n<link rel=\"canonical\" href=\"https:\/\/kem-europe.eu\/de\/produkt\/globe-scheuerschwamm-finishing-range\/\" \/>\n<meta property=\"og:locale\" content=\"de_DE\" \/>\n<meta property=\"og:type\" content=\"article\" \/>\n<meta property=\"og:title\" content=\"Globe - Scrubber Finishing Range - KEM Europe\" \/>\n<meta property=\"og:description\" content=\"Standaard plat | Type: 41   De nieuwe Globe `Scrubber\u00b4 is ontwikkelt voor het schoonmaken van RVS staal en niet ijzerhoudendende metalen. Verf, oxidatie, roest, kalkaanslag, betonresten zijn perfect te verwijderen met de Scrubber. De schijf bestaat uit een stevige, flexibele samenstelling van nylon en fiber die is geimpregneerd met een synthetische hars. De achterzijde is van fiberglas.\" \/>\n<meta property=\"og:url\" content=\"https:\/\/kem-europe.eu\/de\/produkt\/globe-scheuerschwamm-finishing-range\/\" \/>\n<meta property=\"og:site_name\" content=\"KEM Europe\" \/>\n<meta property=\"article:modified_time\" content=\"2025-03-06T13:48:48+00:00\" \/>\n<meta property=\"og:image\" content=\"https:\/\/kem-europe.eu\/wp-content\/uploads\/2025\/02\/shining-1.jpg\" \/>\n\t<meta property=\"og:image:width\" content=\"700\" \/>\n\t<meta property=\"og:image:height\" content=\"700\" \/>\n\t<meta property=\"og:image:type\" content=\"image\/jpeg\" \/>\n<meta name=\"twitter:card\" content=\"summary_large_image\" \/>\n<meta name=\"twitter:label1\" content=\"Gesch\u00e4tzte Lesezeit\" \/>\n\t<meta name=\"twitter:data1\" content=\"1\u00a0Minute\" \/>\n<script type=\"application\/ld+json\" class=\"yoast-schema-graph\">{\"@context\":\"https:\\\/\\\/schema.org\",\"@graph\":[{\"@type\":\"WebPage\",\"@id\":\"https:\\\/\\\/kem-europe.eu\\\/product\\\/globe-scrubber-finishing-range\\\/\",\"url\":\"https:\\\/\\\/kem-europe.eu\\\/product\\\/globe-scrubber-finishing-range\\\/\",\"name\":\"Globe - Scrubber Finishing Range - KEM Europe\",\"isPartOf\":{\"@id\":\"https:\\\/\\\/kem-europe.eu\\\/#website\"},\"primaryImageOfPage\":{\"@id\":\"https:\\\/\\\/kem-europe.eu\\\/product\\\/globe-scrubber-finishing-range\\\/#primaryimage\"},\"image\":{\"@id\":\"https:\\\/\\\/kem-europe.eu\\\/product\\\/globe-scrubber-finishing-range\\\/#primaryimage\"},\"thumbnailUrl\":\"https:\\\/\\\/kem-europe.eu\\\/wp-content\\\/uploads\\\/2025\\\/02\\\/shining-1.jpg\",\"datePublished\":\"2025-02-27T08:27:23+00:00\",\"dateModified\":\"2025-03-06T13:48:48+00:00\",\"breadcrumb\":{\"@id\":\"https:\\\/\\\/kem-europe.eu\\\/product\\\/globe-scrubber-finishing-range\\\/#breadcrumb\"},\"inLanguage\":\"de\",\"potentialAction\":[{\"@type\":\"ReadAction\",\"target\":[\"https:\\\/\\\/kem-europe.eu\\\/product\\\/globe-scrubber-finishing-range\\\/\"]}]},{\"@type\":\"ImageObject\",\"inLanguage\":\"de\",\"@id\":\"https:\\\/\\\/kem-europe.eu\\\/product\\\/globe-scrubber-finishing-range\\\/#primaryimage\",\"url\":\"https:\\\/\\\/kem-europe.eu\\\/wp-content\\\/uploads\\\/2025\\\/02\\\/shining-1.jpg\",\"contentUrl\":\"https:\\\/\\\/kem-europe.eu\\\/wp-content\\\/uploads\\\/2025\\\/02\\\/shining-1.jpg\",\"width\":700,\"height\":700},{\"@type\":\"BreadcrumbList\",\"@id\":\"https:\\\/\\\/kem-europe.eu\\\/product\\\/globe-scrubber-finishing-range\\\/#breadcrumb\",\"itemListElement\":[{\"@type\":\"ListItem\",\"position\":1,\"name\":\"Home\",\"item\":\"https:\\\/\\\/kem-europe.eu\\\/\"},{\"@type\":\"ListItem\",\"position\":2,\"name\":\"Winkel\",\"item\":\"https:\\\/\\\/kem-europe.eu\\\/winkel\\\/\"},{\"@type\":\"ListItem\",\"position\":3,\"name\":\"Globe &#8211; Scrubber Finishing Range\"}]},{\"@type\":\"WebSite\",\"@id\":\"https:\\\/\\\/kem-europe.eu\\\/#website\",\"url\":\"https:\\\/\\\/kem-europe.eu\\\/\",\"name\":\"KEM Europe\",\"description\":\"\",\"publisher\":{\"@id\":\"https:\\\/\\\/kem-europe.eu\\\/#organization\"},\"potentialAction\":[{\"@type\":\"SearchAction\",\"target\":{\"@type\":\"EntryPoint\",\"urlTemplate\":\"https:\\\/\\\/kem-europe.eu\\\/?s={search_term_string}\"},\"query-input\":{\"@type\":\"PropertyValueSpecification\",\"valueRequired\":true,\"valueName\":\"search_term_string\"}}],\"inLanguage\":\"de\"},{\"@type\":\"Organization\",\"@id\":\"https:\\\/\\\/kem-europe.eu\\\/#organization\",\"name\":\"KEM Europe\",\"url\":\"https:\\\/\\\/kem-europe.eu\\\/\",\"logo\":{\"@type\":\"ImageObject\",\"inLanguage\":\"de\",\"@id\":\"https:\\\/\\\/kem-europe.eu\\\/#\\\/schema\\\/logo\\\/image\\\/\",\"url\":\"https:\\\/\\\/kem-europe.eu\\\/wp-content\\\/uploads\\\/2025\\\/02\\\/KEM2019-BLACK-1500W.png\",\"contentUrl\":\"https:\\\/\\\/kem-europe.eu\\\/wp-content\\\/uploads\\\/2025\\\/02\\\/KEM2019-BLACK-1500W.png\",\"width\":1500,\"height\":626,\"caption\":\"KEM Europe\"},\"image\":{\"@id\":\"https:\\\/\\\/kem-europe.eu\\\/#\\\/schema\\\/logo\\\/image\\\/\"}}]}<\/script>\n<!-- \/ Yoast SEO plugin. -->","yoast_head_json":{"title":"Globus - Scheuerb\u00fcrstenprogramm - KEM Europe","robots":{"index":"index","follow":"follow","max-snippet":"max-snippet:-1","max-image-preview":"max-image-preview:large","max-video-preview":"max-video-preview:-1"},"canonical":"https:\/\/kem-europe.eu\/de\/produkt\/globe-scheuerschwamm-finishing-range\/","og_locale":"de_DE","og_type":"article","og_title":"Globe - Scrubber Finishing Range - KEM Europe","og_description":"Standaard plat | Type: 41   De nieuwe Globe `Scrubber\u00b4 is ontwikkelt voor het schoonmaken van RVS staal en niet ijzerhoudendende metalen. Verf, oxidatie, roest, kalkaanslag, betonresten zijn perfect te verwijderen met de Scrubber. De schijf bestaat uit een stevige, flexibele samenstelling van nylon en fiber die is geimpregneerd met een synthetische hars. De achterzijde is van fiberglas.","og_url":"https:\/\/kem-europe.eu\/de\/produkt\/globe-scheuerschwamm-finishing-range\/","og_site_name":"KEM Europe","article_modified_time":"2025-03-06T13:48:48+00:00","og_image":[{"width":700,"height":700,"url":"https:\/\/kem-europe.eu\/wp-content\/uploads\/2025\/02\/shining-1.jpg","type":"image\/jpeg"}],"twitter_card":"summary_large_image","twitter_misc":{"Gesch\u00e4tzte Lesezeit":"1\u00a0Minute"},"schema":{"@context":"https:\/\/schema.org","@graph":[{"@type":"WebPage","@id":"https:\/\/kem-europe.eu\/product\/globe-scrubber-finishing-range\/","url":"https:\/\/kem-europe.eu\/product\/globe-scrubber-finishing-range\/","name":"Globus - Scheuerb\u00fcrstenprogramm - KEM Europe","isPartOf":{"@id":"https:\/\/kem-europe.eu\/#website"},"primaryImageOfPage":{"@id":"https:\/\/kem-europe.eu\/product\/globe-scrubber-finishing-range\/#primaryimage"},"image":{"@id":"https:\/\/kem-europe.eu\/product\/globe-scrubber-finishing-range\/#primaryimage"},"thumbnailUrl":"https:\/\/kem-europe.eu\/wp-content\/uploads\/2025\/02\/shining-1.jpg","datePublished":"2025-02-27T08:27:23+00:00","dateModified":"2025-03-06T13:48:48+00:00","breadcrumb":{"@id":"https:\/\/kem-europe.eu\/product\/globe-scrubber-finishing-range\/#breadcrumb"},"inLanguage":"de","potentialAction":[{"@type":"ReadAction","target":["https:\/\/kem-europe.eu\/product\/globe-scrubber-finishing-range\/"]}]},{"@type":"ImageObject","inLanguage":"de","@id":"https:\/\/kem-europe.eu\/product\/globe-scrubber-finishing-range\/#primaryimage","url":"https:\/\/kem-europe.eu\/wp-content\/uploads\/2025\/02\/shining-1.jpg","contentUrl":"https:\/\/kem-europe.eu\/wp-content\/uploads\/2025\/02\/shining-1.jpg","width":700,"height":700},{"@type":"BreadcrumbList","@id":"https:\/\/kem-europe.eu\/product\/globe-scrubber-finishing-range\/#breadcrumb","itemListElement":[{"@type":"ListItem","position":1,"name":"Home","item":"https:\/\/kem-europe.eu\/"},{"@type":"ListItem","position":2,"name":"Winkel","item":"https:\/\/kem-europe.eu\/winkel\/"},{"@type":"ListItem","position":3,"name":"Globe &#8211; Scrubber Finishing Range"}]},{"@type":"WebSite","@id":"https:\/\/kem-europe.eu\/#website","url":"https:\/\/kem-europe.eu\/","name":"KEM Europe","description":"","publisher":{"@id":"https:\/\/kem-europe.eu\/#organization"},"potentialAction":[{"@type":"SearchAction","target":{"@type":"EntryPoint","urlTemplate":"https:\/\/kem-europe.eu\/?s={search_term_string}"},"query-input":{"@type":"PropertyValueSpecification","valueRequired":true,"valueName":"search_term_string"}}],"inLanguage":"de"},{"@type":"Organization","@id":"https:\/\/kem-europe.eu\/#organization","name":"KEM Europe","url":"https:\/\/kem-europe.eu\/","logo":{"@type":"ImageObject","inLanguage":"de","@id":"https:\/\/kem-europe.eu\/#\/schema\/logo\/image\/","url":"https:\/\/kem-europe.eu\/wp-content\/uploads\/2025\/02\/KEM2019-BLACK-1500W.png","contentUrl":"https:\/\/kem-europe.eu\/wp-content\/uploads\/2025\/02\/KEM2019-BLACK-1500W.png","width":1500,"height":626,"caption":"KEM Europe"},"image":{"@id":"https:\/\/kem-europe.eu\/#\/schema\/logo\/image\/"}}]}},"_links":{"self":[{"href":"https:\/\/kem-europe.eu\/de\/wp-json\/wp\/v2\/product\/1880","targetHints":{"allow":["GET"]}}],"collection":[{"href":"https:\/\/kem-europe.eu\/de\/wp-json\/wp\/v2\/product"}],"about":[{"href":"https:\/\/kem-europe.eu\/de\/wp-json\/wp\/v2\/types\/product"}],"replies":[{"embeddable":true,"href":"https:\/\/kem-europe.eu\/de\/wp-json\/wp\/v2\/comments?post=1880"}],"wp:featuredmedia":[{"embeddable":true,"href":"https:\/\/kem-europe.eu\/de\/wp-json\/wp\/v2\/media\/1909"}],"wp:attachment":[{"href":"https:\/\/kem-europe.eu\/de\/wp-json\/wp\/v2\/media?parent=1880"}],"wp:term":[{"taxonomy":"product_brand","embeddable":true,"href":"https:\/\/kem-europe.eu\/de\/wp-json\/wp\/v2\/product_brand?post=1880"},{"taxonomy":"product_cat","embeddable":true,"href":"https:\/\/kem-europe.eu\/de\/wp-json\/wp\/v2\/product_cat?post=1880"},{"taxonomy":"product_tag","embeddable":true,"href":"https:\/\/kem-europe.eu\/de\/wp-json\/wp\/v2\/product_tag?post=1880"}],"curies":[{"name":"wp","href":"https:\/\/api.w.org\/{rel}","templated":true}]}}