{"id":1884,"date":"2025-02-27T08:27:23","date_gmt":"2025-02-27T08:27:23","guid":{"rendered":"https:\/\/kem-europe.eu\/?post_type=product&#038;p=1884"},"modified":"2025-03-07T08:51:06","modified_gmt":"2025-03-07T08:51:06","slug":"lenox-dhs-diamant-lochsage","status":"publish","type":"product","link":"https:\/\/kem-europe.eu\/de\/product\/lenox-dhs-diamond-gatzaag\/","title":{"rendered":"Lenox DHS Diamant-Lochs\u00e4ge"},"content":{"rendered":"<p><strong>Eigenschaften Lenox DHS Diamant-Lochs\u00e4ge<\/strong><\/p>\n<ul>\n<li>Langlebige, durchgehende, hart isolierte Seite h\u00e4lt l\u00e4nger bei der Verwendung f\u00fcr Fliesen und Stein<\/li>\n<li>Robuste Konstruktion f\u00fcr erh\u00f6hte Haltbarkeit bei schweren Arbeiten<\/li>\n<li>Niedriges Drehmoment, niedriger Druck erforderlich<\/li>\n<li>\u00dcbergro\u00dfer Schlitz in der Lochs\u00e4ge zum einfachen Entfernen von Bohrklein<\/li>\n<\/ul>\n<p><strong>Technische Daten<\/strong><\/p>\n<ul>\n<li>Durchmesser - zu verwendende Halterung\n<ul>\n<li>20 mm - 1L, 4L, 5L<\/li>\n<li>22 mm - 2L, 3L, 6L<\/li>\n<li>25 mm - 2L, 3L, 6L<\/li>\n<li>35 mm - 2L, 3L, 6L, 7L<\/li>\n<li>68 mm - 2L, 3L, 6L, 7L<\/li>\n<li>76 mm - 2L, 3L, 6L, 7L<\/li>\n<\/ul>\n<\/li>\n<\/ul>\n<ul>\n<li>Tiefe - 4 cm<\/li>\n<\/ul>","protected":false},"excerpt":{"rendered":"<p>Kenmerken Lenox DHS Diamond Gatzaag Duurzame, continue, hardgesoleerde kant gaat langer mee bij gebruik voor tegels en steen Robuust ontwerp voor meer duurzaamheid tijden zwaar werk Laag koppel, weinig druk vereist Oversized gleuf in gatzaag voor eenvoudige verwijdering van de boorprop Technische specificaties Diameter &#8211; Te gebruiken houder 20 mm &#8211; 1L, 4L, 5L 22 [&hellip;]<\/p>\n","protected":false},"featured_media":1914,"comment_status":"closed","ping_status":"closed","template":"","meta":[],"product_brand":[621],"product_cat":[282,269,283],"product_tag":[],"class_list":{"0":"post-1884","1":"product","2":"type-product","3":"status-publish","4":"has-post-thumbnail","6":"product_brand-lenox","7":"product_cat-gatenzaag","8":"product_cat-verbruiksartikelen-2","9":"product_cat-zagen-2","11":"first","12":"instock","13":"purchasable","14":"product-type-variable"},"ct_brands":[{"id":621,"name":"LENOX","slug":"lenox"}],"yoast_head":"<!-- This site is optimized with the Yoast SEO plugin v27.3 - https:\/\/yoast.com\/product\/yoast-seo-wordpress\/ -->\n<title>Lenox DHS Diamond Gatzaag - KEM Europe<\/title>\n<meta name=\"robots\" content=\"index, follow, max-snippet:-1, max-image-preview:large, max-video-preview:-1\" \/>\n<link rel=\"canonical\" href=\"https:\/\/kem-europe.eu\/de\/produkt\/lenox-dhs-diamant-lochsage\/\" \/>\n<meta property=\"og:locale\" content=\"de_DE\" \/>\n<meta property=\"og:type\" content=\"article\" \/>\n<meta property=\"og:title\" content=\"Lenox DHS Diamond Gatzaag - KEM Europe\" \/>\n<meta property=\"og:description\" content=\"Kenmerken Lenox DHS Diamond Gatzaag Duurzame, continue, hardgesoleerde kant gaat langer mee bij gebruik voor tegels en steen Robuust ontwerp voor meer duurzaamheid tijden zwaar werk Laag koppel, weinig druk vereist Oversized gleuf in gatzaag voor eenvoudige verwijdering van de boorprop Technische specificaties Diameter &#8211; Te gebruiken houder 20 mm &#8211; 1L, 4L, 5L 22 [&hellip;]\" \/>\n<meta property=\"og:url\" content=\"https:\/\/kem-europe.eu\/de\/produkt\/lenox-dhs-diamant-lochsage\/\" \/>\n<meta property=\"og:site_name\" content=\"KEM Europe\" \/>\n<meta property=\"article:modified_time\" content=\"2025-03-07T08:51:06+00:00\" \/>\n<meta property=\"og:image\" content=\"https:\/\/kem-europe.eu\/wp-content\/uploads\/2025\/02\/Lenox-DHS-Gatboor.jpg\" \/>\n\t<meta property=\"og:image:width\" content=\"700\" \/>\n\t<meta property=\"og:image:height\" content=\"700\" \/>\n\t<meta property=\"og:image:type\" content=\"image\/jpeg\" \/>\n<meta name=\"twitter:card\" content=\"summary_large_image\" \/>\n<meta name=\"twitter:label1\" content=\"Gesch\u00e4tzte Lesezeit\" \/>\n\t<meta name=\"twitter:data1\" content=\"1\u00a0Minute\" \/>\n<script type=\"application\/ld+json\" class=\"yoast-schema-graph\">{\"@context\":\"https:\\\/\\\/schema.org\",\"@graph\":[{\"@type\":\"WebPage\",\"@id\":\"https:\\\/\\\/kem-europe.eu\\\/product\\\/lenox-dhs-diamond-gatzaag\\\/\",\"url\":\"https:\\\/\\\/kem-europe.eu\\\/product\\\/lenox-dhs-diamond-gatzaag\\\/\",\"name\":\"Lenox DHS Diamond Gatzaag - KEM Europe\",\"isPartOf\":{\"@id\":\"https:\\\/\\\/kem-europe.eu\\\/#website\"},\"primaryImageOfPage\":{\"@id\":\"https:\\\/\\\/kem-europe.eu\\\/product\\\/lenox-dhs-diamond-gatzaag\\\/#primaryimage\"},\"image\":{\"@id\":\"https:\\\/\\\/kem-europe.eu\\\/product\\\/lenox-dhs-diamond-gatzaag\\\/#primaryimage\"},\"thumbnailUrl\":\"https:\\\/\\\/kem-europe.eu\\\/wp-content\\\/uploads\\\/2025\\\/02\\\/Lenox-DHS-Gatboor.jpg\",\"datePublished\":\"2025-02-27T08:27:23+00:00\",\"dateModified\":\"2025-03-07T08:51:06+00:00\",\"breadcrumb\":{\"@id\":\"https:\\\/\\\/kem-europe.eu\\\/product\\\/lenox-dhs-diamond-gatzaag\\\/#breadcrumb\"},\"inLanguage\":\"de\",\"potentialAction\":[{\"@type\":\"ReadAction\",\"target\":[\"https:\\\/\\\/kem-europe.eu\\\/product\\\/lenox-dhs-diamond-gatzaag\\\/\"]}]},{\"@type\":\"ImageObject\",\"inLanguage\":\"de\",\"@id\":\"https:\\\/\\\/kem-europe.eu\\\/product\\\/lenox-dhs-diamond-gatzaag\\\/#primaryimage\",\"url\":\"https:\\\/\\\/kem-europe.eu\\\/wp-content\\\/uploads\\\/2025\\\/02\\\/Lenox-DHS-Gatboor.jpg\",\"contentUrl\":\"https:\\\/\\\/kem-europe.eu\\\/wp-content\\\/uploads\\\/2025\\\/02\\\/Lenox-DHS-Gatboor.jpg\",\"width\":700,\"height\":700},{\"@type\":\"BreadcrumbList\",\"@id\":\"https:\\\/\\\/kem-europe.eu\\\/product\\\/lenox-dhs-diamond-gatzaag\\\/#breadcrumb\",\"itemListElement\":[{\"@type\":\"ListItem\",\"position\":1,\"name\":\"Home\",\"item\":\"https:\\\/\\\/kem-europe.eu\\\/\"},{\"@type\":\"ListItem\",\"position\":2,\"name\":\"Winkel\",\"item\":\"https:\\\/\\\/kem-europe.eu\\\/winkel\\\/\"},{\"@type\":\"ListItem\",\"position\":3,\"name\":\"Lenox DHS Diamond Gatzaag\"}]},{\"@type\":\"WebSite\",\"@id\":\"https:\\\/\\\/kem-europe.eu\\\/#website\",\"url\":\"https:\\\/\\\/kem-europe.eu\\\/\",\"name\":\"KEM Europe\",\"description\":\"\",\"publisher\":{\"@id\":\"https:\\\/\\\/kem-europe.eu\\\/#organization\"},\"potentialAction\":[{\"@type\":\"SearchAction\",\"target\":{\"@type\":\"EntryPoint\",\"urlTemplate\":\"https:\\\/\\\/kem-europe.eu\\\/?s={search_term_string}\"},\"query-input\":{\"@type\":\"PropertyValueSpecification\",\"valueRequired\":true,\"valueName\":\"search_term_string\"}}],\"inLanguage\":\"de\"},{\"@type\":\"Organization\",\"@id\":\"https:\\\/\\\/kem-europe.eu\\\/#organization\",\"name\":\"KEM Europe\",\"url\":\"https:\\\/\\\/kem-europe.eu\\\/\",\"logo\":{\"@type\":\"ImageObject\",\"inLanguage\":\"de\",\"@id\":\"https:\\\/\\\/kem-europe.eu\\\/#\\\/schema\\\/logo\\\/image\\\/\",\"url\":\"https:\\\/\\\/kem-europe.eu\\\/wp-content\\\/uploads\\\/2025\\\/02\\\/KEM2019-BLACK-1500W.png\",\"contentUrl\":\"https:\\\/\\\/kem-europe.eu\\\/wp-content\\\/uploads\\\/2025\\\/02\\\/KEM2019-BLACK-1500W.png\",\"width\":1500,\"height\":626,\"caption\":\"KEM Europe\"},\"image\":{\"@id\":\"https:\\\/\\\/kem-europe.eu\\\/#\\\/schema\\\/logo\\\/image\\\/\"}}]}<\/script>\n<!-- \/ Yoast SEO plugin. -->","yoast_head_json":{"title":"Lenox DHS Diamant-Lochs\u00e4ge - KEM Europe","robots":{"index":"index","follow":"follow","max-snippet":"max-snippet:-1","max-image-preview":"max-image-preview:large","max-video-preview":"max-video-preview:-1"},"canonical":"https:\/\/kem-europe.eu\/de\/produkt\/lenox-dhs-diamant-lochsage\/","og_locale":"de_DE","og_type":"article","og_title":"Lenox DHS Diamond Gatzaag - KEM Europe","og_description":"Kenmerken Lenox DHS Diamond Gatzaag Duurzame, continue, hardgesoleerde kant gaat langer mee bij gebruik voor tegels en steen Robuust ontwerp voor meer duurzaamheid tijden zwaar werk Laag koppel, weinig druk vereist Oversized gleuf in gatzaag voor eenvoudige verwijdering van de boorprop Technische specificaties Diameter &#8211; Te gebruiken houder 20 mm &#8211; 1L, 4L, 5L 22 [&hellip;]","og_url":"https:\/\/kem-europe.eu\/de\/produkt\/lenox-dhs-diamant-lochsage\/","og_site_name":"KEM Europe","article_modified_time":"2025-03-07T08:51:06+00:00","og_image":[{"width":700,"height":700,"url":"https:\/\/kem-europe.eu\/wp-content\/uploads\/2025\/02\/Lenox-DHS-Gatboor.jpg","type":"image\/jpeg"}],"twitter_card":"summary_large_image","twitter_misc":{"Gesch\u00e4tzte Lesezeit":"1\u00a0Minute"},"schema":{"@context":"https:\/\/schema.org","@graph":[{"@type":"WebPage","@id":"https:\/\/kem-europe.eu\/product\/lenox-dhs-diamond-gatzaag\/","url":"https:\/\/kem-europe.eu\/product\/lenox-dhs-diamond-gatzaag\/","name":"Lenox DHS Diamant-Lochs\u00e4ge - KEM Europe","isPartOf":{"@id":"https:\/\/kem-europe.eu\/#website"},"primaryImageOfPage":{"@id":"https:\/\/kem-europe.eu\/product\/lenox-dhs-diamond-gatzaag\/#primaryimage"},"image":{"@id":"https:\/\/kem-europe.eu\/product\/lenox-dhs-diamond-gatzaag\/#primaryimage"},"thumbnailUrl":"https:\/\/kem-europe.eu\/wp-content\/uploads\/2025\/02\/Lenox-DHS-Gatboor.jpg","datePublished":"2025-02-27T08:27:23+00:00","dateModified":"2025-03-07T08:51:06+00:00","breadcrumb":{"@id":"https:\/\/kem-europe.eu\/product\/lenox-dhs-diamond-gatzaag\/#breadcrumb"},"inLanguage":"de","potentialAction":[{"@type":"ReadAction","target":["https:\/\/kem-europe.eu\/product\/lenox-dhs-diamond-gatzaag\/"]}]},{"@type":"ImageObject","inLanguage":"de","@id":"https:\/\/kem-europe.eu\/product\/lenox-dhs-diamond-gatzaag\/#primaryimage","url":"https:\/\/kem-europe.eu\/wp-content\/uploads\/2025\/02\/Lenox-DHS-Gatboor.jpg","contentUrl":"https:\/\/kem-europe.eu\/wp-content\/uploads\/2025\/02\/Lenox-DHS-Gatboor.jpg","width":700,"height":700},{"@type":"BreadcrumbList","@id":"https:\/\/kem-europe.eu\/product\/lenox-dhs-diamond-gatzaag\/#breadcrumb","itemListElement":[{"@type":"ListItem","position":1,"name":"Home","item":"https:\/\/kem-europe.eu\/"},{"@type":"ListItem","position":2,"name":"Winkel","item":"https:\/\/kem-europe.eu\/winkel\/"},{"@type":"ListItem","position":3,"name":"Lenox DHS Diamond Gatzaag"}]},{"@type":"WebSite","@id":"https:\/\/kem-europe.eu\/#website","url":"https:\/\/kem-europe.eu\/","name":"KEM Europe","description":"","publisher":{"@id":"https:\/\/kem-europe.eu\/#organization"},"potentialAction":[{"@type":"SearchAction","target":{"@type":"EntryPoint","urlTemplate":"https:\/\/kem-europe.eu\/?s={search_term_string}"},"query-input":{"@type":"PropertyValueSpecification","valueRequired":true,"valueName":"search_term_string"}}],"inLanguage":"de"},{"@type":"Organization","@id":"https:\/\/kem-europe.eu\/#organization","name":"KEM Europe","url":"https:\/\/kem-europe.eu\/","logo":{"@type":"ImageObject","inLanguage":"de","@id":"https:\/\/kem-europe.eu\/#\/schema\/logo\/image\/","url":"https:\/\/kem-europe.eu\/wp-content\/uploads\/2025\/02\/KEM2019-BLACK-1500W.png","contentUrl":"https:\/\/kem-europe.eu\/wp-content\/uploads\/2025\/02\/KEM2019-BLACK-1500W.png","width":1500,"height":626,"caption":"KEM Europe"},"image":{"@id":"https:\/\/kem-europe.eu\/#\/schema\/logo\/image\/"}}]}},"_links":{"self":[{"href":"https:\/\/kem-europe.eu\/de\/wp-json\/wp\/v2\/product\/1884","targetHints":{"allow":["GET"]}}],"collection":[{"href":"https:\/\/kem-europe.eu\/de\/wp-json\/wp\/v2\/product"}],"about":[{"href":"https:\/\/kem-europe.eu\/de\/wp-json\/wp\/v2\/types\/product"}],"replies":[{"embeddable":true,"href":"https:\/\/kem-europe.eu\/de\/wp-json\/wp\/v2\/comments?post=1884"}],"wp:featuredmedia":[{"embeddable":true,"href":"https:\/\/kem-europe.eu\/de\/wp-json\/wp\/v2\/media\/1914"}],"wp:attachment":[{"href":"https:\/\/kem-europe.eu\/de\/wp-json\/wp\/v2\/media?parent=1884"}],"wp:term":[{"taxonomy":"product_brand","embeddable":true,"href":"https:\/\/kem-europe.eu\/de\/wp-json\/wp\/v2\/product_brand?post=1884"},{"taxonomy":"product_cat","embeddable":true,"href":"https:\/\/kem-europe.eu\/de\/wp-json\/wp\/v2\/product_cat?post=1884"},{"taxonomy":"product_tag","embeddable":true,"href":"https:\/\/kem-europe.eu\/de\/wp-json\/wp\/v2\/product_tag?post=1884"}],"curies":[{"name":"wp","href":"https:\/\/api.w.org\/{rel}","templated":true}]}}