{"id":1885,"date":"2025-02-27T08:27:23","date_gmt":"2025-02-27T08:27:23","guid":{"rendered":"https:\/\/kem-europe.eu\/?post_type=product&#038;p=1885"},"modified":"2025-03-07T08:54:29","modified_gmt":"2025-03-07T08:54:29","slug":"lenox-lochsage-mit-hartmetallzaehnen","status":"publish","type":"product","link":"https:\/\/kem-europe.eu\/de\/product\/lenox-gatzaag-met-carbidetanden\/","title":{"rendered":"Lenox Lochs\u00e4ge mit Hartmetallz\u00e4hnen"},"content":{"rendered":"<p><strong>Eigenschaften Lenox Lochs\u00e4ge mit Hartmetallz\u00e4hnen<\/strong><\/p>\n<ul>\n<li>Die hitzebest\u00e4ndigen Hartmetallz\u00e4hne halten lange, wenn sie f\u00fcr Fliesen und rostfreien Stahl verwendet werden<\/li>\n<li>Die dicke Tr\u00e4gerplatte gew\u00e4hrleistet eine hohe Widerstandsf\u00e4higkeit und eine l\u00e4ngere Lebensdauer<\/li>\n<li>Spezielles Zahndesign f\u00fcr besonders schnelles Schneiden in rostfreiem Stahl<\/li>\n<\/ul>\n<p><strong>Technische Daten<\/strong><\/p>\n<div>\n<table>\n<tbody>\n<tr>\n<td>Beschreibung<\/td>\n<td colspan=\"2\">Halterung zu verwenden<\/td>\n<td colspan=\"5\">Empfohlene Drehzahl (U\/min)<\/td>\n<\/tr>\n<tr>\n<td><\/td>\n<td><strong>Schnappverschluss<\/strong><\/td>\n<td><strong>Empfohlener Halter<\/strong><\/td>\n<td><strong>Aluminium<\/strong><\/td>\n<td><strong>Rostfreier Stahl<\/strong><\/td>\n<td><strong>Glasfaserkabel<\/strong><\/td>\n<td><strong>Keramische Fliese<\/strong><\/td>\n<td><strong>Gusseisen<\/strong><\/td>\n<\/tr>\n<tr>\n<td style=\"text-align: center;\">16CT \/ 25 mm<\/td>\n<td style=\"text-align: center;\">5L<\/td>\n<td style=\"text-align: center;\">1L \/ 4L \/ 5L<\/td>\n<td style=\"text-align: center;\">1300<\/td>\n<td style=\"text-align: center;\">150<\/td>\n<td style=\"text-align: center;\">190<\/td>\n<td style=\"text-align: center;\">370<\/td>\n<td style=\"text-align: center;\">150<\/td>\n<\/tr>\n<tr>\n<td>22CT \/ 35 mm<\/td>\n<td style=\"text-align: center;\">2L<\/td>\n<td style=\"text-align: center;\">2L \/ 3L \/ 6L<\/td>\n<td style=\"text-align: center;\">900<\/td>\n<td style=\"text-align: center;\">110<\/td>\n<td style=\"text-align: center;\">140<\/td>\n<td style=\"text-align: center;\">270<\/td>\n<td style=\"text-align: center;\">110<\/td>\n<\/tr>\n<tr>\n<td>32CT \/ 51 mm<\/td>\n<td style=\"text-align: center;\">2L<\/td>\n<td style=\"text-align: center;\">2L \/ 3L \/ 6L \/ 7L<\/td>\n<td style=\"text-align: center;\">600<\/td>\n<td style=\"text-align: center;\">80<\/td>\n<td style=\"text-align: center;\">90<\/td>\n<td style=\"text-align: center;\">190<\/td>\n<td style=\"text-align: center;\">80<\/td>\n<\/tr>\n<tr>\n<td>38CT \/ 60 mm<\/td>\n<td style=\"text-align: center;\">2L<\/td>\n<td style=\"text-align: center;\">2L \/ 3L \/ 6L \/ 7L<\/td>\n<td style=\"text-align: center;\">-<\/td>\n<td style=\"text-align: center;\">-<\/td>\n<td style=\"text-align: center;\">-<\/td>\n<td style=\"text-align: center;\">-<\/td>\n<td style=\"text-align: center;\">-<\/td>\n<\/tr>\n<tr>\n<td style=\"text-align: center;\">40CT \/ 64 mm<\/td>\n<td style=\"text-align: center;\">2L<\/td>\n<td style=\"text-align: center;\">2L \/ 3L \/ 6L \/ 7L<\/td>\n<td style=\"text-align: center;\">500<\/td>\n<td style=\"text-align: center;\">60<\/td>\n<td style=\"text-align: center;\">70<\/td>\n<td style=\"text-align: center;\">150<\/td>\n<td style=\"text-align: center;\">60<\/td>\n<\/tr>\n<tr>\n<td style=\"text-align: center;\">43CT \/ 68 mm<\/td>\n<td style=\"text-align: center;\">2L<\/td>\n<td style=\"text-align: center;\">2L \/ 3L \/ 6L \/ 7L<\/td>\n<td style=\"text-align: center;\">-<\/td>\n<td style=\"text-align: center;\">-<\/td>\n<td style=\"text-align: center;\">-<\/td>\n<td style=\"text-align: center;\">-<\/td>\n<td style=\"text-align: center;\">-<\/td>\n<\/tr>\n<tr>\n<td style=\"text-align: center;\">48CT \/ 76 mm<\/td>\n<td style=\"text-align: center;\">2L<\/td>\n<td style=\"text-align: center;\">2L \/ 3L \/ 6L \/ 7L<\/td>\n<td style=\"text-align: center;\">400<\/td>\n<td style=\"text-align: center;\">50<\/td>\n<td style=\"text-align: center;\">60<\/td>\n<td style=\"text-align: center;\">120<\/td>\n<td style=\"text-align: center;\">50<\/td>\n<\/tr>\n<tr>\n<td style=\"text-align: center;\">52CT \/ 83 mm<\/td>\n<td style=\"text-align: center;\">2L<\/td>\n<td style=\"text-align: center;\">2L \/ 3L \/ 6L \/ 7L<\/td>\n<td style=\"text-align: center;\">400<\/td>\n<td style=\"text-align: center;\">50<\/td>\n<td style=\"text-align: center;\">60<\/td>\n<td style=\"text-align: center;\">120<\/td>\n<td style=\"text-align: center;\">50<\/td>\n<\/tr>\n<\/tbody>\n<\/table>\n<\/div>","protected":false},"excerpt":{"rendered":"<p>Kenmerken\u00a0Lenox Gatzaag met carbidetanden Hittebestendige carbidetanden gaan lang mee bij gebruik voor tegels en roestvast staal Dikke rugplaat zorgt voor een hoge weerstand en een langere levensduur Speciaal tandontwerp voor uitzonderlijk snel zagen in roestvast staal Technische specificaties Omschrijving Te gebruiken houder Aanbevolen toerental (rpm) Snapback Aanbevolen houder Aluminium Roestvast staal Glasvezel Karamische tegel Gietijzer [&hellip;]<\/p>\n","protected":false},"featured_media":1915,"comment_status":"closed","ping_status":"closed","template":"","meta":[],"product_brand":[621],"product_cat":[282,284,269,283],"product_tag":[],"class_list":{"0":"post-1885","1":"product","2":"type-product","3":"status-publish","4":"has-post-thumbnail","6":"product_brand-lenox","7":"product_cat-gatenzaag","8":"product_cat-gatenzaag-toebehoren","9":"product_cat-verbruiksartikelen-2","10":"product_cat-zagen-2","12":"first","13":"instock","14":"purchasable","15":"product-type-variable"},"ct_brands":[{"id":621,"name":"LENOX","slug":"lenox"}],"yoast_head":"<!-- This site is optimized with the Yoast SEO plugin v27.3 - https:\/\/yoast.com\/product\/yoast-seo-wordpress\/ -->\n<title>Lenox Gatzaag met carbidetanden - KEM Europe<\/title>\n<meta name=\"robots\" content=\"index, follow, max-snippet:-1, max-image-preview:large, max-video-preview:-1\" \/>\n<link rel=\"canonical\" href=\"https:\/\/kem-europe.eu\/de\/produkt\/lenox-lochsage-mit-hartmetallzaehnen\/\" \/>\n<meta property=\"og:locale\" content=\"de_DE\" \/>\n<meta property=\"og:type\" content=\"article\" \/>\n<meta property=\"og:title\" content=\"Lenox Gatzaag met carbidetanden - KEM Europe\" \/>\n<meta property=\"og:description\" content=\"Kenmerken\u00a0Lenox Gatzaag met carbidetanden Hittebestendige carbidetanden gaan lang mee bij gebruik voor tegels en roestvast staal Dikke rugplaat zorgt voor een hoge weerstand en een langere levensduur Speciaal tandontwerp voor uitzonderlijk snel zagen in roestvast staal Technische specificaties Omschrijving Te gebruiken houder Aanbevolen toerental (rpm) Snapback Aanbevolen houder Aluminium Roestvast staal Glasvezel Karamische tegel Gietijzer [&hellip;]\" \/>\n<meta property=\"og:url\" content=\"https:\/\/kem-europe.eu\/de\/produkt\/lenox-lochsage-mit-hartmetallzaehnen\/\" \/>\n<meta property=\"og:site_name\" content=\"KEM Europe\" \/>\n<meta property=\"article:modified_time\" content=\"2025-03-07T08:54:29+00:00\" \/>\n<meta property=\"og:image\" content=\"https:\/\/kem-europe.eu\/wp-content\/uploads\/2025\/02\/Lenox-Gatzaag-carbide.jpg\" \/>\n\t<meta property=\"og:image:width\" content=\"700\" \/>\n\t<meta property=\"og:image:height\" content=\"700\" \/>\n\t<meta property=\"og:image:type\" content=\"image\/jpeg\" \/>\n<meta name=\"twitter:card\" content=\"summary_large_image\" \/>\n<meta name=\"twitter:label1\" content=\"Gesch\u00e4tzte Lesezeit\" \/>\n\t<meta name=\"twitter:data1\" content=\"2\u00a0Minuten\" \/>\n<script type=\"application\/ld+json\" class=\"yoast-schema-graph\">{\"@context\":\"https:\\\/\\\/schema.org\",\"@graph\":[{\"@type\":\"WebPage\",\"@id\":\"https:\\\/\\\/kem-europe.eu\\\/product\\\/lenox-gatzaag-met-carbidetanden\\\/\",\"url\":\"https:\\\/\\\/kem-europe.eu\\\/product\\\/lenox-gatzaag-met-carbidetanden\\\/\",\"name\":\"Lenox Gatzaag met carbidetanden - KEM Europe\",\"isPartOf\":{\"@id\":\"https:\\\/\\\/kem-europe.eu\\\/#website\"},\"primaryImageOfPage\":{\"@id\":\"https:\\\/\\\/kem-europe.eu\\\/product\\\/lenox-gatzaag-met-carbidetanden\\\/#primaryimage\"},\"image\":{\"@id\":\"https:\\\/\\\/kem-europe.eu\\\/product\\\/lenox-gatzaag-met-carbidetanden\\\/#primaryimage\"},\"thumbnailUrl\":\"https:\\\/\\\/kem-europe.eu\\\/wp-content\\\/uploads\\\/2025\\\/02\\\/Lenox-Gatzaag-carbide.jpg\",\"datePublished\":\"2025-02-27T08:27:23+00:00\",\"dateModified\":\"2025-03-07T08:54:29+00:00\",\"breadcrumb\":{\"@id\":\"https:\\\/\\\/kem-europe.eu\\\/product\\\/lenox-gatzaag-met-carbidetanden\\\/#breadcrumb\"},\"inLanguage\":\"de\",\"potentialAction\":[{\"@type\":\"ReadAction\",\"target\":[\"https:\\\/\\\/kem-europe.eu\\\/product\\\/lenox-gatzaag-met-carbidetanden\\\/\"]}]},{\"@type\":\"ImageObject\",\"inLanguage\":\"de\",\"@id\":\"https:\\\/\\\/kem-europe.eu\\\/product\\\/lenox-gatzaag-met-carbidetanden\\\/#primaryimage\",\"url\":\"https:\\\/\\\/kem-europe.eu\\\/wp-content\\\/uploads\\\/2025\\\/02\\\/Lenox-Gatzaag-carbide.jpg\",\"contentUrl\":\"https:\\\/\\\/kem-europe.eu\\\/wp-content\\\/uploads\\\/2025\\\/02\\\/Lenox-Gatzaag-carbide.jpg\",\"width\":700,\"height\":700},{\"@type\":\"BreadcrumbList\",\"@id\":\"https:\\\/\\\/kem-europe.eu\\\/product\\\/lenox-gatzaag-met-carbidetanden\\\/#breadcrumb\",\"itemListElement\":[{\"@type\":\"ListItem\",\"position\":1,\"name\":\"Home\",\"item\":\"https:\\\/\\\/kem-europe.eu\\\/\"},{\"@type\":\"ListItem\",\"position\":2,\"name\":\"Winkel\",\"item\":\"https:\\\/\\\/kem-europe.eu\\\/winkel\\\/\"},{\"@type\":\"ListItem\",\"position\":3,\"name\":\"Lenox Gatzaag met carbidetanden\"}]},{\"@type\":\"WebSite\",\"@id\":\"https:\\\/\\\/kem-europe.eu\\\/#website\",\"url\":\"https:\\\/\\\/kem-europe.eu\\\/\",\"name\":\"KEM Europe\",\"description\":\"\",\"publisher\":{\"@id\":\"https:\\\/\\\/kem-europe.eu\\\/#organization\"},\"potentialAction\":[{\"@type\":\"SearchAction\",\"target\":{\"@type\":\"EntryPoint\",\"urlTemplate\":\"https:\\\/\\\/kem-europe.eu\\\/?s={search_term_string}\"},\"query-input\":{\"@type\":\"PropertyValueSpecification\",\"valueRequired\":true,\"valueName\":\"search_term_string\"}}],\"inLanguage\":\"de\"},{\"@type\":\"Organization\",\"@id\":\"https:\\\/\\\/kem-europe.eu\\\/#organization\",\"name\":\"KEM Europe\",\"url\":\"https:\\\/\\\/kem-europe.eu\\\/\",\"logo\":{\"@type\":\"ImageObject\",\"inLanguage\":\"de\",\"@id\":\"https:\\\/\\\/kem-europe.eu\\\/#\\\/schema\\\/logo\\\/image\\\/\",\"url\":\"https:\\\/\\\/kem-europe.eu\\\/wp-content\\\/uploads\\\/2025\\\/02\\\/KEM2019-BLACK-1500W.png\",\"contentUrl\":\"https:\\\/\\\/kem-europe.eu\\\/wp-content\\\/uploads\\\/2025\\\/02\\\/KEM2019-BLACK-1500W.png\",\"width\":1500,\"height\":626,\"caption\":\"KEM Europe\"},\"image\":{\"@id\":\"https:\\\/\\\/kem-europe.eu\\\/#\\\/schema\\\/logo\\\/image\\\/\"}}]}<\/script>\n<!-- \/ Yoast SEO plugin. -->","yoast_head_json":{"title":"Lenox Lochs\u00e4ge mit Hartmetallz\u00e4hnen - KEM Europe","robots":{"index":"index","follow":"follow","max-snippet":"max-snippet:-1","max-image-preview":"max-image-preview:large","max-video-preview":"max-video-preview:-1"},"canonical":"https:\/\/kem-europe.eu\/de\/produkt\/lenox-lochsage-mit-hartmetallzaehnen\/","og_locale":"de_DE","og_type":"article","og_title":"Lenox Gatzaag met carbidetanden - KEM Europe","og_description":"Kenmerken\u00a0Lenox Gatzaag met carbidetanden Hittebestendige carbidetanden gaan lang mee bij gebruik voor tegels en roestvast staal Dikke rugplaat zorgt voor een hoge weerstand en een langere levensduur Speciaal tandontwerp voor uitzonderlijk snel zagen in roestvast staal Technische specificaties Omschrijving Te gebruiken houder Aanbevolen toerental (rpm) Snapback Aanbevolen houder Aluminium Roestvast staal Glasvezel Karamische tegel Gietijzer [&hellip;]","og_url":"https:\/\/kem-europe.eu\/de\/produkt\/lenox-lochsage-mit-hartmetallzaehnen\/","og_site_name":"KEM Europe","article_modified_time":"2025-03-07T08:54:29+00:00","og_image":[{"width":700,"height":700,"url":"https:\/\/kem-europe.eu\/wp-content\/uploads\/2025\/02\/Lenox-Gatzaag-carbide.jpg","type":"image\/jpeg"}],"twitter_card":"summary_large_image","twitter_misc":{"Gesch\u00e4tzte Lesezeit":"2\u00a0Minuten"},"schema":{"@context":"https:\/\/schema.org","@graph":[{"@type":"WebPage","@id":"https:\/\/kem-europe.eu\/product\/lenox-gatzaag-met-carbidetanden\/","url":"https:\/\/kem-europe.eu\/product\/lenox-gatzaag-met-carbidetanden\/","name":"Lenox Lochs\u00e4ge mit Hartmetallz\u00e4hnen - KEM Europe","isPartOf":{"@id":"https:\/\/kem-europe.eu\/#website"},"primaryImageOfPage":{"@id":"https:\/\/kem-europe.eu\/product\/lenox-gatzaag-met-carbidetanden\/#primaryimage"},"image":{"@id":"https:\/\/kem-europe.eu\/product\/lenox-gatzaag-met-carbidetanden\/#primaryimage"},"thumbnailUrl":"https:\/\/kem-europe.eu\/wp-content\/uploads\/2025\/02\/Lenox-Gatzaag-carbide.jpg","datePublished":"2025-02-27T08:27:23+00:00","dateModified":"2025-03-07T08:54:29+00:00","breadcrumb":{"@id":"https:\/\/kem-europe.eu\/product\/lenox-gatzaag-met-carbidetanden\/#breadcrumb"},"inLanguage":"de","potentialAction":[{"@type":"ReadAction","target":["https:\/\/kem-europe.eu\/product\/lenox-gatzaag-met-carbidetanden\/"]}]},{"@type":"ImageObject","inLanguage":"de","@id":"https:\/\/kem-europe.eu\/product\/lenox-gatzaag-met-carbidetanden\/#primaryimage","url":"https:\/\/kem-europe.eu\/wp-content\/uploads\/2025\/02\/Lenox-Gatzaag-carbide.jpg","contentUrl":"https:\/\/kem-europe.eu\/wp-content\/uploads\/2025\/02\/Lenox-Gatzaag-carbide.jpg","width":700,"height":700},{"@type":"BreadcrumbList","@id":"https:\/\/kem-europe.eu\/product\/lenox-gatzaag-met-carbidetanden\/#breadcrumb","itemListElement":[{"@type":"ListItem","position":1,"name":"Home","item":"https:\/\/kem-europe.eu\/"},{"@type":"ListItem","position":2,"name":"Winkel","item":"https:\/\/kem-europe.eu\/winkel\/"},{"@type":"ListItem","position":3,"name":"Lenox Gatzaag met carbidetanden"}]},{"@type":"WebSite","@id":"https:\/\/kem-europe.eu\/#website","url":"https:\/\/kem-europe.eu\/","name":"KEM Europe","description":"","publisher":{"@id":"https:\/\/kem-europe.eu\/#organization"},"potentialAction":[{"@type":"SearchAction","target":{"@type":"EntryPoint","urlTemplate":"https:\/\/kem-europe.eu\/?s={search_term_string}"},"query-input":{"@type":"PropertyValueSpecification","valueRequired":true,"valueName":"search_term_string"}}],"inLanguage":"de"},{"@type":"Organization","@id":"https:\/\/kem-europe.eu\/#organization","name":"KEM Europe","url":"https:\/\/kem-europe.eu\/","logo":{"@type":"ImageObject","inLanguage":"de","@id":"https:\/\/kem-europe.eu\/#\/schema\/logo\/image\/","url":"https:\/\/kem-europe.eu\/wp-content\/uploads\/2025\/02\/KEM2019-BLACK-1500W.png","contentUrl":"https:\/\/kem-europe.eu\/wp-content\/uploads\/2025\/02\/KEM2019-BLACK-1500W.png","width":1500,"height":626,"caption":"KEM Europe"},"image":{"@id":"https:\/\/kem-europe.eu\/#\/schema\/logo\/image\/"}}]}},"_links":{"self":[{"href":"https:\/\/kem-europe.eu\/de\/wp-json\/wp\/v2\/product\/1885","targetHints":{"allow":["GET"]}}],"collection":[{"href":"https:\/\/kem-europe.eu\/de\/wp-json\/wp\/v2\/product"}],"about":[{"href":"https:\/\/kem-europe.eu\/de\/wp-json\/wp\/v2\/types\/product"}],"replies":[{"embeddable":true,"href":"https:\/\/kem-europe.eu\/de\/wp-json\/wp\/v2\/comments?post=1885"}],"wp:featuredmedia":[{"embeddable":true,"href":"https:\/\/kem-europe.eu\/de\/wp-json\/wp\/v2\/media\/1915"}],"wp:attachment":[{"href":"https:\/\/kem-europe.eu\/de\/wp-json\/wp\/v2\/media?parent=1885"}],"wp:term":[{"taxonomy":"product_brand","embeddable":true,"href":"https:\/\/kem-europe.eu\/de\/wp-json\/wp\/v2\/product_brand?post=1885"},{"taxonomy":"product_cat","embeddable":true,"href":"https:\/\/kem-europe.eu\/de\/wp-json\/wp\/v2\/product_cat?post=1885"},{"taxonomy":"product_tag","embeddable":true,"href":"https:\/\/kem-europe.eu\/de\/wp-json\/wp\/v2\/product_tag?post=1885"}],"curies":[{"name":"wp","href":"https:\/\/api.w.org\/{rel}","templated":true}]}}