{"id":1888,"date":"2025-02-27T08:27:24","date_gmt":"2025-02-27T08:27:24","guid":{"rendered":"https:\/\/kem-europe.eu\/?post_type=product&#038;p=1888"},"modified":"2025-02-27T13:19:47","modified_gmt":"2025-02-27T13:19:47","slug":"lenox-lochsagen-set-bi-metall-8-teilig-elektriker","status":"publish","type":"product","link":"https:\/\/kem-europe.eu\/de\/product\/lenox-set-gatzagen-bi-metaal-8-delig-set-voor-elektricien\/","title":{"rendered":"Lenox Lochs\u00e4gensatz Bi-Metall 8-teilig - Satz f\u00fcr Elektriker"},"content":{"rendered":"<p><strong>Eigenschaften: Lenox Set Lochs\u00e4gen Bi-Metall 8-teilig - Set f\u00fcr Elektriker<\/strong><\/p>\n<p>Praktischer Aufbewahrungskoffer f\u00fcr bestimmte Berufe<\/p>\n<ul>\n<li><strong>Nachhaltig<\/strong><br \/>\nLanglebige Konstruktion, resistent gegen Sch\u00e4den durch St\u00fcrze und stressige Arbeitsbedingungen.<\/li>\n<li><strong>Sicher<\/strong><br \/>\nDie Federverschl\u00fcsse schlie\u00dfen das Geh\u00e4use fest und sicher.<\/li>\n<li><strong>Lange Lebensdauer<\/strong><br \/>\nDie Metallfederschl\u00f6sser und Scharniere mit Metallstift sind bruch- und verschlei\u00dffest.<\/li>\n<\/ul>\n<p><strong>Technische Daten<\/strong><\/p>\n<ul>\n<li>8-teilig: 16, 20, 25, 32, 38, 51 mm<\/li>\n<li>Gef\u00e4\u00dfe: 1L, 2L<\/li>\n<\/ul>\n<p><strong>Umfang der Lieferung<\/strong><\/p>\n<ul>\n<li>Lenox Lochs\u00e4gensatz Bi-Metall 8-teilig - Satz f\u00fcr Elektriker<\/li>\n<li>Aufbewahrungskoffer<\/li>\n<\/ul>\n<p>&nbsp;<\/p>\n<p>&nbsp;<\/p>","protected":false},"excerpt":{"rendered":"<p>Praktischer Aufbewahrungskoffer f\u00fcr bestimmte Berufe<\/p>","protected":false},"featured_media":1918,"comment_status":"closed","ping_status":"closed","template":"","meta":[],"product_brand":[621],"product_cat":[282,269,283],"product_tag":[],"class_list":{"0":"post-1888","1":"product","2":"type-product","3":"status-publish","4":"has-post-thumbnail","6":"product_brand-lenox","7":"product_cat-gatenzaag","8":"product_cat-verbruiksartikelen-2","9":"product_cat-zagen-2","11":"first","12":"instock","13":"purchasable","14":"product-type-simple"},"ct_brands":[{"id":621,"name":"LENOX","slug":"lenox"}],"yoast_head":"<!-- This site is optimized with the Yoast SEO plugin v27.3 - https:\/\/yoast.com\/product\/yoast-seo-wordpress\/ -->\n<title>Lenox Set Gatzagen Bi-metaal 8-delig - Set voor elektricien - KEM Europe<\/title>\n<meta name=\"robots\" content=\"index, follow, max-snippet:-1, max-image-preview:large, max-video-preview:-1\" \/>\n<link rel=\"canonical\" href=\"https:\/\/kem-europe.eu\/de\/produkt\/lenox-lochsagen-set-bi-metall-8-teilig-elektriker\/\" \/>\n<meta property=\"og:locale\" content=\"de_DE\" \/>\n<meta property=\"og:type\" content=\"article\" \/>\n<meta property=\"og:title\" content=\"Lenox Set Gatzagen Bi-metaal 8-delig - Set voor elektricien - KEM Europe\" \/>\n<meta property=\"og:description\" content=\"Handige opbergkoffer voor specifieke beroepen\" \/>\n<meta property=\"og:url\" content=\"https:\/\/kem-europe.eu\/de\/produkt\/lenox-lochsagen-set-bi-metall-8-teilig-elektriker\/\" \/>\n<meta property=\"og:site_name\" content=\"KEM Europe\" \/>\n<meta property=\"article:modified_time\" content=\"2025-02-27T13:19:47+00:00\" \/>\n<meta property=\"og:image\" content=\"https:\/\/kem-europe.eu\/wp-content\/uploads\/2025\/02\/wazig-elektricien.jpg\" \/>\n\t<meta property=\"og:image:width\" content=\"700\" \/>\n\t<meta property=\"og:image:height\" content=\"700\" \/>\n\t<meta property=\"og:image:type\" content=\"image\/jpeg\" \/>\n<meta name=\"twitter:card\" content=\"summary_large_image\" \/>\n<script type=\"application\/ld+json\" class=\"yoast-schema-graph\">{\"@context\":\"https:\\\/\\\/schema.org\",\"@graph\":[{\"@type\":\"WebPage\",\"@id\":\"https:\\\/\\\/kem-europe.eu\\\/product\\\/lenox-set-gatzagen-bi-metaal-8-delig-set-voor-elektricien\\\/\",\"url\":\"https:\\\/\\\/kem-europe.eu\\\/product\\\/lenox-set-gatzagen-bi-metaal-8-delig-set-voor-elektricien\\\/\",\"name\":\"Lenox Set Gatzagen Bi-metaal 8-delig - Set voor elektricien - KEM Europe\",\"isPartOf\":{\"@id\":\"https:\\\/\\\/kem-europe.eu\\\/#website\"},\"primaryImageOfPage\":{\"@id\":\"https:\\\/\\\/kem-europe.eu\\\/product\\\/lenox-set-gatzagen-bi-metaal-8-delig-set-voor-elektricien\\\/#primaryimage\"},\"image\":{\"@id\":\"https:\\\/\\\/kem-europe.eu\\\/product\\\/lenox-set-gatzagen-bi-metaal-8-delig-set-voor-elektricien\\\/#primaryimage\"},\"thumbnailUrl\":\"https:\\\/\\\/kem-europe.eu\\\/wp-content\\\/uploads\\\/2025\\\/02\\\/wazig-elektricien.jpg\",\"datePublished\":\"2025-02-27T08:27:24+00:00\",\"dateModified\":\"2025-02-27T13:19:47+00:00\",\"breadcrumb\":{\"@id\":\"https:\\\/\\\/kem-europe.eu\\\/product\\\/lenox-set-gatzagen-bi-metaal-8-delig-set-voor-elektricien\\\/#breadcrumb\"},\"inLanguage\":\"de\",\"potentialAction\":[{\"@type\":\"ReadAction\",\"target\":[\"https:\\\/\\\/kem-europe.eu\\\/product\\\/lenox-set-gatzagen-bi-metaal-8-delig-set-voor-elektricien\\\/\"]}]},{\"@type\":\"ImageObject\",\"inLanguage\":\"de\",\"@id\":\"https:\\\/\\\/kem-europe.eu\\\/product\\\/lenox-set-gatzagen-bi-metaal-8-delig-set-voor-elektricien\\\/#primaryimage\",\"url\":\"https:\\\/\\\/kem-europe.eu\\\/wp-content\\\/uploads\\\/2025\\\/02\\\/wazig-elektricien.jpg\",\"contentUrl\":\"https:\\\/\\\/kem-europe.eu\\\/wp-content\\\/uploads\\\/2025\\\/02\\\/wazig-elektricien.jpg\",\"width\":700,\"height\":700},{\"@type\":\"BreadcrumbList\",\"@id\":\"https:\\\/\\\/kem-europe.eu\\\/product\\\/lenox-set-gatzagen-bi-metaal-8-delig-set-voor-elektricien\\\/#breadcrumb\",\"itemListElement\":[{\"@type\":\"ListItem\",\"position\":1,\"name\":\"Home\",\"item\":\"https:\\\/\\\/kem-europe.eu\\\/\"},{\"@type\":\"ListItem\",\"position\":2,\"name\":\"Winkel\",\"item\":\"https:\\\/\\\/kem-europe.eu\\\/winkel\\\/\"},{\"@type\":\"ListItem\",\"position\":3,\"name\":\"Lenox Set Gatzagen Bi-metaal 8-delig &#8211; Set voor elektricien\"}]},{\"@type\":\"WebSite\",\"@id\":\"https:\\\/\\\/kem-europe.eu\\\/#website\",\"url\":\"https:\\\/\\\/kem-europe.eu\\\/\",\"name\":\"KEM Europe\",\"description\":\"\",\"publisher\":{\"@id\":\"https:\\\/\\\/kem-europe.eu\\\/#organization\"},\"potentialAction\":[{\"@type\":\"SearchAction\",\"target\":{\"@type\":\"EntryPoint\",\"urlTemplate\":\"https:\\\/\\\/kem-europe.eu\\\/?s={search_term_string}\"},\"query-input\":{\"@type\":\"PropertyValueSpecification\",\"valueRequired\":true,\"valueName\":\"search_term_string\"}}],\"inLanguage\":\"de\"},{\"@type\":\"Organization\",\"@id\":\"https:\\\/\\\/kem-europe.eu\\\/#organization\",\"name\":\"KEM Europe\",\"url\":\"https:\\\/\\\/kem-europe.eu\\\/\",\"logo\":{\"@type\":\"ImageObject\",\"inLanguage\":\"de\",\"@id\":\"https:\\\/\\\/kem-europe.eu\\\/#\\\/schema\\\/logo\\\/image\\\/\",\"url\":\"https:\\\/\\\/kem-europe.eu\\\/wp-content\\\/uploads\\\/2025\\\/02\\\/KEM2019-BLACK-1500W.png\",\"contentUrl\":\"https:\\\/\\\/kem-europe.eu\\\/wp-content\\\/uploads\\\/2025\\\/02\\\/KEM2019-BLACK-1500W.png\",\"width\":1500,\"height\":626,\"caption\":\"KEM Europe\"},\"image\":{\"@id\":\"https:\\\/\\\/kem-europe.eu\\\/#\\\/schema\\\/logo\\\/image\\\/\"}}]}<\/script>\n<!-- \/ Yoast SEO plugin. -->","yoast_head_json":{"title":"Lenox Lochs\u00e4gesatz Bi-Metall 8-teilig - Satz f\u00fcr Elektriker - KEM Europe","robots":{"index":"index","follow":"follow","max-snippet":"max-snippet:-1","max-image-preview":"max-image-preview:large","max-video-preview":"max-video-preview:-1"},"canonical":"https:\/\/kem-europe.eu\/de\/produkt\/lenox-lochsagen-set-bi-metall-8-teilig-elektriker\/","og_locale":"de_DE","og_type":"article","og_title":"Lenox Set Gatzagen Bi-metaal 8-delig - Set voor elektricien - KEM Europe","og_description":"Handige opbergkoffer voor specifieke beroepen","og_url":"https:\/\/kem-europe.eu\/de\/produkt\/lenox-lochsagen-set-bi-metall-8-teilig-elektriker\/","og_site_name":"KEM Europe","article_modified_time":"2025-02-27T13:19:47+00:00","og_image":[{"width":700,"height":700,"url":"https:\/\/kem-europe.eu\/wp-content\/uploads\/2025\/02\/wazig-elektricien.jpg","type":"image\/jpeg"}],"twitter_card":"summary_large_image","schema":{"@context":"https:\/\/schema.org","@graph":[{"@type":"WebPage","@id":"https:\/\/kem-europe.eu\/product\/lenox-set-gatzagen-bi-metaal-8-delig-set-voor-elektricien\/","url":"https:\/\/kem-europe.eu\/product\/lenox-set-gatzagen-bi-metaal-8-delig-set-voor-elektricien\/","name":"Lenox Lochs\u00e4gesatz Bi-Metall 8-teilig - Satz f\u00fcr Elektriker - KEM Europe","isPartOf":{"@id":"https:\/\/kem-europe.eu\/#website"},"primaryImageOfPage":{"@id":"https:\/\/kem-europe.eu\/product\/lenox-set-gatzagen-bi-metaal-8-delig-set-voor-elektricien\/#primaryimage"},"image":{"@id":"https:\/\/kem-europe.eu\/product\/lenox-set-gatzagen-bi-metaal-8-delig-set-voor-elektricien\/#primaryimage"},"thumbnailUrl":"https:\/\/kem-europe.eu\/wp-content\/uploads\/2025\/02\/wazig-elektricien.jpg","datePublished":"2025-02-27T08:27:24+00:00","dateModified":"2025-02-27T13:19:47+00:00","breadcrumb":{"@id":"https:\/\/kem-europe.eu\/product\/lenox-set-gatzagen-bi-metaal-8-delig-set-voor-elektricien\/#breadcrumb"},"inLanguage":"de","potentialAction":[{"@type":"ReadAction","target":["https:\/\/kem-europe.eu\/product\/lenox-set-gatzagen-bi-metaal-8-delig-set-voor-elektricien\/"]}]},{"@type":"ImageObject","inLanguage":"de","@id":"https:\/\/kem-europe.eu\/product\/lenox-set-gatzagen-bi-metaal-8-delig-set-voor-elektricien\/#primaryimage","url":"https:\/\/kem-europe.eu\/wp-content\/uploads\/2025\/02\/wazig-elektricien.jpg","contentUrl":"https:\/\/kem-europe.eu\/wp-content\/uploads\/2025\/02\/wazig-elektricien.jpg","width":700,"height":700},{"@type":"BreadcrumbList","@id":"https:\/\/kem-europe.eu\/product\/lenox-set-gatzagen-bi-metaal-8-delig-set-voor-elektricien\/#breadcrumb","itemListElement":[{"@type":"ListItem","position":1,"name":"Home","item":"https:\/\/kem-europe.eu\/"},{"@type":"ListItem","position":2,"name":"Winkel","item":"https:\/\/kem-europe.eu\/winkel\/"},{"@type":"ListItem","position":3,"name":"Lenox Set Gatzagen Bi-metaal 8-delig &#8211; Set voor elektricien"}]},{"@type":"WebSite","@id":"https:\/\/kem-europe.eu\/#website","url":"https:\/\/kem-europe.eu\/","name":"KEM Europe","description":"","publisher":{"@id":"https:\/\/kem-europe.eu\/#organization"},"potentialAction":[{"@type":"SearchAction","target":{"@type":"EntryPoint","urlTemplate":"https:\/\/kem-europe.eu\/?s={search_term_string}"},"query-input":{"@type":"PropertyValueSpecification","valueRequired":true,"valueName":"search_term_string"}}],"inLanguage":"de"},{"@type":"Organization","@id":"https:\/\/kem-europe.eu\/#organization","name":"KEM Europe","url":"https:\/\/kem-europe.eu\/","logo":{"@type":"ImageObject","inLanguage":"de","@id":"https:\/\/kem-europe.eu\/#\/schema\/logo\/image\/","url":"https:\/\/kem-europe.eu\/wp-content\/uploads\/2025\/02\/KEM2019-BLACK-1500W.png","contentUrl":"https:\/\/kem-europe.eu\/wp-content\/uploads\/2025\/02\/KEM2019-BLACK-1500W.png","width":1500,"height":626,"caption":"KEM Europe"},"image":{"@id":"https:\/\/kem-europe.eu\/#\/schema\/logo\/image\/"}}]}},"_links":{"self":[{"href":"https:\/\/kem-europe.eu\/de\/wp-json\/wp\/v2\/product\/1888","targetHints":{"allow":["GET"]}}],"collection":[{"href":"https:\/\/kem-europe.eu\/de\/wp-json\/wp\/v2\/product"}],"about":[{"href":"https:\/\/kem-europe.eu\/de\/wp-json\/wp\/v2\/types\/product"}],"replies":[{"embeddable":true,"href":"https:\/\/kem-europe.eu\/de\/wp-json\/wp\/v2\/comments?post=1888"}],"wp:featuredmedia":[{"embeddable":true,"href":"https:\/\/kem-europe.eu\/de\/wp-json\/wp\/v2\/media\/1918"}],"wp:attachment":[{"href":"https:\/\/kem-europe.eu\/de\/wp-json\/wp\/v2\/media?parent=1888"}],"wp:term":[{"taxonomy":"product_brand","embeddable":true,"href":"https:\/\/kem-europe.eu\/de\/wp-json\/wp\/v2\/product_brand?post=1888"},{"taxonomy":"product_cat","embeddable":true,"href":"https:\/\/kem-europe.eu\/de\/wp-json\/wp\/v2\/product_cat?post=1888"},{"taxonomy":"product_tag","embeddable":true,"href":"https:\/\/kem-europe.eu\/de\/wp-json\/wp\/v2\/product_tag?post=1888"}],"curies":[{"name":"wp","href":"https:\/\/api.w.org\/{rel}","templated":true}]}}