{"id":1897,"date":"2025-02-27T08:27:25","date_gmt":"2025-02-27T08:27:25","guid":{"rendered":"https:\/\/kem-europe.eu\/?post_type=product&#038;p=1897"},"modified":"2025-02-27T13:18:54","modified_gmt":"2025-02-27T13:18:54","slug":"lenox-lochsagenhalter-snap-back-5l","status":"publish","type":"product","link":"https:\/\/kem-europe.eu\/de\/product\/lenox-gatzaaghouders-snap-back-5l\/","title":{"rendered":"Lenox Lochs\u00e4genhalter Snap-Back 5L"},"content":{"rendered":"<p><strong>Merkmale: Lenox Lochs\u00e4genhalter Snap-Back 5L<\/strong><\/p>\n<ul>\n<li><b>Rascher Wandel<\/b><br \/>\nSchnelleres und einfacheres Ein- und Ausschalten der Lochs\u00e4ge<\/li>\n<li><b>Verhindert die Ausl\u00f6sung der Leitung<\/b><br \/>\nDie Federverschl\u00fcsse schlie\u00dfen das Geh\u00e4use fest und sicher.<\/li>\n<li><b>Keine Werkzeuge erforderlich<\/b><br \/>\nLochs\u00e4ge von Schloss auf Dorn<\/li>\n<li><strong>Kein Adapter erforderlich<br \/>\n<\/strong>Standard-Schaftgewinde direkt in allen Lochs\u00e4gen<\/li>\n<\/ul>\n<p><strong>Technische Daten<\/strong><\/p>\n<ul>\n<li>Passend f\u00fcr Lochs\u00e4gen - 9L-19L<\/li>\n<li>Abmessungen - 14 - 30 mm<\/li>\n<li>Gewindegr\u00f6\u00dfe - 1\/2-20<\/li>\n<\/ul>\n<p><strong>Umfang der Lieferung<\/strong><\/p>\n<ul>\n<li>Lenox Lochs\u00e4genhalter Snap-Back 5L<\/li>\n<\/ul>\n<p>&nbsp;<\/p>\n<p>&nbsp;<\/p>","protected":false},"excerpt":{"rendered":"<p>Kenmerken: Lenox Gatzaaghouders Snap-Back 5L Snelle verandering Sneller en makkelijker\u00a0om gatenzaag in \/ uit te schakelen Voorkomt dat de draad gaat trippen De veersloten sluiten de koffer vast en veilig. Geen gereedschap nodig gatenzaag van vergrendeling op prieel Geen adapter verplicht standaard asdraden rechtstreeks in alle gatenzagen Technische specificaties Past op gatenzagen &#8211; 9L-19L Afmetingen [&hellip;]<\/p>\n","protected":false},"featured_media":0,"comment_status":"closed","ping_status":"closed","template":"","meta":[],"product_brand":[621],"product_cat":[282,284,269,283],"product_tag":[],"class_list":{"0":"post-1897","1":"product","2":"type-product","3":"status-publish","5":"product_brand-lenox","6":"product_cat-gatenzaag","7":"product_cat-gatenzaag-toebehoren","8":"product_cat-verbruiksartikelen-2","9":"product_cat-zagen-2","11":"first","12":"instock","13":"purchasable","14":"product-type-simple"},"ct_brands":[{"id":621,"name":"LENOX","slug":"lenox"}],"yoast_head":"<!-- This site is optimized with the Yoast SEO plugin v27.3 - https:\/\/yoast.com\/product\/yoast-seo-wordpress\/ -->\n<title>Lenox Gatzaaghouders Snap-Back 5L - KEM Europe<\/title>\n<meta name=\"robots\" content=\"index, follow, max-snippet:-1, max-image-preview:large, max-video-preview:-1\" \/>\n<link rel=\"canonical\" href=\"https:\/\/kem-europe.eu\/de\/produkt\/lenox-lochsagenhalter-snap-back-5l\/\" \/>\n<meta property=\"og:locale\" content=\"de_DE\" \/>\n<meta property=\"og:type\" content=\"article\" \/>\n<meta property=\"og:title\" content=\"Lenox Gatzaaghouders Snap-Back 5L - KEM Europe\" \/>\n<meta property=\"og:description\" content=\"Kenmerken: Lenox Gatzaaghouders Snap-Back 5L Snelle verandering Sneller en makkelijker\u00a0om gatenzaag in \/ uit te schakelen Voorkomt dat de draad gaat trippen De veersloten sluiten de koffer vast en veilig. Geen gereedschap nodig gatenzaag van vergrendeling op prieel Geen adapter verplicht standaard asdraden rechtstreeks in alle gatenzagen Technische specificaties Past op gatenzagen &#8211; 9L-19L Afmetingen [&hellip;]\" \/>\n<meta property=\"og:url\" content=\"https:\/\/kem-europe.eu\/de\/produkt\/lenox-lochsagenhalter-snap-back-5l\/\" \/>\n<meta property=\"og:site_name\" content=\"KEM Europe\" \/>\n<meta property=\"article:modified_time\" content=\"2025-02-27T13:18:54+00:00\" \/>\n<meta name=\"twitter:card\" content=\"summary_large_image\" \/>\n<script type=\"application\/ld+json\" class=\"yoast-schema-graph\">{\"@context\":\"https:\\\/\\\/schema.org\",\"@graph\":[{\"@type\":\"WebPage\",\"@id\":\"https:\\\/\\\/kem-europe.eu\\\/product\\\/lenox-gatzaaghouders-snap-back-5l\\\/\",\"url\":\"https:\\\/\\\/kem-europe.eu\\\/product\\\/lenox-gatzaaghouders-snap-back-5l\\\/\",\"name\":\"Lenox Gatzaaghouders Snap-Back 5L - KEM Europe\",\"isPartOf\":{\"@id\":\"https:\\\/\\\/kem-europe.eu\\\/#website\"},\"datePublished\":\"2025-02-27T08:27:25+00:00\",\"dateModified\":\"2025-02-27T13:18:54+00:00\",\"breadcrumb\":{\"@id\":\"https:\\\/\\\/kem-europe.eu\\\/product\\\/lenox-gatzaaghouders-snap-back-5l\\\/#breadcrumb\"},\"inLanguage\":\"de\",\"potentialAction\":[{\"@type\":\"ReadAction\",\"target\":[\"https:\\\/\\\/kem-europe.eu\\\/product\\\/lenox-gatzaaghouders-snap-back-5l\\\/\"]}]},{\"@type\":\"BreadcrumbList\",\"@id\":\"https:\\\/\\\/kem-europe.eu\\\/product\\\/lenox-gatzaaghouders-snap-back-5l\\\/#breadcrumb\",\"itemListElement\":[{\"@type\":\"ListItem\",\"position\":1,\"name\":\"Home\",\"item\":\"https:\\\/\\\/kem-europe.eu\\\/\"},{\"@type\":\"ListItem\",\"position\":2,\"name\":\"Winkel\",\"item\":\"https:\\\/\\\/kem-europe.eu\\\/winkel\\\/\"},{\"@type\":\"ListItem\",\"position\":3,\"name\":\"Lenox Gatzaaghouders Snap-Back 5L\"}]},{\"@type\":\"WebSite\",\"@id\":\"https:\\\/\\\/kem-europe.eu\\\/#website\",\"url\":\"https:\\\/\\\/kem-europe.eu\\\/\",\"name\":\"KEM Europe\",\"description\":\"\",\"publisher\":{\"@id\":\"https:\\\/\\\/kem-europe.eu\\\/#organization\"},\"potentialAction\":[{\"@type\":\"SearchAction\",\"target\":{\"@type\":\"EntryPoint\",\"urlTemplate\":\"https:\\\/\\\/kem-europe.eu\\\/?s={search_term_string}\"},\"query-input\":{\"@type\":\"PropertyValueSpecification\",\"valueRequired\":true,\"valueName\":\"search_term_string\"}}],\"inLanguage\":\"de\"},{\"@type\":\"Organization\",\"@id\":\"https:\\\/\\\/kem-europe.eu\\\/#organization\",\"name\":\"KEM Europe\",\"url\":\"https:\\\/\\\/kem-europe.eu\\\/\",\"logo\":{\"@type\":\"ImageObject\",\"inLanguage\":\"de\",\"@id\":\"https:\\\/\\\/kem-europe.eu\\\/#\\\/schema\\\/logo\\\/image\\\/\",\"url\":\"https:\\\/\\\/kem-europe.eu\\\/wp-content\\\/uploads\\\/2025\\\/02\\\/KEM2019-BLACK-1500W.png\",\"contentUrl\":\"https:\\\/\\\/kem-europe.eu\\\/wp-content\\\/uploads\\\/2025\\\/02\\\/KEM2019-BLACK-1500W.png\",\"width\":1500,\"height\":626,\"caption\":\"KEM Europe\"},\"image\":{\"@id\":\"https:\\\/\\\/kem-europe.eu\\\/#\\\/schema\\\/logo\\\/image\\\/\"}}]}<\/script>\n<!-- \/ Yoast SEO plugin. -->","yoast_head_json":{"title":"Lenox Lochs\u00e4genhalter Snap-Back 5L - KEM Europe","robots":{"index":"index","follow":"follow","max-snippet":"max-snippet:-1","max-image-preview":"max-image-preview:large","max-video-preview":"max-video-preview:-1"},"canonical":"https:\/\/kem-europe.eu\/de\/produkt\/lenox-lochsagenhalter-snap-back-5l\/","og_locale":"de_DE","og_type":"article","og_title":"Lenox Gatzaaghouders Snap-Back 5L - KEM Europe","og_description":"Kenmerken: Lenox Gatzaaghouders Snap-Back 5L Snelle verandering Sneller en makkelijker\u00a0om gatenzaag in \/ uit te schakelen Voorkomt dat de draad gaat trippen De veersloten sluiten de koffer vast en veilig. Geen gereedschap nodig gatenzaag van vergrendeling op prieel Geen adapter verplicht standaard asdraden rechtstreeks in alle gatenzagen Technische specificaties Past op gatenzagen &#8211; 9L-19L Afmetingen [&hellip;]","og_url":"https:\/\/kem-europe.eu\/de\/produkt\/lenox-lochsagenhalter-snap-back-5l\/","og_site_name":"KEM Europe","article_modified_time":"2025-02-27T13:18:54+00:00","twitter_card":"summary_large_image","schema":{"@context":"https:\/\/schema.org","@graph":[{"@type":"WebPage","@id":"https:\/\/kem-europe.eu\/product\/lenox-gatzaaghouders-snap-back-5l\/","url":"https:\/\/kem-europe.eu\/product\/lenox-gatzaaghouders-snap-back-5l\/","name":"Lenox Lochs\u00e4genhalter Snap-Back 5L - KEM Europe","isPartOf":{"@id":"https:\/\/kem-europe.eu\/#website"},"datePublished":"2025-02-27T08:27:25+00:00","dateModified":"2025-02-27T13:18:54+00:00","breadcrumb":{"@id":"https:\/\/kem-europe.eu\/product\/lenox-gatzaaghouders-snap-back-5l\/#breadcrumb"},"inLanguage":"de","potentialAction":[{"@type":"ReadAction","target":["https:\/\/kem-europe.eu\/product\/lenox-gatzaaghouders-snap-back-5l\/"]}]},{"@type":"BreadcrumbList","@id":"https:\/\/kem-europe.eu\/product\/lenox-gatzaaghouders-snap-back-5l\/#breadcrumb","itemListElement":[{"@type":"ListItem","position":1,"name":"Home","item":"https:\/\/kem-europe.eu\/"},{"@type":"ListItem","position":2,"name":"Winkel","item":"https:\/\/kem-europe.eu\/winkel\/"},{"@type":"ListItem","position":3,"name":"Lenox Gatzaaghouders Snap-Back 5L"}]},{"@type":"WebSite","@id":"https:\/\/kem-europe.eu\/#website","url":"https:\/\/kem-europe.eu\/","name":"KEM Europe","description":"","publisher":{"@id":"https:\/\/kem-europe.eu\/#organization"},"potentialAction":[{"@type":"SearchAction","target":{"@type":"EntryPoint","urlTemplate":"https:\/\/kem-europe.eu\/?s={search_term_string}"},"query-input":{"@type":"PropertyValueSpecification","valueRequired":true,"valueName":"search_term_string"}}],"inLanguage":"de"},{"@type":"Organization","@id":"https:\/\/kem-europe.eu\/#organization","name":"KEM Europe","url":"https:\/\/kem-europe.eu\/","logo":{"@type":"ImageObject","inLanguage":"de","@id":"https:\/\/kem-europe.eu\/#\/schema\/logo\/image\/","url":"https:\/\/kem-europe.eu\/wp-content\/uploads\/2025\/02\/KEM2019-BLACK-1500W.png","contentUrl":"https:\/\/kem-europe.eu\/wp-content\/uploads\/2025\/02\/KEM2019-BLACK-1500W.png","width":1500,"height":626,"caption":"KEM Europe"},"image":{"@id":"https:\/\/kem-europe.eu\/#\/schema\/logo\/image\/"}}]}},"_links":{"self":[{"href":"https:\/\/kem-europe.eu\/de\/wp-json\/wp\/v2\/product\/1897","targetHints":{"allow":["GET"]}}],"collection":[{"href":"https:\/\/kem-europe.eu\/de\/wp-json\/wp\/v2\/product"}],"about":[{"href":"https:\/\/kem-europe.eu\/de\/wp-json\/wp\/v2\/types\/product"}],"replies":[{"embeddable":true,"href":"https:\/\/kem-europe.eu\/de\/wp-json\/wp\/v2\/comments?post=1897"}],"wp:attachment":[{"href":"https:\/\/kem-europe.eu\/de\/wp-json\/wp\/v2\/media?parent=1897"}],"wp:term":[{"taxonomy":"product_brand","embeddable":true,"href":"https:\/\/kem-europe.eu\/de\/wp-json\/wp\/v2\/product_brand?post=1897"},{"taxonomy":"product_cat","embeddable":true,"href":"https:\/\/kem-europe.eu\/de\/wp-json\/wp\/v2\/product_cat?post=1897"},{"taxonomy":"product_tag","embeddable":true,"href":"https:\/\/kem-europe.eu\/de\/wp-json\/wp\/v2\/product_tag?post=1897"}],"curies":[{"name":"wp","href":"https:\/\/api.w.org\/{rel}","templated":true}]}}