{"id":1987,"date":"2025-02-27T08:31:27","date_gmt":"2025-02-27T08:31:27","guid":{"rendered":"https:\/\/kem-europe.eu\/?post_type=product&#038;p=1987"},"modified":"2025-03-06T13:36:08","modified_gmt":"2025-03-06T13:36:08","slug":"globe-lamellenscheibe-flach-ht-fiberglas-traeger","status":"publish","type":"product","link":"https:\/\/kem-europe.eu\/de\/product\/globe-lamellenschijf-plat-ht-fiberglas-achterzijde\/","title":{"rendered":"Globus - F\u00e4cherscheibe flach HT - Glasfaserverst\u00e4rkung"},"content":{"rendered":"<p>F\u00e4cherschleifscheiben mit Glasfasertr\u00e4ger.<\/p>\n<p>Globe bietet eine breite Palette von F\u00e4cherschleifern an. Dank des Glasfasertr\u00e4gers wird die Arbeit nicht verschmutzt, wie es bei Scheiben mit Nylontr\u00e4ger der Fall ist. Die speziellen Aluminium-Zirkonium-Verbindungen eignen sich zum Entgraten und Finishen aller Arten von Stahl (einschlie\u00dflich Legierungen). Die Globe-Scheiben sind nach europ\u00e4ischen Normen und Vorschriften gepr\u00fcft, wobei der h\u00f6chstm\u00f6gliche Sicherheitsstandard im Vordergrund steht (EN13743).<\/p>\n<p>Die Qualit\u00e4t der Materialien ist von hohem Standard. Sie nutzen sich gleichm\u00e4\u00dfig ab und liefern \u00fcber ihre gesamte Lebensdauer gute Ergebnisse. Die Struktur der Lamellen ist in HT-Anordnung (schmal) und in traditioneller Anordnung mit breiten Lamellen erh\u00e4ltlich. Die Lamellen werden mit gro\u00dfer Sorgfalt so angeordnet, dass die Scheibe perfekt rund, vibrationsfrei und nicht \u00fcberhitzt ist, was einen optimalen Arbeitskomfort gew\u00e4hrleistet.  F\u00fcr spezielle Anwendungen sind die Lamellenscheiben mit einem kleineren Durchmesser des Tr\u00e4gers erh\u00e4ltlich, w\u00e4hrend die Lamellen l\u00e4nger sind, um mehr Weichheit und Elastizit\u00e4t zu bieten.<\/p>\n<p>Die Metallbuchse im Auge der Scheibe sorgt f\u00fcr mehr Widerstand auf der Spannmutter und mehr Sicherheit.<\/p>\n<p><strong>Art. Nr:<\/strong><br \/>\nG2812 HT<br \/>\nG2814 HT<br \/>\n<em>G2822 HT<br \/>\nG2824 HT<br \/>\nG2825 HT<br \/>\n<\/em><\/p>","protected":false},"excerpt":{"rendered":"<p><span style=\"color: #cc0000;\"><span style=\"color: #000000;\"><strong>F\u00e4cherscheibe | Flach<\/strong><\/span><em><br \/>\n<\/em><\/span><\/p>\n<p>Die Klingen sind gr\u00f6\u00dfer und es gibt weniger Lamellen als bei der HT-Variante. Dieses Design ist weniger aggressiv und eignet sich besser f\u00fcr Kanten und feineres Material.<\/p>\n<p>Diese Scheiben sind besser f\u00fcr weniger leistungsstarke Maschinen geeignet. Da die Bl\u00e4tter unterschiedliche H\u00e4rten haben, erzeugen Sie eine effiziente und konstante Zufuhr von Schleifk\u00f6rnern mit weniger Kr\u00fcmmung.<\/p>","protected":false},"featured_media":2012,"comment_status":"closed","ping_status":"closed","template":"","meta":[],"product_brand":[620],"product_cat":[306,92],"product_tag":[],"class_list":{"0":"post-1987","1":"product","2":"type-product","3":"status-publish","4":"has-post-thumbnail","6":"product_brand-globe","7":"product_cat-lamellenschijf","8":"product_cat-schuur-slijpmiddelen","10":"first","11":"instock","12":"purchasable","13":"product-type-variable"},"ct_brands":[{"id":620,"name":"GLOBE","slug":"globe"}],"yoast_head":"<!-- This site is optimized with the Yoast SEO plugin v27.3 - https:\/\/yoast.com\/product\/yoast-seo-wordpress\/ -->\n<title>Globe - Lamellenschijf Plat HT - Fiberglas achterzijde - KEM Europe<\/title>\n<meta name=\"robots\" content=\"index, follow, max-snippet:-1, max-image-preview:large, max-video-preview:-1\" \/>\n<link rel=\"canonical\" href=\"https:\/\/kem-europe.eu\/de\/produkt\/globe-lamellenscheibe-flach-ht-fiberglas-traeger\/\" \/>\n<meta property=\"og:locale\" content=\"de_DE\" \/>\n<meta property=\"og:type\" content=\"article\" \/>\n<meta property=\"og:title\" content=\"Globe - Lamellenschijf Plat HT - Fiberglas achterzijde - KEM Europe\" \/>\n<meta property=\"og:description\" content=\"Lamellenschijf | Plat   De lamellen zijn groter en er zitten minder lamellen op dan de HT variant. Dit ontwerp is minder agressief en beter geschikt voor randen en fijner materiaal.  Deze schijven zijn beter geschikt voor minder krachtigere machines. Doordat de lamellen verschillende hardheden hebben genereer je een effici\u00ebnt en constante aanvoer van schuurkorrels met minder krommende lamellen.\" \/>\n<meta property=\"og:url\" content=\"https:\/\/kem-europe.eu\/de\/produkt\/globe-lamellenscheibe-flach-ht-fiberglas-traeger\/\" \/>\n<meta property=\"og:site_name\" content=\"KEM Europe\" \/>\n<meta property=\"article:modified_time\" content=\"2025-03-06T13:36:08+00:00\" \/>\n<meta property=\"og:image\" content=\"https:\/\/kem-europe.eu\/wp-content\/uploads\/2025\/02\/flat1.jpg\" \/>\n\t<meta property=\"og:image:width\" content=\"700\" \/>\n\t<meta property=\"og:image:height\" content=\"700\" \/>\n\t<meta property=\"og:image:type\" content=\"image\/jpeg\" \/>\n<meta name=\"twitter:card\" content=\"summary_large_image\" \/>\n<meta name=\"twitter:label1\" content=\"Gesch\u00e4tzte Lesezeit\" \/>\n\t<meta name=\"twitter:data1\" content=\"2\u00a0Minuten\" \/>\n<script type=\"application\/ld+json\" class=\"yoast-schema-graph\">{\"@context\":\"https:\\\/\\\/schema.org\",\"@graph\":[{\"@type\":\"WebPage\",\"@id\":\"https:\\\/\\\/kem-europe.eu\\\/product\\\/globe-lamellenschijf-plat-ht-fiberglas-achterzijde\\\/\",\"url\":\"https:\\\/\\\/kem-europe.eu\\\/product\\\/globe-lamellenschijf-plat-ht-fiberglas-achterzijde\\\/\",\"name\":\"Globe - Lamellenschijf Plat HT - Fiberglas achterzijde - KEM Europe\",\"isPartOf\":{\"@id\":\"https:\\\/\\\/kem-europe.eu\\\/#website\"},\"primaryImageOfPage\":{\"@id\":\"https:\\\/\\\/kem-europe.eu\\\/product\\\/globe-lamellenschijf-plat-ht-fiberglas-achterzijde\\\/#primaryimage\"},\"image\":{\"@id\":\"https:\\\/\\\/kem-europe.eu\\\/product\\\/globe-lamellenschijf-plat-ht-fiberglas-achterzijde\\\/#primaryimage\"},\"thumbnailUrl\":\"https:\\\/\\\/kem-europe.eu\\\/wp-content\\\/uploads\\\/2025\\\/02\\\/flat1.jpg\",\"datePublished\":\"2025-02-27T08:31:27+00:00\",\"dateModified\":\"2025-03-06T13:36:08+00:00\",\"breadcrumb\":{\"@id\":\"https:\\\/\\\/kem-europe.eu\\\/product\\\/globe-lamellenschijf-plat-ht-fiberglas-achterzijde\\\/#breadcrumb\"},\"inLanguage\":\"de\",\"potentialAction\":[{\"@type\":\"ReadAction\",\"target\":[\"https:\\\/\\\/kem-europe.eu\\\/product\\\/globe-lamellenschijf-plat-ht-fiberglas-achterzijde\\\/\"]}]},{\"@type\":\"ImageObject\",\"inLanguage\":\"de\",\"@id\":\"https:\\\/\\\/kem-europe.eu\\\/product\\\/globe-lamellenschijf-plat-ht-fiberglas-achterzijde\\\/#primaryimage\",\"url\":\"https:\\\/\\\/kem-europe.eu\\\/wp-content\\\/uploads\\\/2025\\\/02\\\/flat1.jpg\",\"contentUrl\":\"https:\\\/\\\/kem-europe.eu\\\/wp-content\\\/uploads\\\/2025\\\/02\\\/flat1.jpg\",\"width\":700,\"height\":700},{\"@type\":\"BreadcrumbList\",\"@id\":\"https:\\\/\\\/kem-europe.eu\\\/product\\\/globe-lamellenschijf-plat-ht-fiberglas-achterzijde\\\/#breadcrumb\",\"itemListElement\":[{\"@type\":\"ListItem\",\"position\":1,\"name\":\"Home\",\"item\":\"https:\\\/\\\/kem-europe.eu\\\/\"},{\"@type\":\"ListItem\",\"position\":2,\"name\":\"Winkel\",\"item\":\"https:\\\/\\\/kem-europe.eu\\\/winkel\\\/\"},{\"@type\":\"ListItem\",\"position\":3,\"name\":\"Globe &#8211; Lamellenschijf Plat HT &#8211; Fiberglas achterzijde\"}]},{\"@type\":\"WebSite\",\"@id\":\"https:\\\/\\\/kem-europe.eu\\\/#website\",\"url\":\"https:\\\/\\\/kem-europe.eu\\\/\",\"name\":\"KEM Europe\",\"description\":\"\",\"publisher\":{\"@id\":\"https:\\\/\\\/kem-europe.eu\\\/#organization\"},\"potentialAction\":[{\"@type\":\"SearchAction\",\"target\":{\"@type\":\"EntryPoint\",\"urlTemplate\":\"https:\\\/\\\/kem-europe.eu\\\/?s={search_term_string}\"},\"query-input\":{\"@type\":\"PropertyValueSpecification\",\"valueRequired\":true,\"valueName\":\"search_term_string\"}}],\"inLanguage\":\"de\"},{\"@type\":\"Organization\",\"@id\":\"https:\\\/\\\/kem-europe.eu\\\/#organization\",\"name\":\"KEM Europe\",\"url\":\"https:\\\/\\\/kem-europe.eu\\\/\",\"logo\":{\"@type\":\"ImageObject\",\"inLanguage\":\"de\",\"@id\":\"https:\\\/\\\/kem-europe.eu\\\/#\\\/schema\\\/logo\\\/image\\\/\",\"url\":\"https:\\\/\\\/kem-europe.eu\\\/wp-content\\\/uploads\\\/2025\\\/02\\\/KEM2019-BLACK-1500W.png\",\"contentUrl\":\"https:\\\/\\\/kem-europe.eu\\\/wp-content\\\/uploads\\\/2025\\\/02\\\/KEM2019-BLACK-1500W.png\",\"width\":1500,\"height\":626,\"caption\":\"KEM Europe\"},\"image\":{\"@id\":\"https:\\\/\\\/kem-europe.eu\\\/#\\\/schema\\\/logo\\\/image\\\/\"}}]}<\/script>\n<!-- \/ Yoast SEO plugin. -->","yoast_head_json":{"title":"Globus - F\u00e4cherscheibe flach HT - Glasfaserunterlage - KEM Europe","robots":{"index":"index","follow":"follow","max-snippet":"max-snippet:-1","max-image-preview":"max-image-preview:large","max-video-preview":"max-video-preview:-1"},"canonical":"https:\/\/kem-europe.eu\/de\/produkt\/globe-lamellenscheibe-flach-ht-fiberglas-traeger\/","og_locale":"de_DE","og_type":"article","og_title":"Globe - Lamellenschijf Plat HT - Fiberglas achterzijde - KEM Europe","og_description":"Lamellenschijf | Plat   De lamellen zijn groter en er zitten minder lamellen op dan de HT variant. Dit ontwerp is minder agressief en beter geschikt voor randen en fijner materiaal.  Deze schijven zijn beter geschikt voor minder krachtigere machines. Doordat de lamellen verschillende hardheden hebben genereer je een effici\u00ebnt en constante aanvoer van schuurkorrels met minder krommende lamellen.","og_url":"https:\/\/kem-europe.eu\/de\/produkt\/globe-lamellenscheibe-flach-ht-fiberglas-traeger\/","og_site_name":"KEM Europe","article_modified_time":"2025-03-06T13:36:08+00:00","og_image":[{"width":700,"height":700,"url":"https:\/\/kem-europe.eu\/wp-content\/uploads\/2025\/02\/flat1.jpg","type":"image\/jpeg"}],"twitter_card":"summary_large_image","twitter_misc":{"Gesch\u00e4tzte Lesezeit":"2\u00a0Minuten"},"schema":{"@context":"https:\/\/schema.org","@graph":[{"@type":"WebPage","@id":"https:\/\/kem-europe.eu\/product\/globe-lamellenschijf-plat-ht-fiberglas-achterzijde\/","url":"https:\/\/kem-europe.eu\/product\/globe-lamellenschijf-plat-ht-fiberglas-achterzijde\/","name":"Globus - F\u00e4cherscheibe flach HT - Glasfaserunterlage - KEM Europe","isPartOf":{"@id":"https:\/\/kem-europe.eu\/#website"},"primaryImageOfPage":{"@id":"https:\/\/kem-europe.eu\/product\/globe-lamellenschijf-plat-ht-fiberglas-achterzijde\/#primaryimage"},"image":{"@id":"https:\/\/kem-europe.eu\/product\/globe-lamellenschijf-plat-ht-fiberglas-achterzijde\/#primaryimage"},"thumbnailUrl":"https:\/\/kem-europe.eu\/wp-content\/uploads\/2025\/02\/flat1.jpg","datePublished":"2025-02-27T08:31:27+00:00","dateModified":"2025-03-06T13:36:08+00:00","breadcrumb":{"@id":"https:\/\/kem-europe.eu\/product\/globe-lamellenschijf-plat-ht-fiberglas-achterzijde\/#breadcrumb"},"inLanguage":"de","potentialAction":[{"@type":"ReadAction","target":["https:\/\/kem-europe.eu\/product\/globe-lamellenschijf-plat-ht-fiberglas-achterzijde\/"]}]},{"@type":"ImageObject","inLanguage":"de","@id":"https:\/\/kem-europe.eu\/product\/globe-lamellenschijf-plat-ht-fiberglas-achterzijde\/#primaryimage","url":"https:\/\/kem-europe.eu\/wp-content\/uploads\/2025\/02\/flat1.jpg","contentUrl":"https:\/\/kem-europe.eu\/wp-content\/uploads\/2025\/02\/flat1.jpg","width":700,"height":700},{"@type":"BreadcrumbList","@id":"https:\/\/kem-europe.eu\/product\/globe-lamellenschijf-plat-ht-fiberglas-achterzijde\/#breadcrumb","itemListElement":[{"@type":"ListItem","position":1,"name":"Home","item":"https:\/\/kem-europe.eu\/"},{"@type":"ListItem","position":2,"name":"Winkel","item":"https:\/\/kem-europe.eu\/winkel\/"},{"@type":"ListItem","position":3,"name":"Globe &#8211; Lamellenschijf Plat HT &#8211; Fiberglas achterzijde"}]},{"@type":"WebSite","@id":"https:\/\/kem-europe.eu\/#website","url":"https:\/\/kem-europe.eu\/","name":"KEM Europe","description":"","publisher":{"@id":"https:\/\/kem-europe.eu\/#organization"},"potentialAction":[{"@type":"SearchAction","target":{"@type":"EntryPoint","urlTemplate":"https:\/\/kem-europe.eu\/?s={search_term_string}"},"query-input":{"@type":"PropertyValueSpecification","valueRequired":true,"valueName":"search_term_string"}}],"inLanguage":"de"},{"@type":"Organization","@id":"https:\/\/kem-europe.eu\/#organization","name":"KEM Europe","url":"https:\/\/kem-europe.eu\/","logo":{"@type":"ImageObject","inLanguage":"de","@id":"https:\/\/kem-europe.eu\/#\/schema\/logo\/image\/","url":"https:\/\/kem-europe.eu\/wp-content\/uploads\/2025\/02\/KEM2019-BLACK-1500W.png","contentUrl":"https:\/\/kem-europe.eu\/wp-content\/uploads\/2025\/02\/KEM2019-BLACK-1500W.png","width":1500,"height":626,"caption":"KEM Europe"},"image":{"@id":"https:\/\/kem-europe.eu\/#\/schema\/logo\/image\/"}}]}},"_links":{"self":[{"href":"https:\/\/kem-europe.eu\/de\/wp-json\/wp\/v2\/product\/1987","targetHints":{"allow":["GET"]}}],"collection":[{"href":"https:\/\/kem-europe.eu\/de\/wp-json\/wp\/v2\/product"}],"about":[{"href":"https:\/\/kem-europe.eu\/de\/wp-json\/wp\/v2\/types\/product"}],"replies":[{"embeddable":true,"href":"https:\/\/kem-europe.eu\/de\/wp-json\/wp\/v2\/comments?post=1987"}],"wp:featuredmedia":[{"embeddable":true,"href":"https:\/\/kem-europe.eu\/de\/wp-json\/wp\/v2\/media\/2012"}],"wp:attachment":[{"href":"https:\/\/kem-europe.eu\/de\/wp-json\/wp\/v2\/media?parent=1987"}],"wp:term":[{"taxonomy":"product_brand","embeddable":true,"href":"https:\/\/kem-europe.eu\/de\/wp-json\/wp\/v2\/product_brand?post=1987"},{"taxonomy":"product_cat","embeddable":true,"href":"https:\/\/kem-europe.eu\/de\/wp-json\/wp\/v2\/product_cat?post=1987"},{"taxonomy":"product_tag","embeddable":true,"href":"https:\/\/kem-europe.eu\/de\/wp-json\/wp\/v2\/product_tag?post=1987"}],"curies":[{"name":"wp","href":"https:\/\/api.w.org\/{rel}","templated":true}]}}