{"id":1995,"date":"2025-02-27T08:31:28","date_gmt":"2025-02-27T08:31:28","guid":{"rendered":"https:\/\/kem-europe.eu\/?post_type=product&#038;p=1995"},"modified":"2025-02-27T13:17:04","modified_gmt":"2025-02-27T13:17:04","slug":"urko-4003-l-zwinge-mit-spannhebel","status":"publish","type":"product","link":"https:\/\/kem-europe.eu\/de\/product\/urko-4003-l-lijmklem-met-spanhendel\/","title":{"rendered":"Urko - 4003-L - Leimzwinge mit Klemmhebel"},"content":{"rendered":"<p><span style=\"color: #000000;\"><strong>Merkmale 4003-L - Leimzwinge mit Klemmhebel<\/strong><br \/>\nLeimzwinge zum schnellen und einfachen Spannen von Werkst\u00fccken. Es wird eine senkrechte Kraft auf das zu klemmende Material ausge\u00fcbt, die ein Wegdrehen des Werkst\u00fccks verhindert. Die Zange ist sehr robust und hat eine lange Lebensdauer.<\/span><\/p>\n<ul>\n<li>Fest- und Gleitb\u00fcgel aus hochwertigem Gusseisen<\/li>\n<li>Gleitschutz aus geh\u00e4rtetem Stahl<\/li>\n<li>Sehr leichtes Spannen durch einfaches Ziehen des Hebels<\/li>\n<li>Entriegeln Sie, indem Sie den Entriegelungsknopf dr\u00fccken und den Hebel leicht nach oben ziehen.<\/li>\n<li>Spannkraft: 9.000N<\/li>\n<li>Die Abmessungen (a, b und c) sind in der technischen Zeichnung in den Abbildungen zu finden<\/li>\n<\/ul>","protected":false},"excerpt":{"rendered":"<p>Kenmerken 4003-L &#8211; Lijmklem met spanhendel Lijmtang voor het snel en eenvoudig opspannen van werkstukken. Een loodrechte kracht wordt uitgeoefend op het te spannen materiaal waardoor wegdraaien van het werkstuk onmogelijk is. De tang is zeer robuust uitgevoerd voor een lange levensduur. Vaste- en glijbeugel gefabriceerd uit hoogwaardig gietijzer Glijbeveiliging van gehard staal Zeer eenvoudig [&hellip;]<\/p>\n","protected":false},"featured_media":2020,"comment_status":"closed","ping_status":"closed","template":"","meta":[],"product_brand":[622],"product_cat":[307,308],"product_tag":[],"class_list":{"0":"post-1995","1":"product","2":"type-product","3":"status-publish","4":"has-post-thumbnail","6":"product_brand-urko","7":"product_cat-handgereedschap","8":"product_cat-lijmklem","10":"first","11":"instock","12":"purchasable","13":"product-type-variable"},"ct_brands":[{"id":622,"name":"URKO","slug":"urko"}],"yoast_head":"<!-- This site is optimized with the Yoast SEO plugin v27.4 - https:\/\/yoast.com\/product\/yoast-seo-wordpress\/ -->\n<title>Urko - 4003-L - Lijmklem met spanhendel - KEM Europe<\/title>\n<meta name=\"robots\" content=\"index, follow, max-snippet:-1, max-image-preview:large, max-video-preview:-1\" \/>\n<link rel=\"canonical\" href=\"https:\/\/kem-europe.eu\/de\/produkt\/urko-4003-l-zwinge-mit-spannhebel\/\" \/>\n<meta property=\"og:locale\" content=\"de_DE\" \/>\n<meta property=\"og:type\" content=\"article\" \/>\n<meta property=\"og:title\" content=\"Urko - 4003-L - Lijmklem met spanhendel - KEM Europe\" \/>\n<meta property=\"og:description\" content=\"Kenmerken 4003-L &#8211; Lijmklem met spanhendel Lijmtang voor het snel en eenvoudig opspannen van werkstukken. Een loodrechte kracht wordt uitgeoefend op het te spannen materiaal waardoor wegdraaien van het werkstuk onmogelijk is. De tang is zeer robuust uitgevoerd voor een lange levensduur. Vaste- en glijbeugel gefabriceerd uit hoogwaardig gietijzer Glijbeveiliging van gehard staal Zeer eenvoudig [&hellip;]\" \/>\n<meta property=\"og:url\" content=\"https:\/\/kem-europe.eu\/de\/produkt\/urko-4003-l-zwinge-mit-spannhebel\/\" \/>\n<meta property=\"og:site_name\" content=\"KEM Europe\" \/>\n<meta property=\"article:modified_time\" content=\"2025-02-27T13:17:04+00:00\" \/>\n<meta property=\"og:image\" content=\"https:\/\/kem-europe.eu\/wp-content\/uploads\/2025\/02\/urko-4003-l-lijmtang.jpg\" \/>\n\t<meta property=\"og:image:width\" content=\"700\" \/>\n\t<meta property=\"og:image:height\" content=\"700\" \/>\n\t<meta property=\"og:image:type\" content=\"image\/jpeg\" \/>\n<meta name=\"twitter:card\" content=\"summary_large_image\" \/>\n<script type=\"application\/ld+json\" class=\"yoast-schema-graph\">{\"@context\":\"https:\\\/\\\/schema.org\",\"@graph\":[{\"@type\":\"WebPage\",\"@id\":\"https:\\\/\\\/kem-europe.eu\\\/product\\\/urko-4003-l-lijmklem-met-spanhendel\\\/\",\"url\":\"https:\\\/\\\/kem-europe.eu\\\/product\\\/urko-4003-l-lijmklem-met-spanhendel\\\/\",\"name\":\"Urko - 4003-L - Lijmklem met spanhendel - KEM Europe\",\"isPartOf\":{\"@id\":\"https:\\\/\\\/kem-europe.eu\\\/#website\"},\"primaryImageOfPage\":{\"@id\":\"https:\\\/\\\/kem-europe.eu\\\/product\\\/urko-4003-l-lijmklem-met-spanhendel\\\/#primaryimage\"},\"image\":{\"@id\":\"https:\\\/\\\/kem-europe.eu\\\/product\\\/urko-4003-l-lijmklem-met-spanhendel\\\/#primaryimage\"},\"thumbnailUrl\":\"https:\\\/\\\/kem-europe.eu\\\/wp-content\\\/uploads\\\/2025\\\/02\\\/urko-4003-l-lijmtang.jpg\",\"datePublished\":\"2025-02-27T08:31:28+00:00\",\"dateModified\":\"2025-02-27T13:17:04+00:00\",\"breadcrumb\":{\"@id\":\"https:\\\/\\\/kem-europe.eu\\\/product\\\/urko-4003-l-lijmklem-met-spanhendel\\\/#breadcrumb\"},\"inLanguage\":\"de\",\"potentialAction\":[{\"@type\":\"ReadAction\",\"target\":[\"https:\\\/\\\/kem-europe.eu\\\/product\\\/urko-4003-l-lijmklem-met-spanhendel\\\/\"]}]},{\"@type\":\"ImageObject\",\"inLanguage\":\"de\",\"@id\":\"https:\\\/\\\/kem-europe.eu\\\/product\\\/urko-4003-l-lijmklem-met-spanhendel\\\/#primaryimage\",\"url\":\"https:\\\/\\\/kem-europe.eu\\\/wp-content\\\/uploads\\\/2025\\\/02\\\/urko-4003-l-lijmtang.jpg\",\"contentUrl\":\"https:\\\/\\\/kem-europe.eu\\\/wp-content\\\/uploads\\\/2025\\\/02\\\/urko-4003-l-lijmtang.jpg\",\"width\":700,\"height\":700},{\"@type\":\"BreadcrumbList\",\"@id\":\"https:\\\/\\\/kem-europe.eu\\\/product\\\/urko-4003-l-lijmklem-met-spanhendel\\\/#breadcrumb\",\"itemListElement\":[{\"@type\":\"ListItem\",\"position\":1,\"name\":\"Home\",\"item\":\"https:\\\/\\\/kem-europe.eu\\\/\"},{\"@type\":\"ListItem\",\"position\":2,\"name\":\"Winkel\",\"item\":\"https:\\\/\\\/kem-europe.eu\\\/winkel\\\/\"},{\"@type\":\"ListItem\",\"position\":3,\"name\":\"Urko &#8211; 4003-L &#8211; Lijmklem met spanhendel\"}]},{\"@type\":\"WebSite\",\"@id\":\"https:\\\/\\\/kem-europe.eu\\\/#website\",\"url\":\"https:\\\/\\\/kem-europe.eu\\\/\",\"name\":\"KEM Europe\",\"description\":\"\",\"publisher\":{\"@id\":\"https:\\\/\\\/kem-europe.eu\\\/#organization\"},\"potentialAction\":[{\"@type\":\"SearchAction\",\"target\":{\"@type\":\"EntryPoint\",\"urlTemplate\":\"https:\\\/\\\/kem-europe.eu\\\/?s={search_term_string}\"},\"query-input\":{\"@type\":\"PropertyValueSpecification\",\"valueRequired\":true,\"valueName\":\"search_term_string\"}}],\"inLanguage\":\"de\"},{\"@type\":\"Organization\",\"@id\":\"https:\\\/\\\/kem-europe.eu\\\/#organization\",\"name\":\"KEM Europe\",\"url\":\"https:\\\/\\\/kem-europe.eu\\\/\",\"logo\":{\"@type\":\"ImageObject\",\"inLanguage\":\"de\",\"@id\":\"https:\\\/\\\/kem-europe.eu\\\/#\\\/schema\\\/logo\\\/image\\\/\",\"url\":\"https:\\\/\\\/kem-europe.eu\\\/wp-content\\\/uploads\\\/2025\\\/02\\\/KEM2019-BLACK-1500W.png\",\"contentUrl\":\"https:\\\/\\\/kem-europe.eu\\\/wp-content\\\/uploads\\\/2025\\\/02\\\/KEM2019-BLACK-1500W.png\",\"width\":1500,\"height\":626,\"caption\":\"KEM Europe\"},\"image\":{\"@id\":\"https:\\\/\\\/kem-europe.eu\\\/#\\\/schema\\\/logo\\\/image\\\/\"}}]}<\/script>\n<!-- \/ Yoast SEO plugin. -->","yoast_head_json":{"title":"Urko - 4003-L - Leimzwinge mit Klemmhebel - KEM Europe","robots":{"index":"index","follow":"follow","max-snippet":"max-snippet:-1","max-image-preview":"max-image-preview:large","max-video-preview":"max-video-preview:-1"},"canonical":"https:\/\/kem-europe.eu\/de\/produkt\/urko-4003-l-zwinge-mit-spannhebel\/","og_locale":"de_DE","og_type":"article","og_title":"Urko - 4003-L - Lijmklem met spanhendel - KEM Europe","og_description":"Kenmerken 4003-L &#8211; Lijmklem met spanhendel Lijmtang voor het snel en eenvoudig opspannen van werkstukken. Een loodrechte kracht wordt uitgeoefend op het te spannen materiaal waardoor wegdraaien van het werkstuk onmogelijk is. De tang is zeer robuust uitgevoerd voor een lange levensduur. Vaste- en glijbeugel gefabriceerd uit hoogwaardig gietijzer Glijbeveiliging van gehard staal Zeer eenvoudig [&hellip;]","og_url":"https:\/\/kem-europe.eu\/de\/produkt\/urko-4003-l-zwinge-mit-spannhebel\/","og_site_name":"KEM Europe","article_modified_time":"2025-02-27T13:17:04+00:00","og_image":[{"width":700,"height":700,"url":"https:\/\/kem-europe.eu\/wp-content\/uploads\/2025\/02\/urko-4003-l-lijmtang.jpg","type":"image\/jpeg"}],"twitter_card":"summary_large_image","schema":{"@context":"https:\/\/schema.org","@graph":[{"@type":"WebPage","@id":"https:\/\/kem-europe.eu\/product\/urko-4003-l-lijmklem-met-spanhendel\/","url":"https:\/\/kem-europe.eu\/product\/urko-4003-l-lijmklem-met-spanhendel\/","name":"Urko - 4003-L - Leimzwinge mit Klemmhebel - KEM Europe","isPartOf":{"@id":"https:\/\/kem-europe.eu\/#website"},"primaryImageOfPage":{"@id":"https:\/\/kem-europe.eu\/product\/urko-4003-l-lijmklem-met-spanhendel\/#primaryimage"},"image":{"@id":"https:\/\/kem-europe.eu\/product\/urko-4003-l-lijmklem-met-spanhendel\/#primaryimage"},"thumbnailUrl":"https:\/\/kem-europe.eu\/wp-content\/uploads\/2025\/02\/urko-4003-l-lijmtang.jpg","datePublished":"2025-02-27T08:31:28+00:00","dateModified":"2025-02-27T13:17:04+00:00","breadcrumb":{"@id":"https:\/\/kem-europe.eu\/product\/urko-4003-l-lijmklem-met-spanhendel\/#breadcrumb"},"inLanguage":"de","potentialAction":[{"@type":"ReadAction","target":["https:\/\/kem-europe.eu\/product\/urko-4003-l-lijmklem-met-spanhendel\/"]}]},{"@type":"ImageObject","inLanguage":"de","@id":"https:\/\/kem-europe.eu\/product\/urko-4003-l-lijmklem-met-spanhendel\/#primaryimage","url":"https:\/\/kem-europe.eu\/wp-content\/uploads\/2025\/02\/urko-4003-l-lijmtang.jpg","contentUrl":"https:\/\/kem-europe.eu\/wp-content\/uploads\/2025\/02\/urko-4003-l-lijmtang.jpg","width":700,"height":700},{"@type":"BreadcrumbList","@id":"https:\/\/kem-europe.eu\/product\/urko-4003-l-lijmklem-met-spanhendel\/#breadcrumb","itemListElement":[{"@type":"ListItem","position":1,"name":"Home","item":"https:\/\/kem-europe.eu\/"},{"@type":"ListItem","position":2,"name":"Winkel","item":"https:\/\/kem-europe.eu\/winkel\/"},{"@type":"ListItem","position":3,"name":"Urko &#8211; 4003-L &#8211; Lijmklem met spanhendel"}]},{"@type":"WebSite","@id":"https:\/\/kem-europe.eu\/#website","url":"https:\/\/kem-europe.eu\/","name":"KEM Europe","description":"","publisher":{"@id":"https:\/\/kem-europe.eu\/#organization"},"potentialAction":[{"@type":"SearchAction","target":{"@type":"EntryPoint","urlTemplate":"https:\/\/kem-europe.eu\/?s={search_term_string}"},"query-input":{"@type":"PropertyValueSpecification","valueRequired":true,"valueName":"search_term_string"}}],"inLanguage":"de"},{"@type":"Organization","@id":"https:\/\/kem-europe.eu\/#organization","name":"KEM Europe","url":"https:\/\/kem-europe.eu\/","logo":{"@type":"ImageObject","inLanguage":"de","@id":"https:\/\/kem-europe.eu\/#\/schema\/logo\/image\/","url":"https:\/\/kem-europe.eu\/wp-content\/uploads\/2025\/02\/KEM2019-BLACK-1500W.png","contentUrl":"https:\/\/kem-europe.eu\/wp-content\/uploads\/2025\/02\/KEM2019-BLACK-1500W.png","width":1500,"height":626,"caption":"KEM Europe"},"image":{"@id":"https:\/\/kem-europe.eu\/#\/schema\/logo\/image\/"}}]}},"_links":{"self":[{"href":"https:\/\/kem-europe.eu\/de\/wp-json\/wp\/v2\/product\/1995","targetHints":{"allow":["GET"]}}],"collection":[{"href":"https:\/\/kem-europe.eu\/de\/wp-json\/wp\/v2\/product"}],"about":[{"href":"https:\/\/kem-europe.eu\/de\/wp-json\/wp\/v2\/types\/product"}],"replies":[{"embeddable":true,"href":"https:\/\/kem-europe.eu\/de\/wp-json\/wp\/v2\/comments?post=1995"}],"wp:featuredmedia":[{"embeddable":true,"href":"https:\/\/kem-europe.eu\/de\/wp-json\/wp\/v2\/media\/2020"}],"wp:attachment":[{"href":"https:\/\/kem-europe.eu\/de\/wp-json\/wp\/v2\/media?parent=1995"}],"wp:term":[{"taxonomy":"product_brand","embeddable":true,"href":"https:\/\/kem-europe.eu\/de\/wp-json\/wp\/v2\/product_brand?post=1995"},{"taxonomy":"product_cat","embeddable":true,"href":"https:\/\/kem-europe.eu\/de\/wp-json\/wp\/v2\/product_cat?post=1995"},{"taxonomy":"product_tag","embeddable":true,"href":"https:\/\/kem-europe.eu\/de\/wp-json\/wp\/v2\/product_tag?post=1995"}],"curies":[{"name":"wp","href":"https:\/\/api.w.org\/{rel}","templated":true}]}}