{"id":1996,"date":"2025-02-27T08:31:28","date_gmt":"2025-02-27T08:31:28","guid":{"rendered":"https:\/\/kem-europe.eu\/?post_type=product&#038;p=1996"},"modified":"2025-02-27T13:17:08","modified_gmt":"2025-02-27T13:17:08","slug":"urko-503-h2-hydraulische-zwinge","status":"publish","type":"product","link":"https:\/\/kem-europe.eu\/de\/product\/urko-503-h2-lijmklem-hydraulisch\/","title":{"rendered":"Urko - 503-H2 - Leimzwinge hydraulisch"},"content":{"rendered":"<p><strong>Eigenschaften Urko - 503-H2 - Klebeklammer hydraulisch<br \/>\n<\/strong><\/p>\n<p>Leimzwinge zum m\u00fchelosen Einspannen von Materialien an leicht und schwer zug\u00e4nglichen Stellen. Ideal, um z. B. Dachsparren und schwere Konstruktionen zusammenzuf\u00fcgen. Die pumpende Bewegung erm\u00f6glicht eine Einhandbedienung. Es wird eine senkrechte Kraft auf das zu klemmende Material ausge\u00fcbt, die ein Wegdrehen des Werkst\u00fccks verhindert.<\/p>\n<ul>\n<li>Fest- und Gleitb\u00fcgel aus hochwertigem Gusseisen<\/li>\n<li>Gleitschutz aus geh\u00e4rtetem Stahl<\/li>\n<li>Hydraulische Klammerbet\u00e4tigung<\/li>\n<li>Einfaches Spannen und Entspannen<\/li>\n<li>Spannkraft - 8.000N<\/li>\n<li>Spantiefe - 107mm<\/li>\n<li>Profilf\u00fchrung - 35x8mm<\/li>\n<li>Die Abmessungen (a und b) sind in der technischen Zeichnung in den Abbildungen zu finden<\/li>\n<\/ul>","protected":false},"excerpt":{"rendered":"<p>Kenmerken Urko &#8211; 503-H2 &#8211; Lijmklem hydraulisch Lijmtang voor het moeiteloos spannen van materialen op makkelijk en moeilijk bereikbare plaatsen. Ideaal voor het bij elkaar brengen van bijvoorbeeld dakspanten en zware constructies. Doordat er een pompende beweging word gemaakt kan de tang met slechts \u00e9\u00e9n hand bediend worden. Een loodrechte kracht wordt uitgeoefend op het [&hellip;]<\/p>\n","protected":false},"featured_media":2023,"comment_status":"closed","ping_status":"closed","template":"","meta":[],"product_brand":[622],"product_cat":[307,311,308],"product_tag":[],"class_list":{"0":"post-1996","1":"product","2":"type-product","3":"status-publish","4":"has-post-thumbnail","6":"product_brand-urko","7":"product_cat-handgereedschap","8":"product_cat-hydraulische-lijmklem","9":"product_cat-lijmklem","11":"first","12":"instock","13":"purchasable","14":"product-type-variable"},"ct_brands":[{"id":622,"name":"URKO","slug":"urko"}],"yoast_head":"<!-- This site is optimized with the Yoast SEO plugin v27.3 - https:\/\/yoast.com\/product\/yoast-seo-wordpress\/ -->\n<title>Urko - 503-H2 - Lijmklem hydraulisch - KEM Europe<\/title>\n<meta name=\"robots\" content=\"index, follow, max-snippet:-1, max-image-preview:large, max-video-preview:-1\" \/>\n<link rel=\"canonical\" href=\"https:\/\/kem-europe.eu\/de\/produkt\/urko-503-h2-hydraulische-zwinge\/\" \/>\n<meta property=\"og:locale\" content=\"de_DE\" \/>\n<meta property=\"og:type\" content=\"article\" \/>\n<meta property=\"og:title\" content=\"Urko - 503-H2 - Lijmklem hydraulisch - KEM Europe\" \/>\n<meta property=\"og:description\" content=\"Kenmerken Urko &#8211; 503-H2 &#8211; Lijmklem hydraulisch Lijmtang voor het moeiteloos spannen van materialen op makkelijk en moeilijk bereikbare plaatsen. Ideaal voor het bij elkaar brengen van bijvoorbeeld dakspanten en zware constructies. Doordat er een pompende beweging word gemaakt kan de tang met slechts \u00e9\u00e9n hand bediend worden. Een loodrechte kracht wordt uitgeoefend op het [&hellip;]\" \/>\n<meta property=\"og:url\" content=\"https:\/\/kem-europe.eu\/de\/produkt\/urko-503-h2-hydraulische-zwinge\/\" \/>\n<meta property=\"og:site_name\" content=\"KEM Europe\" \/>\n<meta property=\"article:modified_time\" content=\"2025-02-27T13:17:08+00:00\" \/>\n<meta property=\"og:image\" content=\"https:\/\/kem-europe.eu\/wp-content\/uploads\/2025\/02\/urko-503-h-lijmklem-hydraulisch.jpg\" \/>\n\t<meta property=\"og:image:width\" content=\"700\" \/>\n\t<meta property=\"og:image:height\" content=\"700\" \/>\n\t<meta property=\"og:image:type\" content=\"image\/jpeg\" \/>\n<meta name=\"twitter:card\" content=\"summary_large_image\" \/>\n<meta name=\"twitter:label1\" content=\"Gesch\u00e4tzte Lesezeit\" \/>\n\t<meta name=\"twitter:data1\" content=\"1\u00a0Minute\" \/>\n<script type=\"application\/ld+json\" class=\"yoast-schema-graph\">{\"@context\":\"https:\\\/\\\/schema.org\",\"@graph\":[{\"@type\":\"WebPage\",\"@id\":\"https:\\\/\\\/kem-europe.eu\\\/product\\\/urko-503-h2-lijmklem-hydraulisch\\\/\",\"url\":\"https:\\\/\\\/kem-europe.eu\\\/product\\\/urko-503-h2-lijmklem-hydraulisch\\\/\",\"name\":\"Urko - 503-H2 - Lijmklem hydraulisch - KEM Europe\",\"isPartOf\":{\"@id\":\"https:\\\/\\\/kem-europe.eu\\\/#website\"},\"primaryImageOfPage\":{\"@id\":\"https:\\\/\\\/kem-europe.eu\\\/product\\\/urko-503-h2-lijmklem-hydraulisch\\\/#primaryimage\"},\"image\":{\"@id\":\"https:\\\/\\\/kem-europe.eu\\\/product\\\/urko-503-h2-lijmklem-hydraulisch\\\/#primaryimage\"},\"thumbnailUrl\":\"https:\\\/\\\/kem-europe.eu\\\/wp-content\\\/uploads\\\/2025\\\/02\\\/urko-503-h-lijmklem-hydraulisch.jpg\",\"datePublished\":\"2025-02-27T08:31:28+00:00\",\"dateModified\":\"2025-02-27T13:17:08+00:00\",\"breadcrumb\":{\"@id\":\"https:\\\/\\\/kem-europe.eu\\\/product\\\/urko-503-h2-lijmklem-hydraulisch\\\/#breadcrumb\"},\"inLanguage\":\"de\",\"potentialAction\":[{\"@type\":\"ReadAction\",\"target\":[\"https:\\\/\\\/kem-europe.eu\\\/product\\\/urko-503-h2-lijmklem-hydraulisch\\\/\"]}]},{\"@type\":\"ImageObject\",\"inLanguage\":\"de\",\"@id\":\"https:\\\/\\\/kem-europe.eu\\\/product\\\/urko-503-h2-lijmklem-hydraulisch\\\/#primaryimage\",\"url\":\"https:\\\/\\\/kem-europe.eu\\\/wp-content\\\/uploads\\\/2025\\\/02\\\/urko-503-h-lijmklem-hydraulisch.jpg\",\"contentUrl\":\"https:\\\/\\\/kem-europe.eu\\\/wp-content\\\/uploads\\\/2025\\\/02\\\/urko-503-h-lijmklem-hydraulisch.jpg\",\"width\":700,\"height\":700},{\"@type\":\"BreadcrumbList\",\"@id\":\"https:\\\/\\\/kem-europe.eu\\\/product\\\/urko-503-h2-lijmklem-hydraulisch\\\/#breadcrumb\",\"itemListElement\":[{\"@type\":\"ListItem\",\"position\":1,\"name\":\"Home\",\"item\":\"https:\\\/\\\/kem-europe.eu\\\/\"},{\"@type\":\"ListItem\",\"position\":2,\"name\":\"Winkel\",\"item\":\"https:\\\/\\\/kem-europe.eu\\\/winkel\\\/\"},{\"@type\":\"ListItem\",\"position\":3,\"name\":\"Urko &#8211; 503-H2 &#8211; Lijmklem hydraulisch\"}]},{\"@type\":\"WebSite\",\"@id\":\"https:\\\/\\\/kem-europe.eu\\\/#website\",\"url\":\"https:\\\/\\\/kem-europe.eu\\\/\",\"name\":\"KEM Europe\",\"description\":\"\",\"publisher\":{\"@id\":\"https:\\\/\\\/kem-europe.eu\\\/#organization\"},\"potentialAction\":[{\"@type\":\"SearchAction\",\"target\":{\"@type\":\"EntryPoint\",\"urlTemplate\":\"https:\\\/\\\/kem-europe.eu\\\/?s={search_term_string}\"},\"query-input\":{\"@type\":\"PropertyValueSpecification\",\"valueRequired\":true,\"valueName\":\"search_term_string\"}}],\"inLanguage\":\"de\"},{\"@type\":\"Organization\",\"@id\":\"https:\\\/\\\/kem-europe.eu\\\/#organization\",\"name\":\"KEM Europe\",\"url\":\"https:\\\/\\\/kem-europe.eu\\\/\",\"logo\":{\"@type\":\"ImageObject\",\"inLanguage\":\"de\",\"@id\":\"https:\\\/\\\/kem-europe.eu\\\/#\\\/schema\\\/logo\\\/image\\\/\",\"url\":\"https:\\\/\\\/kem-europe.eu\\\/wp-content\\\/uploads\\\/2025\\\/02\\\/KEM2019-BLACK-1500W.png\",\"contentUrl\":\"https:\\\/\\\/kem-europe.eu\\\/wp-content\\\/uploads\\\/2025\\\/02\\\/KEM2019-BLACK-1500W.png\",\"width\":1500,\"height\":626,\"caption\":\"KEM Europe\"},\"image\":{\"@id\":\"https:\\\/\\\/kem-europe.eu\\\/#\\\/schema\\\/logo\\\/image\\\/\"}}]}<\/script>\n<!-- \/ Yoast SEO plugin. -->","yoast_head_json":{"title":"Urko - 503-H2 - Leimzwinge hydraulisch - KEM Europe","robots":{"index":"index","follow":"follow","max-snippet":"max-snippet:-1","max-image-preview":"max-image-preview:large","max-video-preview":"max-video-preview:-1"},"canonical":"https:\/\/kem-europe.eu\/de\/produkt\/urko-503-h2-hydraulische-zwinge\/","og_locale":"de_DE","og_type":"article","og_title":"Urko - 503-H2 - Lijmklem hydraulisch - KEM Europe","og_description":"Kenmerken Urko &#8211; 503-H2 &#8211; Lijmklem hydraulisch Lijmtang voor het moeiteloos spannen van materialen op makkelijk en moeilijk bereikbare plaatsen. Ideaal voor het bij elkaar brengen van bijvoorbeeld dakspanten en zware constructies. Doordat er een pompende beweging word gemaakt kan de tang met slechts \u00e9\u00e9n hand bediend worden. Een loodrechte kracht wordt uitgeoefend op het [&hellip;]","og_url":"https:\/\/kem-europe.eu\/de\/produkt\/urko-503-h2-hydraulische-zwinge\/","og_site_name":"KEM Europe","article_modified_time":"2025-02-27T13:17:08+00:00","og_image":[{"width":700,"height":700,"url":"https:\/\/kem-europe.eu\/wp-content\/uploads\/2025\/02\/urko-503-h-lijmklem-hydraulisch.jpg","type":"image\/jpeg"}],"twitter_card":"summary_large_image","twitter_misc":{"Gesch\u00e4tzte Lesezeit":"1\u00a0Minute"},"schema":{"@context":"https:\/\/schema.org","@graph":[{"@type":"WebPage","@id":"https:\/\/kem-europe.eu\/product\/urko-503-h2-lijmklem-hydraulisch\/","url":"https:\/\/kem-europe.eu\/product\/urko-503-h2-lijmklem-hydraulisch\/","name":"Urko - 503-H2 - Leimzwinge hydraulisch - KEM Europe","isPartOf":{"@id":"https:\/\/kem-europe.eu\/#website"},"primaryImageOfPage":{"@id":"https:\/\/kem-europe.eu\/product\/urko-503-h2-lijmklem-hydraulisch\/#primaryimage"},"image":{"@id":"https:\/\/kem-europe.eu\/product\/urko-503-h2-lijmklem-hydraulisch\/#primaryimage"},"thumbnailUrl":"https:\/\/kem-europe.eu\/wp-content\/uploads\/2025\/02\/urko-503-h-lijmklem-hydraulisch.jpg","datePublished":"2025-02-27T08:31:28+00:00","dateModified":"2025-02-27T13:17:08+00:00","breadcrumb":{"@id":"https:\/\/kem-europe.eu\/product\/urko-503-h2-lijmklem-hydraulisch\/#breadcrumb"},"inLanguage":"de","potentialAction":[{"@type":"ReadAction","target":["https:\/\/kem-europe.eu\/product\/urko-503-h2-lijmklem-hydraulisch\/"]}]},{"@type":"ImageObject","inLanguage":"de","@id":"https:\/\/kem-europe.eu\/product\/urko-503-h2-lijmklem-hydraulisch\/#primaryimage","url":"https:\/\/kem-europe.eu\/wp-content\/uploads\/2025\/02\/urko-503-h-lijmklem-hydraulisch.jpg","contentUrl":"https:\/\/kem-europe.eu\/wp-content\/uploads\/2025\/02\/urko-503-h-lijmklem-hydraulisch.jpg","width":700,"height":700},{"@type":"BreadcrumbList","@id":"https:\/\/kem-europe.eu\/product\/urko-503-h2-lijmklem-hydraulisch\/#breadcrumb","itemListElement":[{"@type":"ListItem","position":1,"name":"Home","item":"https:\/\/kem-europe.eu\/"},{"@type":"ListItem","position":2,"name":"Winkel","item":"https:\/\/kem-europe.eu\/winkel\/"},{"@type":"ListItem","position":3,"name":"Urko &#8211; 503-H2 &#8211; Lijmklem hydraulisch"}]},{"@type":"WebSite","@id":"https:\/\/kem-europe.eu\/#website","url":"https:\/\/kem-europe.eu\/","name":"KEM Europe","description":"","publisher":{"@id":"https:\/\/kem-europe.eu\/#organization"},"potentialAction":[{"@type":"SearchAction","target":{"@type":"EntryPoint","urlTemplate":"https:\/\/kem-europe.eu\/?s={search_term_string}"},"query-input":{"@type":"PropertyValueSpecification","valueRequired":true,"valueName":"search_term_string"}}],"inLanguage":"de"},{"@type":"Organization","@id":"https:\/\/kem-europe.eu\/#organization","name":"KEM Europe","url":"https:\/\/kem-europe.eu\/","logo":{"@type":"ImageObject","inLanguage":"de","@id":"https:\/\/kem-europe.eu\/#\/schema\/logo\/image\/","url":"https:\/\/kem-europe.eu\/wp-content\/uploads\/2025\/02\/KEM2019-BLACK-1500W.png","contentUrl":"https:\/\/kem-europe.eu\/wp-content\/uploads\/2025\/02\/KEM2019-BLACK-1500W.png","width":1500,"height":626,"caption":"KEM Europe"},"image":{"@id":"https:\/\/kem-europe.eu\/#\/schema\/logo\/image\/"}}]}},"_links":{"self":[{"href":"https:\/\/kem-europe.eu\/de\/wp-json\/wp\/v2\/product\/1996","targetHints":{"allow":["GET"]}}],"collection":[{"href":"https:\/\/kem-europe.eu\/de\/wp-json\/wp\/v2\/product"}],"about":[{"href":"https:\/\/kem-europe.eu\/de\/wp-json\/wp\/v2\/types\/product"}],"replies":[{"embeddable":true,"href":"https:\/\/kem-europe.eu\/de\/wp-json\/wp\/v2\/comments?post=1996"}],"wp:featuredmedia":[{"embeddable":true,"href":"https:\/\/kem-europe.eu\/de\/wp-json\/wp\/v2\/media\/2023"}],"wp:attachment":[{"href":"https:\/\/kem-europe.eu\/de\/wp-json\/wp\/v2\/media?parent=1996"}],"wp:term":[{"taxonomy":"product_brand","embeddable":true,"href":"https:\/\/kem-europe.eu\/de\/wp-json\/wp\/v2\/product_brand?post=1996"},{"taxonomy":"product_cat","embeddable":true,"href":"https:\/\/kem-europe.eu\/de\/wp-json\/wp\/v2\/product_cat?post=1996"},{"taxonomy":"product_tag","embeddable":true,"href":"https:\/\/kem-europe.eu\/de\/wp-json\/wp\/v2\/product_tag?post=1996"}],"curies":[{"name":"wp","href":"https:\/\/api.w.org\/{rel}","templated":true}]}}