{"id":1997,"date":"2025-02-27T08:31:28","date_gmt":"2025-02-27T08:31:28","guid":{"rendered":"https:\/\/kem-europe.eu\/?post_type=product&#038;p=1997"},"modified":"2025-02-27T13:17:13","modified_gmt":"2025-02-27T13:17:13","slug":"urko-3-zwinge-sechskant-holzgriff","status":"publish","type":"product","link":"https:\/\/kem-europe.eu\/de\/product\/urko-3-lijmklem-zeshoekig-houten-handvat\/","title":{"rendered":"Urko - 3 - Leimzwinge - Sechskant-Holzgriff"},"content":{"rendered":"<p><strong>Merkmale 3 - Leimzwinge - Sechskant-Holzgriff<\/strong><\/p>\n<ul>\n<li>Nietfreie Befestigung der Gussklammer (patentiert)<\/li>\n<li>Sechskantiger Holzgriff<\/li>\n<li>Kopf aus Gusseisen mit Kugelgraphit<\/li>\n<li>Extrem starke Stahl-Zahnspannf\u00fchrung<\/li>\n<li>Rostfrei<\/li>\n<li>Schraubsystem mit Trapezgewinde (weniger Kraft, mehr Druck)<\/li>\n<li>Rotiert mit Fixierung<\/li>\n<li>Die Abmessungen (a, b und c) sind in der technischen Zeichnung in den Abbildungen zu finden<\/li>\n<\/ul>\n<div><\/div>","protected":false},"excerpt":{"rendered":"<p>Merkmale 3 - Leimzwinge - Sechskant-Holzgriff Nietfreie Befestigung der Gusszwinge (patentiert) Sechskant-Holzgriff Sph\u00e4rogusskopf Extrem starke Stahlzahnf\u00fchrung Rostfrei Schraubsystem mit Trapezgewinde (weniger Kraft, mehr Druck) Dreht sich beim Befestigen mit der Zwinge Gr\u00f6\u00dfen (a,b und c) entnehmen Sie bitte der technischen Zeichnung zu den Bildern<\/p>","protected":false},"featured_media":2026,"comment_status":"closed","ping_status":"closed","template":"","meta":[],"product_brand":[622],"product_cat":[307,308,310],"product_tag":[],"class_list":{"0":"post-1997","1":"product","2":"type-product","3":"status-publish","4":"has-post-thumbnail","6":"product_brand-urko","7":"product_cat-handgereedschap","8":"product_cat-lijmklem","9":"product_cat-lijmklem-met-standaard-handgreep","11":"first","12":"instock","13":"purchasable","14":"product-type-variable"},"ct_brands":[{"id":622,"name":"URKO","slug":"urko"}],"yoast_head":"<!-- This site is optimized with the Yoast SEO plugin v27.3 - https:\/\/yoast.com\/product\/yoast-seo-wordpress\/ -->\n<title>Urko - 3 - Lijmklem - zeshoekig houten handvat - KEM Europe<\/title>\n<meta name=\"robots\" content=\"index, follow, max-snippet:-1, max-image-preview:large, max-video-preview:-1\" \/>\n<link rel=\"canonical\" href=\"https:\/\/kem-europe.eu\/de\/produkt\/urko-3-zwinge-sechskant-holzgriff\/\" \/>\n<meta property=\"og:locale\" content=\"de_DE\" \/>\n<meta property=\"og:type\" content=\"article\" \/>\n<meta property=\"og:title\" content=\"Urko - 3 - Lijmklem - zeshoekig houten handvat - KEM Europe\" \/>\n<meta property=\"og:description\" content=\"Kenmerken 3 &#8211; Lijmklem &#8211; zeshoekig houten handvat Klinknagelvrije bevestiging van gietijzeren klem \u00a0(gepatenteerd) Zeshoekig houten handvat Nodulair gietijzeren kop Extreem sterke stalen getande klemgeleider Roestbestendig Schroefsysteem met trapezedraad (minder kracht, meer druk) Draait mee bij fixeren Maten (a,b en c) te vinden in de technische tekening bij de afbeeldingen\" \/>\n<meta property=\"og:url\" content=\"https:\/\/kem-europe.eu\/de\/produkt\/urko-3-zwinge-sechskant-holzgriff\/\" \/>\n<meta property=\"og:site_name\" content=\"KEM Europe\" \/>\n<meta property=\"article:modified_time\" content=\"2025-02-27T13:17:13+00:00\" \/>\n<meta property=\"og:image\" content=\"https:\/\/kem-europe.eu\/wp-content\/uploads\/2025\/02\/urko-3-lijmklem-zeshoekig-houten-handvat.jpg\" \/>\n\t<meta property=\"og:image:width\" content=\"700\" \/>\n\t<meta property=\"og:image:height\" content=\"700\" \/>\n\t<meta property=\"og:image:type\" content=\"image\/jpeg\" \/>\n<meta name=\"twitter:card\" content=\"summary_large_image\" \/>\n<script type=\"application\/ld+json\" class=\"yoast-schema-graph\">{\"@context\":\"https:\\\/\\\/schema.org\",\"@graph\":[{\"@type\":\"WebPage\",\"@id\":\"https:\\\/\\\/kem-europe.eu\\\/product\\\/urko-3-lijmklem-zeshoekig-houten-handvat\\\/\",\"url\":\"https:\\\/\\\/kem-europe.eu\\\/product\\\/urko-3-lijmklem-zeshoekig-houten-handvat\\\/\",\"name\":\"Urko - 3 - Lijmklem - zeshoekig houten handvat - KEM Europe\",\"isPartOf\":{\"@id\":\"https:\\\/\\\/kem-europe.eu\\\/#website\"},\"primaryImageOfPage\":{\"@id\":\"https:\\\/\\\/kem-europe.eu\\\/product\\\/urko-3-lijmklem-zeshoekig-houten-handvat\\\/#primaryimage\"},\"image\":{\"@id\":\"https:\\\/\\\/kem-europe.eu\\\/product\\\/urko-3-lijmklem-zeshoekig-houten-handvat\\\/#primaryimage\"},\"thumbnailUrl\":\"https:\\\/\\\/kem-europe.eu\\\/wp-content\\\/uploads\\\/2025\\\/02\\\/urko-3-lijmklem-zeshoekig-houten-handvat.jpg\",\"datePublished\":\"2025-02-27T08:31:28+00:00\",\"dateModified\":\"2025-02-27T13:17:13+00:00\",\"breadcrumb\":{\"@id\":\"https:\\\/\\\/kem-europe.eu\\\/product\\\/urko-3-lijmklem-zeshoekig-houten-handvat\\\/#breadcrumb\"},\"inLanguage\":\"de\",\"potentialAction\":[{\"@type\":\"ReadAction\",\"target\":[\"https:\\\/\\\/kem-europe.eu\\\/product\\\/urko-3-lijmklem-zeshoekig-houten-handvat\\\/\"]}]},{\"@type\":\"ImageObject\",\"inLanguage\":\"de\",\"@id\":\"https:\\\/\\\/kem-europe.eu\\\/product\\\/urko-3-lijmklem-zeshoekig-houten-handvat\\\/#primaryimage\",\"url\":\"https:\\\/\\\/kem-europe.eu\\\/wp-content\\\/uploads\\\/2025\\\/02\\\/urko-3-lijmklem-zeshoekig-houten-handvat.jpg\",\"contentUrl\":\"https:\\\/\\\/kem-europe.eu\\\/wp-content\\\/uploads\\\/2025\\\/02\\\/urko-3-lijmklem-zeshoekig-houten-handvat.jpg\",\"width\":700,\"height\":700},{\"@type\":\"BreadcrumbList\",\"@id\":\"https:\\\/\\\/kem-europe.eu\\\/product\\\/urko-3-lijmklem-zeshoekig-houten-handvat\\\/#breadcrumb\",\"itemListElement\":[{\"@type\":\"ListItem\",\"position\":1,\"name\":\"Home\",\"item\":\"https:\\\/\\\/kem-europe.eu\\\/\"},{\"@type\":\"ListItem\",\"position\":2,\"name\":\"Winkel\",\"item\":\"https:\\\/\\\/kem-europe.eu\\\/winkel\\\/\"},{\"@type\":\"ListItem\",\"position\":3,\"name\":\"Urko &#8211; 3 &#8211; Lijmklem &#8211; zeshoekig houten handvat\"}]},{\"@type\":\"WebSite\",\"@id\":\"https:\\\/\\\/kem-europe.eu\\\/#website\",\"url\":\"https:\\\/\\\/kem-europe.eu\\\/\",\"name\":\"KEM Europe\",\"description\":\"\",\"publisher\":{\"@id\":\"https:\\\/\\\/kem-europe.eu\\\/#organization\"},\"potentialAction\":[{\"@type\":\"SearchAction\",\"target\":{\"@type\":\"EntryPoint\",\"urlTemplate\":\"https:\\\/\\\/kem-europe.eu\\\/?s={search_term_string}\"},\"query-input\":{\"@type\":\"PropertyValueSpecification\",\"valueRequired\":true,\"valueName\":\"search_term_string\"}}],\"inLanguage\":\"de\"},{\"@type\":\"Organization\",\"@id\":\"https:\\\/\\\/kem-europe.eu\\\/#organization\",\"name\":\"KEM Europe\",\"url\":\"https:\\\/\\\/kem-europe.eu\\\/\",\"logo\":{\"@type\":\"ImageObject\",\"inLanguage\":\"de\",\"@id\":\"https:\\\/\\\/kem-europe.eu\\\/#\\\/schema\\\/logo\\\/image\\\/\",\"url\":\"https:\\\/\\\/kem-europe.eu\\\/wp-content\\\/uploads\\\/2025\\\/02\\\/KEM2019-BLACK-1500W.png\",\"contentUrl\":\"https:\\\/\\\/kem-europe.eu\\\/wp-content\\\/uploads\\\/2025\\\/02\\\/KEM2019-BLACK-1500W.png\",\"width\":1500,\"height\":626,\"caption\":\"KEM Europe\"},\"image\":{\"@id\":\"https:\\\/\\\/kem-europe.eu\\\/#\\\/schema\\\/logo\\\/image\\\/\"}}]}<\/script>\n<!-- \/ Yoast SEO plugin. -->","yoast_head_json":{"title":"Urko - 3 - Leimzwinge - Sechskant Holzgriff - KEM Europe","robots":{"index":"index","follow":"follow","max-snippet":"max-snippet:-1","max-image-preview":"max-image-preview:large","max-video-preview":"max-video-preview:-1"},"canonical":"https:\/\/kem-europe.eu\/de\/produkt\/urko-3-zwinge-sechskant-holzgriff\/","og_locale":"de_DE","og_type":"article","og_title":"Urko - 3 - Lijmklem - zeshoekig houten handvat - KEM Europe","og_description":"Kenmerken 3 &#8211; Lijmklem &#8211; zeshoekig houten handvat Klinknagelvrije bevestiging van gietijzeren klem \u00a0(gepatenteerd) Zeshoekig houten handvat Nodulair gietijzeren kop Extreem sterke stalen getande klemgeleider Roestbestendig Schroefsysteem met trapezedraad (minder kracht, meer druk) Draait mee bij fixeren Maten (a,b en c) te vinden in de technische tekening bij de afbeeldingen","og_url":"https:\/\/kem-europe.eu\/de\/produkt\/urko-3-zwinge-sechskant-holzgriff\/","og_site_name":"KEM Europe","article_modified_time":"2025-02-27T13:17:13+00:00","og_image":[{"width":700,"height":700,"url":"https:\/\/kem-europe.eu\/wp-content\/uploads\/2025\/02\/urko-3-lijmklem-zeshoekig-houten-handvat.jpg","type":"image\/jpeg"}],"twitter_card":"summary_large_image","schema":{"@context":"https:\/\/schema.org","@graph":[{"@type":"WebPage","@id":"https:\/\/kem-europe.eu\/product\/urko-3-lijmklem-zeshoekig-houten-handvat\/","url":"https:\/\/kem-europe.eu\/product\/urko-3-lijmklem-zeshoekig-houten-handvat\/","name":"Urko - 3 - Leimzwinge - Sechskant Holzgriff - KEM Europe","isPartOf":{"@id":"https:\/\/kem-europe.eu\/#website"},"primaryImageOfPage":{"@id":"https:\/\/kem-europe.eu\/product\/urko-3-lijmklem-zeshoekig-houten-handvat\/#primaryimage"},"image":{"@id":"https:\/\/kem-europe.eu\/product\/urko-3-lijmklem-zeshoekig-houten-handvat\/#primaryimage"},"thumbnailUrl":"https:\/\/kem-europe.eu\/wp-content\/uploads\/2025\/02\/urko-3-lijmklem-zeshoekig-houten-handvat.jpg","datePublished":"2025-02-27T08:31:28+00:00","dateModified":"2025-02-27T13:17:13+00:00","breadcrumb":{"@id":"https:\/\/kem-europe.eu\/product\/urko-3-lijmklem-zeshoekig-houten-handvat\/#breadcrumb"},"inLanguage":"de","potentialAction":[{"@type":"ReadAction","target":["https:\/\/kem-europe.eu\/product\/urko-3-lijmklem-zeshoekig-houten-handvat\/"]}]},{"@type":"ImageObject","inLanguage":"de","@id":"https:\/\/kem-europe.eu\/product\/urko-3-lijmklem-zeshoekig-houten-handvat\/#primaryimage","url":"https:\/\/kem-europe.eu\/wp-content\/uploads\/2025\/02\/urko-3-lijmklem-zeshoekig-houten-handvat.jpg","contentUrl":"https:\/\/kem-europe.eu\/wp-content\/uploads\/2025\/02\/urko-3-lijmklem-zeshoekig-houten-handvat.jpg","width":700,"height":700},{"@type":"BreadcrumbList","@id":"https:\/\/kem-europe.eu\/product\/urko-3-lijmklem-zeshoekig-houten-handvat\/#breadcrumb","itemListElement":[{"@type":"ListItem","position":1,"name":"Home","item":"https:\/\/kem-europe.eu\/"},{"@type":"ListItem","position":2,"name":"Winkel","item":"https:\/\/kem-europe.eu\/winkel\/"},{"@type":"ListItem","position":3,"name":"Urko &#8211; 3 &#8211; Lijmklem &#8211; zeshoekig houten handvat"}]},{"@type":"WebSite","@id":"https:\/\/kem-europe.eu\/#website","url":"https:\/\/kem-europe.eu\/","name":"KEM Europe","description":"","publisher":{"@id":"https:\/\/kem-europe.eu\/#organization"},"potentialAction":[{"@type":"SearchAction","target":{"@type":"EntryPoint","urlTemplate":"https:\/\/kem-europe.eu\/?s={search_term_string}"},"query-input":{"@type":"PropertyValueSpecification","valueRequired":true,"valueName":"search_term_string"}}],"inLanguage":"de"},{"@type":"Organization","@id":"https:\/\/kem-europe.eu\/#organization","name":"KEM Europe","url":"https:\/\/kem-europe.eu\/","logo":{"@type":"ImageObject","inLanguage":"de","@id":"https:\/\/kem-europe.eu\/#\/schema\/logo\/image\/","url":"https:\/\/kem-europe.eu\/wp-content\/uploads\/2025\/02\/KEM2019-BLACK-1500W.png","contentUrl":"https:\/\/kem-europe.eu\/wp-content\/uploads\/2025\/02\/KEM2019-BLACK-1500W.png","width":1500,"height":626,"caption":"KEM Europe"},"image":{"@id":"https:\/\/kem-europe.eu\/#\/schema\/logo\/image\/"}}]}},"_links":{"self":[{"href":"https:\/\/kem-europe.eu\/de\/wp-json\/wp\/v2\/product\/1997","targetHints":{"allow":["GET"]}}],"collection":[{"href":"https:\/\/kem-europe.eu\/de\/wp-json\/wp\/v2\/product"}],"about":[{"href":"https:\/\/kem-europe.eu\/de\/wp-json\/wp\/v2\/types\/product"}],"replies":[{"embeddable":true,"href":"https:\/\/kem-europe.eu\/de\/wp-json\/wp\/v2\/comments?post=1997"}],"wp:featuredmedia":[{"embeddable":true,"href":"https:\/\/kem-europe.eu\/de\/wp-json\/wp\/v2\/media\/2026"}],"wp:attachment":[{"href":"https:\/\/kem-europe.eu\/de\/wp-json\/wp\/v2\/media?parent=1997"}],"wp:term":[{"taxonomy":"product_brand","embeddable":true,"href":"https:\/\/kem-europe.eu\/de\/wp-json\/wp\/v2\/product_brand?post=1997"},{"taxonomy":"product_cat","embeddable":true,"href":"https:\/\/kem-europe.eu\/de\/wp-json\/wp\/v2\/product_cat?post=1997"},{"taxonomy":"product_tag","embeddable":true,"href":"https:\/\/kem-europe.eu\/de\/wp-json\/wp\/v2\/product_tag?post=1997"}],"curies":[{"name":"wp","href":"https:\/\/api.w.org\/{rel}","templated":true}]}}