{"id":216,"date":"2025-02-27T08:08:31","date_gmt":"2025-02-27T08:08:31","guid":{"rendered":"https:\/\/kem-europe.eu\/?post_type=product&#038;p=216"},"modified":"2025-06-06T06:24:54","modified_gmt":"2025-06-06T06:24:54","slug":"keyang-dd1202l2-akku-bohrschrauber-10-8v-2-0ah","status":"publish","type":"product","link":"https:\/\/kem-europe.eu\/de\/product\/keyang-dd1202l2-accu-boor-schroefmachine-10-8v-2-0ah\/","title":{"rendered":"Keyang DD1202L2 Akku-Bohrschrauber 10.8V - 2.0Ah"},"content":{"rendered":"<p><strong>Eigenschaften Keyang DD1202L2 Akku-Bohrschrauber - 10.8V - 2.0Ah<br \/>\n<\/strong><\/p>\n<ul>\n<li>2 Geschwindigkeit<\/li>\n<li>10,8 V starker Motor<\/li>\n<li>Das geringste Gewicht in seiner Klasse<\/li>\n<li>Kompakt<\/li>\n<li>18 Anzugsdrehmomente<\/li>\n<li>Bohren und Schrauben in den h\u00e4rtesten Materialien<\/li>\n<li>Ausgestattet mit hoher und niedriger Geschwindigkeit und Drehmomenteinstellung<\/li>\n<li>Eingebaute LED-Beleuchtung<\/li>\n<\/ul>\n<div>\n<p><strong>Technische Daten<\/strong><\/p>\n<ul>\n<li>Spannung - 10,8 V<\/li>\n<li>Geschwindigkeit - 0-350 \/ 0-1300 Rpm<\/li>\n<li>Akku - 2,0 Ah Lithium-Ion<\/li>\n<li>Drehmoment - 30 Nm<\/li>\n<li>Gewicht - 1,0 kg<\/li>\n<li>Bohrfutter - 10 mm Schnellspanner<\/li>\n<li>Max. Kapazit\u00e4t Stahl - 10 mm<\/li>\n<li>Max. Kapazit\u00e4t Holz - 15 mm<\/li>\n<li>Max. Kapazit\u00e4t Holz (Schraube) - 6 mm<\/li>\n<\/ul>\n<div>\n<p><strong>Umfang der Lieferung<\/strong><\/p>\n<ul>\n<li>Keyang DD1202L2 Akku-Bohrschrauber 10.8V - 2.0Ah<\/li>\n<li>2x Li-Ion Akku 10.8V 2.0Ah<\/li>\n<li>1x Ladeger\u00e4t<\/li>\n<li>Geliefert im Koffer<\/li>\n<\/ul>\n<hr \/>\n<p><strong>Warum Keyang w\u00e4hlen?<\/strong><\/p>\n<div>\n<p>Das koreanische Unternehmen Keyang Powertools stellt seit \u00fcber 40 Jahren hochwertige Bau- und Industriemaschinen her. Seit mehr als 20 Jahren produziert das Unternehmen auch f\u00fcr mehrere A-Marken auf dem europ\u00e4ischen Markt (u.a. HiKOKi und Makita). Keyang \u00fcbertrumpft seine Konkurrenten, indem es hervorragende Qualit\u00e4t zu einem fairen Preis liefert. Von seiner Position als Marktf\u00fchrer auf dem koreanischen Markt aus hat das Unternehmen nun begonnen, sich auch auf den europ\u00e4ischen Markt zu konzentrieren.<\/p>\n<\/div>\n<\/div>\n<\/div>","protected":false},"excerpt":{"rendered":"<table>\n<tbody>\n<tr>\n<td class=\"echotable\">Umgekehrte Drehung<\/td>\n<td class=\"echotable\">Hohe Drehzahlen<\/td>\n<\/tr>\n<\/tbody>\n<tbody>\n<tr>\n<td class=\"echotable\">Niedrige Drehzahl<\/td>\n<td class=\"echotable\">Schnellspannfutter<\/td>\n<\/tr>\n<tr>\n<td class=\"echotable\">Kunststoffgeh\u00e4use<\/td>\n<td class=\"echotable\">Geschwindigkeitskontrolle<\/td>\n<\/tr>\n<\/tbody>\n<\/table>\n<p>&nbsp;<\/p>\n<p><strong>Umfang der Lieferung<\/strong><\/p>\n<ul>\n<li>Keyang DD1202L2 Akku-Bohrschrauber 10.8V - 2.0Ah<\/li>\n<li>2x Li-Ion Akku 10.8V 2.0Ah<\/li>\n<li>1x Ladeger\u00e4t<\/li>\n<li>Geliefert im Koffer<\/li>\n<\/ul>","protected":false},"featured_media":253,"comment_status":"closed","ping_status":"closed","template":"","meta":[],"product_brand":[624],"product_cat":[55,54],"product_tag":[],"class_list":{"0":"post-216","1":"product","2":"type-product","3":"status-publish","4":"has-post-thumbnail","6":"product_brand-keyang","7":"product_cat-accu-boor-schroefmachine","8":"product_cat-accu-machines","10":"first","11":"instock","12":"product-type-simple"},"ct_brands":[{"id":624,"name":"KEYANG","slug":"keyang"}],"yoast_head":"<!-- This site is optimized with the Yoast SEO plugin v27.3 - https:\/\/yoast.com\/product\/yoast-seo-wordpress\/ -->\n<title>Accu boor schroefmachine Keyang DD1202L2 l KEM-EUROPE<\/title>\n<meta name=\"description\" content=\"Accu boor schroefmachine Keyang DD1202L2 l KEM-EUROPE - Compacte boor- schroefmachine, verstelbaar in hoog en laag toerental.\" \/>\n<meta name=\"robots\" content=\"index, follow, max-snippet:-1, max-image-preview:large, max-video-preview:-1\" \/>\n<link rel=\"canonical\" href=\"https:\/\/kem-europe.eu\/de\/produkt\/keyang-dd1202l2-akku-bohrschrauber-10-8v-2-0ah\/\" \/>\n<meta property=\"og:locale\" content=\"de_DE\" \/>\n<meta property=\"og:type\" content=\"article\" \/>\n<meta property=\"og:title\" content=\"Accu boor schroefmachine Keyang DD1202L2 l KEM-EUROPE\" \/>\n<meta property=\"og:description\" content=\"Accu boor schroefmachine Keyang DD1202L2 l KEM-EUROPE - Compacte boor- schroefmachine, verstelbaar in hoog en laag toerental.\" \/>\n<meta property=\"og:url\" content=\"https:\/\/kem-europe.eu\/de\/produkt\/keyang-dd1202l2-akku-bohrschrauber-10-8v-2-0ah\/\" \/>\n<meta property=\"og:site_name\" content=\"KEM Europe\" \/>\n<meta property=\"article:modified_time\" content=\"2025-06-06T06:24:54+00:00\" \/>\n<meta property=\"og:image\" content=\"https:\/\/kem-europe.eu\/wp-content\/uploads\/2025\/02\/DD1202L2_02_72DPI_TR.png\" \/>\n\t<meta property=\"og:image:width\" content=\"700\" \/>\n\t<meta property=\"og:image:height\" content=\"700\" \/>\n\t<meta property=\"og:image:type\" content=\"image\/png\" \/>\n<meta name=\"twitter:card\" content=\"summary_large_image\" \/>\n<meta name=\"twitter:label1\" content=\"Gesch\u00e4tzte Lesezeit\" \/>\n\t<meta name=\"twitter:data1\" content=\"2\u00a0Minuten\" \/>\n<script type=\"application\/ld+json\" class=\"yoast-schema-graph\">{\"@context\":\"https:\\\/\\\/schema.org\",\"@graph\":[{\"@type\":\"WebPage\",\"@id\":\"https:\\\/\\\/kem-europe.eu\\\/product\\\/keyang-dd1202l2-accu-boor-schroefmachine-10-8v-2-0ah\\\/\",\"url\":\"https:\\\/\\\/kem-europe.eu\\\/product\\\/keyang-dd1202l2-accu-boor-schroefmachine-10-8v-2-0ah\\\/\",\"name\":\"Accu boor schroefmachine Keyang DD1202L2 l KEM-EUROPE\",\"isPartOf\":{\"@id\":\"https:\\\/\\\/kem-europe.eu\\\/#website\"},\"primaryImageOfPage\":{\"@id\":\"https:\\\/\\\/kem-europe.eu\\\/product\\\/keyang-dd1202l2-accu-boor-schroefmachine-10-8v-2-0ah\\\/#primaryimage\"},\"image\":{\"@id\":\"https:\\\/\\\/kem-europe.eu\\\/product\\\/keyang-dd1202l2-accu-boor-schroefmachine-10-8v-2-0ah\\\/#primaryimage\"},\"thumbnailUrl\":\"https:\\\/\\\/kem-europe.eu\\\/wp-content\\\/uploads\\\/2025\\\/02\\\/DD1202L2_02_72DPI_TR.png\",\"datePublished\":\"2025-02-27T08:08:31+00:00\",\"dateModified\":\"2025-06-06T06:24:54+00:00\",\"description\":\"Accu boor schroefmachine Keyang DD1202L2 l KEM-EUROPE - Compacte boor- schroefmachine, verstelbaar in hoog en laag toerental.\",\"breadcrumb\":{\"@id\":\"https:\\\/\\\/kem-europe.eu\\\/product\\\/keyang-dd1202l2-accu-boor-schroefmachine-10-8v-2-0ah\\\/#breadcrumb\"},\"inLanguage\":\"de\",\"potentialAction\":[{\"@type\":\"ReadAction\",\"target\":[\"https:\\\/\\\/kem-europe.eu\\\/product\\\/keyang-dd1202l2-accu-boor-schroefmachine-10-8v-2-0ah\\\/\"]}]},{\"@type\":\"ImageObject\",\"inLanguage\":\"de\",\"@id\":\"https:\\\/\\\/kem-europe.eu\\\/product\\\/keyang-dd1202l2-accu-boor-schroefmachine-10-8v-2-0ah\\\/#primaryimage\",\"url\":\"https:\\\/\\\/kem-europe.eu\\\/wp-content\\\/uploads\\\/2025\\\/02\\\/DD1202L2_02_72DPI_TR.png\",\"contentUrl\":\"https:\\\/\\\/kem-europe.eu\\\/wp-content\\\/uploads\\\/2025\\\/02\\\/DD1202L2_02_72DPI_TR.png\",\"width\":700,\"height\":700},{\"@type\":\"BreadcrumbList\",\"@id\":\"https:\\\/\\\/kem-europe.eu\\\/product\\\/keyang-dd1202l2-accu-boor-schroefmachine-10-8v-2-0ah\\\/#breadcrumb\",\"itemListElement\":[{\"@type\":\"ListItem\",\"position\":1,\"name\":\"Home\",\"item\":\"https:\\\/\\\/kem-europe.eu\\\/\"},{\"@type\":\"ListItem\",\"position\":2,\"name\":\"Winkel\",\"item\":\"https:\\\/\\\/kem-europe.eu\\\/winkel\\\/\"},{\"@type\":\"ListItem\",\"position\":3,\"name\":\"Keyang DD1202L2 Accu boor schroefmachine 10.8V &#8211; 2.0Ah\"}]},{\"@type\":\"WebSite\",\"@id\":\"https:\\\/\\\/kem-europe.eu\\\/#website\",\"url\":\"https:\\\/\\\/kem-europe.eu\\\/\",\"name\":\"KEM Europe\",\"description\":\"\",\"publisher\":{\"@id\":\"https:\\\/\\\/kem-europe.eu\\\/#organization\"},\"potentialAction\":[{\"@type\":\"SearchAction\",\"target\":{\"@type\":\"EntryPoint\",\"urlTemplate\":\"https:\\\/\\\/kem-europe.eu\\\/?s={search_term_string}\"},\"query-input\":{\"@type\":\"PropertyValueSpecification\",\"valueRequired\":true,\"valueName\":\"search_term_string\"}}],\"inLanguage\":\"de\"},{\"@type\":\"Organization\",\"@id\":\"https:\\\/\\\/kem-europe.eu\\\/#organization\",\"name\":\"KEM Europe\",\"url\":\"https:\\\/\\\/kem-europe.eu\\\/\",\"logo\":{\"@type\":\"ImageObject\",\"inLanguage\":\"de\",\"@id\":\"https:\\\/\\\/kem-europe.eu\\\/#\\\/schema\\\/logo\\\/image\\\/\",\"url\":\"https:\\\/\\\/kem-europe.eu\\\/wp-content\\\/uploads\\\/2025\\\/02\\\/KEM2019-BLACK-1500W.png\",\"contentUrl\":\"https:\\\/\\\/kem-europe.eu\\\/wp-content\\\/uploads\\\/2025\\\/02\\\/KEM2019-BLACK-1500W.png\",\"width\":1500,\"height\":626,\"caption\":\"KEM Europe\"},\"image\":{\"@id\":\"https:\\\/\\\/kem-europe.eu\\\/#\\\/schema\\\/logo\\\/image\\\/\"}}]}<\/script>\n<!-- \/ Yoast SEO plugin. -->","yoast_head_json":{"title":"Akkubohrmaschine Keyang DD1202L2 l KEM-EUROPE","description":"Akku-Bohrschrauber Keyang DD1202L2 l KEM-EUROPE - Kompakter Bohrschrauber, einstellbare hohe und niedrige Drehzahl.","robots":{"index":"index","follow":"follow","max-snippet":"max-snippet:-1","max-image-preview":"max-image-preview:large","max-video-preview":"max-video-preview:-1"},"canonical":"https:\/\/kem-europe.eu\/de\/produkt\/keyang-dd1202l2-akku-bohrschrauber-10-8v-2-0ah\/","og_locale":"de_DE","og_type":"article","og_title":"Accu boor schroefmachine Keyang DD1202L2 l KEM-EUROPE","og_description":"Accu boor schroefmachine Keyang DD1202L2 l KEM-EUROPE - Compacte boor- schroefmachine, verstelbaar in hoog en laag toerental.","og_url":"https:\/\/kem-europe.eu\/de\/produkt\/keyang-dd1202l2-akku-bohrschrauber-10-8v-2-0ah\/","og_site_name":"KEM Europe","article_modified_time":"2025-06-06T06:24:54+00:00","og_image":[{"width":700,"height":700,"url":"https:\/\/kem-europe.eu\/wp-content\/uploads\/2025\/02\/DD1202L2_02_72DPI_TR.png","type":"image\/png"}],"twitter_card":"summary_large_image","twitter_misc":{"Gesch\u00e4tzte Lesezeit":"2\u00a0Minuten"},"schema":{"@context":"https:\/\/schema.org","@graph":[{"@type":"WebPage","@id":"https:\/\/kem-europe.eu\/product\/keyang-dd1202l2-accu-boor-schroefmachine-10-8v-2-0ah\/","url":"https:\/\/kem-europe.eu\/product\/keyang-dd1202l2-accu-boor-schroefmachine-10-8v-2-0ah\/","name":"Akkubohrmaschine Keyang DD1202L2 l KEM-EUROPE","isPartOf":{"@id":"https:\/\/kem-europe.eu\/#website"},"primaryImageOfPage":{"@id":"https:\/\/kem-europe.eu\/product\/keyang-dd1202l2-accu-boor-schroefmachine-10-8v-2-0ah\/#primaryimage"},"image":{"@id":"https:\/\/kem-europe.eu\/product\/keyang-dd1202l2-accu-boor-schroefmachine-10-8v-2-0ah\/#primaryimage"},"thumbnailUrl":"https:\/\/kem-europe.eu\/wp-content\/uploads\/2025\/02\/DD1202L2_02_72DPI_TR.png","datePublished":"2025-02-27T08:08:31+00:00","dateModified":"2025-06-06T06:24:54+00:00","description":"Akku-Bohrschrauber Keyang DD1202L2 l KEM-EUROPE - Kompakter Bohrschrauber, einstellbare hohe und niedrige Drehzahl.","breadcrumb":{"@id":"https:\/\/kem-europe.eu\/product\/keyang-dd1202l2-accu-boor-schroefmachine-10-8v-2-0ah\/#breadcrumb"},"inLanguage":"de","potentialAction":[{"@type":"ReadAction","target":["https:\/\/kem-europe.eu\/product\/keyang-dd1202l2-accu-boor-schroefmachine-10-8v-2-0ah\/"]}]},{"@type":"ImageObject","inLanguage":"de","@id":"https:\/\/kem-europe.eu\/product\/keyang-dd1202l2-accu-boor-schroefmachine-10-8v-2-0ah\/#primaryimage","url":"https:\/\/kem-europe.eu\/wp-content\/uploads\/2025\/02\/DD1202L2_02_72DPI_TR.png","contentUrl":"https:\/\/kem-europe.eu\/wp-content\/uploads\/2025\/02\/DD1202L2_02_72DPI_TR.png","width":700,"height":700},{"@type":"BreadcrumbList","@id":"https:\/\/kem-europe.eu\/product\/keyang-dd1202l2-accu-boor-schroefmachine-10-8v-2-0ah\/#breadcrumb","itemListElement":[{"@type":"ListItem","position":1,"name":"Home","item":"https:\/\/kem-europe.eu\/"},{"@type":"ListItem","position":2,"name":"Winkel","item":"https:\/\/kem-europe.eu\/winkel\/"},{"@type":"ListItem","position":3,"name":"Keyang DD1202L2 Accu boor schroefmachine 10.8V &#8211; 2.0Ah"}]},{"@type":"WebSite","@id":"https:\/\/kem-europe.eu\/#website","url":"https:\/\/kem-europe.eu\/","name":"KEM Europe","description":"","publisher":{"@id":"https:\/\/kem-europe.eu\/#organization"},"potentialAction":[{"@type":"SearchAction","target":{"@type":"EntryPoint","urlTemplate":"https:\/\/kem-europe.eu\/?s={search_term_string}"},"query-input":{"@type":"PropertyValueSpecification","valueRequired":true,"valueName":"search_term_string"}}],"inLanguage":"de"},{"@type":"Organization","@id":"https:\/\/kem-europe.eu\/#organization","name":"KEM Europe","url":"https:\/\/kem-europe.eu\/","logo":{"@type":"ImageObject","inLanguage":"de","@id":"https:\/\/kem-europe.eu\/#\/schema\/logo\/image\/","url":"https:\/\/kem-europe.eu\/wp-content\/uploads\/2025\/02\/KEM2019-BLACK-1500W.png","contentUrl":"https:\/\/kem-europe.eu\/wp-content\/uploads\/2025\/02\/KEM2019-BLACK-1500W.png","width":1500,"height":626,"caption":"KEM Europe"},"image":{"@id":"https:\/\/kem-europe.eu\/#\/schema\/logo\/image\/"}}]}},"_links":{"self":[{"href":"https:\/\/kem-europe.eu\/de\/wp-json\/wp\/v2\/product\/216","targetHints":{"allow":["GET"]}}],"collection":[{"href":"https:\/\/kem-europe.eu\/de\/wp-json\/wp\/v2\/product"}],"about":[{"href":"https:\/\/kem-europe.eu\/de\/wp-json\/wp\/v2\/types\/product"}],"replies":[{"embeddable":true,"href":"https:\/\/kem-europe.eu\/de\/wp-json\/wp\/v2\/comments?post=216"}],"wp:featuredmedia":[{"embeddable":true,"href":"https:\/\/kem-europe.eu\/de\/wp-json\/wp\/v2\/media\/253"}],"wp:attachment":[{"href":"https:\/\/kem-europe.eu\/de\/wp-json\/wp\/v2\/media?parent=216"}],"wp:term":[{"taxonomy":"product_brand","embeddable":true,"href":"https:\/\/kem-europe.eu\/de\/wp-json\/wp\/v2\/product_brand?post=216"},{"taxonomy":"product_cat","embeddable":true,"href":"https:\/\/kem-europe.eu\/de\/wp-json\/wp\/v2\/product_cat?post=216"},{"taxonomy":"product_tag","embeddable":true,"href":"https:\/\/kem-europe.eu\/de\/wp-json\/wp\/v2\/product_tag?post=216"}],"curies":[{"name":"wp","href":"https:\/\/api.w.org\/{rel}","templated":true}]}}