{"id":221,"date":"2025-02-27T08:08:31","date_gmt":"2025-02-27T08:08:31","guid":{"rendered":"https:\/\/kem-europe.eu\/?post_type=product&#038;p=221"},"modified":"2025-06-06T06:18:27","modified_gmt":"2025-06-06T06:18:27","slug":"keyang-asd1800l-akku-trockenbauschrauber-18v-2-0ah","status":"publish","type":"product","link":"https:\/\/kem-europe.eu\/de\/product\/keyang-asd1800l-accu-gipsplaatschroefmachine-18v-2-0ah\/","title":{"rendered":"Keyang ASD1800L Akku-Trockenbauschrauber - 18V 2.0Ah"},"content":{"rendered":"<p><strong>Eigenschaften Keyang ASD1800L Akku-Trockenbauschrauber - 18V 2.0Ah<br \/>\n<\/strong><\/p>\n<ul>\n<li>Gipskarton-Schraubendreher mit Aufsatz f\u00fcr Schrauben auf Leisten bis zu einer L\u00e4nge von 57 mm.<\/li>\n<li>Leichtes Ger\u00e4t zur Erleichterung l\u00e4ngerer \u00dcberkopfarbeiten.<\/li>\n<li>Wiederholtes Verschrauben mit einer Hand ist bequem.<\/li>\n<li>Versenktiefe leicht einstellbar durch Drehknopf.<\/li>\n<li>Zus\u00e4tzlicher Druckteiler zur Befestigung am Schraubenmagazin f\u00fcr den Einsatz bei weichen Materialien.<\/li>\n<\/ul>\n<p><strong>Technische Daten<\/strong><\/p>\n<ul>\n<li>Spannung - 18 V<\/li>\n<li>Akku - 2 x 2,0 Ah Lithium-Ionen<\/li>\n<li>Geschwindigkeit ohne Last - 0-5000 \/min<\/li>\n<li>Maximale Schraubenkapazit\u00e4t - 20-57 mm<\/li>\n<li>Bit-L\u00e4nge - 130,5 mm<\/li>\n<li>Gewicht - 1,65 kg (einschlie\u00dflich 2,0-Ah-Akku)<\/li>\n<li>Aufwickler - 1\/4\" (Sechskant)<\/li>\n<\/ul>\n<p><strong>Umfang der Lieferung<\/strong><\/p>\n<ul>\n<li>Keyang ASD1800L Akku-Trockenbauschrauber - 18V 2.0Ah<\/li>\n<li>1x Akkuschrauber f\u00fcr Trockenbau<\/li>\n<li>1x Schraubenmagazin<\/li>\n<li>2x 18V 2.0 Ah Li-Ion-Akku<\/li>\n<li>2x Bit PH2 130,5mm<\/li>\n<li>Alternativkopf zur Verwendung der Maschine ohne Schraubenmagazin<\/li>\n<li>Druckverteilungsplatte zur Vermeidung von Druck in weichem Material<\/li>\n<li>Handbuch<\/li>\n<li>Geliefert im Koffer<\/li>\n<\/ul>\n<hr \/>\n<p><strong>Warum Keyang w\u00e4hlen?<\/strong><\/p>\n<p>Das koreanische Unternehmen Keyang Powertools stellt seit \u00fcber 40 Jahren hochwertige Bau- und Industriemaschinen her. Seit mehr als 20 Jahren produziert das Unternehmen auch f\u00fcr mehrere A-Marken auf dem europ\u00e4ischen Markt (u.a. HiKOKi und Makita). Keyang \u00fcbertrumpft seine Konkurrenten, indem es hervorragende Qualit\u00e4t zu einem fairen Preis liefert. Von seiner Position als Marktf\u00fchrer auf dem koreanischen Markt aus hat das Unternehmen nun begonnen, sich auch auf den europ\u00e4ischen Markt zu konzentrieren.<\/p>\n<p><em>Warum sollten Sie sich f\u00fcr den Keyang ASD1800L entscheiden?<\/em><\/p>\n<p>Viel Maschine f\u00fcr einen sehr niedrigen Preis. Sehr komplette Schraubmaschine, die f\u00fcr komfortables und vor allem schnelles Arbeiten gebaut ist. Mit einfacher Schraubenl\u00e4ngenverstellung, Einstellm\u00f6glichkeiten f\u00fcr das Ansenken der Schraube und kippbarem Schraubenmagazin. Der eingearbeitete Gummigriff erleichtert die Bedienung mit einer Hand, so dass die andere Hand frei bleibt, um z.B. Gipskartonplatten zu halten. Mit Hosenhaken, Batteriespannungsanzeige und optionalem Rundaufsatz f\u00fcr weiche Materialien.<\/p>","protected":false},"excerpt":{"rendered":"<table>\n<tbody>\n<tr>\n<td class=\"echotable\">Umgekehrte Drehung<\/td>\n<td class=\"echotable\">Hohe Drehzahlen<\/td>\n<\/tr>\n<\/tbody>\n<tbody>\n<tr>\n<td class=\"echotable\">Niedrige Drehzahl<\/td>\n<td class=\"echotable\">Sanfter Start<\/td>\n<\/tr>\n<tr>\n<td class=\"echotable\">Kunststoffgeh\u00e4use<\/td>\n<td class=\"echotable\">Leichtgewicht<\/td>\n<\/tr>\n<\/tbody>\n<\/table>\n<p>&nbsp;<\/p>\n<p><strong>Umfang der Lieferung<\/strong><\/p>\n<ul>\n<li>Keyang ASD1800L Akku-Trockenbauschrauber - 18V 2.0Ah<\/li>\n<li>1x Akkuschrauber f\u00fcr Trockenbau<\/li>\n<li>1x Schraubenmagazin<\/li>\n<li>2x 18V 2.0 Ah Li-Ion-Akku<\/li>\n<li>2x Bit PH2 130,5mm<\/li>\n<li>Alternativkopf zur Verwendung der Maschine ohne Schraubenmagazin<\/li>\n<li>Druckverteilungsplatte zur Vermeidung von Druck in weichem Material<\/li>\n<li>Handbuch<\/li>\n<li>Geliefert im Koffer<\/li>\n<\/ul>","protected":false},"featured_media":255,"comment_status":"closed","ping_status":"closed","template":"","meta":[],"product_brand":[624],"product_cat":[54,56],"product_tag":[],"class_list":{"0":"post-221","1":"product","2":"type-product","3":"status-publish","4":"has-post-thumbnail","6":"product_brand-keyang","7":"product_cat-accu-machines","8":"product_cat-accu-schroefautomaat","10":"first","11":"instock","12":"product-type-simple"},"ct_brands":[{"id":624,"name":"KEYANG","slug":"keyang"}],"yoast_head":"<!-- This site is optimized with the Yoast SEO plugin v27.3 - https:\/\/yoast.com\/product\/yoast-seo-wordpress\/ -->\n<title>Accu gipsplaatschroefm. Keyang ASD1800L 18V | KEM-EUROPE<\/title>\n<meta name=\"description\" content=\"Accu gipsplaatschroefmachine Keyang ASD1800L 18V - Schroefdiepte makkelijk aanpasbaar. Extra stabiel met snel wisselsysteem.\" \/>\n<meta name=\"robots\" content=\"index, follow, max-snippet:-1, max-image-preview:large, max-video-preview:-1\" \/>\n<link rel=\"canonical\" href=\"https:\/\/kem-europe.eu\/de\/produkt\/keyang-asd1800l-akku-trockenbauschrauber-18v-2-0ah\/\" \/>\n<meta property=\"og:locale\" content=\"de_DE\" \/>\n<meta property=\"og:type\" content=\"article\" \/>\n<meta property=\"og:title\" content=\"Accu gipsplaatschroefm. Keyang ASD1800L 18V | KEM-EUROPE\" \/>\n<meta property=\"og:description\" content=\"Accu gipsplaatschroefmachine Keyang ASD1800L 18V - Schroefdiepte makkelijk aanpasbaar. Extra stabiel met snel wisselsysteem.\" \/>\n<meta property=\"og:url\" content=\"https:\/\/kem-europe.eu\/de\/produkt\/keyang-asd1800l-akku-trockenbauschrauber-18v-2-0ah\/\" \/>\n<meta property=\"og:site_name\" content=\"KEM Europe\" \/>\n<meta property=\"article:modified_time\" content=\"2025-06-06T06:18:27+00:00\" \/>\n<meta property=\"og:image\" content=\"https:\/\/kem-europe.eu\/wp-content\/uploads\/2025\/02\/keyang-asd1800.jpg\" \/>\n\t<meta property=\"og:image:width\" content=\"700\" \/>\n\t<meta property=\"og:image:height\" content=\"700\" \/>\n\t<meta property=\"og:image:type\" content=\"image\/jpeg\" \/>\n<meta name=\"twitter:card\" content=\"summary_large_image\" \/>\n<meta name=\"twitter:label1\" content=\"Gesch\u00e4tzte Lesezeit\" \/>\n\t<meta name=\"twitter:data1\" content=\"2\u00a0Minuten\" \/>\n<script type=\"application\/ld+json\" class=\"yoast-schema-graph\">{\"@context\":\"https:\\\/\\\/schema.org\",\"@graph\":[{\"@type\":\"WebPage\",\"@id\":\"https:\\\/\\\/kem-europe.eu\\\/product\\\/keyang-asd1800l-accu-gipsplaatschroefmachine-18v-2-0ah\\\/\",\"url\":\"https:\\\/\\\/kem-europe.eu\\\/product\\\/keyang-asd1800l-accu-gipsplaatschroefmachine-18v-2-0ah\\\/\",\"name\":\"Accu gipsplaatschroefm. Keyang ASD1800L 18V | KEM-EUROPE\",\"isPartOf\":{\"@id\":\"https:\\\/\\\/kem-europe.eu\\\/#website\"},\"primaryImageOfPage\":{\"@id\":\"https:\\\/\\\/kem-europe.eu\\\/product\\\/keyang-asd1800l-accu-gipsplaatschroefmachine-18v-2-0ah\\\/#primaryimage\"},\"image\":{\"@id\":\"https:\\\/\\\/kem-europe.eu\\\/product\\\/keyang-asd1800l-accu-gipsplaatschroefmachine-18v-2-0ah\\\/#primaryimage\"},\"thumbnailUrl\":\"https:\\\/\\\/kem-europe.eu\\\/wp-content\\\/uploads\\\/2025\\\/02\\\/keyang-asd1800.jpg\",\"datePublished\":\"2025-02-27T08:08:31+00:00\",\"dateModified\":\"2025-06-06T06:18:27+00:00\",\"description\":\"Accu gipsplaatschroefmachine Keyang ASD1800L 18V - Schroefdiepte makkelijk aanpasbaar. Extra stabiel met snel wisselsysteem.\",\"breadcrumb\":{\"@id\":\"https:\\\/\\\/kem-europe.eu\\\/product\\\/keyang-asd1800l-accu-gipsplaatschroefmachine-18v-2-0ah\\\/#breadcrumb\"},\"inLanguage\":\"de\",\"potentialAction\":[{\"@type\":\"ReadAction\",\"target\":[\"https:\\\/\\\/kem-europe.eu\\\/product\\\/keyang-asd1800l-accu-gipsplaatschroefmachine-18v-2-0ah\\\/\"]}]},{\"@type\":\"ImageObject\",\"inLanguage\":\"de\",\"@id\":\"https:\\\/\\\/kem-europe.eu\\\/product\\\/keyang-asd1800l-accu-gipsplaatschroefmachine-18v-2-0ah\\\/#primaryimage\",\"url\":\"https:\\\/\\\/kem-europe.eu\\\/wp-content\\\/uploads\\\/2025\\\/02\\\/keyang-asd1800.jpg\",\"contentUrl\":\"https:\\\/\\\/kem-europe.eu\\\/wp-content\\\/uploads\\\/2025\\\/02\\\/keyang-asd1800.jpg\",\"width\":700,\"height\":700},{\"@type\":\"BreadcrumbList\",\"@id\":\"https:\\\/\\\/kem-europe.eu\\\/product\\\/keyang-asd1800l-accu-gipsplaatschroefmachine-18v-2-0ah\\\/#breadcrumb\",\"itemListElement\":[{\"@type\":\"ListItem\",\"position\":1,\"name\":\"Home\",\"item\":\"https:\\\/\\\/kem-europe.eu\\\/\"},{\"@type\":\"ListItem\",\"position\":2,\"name\":\"Winkel\",\"item\":\"https:\\\/\\\/kem-europe.eu\\\/winkel\\\/\"},{\"@type\":\"ListItem\",\"position\":3,\"name\":\"Keyang ASD1800L Accu gipsplaatschroefmachine &#8211; 18V 2.0Ah\"}]},{\"@type\":\"WebSite\",\"@id\":\"https:\\\/\\\/kem-europe.eu\\\/#website\",\"url\":\"https:\\\/\\\/kem-europe.eu\\\/\",\"name\":\"KEM Europe\",\"description\":\"\",\"publisher\":{\"@id\":\"https:\\\/\\\/kem-europe.eu\\\/#organization\"},\"potentialAction\":[{\"@type\":\"SearchAction\",\"target\":{\"@type\":\"EntryPoint\",\"urlTemplate\":\"https:\\\/\\\/kem-europe.eu\\\/?s={search_term_string}\"},\"query-input\":{\"@type\":\"PropertyValueSpecification\",\"valueRequired\":true,\"valueName\":\"search_term_string\"}}],\"inLanguage\":\"de\"},{\"@type\":\"Organization\",\"@id\":\"https:\\\/\\\/kem-europe.eu\\\/#organization\",\"name\":\"KEM Europe\",\"url\":\"https:\\\/\\\/kem-europe.eu\\\/\",\"logo\":{\"@type\":\"ImageObject\",\"inLanguage\":\"de\",\"@id\":\"https:\\\/\\\/kem-europe.eu\\\/#\\\/schema\\\/logo\\\/image\\\/\",\"url\":\"https:\\\/\\\/kem-europe.eu\\\/wp-content\\\/uploads\\\/2025\\\/02\\\/KEM2019-BLACK-1500W.png\",\"contentUrl\":\"https:\\\/\\\/kem-europe.eu\\\/wp-content\\\/uploads\\\/2025\\\/02\\\/KEM2019-BLACK-1500W.png\",\"width\":1500,\"height\":626,\"caption\":\"KEM Europe\"},\"image\":{\"@id\":\"https:\\\/\\\/kem-europe.eu\\\/#\\\/schema\\\/logo\\\/image\\\/\"}}]}<\/script>\n<!-- \/ Yoast SEO plugin. -->","yoast_head_json":{"title":"Schnurloser Trockenbauschrauber. Keyang ASD1800L 18V | KEM-EUROPE","description":"Keyang ASD1800L 18V-Akku-Trockenbauschrauber - Schraubentiefe leicht einstellbar. Extra stabil mit Schnellwechselsystem.","robots":{"index":"index","follow":"follow","max-snippet":"max-snippet:-1","max-image-preview":"max-image-preview:large","max-video-preview":"max-video-preview:-1"},"canonical":"https:\/\/kem-europe.eu\/de\/produkt\/keyang-asd1800l-akku-trockenbauschrauber-18v-2-0ah\/","og_locale":"de_DE","og_type":"article","og_title":"Accu gipsplaatschroefm. Keyang ASD1800L 18V | KEM-EUROPE","og_description":"Accu gipsplaatschroefmachine Keyang ASD1800L 18V - Schroefdiepte makkelijk aanpasbaar. Extra stabiel met snel wisselsysteem.","og_url":"https:\/\/kem-europe.eu\/de\/produkt\/keyang-asd1800l-akku-trockenbauschrauber-18v-2-0ah\/","og_site_name":"KEM Europe","article_modified_time":"2025-06-06T06:18:27+00:00","og_image":[{"width":700,"height":700,"url":"https:\/\/kem-europe.eu\/wp-content\/uploads\/2025\/02\/keyang-asd1800.jpg","type":"image\/jpeg"}],"twitter_card":"summary_large_image","twitter_misc":{"Gesch\u00e4tzte Lesezeit":"2\u00a0Minuten"},"schema":{"@context":"https:\/\/schema.org","@graph":[{"@type":"WebPage","@id":"https:\/\/kem-europe.eu\/product\/keyang-asd1800l-accu-gipsplaatschroefmachine-18v-2-0ah\/","url":"https:\/\/kem-europe.eu\/product\/keyang-asd1800l-accu-gipsplaatschroefmachine-18v-2-0ah\/","name":"Schnurloser Trockenbauschrauber. Keyang ASD1800L 18V | KEM-EUROPE","isPartOf":{"@id":"https:\/\/kem-europe.eu\/#website"},"primaryImageOfPage":{"@id":"https:\/\/kem-europe.eu\/product\/keyang-asd1800l-accu-gipsplaatschroefmachine-18v-2-0ah\/#primaryimage"},"image":{"@id":"https:\/\/kem-europe.eu\/product\/keyang-asd1800l-accu-gipsplaatschroefmachine-18v-2-0ah\/#primaryimage"},"thumbnailUrl":"https:\/\/kem-europe.eu\/wp-content\/uploads\/2025\/02\/keyang-asd1800.jpg","datePublished":"2025-02-27T08:08:31+00:00","dateModified":"2025-06-06T06:18:27+00:00","description":"Keyang ASD1800L 18V-Akku-Trockenbauschrauber - Schraubentiefe leicht einstellbar. Extra stabil mit Schnellwechselsystem.","breadcrumb":{"@id":"https:\/\/kem-europe.eu\/product\/keyang-asd1800l-accu-gipsplaatschroefmachine-18v-2-0ah\/#breadcrumb"},"inLanguage":"de","potentialAction":[{"@type":"ReadAction","target":["https:\/\/kem-europe.eu\/product\/keyang-asd1800l-accu-gipsplaatschroefmachine-18v-2-0ah\/"]}]},{"@type":"ImageObject","inLanguage":"de","@id":"https:\/\/kem-europe.eu\/product\/keyang-asd1800l-accu-gipsplaatschroefmachine-18v-2-0ah\/#primaryimage","url":"https:\/\/kem-europe.eu\/wp-content\/uploads\/2025\/02\/keyang-asd1800.jpg","contentUrl":"https:\/\/kem-europe.eu\/wp-content\/uploads\/2025\/02\/keyang-asd1800.jpg","width":700,"height":700},{"@type":"BreadcrumbList","@id":"https:\/\/kem-europe.eu\/product\/keyang-asd1800l-accu-gipsplaatschroefmachine-18v-2-0ah\/#breadcrumb","itemListElement":[{"@type":"ListItem","position":1,"name":"Home","item":"https:\/\/kem-europe.eu\/"},{"@type":"ListItem","position":2,"name":"Winkel","item":"https:\/\/kem-europe.eu\/winkel\/"},{"@type":"ListItem","position":3,"name":"Keyang ASD1800L Accu gipsplaatschroefmachine &#8211; 18V 2.0Ah"}]},{"@type":"WebSite","@id":"https:\/\/kem-europe.eu\/#website","url":"https:\/\/kem-europe.eu\/","name":"KEM Europe","description":"","publisher":{"@id":"https:\/\/kem-europe.eu\/#organization"},"potentialAction":[{"@type":"SearchAction","target":{"@type":"EntryPoint","urlTemplate":"https:\/\/kem-europe.eu\/?s={search_term_string}"},"query-input":{"@type":"PropertyValueSpecification","valueRequired":true,"valueName":"search_term_string"}}],"inLanguage":"de"},{"@type":"Organization","@id":"https:\/\/kem-europe.eu\/#organization","name":"KEM Europe","url":"https:\/\/kem-europe.eu\/","logo":{"@type":"ImageObject","inLanguage":"de","@id":"https:\/\/kem-europe.eu\/#\/schema\/logo\/image\/","url":"https:\/\/kem-europe.eu\/wp-content\/uploads\/2025\/02\/KEM2019-BLACK-1500W.png","contentUrl":"https:\/\/kem-europe.eu\/wp-content\/uploads\/2025\/02\/KEM2019-BLACK-1500W.png","width":1500,"height":626,"caption":"KEM Europe"},"image":{"@id":"https:\/\/kem-europe.eu\/#\/schema\/logo\/image\/"}}]}},"_links":{"self":[{"href":"https:\/\/kem-europe.eu\/de\/wp-json\/wp\/v2\/product\/221","targetHints":{"allow":["GET"]}}],"collection":[{"href":"https:\/\/kem-europe.eu\/de\/wp-json\/wp\/v2\/product"}],"about":[{"href":"https:\/\/kem-europe.eu\/de\/wp-json\/wp\/v2\/types\/product"}],"replies":[{"embeddable":true,"href":"https:\/\/kem-europe.eu\/de\/wp-json\/wp\/v2\/comments?post=221"}],"wp:featuredmedia":[{"embeddable":true,"href":"https:\/\/kem-europe.eu\/de\/wp-json\/wp\/v2\/media\/255"}],"wp:attachment":[{"href":"https:\/\/kem-europe.eu\/de\/wp-json\/wp\/v2\/media?parent=221"}],"wp:term":[{"taxonomy":"product_brand","embeddable":true,"href":"https:\/\/kem-europe.eu\/de\/wp-json\/wp\/v2\/product_brand?post=221"},{"taxonomy":"product_cat","embeddable":true,"href":"https:\/\/kem-europe.eu\/de\/wp-json\/wp\/v2\/product_cat?post=221"},{"taxonomy":"product_tag","embeddable":true,"href":"https:\/\/kem-europe.eu\/de\/wp-json\/wp\/v2\/product_tag?post=221"}],"curies":[{"name":"wp","href":"https:\/\/api.w.org\/{rel}","templated":true}]}}