{"id":2456,"date":"2025-02-27T08:36:00","date_gmt":"2025-02-27T08:36:00","guid":{"rendered":"https:\/\/kem-europe.eu\/?post_type=product&#038;p=2456"},"modified":"2025-02-27T13:14:40","modified_gmt":"2025-02-27T13:14:40","slug":"dorly-ms3310lrl-zug-kapp-gehrungssaege-305mm-2000w","status":"publish","type":"product","link":"https:\/\/kem-europe.eu\/de\/product\/dorly-ms3310lrl-telescopische-verstekzaag-radiaalzaag-afkortzaag-305mm-2000w-3\/","title":{"rendered":"D'Orly MS3310LRL Teleskopische Gehrungss\u00e4ge, Radials\u00e4ge, Trenns\u00e4ge 305mm 2000W"},"content":{"rendered":"<p><strong>Eigenschaften D'Orly MS3310LRL Teleskop-Gehrungss\u00e4ge, Radials\u00e4ge, Trenns\u00e4ge 305mm 2000W<\/strong><\/p>\n<p>Die D'Orly Teleskop-Gehrungss\u00e4ge 305 mm MS3310LRL ist das Spitzenmodell unter den Kapps\u00e4gen! Diese radiale Kapps\u00e4ge hat eine Schnitttiefe von nicht weniger als 105 mm und dank der leichtg\u00e4ngigen (kugelgelagerten) L\u00e4ngsf\u00fchrung k\u00f6nnen Sie m\u00fchelos 340 mm breite Bretter\/Balken schneiden. Diese Zugs\u00e4ge ist mit allerlei zus\u00e4tzlichen Vorrichtungen zum Sichern, F\u00fchren oder Abst\u00fctzen des Werkst\u00fccks ausgestattet. Sie k\u00f6nnen sogar einen Anschlag an den ausziehbaren St\u00fctzen auf beiden Seiten ausklappen, um wiederholt die gleiche L\u00e4nge zu s\u00e4gen.<\/p>\n<ul>\n<li>Der 2000-Watt-Motor spaltet die h\u00e4rtesten H\u00f6lzer mit Leichtigkeit, auch dank des mitgelieferten 305-mm-S\u00e4geblatts mit 48 Z\u00e4hnen und Widia-Z\u00e4hnen.<\/li>\n<li>F\u00fcr Gehrungsschnitte kann die S\u00e4ge (in der horizontalen Ebene) auf jeden beliebigen Winkel zwischen -45\u00b0 und +45\u00b0 gegen den Uhrzeigersinn und im Uhrzeigersinn eingestellt werden. Au\u00dferdem ist eine Winkelsperre f\u00fcr alle g\u00e4ngigen Gehrungswinkel eingebaut.<\/li>\n<li>Au\u00dferdem ist diese S\u00e4ge die einzige, die in der Vertikalen von -45 bis +45\u00b0 geschwenkt werden kann, sowohl nach links als auch nach rechts. Dadurch wird das Schneiden von Doppelschnitten sehr einfach. Zu diesem Zweck ist der Motor im Geh\u00e4use abgewinkelt, was beweist, wie viel \u00dcberlegung in diese Maschine geflossen ist.<\/li>\n<li>Ein Linienlaser an der Unterseite des Abzieharms zeigt im Voraus genau an, wo der Schnitt erfolgen wird.<\/li>\n<li>Diese sehr komplette Kapps\u00e4ge ist mit einer Verriegelung an allen beweglichen und rotierenden Achsen f\u00fcr ein sicheres Bewegen der Maschine ausgestattet. Au\u00dferdem wurde zu diesem Zweck ein zus\u00e4tzlicher Griff am Zugarm angebracht. Au\u00dferdem ist die Maschine mit einer automatisch kippbaren Staub-\/Schutzhaube, einem Staubbeutel und einem Widia-S\u00e4geblatt mit 40 Z\u00e4hnen ausgestattet. Wenn Sie eine Kapps\u00e4ge der Spitzenklasse suchen, haben Sie sie jetzt gefunden!<\/li>\n<\/ul>\n<p><img loading=\"lazy\" decoding=\"async\" class=\"wp-image-25122 aligncenter\" src=\"https:\/\/www.kem-europe.eu\/wp-content\/uploads\/2022\/05\/DORLY-LANG.jpg\" alt=\"\" width=\"800\" height=\"381\" \/> <img loading=\"lazy\" decoding=\"async\" class=\"wp-image-25123 aligncenter\" src=\"https:\/\/www.kem-europe.eu\/wp-content\/uploads\/2022\/05\/DORLY-LANG2.jpg\" alt=\"\" width=\"800\" height=\"381\" \/> <img loading=\"lazy\" decoding=\"async\" class=\"size-full wp-image-25124 aligncenter\" src=\"https:\/\/www.kem-europe.eu\/wp-content\/uploads\/2022\/05\/DORLY-LANG3.jpg\" alt=\"\" width=\"800\" height=\"381\" \/> <img loading=\"lazy\" decoding=\"async\" class=\"size-full wp-image-25125 aligncenter\" src=\"https:\/\/www.kem-europe.eu\/wp-content\/uploads\/2022\/05\/DORLY-LANG4.jpg\" alt=\"\" width=\"800\" height=\"381\" \/> <img loading=\"lazy\" decoding=\"async\" class=\"size-full wp-image-25126 aligncenter\" src=\"https:\/\/www.kem-europe.eu\/wp-content\/uploads\/2022\/05\/DORLY-LANG5.jpg\" alt=\"\" width=\"800\" height=\"381\" \/> <img loading=\"lazy\" decoding=\"async\" class=\"size-full wp-image-25127 aligncenter\" src=\"https:\/\/www.kem-europe.eu\/wp-content\/uploads\/2022\/05\/DORLY-LANG6.jpg\" alt=\"\" width=\"800\" height=\"381\" \/> <img loading=\"lazy\" decoding=\"async\" class=\"size-full wp-image-25128 aligncenter\" src=\"https:\/\/www.kem-europe.eu\/wp-content\/uploads\/2022\/05\/DORLY-LANG7.jpg\" alt=\"\" width=\"800\" height=\"381\" \/> <img loading=\"lazy\" decoding=\"async\" class=\"size-full wp-image-25129 aligncenter\" src=\"https:\/\/www.kem-europe.eu\/wp-content\/uploads\/2022\/05\/DORLY-LANG8.jpg\" alt=\"\" width=\"800\" height=\"381\" \/><\/p>\n<p><strong>Technische Daten<\/strong><\/p>\n<ul>\n<li>Spannung - 220-240V ~ 50Hz<\/li>\n<li>Leistung - 2000 W<\/li>\n<li>Geschwindigkeit ohne Last - 5000 \/min<\/li>\n<li>S\u00e4geblattdurchmesser - \u00d8 305mm x 40T<\/li>\n<li>Durchmesser des Klingenhalters - \u00d8 30 mm<\/li>\n<li>Mindestblattdicke - 2 mm<\/li>\n<li>Maximale Blattst\u00e4rke - 4 mm<\/li>\n<li>Schalldruckpegel - 90,7 dB(A)<\/li>\n<li>Ungenauigkeit - 3 dB(A)<\/li>\n<li>Schallleistungspegel - 103,7 dB(A)<\/li>\n<li>Ungenauigkeit - 3 dB(A)<\/li>\n<li>Schneidkapazit\u00e4t bei 0\u00b0 x 0\u00b0 - 340 x 105 mm<\/li>\n<li>Schnittkapazit\u00e4t bei 0\u00b0 x 45\u00b0 - 340 x 60 mm (links), 340 x 40 mm (rechts)<\/li>\n<li>Schneidkapazit\u00e4t bei 45\u00b0 x 0\u00b0 - 235 x 105 mm<\/li>\n<li>Schnittkapazit\u00e4t bei 45\u00b0 x 45\u00b0 - 235 x 60 mm (links), 235 x 40 mm (rechts)<\/li>\n<li>Abmessungen der Verpackung - 70 x 570 x 980 mm<\/li>\n<li>Gewicht - 25 kg<\/li>\n<\/ul>\n<p><strong>Umfang der Lieferung<\/strong><\/p>\n<ul>\n<li>D'Orly Teleskopische Gehrungss\u00e4ge 305mm 2000W<\/li>\n<li>S\u00e4geblatt 48T mit Widia-Z\u00e4hnen 305mm<\/li>\n<li>Verschiedenes Zubeh\u00f6r:\n<ul>\n<li>Staubschutzh\u00fclle<\/li>\n<li>Staubsaugerbeutel<\/li>\n<\/ul>\n<\/li>\n<\/ul>","protected":false},"excerpt":{"rendered":"<p>Die D'Orly Teleskop-Gehrungss\u00e4ge 305 mm MS3310LRL ist das Spitzenmodell unter den Kapps\u00e4gen! Diese radiale Kapps\u00e4ge hat eine Schnitttiefe von nicht weniger als 105 mm und dank der leichtg\u00e4ngigen (kugelgelagerten) L\u00e4ngsf\u00fchrung k\u00f6nnen Sie m\u00fchelos 340 mm breite Bretter\/Balken schneiden.<\/p>\n<p><strong>Umfang der Lieferung<\/strong><\/p>\n<ul>\n<li>D'Orly Teleskopische Gehrungss\u00e4ge 305mm 2000W<\/li>\n<li>S\u00e4geblatt 48T mit Widia-Z\u00e4hnen 305mm<\/li>\n<li>Verschiedenes Zubeh\u00f6r:\n<ul>\n<li>Staubschutzh\u00fclle<\/li>\n<li>Staubsaugerbeutel<\/li>\n<\/ul>\n<\/li>\n<\/ul>","protected":false},"featured_media":786,"comment_status":"closed","ping_status":"closed","template":"","meta":[],"product_brand":[625],"product_cat":[76,123],"product_tag":[],"class_list":{"0":"post-2456","1":"product","2":"type-product","3":"status-publish","4":"has-post-thumbnail","6":"product_brand-dorly","7":"product_cat-afkort-verstekzaag","8":"product_cat-dorly-machine","10":"first","11":"instock","12":"shipping-taxable","13":"product-type-simple"},"ct_brands":[{"id":625,"name":"D'ORLY","slug":"dorly"}],"yoast_head":"<!-- This site is optimized with the Yoast SEO plugin v27.3 - https:\/\/yoast.com\/product\/yoast-seo-wordpress\/ -->\n<title>D\u2019Orly MS3310LRL Telescopische Verstekzaag, Radiaalzaag, Afkortzaag 305mm 2000W - KEM Europe<\/title>\n<meta name=\"robots\" content=\"index, follow, max-snippet:-1, max-image-preview:large, max-video-preview:-1\" \/>\n<link rel=\"canonical\" href=\"https:\/\/kem-europe.eu\/de\/produkt\/dorly-ms3310lrl-zug-kapp-gehrungssaege-305mm-2000w\/\" \/>\n<meta property=\"og:locale\" content=\"de_DE\" \/>\n<meta property=\"og:type\" content=\"article\" \/>\n<meta property=\"og:title\" content=\"D\u2019Orly MS3310LRL Telescopische Verstekzaag, Radiaalzaag, Afkortzaag 305mm 2000W - KEM Europe\" \/>\n<meta property=\"og:description\" content=\"De D\u2019Orly Telescopische verstekzaag 305mm MS3310LRL is het topmodel van de afkortzagen! Deze radiaal afkortzaag heeft maar liefst een zaagdiepte van 105 mm en dankzij de soepel lopende (kogelbus gelagerde) langsgeleiding kort men hier 340 mm brede planken \/ balken met gemak mee af.  Leveringsomvang   D\u2019Orly Telescopische verstekzaag 305mm\u00a02000W  Zaagblad 48T met Widia tanden 305mm  Diverse toebehoren:   Stof- \/ beschermkap  Stofzak\" \/>\n<meta property=\"og:url\" content=\"https:\/\/kem-europe.eu\/de\/produkt\/dorly-ms3310lrl-zug-kapp-gehrungssaege-305mm-2000w\/\" \/>\n<meta property=\"og:site_name\" content=\"KEM Europe\" \/>\n<meta property=\"article:modified_time\" content=\"2025-02-27T13:14:40+00:00\" \/>\n<meta property=\"og:image\" content=\"https:\/\/kem-europe.eu\/wp-content\/uploads\/2025\/02\/DORLY-MS3310-07-700.jpg\" \/>\n\t<meta property=\"og:image:width\" content=\"700\" \/>\n\t<meta property=\"og:image:height\" content=\"700\" \/>\n\t<meta property=\"og:image:type\" content=\"image\/jpeg\" \/>\n<meta name=\"twitter:card\" content=\"summary_large_image\" \/>\n<meta name=\"twitter:label1\" content=\"Gesch\u00e4tzte Lesezeit\" \/>\n\t<meta name=\"twitter:data1\" content=\"4\u00a0Minuten\" \/>\n<script type=\"application\/ld+json\" class=\"yoast-schema-graph\">{\"@context\":\"https:\\\/\\\/schema.org\",\"@graph\":[{\"@type\":\"WebPage\",\"@id\":\"https:\\\/\\\/kem-europe.eu\\\/product\\\/dorly-ms3310lrl-telescopische-verstekzaag-radiaalzaag-afkortzaag-305mm-2000w-3\\\/\",\"url\":\"https:\\\/\\\/kem-europe.eu\\\/product\\\/dorly-ms3310lrl-telescopische-verstekzaag-radiaalzaag-afkortzaag-305mm-2000w-3\\\/\",\"name\":\"D\u2019Orly MS3310LRL Telescopische Verstekzaag, Radiaalzaag, Afkortzaag 305mm 2000W - KEM Europe\",\"isPartOf\":{\"@id\":\"https:\\\/\\\/kem-europe.eu\\\/#website\"},\"primaryImageOfPage\":{\"@id\":\"https:\\\/\\\/kem-europe.eu\\\/product\\\/dorly-ms3310lrl-telescopische-verstekzaag-radiaalzaag-afkortzaag-305mm-2000w-3\\\/#primaryimage\"},\"image\":{\"@id\":\"https:\\\/\\\/kem-europe.eu\\\/product\\\/dorly-ms3310lrl-telescopische-verstekzaag-radiaalzaag-afkortzaag-305mm-2000w-3\\\/#primaryimage\"},\"thumbnailUrl\":\"https:\\\/\\\/kem-europe.eu\\\/wp-content\\\/uploads\\\/2025\\\/02\\\/DORLY-MS3310-07-700.jpg\",\"datePublished\":\"2025-02-27T08:36:00+00:00\",\"dateModified\":\"2025-02-27T13:14:40+00:00\",\"breadcrumb\":{\"@id\":\"https:\\\/\\\/kem-europe.eu\\\/product\\\/dorly-ms3310lrl-telescopische-verstekzaag-radiaalzaag-afkortzaag-305mm-2000w-3\\\/#breadcrumb\"},\"inLanguage\":\"de\",\"potentialAction\":[{\"@type\":\"ReadAction\",\"target\":[\"https:\\\/\\\/kem-europe.eu\\\/product\\\/dorly-ms3310lrl-telescopische-verstekzaag-radiaalzaag-afkortzaag-305mm-2000w-3\\\/\"]}]},{\"@type\":\"ImageObject\",\"inLanguage\":\"de\",\"@id\":\"https:\\\/\\\/kem-europe.eu\\\/product\\\/dorly-ms3310lrl-telescopische-verstekzaag-radiaalzaag-afkortzaag-305mm-2000w-3\\\/#primaryimage\",\"url\":\"https:\\\/\\\/kem-europe.eu\\\/wp-content\\\/uploads\\\/2025\\\/02\\\/DORLY-MS3310-07-700.jpg\",\"contentUrl\":\"https:\\\/\\\/kem-europe.eu\\\/wp-content\\\/uploads\\\/2025\\\/02\\\/DORLY-MS3310-07-700.jpg\",\"width\":700,\"height\":700},{\"@type\":\"BreadcrumbList\",\"@id\":\"https:\\\/\\\/kem-europe.eu\\\/product\\\/dorly-ms3310lrl-telescopische-verstekzaag-radiaalzaag-afkortzaag-305mm-2000w-3\\\/#breadcrumb\",\"itemListElement\":[{\"@type\":\"ListItem\",\"position\":1,\"name\":\"Home\",\"item\":\"https:\\\/\\\/kem-europe.eu\\\/\"},{\"@type\":\"ListItem\",\"position\":2,\"name\":\"Winkel\",\"item\":\"https:\\\/\\\/kem-europe.eu\\\/winkel\\\/\"},{\"@type\":\"ListItem\",\"position\":3,\"name\":\"D\u2019Orly MS3310LRL Telescopische Verstekzaag, Radiaalzaag, Afkortzaag 305mm 2000W\"}]},{\"@type\":\"WebSite\",\"@id\":\"https:\\\/\\\/kem-europe.eu\\\/#website\",\"url\":\"https:\\\/\\\/kem-europe.eu\\\/\",\"name\":\"KEM Europe\",\"description\":\"\",\"publisher\":{\"@id\":\"https:\\\/\\\/kem-europe.eu\\\/#organization\"},\"potentialAction\":[{\"@type\":\"SearchAction\",\"target\":{\"@type\":\"EntryPoint\",\"urlTemplate\":\"https:\\\/\\\/kem-europe.eu\\\/?s={search_term_string}\"},\"query-input\":{\"@type\":\"PropertyValueSpecification\",\"valueRequired\":true,\"valueName\":\"search_term_string\"}}],\"inLanguage\":\"de\"},{\"@type\":\"Organization\",\"@id\":\"https:\\\/\\\/kem-europe.eu\\\/#organization\",\"name\":\"KEM Europe\",\"url\":\"https:\\\/\\\/kem-europe.eu\\\/\",\"logo\":{\"@type\":\"ImageObject\",\"inLanguage\":\"de\",\"@id\":\"https:\\\/\\\/kem-europe.eu\\\/#\\\/schema\\\/logo\\\/image\\\/\",\"url\":\"https:\\\/\\\/kem-europe.eu\\\/wp-content\\\/uploads\\\/2025\\\/02\\\/KEM2019-BLACK-1500W.png\",\"contentUrl\":\"https:\\\/\\\/kem-europe.eu\\\/wp-content\\\/uploads\\\/2025\\\/02\\\/KEM2019-BLACK-1500W.png\",\"width\":1500,\"height\":626,\"caption\":\"KEM Europe\"},\"image\":{\"@id\":\"https:\\\/\\\/kem-europe.eu\\\/#\\\/schema\\\/logo\\\/image\\\/\"}}]}<\/script>\n<!-- \/ Yoast SEO plugin. -->","yoast_head_json":{"title":"D'Orly MS3310LRL Teleskop-Gehrungss\u00e4ge, Radials\u00e4ge, Trenns\u00e4ge 305mm 2000W - KEM Europe","robots":{"index":"index","follow":"follow","max-snippet":"max-snippet:-1","max-image-preview":"max-image-preview:large","max-video-preview":"max-video-preview:-1"},"canonical":"https:\/\/kem-europe.eu\/de\/produkt\/dorly-ms3310lrl-zug-kapp-gehrungssaege-305mm-2000w\/","og_locale":"de_DE","og_type":"article","og_title":"D\u2019Orly MS3310LRL Telescopische Verstekzaag, Radiaalzaag, Afkortzaag 305mm 2000W - KEM Europe","og_description":"De D\u2019Orly Telescopische verstekzaag 305mm MS3310LRL is het topmodel van de afkortzagen! Deze radiaal afkortzaag heeft maar liefst een zaagdiepte van 105 mm en dankzij de soepel lopende (kogelbus gelagerde) langsgeleiding kort men hier 340 mm brede planken \/ balken met gemak mee af.  Leveringsomvang   D\u2019Orly Telescopische verstekzaag 305mm\u00a02000W  Zaagblad 48T met Widia tanden 305mm  Diverse toebehoren:   Stof- \/ beschermkap  Stofzak","og_url":"https:\/\/kem-europe.eu\/de\/produkt\/dorly-ms3310lrl-zug-kapp-gehrungssaege-305mm-2000w\/","og_site_name":"KEM Europe","article_modified_time":"2025-02-27T13:14:40+00:00","og_image":[{"width":700,"height":700,"url":"https:\/\/kem-europe.eu\/wp-content\/uploads\/2025\/02\/DORLY-MS3310-07-700.jpg","type":"image\/jpeg"}],"twitter_card":"summary_large_image","twitter_misc":{"Gesch\u00e4tzte Lesezeit":"4\u00a0Minuten"},"schema":{"@context":"https:\/\/schema.org","@graph":[{"@type":"WebPage","@id":"https:\/\/kem-europe.eu\/product\/dorly-ms3310lrl-telescopische-verstekzaag-radiaalzaag-afkortzaag-305mm-2000w-3\/","url":"https:\/\/kem-europe.eu\/product\/dorly-ms3310lrl-telescopische-verstekzaag-radiaalzaag-afkortzaag-305mm-2000w-3\/","name":"D'Orly MS3310LRL Teleskop-Gehrungss\u00e4ge, Radials\u00e4ge, Trenns\u00e4ge 305mm 2000W - KEM Europe","isPartOf":{"@id":"https:\/\/kem-europe.eu\/#website"},"primaryImageOfPage":{"@id":"https:\/\/kem-europe.eu\/product\/dorly-ms3310lrl-telescopische-verstekzaag-radiaalzaag-afkortzaag-305mm-2000w-3\/#primaryimage"},"image":{"@id":"https:\/\/kem-europe.eu\/product\/dorly-ms3310lrl-telescopische-verstekzaag-radiaalzaag-afkortzaag-305mm-2000w-3\/#primaryimage"},"thumbnailUrl":"https:\/\/kem-europe.eu\/wp-content\/uploads\/2025\/02\/DORLY-MS3310-07-700.jpg","datePublished":"2025-02-27T08:36:00+00:00","dateModified":"2025-02-27T13:14:40+00:00","breadcrumb":{"@id":"https:\/\/kem-europe.eu\/product\/dorly-ms3310lrl-telescopische-verstekzaag-radiaalzaag-afkortzaag-305mm-2000w-3\/#breadcrumb"},"inLanguage":"de","potentialAction":[{"@type":"ReadAction","target":["https:\/\/kem-europe.eu\/product\/dorly-ms3310lrl-telescopische-verstekzaag-radiaalzaag-afkortzaag-305mm-2000w-3\/"]}]},{"@type":"ImageObject","inLanguage":"de","@id":"https:\/\/kem-europe.eu\/product\/dorly-ms3310lrl-telescopische-verstekzaag-radiaalzaag-afkortzaag-305mm-2000w-3\/#primaryimage","url":"https:\/\/kem-europe.eu\/wp-content\/uploads\/2025\/02\/DORLY-MS3310-07-700.jpg","contentUrl":"https:\/\/kem-europe.eu\/wp-content\/uploads\/2025\/02\/DORLY-MS3310-07-700.jpg","width":700,"height":700},{"@type":"BreadcrumbList","@id":"https:\/\/kem-europe.eu\/product\/dorly-ms3310lrl-telescopische-verstekzaag-radiaalzaag-afkortzaag-305mm-2000w-3\/#breadcrumb","itemListElement":[{"@type":"ListItem","position":1,"name":"Home","item":"https:\/\/kem-europe.eu\/"},{"@type":"ListItem","position":2,"name":"Winkel","item":"https:\/\/kem-europe.eu\/winkel\/"},{"@type":"ListItem","position":3,"name":"D\u2019Orly MS3310LRL Telescopische Verstekzaag, Radiaalzaag, Afkortzaag 305mm 2000W"}]},{"@type":"WebSite","@id":"https:\/\/kem-europe.eu\/#website","url":"https:\/\/kem-europe.eu\/","name":"KEM Europe","description":"","publisher":{"@id":"https:\/\/kem-europe.eu\/#organization"},"potentialAction":[{"@type":"SearchAction","target":{"@type":"EntryPoint","urlTemplate":"https:\/\/kem-europe.eu\/?s={search_term_string}"},"query-input":{"@type":"PropertyValueSpecification","valueRequired":true,"valueName":"search_term_string"}}],"inLanguage":"de"},{"@type":"Organization","@id":"https:\/\/kem-europe.eu\/#organization","name":"KEM Europe","url":"https:\/\/kem-europe.eu\/","logo":{"@type":"ImageObject","inLanguage":"de","@id":"https:\/\/kem-europe.eu\/#\/schema\/logo\/image\/","url":"https:\/\/kem-europe.eu\/wp-content\/uploads\/2025\/02\/KEM2019-BLACK-1500W.png","contentUrl":"https:\/\/kem-europe.eu\/wp-content\/uploads\/2025\/02\/KEM2019-BLACK-1500W.png","width":1500,"height":626,"caption":"KEM Europe"},"image":{"@id":"https:\/\/kem-europe.eu\/#\/schema\/logo\/image\/"}}]}},"_links":{"self":[{"href":"https:\/\/kem-europe.eu\/de\/wp-json\/wp\/v2\/product\/2456","targetHints":{"allow":["GET"]}}],"collection":[{"href":"https:\/\/kem-europe.eu\/de\/wp-json\/wp\/v2\/product"}],"about":[{"href":"https:\/\/kem-europe.eu\/de\/wp-json\/wp\/v2\/types\/product"}],"replies":[{"embeddable":true,"href":"https:\/\/kem-europe.eu\/de\/wp-json\/wp\/v2\/comments?post=2456"}],"wp:featuredmedia":[{"embeddable":true,"href":"https:\/\/kem-europe.eu\/de\/wp-json\/wp\/v2\/media\/786"}],"wp:attachment":[{"href":"https:\/\/kem-europe.eu\/de\/wp-json\/wp\/v2\/media?parent=2456"}],"wp:term":[{"taxonomy":"product_brand","embeddable":true,"href":"https:\/\/kem-europe.eu\/de\/wp-json\/wp\/v2\/product_brand?post=2456"},{"taxonomy":"product_cat","embeddable":true,"href":"https:\/\/kem-europe.eu\/de\/wp-json\/wp\/v2\/product_cat?post=2456"},{"taxonomy":"product_tag","embeddable":true,"href":"https:\/\/kem-europe.eu\/de\/wp-json\/wp\/v2\/product_tag?post=2456"}],"curies":[{"name":"wp","href":"https:\/\/api.w.org\/{rel}","templated":true}]}}