{"id":2465,"date":"2025-02-27T08:36:08","date_gmt":"2025-02-27T08:36:08","guid":{"rendered":"https:\/\/kem-europe.eu\/?post_type=product&#038;p=2465"},"modified":"2025-03-06T07:41:07","modified_gmt":"2025-03-06T07:41:07","slug":"dorly-mx1800-mischer-variable-drehzahl-1800w-zement-farbe","status":"publish","type":"product","link":"https:\/\/kem-europe.eu\/de\/product\/dorly-mx1800-mixer-met-variabel-toerental-1800w-cement-verf-2\/","title":{"rendered":"D'Orly MX1800 Mischer mit variabler Geschwindigkeit 1800W - Zement &amp; Farbe"},"content":{"rendered":"<p><strong>Eigenschaften D'Orly MX1800 Mixer mit variabler Geschwindigkeit 1800W - Zement &amp; Farbe<\/strong><\/p>\n<p>Der 1800-W-Mischer von D'Orly mit variabler Geschwindigkeit ist einer der idealsten Mischer seiner Klasse. Der von einem 1800-Watt-Elektromotor angetriebene Mischer ist in der Lage, sehr gro\u00dfe Mengen von Spachtelmassen im Handumdrehen zu mischen.<\/p>\n<p><strong>Mischer mit variabler Geschwindigkeit<\/strong><br \/>\nDieser Mischer ist eine perfekte Maschine, wenn es darum geht, gro\u00dfe Mengen an selbstnivellierenden Materialien auf Zementbasis, Epoxid-Fu\u00dfbodenfarben, durchl\u00e4ssigen, kristallinen wasserdichten Beschichtungen und Materialien mit guter Flie\u00dff\u00e4higkeit zu mischen. Dies wird nicht nur durch den mehr als 1800 W starken Motor erm\u00f6glicht, sondern auch durch die variable Geschwindigkeit. So kann die Geschwindigkeit ganz auf Ihre Mischung abgestimmt werden.<\/p>\n<p><strong>D'Orly-Mischstation f\u00fcr sehr gro\u00dfe Mengen<\/strong><br \/>\nDas Angebot von D'Orly wurde durch eine Mischstation erg\u00e4nzt. Die\u00a0<a href=\"https:\/\/kem-europe.eu\/de\/produkt\/dorly-flowmaster-kuelmischerstation-1900w-100l\/\"><strong>D'Orly FLOWMASTER<\/strong><\/a>! Dank seiner herausragenden Eigenschaften ist dieser Mischer ein wahres Biest unter den Mischstationen. Zum Beispiel ist dieser Wannenmischer mit einem Elektromotor ausgestattet, der nicht weniger als 1,9 kW stark ist. Und das ist stark genug, um problemlos bis zu 100 kg Material mit der entsprechenden Flie\u00dff\u00e4higkeit zu mischen.<\/p>\n<p><strong>FLOWMASTER-FLEX<\/strong><\/p>\n<p>Warum FLOWMASTER Flex?\u00a0<a href=\"https:\/\/kem-europe.eu\/de\/produkt\/dorly-flowmaster-kuelmischerstation-1900w-100l\/\"><strong>D'Orly FLOWMASTER<\/strong><\/a>\u00a0ist standardm\u00e4\u00dfig mit einem leistungsstarken 1900-W-Mixer von D'Orly ausgestattet. Die Mixstation kann jedoch gegen verschiedene Mixer anderer Marken ausgetauscht werden, zum Beispiel gegen den D'Orly MX1800 Mixer 1800W. Das macht diese Mischstation noch idealer.<\/p>\n<p><strong>Technische Daten<\/strong><\/p>\n<ul>\n<li>Leistung - 1,8 kW<\/li>\n<li>Spannung - 230 Volt<\/li>\n<li>Gewicht - 6,0 kg<\/li>\n<li>Geschwindigkeit (ohne Last)\n<ul>\n<li>1. Vers. 150-300 U\/min<\/li>\n<li>2. Strophe. 300-650 U\/min<\/li>\n<\/ul>\n<\/li>\n<li>Antriebsgeschwindigkeit in der Station - 0-300 U\/min<\/li>\n<li>Anschluss - M14 Innengewinde<\/li>\n<\/ul>\n<p><strong>Umfang der Lieferung<\/strong><\/p>\n<ul>\n<li>D'Orly MX1800 Mischer mit variabler Geschwindigkeit 1800W - Zement &amp; Farbe<\/li>\n<li>Schneebesen \u00d8 160mm<\/li>\n<li>Handbuch<\/li>\n<\/ul>","protected":false},"excerpt":{"rendered":"<p><strong>Umfang der Lieferung<\/strong><\/p>\n<ul>\n<li>D'Orly MX1800 Mischer mit variabler Geschwindigkeit 1800W - Zement &amp; Farbe<\/li>\n<li>Schneebesen \u00d8 160mm<\/li>\n<li>Handbuch<\/li>\n<\/ul>","protected":false},"featured_media":1520,"comment_status":"closed","ping_status":"closed","template":"","meta":[],"product_brand":[625],"product_cat":[123,637,90],"product_tag":[],"class_list":{"0":"post-2465","1":"product","2":"type-product","3":"status-publish","4":"has-post-thumbnail","6":"product_brand-dorly","7":"product_cat-dorly-machine","8":"product_cat-kuipmixer","9":"product_cat-mengmachine","11":"first","12":"instock","13":"shipping-taxable","14":"product-type-simple"},"ct_brands":[{"id":625,"name":"D'ORLY","slug":"dorly"}],"yoast_head":"<!-- This site is optimized with the Yoast SEO plugin v27.3 - https:\/\/yoast.com\/product\/yoast-seo-wordpress\/ -->\n<title>D\u2019Orly MX1800 Mixer met variabel toerental 1800W \u2013 Cement &amp; Verf - KEM Europe<\/title>\n<meta name=\"robots\" content=\"index, follow, max-snippet:-1, max-image-preview:large, max-video-preview:-1\" \/>\n<link rel=\"canonical\" href=\"https:\/\/kem-europe.eu\/de\/produkt\/dorly-mx1800-mischer-variable-drehzahl-1800w-zement-farbe\/\" \/>\n<meta property=\"og:locale\" content=\"de_DE\" \/>\n<meta property=\"og:type\" content=\"article\" \/>\n<meta property=\"og:title\" content=\"D\u2019Orly MX1800 Mixer met variabel toerental 1800W \u2013 Cement &amp; Verf - KEM Europe\" \/>\n<meta property=\"og:description\" content=\"Leveringsomvang   D\u2019Orly MX1800 Mixer met variabel toerental 1800W \u2013 Cement &amp; Verf  Garde \u00d8 160mm  Handleiding\" \/>\n<meta property=\"og:url\" content=\"https:\/\/kem-europe.eu\/de\/produkt\/dorly-mx1800-mischer-variable-drehzahl-1800w-zement-farbe\/\" \/>\n<meta property=\"og:site_name\" content=\"KEM Europe\" \/>\n<meta property=\"article:modified_time\" content=\"2025-03-06T07:41:07+00:00\" \/>\n<meta property=\"og:image\" content=\"https:\/\/kem-europe.eu\/wp-content\/uploads\/2025\/02\/IMG_6295.jpg\" \/>\n\t<meta property=\"og:image:width\" content=\"700\" \/>\n\t<meta property=\"og:image:height\" content=\"700\" \/>\n\t<meta property=\"og:image:type\" content=\"image\/jpeg\" \/>\n<meta name=\"twitter:card\" content=\"summary_large_image\" \/>\n<meta name=\"twitter:label1\" content=\"Gesch\u00e4tzte Lesezeit\" \/>\n\t<meta name=\"twitter:data1\" content=\"2\u00a0Minuten\" \/>\n<script type=\"application\/ld+json\" class=\"yoast-schema-graph\">{\"@context\":\"https:\\\/\\\/schema.org\",\"@graph\":[{\"@type\":\"WebPage\",\"@id\":\"https:\\\/\\\/kem-europe.eu\\\/product\\\/dorly-mx1800-mixer-met-variabel-toerental-1800w-cement-verf-2\\\/\",\"url\":\"https:\\\/\\\/kem-europe.eu\\\/product\\\/dorly-mx1800-mixer-met-variabel-toerental-1800w-cement-verf-2\\\/\",\"name\":\"D\u2019Orly MX1800 Mixer met variabel toerental 1800W \u2013 Cement & Verf - KEM Europe\",\"isPartOf\":{\"@id\":\"https:\\\/\\\/kem-europe.eu\\\/#website\"},\"primaryImageOfPage\":{\"@id\":\"https:\\\/\\\/kem-europe.eu\\\/product\\\/dorly-mx1800-mixer-met-variabel-toerental-1800w-cement-verf-2\\\/#primaryimage\"},\"image\":{\"@id\":\"https:\\\/\\\/kem-europe.eu\\\/product\\\/dorly-mx1800-mixer-met-variabel-toerental-1800w-cement-verf-2\\\/#primaryimage\"},\"thumbnailUrl\":\"https:\\\/\\\/kem-europe.eu\\\/wp-content\\\/uploads\\\/2025\\\/02\\\/IMG_6295.jpg\",\"datePublished\":\"2025-02-27T08:36:08+00:00\",\"dateModified\":\"2025-03-06T07:41:07+00:00\",\"breadcrumb\":{\"@id\":\"https:\\\/\\\/kem-europe.eu\\\/product\\\/dorly-mx1800-mixer-met-variabel-toerental-1800w-cement-verf-2\\\/#breadcrumb\"},\"inLanguage\":\"de\",\"potentialAction\":[{\"@type\":\"ReadAction\",\"target\":[\"https:\\\/\\\/kem-europe.eu\\\/product\\\/dorly-mx1800-mixer-met-variabel-toerental-1800w-cement-verf-2\\\/\"]}]},{\"@type\":\"ImageObject\",\"inLanguage\":\"de\",\"@id\":\"https:\\\/\\\/kem-europe.eu\\\/product\\\/dorly-mx1800-mixer-met-variabel-toerental-1800w-cement-verf-2\\\/#primaryimage\",\"url\":\"https:\\\/\\\/kem-europe.eu\\\/wp-content\\\/uploads\\\/2025\\\/02\\\/IMG_6295.jpg\",\"contentUrl\":\"https:\\\/\\\/kem-europe.eu\\\/wp-content\\\/uploads\\\/2025\\\/02\\\/IMG_6295.jpg\",\"width\":700,\"height\":700},{\"@type\":\"BreadcrumbList\",\"@id\":\"https:\\\/\\\/kem-europe.eu\\\/product\\\/dorly-mx1800-mixer-met-variabel-toerental-1800w-cement-verf-2\\\/#breadcrumb\",\"itemListElement\":[{\"@type\":\"ListItem\",\"position\":1,\"name\":\"Home\",\"item\":\"https:\\\/\\\/kem-europe.eu\\\/\"},{\"@type\":\"ListItem\",\"position\":2,\"name\":\"Winkel\",\"item\":\"https:\\\/\\\/kem-europe.eu\\\/winkel\\\/\"},{\"@type\":\"ListItem\",\"position\":3,\"name\":\"D\u2019Orly MX1800 Mixer met variabel toerental 1800W \u2013 Cement &#038; Verf\"}]},{\"@type\":\"WebSite\",\"@id\":\"https:\\\/\\\/kem-europe.eu\\\/#website\",\"url\":\"https:\\\/\\\/kem-europe.eu\\\/\",\"name\":\"KEM Europe\",\"description\":\"\",\"publisher\":{\"@id\":\"https:\\\/\\\/kem-europe.eu\\\/#organization\"},\"potentialAction\":[{\"@type\":\"SearchAction\",\"target\":{\"@type\":\"EntryPoint\",\"urlTemplate\":\"https:\\\/\\\/kem-europe.eu\\\/?s={search_term_string}\"},\"query-input\":{\"@type\":\"PropertyValueSpecification\",\"valueRequired\":true,\"valueName\":\"search_term_string\"}}],\"inLanguage\":\"de\"},{\"@type\":\"Organization\",\"@id\":\"https:\\\/\\\/kem-europe.eu\\\/#organization\",\"name\":\"KEM Europe\",\"url\":\"https:\\\/\\\/kem-europe.eu\\\/\",\"logo\":{\"@type\":\"ImageObject\",\"inLanguage\":\"de\",\"@id\":\"https:\\\/\\\/kem-europe.eu\\\/#\\\/schema\\\/logo\\\/image\\\/\",\"url\":\"https:\\\/\\\/kem-europe.eu\\\/wp-content\\\/uploads\\\/2025\\\/02\\\/KEM2019-BLACK-1500W.png\",\"contentUrl\":\"https:\\\/\\\/kem-europe.eu\\\/wp-content\\\/uploads\\\/2025\\\/02\\\/KEM2019-BLACK-1500W.png\",\"width\":1500,\"height\":626,\"caption\":\"KEM Europe\"},\"image\":{\"@id\":\"https:\\\/\\\/kem-europe.eu\\\/#\\\/schema\\\/logo\\\/image\\\/\"}}]}<\/script>\n<!-- \/ Yoast SEO plugin. -->","yoast_head_json":{"title":"D'Orly MX1800 Mischer mit variabler Geschwindigkeit 1800W - Zement &amp; Farbe - KEM Europe","robots":{"index":"index","follow":"follow","max-snippet":"max-snippet:-1","max-image-preview":"max-image-preview:large","max-video-preview":"max-video-preview:-1"},"canonical":"https:\/\/kem-europe.eu\/de\/produkt\/dorly-mx1800-mischer-variable-drehzahl-1800w-zement-farbe\/","og_locale":"de_DE","og_type":"article","og_title":"D\u2019Orly MX1800 Mixer met variabel toerental 1800W \u2013 Cement & Verf - KEM Europe","og_description":"Leveringsomvang   D\u2019Orly MX1800 Mixer met variabel toerental 1800W \u2013 Cement &amp; Verf  Garde \u00d8 160mm  Handleiding","og_url":"https:\/\/kem-europe.eu\/de\/produkt\/dorly-mx1800-mischer-variable-drehzahl-1800w-zement-farbe\/","og_site_name":"KEM Europe","article_modified_time":"2025-03-06T07:41:07+00:00","og_image":[{"width":700,"height":700,"url":"https:\/\/kem-europe.eu\/wp-content\/uploads\/2025\/02\/IMG_6295.jpg","type":"image\/jpeg"}],"twitter_card":"summary_large_image","twitter_misc":{"Gesch\u00e4tzte Lesezeit":"2\u00a0Minuten"},"schema":{"@context":"https:\/\/schema.org","@graph":[{"@type":"WebPage","@id":"https:\/\/kem-europe.eu\/product\/dorly-mx1800-mixer-met-variabel-toerental-1800w-cement-verf-2\/","url":"https:\/\/kem-europe.eu\/product\/dorly-mx1800-mixer-met-variabel-toerental-1800w-cement-verf-2\/","name":"D'Orly MX1800 Mischer mit variabler Geschwindigkeit 1800W - Zement &amp; Farbe - KEM Europe","isPartOf":{"@id":"https:\/\/kem-europe.eu\/#website"},"primaryImageOfPage":{"@id":"https:\/\/kem-europe.eu\/product\/dorly-mx1800-mixer-met-variabel-toerental-1800w-cement-verf-2\/#primaryimage"},"image":{"@id":"https:\/\/kem-europe.eu\/product\/dorly-mx1800-mixer-met-variabel-toerental-1800w-cement-verf-2\/#primaryimage"},"thumbnailUrl":"https:\/\/kem-europe.eu\/wp-content\/uploads\/2025\/02\/IMG_6295.jpg","datePublished":"2025-02-27T08:36:08+00:00","dateModified":"2025-03-06T07:41:07+00:00","breadcrumb":{"@id":"https:\/\/kem-europe.eu\/product\/dorly-mx1800-mixer-met-variabel-toerental-1800w-cement-verf-2\/#breadcrumb"},"inLanguage":"de","potentialAction":[{"@type":"ReadAction","target":["https:\/\/kem-europe.eu\/product\/dorly-mx1800-mixer-met-variabel-toerental-1800w-cement-verf-2\/"]}]},{"@type":"ImageObject","inLanguage":"de","@id":"https:\/\/kem-europe.eu\/product\/dorly-mx1800-mixer-met-variabel-toerental-1800w-cement-verf-2\/#primaryimage","url":"https:\/\/kem-europe.eu\/wp-content\/uploads\/2025\/02\/IMG_6295.jpg","contentUrl":"https:\/\/kem-europe.eu\/wp-content\/uploads\/2025\/02\/IMG_6295.jpg","width":700,"height":700},{"@type":"BreadcrumbList","@id":"https:\/\/kem-europe.eu\/product\/dorly-mx1800-mixer-met-variabel-toerental-1800w-cement-verf-2\/#breadcrumb","itemListElement":[{"@type":"ListItem","position":1,"name":"Home","item":"https:\/\/kem-europe.eu\/"},{"@type":"ListItem","position":2,"name":"Winkel","item":"https:\/\/kem-europe.eu\/winkel\/"},{"@type":"ListItem","position":3,"name":"D\u2019Orly MX1800 Mixer met variabel toerental 1800W \u2013 Cement &#038; Verf"}]},{"@type":"WebSite","@id":"https:\/\/kem-europe.eu\/#website","url":"https:\/\/kem-europe.eu\/","name":"KEM Europe","description":"","publisher":{"@id":"https:\/\/kem-europe.eu\/#organization"},"potentialAction":[{"@type":"SearchAction","target":{"@type":"EntryPoint","urlTemplate":"https:\/\/kem-europe.eu\/?s={search_term_string}"},"query-input":{"@type":"PropertyValueSpecification","valueRequired":true,"valueName":"search_term_string"}}],"inLanguage":"de"},{"@type":"Organization","@id":"https:\/\/kem-europe.eu\/#organization","name":"KEM Europe","url":"https:\/\/kem-europe.eu\/","logo":{"@type":"ImageObject","inLanguage":"de","@id":"https:\/\/kem-europe.eu\/#\/schema\/logo\/image\/","url":"https:\/\/kem-europe.eu\/wp-content\/uploads\/2025\/02\/KEM2019-BLACK-1500W.png","contentUrl":"https:\/\/kem-europe.eu\/wp-content\/uploads\/2025\/02\/KEM2019-BLACK-1500W.png","width":1500,"height":626,"caption":"KEM Europe"},"image":{"@id":"https:\/\/kem-europe.eu\/#\/schema\/logo\/image\/"}}]}},"_links":{"self":[{"href":"https:\/\/kem-europe.eu\/de\/wp-json\/wp\/v2\/product\/2465","targetHints":{"allow":["GET"]}}],"collection":[{"href":"https:\/\/kem-europe.eu\/de\/wp-json\/wp\/v2\/product"}],"about":[{"href":"https:\/\/kem-europe.eu\/de\/wp-json\/wp\/v2\/types\/product"}],"replies":[{"embeddable":true,"href":"https:\/\/kem-europe.eu\/de\/wp-json\/wp\/v2\/comments?post=2465"}],"wp:featuredmedia":[{"embeddable":true,"href":"https:\/\/kem-europe.eu\/de\/wp-json\/wp\/v2\/media\/1520"}],"wp:attachment":[{"href":"https:\/\/kem-europe.eu\/de\/wp-json\/wp\/v2\/media?parent=2465"}],"wp:term":[{"taxonomy":"product_brand","embeddable":true,"href":"https:\/\/kem-europe.eu\/de\/wp-json\/wp\/v2\/product_brand?post=2465"},{"taxonomy":"product_cat","embeddable":true,"href":"https:\/\/kem-europe.eu\/de\/wp-json\/wp\/v2\/product_cat?post=2465"},{"taxonomy":"product_tag","embeddable":true,"href":"https:\/\/kem-europe.eu\/de\/wp-json\/wp\/v2\/product_tag?post=2465"}],"curies":[{"name":"wp","href":"https:\/\/api.w.org\/{rel}","templated":true}]}}