{"id":2469,"date":"2025-02-27T08:36:08","date_gmt":"2025-02-27T08:36:08","guid":{"rendered":"https:\/\/kem-europe.eu\/?post_type=product&#038;p=2469"},"modified":"2025-03-06T07:40:45","modified_gmt":"2025-03-06T07:40:45","slug":"dorly-3030-laser-entfernungsmesser-30m","status":"publish","type":"product","link":"https:\/\/kem-europe.eu\/de\/product\/dorly-3030-laser-afstandsmeter-30m-2\/","title":{"rendered":"D'Orly 3030 Laser-Entfernungsmesser 30M"},"content":{"rendered":"<p><strong>Eigenschaften D'Orly 3030 Laser-Entfernungsmesser 30M<br \/>\n<\/strong><\/p>\n<p>Dieser Laser-Entfernungsmesser von D'Orly ist ein zuverl\u00e4ssiges Ger\u00e4t zur genauen Entfernungsmessung. Das Messger\u00e4t zeichnet sich durch au\u00dfergew\u00f6hnliche Genauigkeit und schnelle Reaktion aus. Ideal f\u00fcr den Einsatz im Freien: integrierte Zieloptik f\u00fcr optimale Sichtbarkeit des Laserpunktes in bis zu 30 m Entfernung. Maximale Messleistung und Pr\u00e4zision auch bei ung\u00fcnstigen Lichtverh\u00e4ltnissen durch gro\u00dfe Glaslinse.<\/p>\n<ul>\n<li>von 5 cm bis 30 Meter<\/li>\n<li>Minimale Skalenanzeige 1mm<\/li>\n<li>Eingebaute Mini-Wasserwaage<\/li>\n<li>Wird mit 2 AAA-Batterien geliefert<\/li>\n<li>Geliefert mit Schutzh\u00fclle<\/li>\n<\/ul>\n<p><em><strong>Merkmale und Funktionen<\/strong><\/em><\/p>\n<ul>\n<li>Gro\u00dfes LCD-Display<\/li>\n<li>Wahl zwischen metrischen und anglo-amerikanischen Ma\u00dfeinheiten<\/li>\n<li>Abstandsmessungen, Fl\u00e4chen- und Volumenmessungen<\/li>\n<li>Kontinuierliche Messung<\/li>\n<li>Pythagoras-Funktion<\/li>\n<li>Automatische \/ Manuelle Abschaltung<\/li>\n<\/ul>\n<p><em>Ein Entfernungsmesser wie der D'Orly 3030 Entfernungsmesser 30M kann verwendet werden f\u00fcr:<\/em><\/p>\n<ul>\n<li>Genaue Messungen w\u00e4hrend der Bauarbeiten<\/li>\n<li>Einfaches Ablesen der Messungen auf Ihrem professionellen Entfernungsmesser<\/li>\n<\/ul>\n<p><strong>Technische Daten<\/strong><\/p>\n<ul>\n<li>Reichweite - 80 Meter<\/li>\n<li>Genauigkeit - 2 mm<\/li>\n<li>Laser-Klasse - 2<\/li>\n<li>Ausgangsleistung - &lt;1mW<\/li>\n<li>Optionen Einheit - mm\/ in\/ ft<\/li>\n<li>Betriebstemperatur - 0\u2103-40\u2103<\/li>\n<li>Batterie - 1,5V 2xAAA<\/li>\n<li>Gewicht - 70 Gramm<\/li>\n<li>Abmessungen - 110 x 38 x 24 mm<\/li>\n<li>Wellenl\u00e4nge - 620-690 Nm<\/li>\n<li>Betriebstemperatur: 0 - 40 \u00b0c (32 - 104\u00b0f)<\/li>\n<li>Ip-Wert - Ip54<\/li>\n<\/ul>\n<p><strong>Umfang der Lieferung<\/strong><\/p>\n<ul>\n<li>D'Orly 3030 Laser-Entfernungsmesser 30M\n<ul>\n<li>2x 1,5V 2xAAA-Batterie<\/li>\n<li>Handseil<\/li>\n<\/ul>\n<\/li>\n<\/ul>","protected":false},"excerpt":{"rendered":"<p><em>Ein Entfernungsmesser wie der D'Orly 3030 kann f\u00fcr genaue Messungen bei Bauarbeiten und zum einfachen Ablesen von Messungen auf Ihrem professionellen Entfernungsmesser verwendet werden.<\/em><\/p>\n<p><strong>Umfang der Lieferung<\/strong><\/p>\n<ul>\n<li>D'Orly 3030 Laser-Entfernungsmesser 30M\n<ul>\n<li>2x 1,5V 2xAAA-Batterie<\/li>\n<li>Handseil<\/li>\n<\/ul>\n<\/li>\n<\/ul>","protected":false},"featured_media":1532,"comment_status":"closed","ping_status":"closed","template":"","meta":[],"product_brand":[625],"product_cat":[123,120],"product_tag":[],"class_list":{"0":"post-2469","1":"product","2":"type-product","3":"status-publish","4":"has-post-thumbnail","6":"product_brand-dorly","7":"product_cat-dorly-machine","8":"product_cat-laser","10":"first","11":"instock","12":"shipping-taxable","13":"product-type-simple"},"ct_brands":[{"id":625,"name":"D'ORLY","slug":"dorly"}],"yoast_head":"<!-- This site is optimized with the Yoast SEO plugin v27.3 - https:\/\/yoast.com\/product\/yoast-seo-wordpress\/ -->\n<title>D\u2019Orly 3030 Laser Afstandsmeter 30M - KEM Europe<\/title>\n<meta name=\"robots\" content=\"index, follow, max-snippet:-1, max-image-preview:large, max-video-preview:-1\" \/>\n<link rel=\"canonical\" href=\"https:\/\/kem-europe.eu\/de\/produkt\/dorly-3030-laser-entfernungsmesser-30m\/\" \/>\n<meta property=\"og:locale\" content=\"de_DE\" \/>\n<meta property=\"og:type\" content=\"article\" \/>\n<meta property=\"og:title\" content=\"D\u2019Orly 3030 Laser Afstandsmeter 30M - KEM Europe\" \/>\n<meta property=\"og:description\" content=\"Een afstandsmeter zoals de D\u2019Orly 3030 kan gebruikt worden voor nauwkeurige metingen tijdens bouwwerkzaamheden en voor het makkelijk aflezen van metingen op jouw professionele afstandsmeter.  Leveringsomvang   D\u2019Orly 3030 Laser Afstandsmeter 30M   2x 1.5V 2xAAA batterij  Handkoord\" \/>\n<meta property=\"og:url\" content=\"https:\/\/kem-europe.eu\/de\/produkt\/dorly-3030-laser-entfernungsmesser-30m\/\" \/>\n<meta property=\"og:site_name\" content=\"KEM Europe\" \/>\n<meta property=\"article:modified_time\" content=\"2025-03-06T07:40:45+00:00\" \/>\n<meta property=\"og:image\" content=\"https:\/\/kem-europe.eu\/wp-content\/uploads\/2025\/02\/dOrly-Afstandsmeter-30M-3.png\" \/>\n\t<meta property=\"og:image:width\" content=\"700\" \/>\n\t<meta property=\"og:image:height\" content=\"700\" \/>\n\t<meta property=\"og:image:type\" content=\"image\/png\" \/>\n<meta name=\"twitter:card\" content=\"summary_large_image\" \/>\n<meta name=\"twitter:label1\" content=\"Gesch\u00e4tzte Lesezeit\" \/>\n\t<meta name=\"twitter:data1\" content=\"1\u00a0Minute\" \/>\n<script type=\"application\/ld+json\" class=\"yoast-schema-graph\">{\"@context\":\"https:\\\/\\\/schema.org\",\"@graph\":[{\"@type\":\"WebPage\",\"@id\":\"https:\\\/\\\/kem-europe.eu\\\/product\\\/dorly-3030-laser-afstandsmeter-30m-2\\\/\",\"url\":\"https:\\\/\\\/kem-europe.eu\\\/product\\\/dorly-3030-laser-afstandsmeter-30m-2\\\/\",\"name\":\"D\u2019Orly 3030 Laser Afstandsmeter 30M - KEM Europe\",\"isPartOf\":{\"@id\":\"https:\\\/\\\/kem-europe.eu\\\/#website\"},\"primaryImageOfPage\":{\"@id\":\"https:\\\/\\\/kem-europe.eu\\\/product\\\/dorly-3030-laser-afstandsmeter-30m-2\\\/#primaryimage\"},\"image\":{\"@id\":\"https:\\\/\\\/kem-europe.eu\\\/product\\\/dorly-3030-laser-afstandsmeter-30m-2\\\/#primaryimage\"},\"thumbnailUrl\":\"https:\\\/\\\/kem-europe.eu\\\/wp-content\\\/uploads\\\/2025\\\/02\\\/dOrly-Afstandsmeter-30M-3.png\",\"datePublished\":\"2025-02-27T08:36:08+00:00\",\"dateModified\":\"2025-03-06T07:40:45+00:00\",\"breadcrumb\":{\"@id\":\"https:\\\/\\\/kem-europe.eu\\\/product\\\/dorly-3030-laser-afstandsmeter-30m-2\\\/#breadcrumb\"},\"inLanguage\":\"de\",\"potentialAction\":[{\"@type\":\"ReadAction\",\"target\":[\"https:\\\/\\\/kem-europe.eu\\\/product\\\/dorly-3030-laser-afstandsmeter-30m-2\\\/\"]}]},{\"@type\":\"ImageObject\",\"inLanguage\":\"de\",\"@id\":\"https:\\\/\\\/kem-europe.eu\\\/product\\\/dorly-3030-laser-afstandsmeter-30m-2\\\/#primaryimage\",\"url\":\"https:\\\/\\\/kem-europe.eu\\\/wp-content\\\/uploads\\\/2025\\\/02\\\/dOrly-Afstandsmeter-30M-3.png\",\"contentUrl\":\"https:\\\/\\\/kem-europe.eu\\\/wp-content\\\/uploads\\\/2025\\\/02\\\/dOrly-Afstandsmeter-30M-3.png\",\"width\":700,\"height\":700},{\"@type\":\"BreadcrumbList\",\"@id\":\"https:\\\/\\\/kem-europe.eu\\\/product\\\/dorly-3030-laser-afstandsmeter-30m-2\\\/#breadcrumb\",\"itemListElement\":[{\"@type\":\"ListItem\",\"position\":1,\"name\":\"Home\",\"item\":\"https:\\\/\\\/kem-europe.eu\\\/\"},{\"@type\":\"ListItem\",\"position\":2,\"name\":\"Winkel\",\"item\":\"https:\\\/\\\/kem-europe.eu\\\/winkel\\\/\"},{\"@type\":\"ListItem\",\"position\":3,\"name\":\"D\u2019Orly 3030 Laser Afstandsmeter 30M\"}]},{\"@type\":\"WebSite\",\"@id\":\"https:\\\/\\\/kem-europe.eu\\\/#website\",\"url\":\"https:\\\/\\\/kem-europe.eu\\\/\",\"name\":\"KEM Europe\",\"description\":\"\",\"publisher\":{\"@id\":\"https:\\\/\\\/kem-europe.eu\\\/#organization\"},\"potentialAction\":[{\"@type\":\"SearchAction\",\"target\":{\"@type\":\"EntryPoint\",\"urlTemplate\":\"https:\\\/\\\/kem-europe.eu\\\/?s={search_term_string}\"},\"query-input\":{\"@type\":\"PropertyValueSpecification\",\"valueRequired\":true,\"valueName\":\"search_term_string\"}}],\"inLanguage\":\"de\"},{\"@type\":\"Organization\",\"@id\":\"https:\\\/\\\/kem-europe.eu\\\/#organization\",\"name\":\"KEM Europe\",\"url\":\"https:\\\/\\\/kem-europe.eu\\\/\",\"logo\":{\"@type\":\"ImageObject\",\"inLanguage\":\"de\",\"@id\":\"https:\\\/\\\/kem-europe.eu\\\/#\\\/schema\\\/logo\\\/image\\\/\",\"url\":\"https:\\\/\\\/kem-europe.eu\\\/wp-content\\\/uploads\\\/2025\\\/02\\\/KEM2019-BLACK-1500W.png\",\"contentUrl\":\"https:\\\/\\\/kem-europe.eu\\\/wp-content\\\/uploads\\\/2025\\\/02\\\/KEM2019-BLACK-1500W.png\",\"width\":1500,\"height\":626,\"caption\":\"KEM Europe\"},\"image\":{\"@id\":\"https:\\\/\\\/kem-europe.eu\\\/#\\\/schema\\\/logo\\\/image\\\/\"}}]}<\/script>\n<!-- \/ Yoast SEO plugin. -->","yoast_head_json":{"title":"D'Orly 3030 Laser-Entfernungsmesser 30M - KEM Europe","robots":{"index":"index","follow":"follow","max-snippet":"max-snippet:-1","max-image-preview":"max-image-preview:large","max-video-preview":"max-video-preview:-1"},"canonical":"https:\/\/kem-europe.eu\/de\/produkt\/dorly-3030-laser-entfernungsmesser-30m\/","og_locale":"de_DE","og_type":"article","og_title":"D\u2019Orly 3030 Laser Afstandsmeter 30M - KEM Europe","og_description":"Een afstandsmeter zoals de D\u2019Orly 3030 kan gebruikt worden voor nauwkeurige metingen tijdens bouwwerkzaamheden en voor het makkelijk aflezen van metingen op jouw professionele afstandsmeter.  Leveringsomvang   D\u2019Orly 3030 Laser Afstandsmeter 30M   2x 1.5V 2xAAA batterij  Handkoord","og_url":"https:\/\/kem-europe.eu\/de\/produkt\/dorly-3030-laser-entfernungsmesser-30m\/","og_site_name":"KEM Europe","article_modified_time":"2025-03-06T07:40:45+00:00","og_image":[{"width":700,"height":700,"url":"https:\/\/kem-europe.eu\/wp-content\/uploads\/2025\/02\/dOrly-Afstandsmeter-30M-3.png","type":"image\/png"}],"twitter_card":"summary_large_image","twitter_misc":{"Gesch\u00e4tzte Lesezeit":"1\u00a0Minute"},"schema":{"@context":"https:\/\/schema.org","@graph":[{"@type":"WebPage","@id":"https:\/\/kem-europe.eu\/product\/dorly-3030-laser-afstandsmeter-30m-2\/","url":"https:\/\/kem-europe.eu\/product\/dorly-3030-laser-afstandsmeter-30m-2\/","name":"D'Orly 3030 Laser-Entfernungsmesser 30M - KEM Europe","isPartOf":{"@id":"https:\/\/kem-europe.eu\/#website"},"primaryImageOfPage":{"@id":"https:\/\/kem-europe.eu\/product\/dorly-3030-laser-afstandsmeter-30m-2\/#primaryimage"},"image":{"@id":"https:\/\/kem-europe.eu\/product\/dorly-3030-laser-afstandsmeter-30m-2\/#primaryimage"},"thumbnailUrl":"https:\/\/kem-europe.eu\/wp-content\/uploads\/2025\/02\/dOrly-Afstandsmeter-30M-3.png","datePublished":"2025-02-27T08:36:08+00:00","dateModified":"2025-03-06T07:40:45+00:00","breadcrumb":{"@id":"https:\/\/kem-europe.eu\/product\/dorly-3030-laser-afstandsmeter-30m-2\/#breadcrumb"},"inLanguage":"de","potentialAction":[{"@type":"ReadAction","target":["https:\/\/kem-europe.eu\/product\/dorly-3030-laser-afstandsmeter-30m-2\/"]}]},{"@type":"ImageObject","inLanguage":"de","@id":"https:\/\/kem-europe.eu\/product\/dorly-3030-laser-afstandsmeter-30m-2\/#primaryimage","url":"https:\/\/kem-europe.eu\/wp-content\/uploads\/2025\/02\/dOrly-Afstandsmeter-30M-3.png","contentUrl":"https:\/\/kem-europe.eu\/wp-content\/uploads\/2025\/02\/dOrly-Afstandsmeter-30M-3.png","width":700,"height":700},{"@type":"BreadcrumbList","@id":"https:\/\/kem-europe.eu\/product\/dorly-3030-laser-afstandsmeter-30m-2\/#breadcrumb","itemListElement":[{"@type":"ListItem","position":1,"name":"Home","item":"https:\/\/kem-europe.eu\/"},{"@type":"ListItem","position":2,"name":"Winkel","item":"https:\/\/kem-europe.eu\/winkel\/"},{"@type":"ListItem","position":3,"name":"D\u2019Orly 3030 Laser Afstandsmeter 30M"}]},{"@type":"WebSite","@id":"https:\/\/kem-europe.eu\/#website","url":"https:\/\/kem-europe.eu\/","name":"KEM Europe","description":"","publisher":{"@id":"https:\/\/kem-europe.eu\/#organization"},"potentialAction":[{"@type":"SearchAction","target":{"@type":"EntryPoint","urlTemplate":"https:\/\/kem-europe.eu\/?s={search_term_string}"},"query-input":{"@type":"PropertyValueSpecification","valueRequired":true,"valueName":"search_term_string"}}],"inLanguage":"de"},{"@type":"Organization","@id":"https:\/\/kem-europe.eu\/#organization","name":"KEM Europe","url":"https:\/\/kem-europe.eu\/","logo":{"@type":"ImageObject","inLanguage":"de","@id":"https:\/\/kem-europe.eu\/#\/schema\/logo\/image\/","url":"https:\/\/kem-europe.eu\/wp-content\/uploads\/2025\/02\/KEM2019-BLACK-1500W.png","contentUrl":"https:\/\/kem-europe.eu\/wp-content\/uploads\/2025\/02\/KEM2019-BLACK-1500W.png","width":1500,"height":626,"caption":"KEM Europe"},"image":{"@id":"https:\/\/kem-europe.eu\/#\/schema\/logo\/image\/"}}]}},"_links":{"self":[{"href":"https:\/\/kem-europe.eu\/de\/wp-json\/wp\/v2\/product\/2469","targetHints":{"allow":["GET"]}}],"collection":[{"href":"https:\/\/kem-europe.eu\/de\/wp-json\/wp\/v2\/product"}],"about":[{"href":"https:\/\/kem-europe.eu\/de\/wp-json\/wp\/v2\/types\/product"}],"replies":[{"embeddable":true,"href":"https:\/\/kem-europe.eu\/de\/wp-json\/wp\/v2\/comments?post=2469"}],"wp:featuredmedia":[{"embeddable":true,"href":"https:\/\/kem-europe.eu\/de\/wp-json\/wp\/v2\/media\/1532"}],"wp:attachment":[{"href":"https:\/\/kem-europe.eu\/de\/wp-json\/wp\/v2\/media?parent=2469"}],"wp:term":[{"taxonomy":"product_brand","embeddable":true,"href":"https:\/\/kem-europe.eu\/de\/wp-json\/wp\/v2\/product_brand?post=2469"},{"taxonomy":"product_cat","embeddable":true,"href":"https:\/\/kem-europe.eu\/de\/wp-json\/wp\/v2\/product_cat?post=2469"},{"taxonomy":"product_tag","embeddable":true,"href":"https:\/\/kem-europe.eu\/de\/wp-json\/wp\/v2\/product_tag?post=2469"}],"curies":[{"name":"wp","href":"https:\/\/api.w.org\/{rel}","templated":true}]}}