{"id":2470,"date":"2025-02-27T08:36:09","date_gmt":"2025-02-27T08:36:09","guid":{"rendered":"https:\/\/kem-europe.eu\/?post_type=product&#038;p=2470"},"modified":"2025-03-06T07:38:38","modified_gmt":"2025-03-06T07:38:38","slug":"dorly-3080-laser-entfernungsmesser-80m","status":"publish","type":"product","link":"https:\/\/kem-europe.eu\/de\/product\/dorly-3080-laser-afstandsmeter-80m-2\/","title":{"rendered":"D'Orly 3080 Laser-Entfernungsmesser 80M"},"content":{"rendered":"<p><strong>Eigenschaften D'Orly 3080 Laser-Entfernungsmesser 80M<br \/>\n<\/strong><\/p>\n<p>Dieser Laser-Entfernungsmesser von D'Orly ist ein zuverl\u00e4ssiges Ger\u00e4t zur genauen Entfernungsmessung. Das Messger\u00e4t zeichnet sich durch au\u00dfergew\u00f6hnliche Genauigkeit, schnelle Reaktion und gro\u00dfe Entfernungsmessung aus. Ideal f\u00fcr den Einsatz im Freien: integrierte Zieloptik f\u00fcr optimale Sichtbarkeit des Laserpunktes in bis zu 80 m Entfernung. Maximale Messleistung und Pr\u00e4zision auch bei ung\u00fcnstigen Lichtverh\u00e4ltnissen durch gro\u00dfe Glaslinse.<\/p>\n<ul>\n<li>von 5 cm bis 80 Meter<\/li>\n<li>Minimale Skalenanzeige 1mm<\/li>\n<li>Maximal gespeicherte Ergebnisse: 30<\/li>\n<li>Laser Typ 635nm &lt;1 mW<\/li>\n<li>Eingebaute Mini-Wasserwaage<\/li>\n<li>Wird mit 2 AAA-Batterien geliefert<\/li>\n<li>Geliefert mit Schutzh\u00fclle<\/li>\n<\/ul>\n<p><em><strong>Merkmale und Funktionen<\/strong><\/em><\/p>\n<ul>\n<li>Messung der Dauer - ja<\/li>\n<li>Messfl\u00e4chen - ja<\/li>\n<li>Volumenmessung - ja<\/li>\n<li>Pythagoras-Funktion - ja<\/li>\n<li>Subtraktions- und Additionsfunktion - ja<\/li>\n<li>Min\/Max-Wert - ja<\/li>\n<li>Speicherfunktion f\u00fcr mehrere Messergebnisse - ja (30)<\/li>\n<li>Automatisch beleuchtetes Display<\/li>\n<li>Schl\u00fcsselger\u00e4usch<\/li>\n<li>Ebene<\/li>\n<\/ul>\n<p><em>Ein Entfernungsmesser wie der D'Orly 3080 Distance Meter 80M kann verwendet werden f\u00fcr:<\/em><\/p>\n<ul>\n<li>Genaue Messungen w\u00e4hrend der Bauarbeiten<\/li>\n<li>Einfaches Ablesen der Messungen auf Ihrem professionellen Entfernungsmesser<\/li>\n<\/ul>\n<p><strong>Technische Daten<\/strong><\/p>\n<ul>\n<li>Reichweite - 80 Meter<\/li>\n<li>Genauigkeit - 2mm<\/li>\n<li>Laser-Klasse - 2<\/li>\n<li>Laser-Typ - 635nm, &lt;1mW<\/li>\n<li>Automatische Laserabschaltung - 20 Sek.<\/li>\n<li>Automatische Abschaltvorrichtung - 150 Sek.<\/li>\n<li>Ausgangsleistung - &lt;1mW<\/li>\n<li>Optionen Einheit - mm\/ in\/ ft<\/li>\n<li>Betriebstemperatur - 0\u2103-40\u2103<\/li>\n<li>Batterie - 1,5V 2xAAA<\/li>\n<li>Gewicht - 110 Gramm<\/li>\n<li>Abmessungen - 112 x 50 x 25 mm<\/li>\n<\/ul>\n<p><strong>Umfang der Lieferung<\/strong><\/p>\n<ul>\n<li>D'Orly 3080 Laser-Entfernungsmesser 80M\n<ul>\n<li>2x 1,5V 2xAAA-Batterie<\/li>\n<li>Abdeckung<\/li>\n<li>Handseil<\/li>\n<\/ul>\n<\/li>\n<\/ul>","protected":false},"excerpt":{"rendered":"<p><strong>Umfang der Lieferung<\/strong><\/p>\n<ul>\n<li>D'Orly 3080 Laser-Entfernungsmesser 80M\n<ul>\n<li>2x 1,5V 2xAAA-Batterie<\/li>\n<li>Abdeckung<\/li>\n<li>Handseil<\/li>\n<\/ul>\n<\/li>\n<\/ul>","protected":false},"featured_media":1543,"comment_status":"closed","ping_status":"closed","template":"","meta":[],"product_brand":[625],"product_cat":[123,120],"product_tag":[],"class_list":{"0":"post-2470","1":"product","2":"type-product","3":"status-publish","4":"has-post-thumbnail","6":"product_brand-dorly","7":"product_cat-dorly-machine","8":"product_cat-laser","10":"first","11":"instock","12":"shipping-taxable","13":"product-type-simple"},"ct_brands":[{"id":625,"name":"D'ORLY","slug":"dorly"}],"yoast_head":"<!-- This site is optimized with the Yoast SEO plugin v27.3 - https:\/\/yoast.com\/product\/yoast-seo-wordpress\/ -->\n<title>D\u2019Orly 3080 Laser Afstandsmeter 80M - KEM Europe<\/title>\n<meta name=\"robots\" content=\"index, follow, max-snippet:-1, max-image-preview:large, max-video-preview:-1\" \/>\n<link rel=\"canonical\" href=\"https:\/\/kem-europe.eu\/de\/produkt\/dorly-3080-laser-entfernungsmesser-80m\/\" \/>\n<meta property=\"og:locale\" content=\"de_DE\" \/>\n<meta property=\"og:type\" content=\"article\" \/>\n<meta property=\"og:title\" content=\"D\u2019Orly 3080 Laser Afstandsmeter 80M - KEM Europe\" \/>\n<meta property=\"og:description\" content=\"Leveringsomvang   D\u2019Orly 3080 Laser Afstandsmeter 80M   2x 1.5V 2xAAA batterij  Hoes  Handkoord\" \/>\n<meta property=\"og:url\" content=\"https:\/\/kem-europe.eu\/de\/produkt\/dorly-3080-laser-entfernungsmesser-80m\/\" \/>\n<meta property=\"og:site_name\" content=\"KEM Europe\" \/>\n<meta property=\"article:modified_time\" content=\"2025-03-06T07:38:38+00:00\" \/>\n<meta property=\"og:image\" content=\"https:\/\/kem-europe.eu\/wp-content\/uploads\/2025\/02\/dOrly-Afstandsmeter-80M-6.png\" \/>\n\t<meta property=\"og:image:width\" content=\"700\" \/>\n\t<meta property=\"og:image:height\" content=\"700\" \/>\n\t<meta property=\"og:image:type\" content=\"image\/png\" \/>\n<meta name=\"twitter:card\" content=\"summary_large_image\" \/>\n<meta name=\"twitter:label1\" content=\"Gesch\u00e4tzte Lesezeit\" \/>\n\t<meta name=\"twitter:data1\" content=\"1\u00a0Minute\" \/>\n<script type=\"application\/ld+json\" class=\"yoast-schema-graph\">{\"@context\":\"https:\\\/\\\/schema.org\",\"@graph\":[{\"@type\":\"WebPage\",\"@id\":\"https:\\\/\\\/kem-europe.eu\\\/product\\\/dorly-3080-laser-afstandsmeter-80m-2\\\/\",\"url\":\"https:\\\/\\\/kem-europe.eu\\\/product\\\/dorly-3080-laser-afstandsmeter-80m-2\\\/\",\"name\":\"D\u2019Orly 3080 Laser Afstandsmeter 80M - KEM Europe\",\"isPartOf\":{\"@id\":\"https:\\\/\\\/kem-europe.eu\\\/#website\"},\"primaryImageOfPage\":{\"@id\":\"https:\\\/\\\/kem-europe.eu\\\/product\\\/dorly-3080-laser-afstandsmeter-80m-2\\\/#primaryimage\"},\"image\":{\"@id\":\"https:\\\/\\\/kem-europe.eu\\\/product\\\/dorly-3080-laser-afstandsmeter-80m-2\\\/#primaryimage\"},\"thumbnailUrl\":\"https:\\\/\\\/kem-europe.eu\\\/wp-content\\\/uploads\\\/2025\\\/02\\\/dOrly-Afstandsmeter-80M-6.png\",\"datePublished\":\"2025-02-27T08:36:09+00:00\",\"dateModified\":\"2025-03-06T07:38:38+00:00\",\"breadcrumb\":{\"@id\":\"https:\\\/\\\/kem-europe.eu\\\/product\\\/dorly-3080-laser-afstandsmeter-80m-2\\\/#breadcrumb\"},\"inLanguage\":\"de\",\"potentialAction\":[{\"@type\":\"ReadAction\",\"target\":[\"https:\\\/\\\/kem-europe.eu\\\/product\\\/dorly-3080-laser-afstandsmeter-80m-2\\\/\"]}]},{\"@type\":\"ImageObject\",\"inLanguage\":\"de\",\"@id\":\"https:\\\/\\\/kem-europe.eu\\\/product\\\/dorly-3080-laser-afstandsmeter-80m-2\\\/#primaryimage\",\"url\":\"https:\\\/\\\/kem-europe.eu\\\/wp-content\\\/uploads\\\/2025\\\/02\\\/dOrly-Afstandsmeter-80M-6.png\",\"contentUrl\":\"https:\\\/\\\/kem-europe.eu\\\/wp-content\\\/uploads\\\/2025\\\/02\\\/dOrly-Afstandsmeter-80M-6.png\",\"width\":700,\"height\":700},{\"@type\":\"BreadcrumbList\",\"@id\":\"https:\\\/\\\/kem-europe.eu\\\/product\\\/dorly-3080-laser-afstandsmeter-80m-2\\\/#breadcrumb\",\"itemListElement\":[{\"@type\":\"ListItem\",\"position\":1,\"name\":\"Home\",\"item\":\"https:\\\/\\\/kem-europe.eu\\\/\"},{\"@type\":\"ListItem\",\"position\":2,\"name\":\"Winkel\",\"item\":\"https:\\\/\\\/kem-europe.eu\\\/winkel\\\/\"},{\"@type\":\"ListItem\",\"position\":3,\"name\":\"D\u2019Orly 3080 Laser Afstandsmeter 80M\"}]},{\"@type\":\"WebSite\",\"@id\":\"https:\\\/\\\/kem-europe.eu\\\/#website\",\"url\":\"https:\\\/\\\/kem-europe.eu\\\/\",\"name\":\"KEM Europe\",\"description\":\"\",\"publisher\":{\"@id\":\"https:\\\/\\\/kem-europe.eu\\\/#organization\"},\"potentialAction\":[{\"@type\":\"SearchAction\",\"target\":{\"@type\":\"EntryPoint\",\"urlTemplate\":\"https:\\\/\\\/kem-europe.eu\\\/?s={search_term_string}\"},\"query-input\":{\"@type\":\"PropertyValueSpecification\",\"valueRequired\":true,\"valueName\":\"search_term_string\"}}],\"inLanguage\":\"de\"},{\"@type\":\"Organization\",\"@id\":\"https:\\\/\\\/kem-europe.eu\\\/#organization\",\"name\":\"KEM Europe\",\"url\":\"https:\\\/\\\/kem-europe.eu\\\/\",\"logo\":{\"@type\":\"ImageObject\",\"inLanguage\":\"de\",\"@id\":\"https:\\\/\\\/kem-europe.eu\\\/#\\\/schema\\\/logo\\\/image\\\/\",\"url\":\"https:\\\/\\\/kem-europe.eu\\\/wp-content\\\/uploads\\\/2025\\\/02\\\/KEM2019-BLACK-1500W.png\",\"contentUrl\":\"https:\\\/\\\/kem-europe.eu\\\/wp-content\\\/uploads\\\/2025\\\/02\\\/KEM2019-BLACK-1500W.png\",\"width\":1500,\"height\":626,\"caption\":\"KEM Europe\"},\"image\":{\"@id\":\"https:\\\/\\\/kem-europe.eu\\\/#\\\/schema\\\/logo\\\/image\\\/\"}}]}<\/script>\n<!-- \/ Yoast SEO plugin. -->","yoast_head_json":{"title":"D'Orly 3080 Laser-Entfernungsmesser 80M - KEM Europe","robots":{"index":"index","follow":"follow","max-snippet":"max-snippet:-1","max-image-preview":"max-image-preview:large","max-video-preview":"max-video-preview:-1"},"canonical":"https:\/\/kem-europe.eu\/de\/produkt\/dorly-3080-laser-entfernungsmesser-80m\/","og_locale":"de_DE","og_type":"article","og_title":"D\u2019Orly 3080 Laser Afstandsmeter 80M - KEM Europe","og_description":"Leveringsomvang   D\u2019Orly 3080 Laser Afstandsmeter 80M   2x 1.5V 2xAAA batterij  Hoes  Handkoord","og_url":"https:\/\/kem-europe.eu\/de\/produkt\/dorly-3080-laser-entfernungsmesser-80m\/","og_site_name":"KEM Europe","article_modified_time":"2025-03-06T07:38:38+00:00","og_image":[{"width":700,"height":700,"url":"https:\/\/kem-europe.eu\/wp-content\/uploads\/2025\/02\/dOrly-Afstandsmeter-80M-6.png","type":"image\/png"}],"twitter_card":"summary_large_image","twitter_misc":{"Gesch\u00e4tzte Lesezeit":"1\u00a0Minute"},"schema":{"@context":"https:\/\/schema.org","@graph":[{"@type":"WebPage","@id":"https:\/\/kem-europe.eu\/product\/dorly-3080-laser-afstandsmeter-80m-2\/","url":"https:\/\/kem-europe.eu\/product\/dorly-3080-laser-afstandsmeter-80m-2\/","name":"D'Orly 3080 Laser-Entfernungsmesser 80M - KEM Europe","isPartOf":{"@id":"https:\/\/kem-europe.eu\/#website"},"primaryImageOfPage":{"@id":"https:\/\/kem-europe.eu\/product\/dorly-3080-laser-afstandsmeter-80m-2\/#primaryimage"},"image":{"@id":"https:\/\/kem-europe.eu\/product\/dorly-3080-laser-afstandsmeter-80m-2\/#primaryimage"},"thumbnailUrl":"https:\/\/kem-europe.eu\/wp-content\/uploads\/2025\/02\/dOrly-Afstandsmeter-80M-6.png","datePublished":"2025-02-27T08:36:09+00:00","dateModified":"2025-03-06T07:38:38+00:00","breadcrumb":{"@id":"https:\/\/kem-europe.eu\/product\/dorly-3080-laser-afstandsmeter-80m-2\/#breadcrumb"},"inLanguage":"de","potentialAction":[{"@type":"ReadAction","target":["https:\/\/kem-europe.eu\/product\/dorly-3080-laser-afstandsmeter-80m-2\/"]}]},{"@type":"ImageObject","inLanguage":"de","@id":"https:\/\/kem-europe.eu\/product\/dorly-3080-laser-afstandsmeter-80m-2\/#primaryimage","url":"https:\/\/kem-europe.eu\/wp-content\/uploads\/2025\/02\/dOrly-Afstandsmeter-80M-6.png","contentUrl":"https:\/\/kem-europe.eu\/wp-content\/uploads\/2025\/02\/dOrly-Afstandsmeter-80M-6.png","width":700,"height":700},{"@type":"BreadcrumbList","@id":"https:\/\/kem-europe.eu\/product\/dorly-3080-laser-afstandsmeter-80m-2\/#breadcrumb","itemListElement":[{"@type":"ListItem","position":1,"name":"Home","item":"https:\/\/kem-europe.eu\/"},{"@type":"ListItem","position":2,"name":"Winkel","item":"https:\/\/kem-europe.eu\/winkel\/"},{"@type":"ListItem","position":3,"name":"D\u2019Orly 3080 Laser Afstandsmeter 80M"}]},{"@type":"WebSite","@id":"https:\/\/kem-europe.eu\/#website","url":"https:\/\/kem-europe.eu\/","name":"KEM Europe","description":"","publisher":{"@id":"https:\/\/kem-europe.eu\/#organization"},"potentialAction":[{"@type":"SearchAction","target":{"@type":"EntryPoint","urlTemplate":"https:\/\/kem-europe.eu\/?s={search_term_string}"},"query-input":{"@type":"PropertyValueSpecification","valueRequired":true,"valueName":"search_term_string"}}],"inLanguage":"de"},{"@type":"Organization","@id":"https:\/\/kem-europe.eu\/#organization","name":"KEM Europe","url":"https:\/\/kem-europe.eu\/","logo":{"@type":"ImageObject","inLanguage":"de","@id":"https:\/\/kem-europe.eu\/#\/schema\/logo\/image\/","url":"https:\/\/kem-europe.eu\/wp-content\/uploads\/2025\/02\/KEM2019-BLACK-1500W.png","contentUrl":"https:\/\/kem-europe.eu\/wp-content\/uploads\/2025\/02\/KEM2019-BLACK-1500W.png","width":1500,"height":626,"caption":"KEM Europe"},"image":{"@id":"https:\/\/kem-europe.eu\/#\/schema\/logo\/image\/"}}]}},"_links":{"self":[{"href":"https:\/\/kem-europe.eu\/de\/wp-json\/wp\/v2\/product\/2470","targetHints":{"allow":["GET"]}}],"collection":[{"href":"https:\/\/kem-europe.eu\/de\/wp-json\/wp\/v2\/product"}],"about":[{"href":"https:\/\/kem-europe.eu\/de\/wp-json\/wp\/v2\/types\/product"}],"replies":[{"embeddable":true,"href":"https:\/\/kem-europe.eu\/de\/wp-json\/wp\/v2\/comments?post=2470"}],"wp:featuredmedia":[{"embeddable":true,"href":"https:\/\/kem-europe.eu\/de\/wp-json\/wp\/v2\/media\/1543"}],"wp:attachment":[{"href":"https:\/\/kem-europe.eu\/de\/wp-json\/wp\/v2\/media?parent=2470"}],"wp:term":[{"taxonomy":"product_brand","embeddable":true,"href":"https:\/\/kem-europe.eu\/de\/wp-json\/wp\/v2\/product_brand?post=2470"},{"taxonomy":"product_cat","embeddable":true,"href":"https:\/\/kem-europe.eu\/de\/wp-json\/wp\/v2\/product_cat?post=2470"},{"taxonomy":"product_tag","embeddable":true,"href":"https:\/\/kem-europe.eu\/de\/wp-json\/wp\/v2\/product_tag?post=2470"}],"curies":[{"name":"wp","href":"https:\/\/api.w.org\/{rel}","templated":true}]}}