{"id":248,"date":"2025-02-27T08:08:34","date_gmt":"2025-02-27T08:08:34","guid":{"rendered":"https:\/\/kem-europe.eu\/?post_type=product&#038;p=248"},"modified":"2025-06-06T06:55:46","modified_gmt":"2025-06-06T06:55:46","slug":"keyang-did1202l-akku-schlagschrauber-10-8v-2ah","status":"publish","type":"product","link":"https:\/\/kem-europe.eu\/de\/product\/keyang-did1202l-accu-slagschroevendraaier-10-8v-2ah\/","title":{"rendered":"Keyang DID1202L Akku-Schlagschrauber - 10,8V - 2Ah"},"content":{"rendered":"<p><strong>Eigenschaften Keyang DID1202L Akku-Schlagschrauber - 10,8V - 2Ah<br \/>\n<\/strong><\/p>\n<ul>\n<li>Leistungsstarker Motor<\/li>\n<li>Leichtes und ergonomisches Design<\/li>\n<li>Lithium-Ionen-Akku<\/li>\n<li>Eingebaute LED-Beleuchtung<\/li>\n<li>Batterieanzeige<\/li>\n<li>Ladeger\u00e4t (60 min)<\/li>\n<\/ul>\n<p><strong>Technische Daten<\/strong><\/p>\n<ul>\n<li>Spannung - 10,8 V<\/li>\n<li>Geschwindigkeit - 0-2400 \/min<\/li>\n<li>Hubfrequenz - 0-3000 \/min<\/li>\n<li>Drehmoment - 100 Nm<\/li>\n<li>Bithalter - 1\/4\u2033 Sechskant (6,35mm)<\/li>\n<li>Gewicht - 0,9 kg<\/li>\n<li>Batteriekapazit\u00e4t - 2 Ah<\/li>\n<\/ul>\n<p><strong>Umfang der Lieferung<\/strong><\/p>\n<ul>\n<li>Keyang DID1202L Akku-Schlagschrauber - 10,8V - 2Ah<\/li>\n<li>2x Akku 10.8V Li-ion 2Ah<\/li>\n<li>1x Ladeger\u00e4t<\/li>\n<li>Geliefert im Koffer<\/li>\n<\/ul>\n<hr \/>\n<p><span style=\"font-size: 25px;\"><strong>\u00dcber Keyang<\/strong><\/span><\/p>\n<div id=\"text-block-dc06be16fea35fffb4c65b6aa8f99557\" class=\"sh-text-block\">\n<p><span style=\"font-size: 16px;\">Das Forschungs- und Entwicklungszentrum von Keyang treibt die Zukunft des Unternehmens voran, indem es innovative Ans\u00e4tze f\u00fcr die Entwicklung neuer Produkte entwickelt. Keyang strebt nach vollst\u00e4ndiger Kundenzufriedenheit und ist der Ansicht, dass die Entwicklung neuer Produkte eine entscheidende Aufgabe ist, um dieses Ziel zu erreichen. Keyang, ein f\u00fchrendes Unternehmen im Bereich Elektrowerkzeuge und Motoren f\u00fcr den Hausgebrauch, gr\u00fcndete sein F&amp;E-Zentrum im Jahr 1989. Die kontinuierlichen Investitionen in Forschung und Entwicklung haben die technologischen F\u00e4higkeiten des Unternehmens verbessert. Diese Konzentration auf die Entwicklung der besten Produkte hat nicht nur unsere bestehenden Produkte verbessert, sondern Keyang auch die Expansion in die Bereiche E-Mobilit\u00e4t, Gesundheit und Freizeit erm\u00f6glicht.<\/span><\/p>\n<p><span style=\"font-size: 16px;\">Die koreanische Marke stellt seit \u00fcber 40 Jahren hochwertige Bau- und Industriemaschinen her. Seit mehr als 15 Jahren produziert sie auch f\u00fcr mehrere A-Marken auf dem europ\u00e4ischen Markt (u.a. HiKoKi &amp; Makita). Keyang \u00fcbertrumpft seine Konkurrenten, indem es hervorragende Qualit\u00e4t zu einem fairen Preis liefert. Ausgehend von seiner Position als Marktf\u00fchrer auf dem koreanischen Markt hat das Unternehmen nun begonnen, sich auch auf den europ\u00e4ischen Markt zu konzentrieren. In relativ kurzer Zeit hat sich die koreanische Marke zu einer vertrauensw\u00fcrdigen Marke auf der Baustelle entwickelt. Das hat nichts mit ausgekl\u00fcgeltem Marketing zu tun, sondern vor allem mit <em>Wahrnehmung.<\/em><\/span><\/p>\n<\/div>","protected":false},"excerpt":{"rendered":"<table>\n<tbody>\n<tr>\n<td class=\"echotable\">Umgekehrte Drehung<\/td>\n<td class=\"echotable\">Hohe Drehzahlen<\/td>\n<\/tr>\n<tr>\n<td class=\"echotable\">Niedrige Drehzahl<\/td>\n<td class=\"echotable\">Geschwindigkeitskontrolle<\/td>\n<\/tr>\n<\/tbody>\n<tbody>\n<tr>\n<td class=\"echotable\">Kunststoffgeh\u00e4use<\/td>\n<\/tr>\n<\/tbody>\n<\/table>\n<p><strong>Umfang der Lieferung<\/strong><\/p>\n<ul>\n<li>Keyang DID1202L Akku-Schlagschrauber - 10,8V - 2Ah<\/li>\n<li>2x Akku 10.8V Li-ion 2Ah<\/li>\n<li>1x Ladeger\u00e4t<\/li>\n<li>Geliefert im Koffer<\/li>\n<\/ul>","protected":false},"featured_media":328,"comment_status":"closed","ping_status":"closed","template":"","meta":[],"product_brand":[624],"product_cat":[54,67],"product_tag":[],"class_list":{"0":"post-248","1":"product","2":"type-product","3":"status-publish","4":"has-post-thumbnail","6":"product_brand-keyang","7":"product_cat-accu-machines","8":"product_cat-accu-slagschroevendraaier","10":"first","11":"instock","12":"product-type-simple"},"ct_brands":[{"id":624,"name":"KEYANG","slug":"keyang"}],"yoast_head":"<!-- This site is optimized with the Yoast SEO plugin v27.3 - https:\/\/yoast.com\/product\/yoast-seo-wordpress\/ -->\n<title>Accu Slagschroevendraaier 10.8V 2Ah Keyang DID1202L l KEMEUROPE<\/title>\n<meta name=\"description\" content=\"Accu Slagschroevendraaier 10.8V 2Ah Keyang DID1202L - Hoge prestatie motor, licht &amp; ergonomisch design, LED\u00a0verlichting en accu indicator.\" \/>\n<meta name=\"robots\" content=\"index, follow, max-snippet:-1, max-image-preview:large, max-video-preview:-1\" \/>\n<link rel=\"canonical\" href=\"https:\/\/kem-europe.eu\/de\/produkt\/keyang-did1202l-akku-schlagschrauber-10-8v-2ah\/\" \/>\n<meta property=\"og:locale\" content=\"de_DE\" \/>\n<meta property=\"og:type\" content=\"article\" \/>\n<meta property=\"og:title\" content=\"Accu Slagschroevendraaier 10.8V 2Ah Keyang DID1202L l KEMEUROPE\" \/>\n<meta property=\"og:description\" content=\"Accu Slagschroevendraaier 10.8V 2Ah Keyang DID1202L - Hoge prestatie motor, licht &amp; ergonomisch design, LED\u00a0verlichting en accu indicator.\" \/>\n<meta property=\"og:url\" content=\"https:\/\/kem-europe.eu\/de\/produkt\/keyang-did1202l-akku-schlagschrauber-10-8v-2ah\/\" \/>\n<meta property=\"og:site_name\" content=\"KEM Europe\" \/>\n<meta property=\"article:modified_time\" content=\"2025-06-06T06:55:46+00:00\" \/>\n<meta property=\"og:image\" content=\"https:\/\/kem-europe.eu\/wp-content\/uploads\/2025\/02\/DID1202L_01_72DPI_TR.png\" \/>\n\t<meta property=\"og:image:width\" content=\"700\" \/>\n\t<meta property=\"og:image:height\" content=\"700\" \/>\n\t<meta property=\"og:image:type\" content=\"image\/png\" \/>\n<meta name=\"twitter:card\" content=\"summary_large_image\" \/>\n<meta name=\"twitter:label1\" content=\"Gesch\u00e4tzte Lesezeit\" \/>\n\t<meta name=\"twitter:data1\" content=\"2\u00a0Minuten\" \/>\n<script type=\"application\/ld+json\" class=\"yoast-schema-graph\">{\"@context\":\"https:\\\/\\\/schema.org\",\"@graph\":[{\"@type\":\"WebPage\",\"@id\":\"https:\\\/\\\/kem-europe.eu\\\/product\\\/keyang-did1202l-accu-slagschroevendraaier-10-8v-2ah\\\/\",\"url\":\"https:\\\/\\\/kem-europe.eu\\\/product\\\/keyang-did1202l-accu-slagschroevendraaier-10-8v-2ah\\\/\",\"name\":\"Accu Slagschroevendraaier 10.8V 2Ah Keyang DID1202L l KEMEUROPE\",\"isPartOf\":{\"@id\":\"https:\\\/\\\/kem-europe.eu\\\/#website\"},\"primaryImageOfPage\":{\"@id\":\"https:\\\/\\\/kem-europe.eu\\\/product\\\/keyang-did1202l-accu-slagschroevendraaier-10-8v-2ah\\\/#primaryimage\"},\"image\":{\"@id\":\"https:\\\/\\\/kem-europe.eu\\\/product\\\/keyang-did1202l-accu-slagschroevendraaier-10-8v-2ah\\\/#primaryimage\"},\"thumbnailUrl\":\"https:\\\/\\\/kem-europe.eu\\\/wp-content\\\/uploads\\\/2025\\\/02\\\/DID1202L_01_72DPI_TR.png\",\"datePublished\":\"2025-02-27T08:08:34+00:00\",\"dateModified\":\"2025-06-06T06:55:46+00:00\",\"description\":\"Accu Slagschroevendraaier 10.8V 2Ah Keyang DID1202L - Hoge prestatie motor, licht & ergonomisch design, LED\u00a0verlichting en accu indicator.\",\"breadcrumb\":{\"@id\":\"https:\\\/\\\/kem-europe.eu\\\/product\\\/keyang-did1202l-accu-slagschroevendraaier-10-8v-2ah\\\/#breadcrumb\"},\"inLanguage\":\"de\",\"potentialAction\":[{\"@type\":\"ReadAction\",\"target\":[\"https:\\\/\\\/kem-europe.eu\\\/product\\\/keyang-did1202l-accu-slagschroevendraaier-10-8v-2ah\\\/\"]}]},{\"@type\":\"ImageObject\",\"inLanguage\":\"de\",\"@id\":\"https:\\\/\\\/kem-europe.eu\\\/product\\\/keyang-did1202l-accu-slagschroevendraaier-10-8v-2ah\\\/#primaryimage\",\"url\":\"https:\\\/\\\/kem-europe.eu\\\/wp-content\\\/uploads\\\/2025\\\/02\\\/DID1202L_01_72DPI_TR.png\",\"contentUrl\":\"https:\\\/\\\/kem-europe.eu\\\/wp-content\\\/uploads\\\/2025\\\/02\\\/DID1202L_01_72DPI_TR.png\",\"width\":700,\"height\":700},{\"@type\":\"BreadcrumbList\",\"@id\":\"https:\\\/\\\/kem-europe.eu\\\/product\\\/keyang-did1202l-accu-slagschroevendraaier-10-8v-2ah\\\/#breadcrumb\",\"itemListElement\":[{\"@type\":\"ListItem\",\"position\":1,\"name\":\"Home\",\"item\":\"https:\\\/\\\/kem-europe.eu\\\/\"},{\"@type\":\"ListItem\",\"position\":2,\"name\":\"Winkel\",\"item\":\"https:\\\/\\\/kem-europe.eu\\\/winkel\\\/\"},{\"@type\":\"ListItem\",\"position\":3,\"name\":\"Keyang DID1202L Accu slagschroevendraaier &#8211; 10.8V &#8211; 2Ah\"}]},{\"@type\":\"WebSite\",\"@id\":\"https:\\\/\\\/kem-europe.eu\\\/#website\",\"url\":\"https:\\\/\\\/kem-europe.eu\\\/\",\"name\":\"KEM Europe\",\"description\":\"\",\"publisher\":{\"@id\":\"https:\\\/\\\/kem-europe.eu\\\/#organization\"},\"potentialAction\":[{\"@type\":\"SearchAction\",\"target\":{\"@type\":\"EntryPoint\",\"urlTemplate\":\"https:\\\/\\\/kem-europe.eu\\\/?s={search_term_string}\"},\"query-input\":{\"@type\":\"PropertyValueSpecification\",\"valueRequired\":true,\"valueName\":\"search_term_string\"}}],\"inLanguage\":\"de\"},{\"@type\":\"Organization\",\"@id\":\"https:\\\/\\\/kem-europe.eu\\\/#organization\",\"name\":\"KEM Europe\",\"url\":\"https:\\\/\\\/kem-europe.eu\\\/\",\"logo\":{\"@type\":\"ImageObject\",\"inLanguage\":\"de\",\"@id\":\"https:\\\/\\\/kem-europe.eu\\\/#\\\/schema\\\/logo\\\/image\\\/\",\"url\":\"https:\\\/\\\/kem-europe.eu\\\/wp-content\\\/uploads\\\/2025\\\/02\\\/KEM2019-BLACK-1500W.png\",\"contentUrl\":\"https:\\\/\\\/kem-europe.eu\\\/wp-content\\\/uploads\\\/2025\\\/02\\\/KEM2019-BLACK-1500W.png\",\"width\":1500,\"height\":626,\"caption\":\"KEM Europe\"},\"image\":{\"@id\":\"https:\\\/\\\/kem-europe.eu\\\/#\\\/schema\\\/logo\\\/image\\\/\"}}]}<\/script>\n<!-- \/ Yoast SEO plugin. -->","yoast_head_json":{"title":"Accu-Schlagschrauber 10.8V 2Ah Keyang DID1202L l KEMEUROPE","description":"Accu-Schlagschrauber 10,8V 2Ah Keyang DID1202L - Hochleistungsmotor, leichtes und ergonomisches Design, LED-Beleuchtung und Batterieanzeige.","robots":{"index":"index","follow":"follow","max-snippet":"max-snippet:-1","max-image-preview":"max-image-preview:large","max-video-preview":"max-video-preview:-1"},"canonical":"https:\/\/kem-europe.eu\/de\/produkt\/keyang-did1202l-akku-schlagschrauber-10-8v-2ah\/","og_locale":"de_DE","og_type":"article","og_title":"Accu Slagschroevendraaier 10.8V 2Ah Keyang DID1202L l KEMEUROPE","og_description":"Accu Slagschroevendraaier 10.8V 2Ah Keyang DID1202L - Hoge prestatie motor, licht & ergonomisch design, LED\u00a0verlichting en accu indicator.","og_url":"https:\/\/kem-europe.eu\/de\/produkt\/keyang-did1202l-akku-schlagschrauber-10-8v-2ah\/","og_site_name":"KEM Europe","article_modified_time":"2025-06-06T06:55:46+00:00","og_image":[{"width":700,"height":700,"url":"https:\/\/kem-europe.eu\/wp-content\/uploads\/2025\/02\/DID1202L_01_72DPI_TR.png","type":"image\/png"}],"twitter_card":"summary_large_image","twitter_misc":{"Gesch\u00e4tzte Lesezeit":"2\u00a0Minuten"},"schema":{"@context":"https:\/\/schema.org","@graph":[{"@type":"WebPage","@id":"https:\/\/kem-europe.eu\/product\/keyang-did1202l-accu-slagschroevendraaier-10-8v-2ah\/","url":"https:\/\/kem-europe.eu\/product\/keyang-did1202l-accu-slagschroevendraaier-10-8v-2ah\/","name":"Accu-Schlagschrauber 10.8V 2Ah Keyang DID1202L l KEMEUROPE","isPartOf":{"@id":"https:\/\/kem-europe.eu\/#website"},"primaryImageOfPage":{"@id":"https:\/\/kem-europe.eu\/product\/keyang-did1202l-accu-slagschroevendraaier-10-8v-2ah\/#primaryimage"},"image":{"@id":"https:\/\/kem-europe.eu\/product\/keyang-did1202l-accu-slagschroevendraaier-10-8v-2ah\/#primaryimage"},"thumbnailUrl":"https:\/\/kem-europe.eu\/wp-content\/uploads\/2025\/02\/DID1202L_01_72DPI_TR.png","datePublished":"2025-02-27T08:08:34+00:00","dateModified":"2025-06-06T06:55:46+00:00","description":"Accu-Schlagschrauber 10,8V 2Ah Keyang DID1202L - Hochleistungsmotor, leichtes und ergonomisches Design, LED-Beleuchtung und Batterieanzeige.","breadcrumb":{"@id":"https:\/\/kem-europe.eu\/product\/keyang-did1202l-accu-slagschroevendraaier-10-8v-2ah\/#breadcrumb"},"inLanguage":"de","potentialAction":[{"@type":"ReadAction","target":["https:\/\/kem-europe.eu\/product\/keyang-did1202l-accu-slagschroevendraaier-10-8v-2ah\/"]}]},{"@type":"ImageObject","inLanguage":"de","@id":"https:\/\/kem-europe.eu\/product\/keyang-did1202l-accu-slagschroevendraaier-10-8v-2ah\/#primaryimage","url":"https:\/\/kem-europe.eu\/wp-content\/uploads\/2025\/02\/DID1202L_01_72DPI_TR.png","contentUrl":"https:\/\/kem-europe.eu\/wp-content\/uploads\/2025\/02\/DID1202L_01_72DPI_TR.png","width":700,"height":700},{"@type":"BreadcrumbList","@id":"https:\/\/kem-europe.eu\/product\/keyang-did1202l-accu-slagschroevendraaier-10-8v-2ah\/#breadcrumb","itemListElement":[{"@type":"ListItem","position":1,"name":"Home","item":"https:\/\/kem-europe.eu\/"},{"@type":"ListItem","position":2,"name":"Winkel","item":"https:\/\/kem-europe.eu\/winkel\/"},{"@type":"ListItem","position":3,"name":"Keyang DID1202L Accu slagschroevendraaier &#8211; 10.8V &#8211; 2Ah"}]},{"@type":"WebSite","@id":"https:\/\/kem-europe.eu\/#website","url":"https:\/\/kem-europe.eu\/","name":"KEM Europe","description":"","publisher":{"@id":"https:\/\/kem-europe.eu\/#organization"},"potentialAction":[{"@type":"SearchAction","target":{"@type":"EntryPoint","urlTemplate":"https:\/\/kem-europe.eu\/?s={search_term_string}"},"query-input":{"@type":"PropertyValueSpecification","valueRequired":true,"valueName":"search_term_string"}}],"inLanguage":"de"},{"@type":"Organization","@id":"https:\/\/kem-europe.eu\/#organization","name":"KEM Europe","url":"https:\/\/kem-europe.eu\/","logo":{"@type":"ImageObject","inLanguage":"de","@id":"https:\/\/kem-europe.eu\/#\/schema\/logo\/image\/","url":"https:\/\/kem-europe.eu\/wp-content\/uploads\/2025\/02\/KEM2019-BLACK-1500W.png","contentUrl":"https:\/\/kem-europe.eu\/wp-content\/uploads\/2025\/02\/KEM2019-BLACK-1500W.png","width":1500,"height":626,"caption":"KEM Europe"},"image":{"@id":"https:\/\/kem-europe.eu\/#\/schema\/logo\/image\/"}}]}},"_links":{"self":[{"href":"https:\/\/kem-europe.eu\/de\/wp-json\/wp\/v2\/product\/248","targetHints":{"allow":["GET"]}}],"collection":[{"href":"https:\/\/kem-europe.eu\/de\/wp-json\/wp\/v2\/product"}],"about":[{"href":"https:\/\/kem-europe.eu\/de\/wp-json\/wp\/v2\/types\/product"}],"replies":[{"embeddable":true,"href":"https:\/\/kem-europe.eu\/de\/wp-json\/wp\/v2\/comments?post=248"}],"wp:featuredmedia":[{"embeddable":true,"href":"https:\/\/kem-europe.eu\/de\/wp-json\/wp\/v2\/media\/328"}],"wp:attachment":[{"href":"https:\/\/kem-europe.eu\/de\/wp-json\/wp\/v2\/media?parent=248"}],"wp:term":[{"taxonomy":"product_brand","embeddable":true,"href":"https:\/\/kem-europe.eu\/de\/wp-json\/wp\/v2\/product_brand?post=248"},{"taxonomy":"product_cat","embeddable":true,"href":"https:\/\/kem-europe.eu\/de\/wp-json\/wp\/v2\/product_cat?post=248"},{"taxonomy":"product_tag","embeddable":true,"href":"https:\/\/kem-europe.eu\/de\/wp-json\/wp\/v2\/product_tag?post=248"}],"curies":[{"name":"wp","href":"https:\/\/api.w.org\/{rel}","templated":true}]}}