{"id":2486,"date":"2025-02-27T08:36:17","date_gmt":"2025-02-27T08:36:17","guid":{"rendered":"https:\/\/kem-europe.eu\/?post_type=product&#038;p=2486"},"modified":"2025-03-06T07:37:32","modified_gmt":"2025-03-06T07:37:32","slug":"dorly-dc-1004tp-kolbenkompressor-100l-400l-min-profi","status":"publish","type":"product","link":"https:\/\/kem-europe.eu\/de\/product\/dorly-dc-1004tp-zuigercompressor-100-l-400-l-min-prof-2\/","title":{"rendered":"D'Orly DC-1004TP Kolbenkompressor -100 L - 400 L\/min - Prof"},"content":{"rendered":"<p><strong>Eigenschaften D'Orly DC-0502 Kolbenkompressor -100 L - 400 L\/min - Prof.<\/strong><\/p>\n<ul>\n<li>Drehstromkompressor ohne Stecker f\u00fcr den professionellen Einsatz<\/li>\n<li>Die gesamte Serie arbeitet ohne Neutralleiter<\/li>\n<li>Gro\u00dfer Druckregler zur stufenlosen Einstellung des gew\u00fcnschten Drucks<\/li>\n<li>Kupfergewickelter Motor mit thermischer Sicherheit<\/li>\n<li>Kompressorkopf aus Gusseisen mit gro\u00dfem Hubraum und niedriger Drehzahl f\u00fcr eine l\u00e4ngere Lebensdauer<\/li>\n<li>Standardm\u00e4\u00dfige Gussscheibe f\u00fcr weniger Schlupf und besseren Halt<\/li>\n<li>Anschluss direkt am Kessel f\u00fcr maximalen Arbeitsdruck<\/li>\n<li>Kessel mit Attest, mit pulverbeschichteter Oberfl\u00e4che<\/li>\n<li>Kompressor auf R\u00e4dern mit ergonomischem Griff f\u00fcr leichten Transport<\/li>\n<\/ul>\n<p><strong>Technische Daten<\/strong><\/p>\n<ul>\n<li>Ansaugleistung - 400 L\/min<\/li>\n<li>Max. Druck - 8 Bar<\/li>\n<li>Leistung - 4 HP<\/li>\n<li>Dreiphasig<\/li>\n<li>Spannung - 400 V<\/li>\n<li>2 Zylinderkopf<\/li>\n<li>Geschwindigkeit - 800 U\/min<\/li>\n<li>Fassungsverm\u00f6gen - 100 L<\/li>\n<li>Gewicht - 73 kg<\/li>\n<li>Ger\u00e4uschpegel - 74 dB<\/li>\n<li>LxBxH - 1200 x 470 x 830 mm<\/li>\n<\/ul>\n<p><strong>Umfang der Lieferung<\/strong><\/p>\n<ul>\n<li>D'Orly DC-1004TP Kolbenkompressor -100 L - 400 L\/min - Prof<\/li>\n<\/ul>","protected":false},"excerpt":{"rendered":"<div class=\"description woocommerce-product-details__short-description\">\n<p>D'Orly-Kolbenkompressoren werden aus den besten Komponenten hergestellt, die Ihnen einen intensiven und sorgenfreien Betrieb erm\u00f6glichen!<\/p>\n<\/div>\n<p>&nbsp;<\/p>\n<p><strong>Umfang der Lieferung<\/strong><\/p>\n<ul>\n<li>D'Orly DC-1004TP Kolbenkompressor -100 L - 400 L\/min - Prof<\/li>\n<\/ul>","protected":false},"featured_media":1594,"comment_status":"closed","ping_status":"closed","template":"","meta":[],"product_brand":[625],"product_cat":[634,123],"product_tag":[],"class_list":{"0":"post-2486","1":"product","2":"type-product","3":"status-publish","4":"has-post-thumbnail","6":"product_brand-dorly","7":"product_cat-compressor","8":"product_cat-dorly-machine","10":"first","11":"instock","12":"shipping-taxable","13":"product-type-simple"},"ct_brands":[{"id":625,"name":"D'ORLY","slug":"dorly"}],"yoast_head":"<!-- This site is optimized with the Yoast SEO plugin v27.3 - https:\/\/yoast.com\/product\/yoast-seo-wordpress\/ -->\n<title>D\u2019Orly DC-1004TP Zuigercompressor -100 L \u2013 400 L\/min \u2013 Prof - KEM Europe<\/title>\n<meta name=\"robots\" content=\"index, follow, max-snippet:-1, max-image-preview:large, max-video-preview:-1\" \/>\n<link rel=\"canonical\" href=\"https:\/\/kem-europe.eu\/de\/produkt\/dorly-dc-1004tp-kolbenkompressor-100l-400l-min-profi\/\" \/>\n<meta property=\"og:locale\" content=\"de_DE\" \/>\n<meta property=\"og:type\" content=\"article\" \/>\n<meta property=\"og:title\" content=\"D\u2019Orly DC-1004TP Zuigercompressor -100 L \u2013 400 L\/min \u2013 Prof - KEM Europe\" \/>\n<meta property=\"og:description\" content=\"D\u2019Orly Zuigercompressors zijn vervaardigd uit de beste componenten, waardoor u intensief &amp; zorgeloos kunt werken!   &nbsp;  Leveringsomvang   D\u2019Orly DC-1004TP Zuigercompressor -100 L \u2013 400 L\/min \u2013 Prof\" \/>\n<meta property=\"og:url\" content=\"https:\/\/kem-europe.eu\/de\/produkt\/dorly-dc-1004tp-kolbenkompressor-100l-400l-min-profi\/\" \/>\n<meta property=\"og:site_name\" content=\"KEM Europe\" \/>\n<meta property=\"article:modified_time\" content=\"2025-03-06T07:37:32+00:00\" \/>\n<meta property=\"og:image\" content=\"https:\/\/kem-europe.eu\/wp-content\/uploads\/2025\/02\/DORLY-DC-1004-700px-1.jpg\" \/>\n\t<meta property=\"og:image:width\" content=\"700\" \/>\n\t<meta property=\"og:image:height\" content=\"700\" \/>\n\t<meta property=\"og:image:type\" content=\"image\/jpeg\" \/>\n<meta name=\"twitter:card\" content=\"summary_large_image\" \/>\n<meta name=\"twitter:label1\" content=\"Gesch\u00e4tzte Lesezeit\" \/>\n\t<meta name=\"twitter:data1\" content=\"1\u00a0Minute\" \/>\n<script type=\"application\/ld+json\" class=\"yoast-schema-graph\">{\"@context\":\"https:\\\/\\\/schema.org\",\"@graph\":[{\"@type\":\"WebPage\",\"@id\":\"https:\\\/\\\/kem-europe.eu\\\/product\\\/dorly-dc-1004tp-zuigercompressor-100-l-400-l-min-prof-2\\\/\",\"url\":\"https:\\\/\\\/kem-europe.eu\\\/product\\\/dorly-dc-1004tp-zuigercompressor-100-l-400-l-min-prof-2\\\/\",\"name\":\"D\u2019Orly DC-1004TP Zuigercompressor -100 L \u2013 400 L\\\/min \u2013 Prof - KEM Europe\",\"isPartOf\":{\"@id\":\"https:\\\/\\\/kem-europe.eu\\\/#website\"},\"primaryImageOfPage\":{\"@id\":\"https:\\\/\\\/kem-europe.eu\\\/product\\\/dorly-dc-1004tp-zuigercompressor-100-l-400-l-min-prof-2\\\/#primaryimage\"},\"image\":{\"@id\":\"https:\\\/\\\/kem-europe.eu\\\/product\\\/dorly-dc-1004tp-zuigercompressor-100-l-400-l-min-prof-2\\\/#primaryimage\"},\"thumbnailUrl\":\"https:\\\/\\\/kem-europe.eu\\\/wp-content\\\/uploads\\\/2025\\\/02\\\/DORLY-DC-1004-700px-1.jpg\",\"datePublished\":\"2025-02-27T08:36:17+00:00\",\"dateModified\":\"2025-03-06T07:37:32+00:00\",\"breadcrumb\":{\"@id\":\"https:\\\/\\\/kem-europe.eu\\\/product\\\/dorly-dc-1004tp-zuigercompressor-100-l-400-l-min-prof-2\\\/#breadcrumb\"},\"inLanguage\":\"de\",\"potentialAction\":[{\"@type\":\"ReadAction\",\"target\":[\"https:\\\/\\\/kem-europe.eu\\\/product\\\/dorly-dc-1004tp-zuigercompressor-100-l-400-l-min-prof-2\\\/\"]}]},{\"@type\":\"ImageObject\",\"inLanguage\":\"de\",\"@id\":\"https:\\\/\\\/kem-europe.eu\\\/product\\\/dorly-dc-1004tp-zuigercompressor-100-l-400-l-min-prof-2\\\/#primaryimage\",\"url\":\"https:\\\/\\\/kem-europe.eu\\\/wp-content\\\/uploads\\\/2025\\\/02\\\/DORLY-DC-1004-700px-1.jpg\",\"contentUrl\":\"https:\\\/\\\/kem-europe.eu\\\/wp-content\\\/uploads\\\/2025\\\/02\\\/DORLY-DC-1004-700px-1.jpg\",\"width\":700,\"height\":700},{\"@type\":\"BreadcrumbList\",\"@id\":\"https:\\\/\\\/kem-europe.eu\\\/product\\\/dorly-dc-1004tp-zuigercompressor-100-l-400-l-min-prof-2\\\/#breadcrumb\",\"itemListElement\":[{\"@type\":\"ListItem\",\"position\":1,\"name\":\"Home\",\"item\":\"https:\\\/\\\/kem-europe.eu\\\/\"},{\"@type\":\"ListItem\",\"position\":2,\"name\":\"Winkel\",\"item\":\"https:\\\/\\\/kem-europe.eu\\\/winkel\\\/\"},{\"@type\":\"ListItem\",\"position\":3,\"name\":\"D\u2019Orly DC-1004TP Zuigercompressor -100 L \u2013 400 L\\\/min \u2013 Prof\"}]},{\"@type\":\"WebSite\",\"@id\":\"https:\\\/\\\/kem-europe.eu\\\/#website\",\"url\":\"https:\\\/\\\/kem-europe.eu\\\/\",\"name\":\"KEM Europe\",\"description\":\"\",\"publisher\":{\"@id\":\"https:\\\/\\\/kem-europe.eu\\\/#organization\"},\"potentialAction\":[{\"@type\":\"SearchAction\",\"target\":{\"@type\":\"EntryPoint\",\"urlTemplate\":\"https:\\\/\\\/kem-europe.eu\\\/?s={search_term_string}\"},\"query-input\":{\"@type\":\"PropertyValueSpecification\",\"valueRequired\":true,\"valueName\":\"search_term_string\"}}],\"inLanguage\":\"de\"},{\"@type\":\"Organization\",\"@id\":\"https:\\\/\\\/kem-europe.eu\\\/#organization\",\"name\":\"KEM Europe\",\"url\":\"https:\\\/\\\/kem-europe.eu\\\/\",\"logo\":{\"@type\":\"ImageObject\",\"inLanguage\":\"de\",\"@id\":\"https:\\\/\\\/kem-europe.eu\\\/#\\\/schema\\\/logo\\\/image\\\/\",\"url\":\"https:\\\/\\\/kem-europe.eu\\\/wp-content\\\/uploads\\\/2025\\\/02\\\/KEM2019-BLACK-1500W.png\",\"contentUrl\":\"https:\\\/\\\/kem-europe.eu\\\/wp-content\\\/uploads\\\/2025\\\/02\\\/KEM2019-BLACK-1500W.png\",\"width\":1500,\"height\":626,\"caption\":\"KEM Europe\"},\"image\":{\"@id\":\"https:\\\/\\\/kem-europe.eu\\\/#\\\/schema\\\/logo\\\/image\\\/\"}}]}<\/script>\n<!-- \/ Yoast SEO plugin. -->","yoast_head_json":{"title":"D'Orly DC-1004TP Kolbenkompressor -100 L - 400 L\/min - Prof - KEM Europe","robots":{"index":"index","follow":"follow","max-snippet":"max-snippet:-1","max-image-preview":"max-image-preview:large","max-video-preview":"max-video-preview:-1"},"canonical":"https:\/\/kem-europe.eu\/de\/produkt\/dorly-dc-1004tp-kolbenkompressor-100l-400l-min-profi\/","og_locale":"de_DE","og_type":"article","og_title":"D\u2019Orly DC-1004TP Zuigercompressor -100 L \u2013 400 L\/min \u2013 Prof - KEM Europe","og_description":"D\u2019Orly Zuigercompressors zijn vervaardigd uit de beste componenten, waardoor u intensief &amp; zorgeloos kunt werken!   &nbsp;  Leveringsomvang   D\u2019Orly DC-1004TP Zuigercompressor -100 L \u2013 400 L\/min \u2013 Prof","og_url":"https:\/\/kem-europe.eu\/de\/produkt\/dorly-dc-1004tp-kolbenkompressor-100l-400l-min-profi\/","og_site_name":"KEM Europe","article_modified_time":"2025-03-06T07:37:32+00:00","og_image":[{"width":700,"height":700,"url":"https:\/\/kem-europe.eu\/wp-content\/uploads\/2025\/02\/DORLY-DC-1004-700px-1.jpg","type":"image\/jpeg"}],"twitter_card":"summary_large_image","twitter_misc":{"Gesch\u00e4tzte Lesezeit":"1\u00a0Minute"},"schema":{"@context":"https:\/\/schema.org","@graph":[{"@type":"WebPage","@id":"https:\/\/kem-europe.eu\/product\/dorly-dc-1004tp-zuigercompressor-100-l-400-l-min-prof-2\/","url":"https:\/\/kem-europe.eu\/product\/dorly-dc-1004tp-zuigercompressor-100-l-400-l-min-prof-2\/","name":"D'Orly DC-1004TP Kolbenkompressor -100 L - 400 L\/min - Prof - KEM Europe","isPartOf":{"@id":"https:\/\/kem-europe.eu\/#website"},"primaryImageOfPage":{"@id":"https:\/\/kem-europe.eu\/product\/dorly-dc-1004tp-zuigercompressor-100-l-400-l-min-prof-2\/#primaryimage"},"image":{"@id":"https:\/\/kem-europe.eu\/product\/dorly-dc-1004tp-zuigercompressor-100-l-400-l-min-prof-2\/#primaryimage"},"thumbnailUrl":"https:\/\/kem-europe.eu\/wp-content\/uploads\/2025\/02\/DORLY-DC-1004-700px-1.jpg","datePublished":"2025-02-27T08:36:17+00:00","dateModified":"2025-03-06T07:37:32+00:00","breadcrumb":{"@id":"https:\/\/kem-europe.eu\/product\/dorly-dc-1004tp-zuigercompressor-100-l-400-l-min-prof-2\/#breadcrumb"},"inLanguage":"de","potentialAction":[{"@type":"ReadAction","target":["https:\/\/kem-europe.eu\/product\/dorly-dc-1004tp-zuigercompressor-100-l-400-l-min-prof-2\/"]}]},{"@type":"ImageObject","inLanguage":"de","@id":"https:\/\/kem-europe.eu\/product\/dorly-dc-1004tp-zuigercompressor-100-l-400-l-min-prof-2\/#primaryimage","url":"https:\/\/kem-europe.eu\/wp-content\/uploads\/2025\/02\/DORLY-DC-1004-700px-1.jpg","contentUrl":"https:\/\/kem-europe.eu\/wp-content\/uploads\/2025\/02\/DORLY-DC-1004-700px-1.jpg","width":700,"height":700},{"@type":"BreadcrumbList","@id":"https:\/\/kem-europe.eu\/product\/dorly-dc-1004tp-zuigercompressor-100-l-400-l-min-prof-2\/#breadcrumb","itemListElement":[{"@type":"ListItem","position":1,"name":"Home","item":"https:\/\/kem-europe.eu\/"},{"@type":"ListItem","position":2,"name":"Winkel","item":"https:\/\/kem-europe.eu\/winkel\/"},{"@type":"ListItem","position":3,"name":"D\u2019Orly DC-1004TP Zuigercompressor -100 L \u2013 400 L\/min \u2013 Prof"}]},{"@type":"WebSite","@id":"https:\/\/kem-europe.eu\/#website","url":"https:\/\/kem-europe.eu\/","name":"KEM Europe","description":"","publisher":{"@id":"https:\/\/kem-europe.eu\/#organization"},"potentialAction":[{"@type":"SearchAction","target":{"@type":"EntryPoint","urlTemplate":"https:\/\/kem-europe.eu\/?s={search_term_string}"},"query-input":{"@type":"PropertyValueSpecification","valueRequired":true,"valueName":"search_term_string"}}],"inLanguage":"de"},{"@type":"Organization","@id":"https:\/\/kem-europe.eu\/#organization","name":"KEM Europe","url":"https:\/\/kem-europe.eu\/","logo":{"@type":"ImageObject","inLanguage":"de","@id":"https:\/\/kem-europe.eu\/#\/schema\/logo\/image\/","url":"https:\/\/kem-europe.eu\/wp-content\/uploads\/2025\/02\/KEM2019-BLACK-1500W.png","contentUrl":"https:\/\/kem-europe.eu\/wp-content\/uploads\/2025\/02\/KEM2019-BLACK-1500W.png","width":1500,"height":626,"caption":"KEM Europe"},"image":{"@id":"https:\/\/kem-europe.eu\/#\/schema\/logo\/image\/"}}]}},"_links":{"self":[{"href":"https:\/\/kem-europe.eu\/de\/wp-json\/wp\/v2\/product\/2486","targetHints":{"allow":["GET"]}}],"collection":[{"href":"https:\/\/kem-europe.eu\/de\/wp-json\/wp\/v2\/product"}],"about":[{"href":"https:\/\/kem-europe.eu\/de\/wp-json\/wp\/v2\/types\/product"}],"replies":[{"embeddable":true,"href":"https:\/\/kem-europe.eu\/de\/wp-json\/wp\/v2\/comments?post=2486"}],"wp:featuredmedia":[{"embeddable":true,"href":"https:\/\/kem-europe.eu\/de\/wp-json\/wp\/v2\/media\/1594"}],"wp:attachment":[{"href":"https:\/\/kem-europe.eu\/de\/wp-json\/wp\/v2\/media?parent=2486"}],"wp:term":[{"taxonomy":"product_brand","embeddable":true,"href":"https:\/\/kem-europe.eu\/de\/wp-json\/wp\/v2\/product_brand?post=2486"},{"taxonomy":"product_cat","embeddable":true,"href":"https:\/\/kem-europe.eu\/de\/wp-json\/wp\/v2\/product_cat?post=2486"},{"taxonomy":"product_tag","embeddable":true,"href":"https:\/\/kem-europe.eu\/de\/wp-json\/wp\/v2\/product_tag?post=2486"}],"curies":[{"name":"wp","href":"https:\/\/api.w.org\/{rel}","templated":true}]}}