{"id":2487,"date":"2025-02-27T08:36:17","date_gmt":"2025-02-27T08:36:17","guid":{"rendered":"https:\/\/kem-europe.eu\/?post_type=product&#038;p=2487"},"modified":"2025-07-02T10:59:22","modified_gmt":"2025-07-02T10:59:22","slug":"dorly-rh-serie-pcn70-pneumatischer-coilnagler-45-70mm","status":"publish","type":"product","link":"https:\/\/kem-europe.eu\/de\/product\/dorly-rh-serie-pcn70-pneumatische-trommelspijker-tacker-45-70-mm-2\/","title":{"rendered":"D'Orly RH-Series PCN70 Druckluft-Trommelnagler - 45-70 mm"},"content":{"rendered":"<h2><strong>Merkmale D'Orly RH-Serie<\/strong><strong>\u00a0PCN70 Trommelnagler - 45-70 mm<\/strong><\/h2>\n<p>Der D'Orly RH-Series PCN70 verf\u00fcgt \u00fcber ein leichtes Kunststoffmagazin, das eine optimale Nutzung gew\u00e4hrleistet. Unter anderem dank seines Designs und seiner Eigenschaften ist es ein sehr ausgewogenes Produkt. So kann das Produkt f\u00fcr die Herstellung und Reparatur von Paletten, Kisten, Z\u00e4unen und anderen allgemeinen Bauanwendungen verwendet werden. Dieser starke Drucklufttacker ist f\u00fcr N\u00e4gel von 45 bis 70 mm ausgelegt, so dass Sie direkt mit der Arbeit beginnen k\u00f6nnen! Seine extra schwere Konstruktion aus Aluminiumguss erm\u00f6glicht es Ihnen, das Beste aus Ihrer Maschine herauszuholen. Dar\u00fcber hinaus hat der PCN70 eine gro\u00dfe Tragf\u00e4higkeit von 225 bis 300 N\u00e4geln. Dank des stabilen und schweren Aluminium-Druckguss-Geh\u00e4uses ist die Qualit\u00e4t sehr gut. Andererseits verf\u00fcgt die Maschine \u00fcber eine No-Mar-Spitze, die f\u00fcr weniger Abrutschen sorgt. Dadurch wird die Oberfl\u00e4che gut gesch\u00fctzt.<\/p>\n<ul>\n<li>Leichte Konstruktion<\/li>\n<li>Anwendbar f\u00fcr verschiedene Situationen<\/li>\n<li>Konzipiert f\u00fcr N\u00e4gel von 45 bis 70 mm<\/li>\n<li>Hat eine gro\u00dfe Tragf\u00e4higkeit<\/li>\n<li>Ergonomisch und gut ausbalanciert<\/li>\n<li>Gummierter Griff f\u00fcr zus\u00e4tzlichen Halt<\/li>\n<li>Kraftvolle, schnelle Nagelleistung<\/li>\n<\/ul>\n<h3><strong>Technische Daten<\/strong><\/h3>\n<ul>\n<li>Abmessungen - 315 x 128 x 306 mm<\/li>\n<li>Ladekapazit\u00e4t - 225 bis 300 St\u00fcck<\/li>\n<li>Spulenwinkel - 15\u00ba<\/li>\n<li>L\u00e4nge des Befestigungselements - 45 bis 70 mm<\/li>\n<li>Gewicht - 3,67 kg<\/li>\n<li>Schaftdurchmesser - 2,3 bis 2,9 mm<\/li>\n<li>Erforderlicher Druck - 6 bis 8 bar<\/li>\n<\/ul>\n<h3><strong>Umfang der Lieferung<\/strong><\/h3>\n<ul>\n<li>D'Orly RH-Series PCN70 Trommelnagler - 70 mm\n<ul>\n<li>Inklusive Inbusschl\u00fcssel<\/li>\n<li>Inkl. \u00d6l<\/li>\n<\/ul>\n<\/li>\n<\/ul>\n<hr \/>\n<p><strong>Alles \u00fcber D'Orly-Befestigungselemente der RH-Serie<\/strong><\/p>\n<p>Im Bereich der Verbindungselemente entwickelt sich die D'Orly RH-Serie rasant weiter. Die Tacker der RH-Serie von D'Orly sind leistungsstarke Maschinen, die in vielen Branchen eingesetzt werden. Die einfache Bedienung des D'Orly RH-Series Tackers und der leistungsstarke Betrieb der Maschine machen es leicht und einfach, Materialien miteinander zu verbinden. Die vielen Funktionen eines D'Orly RH-Series Tackers sparen eine Menge Zeit, wenn Materialien geheftet werden m\u00fcssen. D'Orly RH-Series Fasteners strahlen Einfachheit aus und sind die richtige L\u00f6sung f\u00fcr jede Anwendung.<\/p>\n<p><strong>Wof\u00fcr sind die Tacker der D'Orly RH-Serie unter anderem besonders geeignet?<\/strong><\/p>\n<p>Die Tacker der Marke D'Orly RH-Series eignen sich aufgrund ihrer extremen Festigkeit unter anderem sehr gut f\u00fcr Wand-, Decken- und Dachverkleidungen, Unterb\u00f6den auf Holz, Latten, Holzz\u00e4une, Gipskartonplatten und allgemeine Bauarbeiten. Die Tacker arbeiten mit Luftdruck und der Luftdruck, der die Schraube, den Nagel, die Klammer oder den Nagel herausschie\u00dft, verbindet die Materialien miteinander. Jeder Tacker hat seine eigenen spezifischen, leistungsstarken Eigenschaften, die es Ihnen erm\u00f6glichen, das richtige Material einfach zu handhaben. Die Tacker sind f\u00fcr die dauerhafte Installation in automatisierten Produktionslinien konzipiert und schie\u00dfen nicht nur bis zu 5 N\u00e4gel pro Sekunde, sondern bieten auch eine Reihe von optionalen Funktionen. Neben den Tackern verf\u00fcgt die D'Orly RH-Serie nat\u00fcrlich auch \u00fcber das notwendige Befestigungsmaterial wie Heftklammern, Brads und N\u00e4gel. Aber auch andere Maschinen und Produkte von Tackern, wie Kompressoren und Luftschlauchhaspel(n).<\/p>","protected":false},"excerpt":{"rendered":"<ul>\n<li>Leichte Konstruktion<\/li>\n<li>Anwendbar f\u00fcr verschiedene Situationen<\/li>\n<li>Konzipiert f\u00fcr N\u00e4gel von 45 bis 70 mm<\/li>\n<li>Hat eine gro\u00dfe Tragf\u00e4higkeit<\/li>\n<li>Ergonomisch und gut ausbalanciert<\/li>\n<li>Gummierter Griff f\u00fcr zus\u00e4tzlichen Halt<\/li>\n<li>Kraftvolle, schnelle Nagelleistung<\/li>\n<\/ul>","protected":false},"featured_media":1598,"comment_status":"closed","ping_status":"closed","template":"","meta":[],"product_brand":[625],"product_cat":[271,633],"product_tag":[],"class_list":{"0":"post-2487","1":"product","2":"type-product","3":"status-publish","4":"has-post-thumbnail","6":"product_brand-dorly","7":"product_cat-dorly-rh-machine","8":"product_cat-pneumatische-tacker","10":"first","11":"instock","12":"shipping-taxable","13":"product-type-simple"},"ct_brands":[{"id":625,"name":"D'ORLY","slug":"dorly"}],"yoast_head":"<!-- This site is optimized with the Yoast SEO plugin v27.3 - https:\/\/yoast.com\/product\/yoast-seo-wordpress\/ -->\n<title>D\u2019Orly RH-Serie PCN70 Pneumatische Trommelspijker tacker \u2013 45-70 mm - KEM Europe<\/title>\n<meta name=\"robots\" content=\"index, follow, max-snippet:-1, max-image-preview:large, max-video-preview:-1\" \/>\n<link rel=\"canonical\" href=\"https:\/\/kem-europe.eu\/de\/produkt\/dorly-rh-serie-pcn70-pneumatischer-coilnagler-45-70mm\/\" \/>\n<meta property=\"og:locale\" content=\"de_DE\" \/>\n<meta property=\"og:type\" content=\"article\" \/>\n<meta property=\"og:title\" content=\"D\u2019Orly RH-Serie PCN70 Pneumatische Trommelspijker tacker \u2013 45-70 mm - KEM Europe\" \/>\n<meta property=\"og:description\" content=\"Lichtgewicht ontwerp  Toepasbaar voor verschillende situaties  Ontworpen voor spijkers van 45 tot 70 mm  Beschikt over een groot laadvermogen  Ergonomisch en goed uitgebalanceerd  Rubberen handvat voor extra grip  Krachtige, snelle spijkerprestaties\" \/>\n<meta property=\"og:url\" content=\"https:\/\/kem-europe.eu\/de\/produkt\/dorly-rh-serie-pcn70-pneumatischer-coilnagler-45-70mm\/\" \/>\n<meta property=\"og:site_name\" content=\"KEM Europe\" \/>\n<meta property=\"article:modified_time\" content=\"2025-07-02T10:59:22+00:00\" \/>\n<meta property=\"og:image\" content=\"https:\/\/kem-europe.eu\/wp-content\/uploads\/2025\/02\/PCN70.jpg\" \/>\n\t<meta property=\"og:image:width\" content=\"700\" \/>\n\t<meta property=\"og:image:height\" content=\"700\" \/>\n\t<meta property=\"og:image:type\" content=\"image\/jpeg\" \/>\n<meta name=\"twitter:card\" content=\"summary_large_image\" \/>\n<meta name=\"twitter:label1\" content=\"Gesch\u00e4tzte Lesezeit\" \/>\n\t<meta name=\"twitter:data1\" content=\"3\u00a0Minuten\" \/>\n<script type=\"application\/ld+json\" class=\"yoast-schema-graph\">{\"@context\":\"https:\\\/\\\/schema.org\",\"@graph\":[{\"@type\":\"WebPage\",\"@id\":\"https:\\\/\\\/kem-europe.eu\\\/product\\\/dorly-rh-serie-pcn70-pneumatische-trommelspijker-tacker-45-70-mm-2\\\/\",\"url\":\"https:\\\/\\\/kem-europe.eu\\\/product\\\/dorly-rh-serie-pcn70-pneumatische-trommelspijker-tacker-45-70-mm-2\\\/\",\"name\":\"D\u2019Orly RH-Serie PCN70 Pneumatische Trommelspijker tacker \u2013 45-70 mm - KEM Europe\",\"isPartOf\":{\"@id\":\"https:\\\/\\\/kem-europe.eu\\\/#website\"},\"primaryImageOfPage\":{\"@id\":\"https:\\\/\\\/kem-europe.eu\\\/product\\\/dorly-rh-serie-pcn70-pneumatische-trommelspijker-tacker-45-70-mm-2\\\/#primaryimage\"},\"image\":{\"@id\":\"https:\\\/\\\/kem-europe.eu\\\/product\\\/dorly-rh-serie-pcn70-pneumatische-trommelspijker-tacker-45-70-mm-2\\\/#primaryimage\"},\"thumbnailUrl\":\"https:\\\/\\\/kem-europe.eu\\\/wp-content\\\/uploads\\\/2025\\\/02\\\/PCN70.jpg\",\"datePublished\":\"2025-02-27T08:36:17+00:00\",\"dateModified\":\"2025-07-02T10:59:22+00:00\",\"breadcrumb\":{\"@id\":\"https:\\\/\\\/kem-europe.eu\\\/product\\\/dorly-rh-serie-pcn70-pneumatische-trommelspijker-tacker-45-70-mm-2\\\/#breadcrumb\"},\"inLanguage\":\"de\",\"potentialAction\":[{\"@type\":\"ReadAction\",\"target\":[\"https:\\\/\\\/kem-europe.eu\\\/product\\\/dorly-rh-serie-pcn70-pneumatische-trommelspijker-tacker-45-70-mm-2\\\/\"]}]},{\"@type\":\"ImageObject\",\"inLanguage\":\"de\",\"@id\":\"https:\\\/\\\/kem-europe.eu\\\/product\\\/dorly-rh-serie-pcn70-pneumatische-trommelspijker-tacker-45-70-mm-2\\\/#primaryimage\",\"url\":\"https:\\\/\\\/kem-europe.eu\\\/wp-content\\\/uploads\\\/2025\\\/02\\\/PCN70.jpg\",\"contentUrl\":\"https:\\\/\\\/kem-europe.eu\\\/wp-content\\\/uploads\\\/2025\\\/02\\\/PCN70.jpg\",\"width\":700,\"height\":700},{\"@type\":\"BreadcrumbList\",\"@id\":\"https:\\\/\\\/kem-europe.eu\\\/product\\\/dorly-rh-serie-pcn70-pneumatische-trommelspijker-tacker-45-70-mm-2\\\/#breadcrumb\",\"itemListElement\":[{\"@type\":\"ListItem\",\"position\":1,\"name\":\"Home\",\"item\":\"https:\\\/\\\/kem-europe.eu\\\/\"},{\"@type\":\"ListItem\",\"position\":2,\"name\":\"Winkel\",\"item\":\"https:\\\/\\\/kem-europe.eu\\\/winkel\\\/\"},{\"@type\":\"ListItem\",\"position\":3,\"name\":\"D\u2019Orly RH-Serie PCN70 Pneumatische Trommelspijker tacker \u2013 45-70 mm\"}]},{\"@type\":\"WebSite\",\"@id\":\"https:\\\/\\\/kem-europe.eu\\\/#website\",\"url\":\"https:\\\/\\\/kem-europe.eu\\\/\",\"name\":\"KEM Europe\",\"description\":\"\",\"publisher\":{\"@id\":\"https:\\\/\\\/kem-europe.eu\\\/#organization\"},\"potentialAction\":[{\"@type\":\"SearchAction\",\"target\":{\"@type\":\"EntryPoint\",\"urlTemplate\":\"https:\\\/\\\/kem-europe.eu\\\/?s={search_term_string}\"},\"query-input\":{\"@type\":\"PropertyValueSpecification\",\"valueRequired\":true,\"valueName\":\"search_term_string\"}}],\"inLanguage\":\"de\"},{\"@type\":\"Organization\",\"@id\":\"https:\\\/\\\/kem-europe.eu\\\/#organization\",\"name\":\"KEM Europe\",\"url\":\"https:\\\/\\\/kem-europe.eu\\\/\",\"logo\":{\"@type\":\"ImageObject\",\"inLanguage\":\"de\",\"@id\":\"https:\\\/\\\/kem-europe.eu\\\/#\\\/schema\\\/logo\\\/image\\\/\",\"url\":\"https:\\\/\\\/kem-europe.eu\\\/wp-content\\\/uploads\\\/2025\\\/02\\\/KEM2019-BLACK-1500W.png\",\"contentUrl\":\"https:\\\/\\\/kem-europe.eu\\\/wp-content\\\/uploads\\\/2025\\\/02\\\/KEM2019-BLACK-1500W.png\",\"width\":1500,\"height\":626,\"caption\":\"KEM Europe\"},\"image\":{\"@id\":\"https:\\\/\\\/kem-europe.eu\\\/#\\\/schema\\\/logo\\\/image\\\/\"}}]}<\/script>\n<!-- \/ Yoast SEO plugin. -->","yoast_head_json":{"title":"D'Orly RH-Serie PCN70 Pneumatischer Trommelnagler - 45-70 mm - KEM Europe","robots":{"index":"index","follow":"follow","max-snippet":"max-snippet:-1","max-image-preview":"max-image-preview:large","max-video-preview":"max-video-preview:-1"},"canonical":"https:\/\/kem-europe.eu\/de\/produkt\/dorly-rh-serie-pcn70-pneumatischer-coilnagler-45-70mm\/","og_locale":"de_DE","og_type":"article","og_title":"D\u2019Orly RH-Serie PCN70 Pneumatische Trommelspijker tacker \u2013 45-70 mm - KEM Europe","og_description":"Lichtgewicht ontwerp  Toepasbaar voor verschillende situaties  Ontworpen voor spijkers van 45 tot 70 mm  Beschikt over een groot laadvermogen  Ergonomisch en goed uitgebalanceerd  Rubberen handvat voor extra grip  Krachtige, snelle spijkerprestaties","og_url":"https:\/\/kem-europe.eu\/de\/produkt\/dorly-rh-serie-pcn70-pneumatischer-coilnagler-45-70mm\/","og_site_name":"KEM Europe","article_modified_time":"2025-07-02T10:59:22+00:00","og_image":[{"width":700,"height":700,"url":"https:\/\/kem-europe.eu\/wp-content\/uploads\/2025\/02\/PCN70.jpg","type":"image\/jpeg"}],"twitter_card":"summary_large_image","twitter_misc":{"Gesch\u00e4tzte Lesezeit":"3\u00a0Minuten"},"schema":{"@context":"https:\/\/schema.org","@graph":[{"@type":"WebPage","@id":"https:\/\/kem-europe.eu\/product\/dorly-rh-serie-pcn70-pneumatische-trommelspijker-tacker-45-70-mm-2\/","url":"https:\/\/kem-europe.eu\/product\/dorly-rh-serie-pcn70-pneumatische-trommelspijker-tacker-45-70-mm-2\/","name":"D'Orly RH-Serie PCN70 Pneumatischer Trommelnagler - 45-70 mm - KEM Europe","isPartOf":{"@id":"https:\/\/kem-europe.eu\/#website"},"primaryImageOfPage":{"@id":"https:\/\/kem-europe.eu\/product\/dorly-rh-serie-pcn70-pneumatische-trommelspijker-tacker-45-70-mm-2\/#primaryimage"},"image":{"@id":"https:\/\/kem-europe.eu\/product\/dorly-rh-serie-pcn70-pneumatische-trommelspijker-tacker-45-70-mm-2\/#primaryimage"},"thumbnailUrl":"https:\/\/kem-europe.eu\/wp-content\/uploads\/2025\/02\/PCN70.jpg","datePublished":"2025-02-27T08:36:17+00:00","dateModified":"2025-07-02T10:59:22+00:00","breadcrumb":{"@id":"https:\/\/kem-europe.eu\/product\/dorly-rh-serie-pcn70-pneumatische-trommelspijker-tacker-45-70-mm-2\/#breadcrumb"},"inLanguage":"de","potentialAction":[{"@type":"ReadAction","target":["https:\/\/kem-europe.eu\/product\/dorly-rh-serie-pcn70-pneumatische-trommelspijker-tacker-45-70-mm-2\/"]}]},{"@type":"ImageObject","inLanguage":"de","@id":"https:\/\/kem-europe.eu\/product\/dorly-rh-serie-pcn70-pneumatische-trommelspijker-tacker-45-70-mm-2\/#primaryimage","url":"https:\/\/kem-europe.eu\/wp-content\/uploads\/2025\/02\/PCN70.jpg","contentUrl":"https:\/\/kem-europe.eu\/wp-content\/uploads\/2025\/02\/PCN70.jpg","width":700,"height":700},{"@type":"BreadcrumbList","@id":"https:\/\/kem-europe.eu\/product\/dorly-rh-serie-pcn70-pneumatische-trommelspijker-tacker-45-70-mm-2\/#breadcrumb","itemListElement":[{"@type":"ListItem","position":1,"name":"Home","item":"https:\/\/kem-europe.eu\/"},{"@type":"ListItem","position":2,"name":"Winkel","item":"https:\/\/kem-europe.eu\/winkel\/"},{"@type":"ListItem","position":3,"name":"D\u2019Orly RH-Serie PCN70 Pneumatische Trommelspijker tacker \u2013 45-70 mm"}]},{"@type":"WebSite","@id":"https:\/\/kem-europe.eu\/#website","url":"https:\/\/kem-europe.eu\/","name":"KEM Europe","description":"","publisher":{"@id":"https:\/\/kem-europe.eu\/#organization"},"potentialAction":[{"@type":"SearchAction","target":{"@type":"EntryPoint","urlTemplate":"https:\/\/kem-europe.eu\/?s={search_term_string}"},"query-input":{"@type":"PropertyValueSpecification","valueRequired":true,"valueName":"search_term_string"}}],"inLanguage":"de"},{"@type":"Organization","@id":"https:\/\/kem-europe.eu\/#organization","name":"KEM Europe","url":"https:\/\/kem-europe.eu\/","logo":{"@type":"ImageObject","inLanguage":"de","@id":"https:\/\/kem-europe.eu\/#\/schema\/logo\/image\/","url":"https:\/\/kem-europe.eu\/wp-content\/uploads\/2025\/02\/KEM2019-BLACK-1500W.png","contentUrl":"https:\/\/kem-europe.eu\/wp-content\/uploads\/2025\/02\/KEM2019-BLACK-1500W.png","width":1500,"height":626,"caption":"KEM Europe"},"image":{"@id":"https:\/\/kem-europe.eu\/#\/schema\/logo\/image\/"}}]}},"_links":{"self":[{"href":"https:\/\/kem-europe.eu\/de\/wp-json\/wp\/v2\/product\/2487","targetHints":{"allow":["GET"]}}],"collection":[{"href":"https:\/\/kem-europe.eu\/de\/wp-json\/wp\/v2\/product"}],"about":[{"href":"https:\/\/kem-europe.eu\/de\/wp-json\/wp\/v2\/types\/product"}],"replies":[{"embeddable":true,"href":"https:\/\/kem-europe.eu\/de\/wp-json\/wp\/v2\/comments?post=2487"}],"wp:featuredmedia":[{"embeddable":true,"href":"https:\/\/kem-europe.eu\/de\/wp-json\/wp\/v2\/media\/1598"}],"wp:attachment":[{"href":"https:\/\/kem-europe.eu\/de\/wp-json\/wp\/v2\/media?parent=2487"}],"wp:term":[{"taxonomy":"product_brand","embeddable":true,"href":"https:\/\/kem-europe.eu\/de\/wp-json\/wp\/v2\/product_brand?post=2487"},{"taxonomy":"product_cat","embeddable":true,"href":"https:\/\/kem-europe.eu\/de\/wp-json\/wp\/v2\/product_cat?post=2487"},{"taxonomy":"product_tag","embeddable":true,"href":"https:\/\/kem-europe.eu\/de\/wp-json\/wp\/v2\/product_tag?post=2487"}],"curies":[{"name":"wp","href":"https:\/\/api.w.org\/{rel}","templated":true}]}}