{"id":2489,"date":"2025-02-27T08:36:17","date_gmt":"2025-02-27T08:36:17","guid":{"rendered":"https:\/\/kem-europe.eu\/?post_type=product&#038;p=2489"},"modified":"2025-07-02T10:59:12","modified_gmt":"2025-07-02T10:59:12","slug":"dorly-rh-serie-pin5040rc-18ga-2in1-industrieller-nagel-klammergeraet-50-40mm","status":"publish","type":"product","link":"https:\/\/kem-europe.eu\/de\/product\/dorly-rh-serie-pin5040rc-18ga-2-in-1-industriele-pneumatische-tacker-nietmachine-50-40-mm-2\/","title":{"rendered":"D'Orly RH-Series PIN5040RC 18GA 2-in-1 Industrieller pneumatischer Tacker \/ Hefter - 50 \/ 40 mm"},"content":{"rendered":"<p><strong>Alles \u00fcber D'Orly-Befestigungselemente der RH-Serie<\/strong><\/p>\n<p>Im Bereich der Verbindungselemente entwickelt sich die D'Orly RH-Serie rasant weiter. Die Tacker der RH-Serie von D'Orly sind leistungsstarke Maschinen, die in vielen Branchen eingesetzt werden. Die einfache Bedienung des D'Orly RH-Series Tackers und der leistungsstarke Betrieb der Maschine machen es leicht und einfach, Materialien miteinander zu verbinden. Die vielen Funktionen eines D'Orly RH-Series Tackers sparen eine Menge Zeit, wenn Materialien geheftet werden m\u00fcssen. D'Orly RH-Series Fasteners strahlen Einfachheit aus und sind die richtige L\u00f6sung f\u00fcr jede Anwendung.<\/p>\n<p><strong>Wof\u00fcr sind die Tacker der D'Orly RH-Serie unter anderem besonders geeignet?<\/strong><\/p>\n<p>Die Tacker der Marke D'Orly RH-Series eignen sich aufgrund ihrer extremen Festigkeit unter anderem sehr gut f\u00fcr Wand-, Decken- und Dachverkleidungen, Unterb\u00f6den auf Holz, Latten, Holzz\u00e4une, Gipskartonplatten und allgemeine Bauarbeiten. Die Tacker arbeiten mit Luftdruck und der Luftdruck, der die Schraube, den Nagel, die Klammer oder den Nagel herausschie\u00dft, verbindet die Materialien miteinander. Jeder Tacker hat seine eigenen spezifischen, leistungsstarken Eigenschaften, die es Ihnen erm\u00f6glichen, das richtige Material einfach zu handhaben. Die Tacker sind f\u00fcr die dauerhafte Installation in automatisierten Produktionslinien konzipiert und schie\u00dfen nicht nur bis zu 5 N\u00e4gel pro Sekunde, sondern bieten auch eine Reihe von optionalen Funktionen. Neben den Tackern verf\u00fcgt die D'Orly RH-Serie nat\u00fcrlich auch \u00fcber das notwendige Befestigungsmaterial wie Heftklammern, Brads und N\u00e4gel. Aber auch andere Maschinen und Produkte von Tackern, wie Kompressoren und Luftschlauchhaspel(n).<\/p>\n<p><strong>Eigenschaften D'Orly RH-Series PIN5040RC 2-in-1 pneumatischer Tacker \/ Hefter f\u00fcr die Industrie - 50 \/ 40 mm<\/strong><\/p>\n<p>Der D'Orly RH-Series PIN5040RC verf\u00fcgt \u00fcber ein leichtes Kunststoffmagazin, das eine optimale Nutzung gew\u00e4hrleistet. Auch dank seines Designs und seiner Eigenschaften ist er ein sehr ausgewogenes Produkt. Bei dieser Maschine handelt es sich um ein industrielles 2-in-1-Ger\u00e4t, das aus einem pneumatischen Tacker und einem Hefter besteht. Das pneumatische Kombiger\u00e4t ist f\u00fcr die Verarbeitung von N\u00e4geln von 15 bis 50 mm mit einem Durchmesser von 1,25 mm und Klammern von 16 bis 40 mm geeignet. Durch sein geringes Gewicht ist der PIN5040RC sehr einfach zu bedienen. Die Maschine verf\u00fcgt \u00fcber einen Tiefenregler, der ohne zus\u00e4tzliches Werkzeug eingestellt werden kann und so ein perfektes Finish gew\u00e4hrleistet. Die schmale Nase gew\u00e4hrleistet eine gute Sicht und einen guten Zugang w\u00e4hrend der Arbeit. W\u00e4hrend der Arbeit kann es zu Problemen mit eingeklemmten N\u00e4geln kommen, die durch die schnell zu \u00f6ffnende Nasenplatte leicht zug\u00e4nglich sind. Der 2-in-1-Industrie-Pneumatik-Tacker \/ Hefter verf\u00fcgt \u00fcber einen ergonomischen, isolierten Griff mit Gummigriff. Der Luftauslass ist um 360\u00ba verstellbar. Der Tacker ist nicht mit einer Repetierfunktion ausgestattet. Dies ist eine bewusste Entscheidung bei der Herstellung der Tacker aus Sicherheitsgr\u00fcnden.<\/p>\n<ul>\n<li class=\"ng-binding ng-scope\">Ohne Werkzeug in der Tiefe verstellbar f\u00fcr ein perfektes Finish<\/li>\n<li class=\"ng-binding ng-scope\">Schmale Nase f\u00fcr gute Sicht und guten Zugang<\/li>\n<li class=\"ng-binding ng-scope\">Schnell zu \u00f6ffnende Nasenplatte f\u00fcr einfachen Zugang zu eingeklemmten N\u00e4geln<\/li>\n<li class=\"ng-binding ng-scope\">Ergonomischer, isolierter Griff mit Gummigriff<\/li>\n<li class=\"ng-binding ng-scope\">Luftauslass 360\u00b0 einstellbar<\/li>\n<\/ul>\n<p><strong>Technische Daten<\/strong><\/p>\n<ul>\n<li>\n<div id=\"product-approvals\" class=\"block ng-scope\">Maximaler Druck - 8,3 bar<\/div>\n<\/li>\n<li>Erforderlicher Druck - 4,8 bis 7,5 bar<\/li>\n<li>Gewicht - 1,6 kg<\/li>\n<li>Abmessungen der N\u00e4gel - 15 bis 50 mm<\/li>\n<li>Durchmesser der N\u00e4gel - 1,25 mm<\/li>\n<li>Abmessungen der Heftklammern - 16 bis 40 mm<\/li>\n<\/ul>\n<p><strong>Umfang der Lieferung<\/strong><\/p>\n<ul>\n<li>D'Orly RH-Series PIN5040RC 2-in-1 Industrienagler \/ Hefter - 50 \/ 40 mm\n<ul>\n<li>Inkl. \u00d6l<\/li>\n<li>Inkl. zwei Inbusschl\u00fcssel<\/li>\n<li>Inkl. robustem Koffer<\/li>\n<\/ul>\n<\/li>\n<\/ul>","protected":false},"excerpt":{"rendered":"<ul>\n<li class=\"ng-binding ng-scope\">Ohne Werkzeug in der Tiefe verstellbar f\u00fcr ein perfektes Finish<\/li>\n<li class=\"ng-binding ng-scope\">Schmale Nase f\u00fcr gute Sicht und guten Zugang<\/li>\n<li class=\"ng-binding ng-scope\">Schnell zu \u00f6ffnende Nasenplatte f\u00fcr einfachen Zugang zu eingeklemmten N\u00e4geln<\/li>\n<li class=\"ng-binding ng-scope\">Ergonomischer, isolierter Griff mit Gummigriff<\/li>\n<li class=\"ng-binding ng-scope\">Luftauslass 360\u00b0 einstellbar<\/li>\n<\/ul>","protected":false},"featured_media":1616,"comment_status":"closed","ping_status":"closed","template":"","meta":[],"product_brand":[625],"product_cat":[271,633],"product_tag":[],"class_list":{"0":"post-2489","1":"product","2":"type-product","3":"status-publish","4":"has-post-thumbnail","6":"product_brand-dorly","7":"product_cat-dorly-rh-machine","8":"product_cat-pneumatische-tacker","10":"first","11":"instock","12":"shipping-taxable","13":"product-type-simple"},"ct_brands":[{"id":625,"name":"D'ORLY","slug":"dorly"}],"yoast_head":"<!-- This site is optimized with the Yoast SEO plugin v27.3 - https:\/\/yoast.com\/product\/yoast-seo-wordpress\/ -->\n<title>D\u2019Orly RH-Serie PIN5040RC 18GA 2-in-1 Industri\u00eble Pneumatische Tacker \/ Nietmachine \u2013 50 \/ 40 mm - KEM Europe<\/title>\n<meta name=\"robots\" content=\"index, follow, max-snippet:-1, max-image-preview:large, max-video-preview:-1\" \/>\n<link rel=\"canonical\" href=\"https:\/\/kem-europe.eu\/de\/produkt\/dorly-rh-serie-pin5040rc-18ga-2in1-industrieller-nagel-klammergeraet-50-40mm\/\" \/>\n<meta property=\"og:locale\" content=\"de_DE\" \/>\n<meta property=\"og:type\" content=\"article\" \/>\n<meta property=\"og:title\" content=\"D\u2019Orly RH-Serie PIN5040RC 18GA 2-in-1 Industri\u00eble Pneumatische Tacker \/ Nietmachine \u2013 50 \/ 40 mm - KEM Europe\" \/>\n<meta property=\"og:description\" content=\"Diepte zonder gereedschap instelbaar voor een perfecte afwerking  Smalle neus voor goede zichtbaarheid en toegang  Snel te openen neusplaat voor gemakkelijke toegang tot vastgelopen spijkers  Ergonomische ge\u00efsoleerde hendel met rubberen handvat  Luchtuitlaat 360\u00b0 instelbaar\" \/>\n<meta property=\"og:url\" content=\"https:\/\/kem-europe.eu\/de\/produkt\/dorly-rh-serie-pin5040rc-18ga-2in1-industrieller-nagel-klammergeraet-50-40mm\/\" \/>\n<meta property=\"og:site_name\" content=\"KEM Europe\" \/>\n<meta property=\"article:modified_time\" content=\"2025-07-02T10:59:12+00:00\" \/>\n<meta property=\"og:image\" content=\"https:\/\/kem-europe.eu\/wp-content\/uploads\/2025\/02\/Artboard-2-2.jpg\" \/>\n\t<meta property=\"og:image:width\" content=\"700\" \/>\n\t<meta property=\"og:image:height\" content=\"700\" \/>\n\t<meta property=\"og:image:type\" content=\"image\/jpeg\" \/>\n<meta name=\"twitter:card\" content=\"summary_large_image\" \/>\n<meta name=\"twitter:label1\" content=\"Gesch\u00e4tzte Lesezeit\" \/>\n\t<meta name=\"twitter:data1\" content=\"3\u00a0Minuten\" \/>\n<script type=\"application\/ld+json\" class=\"yoast-schema-graph\">{\"@context\":\"https:\\\/\\\/schema.org\",\"@graph\":[{\"@type\":\"WebPage\",\"@id\":\"https:\\\/\\\/kem-europe.eu\\\/product\\\/dorly-rh-serie-pin5040rc-18ga-2-in-1-industriele-pneumatische-tacker-nietmachine-50-40-mm-2\\\/\",\"url\":\"https:\\\/\\\/kem-europe.eu\\\/product\\\/dorly-rh-serie-pin5040rc-18ga-2-in-1-industriele-pneumatische-tacker-nietmachine-50-40-mm-2\\\/\",\"name\":\"D\u2019Orly RH-Serie PIN5040RC 18GA 2-in-1 Industri\u00eble Pneumatische Tacker \\\/ Nietmachine \u2013 50 \\\/ 40 mm - KEM Europe\",\"isPartOf\":{\"@id\":\"https:\\\/\\\/kem-europe.eu\\\/#website\"},\"primaryImageOfPage\":{\"@id\":\"https:\\\/\\\/kem-europe.eu\\\/product\\\/dorly-rh-serie-pin5040rc-18ga-2-in-1-industriele-pneumatische-tacker-nietmachine-50-40-mm-2\\\/#primaryimage\"},\"image\":{\"@id\":\"https:\\\/\\\/kem-europe.eu\\\/product\\\/dorly-rh-serie-pin5040rc-18ga-2-in-1-industriele-pneumatische-tacker-nietmachine-50-40-mm-2\\\/#primaryimage\"},\"thumbnailUrl\":\"https:\\\/\\\/kem-europe.eu\\\/wp-content\\\/uploads\\\/2025\\\/02\\\/Artboard-2-2.jpg\",\"datePublished\":\"2025-02-27T08:36:17+00:00\",\"dateModified\":\"2025-07-02T10:59:12+00:00\",\"breadcrumb\":{\"@id\":\"https:\\\/\\\/kem-europe.eu\\\/product\\\/dorly-rh-serie-pin5040rc-18ga-2-in-1-industriele-pneumatische-tacker-nietmachine-50-40-mm-2\\\/#breadcrumb\"},\"inLanguage\":\"de\",\"potentialAction\":[{\"@type\":\"ReadAction\",\"target\":[\"https:\\\/\\\/kem-europe.eu\\\/product\\\/dorly-rh-serie-pin5040rc-18ga-2-in-1-industriele-pneumatische-tacker-nietmachine-50-40-mm-2\\\/\"]}]},{\"@type\":\"ImageObject\",\"inLanguage\":\"de\",\"@id\":\"https:\\\/\\\/kem-europe.eu\\\/product\\\/dorly-rh-serie-pin5040rc-18ga-2-in-1-industriele-pneumatische-tacker-nietmachine-50-40-mm-2\\\/#primaryimage\",\"url\":\"https:\\\/\\\/kem-europe.eu\\\/wp-content\\\/uploads\\\/2025\\\/02\\\/Artboard-2-2.jpg\",\"contentUrl\":\"https:\\\/\\\/kem-europe.eu\\\/wp-content\\\/uploads\\\/2025\\\/02\\\/Artboard-2-2.jpg\",\"width\":700,\"height\":700},{\"@type\":\"BreadcrumbList\",\"@id\":\"https:\\\/\\\/kem-europe.eu\\\/product\\\/dorly-rh-serie-pin5040rc-18ga-2-in-1-industriele-pneumatische-tacker-nietmachine-50-40-mm-2\\\/#breadcrumb\",\"itemListElement\":[{\"@type\":\"ListItem\",\"position\":1,\"name\":\"Home\",\"item\":\"https:\\\/\\\/kem-europe.eu\\\/\"},{\"@type\":\"ListItem\",\"position\":2,\"name\":\"Winkel\",\"item\":\"https:\\\/\\\/kem-europe.eu\\\/winkel\\\/\"},{\"@type\":\"ListItem\",\"position\":3,\"name\":\"D\u2019Orly RH-Serie PIN5040RC 18GA 2-in-1 Industri\u00eble Pneumatische Tacker \\\/ Nietmachine \u2013 50 \\\/ 40 mm\"}]},{\"@type\":\"WebSite\",\"@id\":\"https:\\\/\\\/kem-europe.eu\\\/#website\",\"url\":\"https:\\\/\\\/kem-europe.eu\\\/\",\"name\":\"KEM Europe\",\"description\":\"\",\"publisher\":{\"@id\":\"https:\\\/\\\/kem-europe.eu\\\/#organization\"},\"potentialAction\":[{\"@type\":\"SearchAction\",\"target\":{\"@type\":\"EntryPoint\",\"urlTemplate\":\"https:\\\/\\\/kem-europe.eu\\\/?s={search_term_string}\"},\"query-input\":{\"@type\":\"PropertyValueSpecification\",\"valueRequired\":true,\"valueName\":\"search_term_string\"}}],\"inLanguage\":\"de\"},{\"@type\":\"Organization\",\"@id\":\"https:\\\/\\\/kem-europe.eu\\\/#organization\",\"name\":\"KEM Europe\",\"url\":\"https:\\\/\\\/kem-europe.eu\\\/\",\"logo\":{\"@type\":\"ImageObject\",\"inLanguage\":\"de\",\"@id\":\"https:\\\/\\\/kem-europe.eu\\\/#\\\/schema\\\/logo\\\/image\\\/\",\"url\":\"https:\\\/\\\/kem-europe.eu\\\/wp-content\\\/uploads\\\/2025\\\/02\\\/KEM2019-BLACK-1500W.png\",\"contentUrl\":\"https:\\\/\\\/kem-europe.eu\\\/wp-content\\\/uploads\\\/2025\\\/02\\\/KEM2019-BLACK-1500W.png\",\"width\":1500,\"height\":626,\"caption\":\"KEM Europe\"},\"image\":{\"@id\":\"https:\\\/\\\/kem-europe.eu\\\/#\\\/schema\\\/logo\\\/image\\\/\"}}]}<\/script>\n<!-- \/ Yoast SEO plugin. -->","yoast_head_json":{"title":"D'Orly RH-Serie PIN5040RC 18GA 2-in-1 industrieller pneumatischer Tacker \/ Hefter - 50 \/ 40 mm - KEM Europe","robots":{"index":"index","follow":"follow","max-snippet":"max-snippet:-1","max-image-preview":"max-image-preview:large","max-video-preview":"max-video-preview:-1"},"canonical":"https:\/\/kem-europe.eu\/de\/produkt\/dorly-rh-serie-pin5040rc-18ga-2in1-industrieller-nagel-klammergeraet-50-40mm\/","og_locale":"de_DE","og_type":"article","og_title":"D\u2019Orly RH-Serie PIN5040RC 18GA 2-in-1 Industri\u00eble Pneumatische Tacker \/ Nietmachine \u2013 50 \/ 40 mm - KEM Europe","og_description":"Diepte zonder gereedschap instelbaar voor een perfecte afwerking  Smalle neus voor goede zichtbaarheid en toegang  Snel te openen neusplaat voor gemakkelijke toegang tot vastgelopen spijkers  Ergonomische ge\u00efsoleerde hendel met rubberen handvat  Luchtuitlaat 360\u00b0 instelbaar","og_url":"https:\/\/kem-europe.eu\/de\/produkt\/dorly-rh-serie-pin5040rc-18ga-2in1-industrieller-nagel-klammergeraet-50-40mm\/","og_site_name":"KEM Europe","article_modified_time":"2025-07-02T10:59:12+00:00","og_image":[{"width":700,"height":700,"url":"https:\/\/kem-europe.eu\/wp-content\/uploads\/2025\/02\/Artboard-2-2.jpg","type":"image\/jpeg"}],"twitter_card":"summary_large_image","twitter_misc":{"Gesch\u00e4tzte Lesezeit":"3\u00a0Minuten"},"schema":{"@context":"https:\/\/schema.org","@graph":[{"@type":"WebPage","@id":"https:\/\/kem-europe.eu\/product\/dorly-rh-serie-pin5040rc-18ga-2-in-1-industriele-pneumatische-tacker-nietmachine-50-40-mm-2\/","url":"https:\/\/kem-europe.eu\/product\/dorly-rh-serie-pin5040rc-18ga-2-in-1-industriele-pneumatische-tacker-nietmachine-50-40-mm-2\/","name":"D'Orly RH-Serie PIN5040RC 18GA 2-in-1 industrieller pneumatischer Tacker \/ Hefter - 50 \/ 40 mm - KEM Europe","isPartOf":{"@id":"https:\/\/kem-europe.eu\/#website"},"primaryImageOfPage":{"@id":"https:\/\/kem-europe.eu\/product\/dorly-rh-serie-pin5040rc-18ga-2-in-1-industriele-pneumatische-tacker-nietmachine-50-40-mm-2\/#primaryimage"},"image":{"@id":"https:\/\/kem-europe.eu\/product\/dorly-rh-serie-pin5040rc-18ga-2-in-1-industriele-pneumatische-tacker-nietmachine-50-40-mm-2\/#primaryimage"},"thumbnailUrl":"https:\/\/kem-europe.eu\/wp-content\/uploads\/2025\/02\/Artboard-2-2.jpg","datePublished":"2025-02-27T08:36:17+00:00","dateModified":"2025-07-02T10:59:12+00:00","breadcrumb":{"@id":"https:\/\/kem-europe.eu\/product\/dorly-rh-serie-pin5040rc-18ga-2-in-1-industriele-pneumatische-tacker-nietmachine-50-40-mm-2\/#breadcrumb"},"inLanguage":"de","potentialAction":[{"@type":"ReadAction","target":["https:\/\/kem-europe.eu\/product\/dorly-rh-serie-pin5040rc-18ga-2-in-1-industriele-pneumatische-tacker-nietmachine-50-40-mm-2\/"]}]},{"@type":"ImageObject","inLanguage":"de","@id":"https:\/\/kem-europe.eu\/product\/dorly-rh-serie-pin5040rc-18ga-2-in-1-industriele-pneumatische-tacker-nietmachine-50-40-mm-2\/#primaryimage","url":"https:\/\/kem-europe.eu\/wp-content\/uploads\/2025\/02\/Artboard-2-2.jpg","contentUrl":"https:\/\/kem-europe.eu\/wp-content\/uploads\/2025\/02\/Artboard-2-2.jpg","width":700,"height":700},{"@type":"BreadcrumbList","@id":"https:\/\/kem-europe.eu\/product\/dorly-rh-serie-pin5040rc-18ga-2-in-1-industriele-pneumatische-tacker-nietmachine-50-40-mm-2\/#breadcrumb","itemListElement":[{"@type":"ListItem","position":1,"name":"Home","item":"https:\/\/kem-europe.eu\/"},{"@type":"ListItem","position":2,"name":"Winkel","item":"https:\/\/kem-europe.eu\/winkel\/"},{"@type":"ListItem","position":3,"name":"D\u2019Orly RH-Serie PIN5040RC 18GA 2-in-1 Industri\u00eble Pneumatische Tacker \/ Nietmachine \u2013 50 \/ 40 mm"}]},{"@type":"WebSite","@id":"https:\/\/kem-europe.eu\/#website","url":"https:\/\/kem-europe.eu\/","name":"KEM Europe","description":"","publisher":{"@id":"https:\/\/kem-europe.eu\/#organization"},"potentialAction":[{"@type":"SearchAction","target":{"@type":"EntryPoint","urlTemplate":"https:\/\/kem-europe.eu\/?s={search_term_string}"},"query-input":{"@type":"PropertyValueSpecification","valueRequired":true,"valueName":"search_term_string"}}],"inLanguage":"de"},{"@type":"Organization","@id":"https:\/\/kem-europe.eu\/#organization","name":"KEM Europe","url":"https:\/\/kem-europe.eu\/","logo":{"@type":"ImageObject","inLanguage":"de","@id":"https:\/\/kem-europe.eu\/#\/schema\/logo\/image\/","url":"https:\/\/kem-europe.eu\/wp-content\/uploads\/2025\/02\/KEM2019-BLACK-1500W.png","contentUrl":"https:\/\/kem-europe.eu\/wp-content\/uploads\/2025\/02\/KEM2019-BLACK-1500W.png","width":1500,"height":626,"caption":"KEM Europe"},"image":{"@id":"https:\/\/kem-europe.eu\/#\/schema\/logo\/image\/"}}]}},"_links":{"self":[{"href":"https:\/\/kem-europe.eu\/de\/wp-json\/wp\/v2\/product\/2489","targetHints":{"allow":["GET"]}}],"collection":[{"href":"https:\/\/kem-europe.eu\/de\/wp-json\/wp\/v2\/product"}],"about":[{"href":"https:\/\/kem-europe.eu\/de\/wp-json\/wp\/v2\/types\/product"}],"replies":[{"embeddable":true,"href":"https:\/\/kem-europe.eu\/de\/wp-json\/wp\/v2\/comments?post=2489"}],"wp:featuredmedia":[{"embeddable":true,"href":"https:\/\/kem-europe.eu\/de\/wp-json\/wp\/v2\/media\/1616"}],"wp:attachment":[{"href":"https:\/\/kem-europe.eu\/de\/wp-json\/wp\/v2\/media?parent=2489"}],"wp:term":[{"taxonomy":"product_brand","embeddable":true,"href":"https:\/\/kem-europe.eu\/de\/wp-json\/wp\/v2\/product_brand?post=2489"},{"taxonomy":"product_cat","embeddable":true,"href":"https:\/\/kem-europe.eu\/de\/wp-json\/wp\/v2\/product_cat?post=2489"},{"taxonomy":"product_tag","embeddable":true,"href":"https:\/\/kem-europe.eu\/de\/wp-json\/wp\/v2\/product_tag?post=2489"}],"curies":[{"name":"wp","href":"https:\/\/api.w.org\/{rel}","templated":true}]}}