{"id":2490,"date":"2025-02-27T08:36:17","date_gmt":"2025-02-27T08:36:17","guid":{"rendered":"https:\/\/kem-europe.eu\/?post_type=product&#038;p=2490"},"modified":"2025-07-02T10:59:48","modified_gmt":"2025-07-02T10:59:48","slug":"dorly-rh-serie-da64fn-15ga-feinschneider-tacker-32-64mm","status":"publish","type":"product","link":"https:\/\/kem-europe.eu\/de\/product\/dorly-rh-serie-da64fn-pneumatische-15-gauge-afwerktacker-32-64-mm-2\/","title":{"rendered":"D'Orly RH-Serie DA64FN Pneumatischer 15-Gauge-Finisher - 32-64 mm"},"content":{"rendered":"<p><strong>Alles \u00fcber D'Orly-Befestigungselemente der RH-Serie<\/strong><\/p>\n<p>Im Bereich der Verbindungselemente entwickelt sich die D'Orly RH-Serie rasant weiter. Die Tacker der RH-Serie von D'Orly sind leistungsstarke Maschinen, die in vielen Branchen eingesetzt werden. Die einfache Bedienung des D'Orly RH-Series Tackers und der leistungsstarke Betrieb der Maschine machen es leicht und einfach, Materialien miteinander zu verbinden. Die vielen Funktionen eines D'Orly RH-Series Tackers sparen eine Menge Zeit, wenn Materialien geheftet werden m\u00fcssen. D'Orly RH-Series Fasteners strahlen Einfachheit aus und sind die richtige L\u00f6sung f\u00fcr jede Anwendung.<\/p>\n<p><strong>Wof\u00fcr sind die Tacker der D'Orly RH-Serie unter anderem besonders geeignet?<\/strong><\/p>\n<p>Die Tacker der Marke D'Orly RH-Series eignen sich aufgrund ihrer extremen Festigkeit unter anderem sehr gut f\u00fcr Wand-, Decken- und Dachverkleidungen, Unterb\u00f6den auf Holz, Latten, Holzz\u00e4une, Gipskartonplatten und allgemeine Bauarbeiten. Die Tacker arbeiten mit Luftdruck und der Luftdruck, der die Schraube, den Nagel, die Klammer oder den Nagel herausschie\u00dft, verbindet die Materialien miteinander. Jeder Tacker hat seine eigenen spezifischen, leistungsstarken Eigenschaften, die es Ihnen erm\u00f6glichen, das richtige Material einfach zu handhaben. Die Tacker sind f\u00fcr die dauerhafte Installation in automatisierten Produktionslinien konzipiert und schie\u00dfen nicht nur bis zu 5 N\u00e4gel pro Sekunde, sondern bieten auch eine Reihe von optionalen Funktionen. Neben den Tackern verf\u00fcgt die D'Orly RH-Serie nat\u00fcrlich auch \u00fcber das notwendige Befestigungsmaterial wie Heftklammern, Brads und N\u00e4gel. Aber auch andere Maschinen und Produkte von Tackern, wie Kompressoren und Luftschlauchhaspel(n).<\/p>\n<p><strong>Eigenschaften D'Orly RH-Series DA64FN Pneumatische 15-Gauge-Finisher - 32-64 mm<\/strong><\/p>\n<p>Der D'Orly RH-Series FN64 verf\u00fcgt \u00fcber ein leichtes Kunststoffmagazin, das eine optimale Nutzung gew\u00e4hrleistet. Dieses starke pneumatische Heftger\u00e4t ist f\u00fcr N\u00e4gel von 32 bis 64 mm ausgelegt, so dass Sie direkt mit der Arbeit beginnen k\u00f6nnen! Dar\u00fcber hinaus zeichnet sich dieses Modell durch eine Reihe von Merkmalen aus, wie z. B. eine Gummispitze, einen verstellbaren Knopf f\u00fcr sequenzielle oder Kontaktausl\u00f6sung und ein hartbeschichtetes, eloxiertes Magazin mit optischer Nachladeanzeige. Der Abdruck des Schlagbolzens ist bei der Arbeit mit diesem Tacker minimal.<\/p>\n<p>Da die D\u00fcsenspitze aus Gummi besteht, m\u00fcssen Sie nicht bef\u00fcrchten, dass Ihre Maschine schnell besch\u00e4digt wird. Durch den starken und schweren D\u00fcsenk\u00f6rper aus Aluminium wird die Qualit\u00e4t in hohem Ma\u00dfe optimiert. Die multidirektionale Abluft\u00f6ffnung leitet die Luft vom Bediener weg. Dar\u00fcber hinaus verf\u00fcgt diese Maschine \u00fcber einen werkzeuglosen Ausl\u00f6semechanismus, der verhindert, dass die Leitung auf Sicht blockiert. Die Einstellung der Einschlagtiefe kann werkzeuglos vorgenommen werden, was eine pr\u00e4zise Einstellung des Nagelkopfes gew\u00e4hrleistet. Der Tacker ist nicht mit einer Repetierfunktion ausgestattet. Dies ist eine bewusste Entscheidung bei der Herstellung der Tacker aus Sicherheitsgr\u00fcnden.<\/p>\n<ul>\n<li class=\"ng-binding ng-scope\">Leichte Maschine sichert N\u00e4gel von 32 bis 64 mm<\/li>\n<li class=\"ng-binding ng-scope\">Ergonomisch und gut ausbalanciert<\/li>\n<li class=\"ng-binding ng-scope\">Tiefeneinstellung f\u00fcr beste Finishing-Ergebnisse<\/li>\n<li class=\"ng-binding ng-scope\">Gummierter Griff f\u00fcr zus\u00e4tzlichen Halt<\/li>\n<li class=\"entm-row_wrap entm-type_galleryItem\"><span class=\"entm-field_title\">Geh\u00e4use aus hochfestem Aluminium-Druckgu\u00df<\/span><\/li>\n<\/ul>\n<p><strong>Technische Daten<\/strong><\/p>\n<ul>\n<li>Abmessungen - 320 x 330 x 80 mm<\/li>\n<li>Gewicht - 2,09 kg<\/li>\n<li>Erforderlicher Druck - 5,5 - 8 bar<\/li>\n<li>Maximaler Druck - 8,3 bar<\/li>\n<li>Kapazit\u00e4t - 100 St\u00fcck<\/li>\n<li>L\u00e4nge des Befestigungselements - 32 - 64 mm<\/li>\n<\/ul>\n<p><strong>Umfang der Lieferung<\/strong><\/p>\n<ul>\n<li>D'Orly RH-Serie DA64FN Pneumatischer 15-Gauge-Finisher - 64 mm\n<ul>\n<li>Inkl. robustem Koffer<\/li>\n<li>Inkl. \u00d6l<\/li>\n<li>Inkl. 3 Inbusschl\u00fcssel<\/li>\n<\/ul>\n<\/li>\n<\/ul>","protected":false},"excerpt":{"rendered":"<ul>\n<li class=\"ng-binding ng-scope\">Leichte Maschine sichert N\u00e4gel von 32 bis 64 mm<\/li>\n<li class=\"ng-binding ng-scope\">Ergonomisch und gut ausbalanciert<\/li>\n<li class=\"ng-binding ng-scope\">Tiefeneinstellung f\u00fcr beste Finishing-Ergebnisse<\/li>\n<li class=\"ng-binding ng-scope\">Gummierter Griff f\u00fcr zus\u00e4tzlichen Halt<\/li>\n<li class=\"entm-row_wrap entm-type_galleryItem\"><span class=\"entm-field_title\">Geh\u00e4use aus hochfestem Aluminium-Druckgu\u00df<\/span><\/li>\n<\/ul>","protected":false},"featured_media":1625,"comment_status":"closed","ping_status":"closed","template":"","meta":[],"product_brand":[625],"product_cat":[271,633],"product_tag":[],"class_list":{"0":"post-2490","1":"product","2":"type-product","3":"status-publish","4":"has-post-thumbnail","6":"product_brand-dorly","7":"product_cat-dorly-rh-machine","8":"product_cat-pneumatische-tacker","10":"first","11":"instock","12":"shipping-taxable","13":"product-type-simple"},"ct_brands":[{"id":625,"name":"D'ORLY","slug":"dorly"}],"yoast_head":"<!-- This site is optimized with the Yoast SEO plugin v27.3 - https:\/\/yoast.com\/product\/yoast-seo-wordpress\/ -->\n<title>D\u2019Orly RH-Serie DA64FN Pneumatische 15 Gauge Afwerktacker \u2013 32-64 mm - KEM Europe<\/title>\n<meta name=\"robots\" content=\"index, follow, max-snippet:-1, max-image-preview:large, max-video-preview:-1\" \/>\n<link rel=\"canonical\" href=\"https:\/\/kem-europe.eu\/de\/produkt\/dorly-rh-serie-da64fn-15ga-feinschneider-tacker-32-64mm\/\" \/>\n<meta property=\"og:locale\" content=\"de_DE\" \/>\n<meta property=\"og:type\" content=\"article\" \/>\n<meta property=\"og:title\" content=\"D\u2019Orly RH-Serie DA64FN Pneumatische 15 Gauge Afwerktacker \u2013 32-64 mm - KEM Europe\" \/>\n<meta property=\"og:description\" content=\"Lichtgewicht machine bevestigt nagels van 32 tot 64 mm  Ergonomisch en goed uitgebalanceerd  Diepte-instelling voor de beste afwerkingsresultaten  Rubberen handvat voor extra grip  Hoge sterkte aluminium spuitgietlichaam\" \/>\n<meta property=\"og:url\" content=\"https:\/\/kem-europe.eu\/de\/produkt\/dorly-rh-serie-da64fn-15ga-feinschneider-tacker-32-64mm\/\" \/>\n<meta property=\"og:site_name\" content=\"KEM Europe\" \/>\n<meta property=\"article:modified_time\" content=\"2025-07-02T10:59:48+00:00\" \/>\n<meta property=\"og:image\" content=\"https:\/\/kem-europe.eu\/wp-content\/uploads\/2025\/02\/DA64FN.jpg\" \/>\n\t<meta property=\"og:image:width\" content=\"700\" \/>\n\t<meta property=\"og:image:height\" content=\"700\" \/>\n\t<meta property=\"og:image:type\" content=\"image\/jpeg\" \/>\n<meta name=\"twitter:card\" content=\"summary_large_image\" \/>\n<meta name=\"twitter:label1\" content=\"Gesch\u00e4tzte Lesezeit\" \/>\n\t<meta name=\"twitter:data1\" content=\"3\u00a0Minuten\" \/>\n<script type=\"application\/ld+json\" class=\"yoast-schema-graph\">{\"@context\":\"https:\\\/\\\/schema.org\",\"@graph\":[{\"@type\":\"WebPage\",\"@id\":\"https:\\\/\\\/kem-europe.eu\\\/product\\\/dorly-rh-serie-da64fn-pneumatische-15-gauge-afwerktacker-32-64-mm-2\\\/\",\"url\":\"https:\\\/\\\/kem-europe.eu\\\/product\\\/dorly-rh-serie-da64fn-pneumatische-15-gauge-afwerktacker-32-64-mm-2\\\/\",\"name\":\"D\u2019Orly RH-Serie DA64FN Pneumatische 15 Gauge Afwerktacker \u2013 32-64 mm - KEM Europe\",\"isPartOf\":{\"@id\":\"https:\\\/\\\/kem-europe.eu\\\/#website\"},\"primaryImageOfPage\":{\"@id\":\"https:\\\/\\\/kem-europe.eu\\\/product\\\/dorly-rh-serie-da64fn-pneumatische-15-gauge-afwerktacker-32-64-mm-2\\\/#primaryimage\"},\"image\":{\"@id\":\"https:\\\/\\\/kem-europe.eu\\\/product\\\/dorly-rh-serie-da64fn-pneumatische-15-gauge-afwerktacker-32-64-mm-2\\\/#primaryimage\"},\"thumbnailUrl\":\"https:\\\/\\\/kem-europe.eu\\\/wp-content\\\/uploads\\\/2025\\\/02\\\/DA64FN.jpg\",\"datePublished\":\"2025-02-27T08:36:17+00:00\",\"dateModified\":\"2025-07-02T10:59:48+00:00\",\"breadcrumb\":{\"@id\":\"https:\\\/\\\/kem-europe.eu\\\/product\\\/dorly-rh-serie-da64fn-pneumatische-15-gauge-afwerktacker-32-64-mm-2\\\/#breadcrumb\"},\"inLanguage\":\"de\",\"potentialAction\":[{\"@type\":\"ReadAction\",\"target\":[\"https:\\\/\\\/kem-europe.eu\\\/product\\\/dorly-rh-serie-da64fn-pneumatische-15-gauge-afwerktacker-32-64-mm-2\\\/\"]}]},{\"@type\":\"ImageObject\",\"inLanguage\":\"de\",\"@id\":\"https:\\\/\\\/kem-europe.eu\\\/product\\\/dorly-rh-serie-da64fn-pneumatische-15-gauge-afwerktacker-32-64-mm-2\\\/#primaryimage\",\"url\":\"https:\\\/\\\/kem-europe.eu\\\/wp-content\\\/uploads\\\/2025\\\/02\\\/DA64FN.jpg\",\"contentUrl\":\"https:\\\/\\\/kem-europe.eu\\\/wp-content\\\/uploads\\\/2025\\\/02\\\/DA64FN.jpg\",\"width\":700,\"height\":700},{\"@type\":\"BreadcrumbList\",\"@id\":\"https:\\\/\\\/kem-europe.eu\\\/product\\\/dorly-rh-serie-da64fn-pneumatische-15-gauge-afwerktacker-32-64-mm-2\\\/#breadcrumb\",\"itemListElement\":[{\"@type\":\"ListItem\",\"position\":1,\"name\":\"Home\",\"item\":\"https:\\\/\\\/kem-europe.eu\\\/\"},{\"@type\":\"ListItem\",\"position\":2,\"name\":\"Winkel\",\"item\":\"https:\\\/\\\/kem-europe.eu\\\/winkel\\\/\"},{\"@type\":\"ListItem\",\"position\":3,\"name\":\"D\u2019Orly RH-Serie DA64FN Pneumatische 15 Gauge Afwerktacker \u2013 32-64 mm\"}]},{\"@type\":\"WebSite\",\"@id\":\"https:\\\/\\\/kem-europe.eu\\\/#website\",\"url\":\"https:\\\/\\\/kem-europe.eu\\\/\",\"name\":\"KEM Europe\",\"description\":\"\",\"publisher\":{\"@id\":\"https:\\\/\\\/kem-europe.eu\\\/#organization\"},\"potentialAction\":[{\"@type\":\"SearchAction\",\"target\":{\"@type\":\"EntryPoint\",\"urlTemplate\":\"https:\\\/\\\/kem-europe.eu\\\/?s={search_term_string}\"},\"query-input\":{\"@type\":\"PropertyValueSpecification\",\"valueRequired\":true,\"valueName\":\"search_term_string\"}}],\"inLanguage\":\"de\"},{\"@type\":\"Organization\",\"@id\":\"https:\\\/\\\/kem-europe.eu\\\/#organization\",\"name\":\"KEM Europe\",\"url\":\"https:\\\/\\\/kem-europe.eu\\\/\",\"logo\":{\"@type\":\"ImageObject\",\"inLanguage\":\"de\",\"@id\":\"https:\\\/\\\/kem-europe.eu\\\/#\\\/schema\\\/logo\\\/image\\\/\",\"url\":\"https:\\\/\\\/kem-europe.eu\\\/wp-content\\\/uploads\\\/2025\\\/02\\\/KEM2019-BLACK-1500W.png\",\"contentUrl\":\"https:\\\/\\\/kem-europe.eu\\\/wp-content\\\/uploads\\\/2025\\\/02\\\/KEM2019-BLACK-1500W.png\",\"width\":1500,\"height\":626,\"caption\":\"KEM Europe\"},\"image\":{\"@id\":\"https:\\\/\\\/kem-europe.eu\\\/#\\\/schema\\\/logo\\\/image\\\/\"}}]}<\/script>\n<!-- \/ Yoast SEO plugin. -->","yoast_head_json":{"title":"D'Orly RH-Serie DA64FN Pneumatischer 15-Gauge Finisher - 32-64 mm - KEM Europe","robots":{"index":"index","follow":"follow","max-snippet":"max-snippet:-1","max-image-preview":"max-image-preview:large","max-video-preview":"max-video-preview:-1"},"canonical":"https:\/\/kem-europe.eu\/de\/produkt\/dorly-rh-serie-da64fn-15ga-feinschneider-tacker-32-64mm\/","og_locale":"de_DE","og_type":"article","og_title":"D\u2019Orly RH-Serie DA64FN Pneumatische 15 Gauge Afwerktacker \u2013 32-64 mm - KEM Europe","og_description":"Lichtgewicht machine bevestigt nagels van 32 tot 64 mm  Ergonomisch en goed uitgebalanceerd  Diepte-instelling voor de beste afwerkingsresultaten  Rubberen handvat voor extra grip  Hoge sterkte aluminium spuitgietlichaam","og_url":"https:\/\/kem-europe.eu\/de\/produkt\/dorly-rh-serie-da64fn-15ga-feinschneider-tacker-32-64mm\/","og_site_name":"KEM Europe","article_modified_time":"2025-07-02T10:59:48+00:00","og_image":[{"width":700,"height":700,"url":"https:\/\/kem-europe.eu\/wp-content\/uploads\/2025\/02\/DA64FN.jpg","type":"image\/jpeg"}],"twitter_card":"summary_large_image","twitter_misc":{"Gesch\u00e4tzte Lesezeit":"3\u00a0Minuten"},"schema":{"@context":"https:\/\/schema.org","@graph":[{"@type":"WebPage","@id":"https:\/\/kem-europe.eu\/product\/dorly-rh-serie-da64fn-pneumatische-15-gauge-afwerktacker-32-64-mm-2\/","url":"https:\/\/kem-europe.eu\/product\/dorly-rh-serie-da64fn-pneumatische-15-gauge-afwerktacker-32-64-mm-2\/","name":"D'Orly RH-Serie DA64FN Pneumatischer 15-Gauge Finisher - 32-64 mm - KEM Europe","isPartOf":{"@id":"https:\/\/kem-europe.eu\/#website"},"primaryImageOfPage":{"@id":"https:\/\/kem-europe.eu\/product\/dorly-rh-serie-da64fn-pneumatische-15-gauge-afwerktacker-32-64-mm-2\/#primaryimage"},"image":{"@id":"https:\/\/kem-europe.eu\/product\/dorly-rh-serie-da64fn-pneumatische-15-gauge-afwerktacker-32-64-mm-2\/#primaryimage"},"thumbnailUrl":"https:\/\/kem-europe.eu\/wp-content\/uploads\/2025\/02\/DA64FN.jpg","datePublished":"2025-02-27T08:36:17+00:00","dateModified":"2025-07-02T10:59:48+00:00","breadcrumb":{"@id":"https:\/\/kem-europe.eu\/product\/dorly-rh-serie-da64fn-pneumatische-15-gauge-afwerktacker-32-64-mm-2\/#breadcrumb"},"inLanguage":"de","potentialAction":[{"@type":"ReadAction","target":["https:\/\/kem-europe.eu\/product\/dorly-rh-serie-da64fn-pneumatische-15-gauge-afwerktacker-32-64-mm-2\/"]}]},{"@type":"ImageObject","inLanguage":"de","@id":"https:\/\/kem-europe.eu\/product\/dorly-rh-serie-da64fn-pneumatische-15-gauge-afwerktacker-32-64-mm-2\/#primaryimage","url":"https:\/\/kem-europe.eu\/wp-content\/uploads\/2025\/02\/DA64FN.jpg","contentUrl":"https:\/\/kem-europe.eu\/wp-content\/uploads\/2025\/02\/DA64FN.jpg","width":700,"height":700},{"@type":"BreadcrumbList","@id":"https:\/\/kem-europe.eu\/product\/dorly-rh-serie-da64fn-pneumatische-15-gauge-afwerktacker-32-64-mm-2\/#breadcrumb","itemListElement":[{"@type":"ListItem","position":1,"name":"Home","item":"https:\/\/kem-europe.eu\/"},{"@type":"ListItem","position":2,"name":"Winkel","item":"https:\/\/kem-europe.eu\/winkel\/"},{"@type":"ListItem","position":3,"name":"D\u2019Orly RH-Serie DA64FN Pneumatische 15 Gauge Afwerktacker \u2013 32-64 mm"}]},{"@type":"WebSite","@id":"https:\/\/kem-europe.eu\/#website","url":"https:\/\/kem-europe.eu\/","name":"KEM Europe","description":"","publisher":{"@id":"https:\/\/kem-europe.eu\/#organization"},"potentialAction":[{"@type":"SearchAction","target":{"@type":"EntryPoint","urlTemplate":"https:\/\/kem-europe.eu\/?s={search_term_string}"},"query-input":{"@type":"PropertyValueSpecification","valueRequired":true,"valueName":"search_term_string"}}],"inLanguage":"de"},{"@type":"Organization","@id":"https:\/\/kem-europe.eu\/#organization","name":"KEM Europe","url":"https:\/\/kem-europe.eu\/","logo":{"@type":"ImageObject","inLanguage":"de","@id":"https:\/\/kem-europe.eu\/#\/schema\/logo\/image\/","url":"https:\/\/kem-europe.eu\/wp-content\/uploads\/2025\/02\/KEM2019-BLACK-1500W.png","contentUrl":"https:\/\/kem-europe.eu\/wp-content\/uploads\/2025\/02\/KEM2019-BLACK-1500W.png","width":1500,"height":626,"caption":"KEM Europe"},"image":{"@id":"https:\/\/kem-europe.eu\/#\/schema\/logo\/image\/"}}]}},"_links":{"self":[{"href":"https:\/\/kem-europe.eu\/de\/wp-json\/wp\/v2\/product\/2490","targetHints":{"allow":["GET"]}}],"collection":[{"href":"https:\/\/kem-europe.eu\/de\/wp-json\/wp\/v2\/product"}],"about":[{"href":"https:\/\/kem-europe.eu\/de\/wp-json\/wp\/v2\/types\/product"}],"replies":[{"embeddable":true,"href":"https:\/\/kem-europe.eu\/de\/wp-json\/wp\/v2\/comments?post=2490"}],"wp:featuredmedia":[{"embeddable":true,"href":"https:\/\/kem-europe.eu\/de\/wp-json\/wp\/v2\/media\/1625"}],"wp:attachment":[{"href":"https:\/\/kem-europe.eu\/de\/wp-json\/wp\/v2\/media?parent=2490"}],"wp:term":[{"taxonomy":"product_brand","embeddable":true,"href":"https:\/\/kem-europe.eu\/de\/wp-json\/wp\/v2\/product_brand?post=2490"},{"taxonomy":"product_cat","embeddable":true,"href":"https:\/\/kem-europe.eu\/de\/wp-json\/wp\/v2\/product_cat?post=2490"},{"taxonomy":"product_tag","embeddable":true,"href":"https:\/\/kem-europe.eu\/de\/wp-json\/wp\/v2\/product_tag?post=2490"}],"curies":[{"name":"wp","href":"https:\/\/api.w.org\/{rel}","templated":true}]}}