{"id":2495,"date":"2025-02-27T08:36:18","date_gmt":"2025-02-27T08:36:18","guid":{"rendered":"https:\/\/kem-europe.eu\/?post_type=product&#038;p=2495"},"modified":"2025-07-02T10:57:55","modified_gmt":"2025-07-02T10:57:55","slug":"dorly-rh-serie-dd-1800-drucklufttrockner-1800lmin-14bar","status":"publish","type":"product","link":"https:\/\/kem-europe.eu\/de\/product\/dorly-rh-series-dd-1800-persluchtdroger-1800-l-min-14-bar-2\/","title":{"rendered":"D'Orly RH-series DD-1800 Drucklufttrockner 1800 L\/min - 14 Bar"},"content":{"rendered":"<p><strong>Eigenschaften D'Orly RH-Serie DD-1800 Drucklufttrockner 1800 L\/min - 14 Bar<\/strong><\/p>\n<ul>\n<li>Steuerung zum Ein- und Ausschalten des Gebl\u00e4ses, Wartungsanzeige der Au\u00dfenfilter, Testfunktion des Wasserauslasses und Alarm<\/li>\n<li>Automatischer niveaugesteuerter Wasserauslauf \"made in Germany\" garantiert lange Lebensdauer und hohe Zuverl\u00e4ssigkeit<\/li>\n<li>Aluminium-W\u00e4rmetauscher f\u00fcr optimale K\u00fchlung bei geringen Druckluftverlusten<\/li>\n<li>Robuste Kupferrohrkonstruktion, die m\u00f6gliche Rohrbr\u00fcche minimiert<\/li>\n<li>Pflegeleichtes Design f\u00fcr die Wandmontage<\/li>\n<li>Danfoss-Expansionsventil regelt auf 3\u00b0 C genau, auch bei variablem Luftverbrauch<\/li>\n<li>Umweltfreundliches Gas R134a oder R407c<\/li>\n<li>DIN\/ISO7183<\/li>\n<\/ul>\n<p><strong>Technische Daten<\/strong><\/p>\n<ul>\n<li>Durchflussmenge - 1800 L\/min<\/li>\n<li>Max. Druck - 14 Bar<\/li>\n<li>Anschluss - 1\u2033.<\/li>\n<li>Gewicht - 36 kg<\/li>\n<li>LxBxH - 420x345x740 mm<\/li>\n<\/ul>\n<p><strong>Umfang der Lieferung<\/strong><\/p>\n<ul>\n<li>D'Orly RH-series DD-1800 Drucklufttrockner 1800 L\/min - 14 Bar<\/li>\n<\/ul>","protected":false},"excerpt":{"rendered":"<div class=\"description woocommerce-product-details__short-description\">\n<p>Die Drucklufttrockner von D'Orly werden aus den besten Komponenten hergestellt, damit Sie intensiv und sorglos arbeiten k\u00f6nnen!<\/p>\n<\/div>","protected":false},"featured_media":1665,"comment_status":"closed","ping_status":"closed","template":"","meta":[],"product_brand":[625],"product_cat":[634,271],"product_tag":[],"class_list":{"0":"post-2495","1":"product","2":"type-product","3":"status-publish","4":"has-post-thumbnail","6":"product_brand-dorly","7":"product_cat-compressor","8":"product_cat-dorly-rh-machine","10":"first","11":"instock","12":"shipping-taxable","13":"product-type-simple"},"ct_brands":[{"id":625,"name":"D'ORLY","slug":"dorly"}],"yoast_head":"<!-- This site is optimized with the Yoast SEO plugin v27.3 - https:\/\/yoast.com\/product\/yoast-seo-wordpress\/ -->\n<title>D\u2019Orly RH-series DD-1800 Persluchtdroger 1800 L\/min \u2013 14 Bar - KEM Europe<\/title>\n<meta name=\"robots\" content=\"index, follow, max-snippet:-1, max-image-preview:large, max-video-preview:-1\" \/>\n<link rel=\"canonical\" href=\"https:\/\/kem-europe.eu\/de\/produkt\/dorly-rh-serie-dd-1800-drucklufttrockner-1800lmin-14bar\/\" \/>\n<meta property=\"og:locale\" content=\"de_DE\" \/>\n<meta property=\"og:type\" content=\"article\" \/>\n<meta property=\"og:title\" content=\"D\u2019Orly RH-series DD-1800 Persluchtdroger 1800 L\/min \u2013 14 Bar - KEM Europe\" \/>\n<meta property=\"og:description\" content=\"D\u2019Orly Persluchtdrogers zijn vervaardigd uit de beste componenten, waardoor u intensief &amp; zorgeloos kunt werken!\" \/>\n<meta property=\"og:url\" content=\"https:\/\/kem-europe.eu\/de\/produkt\/dorly-rh-serie-dd-1800-drucklufttrockner-1800lmin-14bar\/\" \/>\n<meta property=\"og:site_name\" content=\"KEM Europe\" \/>\n<meta property=\"article:modified_time\" content=\"2025-07-02T10:57:55+00:00\" \/>\n<meta property=\"og:image\" content=\"https:\/\/kem-europe.eu\/wp-content\/uploads\/2025\/02\/IMG_6537.jpg\" \/>\n\t<meta property=\"og:image:width\" content=\"700\" \/>\n\t<meta property=\"og:image:height\" content=\"700\" \/>\n\t<meta property=\"og:image:type\" content=\"image\/jpeg\" \/>\n<meta name=\"twitter:card\" content=\"summary_large_image\" \/>\n<meta name=\"twitter:label1\" content=\"Gesch\u00e4tzte Lesezeit\" \/>\n\t<meta name=\"twitter:data1\" content=\"1\u00a0Minute\" \/>\n<script type=\"application\/ld+json\" class=\"yoast-schema-graph\">{\"@context\":\"https:\\\/\\\/schema.org\",\"@graph\":[{\"@type\":\"WebPage\",\"@id\":\"https:\\\/\\\/kem-europe.eu\\\/product\\\/dorly-rh-series-dd-1800-persluchtdroger-1800-l-min-14-bar-2\\\/\",\"url\":\"https:\\\/\\\/kem-europe.eu\\\/product\\\/dorly-rh-series-dd-1800-persluchtdroger-1800-l-min-14-bar-2\\\/\",\"name\":\"D\u2019Orly RH-series DD-1800 Persluchtdroger 1800 L\\\/min \u2013 14 Bar - KEM Europe\",\"isPartOf\":{\"@id\":\"https:\\\/\\\/kem-europe.eu\\\/#website\"},\"primaryImageOfPage\":{\"@id\":\"https:\\\/\\\/kem-europe.eu\\\/product\\\/dorly-rh-series-dd-1800-persluchtdroger-1800-l-min-14-bar-2\\\/#primaryimage\"},\"image\":{\"@id\":\"https:\\\/\\\/kem-europe.eu\\\/product\\\/dorly-rh-series-dd-1800-persluchtdroger-1800-l-min-14-bar-2\\\/#primaryimage\"},\"thumbnailUrl\":\"https:\\\/\\\/kem-europe.eu\\\/wp-content\\\/uploads\\\/2025\\\/02\\\/IMG_6537.jpg\",\"datePublished\":\"2025-02-27T08:36:18+00:00\",\"dateModified\":\"2025-07-02T10:57:55+00:00\",\"breadcrumb\":{\"@id\":\"https:\\\/\\\/kem-europe.eu\\\/product\\\/dorly-rh-series-dd-1800-persluchtdroger-1800-l-min-14-bar-2\\\/#breadcrumb\"},\"inLanguage\":\"de\",\"potentialAction\":[{\"@type\":\"ReadAction\",\"target\":[\"https:\\\/\\\/kem-europe.eu\\\/product\\\/dorly-rh-series-dd-1800-persluchtdroger-1800-l-min-14-bar-2\\\/\"]}]},{\"@type\":\"ImageObject\",\"inLanguage\":\"de\",\"@id\":\"https:\\\/\\\/kem-europe.eu\\\/product\\\/dorly-rh-series-dd-1800-persluchtdroger-1800-l-min-14-bar-2\\\/#primaryimage\",\"url\":\"https:\\\/\\\/kem-europe.eu\\\/wp-content\\\/uploads\\\/2025\\\/02\\\/IMG_6537.jpg\",\"contentUrl\":\"https:\\\/\\\/kem-europe.eu\\\/wp-content\\\/uploads\\\/2025\\\/02\\\/IMG_6537.jpg\",\"width\":700,\"height\":700},{\"@type\":\"BreadcrumbList\",\"@id\":\"https:\\\/\\\/kem-europe.eu\\\/product\\\/dorly-rh-series-dd-1800-persluchtdroger-1800-l-min-14-bar-2\\\/#breadcrumb\",\"itemListElement\":[{\"@type\":\"ListItem\",\"position\":1,\"name\":\"Home\",\"item\":\"https:\\\/\\\/kem-europe.eu\\\/\"},{\"@type\":\"ListItem\",\"position\":2,\"name\":\"Winkel\",\"item\":\"https:\\\/\\\/kem-europe.eu\\\/winkel\\\/\"},{\"@type\":\"ListItem\",\"position\":3,\"name\":\"D\u2019Orly RH-series DD-1800 Persluchtdroger 1800 L\\\/min \u2013 14 Bar\"}]},{\"@type\":\"WebSite\",\"@id\":\"https:\\\/\\\/kem-europe.eu\\\/#website\",\"url\":\"https:\\\/\\\/kem-europe.eu\\\/\",\"name\":\"KEM Europe\",\"description\":\"\",\"publisher\":{\"@id\":\"https:\\\/\\\/kem-europe.eu\\\/#organization\"},\"potentialAction\":[{\"@type\":\"SearchAction\",\"target\":{\"@type\":\"EntryPoint\",\"urlTemplate\":\"https:\\\/\\\/kem-europe.eu\\\/?s={search_term_string}\"},\"query-input\":{\"@type\":\"PropertyValueSpecification\",\"valueRequired\":true,\"valueName\":\"search_term_string\"}}],\"inLanguage\":\"de\"},{\"@type\":\"Organization\",\"@id\":\"https:\\\/\\\/kem-europe.eu\\\/#organization\",\"name\":\"KEM Europe\",\"url\":\"https:\\\/\\\/kem-europe.eu\\\/\",\"logo\":{\"@type\":\"ImageObject\",\"inLanguage\":\"de\",\"@id\":\"https:\\\/\\\/kem-europe.eu\\\/#\\\/schema\\\/logo\\\/image\\\/\",\"url\":\"https:\\\/\\\/kem-europe.eu\\\/wp-content\\\/uploads\\\/2025\\\/02\\\/KEM2019-BLACK-1500W.png\",\"contentUrl\":\"https:\\\/\\\/kem-europe.eu\\\/wp-content\\\/uploads\\\/2025\\\/02\\\/KEM2019-BLACK-1500W.png\",\"width\":1500,\"height\":626,\"caption\":\"KEM Europe\"},\"image\":{\"@id\":\"https:\\\/\\\/kem-europe.eu\\\/#\\\/schema\\\/logo\\\/image\\\/\"}}]}<\/script>\n<!-- \/ Yoast SEO plugin. -->","yoast_head_json":{"title":"D'Orly RH-series DD-1800 Drucklufttrockner 1800 L\/min - 14 Bar - KEM Europe","robots":{"index":"index","follow":"follow","max-snippet":"max-snippet:-1","max-image-preview":"max-image-preview:large","max-video-preview":"max-video-preview:-1"},"canonical":"https:\/\/kem-europe.eu\/de\/produkt\/dorly-rh-serie-dd-1800-drucklufttrockner-1800lmin-14bar\/","og_locale":"de_DE","og_type":"article","og_title":"D\u2019Orly RH-series DD-1800 Persluchtdroger 1800 L\/min \u2013 14 Bar - KEM Europe","og_description":"D\u2019Orly Persluchtdrogers zijn vervaardigd uit de beste componenten, waardoor u intensief &amp; zorgeloos kunt werken!","og_url":"https:\/\/kem-europe.eu\/de\/produkt\/dorly-rh-serie-dd-1800-drucklufttrockner-1800lmin-14bar\/","og_site_name":"KEM Europe","article_modified_time":"2025-07-02T10:57:55+00:00","og_image":[{"width":700,"height":700,"url":"https:\/\/kem-europe.eu\/wp-content\/uploads\/2025\/02\/IMG_6537.jpg","type":"image\/jpeg"}],"twitter_card":"summary_large_image","twitter_misc":{"Gesch\u00e4tzte Lesezeit":"1\u00a0Minute"},"schema":{"@context":"https:\/\/schema.org","@graph":[{"@type":"WebPage","@id":"https:\/\/kem-europe.eu\/product\/dorly-rh-series-dd-1800-persluchtdroger-1800-l-min-14-bar-2\/","url":"https:\/\/kem-europe.eu\/product\/dorly-rh-series-dd-1800-persluchtdroger-1800-l-min-14-bar-2\/","name":"D'Orly RH-series DD-1800 Drucklufttrockner 1800 L\/min - 14 Bar - KEM Europe","isPartOf":{"@id":"https:\/\/kem-europe.eu\/#website"},"primaryImageOfPage":{"@id":"https:\/\/kem-europe.eu\/product\/dorly-rh-series-dd-1800-persluchtdroger-1800-l-min-14-bar-2\/#primaryimage"},"image":{"@id":"https:\/\/kem-europe.eu\/product\/dorly-rh-series-dd-1800-persluchtdroger-1800-l-min-14-bar-2\/#primaryimage"},"thumbnailUrl":"https:\/\/kem-europe.eu\/wp-content\/uploads\/2025\/02\/IMG_6537.jpg","datePublished":"2025-02-27T08:36:18+00:00","dateModified":"2025-07-02T10:57:55+00:00","breadcrumb":{"@id":"https:\/\/kem-europe.eu\/product\/dorly-rh-series-dd-1800-persluchtdroger-1800-l-min-14-bar-2\/#breadcrumb"},"inLanguage":"de","potentialAction":[{"@type":"ReadAction","target":["https:\/\/kem-europe.eu\/product\/dorly-rh-series-dd-1800-persluchtdroger-1800-l-min-14-bar-2\/"]}]},{"@type":"ImageObject","inLanguage":"de","@id":"https:\/\/kem-europe.eu\/product\/dorly-rh-series-dd-1800-persluchtdroger-1800-l-min-14-bar-2\/#primaryimage","url":"https:\/\/kem-europe.eu\/wp-content\/uploads\/2025\/02\/IMG_6537.jpg","contentUrl":"https:\/\/kem-europe.eu\/wp-content\/uploads\/2025\/02\/IMG_6537.jpg","width":700,"height":700},{"@type":"BreadcrumbList","@id":"https:\/\/kem-europe.eu\/product\/dorly-rh-series-dd-1800-persluchtdroger-1800-l-min-14-bar-2\/#breadcrumb","itemListElement":[{"@type":"ListItem","position":1,"name":"Home","item":"https:\/\/kem-europe.eu\/"},{"@type":"ListItem","position":2,"name":"Winkel","item":"https:\/\/kem-europe.eu\/winkel\/"},{"@type":"ListItem","position":3,"name":"D\u2019Orly RH-series DD-1800 Persluchtdroger 1800 L\/min \u2013 14 Bar"}]},{"@type":"WebSite","@id":"https:\/\/kem-europe.eu\/#website","url":"https:\/\/kem-europe.eu\/","name":"KEM Europe","description":"","publisher":{"@id":"https:\/\/kem-europe.eu\/#organization"},"potentialAction":[{"@type":"SearchAction","target":{"@type":"EntryPoint","urlTemplate":"https:\/\/kem-europe.eu\/?s={search_term_string}"},"query-input":{"@type":"PropertyValueSpecification","valueRequired":true,"valueName":"search_term_string"}}],"inLanguage":"de"},{"@type":"Organization","@id":"https:\/\/kem-europe.eu\/#organization","name":"KEM Europe","url":"https:\/\/kem-europe.eu\/","logo":{"@type":"ImageObject","inLanguage":"de","@id":"https:\/\/kem-europe.eu\/#\/schema\/logo\/image\/","url":"https:\/\/kem-europe.eu\/wp-content\/uploads\/2025\/02\/KEM2019-BLACK-1500W.png","contentUrl":"https:\/\/kem-europe.eu\/wp-content\/uploads\/2025\/02\/KEM2019-BLACK-1500W.png","width":1500,"height":626,"caption":"KEM Europe"},"image":{"@id":"https:\/\/kem-europe.eu\/#\/schema\/logo\/image\/"}}]}},"_links":{"self":[{"href":"https:\/\/kem-europe.eu\/de\/wp-json\/wp\/v2\/product\/2495","targetHints":{"allow":["GET"]}}],"collection":[{"href":"https:\/\/kem-europe.eu\/de\/wp-json\/wp\/v2\/product"}],"about":[{"href":"https:\/\/kem-europe.eu\/de\/wp-json\/wp\/v2\/types\/product"}],"replies":[{"embeddable":true,"href":"https:\/\/kem-europe.eu\/de\/wp-json\/wp\/v2\/comments?post=2495"}],"wp:featuredmedia":[{"embeddable":true,"href":"https:\/\/kem-europe.eu\/de\/wp-json\/wp\/v2\/media\/1665"}],"wp:attachment":[{"href":"https:\/\/kem-europe.eu\/de\/wp-json\/wp\/v2\/media?parent=2495"}],"wp:term":[{"taxonomy":"product_brand","embeddable":true,"href":"https:\/\/kem-europe.eu\/de\/wp-json\/wp\/v2\/product_brand?post=2495"},{"taxonomy":"product_cat","embeddable":true,"href":"https:\/\/kem-europe.eu\/de\/wp-json\/wp\/v2\/product_cat?post=2495"},{"taxonomy":"product_tag","embeddable":true,"href":"https:\/\/kem-europe.eu\/de\/wp-json\/wp\/v2\/product_tag?post=2495"}],"curies":[{"name":"wp","href":"https:\/\/api.w.org\/{rel}","templated":true}]}}