{"id":2497,"date":"2025-02-27T08:36:18","date_gmt":"2025-02-27T08:36:18","guid":{"rendered":"https:\/\/kem-europe.eu\/?post_type=product&#038;p=2497"},"modified":"2025-07-02T10:58:19","modified_gmt":"2025-07-02T10:58:19","slug":"dorly-rh-serie-rh-1000t-schraubenkompressor-500l-1000lmin","status":"publish","type":"product","link":"https:\/\/kem-europe.eu\/de\/product\/dorly-rh-series-rh-1000t-schroefcompressor-500-l-1000-l-min-industrieel-2\/","title":{"rendered":"D'Orly RH-series RH-1000T Schraubenkompressor - 500 L - 1000 L\/min - Industrie"},"content":{"rendered":"<p><strong>Eigenschaften D'Orly RH-series RH-1000T Schraubenkompressor - 500 L - 1000 L\/min - Industrie<\/strong><\/p>\n<p>Schraubenkompressor mit Stern\/Dreieck, Computer f\u00fcr alle Parameter und Alarme. Gesch\u00fctzt gegen falsches Drehen, \u00dcberhitzung, \u00dcberlastung usw. Dank direkter Kupplung, weniger L\u00e4rm, sehr gut zug\u00e4nglich f\u00fcr die Wartung, keine Wartung an Riemen.<\/p>\n<ul>\n<li>Dreiphasen-Schraubenkompressor f\u00fcr den intensiven t\u00e4glichen Einsatz<\/li>\n<li>Der Kompressor ist mit einem automatischen Wasserablass ausgestattet.<\/li>\n<li>Die gesamte Serie arbeitet ohne Neutralleiter<\/li>\n<li>Schraubenkompressor mit Direktantrieb, sicherer und leiser bei geringerem Energieverbrauch<\/li>\n<li>Logik 9 Controller, voll parametrierbar, kann ohne Optionen mit 2 Kompressoren in \"Master - Slave\" arbeiten.<\/li>\n<li>Der Kompressor enth\u00e4lt nur zertifizierte europ\u00e4ische Teile und wird mit den besten Komponenten f\u00fcr D'orly zusammengebaut<\/li>\n<li>K\u00fchlluftvorfilter serienm\u00e4\u00dfig<\/li>\n<li>Pulverbeschichteter Kessel mit zus\u00e4tzlicher Leiste zum einfachen Transport mit Hubwagen oder Gabelstapler<\/li>\n<li>Leicht abnehmbare Paneele f\u00fcr Wartung oder \u00d6lkontrolle<\/li>\n<li>Sch\u00fctze ABB<\/li>\n<li>Nicht mit einem Stecker ausgestattet<\/li>\n<\/ul>\n<p><strong>Technische Daten\u00a0<\/strong><\/p>\n<ul>\n<li>Ansaugleistung - 1000 L\/min<\/li>\n<li>Max. Druck - 10 Bar<\/li>\n<li>Leistung - 10 HP<\/li>\n<li>Dreiphasig<\/li>\n<li>Spannung - 230\/400 V<\/li>\n<li>Mit Stern\/Dreieck-Anlauf<\/li>\n<li>Fassungsverm\u00f6gen - 500 L<\/li>\n<li>Gewicht - 250 kg<\/li>\n<li>Ger\u00e4uschpegel - 66 dB<\/li>\n<li>LxBxH - 1940 x 730 x 1640 mm<\/li>\n<\/ul>\n<p><strong>Umfang der Lieferung<\/strong><\/p>\n<ul>\n<li>D'Orly RH-series RH-1000T Schraubenkompressor - 500 L - 1000 L\/min - Industrie<\/li>\n<\/ul>","protected":false},"excerpt":{"rendered":"<div class=\"description woocommerce-product-details__short-description\">\n<p>Die Schraubenkompressoren von D'Orly werden aus den besten Komponenten hergestellt, die Ihnen einen intensiven und sorgenfreien Betrieb erm\u00f6glichen!<\/p>\n<\/div>","protected":false},"featured_media":7355,"comment_status":"closed","ping_status":"closed","template":"","meta":[],"product_brand":[625],"product_cat":[634,271],"product_tag":[],"class_list":{"0":"post-2497","1":"product","2":"type-product","3":"status-publish","4":"has-post-thumbnail","6":"product_brand-dorly","7":"product_cat-compressor","8":"product_cat-dorly-rh-machine","10":"first","11":"instock","12":"shipping-taxable","13":"product-type-simple"},"ct_brands":[{"id":625,"name":"D'ORLY","slug":"dorly"}],"yoast_head":"<!-- This site is optimized with the Yoast SEO plugin v27.3 - https:\/\/yoast.com\/product\/yoast-seo-wordpress\/ -->\n<title>D\u2019Orly RH-series RH-1000T Schroefcompressor \u2013 500 L \u2013 1000 L\/min \u2013 Industrieel - KEM Europe<\/title>\n<meta name=\"robots\" content=\"index, follow, max-snippet:-1, max-image-preview:large, max-video-preview:-1\" \/>\n<link rel=\"canonical\" href=\"https:\/\/kem-europe.eu\/de\/produkt\/dorly-rh-serie-rh-1000t-schraubenkompressor-500l-1000lmin\/\" \/>\n<meta property=\"og:locale\" content=\"de_DE\" \/>\n<meta property=\"og:type\" content=\"article\" \/>\n<meta property=\"og:title\" content=\"D\u2019Orly RH-series RH-1000T Schroefcompressor \u2013 500 L \u2013 1000 L\/min \u2013 Industrieel - KEM Europe\" \/>\n<meta property=\"og:description\" content=\"D\u2019Orly Schroefcompressors zijn vervaardigd uit de beste componenten, waardoor u intensief &amp; zorgeloos kunt werken!\" \/>\n<meta property=\"og:url\" content=\"https:\/\/kem-europe.eu\/de\/produkt\/dorly-rh-serie-rh-1000t-schraubenkompressor-500l-1000lmin\/\" \/>\n<meta property=\"og:site_name\" content=\"KEM Europe\" \/>\n<meta property=\"article:modified_time\" content=\"2025-07-02T10:58:19+00:00\" \/>\n<meta property=\"og:image\" content=\"https:\/\/kem-europe.eu\/wp-content\/uploads\/2025\/02\/DORLY-SCHROEFCOMPRESSOR-RH.webp\" \/>\n\t<meta property=\"og:image:width\" content=\"700\" \/>\n\t<meta property=\"og:image:height\" content=\"700\" \/>\n\t<meta property=\"og:image:type\" content=\"image\/webp\" \/>\n<meta name=\"twitter:card\" content=\"summary_large_image\" \/>\n<meta name=\"twitter:label1\" content=\"Gesch\u00e4tzte Lesezeit\" \/>\n\t<meta name=\"twitter:data1\" content=\"2\u00a0Minuten\" \/>\n<script type=\"application\/ld+json\" class=\"yoast-schema-graph\">{\"@context\":\"https:\\\/\\\/schema.org\",\"@graph\":[{\"@type\":\"WebPage\",\"@id\":\"https:\\\/\\\/kem-europe.eu\\\/product\\\/dorly-rh-series-rh-1000t-schroefcompressor-500-l-1000-l-min-industrieel-2\\\/\",\"url\":\"https:\\\/\\\/kem-europe.eu\\\/product\\\/dorly-rh-series-rh-1000t-schroefcompressor-500-l-1000-l-min-industrieel-2\\\/\",\"name\":\"D\u2019Orly RH-series RH-1000T Schroefcompressor \u2013 500 L \u2013 1000 L\\\/min \u2013 Industrieel - KEM Europe\",\"isPartOf\":{\"@id\":\"https:\\\/\\\/kem-europe.eu\\\/#website\"},\"primaryImageOfPage\":{\"@id\":\"https:\\\/\\\/kem-europe.eu\\\/product\\\/dorly-rh-series-rh-1000t-schroefcompressor-500-l-1000-l-min-industrieel-2\\\/#primaryimage\"},\"image\":{\"@id\":\"https:\\\/\\\/kem-europe.eu\\\/product\\\/dorly-rh-series-rh-1000t-schroefcompressor-500-l-1000-l-min-industrieel-2\\\/#primaryimage\"},\"thumbnailUrl\":\"https:\\\/\\\/kem-europe.eu\\\/wp-content\\\/uploads\\\/2025\\\/02\\\/DORLY-SCHROEFCOMPRESSOR-RH.webp\",\"datePublished\":\"2025-02-27T08:36:18+00:00\",\"dateModified\":\"2025-07-02T10:58:19+00:00\",\"breadcrumb\":{\"@id\":\"https:\\\/\\\/kem-europe.eu\\\/product\\\/dorly-rh-series-rh-1000t-schroefcompressor-500-l-1000-l-min-industrieel-2\\\/#breadcrumb\"},\"inLanguage\":\"de\",\"potentialAction\":[{\"@type\":\"ReadAction\",\"target\":[\"https:\\\/\\\/kem-europe.eu\\\/product\\\/dorly-rh-series-rh-1000t-schroefcompressor-500-l-1000-l-min-industrieel-2\\\/\"]}]},{\"@type\":\"ImageObject\",\"inLanguage\":\"de\",\"@id\":\"https:\\\/\\\/kem-europe.eu\\\/product\\\/dorly-rh-series-rh-1000t-schroefcompressor-500-l-1000-l-min-industrieel-2\\\/#primaryimage\",\"url\":\"https:\\\/\\\/kem-europe.eu\\\/wp-content\\\/uploads\\\/2025\\\/02\\\/DORLY-SCHROEFCOMPRESSOR-RH.webp\",\"contentUrl\":\"https:\\\/\\\/kem-europe.eu\\\/wp-content\\\/uploads\\\/2025\\\/02\\\/DORLY-SCHROEFCOMPRESSOR-RH.webp\",\"width\":700,\"height\":700},{\"@type\":\"BreadcrumbList\",\"@id\":\"https:\\\/\\\/kem-europe.eu\\\/product\\\/dorly-rh-series-rh-1000t-schroefcompressor-500-l-1000-l-min-industrieel-2\\\/#breadcrumb\",\"itemListElement\":[{\"@type\":\"ListItem\",\"position\":1,\"name\":\"Home\",\"item\":\"https:\\\/\\\/kem-europe.eu\\\/\"},{\"@type\":\"ListItem\",\"position\":2,\"name\":\"Winkel\",\"item\":\"https:\\\/\\\/kem-europe.eu\\\/winkel\\\/\"},{\"@type\":\"ListItem\",\"position\":3,\"name\":\"D\u2019Orly RH-series RH-1000T Schroefcompressor \u2013 500 L \u2013 1000 L\\\/min \u2013 Industrieel\"}]},{\"@type\":\"WebSite\",\"@id\":\"https:\\\/\\\/kem-europe.eu\\\/#website\",\"url\":\"https:\\\/\\\/kem-europe.eu\\\/\",\"name\":\"KEM Europe\",\"description\":\"\",\"publisher\":{\"@id\":\"https:\\\/\\\/kem-europe.eu\\\/#organization\"},\"potentialAction\":[{\"@type\":\"SearchAction\",\"target\":{\"@type\":\"EntryPoint\",\"urlTemplate\":\"https:\\\/\\\/kem-europe.eu\\\/?s={search_term_string}\"},\"query-input\":{\"@type\":\"PropertyValueSpecification\",\"valueRequired\":true,\"valueName\":\"search_term_string\"}}],\"inLanguage\":\"de\"},{\"@type\":\"Organization\",\"@id\":\"https:\\\/\\\/kem-europe.eu\\\/#organization\",\"name\":\"KEM Europe\",\"url\":\"https:\\\/\\\/kem-europe.eu\\\/\",\"logo\":{\"@type\":\"ImageObject\",\"inLanguage\":\"de\",\"@id\":\"https:\\\/\\\/kem-europe.eu\\\/#\\\/schema\\\/logo\\\/image\\\/\",\"url\":\"https:\\\/\\\/kem-europe.eu\\\/wp-content\\\/uploads\\\/2025\\\/02\\\/KEM2019-BLACK-1500W.png\",\"contentUrl\":\"https:\\\/\\\/kem-europe.eu\\\/wp-content\\\/uploads\\\/2025\\\/02\\\/KEM2019-BLACK-1500W.png\",\"width\":1500,\"height\":626,\"caption\":\"KEM Europe\"},\"image\":{\"@id\":\"https:\\\/\\\/kem-europe.eu\\\/#\\\/schema\\\/logo\\\/image\\\/\"}}]}<\/script>\n<!-- \/ Yoast SEO plugin. -->","yoast_head_json":{"title":"D'Orly RH-series RH-1000T Schraubenkompressor - 500 L - 1000 L\/min - Industrie - KEM Europe","robots":{"index":"index","follow":"follow","max-snippet":"max-snippet:-1","max-image-preview":"max-image-preview:large","max-video-preview":"max-video-preview:-1"},"canonical":"https:\/\/kem-europe.eu\/de\/produkt\/dorly-rh-serie-rh-1000t-schraubenkompressor-500l-1000lmin\/","og_locale":"de_DE","og_type":"article","og_title":"D\u2019Orly RH-series RH-1000T Schroefcompressor \u2013 500 L \u2013 1000 L\/min \u2013 Industrieel - KEM Europe","og_description":"D\u2019Orly Schroefcompressors zijn vervaardigd uit de beste componenten, waardoor u intensief &amp; zorgeloos kunt werken!","og_url":"https:\/\/kem-europe.eu\/de\/produkt\/dorly-rh-serie-rh-1000t-schraubenkompressor-500l-1000lmin\/","og_site_name":"KEM Europe","article_modified_time":"2025-07-02T10:58:19+00:00","og_image":[{"width":700,"height":700,"url":"https:\/\/kem-europe.eu\/wp-content\/uploads\/2025\/02\/DORLY-SCHROEFCOMPRESSOR-RH.webp","type":"image\/webp"}],"twitter_card":"summary_large_image","twitter_misc":{"Gesch\u00e4tzte Lesezeit":"2\u00a0Minuten"},"schema":{"@context":"https:\/\/schema.org","@graph":[{"@type":"WebPage","@id":"https:\/\/kem-europe.eu\/product\/dorly-rh-series-rh-1000t-schroefcompressor-500-l-1000-l-min-industrieel-2\/","url":"https:\/\/kem-europe.eu\/product\/dorly-rh-series-rh-1000t-schroefcompressor-500-l-1000-l-min-industrieel-2\/","name":"D'Orly RH-series RH-1000T Schraubenkompressor - 500 L - 1000 L\/min - Industrie - KEM Europe","isPartOf":{"@id":"https:\/\/kem-europe.eu\/#website"},"primaryImageOfPage":{"@id":"https:\/\/kem-europe.eu\/product\/dorly-rh-series-rh-1000t-schroefcompressor-500-l-1000-l-min-industrieel-2\/#primaryimage"},"image":{"@id":"https:\/\/kem-europe.eu\/product\/dorly-rh-series-rh-1000t-schroefcompressor-500-l-1000-l-min-industrieel-2\/#primaryimage"},"thumbnailUrl":"https:\/\/kem-europe.eu\/wp-content\/uploads\/2025\/02\/DORLY-SCHROEFCOMPRESSOR-RH.webp","datePublished":"2025-02-27T08:36:18+00:00","dateModified":"2025-07-02T10:58:19+00:00","breadcrumb":{"@id":"https:\/\/kem-europe.eu\/product\/dorly-rh-series-rh-1000t-schroefcompressor-500-l-1000-l-min-industrieel-2\/#breadcrumb"},"inLanguage":"de","potentialAction":[{"@type":"ReadAction","target":["https:\/\/kem-europe.eu\/product\/dorly-rh-series-rh-1000t-schroefcompressor-500-l-1000-l-min-industrieel-2\/"]}]},{"@type":"ImageObject","inLanguage":"de","@id":"https:\/\/kem-europe.eu\/product\/dorly-rh-series-rh-1000t-schroefcompressor-500-l-1000-l-min-industrieel-2\/#primaryimage","url":"https:\/\/kem-europe.eu\/wp-content\/uploads\/2025\/02\/DORLY-SCHROEFCOMPRESSOR-RH.webp","contentUrl":"https:\/\/kem-europe.eu\/wp-content\/uploads\/2025\/02\/DORLY-SCHROEFCOMPRESSOR-RH.webp","width":700,"height":700},{"@type":"BreadcrumbList","@id":"https:\/\/kem-europe.eu\/product\/dorly-rh-series-rh-1000t-schroefcompressor-500-l-1000-l-min-industrieel-2\/#breadcrumb","itemListElement":[{"@type":"ListItem","position":1,"name":"Home","item":"https:\/\/kem-europe.eu\/"},{"@type":"ListItem","position":2,"name":"Winkel","item":"https:\/\/kem-europe.eu\/winkel\/"},{"@type":"ListItem","position":3,"name":"D\u2019Orly RH-series RH-1000T Schroefcompressor \u2013 500 L \u2013 1000 L\/min \u2013 Industrieel"}]},{"@type":"WebSite","@id":"https:\/\/kem-europe.eu\/#website","url":"https:\/\/kem-europe.eu\/","name":"KEM Europe","description":"","publisher":{"@id":"https:\/\/kem-europe.eu\/#organization"},"potentialAction":[{"@type":"SearchAction","target":{"@type":"EntryPoint","urlTemplate":"https:\/\/kem-europe.eu\/?s={search_term_string}"},"query-input":{"@type":"PropertyValueSpecification","valueRequired":true,"valueName":"search_term_string"}}],"inLanguage":"de"},{"@type":"Organization","@id":"https:\/\/kem-europe.eu\/#organization","name":"KEM Europe","url":"https:\/\/kem-europe.eu\/","logo":{"@type":"ImageObject","inLanguage":"de","@id":"https:\/\/kem-europe.eu\/#\/schema\/logo\/image\/","url":"https:\/\/kem-europe.eu\/wp-content\/uploads\/2025\/02\/KEM2019-BLACK-1500W.png","contentUrl":"https:\/\/kem-europe.eu\/wp-content\/uploads\/2025\/02\/KEM2019-BLACK-1500W.png","width":1500,"height":626,"caption":"KEM Europe"},"image":{"@id":"https:\/\/kem-europe.eu\/#\/schema\/logo\/image\/"}}]}},"_links":{"self":[{"href":"https:\/\/kem-europe.eu\/de\/wp-json\/wp\/v2\/product\/2497","targetHints":{"allow":["GET"]}}],"collection":[{"href":"https:\/\/kem-europe.eu\/de\/wp-json\/wp\/v2\/product"}],"about":[{"href":"https:\/\/kem-europe.eu\/de\/wp-json\/wp\/v2\/types\/product"}],"replies":[{"embeddable":true,"href":"https:\/\/kem-europe.eu\/de\/wp-json\/wp\/v2\/comments?post=2497"}],"wp:featuredmedia":[{"embeddable":true,"href":"https:\/\/kem-europe.eu\/de\/wp-json\/wp\/v2\/media\/7355"}],"wp:attachment":[{"href":"https:\/\/kem-europe.eu\/de\/wp-json\/wp\/v2\/media?parent=2497"}],"wp:term":[{"taxonomy":"product_brand","embeddable":true,"href":"https:\/\/kem-europe.eu\/de\/wp-json\/wp\/v2\/product_brand?post=2497"},{"taxonomy":"product_cat","embeddable":true,"href":"https:\/\/kem-europe.eu\/de\/wp-json\/wp\/v2\/product_cat?post=2497"},{"taxonomy":"product_tag","embeddable":true,"href":"https:\/\/kem-europe.eu\/de\/wp-json\/wp\/v2\/product_tag?post=2497"}],"curies":[{"name":"wp","href":"https:\/\/api.w.org\/{rel}","templated":true}]}}