{"id":250,"date":"2025-02-27T08:08:34","date_gmt":"2025-02-27T08:08:34","guid":{"rendered":"https:\/\/kem-europe.eu\/?post_type=product&#038;p=250"},"modified":"2025-06-06T07:36:52","modified_gmt":"2025-06-06T07:36:52","slug":"keyang-mc18bl-akku-multitool-18v-2-0ah","status":"publish","type":"product","link":"https:\/\/kem-europe.eu\/de\/product\/keyang-mc18bl-accu-multitool-18v-2-0-ah\/","title":{"rendered":"Keyang MC18BL Akku-Multitool - 18V 2.0 Ah"},"content":{"rendered":"<p><iframe loading=\"lazy\" title=\"Keyang MC18BL Akku-Multitool\" width=\"1390\" height=\"782\" src=\"https:\/\/www.youtube.com\/embed\/Ve9RGKn0U68?start=8&#038;feature=oembed\" frameborder=\"0\" allow=\"accelerometer; autoplay; clipboard-write; encrypted-media; gyroscope; picture-in-picture; web-share\" referrerpolicy=\"strict-origin-when-cross-origin\" allowfullscreen><\/iframe><\/p>\n<p><strong>Warum Keyang w\u00e4hlen?<\/strong><\/p>\n<p>Die koreanische Marke stellt seit \u00fcber 40 Jahren hochwertige Bau- und Industriemaschinen her. Seit mehr als 25 Jahren produziert sie auch f\u00fcr mehrere A-Marken auf dem europ\u00e4ischen Markt (u.a. Kress &amp; Spit). Keyang \u00fcbertrumpft seine Konkurrenten, indem es hervorragende Qualit\u00e4t zu einem fairen Preis liefert. Von seiner Position als Marktf\u00fchrer auf dem koreanischen Markt hat das Unternehmen nun begonnen, sich auch auf den europ\u00e4ischen Markt zu konzentrieren. In relativ kurzer Zeit hat sich die koreanische Marke zu einer vertrauensw\u00fcrdigen Marke auf der Baustelle entwickelt. Das hat nichts mit ausgekl\u00fcgeltem Marketing zu tun, sondern vor allem mit\u00a0<em>Wahrnehmung.<\/em><\/p>\n<p><em>Warum sollten Sie sich f\u00fcr den Keyang MC18BL entscheiden?<\/em><br \/>\nViel Maschine zu einem fairen Preis. Sehr komplette Multicutter gebaut, um bequem zu arbeiten und vor allem, schnell. Die implementierte Gummigriff macht es einfach, die Maschine mit einer Hand zu bedienen, so dass die andere Hand frei.<\/p>\n<p><strong>Eigenschaften Keyang MC18BL Accu Multitool - 18V 2.0 Ah<\/strong><\/p>\n<ul>\n<li>Leistungsstarker b\u00fcrstenloser Gleichstrommotor f\u00fcr l\u00e4ngere Lebensdauer und bessere Effizienz<\/li>\n<li>Leichtes und ergonomisches Design<\/li>\n<li>Lithium-Ionen-Akku<\/li>\n<li>Eingebaute LED-Beleuchtung<\/li>\n<li>Batterieanzeige<\/li>\n<li>Doppelter Abzugsschalter stufenlos einstellbar<\/li>\n<li>B\u00fcrstenlos<\/li>\n<li>Soft-Start-Funktion<\/li>\n<li>Ladeger\u00e4t (40 min)<\/li>\n<\/ul>\n<p><strong>Technische Daten<\/strong><\/p>\n<ul>\n<li>Spannung - 18V<\/li>\n<li>Oszillationsgeschwindigkeit 0 - 19.500 RPM<\/li>\n<li>Oszillationswinkel - 1,6 Grad auf jeder Seite (3,2 insgesamt)<\/li>\n<li>Gewicht - 1,5 kg<\/li>\n<li>Batteriekapazit\u00e4t - 2,0 Ah<\/li>\n<\/ul>\n<p><strong>Umfang der Lieferung<\/strong><\/p>\n<ul>\n<li>Keyang MC18BL Akku-Multitool - 18V 2.0 Ah<\/li>\n<li>2x 18V Li-Ion Akku 2.0Ah<\/li>\n<li>1x Ladeger\u00e4t<\/li>\n<li>Geliefert im Koffer<\/li>\n<\/ul>","protected":false},"excerpt":{"rendered":"<table>\n<tbody>\n<tr>\n<td class=\"echotable\">Doppelte Isolierung<\/td>\n<td class=\"echotable\">Leichtgewicht<\/td>\n<\/tr>\n<tr>\n<td class=\"echotable\">Elektrische Bremse<\/td>\n<td class=\"echotable\">Kunststoffgeh\u00e4use<\/td>\n<\/tr>\n<\/tbody>\n<tbody>\n<tr>\n<td class=\"echotable\">BLDC-Motor<\/td>\n<td class=\"echotable\">Konstante Geschwindigkeit<\/td>\n<\/tr>\n<\/tbody>\n<\/table>\n<p><strong>Umfang der Lieferung<\/strong><\/p>\n<ul>\n<li>Keyang MC18BL Akku-Multitool - 18V 2.0 Ah<\/li>\n<li>2x 18V Li-Ion Akku 2.0Ah<\/li>\n<li>1x Ladeger\u00e4t<\/li>\n<li>Geliefert im Koffer<\/li>\n<\/ul>","protected":false},"featured_media":331,"comment_status":"closed","ping_status":"closed","template":"","meta":[],"product_brand":[624],"product_cat":[54,68],"product_tag":[],"class_list":{"0":"post-250","1":"product","2":"type-product","3":"status-publish","4":"has-post-thumbnail","6":"product_brand-keyang","7":"product_cat-accu-machines","8":"product_cat-accu-multitool","10":"first","11":"instock","12":"product-type-simple"},"ct_brands":[{"id":624,"name":"KEYANG","slug":"keyang"}],"yoast_head":"<!-- This site is optimized with the Yoast SEO plugin v27.3 - https:\/\/yoast.com\/product\/yoast-seo-wordpress\/ -->\n<title>Keyang MC18BL Accu Multitool - 18V 2.0 Ah - KEM Europe<\/title>\n<meta name=\"robots\" content=\"index, follow, max-snippet:-1, max-image-preview:large, max-video-preview:-1\" \/>\n<link rel=\"canonical\" href=\"https:\/\/kem-europe.eu\/de\/produkt\/keyang-mc18bl-akku-multitool-18v-2-0ah\/\" \/>\n<meta property=\"og:locale\" content=\"de_DE\" \/>\n<meta property=\"og:type\" content=\"article\" \/>\n<meta property=\"og:title\" content=\"Keyang MC18BL Accu Multitool - 18V 2.0 Ah - KEM Europe\" \/>\n<meta property=\"og:description\" content=\"Dubbele isolatie Lichtgewicht   Elektrische rem Kunststof koffer     BLDC-Motor Constant speed    Leveringsomvang   Keyang MC18BL Accu Multitool - 18V 2.0 Ah  2x Accu 18V Li-ion 2.0Ah  1x Oplader  Geleverd in koffer\" \/>\n<meta property=\"og:url\" content=\"https:\/\/kem-europe.eu\/de\/produkt\/keyang-mc18bl-akku-multitool-18v-2-0ah\/\" \/>\n<meta property=\"og:site_name\" content=\"KEM Europe\" \/>\n<meta property=\"article:modified_time\" content=\"2025-06-06T07:36:52+00:00\" \/>\n<meta property=\"og:image\" content=\"https:\/\/kem-europe.eu\/wp-content\/uploads\/2025\/02\/MC18BL20_02_72DPI_TR.png\" \/>\n\t<meta property=\"og:image:width\" content=\"700\" \/>\n\t<meta property=\"og:image:height\" content=\"700\" \/>\n\t<meta property=\"og:image:type\" content=\"image\/png\" \/>\n<meta name=\"twitter:card\" content=\"summary_large_image\" \/>\n<meta name=\"twitter:label1\" content=\"Gesch\u00e4tzte Lesezeit\" \/>\n\t<meta name=\"twitter:data1\" content=\"2\u00a0Minuten\" \/>\n<script type=\"application\/ld+json\" class=\"yoast-schema-graph\">{\"@context\":\"https:\\\/\\\/schema.org\",\"@graph\":[{\"@type\":\"WebPage\",\"@id\":\"https:\\\/\\\/kem-europe.eu\\\/product\\\/keyang-mc18bl-accu-multitool-18v-2-0-ah\\\/\",\"url\":\"https:\\\/\\\/kem-europe.eu\\\/product\\\/keyang-mc18bl-accu-multitool-18v-2-0-ah\\\/\",\"name\":\"Keyang MC18BL Accu Multitool - 18V 2.0 Ah - KEM Europe\",\"isPartOf\":{\"@id\":\"https:\\\/\\\/kem-europe.eu\\\/#website\"},\"primaryImageOfPage\":{\"@id\":\"https:\\\/\\\/kem-europe.eu\\\/product\\\/keyang-mc18bl-accu-multitool-18v-2-0-ah\\\/#primaryimage\"},\"image\":{\"@id\":\"https:\\\/\\\/kem-europe.eu\\\/product\\\/keyang-mc18bl-accu-multitool-18v-2-0-ah\\\/#primaryimage\"},\"thumbnailUrl\":\"https:\\\/\\\/kem-europe.eu\\\/wp-content\\\/uploads\\\/2025\\\/02\\\/MC18BL20_02_72DPI_TR.png\",\"datePublished\":\"2025-02-27T08:08:34+00:00\",\"dateModified\":\"2025-06-06T07:36:52+00:00\",\"breadcrumb\":{\"@id\":\"https:\\\/\\\/kem-europe.eu\\\/product\\\/keyang-mc18bl-accu-multitool-18v-2-0-ah\\\/#breadcrumb\"},\"inLanguage\":\"de\",\"potentialAction\":[{\"@type\":\"ReadAction\",\"target\":[\"https:\\\/\\\/kem-europe.eu\\\/product\\\/keyang-mc18bl-accu-multitool-18v-2-0-ah\\\/\"]}]},{\"@type\":\"ImageObject\",\"inLanguage\":\"de\",\"@id\":\"https:\\\/\\\/kem-europe.eu\\\/product\\\/keyang-mc18bl-accu-multitool-18v-2-0-ah\\\/#primaryimage\",\"url\":\"https:\\\/\\\/kem-europe.eu\\\/wp-content\\\/uploads\\\/2025\\\/02\\\/MC18BL20_02_72DPI_TR.png\",\"contentUrl\":\"https:\\\/\\\/kem-europe.eu\\\/wp-content\\\/uploads\\\/2025\\\/02\\\/MC18BL20_02_72DPI_TR.png\",\"width\":700,\"height\":700},{\"@type\":\"BreadcrumbList\",\"@id\":\"https:\\\/\\\/kem-europe.eu\\\/product\\\/keyang-mc18bl-accu-multitool-18v-2-0-ah\\\/#breadcrumb\",\"itemListElement\":[{\"@type\":\"ListItem\",\"position\":1,\"name\":\"Home\",\"item\":\"https:\\\/\\\/kem-europe.eu\\\/\"},{\"@type\":\"ListItem\",\"position\":2,\"name\":\"Winkel\",\"item\":\"https:\\\/\\\/kem-europe.eu\\\/winkel\\\/\"},{\"@type\":\"ListItem\",\"position\":3,\"name\":\"Keyang MC18BL Accu Multitool &#8211; 18V 2.0 Ah\"}]},{\"@type\":\"WebSite\",\"@id\":\"https:\\\/\\\/kem-europe.eu\\\/#website\",\"url\":\"https:\\\/\\\/kem-europe.eu\\\/\",\"name\":\"KEM Europe\",\"description\":\"\",\"publisher\":{\"@id\":\"https:\\\/\\\/kem-europe.eu\\\/#organization\"},\"potentialAction\":[{\"@type\":\"SearchAction\",\"target\":{\"@type\":\"EntryPoint\",\"urlTemplate\":\"https:\\\/\\\/kem-europe.eu\\\/?s={search_term_string}\"},\"query-input\":{\"@type\":\"PropertyValueSpecification\",\"valueRequired\":true,\"valueName\":\"search_term_string\"}}],\"inLanguage\":\"de\"},{\"@type\":\"Organization\",\"@id\":\"https:\\\/\\\/kem-europe.eu\\\/#organization\",\"name\":\"KEM Europe\",\"url\":\"https:\\\/\\\/kem-europe.eu\\\/\",\"logo\":{\"@type\":\"ImageObject\",\"inLanguage\":\"de\",\"@id\":\"https:\\\/\\\/kem-europe.eu\\\/#\\\/schema\\\/logo\\\/image\\\/\",\"url\":\"https:\\\/\\\/kem-europe.eu\\\/wp-content\\\/uploads\\\/2025\\\/02\\\/KEM2019-BLACK-1500W.png\",\"contentUrl\":\"https:\\\/\\\/kem-europe.eu\\\/wp-content\\\/uploads\\\/2025\\\/02\\\/KEM2019-BLACK-1500W.png\",\"width\":1500,\"height\":626,\"caption\":\"KEM Europe\"},\"image\":{\"@id\":\"https:\\\/\\\/kem-europe.eu\\\/#\\\/schema\\\/logo\\\/image\\\/\"}}]}<\/script>\n<!-- \/ Yoast SEO plugin. -->","yoast_head_json":{"title":"Keyang MC18BL Akku-Multitool - 18V 2.0 Ah - KEM Europe","robots":{"index":"index","follow":"follow","max-snippet":"max-snippet:-1","max-image-preview":"max-image-preview:large","max-video-preview":"max-video-preview:-1"},"canonical":"https:\/\/kem-europe.eu\/de\/produkt\/keyang-mc18bl-akku-multitool-18v-2-0ah\/","og_locale":"de_DE","og_type":"article","og_title":"Keyang MC18BL Accu Multitool - 18V 2.0 Ah - KEM Europe","og_description":"Dubbele isolatie Lichtgewicht   Elektrische rem Kunststof koffer     BLDC-Motor Constant speed    Leveringsomvang   Keyang MC18BL Accu Multitool - 18V 2.0 Ah  2x Accu 18V Li-ion 2.0Ah  1x Oplader  Geleverd in koffer","og_url":"https:\/\/kem-europe.eu\/de\/produkt\/keyang-mc18bl-akku-multitool-18v-2-0ah\/","og_site_name":"KEM Europe","article_modified_time":"2025-06-06T07:36:52+00:00","og_image":[{"width":700,"height":700,"url":"https:\/\/kem-europe.eu\/wp-content\/uploads\/2025\/02\/MC18BL20_02_72DPI_TR.png","type":"image\/png"}],"twitter_card":"summary_large_image","twitter_misc":{"Gesch\u00e4tzte Lesezeit":"2\u00a0Minuten"},"schema":{"@context":"https:\/\/schema.org","@graph":[{"@type":"WebPage","@id":"https:\/\/kem-europe.eu\/product\/keyang-mc18bl-accu-multitool-18v-2-0-ah\/","url":"https:\/\/kem-europe.eu\/product\/keyang-mc18bl-accu-multitool-18v-2-0-ah\/","name":"Keyang MC18BL Akku-Multitool - 18V 2.0 Ah - KEM Europe","isPartOf":{"@id":"https:\/\/kem-europe.eu\/#website"},"primaryImageOfPage":{"@id":"https:\/\/kem-europe.eu\/product\/keyang-mc18bl-accu-multitool-18v-2-0-ah\/#primaryimage"},"image":{"@id":"https:\/\/kem-europe.eu\/product\/keyang-mc18bl-accu-multitool-18v-2-0-ah\/#primaryimage"},"thumbnailUrl":"https:\/\/kem-europe.eu\/wp-content\/uploads\/2025\/02\/MC18BL20_02_72DPI_TR.png","datePublished":"2025-02-27T08:08:34+00:00","dateModified":"2025-06-06T07:36:52+00:00","breadcrumb":{"@id":"https:\/\/kem-europe.eu\/product\/keyang-mc18bl-accu-multitool-18v-2-0-ah\/#breadcrumb"},"inLanguage":"de","potentialAction":[{"@type":"ReadAction","target":["https:\/\/kem-europe.eu\/product\/keyang-mc18bl-accu-multitool-18v-2-0-ah\/"]}]},{"@type":"ImageObject","inLanguage":"de","@id":"https:\/\/kem-europe.eu\/product\/keyang-mc18bl-accu-multitool-18v-2-0-ah\/#primaryimage","url":"https:\/\/kem-europe.eu\/wp-content\/uploads\/2025\/02\/MC18BL20_02_72DPI_TR.png","contentUrl":"https:\/\/kem-europe.eu\/wp-content\/uploads\/2025\/02\/MC18BL20_02_72DPI_TR.png","width":700,"height":700},{"@type":"BreadcrumbList","@id":"https:\/\/kem-europe.eu\/product\/keyang-mc18bl-accu-multitool-18v-2-0-ah\/#breadcrumb","itemListElement":[{"@type":"ListItem","position":1,"name":"Home","item":"https:\/\/kem-europe.eu\/"},{"@type":"ListItem","position":2,"name":"Winkel","item":"https:\/\/kem-europe.eu\/winkel\/"},{"@type":"ListItem","position":3,"name":"Keyang MC18BL Accu Multitool &#8211; 18V 2.0 Ah"}]},{"@type":"WebSite","@id":"https:\/\/kem-europe.eu\/#website","url":"https:\/\/kem-europe.eu\/","name":"KEM Europe","description":"","publisher":{"@id":"https:\/\/kem-europe.eu\/#organization"},"potentialAction":[{"@type":"SearchAction","target":{"@type":"EntryPoint","urlTemplate":"https:\/\/kem-europe.eu\/?s={search_term_string}"},"query-input":{"@type":"PropertyValueSpecification","valueRequired":true,"valueName":"search_term_string"}}],"inLanguage":"de"},{"@type":"Organization","@id":"https:\/\/kem-europe.eu\/#organization","name":"KEM Europe","url":"https:\/\/kem-europe.eu\/","logo":{"@type":"ImageObject","inLanguage":"de","@id":"https:\/\/kem-europe.eu\/#\/schema\/logo\/image\/","url":"https:\/\/kem-europe.eu\/wp-content\/uploads\/2025\/02\/KEM2019-BLACK-1500W.png","contentUrl":"https:\/\/kem-europe.eu\/wp-content\/uploads\/2025\/02\/KEM2019-BLACK-1500W.png","width":1500,"height":626,"caption":"KEM Europe"},"image":{"@id":"https:\/\/kem-europe.eu\/#\/schema\/logo\/image\/"}}]}},"_links":{"self":[{"href":"https:\/\/kem-europe.eu\/de\/wp-json\/wp\/v2\/product\/250","targetHints":{"allow":["GET"]}}],"collection":[{"href":"https:\/\/kem-europe.eu\/de\/wp-json\/wp\/v2\/product"}],"about":[{"href":"https:\/\/kem-europe.eu\/de\/wp-json\/wp\/v2\/types\/product"}],"replies":[{"embeddable":true,"href":"https:\/\/kem-europe.eu\/de\/wp-json\/wp\/v2\/comments?post=250"}],"wp:featuredmedia":[{"embeddable":true,"href":"https:\/\/kem-europe.eu\/de\/wp-json\/wp\/v2\/media\/331"}],"wp:attachment":[{"href":"https:\/\/kem-europe.eu\/de\/wp-json\/wp\/v2\/media?parent=250"}],"wp:term":[{"taxonomy":"product_brand","embeddable":true,"href":"https:\/\/kem-europe.eu\/de\/wp-json\/wp\/v2\/product_brand?post=250"},{"taxonomy":"product_cat","embeddable":true,"href":"https:\/\/kem-europe.eu\/de\/wp-json\/wp\/v2\/product_cat?post=250"},{"taxonomy":"product_tag","embeddable":true,"href":"https:\/\/kem-europe.eu\/de\/wp-json\/wp\/v2\/product_tag?post=250"}],"curies":[{"name":"wp","href":"https:\/\/api.w.org\/{rel}","templated":true}]}}