{"id":251,"date":"2025-02-27T08:08:35","date_gmt":"2025-02-27T08:08:35","guid":{"rendered":"https:\/\/kem-europe.eu\/?post_type=product&#038;p=251"},"modified":"2025-06-06T06:50:21","modified_gmt":"2025-06-06T06:50:21","slug":"keyang-dg18bl125s-akku-winkelschleifer-18v-5-0ah","status":"publish","type":"product","link":"https:\/\/kem-europe.eu\/de\/product\/keyang-dg18bl125s-accu-haakse-slijper-18v-50ah\/","title":{"rendered":"Keyang DG18BL125S Akku-Winkelschleifer - 18V 5.0Ah"},"content":{"rendered":"<p><strong>Eigenschaften Keyang DG18BL 125S Accu-Winkelschleifer - 18V - 5.0 Ah<\/strong><\/p>\n<ul>\n<li>Leistungsstarker b\u00fcrstenloser Gleichstrommotor f\u00fcr l\u00e4ngere Lebensdauer und bessere Effizienz<\/li>\n<li>\u00dcberlastungsschutz<\/li>\n<li>Verbesserte staub- und witterungsbest\u00e4ndige Leistung<\/li>\n<li>Sicherheit neu starten<\/li>\n<li>Sanfter Start<\/li>\n<li>Elektrische Bremse<\/li>\n<li>Batterieanzeige<\/li>\n<li>Ladeger\u00e4t (50 min)<\/li>\n<\/ul>\n<p><strong>Technische Daten<\/strong><\/p>\n<ul>\n<li>Spannung - 18V<\/li>\n<li>Ampere - 5.0Ah<\/li>\n<li>Leerlaufdrehzahl - 8.500 U\/min<\/li>\n<li>Gewicht - 2,4 kg<\/li>\n<li>Durchmesser - 125 mm<\/li>\n<li>Ansaugung - M14<\/li>\n<\/ul>\n<p><strong>Umfang der Lieferung<\/strong><\/p>\n<ul>\n<li>Winkelschleifer Accu Keyang DG18BL125S\n<ul>\n<li>2 x 5,0 Ah Akku<\/li>\n<li>1x Ladeger\u00e4t<\/li>\n<li>1x Seitengriff<\/li>\n<li>1x Schraubenschl\u00fcssel<\/li>\n<li>Geliefert im Kunststoffkoffer<\/li>\n<\/ul>\n<\/li>\n<\/ul>","protected":false},"excerpt":{"rendered":"<p><span style=\"font-size: 30px;\"><strong>\u00dcber Keyang\u00a0<\/strong><\/span><\/p>\n<p>Die koreanische Marke stellt seit \u00fcber 40 Jahren hochwertige Bau- und Industriemaschinen her. Seit mehr als 25 Jahren produziert sie auch f\u00fcr mehrere A-Marken auf dem europ\u00e4ischen Markt (u.a. Kress &amp; Spit). Keyang \u00fcbertrumpft seine Konkurrenten, indem es hervorragende Qualit\u00e4t zu einem fairen Preis liefert. Von seiner Position als Marktf\u00fchrer auf dem koreanischen Markt hat das Unternehmen nun begonnen, sich auch auf den europ\u00e4ischen Markt zu konzentrieren. In relativ kurzer Zeit hat sich die koreanische Marke zu einer vertrauensw\u00fcrdigen Marke auf der Baustelle entwickelt. Das hat nichts mit ausgekl\u00fcgeltem Marketing zu tun, sondern vor allem mit\u00a0<em>Wahrnehmung.<\/em><\/p>\n<table>\n<tbody>\n<tr>\n<td class=\"echotable\">BLDC-Motor<\/td>\n<td class=\"echotable\">Leichtgewicht<\/td>\n<\/tr>\n<tr>\n<td class=\"echotable\">Elektrische Bremse<\/td>\n<td class=\"echotable\">Kunststoffgeh\u00e4use<\/td>\n<\/tr>\n<\/tbody>\n<tbody>\n<tr>\n<td class=\"echotable\">Konstante Geschwindigkeit<\/td>\n<\/tr>\n<\/tbody>\n<\/table>\n<p>&nbsp;<\/p>","protected":false},"featured_media":333,"comment_status":"closed","ping_status":"closed","template":"","meta":[],"product_brand":[624],"product_cat":[69,54],"product_tag":[],"class_list":{"0":"post-251","1":"product","2":"type-product","3":"status-publish","4":"has-post-thumbnail","6":"product_brand-keyang","7":"product_cat-accu-haakse-slijper","8":"product_cat-accu-machines","10":"first","11":"instock","12":"product-type-simple"},"ct_brands":[{"id":624,"name":"KEYANG","slug":"keyang"}],"yoast_head":"<!-- This site is optimized with the Yoast SEO plugin v27.3 - https:\/\/yoast.com\/product\/yoast-seo-wordpress\/ -->\n<title>Haakse Slijper Accu Keyang DG18BL125S 18V 5,0Ah l KEM-EUROPE<\/title>\n<meta name=\"description\" content=\"Haakse Slijper Accu Keyang DG18BL125S 18V 5,0Ah - Krachtige koolborstelloze DC-motor voor een langere levensduur en betere effici\u00ebntie!\" \/>\n<meta name=\"robots\" content=\"index, follow, max-snippet:-1, max-image-preview:large, max-video-preview:-1\" \/>\n<link rel=\"canonical\" href=\"https:\/\/kem-europe.eu\/de\/produkt\/keyang-dg18bl125s-akku-winkelschleifer-18v-5-0ah\/\" \/>\n<meta property=\"og:locale\" content=\"de_DE\" \/>\n<meta property=\"og:type\" content=\"article\" \/>\n<meta property=\"og:title\" content=\"Haakse Slijper Accu Keyang DG18BL125S 18V 5,0Ah l KEM-EUROPE\" \/>\n<meta property=\"og:description\" content=\"Haakse Slijper Accu Keyang DG18BL125S 18V 5,0Ah - Krachtige koolborstelloze DC-motor voor een langere levensduur en betere effici\u00ebntie!\" \/>\n<meta property=\"og:url\" content=\"https:\/\/kem-europe.eu\/de\/produkt\/keyang-dg18bl125s-akku-winkelschleifer-18v-5-0ah\/\" \/>\n<meta property=\"og:site_name\" content=\"KEM Europe\" \/>\n<meta property=\"article:modified_time\" content=\"2025-06-06T06:50:21+00:00\" \/>\n<meta property=\"og:image\" content=\"https:\/\/kem-europe.eu\/wp-content\/uploads\/2025\/02\/DG18BL125S_01_72DPI_TR.png\" \/>\n\t<meta property=\"og:image:width\" content=\"700\" \/>\n\t<meta property=\"og:image:height\" content=\"700\" \/>\n\t<meta property=\"og:image:type\" content=\"image\/png\" \/>\n<meta name=\"twitter:card\" content=\"summary_large_image\" \/>\n<meta name=\"twitter:label1\" content=\"Gesch\u00e4tzte Lesezeit\" \/>\n\t<meta name=\"twitter:data1\" content=\"1\u00a0Minute\" \/>\n<script type=\"application\/ld+json\" class=\"yoast-schema-graph\">{\"@context\":\"https:\\\/\\\/schema.org\",\"@graph\":[{\"@type\":\"WebPage\",\"@id\":\"https:\\\/\\\/kem-europe.eu\\\/product\\\/keyang-dg18bl125s-accu-haakse-slijper-18v-50ah\\\/\",\"url\":\"https:\\\/\\\/kem-europe.eu\\\/product\\\/keyang-dg18bl125s-accu-haakse-slijper-18v-50ah\\\/\",\"name\":\"Haakse Slijper Accu Keyang DG18BL125S 18V 5,0Ah l KEM-EUROPE\",\"isPartOf\":{\"@id\":\"https:\\\/\\\/kem-europe.eu\\\/#website\"},\"primaryImageOfPage\":{\"@id\":\"https:\\\/\\\/kem-europe.eu\\\/product\\\/keyang-dg18bl125s-accu-haakse-slijper-18v-50ah\\\/#primaryimage\"},\"image\":{\"@id\":\"https:\\\/\\\/kem-europe.eu\\\/product\\\/keyang-dg18bl125s-accu-haakse-slijper-18v-50ah\\\/#primaryimage\"},\"thumbnailUrl\":\"https:\\\/\\\/kem-europe.eu\\\/wp-content\\\/uploads\\\/2025\\\/02\\\/DG18BL125S_01_72DPI_TR.png\",\"datePublished\":\"2025-02-27T08:08:35+00:00\",\"dateModified\":\"2025-06-06T06:50:21+00:00\",\"description\":\"Haakse Slijper Accu Keyang DG18BL125S 18V 5,0Ah - Krachtige koolborstelloze DC-motor voor een langere levensduur en betere effici\u00ebntie!\",\"breadcrumb\":{\"@id\":\"https:\\\/\\\/kem-europe.eu\\\/product\\\/keyang-dg18bl125s-accu-haakse-slijper-18v-50ah\\\/#breadcrumb\"},\"inLanguage\":\"de\",\"potentialAction\":[{\"@type\":\"ReadAction\",\"target\":[\"https:\\\/\\\/kem-europe.eu\\\/product\\\/keyang-dg18bl125s-accu-haakse-slijper-18v-50ah\\\/\"]}]},{\"@type\":\"ImageObject\",\"inLanguage\":\"de\",\"@id\":\"https:\\\/\\\/kem-europe.eu\\\/product\\\/keyang-dg18bl125s-accu-haakse-slijper-18v-50ah\\\/#primaryimage\",\"url\":\"https:\\\/\\\/kem-europe.eu\\\/wp-content\\\/uploads\\\/2025\\\/02\\\/DG18BL125S_01_72DPI_TR.png\",\"contentUrl\":\"https:\\\/\\\/kem-europe.eu\\\/wp-content\\\/uploads\\\/2025\\\/02\\\/DG18BL125S_01_72DPI_TR.png\",\"width\":700,\"height\":700},{\"@type\":\"BreadcrumbList\",\"@id\":\"https:\\\/\\\/kem-europe.eu\\\/product\\\/keyang-dg18bl125s-accu-haakse-slijper-18v-50ah\\\/#breadcrumb\",\"itemListElement\":[{\"@type\":\"ListItem\",\"position\":1,\"name\":\"Home\",\"item\":\"https:\\\/\\\/kem-europe.eu\\\/\"},{\"@type\":\"ListItem\",\"position\":2,\"name\":\"Winkel\",\"item\":\"https:\\\/\\\/kem-europe.eu\\\/winkel\\\/\"},{\"@type\":\"ListItem\",\"position\":3,\"name\":\"Keyang DG18BL125S Accu Haakse Slijper \u2013 18V 5,0Ah\"}]},{\"@type\":\"WebSite\",\"@id\":\"https:\\\/\\\/kem-europe.eu\\\/#website\",\"url\":\"https:\\\/\\\/kem-europe.eu\\\/\",\"name\":\"KEM Europe\",\"description\":\"\",\"publisher\":{\"@id\":\"https:\\\/\\\/kem-europe.eu\\\/#organization\"},\"potentialAction\":[{\"@type\":\"SearchAction\",\"target\":{\"@type\":\"EntryPoint\",\"urlTemplate\":\"https:\\\/\\\/kem-europe.eu\\\/?s={search_term_string}\"},\"query-input\":{\"@type\":\"PropertyValueSpecification\",\"valueRequired\":true,\"valueName\":\"search_term_string\"}}],\"inLanguage\":\"de\"},{\"@type\":\"Organization\",\"@id\":\"https:\\\/\\\/kem-europe.eu\\\/#organization\",\"name\":\"KEM Europe\",\"url\":\"https:\\\/\\\/kem-europe.eu\\\/\",\"logo\":{\"@type\":\"ImageObject\",\"inLanguage\":\"de\",\"@id\":\"https:\\\/\\\/kem-europe.eu\\\/#\\\/schema\\\/logo\\\/image\\\/\",\"url\":\"https:\\\/\\\/kem-europe.eu\\\/wp-content\\\/uploads\\\/2025\\\/02\\\/KEM2019-BLACK-1500W.png\",\"contentUrl\":\"https:\\\/\\\/kem-europe.eu\\\/wp-content\\\/uploads\\\/2025\\\/02\\\/KEM2019-BLACK-1500W.png\",\"width\":1500,\"height\":626,\"caption\":\"KEM Europe\"},\"image\":{\"@id\":\"https:\\\/\\\/kem-europe.eu\\\/#\\\/schema\\\/logo\\\/image\\\/\"}}]}<\/script>\n<!-- \/ Yoast SEO plugin. -->","yoast_head_json":{"title":"Winkelschleifer Accu Keyang DG18BL125S 18V 5.0Ah l KEM-EUROPE","description":"Winkelschleifer Accu Keyang DG18BL125S 18V 5.0Ah - Leistungsstarker b\u00fcrstenloser DC-Motor f\u00fcr l\u00e4ngere Lebensdauer und bessere Effizienz!","robots":{"index":"index","follow":"follow","max-snippet":"max-snippet:-1","max-image-preview":"max-image-preview:large","max-video-preview":"max-video-preview:-1"},"canonical":"https:\/\/kem-europe.eu\/de\/produkt\/keyang-dg18bl125s-akku-winkelschleifer-18v-5-0ah\/","og_locale":"de_DE","og_type":"article","og_title":"Haakse Slijper Accu Keyang DG18BL125S 18V 5,0Ah l KEM-EUROPE","og_description":"Haakse Slijper Accu Keyang DG18BL125S 18V 5,0Ah - Krachtige koolborstelloze DC-motor voor een langere levensduur en betere effici\u00ebntie!","og_url":"https:\/\/kem-europe.eu\/de\/produkt\/keyang-dg18bl125s-akku-winkelschleifer-18v-5-0ah\/","og_site_name":"KEM Europe","article_modified_time":"2025-06-06T06:50:21+00:00","og_image":[{"width":700,"height":700,"url":"https:\/\/kem-europe.eu\/wp-content\/uploads\/2025\/02\/DG18BL125S_01_72DPI_TR.png","type":"image\/png"}],"twitter_card":"summary_large_image","twitter_misc":{"Gesch\u00e4tzte Lesezeit":"1\u00a0Minute"},"schema":{"@context":"https:\/\/schema.org","@graph":[{"@type":"WebPage","@id":"https:\/\/kem-europe.eu\/product\/keyang-dg18bl125s-accu-haakse-slijper-18v-50ah\/","url":"https:\/\/kem-europe.eu\/product\/keyang-dg18bl125s-accu-haakse-slijper-18v-50ah\/","name":"Winkelschleifer Accu Keyang DG18BL125S 18V 5.0Ah l KEM-EUROPE","isPartOf":{"@id":"https:\/\/kem-europe.eu\/#website"},"primaryImageOfPage":{"@id":"https:\/\/kem-europe.eu\/product\/keyang-dg18bl125s-accu-haakse-slijper-18v-50ah\/#primaryimage"},"image":{"@id":"https:\/\/kem-europe.eu\/product\/keyang-dg18bl125s-accu-haakse-slijper-18v-50ah\/#primaryimage"},"thumbnailUrl":"https:\/\/kem-europe.eu\/wp-content\/uploads\/2025\/02\/DG18BL125S_01_72DPI_TR.png","datePublished":"2025-02-27T08:08:35+00:00","dateModified":"2025-06-06T06:50:21+00:00","description":"Winkelschleifer Accu Keyang DG18BL125S 18V 5.0Ah - Leistungsstarker b\u00fcrstenloser DC-Motor f\u00fcr l\u00e4ngere Lebensdauer und bessere Effizienz!","breadcrumb":{"@id":"https:\/\/kem-europe.eu\/product\/keyang-dg18bl125s-accu-haakse-slijper-18v-50ah\/#breadcrumb"},"inLanguage":"de","potentialAction":[{"@type":"ReadAction","target":["https:\/\/kem-europe.eu\/product\/keyang-dg18bl125s-accu-haakse-slijper-18v-50ah\/"]}]},{"@type":"ImageObject","inLanguage":"de","@id":"https:\/\/kem-europe.eu\/product\/keyang-dg18bl125s-accu-haakse-slijper-18v-50ah\/#primaryimage","url":"https:\/\/kem-europe.eu\/wp-content\/uploads\/2025\/02\/DG18BL125S_01_72DPI_TR.png","contentUrl":"https:\/\/kem-europe.eu\/wp-content\/uploads\/2025\/02\/DG18BL125S_01_72DPI_TR.png","width":700,"height":700},{"@type":"BreadcrumbList","@id":"https:\/\/kem-europe.eu\/product\/keyang-dg18bl125s-accu-haakse-slijper-18v-50ah\/#breadcrumb","itemListElement":[{"@type":"ListItem","position":1,"name":"Home","item":"https:\/\/kem-europe.eu\/"},{"@type":"ListItem","position":2,"name":"Winkel","item":"https:\/\/kem-europe.eu\/winkel\/"},{"@type":"ListItem","position":3,"name":"Keyang DG18BL125S Accu Haakse Slijper \u2013 18V 5,0Ah"}]},{"@type":"WebSite","@id":"https:\/\/kem-europe.eu\/#website","url":"https:\/\/kem-europe.eu\/","name":"KEM Europe","description":"","publisher":{"@id":"https:\/\/kem-europe.eu\/#organization"},"potentialAction":[{"@type":"SearchAction","target":{"@type":"EntryPoint","urlTemplate":"https:\/\/kem-europe.eu\/?s={search_term_string}"},"query-input":{"@type":"PropertyValueSpecification","valueRequired":true,"valueName":"search_term_string"}}],"inLanguage":"de"},{"@type":"Organization","@id":"https:\/\/kem-europe.eu\/#organization","name":"KEM Europe","url":"https:\/\/kem-europe.eu\/","logo":{"@type":"ImageObject","inLanguage":"de","@id":"https:\/\/kem-europe.eu\/#\/schema\/logo\/image\/","url":"https:\/\/kem-europe.eu\/wp-content\/uploads\/2025\/02\/KEM2019-BLACK-1500W.png","contentUrl":"https:\/\/kem-europe.eu\/wp-content\/uploads\/2025\/02\/KEM2019-BLACK-1500W.png","width":1500,"height":626,"caption":"KEM Europe"},"image":{"@id":"https:\/\/kem-europe.eu\/#\/schema\/logo\/image\/"}}]}},"_links":{"self":[{"href":"https:\/\/kem-europe.eu\/de\/wp-json\/wp\/v2\/product\/251","targetHints":{"allow":["GET"]}}],"collection":[{"href":"https:\/\/kem-europe.eu\/de\/wp-json\/wp\/v2\/product"}],"about":[{"href":"https:\/\/kem-europe.eu\/de\/wp-json\/wp\/v2\/types\/product"}],"replies":[{"embeddable":true,"href":"https:\/\/kem-europe.eu\/de\/wp-json\/wp\/v2\/comments?post=251"}],"wp:featuredmedia":[{"embeddable":true,"href":"https:\/\/kem-europe.eu\/de\/wp-json\/wp\/v2\/media\/333"}],"wp:attachment":[{"href":"https:\/\/kem-europe.eu\/de\/wp-json\/wp\/v2\/media?parent=251"}],"wp:term":[{"taxonomy":"product_brand","embeddable":true,"href":"https:\/\/kem-europe.eu\/de\/wp-json\/wp\/v2\/product_brand?post=251"},{"taxonomy":"product_cat","embeddable":true,"href":"https:\/\/kem-europe.eu\/de\/wp-json\/wp\/v2\/product_cat?post=251"},{"taxonomy":"product_tag","embeddable":true,"href":"https:\/\/kem-europe.eu\/de\/wp-json\/wp\/v2\/product_tag?post=251"}],"curies":[{"name":"wp","href":"https:\/\/api.w.org\/{rel}","templated":true}]}}